{"id":129474,"date":"2025-04-23T11:45:40","date_gmt":"2025-04-23T08:45:40","guid":{"rendered":"https:\/\/shop.noor.fi\/product\/evoke-l-vaggarmatur-vit-opal\/"},"modified":"2026-05-06T16:56:19","modified_gmt":"2026-05-06T13:56:19","slug":"evoke-l-vaggarmatur-vit-opal","status":"publish","type":"product","link":"https:\/\/shop.noor.fi\/sv\/produkt\/evoke-l-vaggarmatur-vit-opal\/","title":{"rendered":"Evoke L v\u00e4ggarmatur vit\/opal"},"content":{"rendered":"<p>Evoke v\u00e4gglampa \u00e4r den perfekta kombinationen av funktionalitet och stilren design. Med sitt minimalistiska utseende sm\u00e4lter den enkelt in i olika inredningsstilar, fr\u00e5n skandinavisk enkelhet till industriell elegans. Dess ljus sprids mjukt och diffust, vilket skapar en varm och inbjudande atmosf\u00e4r i rummet. Den smarta konstruktionen med b\u00e5de upp- och nerljus g\u00f6r den till ett utm\u00e4rkt val f\u00f6r att belysa din hall, vardagsrum eller sovrum p\u00e5 ett subtilt men effektfullt s\u00e4tt. Om du s\u00f6ker en armatur f\u00f6r badrummet kan Evoke enkelt anpassas till IP44-klassning.<br \/>\n2 meter l\u00e5ng sladd med str\u00f6mbrytare.<br \/>\nG9, max 5W. Ljusk\u00e4lla ing\u00e5r ej.<\/p>\n<p>Bredd 12 cm<br \/>\nDjup 16 cm<br \/>\nH\u00f6jd 18 cm<br \/>\nV\u00e4ggf\u00e4ste 8 x 8 cm<\/p>\n","protected":false},"excerpt":{"rendered":"<p>Evoke v\u00e4gglampa \u00e4r den perfekta kombinationen av funktionalitet och stilren design. Med sitt minimalistiska utseende sm\u00e4lter den enkelt in i olika inredningsstilar, fr\u00e5n skandinavisk enkelhet till industriell elegans. Dess ljus sprids mjukt och diffust, vilket skapar en varm och inbjudande atmosf\u00e4r i rummet. Den smarta konstruktionen med b\u00e5de upp- och nerljus g\u00f6r den till ett [&hellip;]<\/p>\n","protected":false},"featured_media":129511,"comment_status":"open","ping_status":"closed","template":"","meta":{"_acf_changed":false,"_relevanssi_hide_post":"","_relevanssi_hide_content":"","_relevanssi_pin_for_all":"","_relevanssi_pin_keywords":"","_relevanssi_unpin_keywords":"","_relevanssi_related_keywords":"","_relevanssi_related_include_ids":"","_relevanssi_related_exclude_ids":"","_relevanssi_related_no_append":"","_relevanssi_related_not_related":"","_relevanssi_related_posts":"","_relevanssi_noindex_reason":""},"pwb-brand":[28735],"product_brand":[],"product_cat":[32120,32122],"product_tag":[],"class_list":{"0":"post-129474","1":"product","2":"type-product","3":"status-publish","4":"has-post-thumbnail","6":"pwb-brand-herstal","7":"product_cat-vagglampor","8":"product_cat-vagglampor-till-badrummet","10":"first","11":"onbackorder","12":"taxable","13":"shipping-taxable","14":"purchasable","15":"product-type-simple"},"acf":[],"yoast_head":"<!-- This site is optimized with the Yoast SEO plugin v27.5 - https:\/\/yoast.com\/product\/yoast-seo-wordpress\/ -->\n<title>Evoke L v\u00e4ggarmatur vit\/opal - Oy Noortrade Ab<\/title>\n<meta name=\"robots\" content=\"index, follow, max-snippet:-1, max-image-preview:large, max-video-preview:-1\" \/>\n<link rel=\"canonical\" href=\"https:\/\/shop.noor.fi\/sv\/produkt\/evoke-l-vaggarmatur-vit-opal\/\" \/>\n<meta property=\"og:locale\" content=\"sv_SE\" \/>\n<meta property=\"og:type\" content=\"article\" \/>\n<meta property=\"og:title\" content=\"Evoke L v\u00e4ggarmatur vit\/opal - Oy Noortrade Ab\" \/>\n<meta property=\"og:description\" content=\"Evoke v\u00e4gglampa \u00e4r den perfekta kombinationen av funktionalitet och stilren design. Med sitt minimalistiska utseende sm\u00e4lter den enkelt in i olika inredningsstilar, fr\u00e5n skandinavisk enkelhet till industriell elegans. Dess ljus sprids mjukt och diffust, vilket skapar en varm och inbjudande atmosf\u00e4r i rummet. Den smarta konstruktionen med b\u00e5de upp- och nerljus g\u00f6r den till ett [&hellip;]\" \/>\n<meta property=\"og:url\" content=\"https:\/\/shop.noor.fi\/sv\/produkt\/evoke-l-vaggarmatur-vit-opal\/\" \/>\n<meta property=\"og:site_name\" content=\"Oy Noortrade Ab\" \/>\n<meta property=\"article:modified_time\" content=\"2026-05-06T13:56:19+00:00\" \/>\n<meta property=\"og:image\" content=\"https:\/\/shop.noor.fi\/wp-content\/uploads\/2025\/04\/7391534021412.jpg\" \/>\n\t<meta property=\"og:image:width\" content=\"1210\" \/>\n\t<meta property=\"og:image:height\" content=\"1210\" \/>\n\t<meta property=\"og:image:type\" content=\"image\/jpeg\" \/>\n<meta name=\"twitter:card\" content=\"summary_large_image\" \/>\n<meta name=\"twitter:label1\" content=\"Ber\u00e4knad l\u00e4stid\" \/>\n\t<meta name=\"twitter:data1\" content=\"1 minut\" \/>\n<script type=\"application\/ld+json\" class=\"yoast-schema-graph\">{\"@context\":\"https:\\\/\\\/schema.org\",\"@graph\":[{\"@type\":\"WebPage\",\"@id\":\"https:\\\/\\\/shop.noor.fi\\\/sv\\\/produkt\\\/evoke-l-vaggarmatur-vit-opal\\\/\",\"url\":\"https:\\\/\\\/shop.noor.fi\\\/sv\\\/produkt\\\/evoke-l-vaggarmatur-vit-opal\\\/\",\"name\":\"Evoke L v\u00e4ggarmatur vit\\\/opal - Oy Noortrade Ab\",\"isPartOf\":{\"@id\":\"https:\\\/\\\/shopnoorfi-wp31835.test.cchosting.fi\\\/#website\"},\"primaryImageOfPage\":{\"@id\":\"https:\\\/\\\/shop.noor.fi\\\/sv\\\/produkt\\\/evoke-l-vaggarmatur-vit-opal\\\/#primaryimage\"},\"image\":{\"@id\":\"https:\\\/\\\/shop.noor.fi\\\/sv\\\/produkt\\\/evoke-l-vaggarmatur-vit-opal\\\/#primaryimage\"},\"thumbnailUrl\":\"https:\\\/\\\/shop.noor.fi\\\/wp-content\\\/uploads\\\/2025\\\/04\\\/7391534021412.jpg\",\"datePublished\":\"2025-04-23T08:45:40+00:00\",\"dateModified\":\"2026-05-06T13:56:19+00:00\",\"breadcrumb\":{\"@id\":\"https:\\\/\\\/shop.noor.fi\\\/sv\\\/produkt\\\/evoke-l-vaggarmatur-vit-opal\\\/#breadcrumb\"},\"inLanguage\":\"sv-SE\",\"potentialAction\":[{\"@type\":\"ReadAction\",\"target\":[\"https:\\\/\\\/shop.noor.fi\\\/sv\\\/produkt\\\/evoke-l-vaggarmatur-vit-opal\\\/\"]}]},{\"@type\":\"ImageObject\",\"inLanguage\":\"sv-SE\",\"@id\":\"https:\\\/\\\/shop.noor.fi\\\/sv\\\/produkt\\\/evoke-l-vaggarmatur-vit-opal\\\/#primaryimage\",\"url\":\"https:\\\/\\\/shop.noor.fi\\\/wp-content\\\/uploads\\\/2025\\\/04\\\/7391534021412.jpg\",\"contentUrl\":\"https:\\\/\\\/shop.noor.fi\\\/wp-content\\\/uploads\\\/2025\\\/04\\\/7391534021412.jpg\",\"width\":1210,\"height\":1210},{\"@type\":\"BreadcrumbList\",\"@id\":\"https:\\\/\\\/shop.noor.fi\\\/sv\\\/produkt\\\/evoke-l-vaggarmatur-vit-opal\\\/#breadcrumb\",\"itemListElement\":[{\"@type\":\"ListItem\",\"position\":1,\"name\":\"Etusivu\",\"item\":\"https:\\\/\\\/shop.noor.fi\\\/sv\\\/\"},{\"@type\":\"ListItem\",\"position\":2,\"name\":\"Butik\",\"item\":\"https:\\\/\\\/shopnoorfi-wp31835.test.cchosting.fi\\\/sv\\\/butik\\\/\"},{\"@type\":\"ListItem\",\"position\":3,\"name\":\"Evoke L v\u00e4ggarmatur vit\\\/opal\"}]},{\"@type\":\"WebSite\",\"@id\":\"https:\\\/\\\/shopnoorfi-wp31835.test.cchosting.fi\\\/#website\",\"url\":\"https:\\\/\\\/shopnoorfi-wp31835.test.cchosting.fi\\\/\",\"name\":\"Oy Noortrade Ab\",\"description\":\"Finnish family owned company with over 30 years of professional experience in lighting &amp; interior products import and sales - reliably.\",\"publisher\":{\"@id\":\"https:\\\/\\\/shopnoorfi-wp31835.test.cchosting.fi\\\/#organization\"},\"potentialAction\":[{\"@type\":\"SearchAction\",\"target\":{\"@type\":\"EntryPoint\",\"urlTemplate\":\"https:\\\/\\\/shopnoorfi-wp31835.test.cchosting.fi\\\/?s={search_term_string}\"},\"query-input\":{\"@type\":\"PropertyValueSpecification\",\"valueRequired\":true,\"valueName\":\"search_term_string\"}}],\"inLanguage\":\"sv-SE\"},{\"@type\":\"Organization\",\"@id\":\"https:\\\/\\\/shopnoorfi-wp31835.test.cchosting.fi\\\/#organization\",\"name\":\"Oy Noortrade Ab\",\"url\":\"https:\\\/\\\/shopnoorfi-wp31835.test.cchosting.fi\\\/\",\"logo\":{\"@type\":\"ImageObject\",\"inLanguage\":\"sv-SE\",\"@id\":\"https:\\\/\\\/shopnoorfi-wp31835.test.cchosting.fi\\\/#\\\/schema\\\/logo\\\/image\\\/\",\"url\":\"https:\\\/\\\/shop.noor.fi\\\/wp-content\\\/uploads\\\/2024\\\/01\\\/Oy-Noortrade-Ab-Corbel-VERSAL-bold-BLACK.png\",\"contentUrl\":\"https:\\\/\\\/shop.noor.fi\\\/wp-content\\\/uploads\\\/2024\\\/01\\\/Oy-Noortrade-Ab-Corbel-VERSAL-bold-BLACK.png\",\"width\":721,\"height\":177,\"caption\":\"Oy Noortrade Ab\"},\"image\":{\"@id\":\"https:\\\/\\\/shopnoorfi-wp31835.test.cchosting.fi\\\/#\\\/schema\\\/logo\\\/image\\\/\"}}]}<\/script>\n<!-- \/ Yoast SEO plugin. -->","yoast_head_json":{"title":"Evoke L v\u00e4ggarmatur vit\/opal - Oy Noortrade Ab","robots":{"index":"index","follow":"follow","max-snippet":"max-snippet:-1","max-image-preview":"max-image-preview:large","max-video-preview":"max-video-preview:-1"},"canonical":"https:\/\/shop.noor.fi\/sv\/produkt\/evoke-l-vaggarmatur-vit-opal\/","og_locale":"sv_SE","og_type":"article","og_title":"Evoke L v\u00e4ggarmatur vit\/opal - Oy Noortrade Ab","og_description":"Evoke v\u00e4gglampa \u00e4r den perfekta kombinationen av funktionalitet och stilren design. Med sitt minimalistiska utseende sm\u00e4lter den enkelt in i olika inredningsstilar, fr\u00e5n skandinavisk enkelhet till industriell elegans. Dess ljus sprids mjukt och diffust, vilket skapar en varm och inbjudande atmosf\u00e4r i rummet. Den smarta konstruktionen med b\u00e5de upp- och nerljus g\u00f6r den till ett [&hellip;]","og_url":"https:\/\/shop.noor.fi\/sv\/produkt\/evoke-l-vaggarmatur-vit-opal\/","og_site_name":"Oy Noortrade Ab","article_modified_time":"2026-05-06T13:56:19+00:00","og_image":[{"width":1210,"height":1210,"url":"https:\/\/shop.noor.fi\/wp-content\/uploads\/2025\/04\/7391534021412.jpg","type":"image\/jpeg"}],"twitter_card":"summary_large_image","twitter_misc":{"Ber\u00e4knad l\u00e4stid":"1 minut"},"schema":{"@context":"https:\/\/schema.org","@graph":[{"@type":"WebPage","@id":"https:\/\/shop.noor.fi\/sv\/produkt\/evoke-l-vaggarmatur-vit-opal\/","url":"https:\/\/shop.noor.fi\/sv\/produkt\/evoke-l-vaggarmatur-vit-opal\/","name":"Evoke L v\u00e4ggarmatur vit\/opal - Oy Noortrade Ab","isPartOf":{"@id":"https:\/\/shopnoorfi-wp31835.test.cchosting.fi\/#website"},"primaryImageOfPage":{"@id":"https:\/\/shop.noor.fi\/sv\/produkt\/evoke-l-vaggarmatur-vit-opal\/#primaryimage"},"image":{"@id":"https:\/\/shop.noor.fi\/sv\/produkt\/evoke-l-vaggarmatur-vit-opal\/#primaryimage"},"thumbnailUrl":"https:\/\/shop.noor.fi\/wp-content\/uploads\/2025\/04\/7391534021412.jpg","datePublished":"2025-04-23T08:45:40+00:00","dateModified":"2026-05-06T13:56:19+00:00","breadcrumb":{"@id":"https:\/\/shop.noor.fi\/sv\/produkt\/evoke-l-vaggarmatur-vit-opal\/#breadcrumb"},"inLanguage":"sv-SE","potentialAction":[{"@type":"ReadAction","target":["https:\/\/shop.noor.fi\/sv\/produkt\/evoke-l-vaggarmatur-vit-opal\/"]}]},{"@type":"ImageObject","inLanguage":"sv-SE","@id":"https:\/\/shop.noor.fi\/sv\/produkt\/evoke-l-vaggarmatur-vit-opal\/#primaryimage","url":"https:\/\/shop.noor.fi\/wp-content\/uploads\/2025\/04\/7391534021412.jpg","contentUrl":"https:\/\/shop.noor.fi\/wp-content\/uploads\/2025\/04\/7391534021412.jpg","width":1210,"height":1210},{"@type":"BreadcrumbList","@id":"https:\/\/shop.noor.fi\/sv\/produkt\/evoke-l-vaggarmatur-vit-opal\/#breadcrumb","itemListElement":[{"@type":"ListItem","position":1,"name":"Etusivu","item":"https:\/\/shop.noor.fi\/sv\/"},{"@type":"ListItem","position":2,"name":"Butik","item":"https:\/\/shopnoorfi-wp31835.test.cchosting.fi\/sv\/butik\/"},{"@type":"ListItem","position":3,"name":"Evoke L v\u00e4ggarmatur vit\/opal"}]},{"@type":"WebSite","@id":"https:\/\/shopnoorfi-wp31835.test.cchosting.fi\/#website","url":"https:\/\/shopnoorfi-wp31835.test.cchosting.fi\/","name":"Oy Noortrade Ab","description":"Finnish family owned company with over 30 years of professional experience in lighting &amp; interior products import and sales - reliably.","publisher":{"@id":"https:\/\/shopnoorfi-wp31835.test.cchosting.fi\/#organization"},"potentialAction":[{"@type":"SearchAction","target":{"@type":"EntryPoint","urlTemplate":"https:\/\/shopnoorfi-wp31835.test.cchosting.fi\/?s={search_term_string}"},"query-input":{"@type":"PropertyValueSpecification","valueRequired":true,"valueName":"search_term_string"}}],"inLanguage":"sv-SE"},{"@type":"Organization","@id":"https:\/\/shopnoorfi-wp31835.test.cchosting.fi\/#organization","name":"Oy Noortrade Ab","url":"https:\/\/shopnoorfi-wp31835.test.cchosting.fi\/","logo":{"@type":"ImageObject","inLanguage":"sv-SE","@id":"https:\/\/shopnoorfi-wp31835.test.cchosting.fi\/#\/schema\/logo\/image\/","url":"https:\/\/shop.noor.fi\/wp-content\/uploads\/2024\/01\/Oy-Noortrade-Ab-Corbel-VERSAL-bold-BLACK.png","contentUrl":"https:\/\/shop.noor.fi\/wp-content\/uploads\/2024\/01\/Oy-Noortrade-Ab-Corbel-VERSAL-bold-BLACK.png","width":721,"height":177,"caption":"Oy Noortrade Ab"},"image":{"@id":"https:\/\/shopnoorfi-wp31835.test.cchosting.fi\/#\/schema\/logo\/image\/"}}]}},"brands":[{"id":28735,"name":"Herstal","slug":"herstal"}],"_links":{"self":[{"href":"https:\/\/shop.noor.fi\/sv\/wp-json\/wp\/v2\/product\/129474","targetHints":{"allow":["GET"]}}],"collection":[{"href":"https:\/\/shop.noor.fi\/sv\/wp-json\/wp\/v2\/product"}],"about":[{"href":"https:\/\/shop.noor.fi\/sv\/wp-json\/wp\/v2\/types\/product"}],"replies":[{"embeddable":true,"href":"https:\/\/shop.noor.fi\/sv\/wp-json\/wp\/v2\/comments?post=129474"}],"wp:featuredmedia":[{"embeddable":true,"href":"https:\/\/shop.noor.fi\/sv\/wp-json\/wp\/v2\/media\/129511"}],"wp:attachment":[{"href":"https:\/\/shop.noor.fi\/sv\/wp-json\/wp\/v2\/media?parent=129474"}],"wp:term":[{"taxonomy":"pwb-brand","embeddable":true,"href":"https:\/\/shop.noor.fi\/sv\/wp-json\/wp\/v2\/pwb-brand?post=129474"},{"taxonomy":"product_brand","embeddable":true,"href":"https:\/\/shop.noor.fi\/sv\/wp-json\/wp\/v2\/product_brand?post=129474"},{"taxonomy":"product_cat","embeddable":true,"href":"https:\/\/shop.noor.fi\/sv\/wp-json\/wp\/v2\/product_cat?post=129474"},{"taxonomy":"product_tag","embeddable":true,"href":"https:\/\/shop.noor.fi\/sv\/wp-json\/wp\/v2\/product_tag?post=129474"}],"curies":[{"name":"wp","href":"https:\/\/api.w.org\/{rel}","templated":true}]}}