{"id":128875,"date":"2025-04-17T12:32:42","date_gmt":"2025-04-17T09:32:42","guid":{"rendered":"https:\/\/shop.noor.fi\/product\/brekstad-julgran-gron-210-cm-med-led\/"},"modified":"2026-03-06T11:28:18","modified_gmt":"2026-03-06T09:28:18","slug":"brekstad-julgran-gron-210-cm-med-led","status":"publish","type":"product","link":"https:\/\/shop.noor.fi\/sv\/produkt\/brekstad-julgran-gron-210-cm-med-led\/","title":{"rendered":"Brekstad julgran gr\u00f6n 210 cm, med LED"},"content":{"rendered":"<p>Brekstad julgran \u00e4r tillverkad av en mix av PE tips och rundklippta samt pilklippta PVC tips, denna mix ger ett t\u00e4tt och lyxigt utseende. Grenarna \u00e4r fastsatta p\u00e5 stammen med g\u00e5ngj\u00e4rn vilket g\u00f6r montering enkel d\u00e5 grenarna faller p\u00e5 r\u00e4tt plats n\u00e4r de olika delarna s\u00e4tts i varandra, det enda som \u00e5terst\u00e5r \u00e4r att vika ut kvistarna till den form man \u00f6nskar antingen upp\u00e5triktade eller mer raka grenar f\u00f6r att f\u00e5 en vacker julgran. Grenarna sitter fast i lager och ger ett naturligt utseende som passar lika bra utomhus som inomhus.<br \/>\nDenna gran har 800 sm\u00e5 led som lyser med varmvitt sken och transformatorn har \u00e4ven timer val, vilket g\u00f6r det m\u00f6jligt att s\u00e4tta lamporna att lysa i 6 timmar och vara sl\u00e4ckt i 18 timmar f\u00f6r att sedan t\u00e4ndas igen n\u00e4sta dag.<br \/>\nSladdl\u00e4ngd 500 cm.<br \/>\nIntegrerad LED, lamporna \u00e4r ej utbytbara.<\/p>\n<p>Gran-konstruktion: paraply<br \/>\nAntal sektioner: 3<\/p>\n<p>Diameter 150 cm<br \/>\nH\u00f6jd 210 cm<\/p>\n","protected":false},"excerpt":{"rendered":"<p>Brekstad julgran \u00e4r tillverkad av en mix av PE tips och rundklippta samt pilklippta PVC tips, denna mix ger ett t\u00e4tt och lyxigt utseende. Grenarna \u00e4r fastsatta p\u00e5 stammen med g\u00e5ngj\u00e4rn vilket g\u00f6r montering enkel d\u00e5 grenarna faller p\u00e5 r\u00e4tt plats n\u00e4r de olika delarna s\u00e4tts i varandra, det enda som \u00e5terst\u00e5r \u00e4r att vika [&hellip;]<\/p>\n","protected":false},"featured_media":129084,"comment_status":"open","ping_status":"closed","template":"","meta":{"_acf_changed":false,"_relevanssi_hide_post":"","_relevanssi_hide_content":"","_relevanssi_pin_for_all":"","_relevanssi_pin_keywords":"","_relevanssi_unpin_keywords":"","_relevanssi_related_keywords":"","_relevanssi_related_include_ids":"","_relevanssi_related_exclude_ids":"","_relevanssi_related_no_append":"","_relevanssi_related_not_related":"","_relevanssi_related_posts":"","_relevanssi_noindex_reason":""},"pwb-brand":[28728],"product_brand":[],"product_cat":[32013],"product_tag":[],"class_list":{"0":"post-128875","1":"product","2":"type-product","3":"status-publish","4":"has-post-thumbnail","6":"pwb-brand-star-trading","7":"product_cat-julgranar-med-belysning","9":"first","10":"onbackorder","11":"taxable","12":"shipping-taxable","13":"purchasable","14":"product-type-simple"},"acf":[],"yoast_head":"<!-- This site is optimized with the Yoast SEO plugin v27.5 - https:\/\/yoast.com\/product\/yoast-seo-wordpress\/ -->\n<title>Brekstad julgran gr\u00f6n 210 cm, med LED - Oy Noortrade Ab<\/title>\n<meta name=\"robots\" content=\"index, follow, max-snippet:-1, max-image-preview:large, max-video-preview:-1\" \/>\n<link rel=\"canonical\" href=\"https:\/\/shop.noor.fi\/produkt\/brekstad-joulukuusi-vihrea-210-cm-led-valoilla\/\" \/>\n<meta property=\"og:locale\" content=\"sv_SE\" \/>\n<meta property=\"og:type\" content=\"article\" \/>\n<meta property=\"og:title\" content=\"Brekstad julgran gr\u00f6n 210 cm, med LED - Oy Noortrade Ab\" \/>\n<meta property=\"og:description\" content=\"Brekstad julgran \u00e4r tillverkad av en mix av PE tips och rundklippta samt pilklippta PVC tips, denna mix ger ett t\u00e4tt och lyxigt utseende. Grenarna \u00e4r fastsatta p\u00e5 stammen med g\u00e5ngj\u00e4rn vilket g\u00f6r montering enkel d\u00e5 grenarna faller p\u00e5 r\u00e4tt plats n\u00e4r de olika delarna s\u00e4tts i varandra, det enda som \u00e5terst\u00e5r \u00e4r att vika [&hellip;]\" \/>\n<meta property=\"og:url\" content=\"https:\/\/shop.noor.fi\/produkt\/brekstad-joulukuusi-vihrea-210-cm-led-valoilla\/\" \/>\n<meta property=\"og:site_name\" content=\"Oy Noortrade Ab\" \/>\n<meta property=\"article:modified_time\" content=\"2026-03-06T09:28:18+00:00\" \/>\n<meta property=\"og:image\" content=\"https:\/\/shop.noor.fi\/wp-content\/uploads\/2025\/04\/7391482079695.jpg\" \/>\n\t<meta property=\"og:image:width\" content=\"736\" \/>\n\t<meta property=\"og:image:height\" content=\"1210\" \/>\n\t<meta property=\"og:image:type\" content=\"image\/jpeg\" \/>\n<meta name=\"twitter:card\" content=\"summary_large_image\" \/>\n<meta name=\"twitter:label1\" content=\"Ber\u00e4knad l\u00e4stid\" \/>\n\t<meta name=\"twitter:data1\" content=\"1 minut\" \/>\n<script type=\"application\/ld+json\" class=\"yoast-schema-graph\">{\"@context\":\"https:\\\/\\\/schema.org\",\"@graph\":[{\"@type\":\"WebPage\",\"@id\":\"https:\\\/\\\/shop.noor.fi\\\/produkt\\\/brekstad-joulukuusi-vihrea-210-cm-led-valoilla\\\/\",\"url\":\"https:\\\/\\\/shop.noor.fi\\\/produkt\\\/brekstad-joulukuusi-vihrea-210-cm-led-valoilla\\\/\",\"name\":\"Brekstad julgran gr\u00f6n 210 cm, med LED - Oy Noortrade Ab\",\"isPartOf\":{\"@id\":\"https:\\\/\\\/shopnoorfi-wp31835.test.cchosting.fi\\\/#website\"},\"primaryImageOfPage\":{\"@id\":\"https:\\\/\\\/shop.noor.fi\\\/produkt\\\/brekstad-joulukuusi-vihrea-210-cm-led-valoilla\\\/#primaryimage\"},\"image\":{\"@id\":\"https:\\\/\\\/shop.noor.fi\\\/produkt\\\/brekstad-joulukuusi-vihrea-210-cm-led-valoilla\\\/#primaryimage\"},\"thumbnailUrl\":\"https:\\\/\\\/shop.noor.fi\\\/wp-content\\\/uploads\\\/2025\\\/04\\\/7391482079695.jpg\",\"datePublished\":\"2025-04-17T09:32:42+00:00\",\"dateModified\":\"2026-03-06T09:28:18+00:00\",\"breadcrumb\":{\"@id\":\"https:\\\/\\\/shop.noor.fi\\\/produkt\\\/brekstad-joulukuusi-vihrea-210-cm-led-valoilla\\\/#breadcrumb\"},\"inLanguage\":\"sv-SE\",\"potentialAction\":[{\"@type\":\"ReadAction\",\"target\":[\"https:\\\/\\\/shop.noor.fi\\\/produkt\\\/brekstad-joulukuusi-vihrea-210-cm-led-valoilla\\\/\"]}]},{\"@type\":\"ImageObject\",\"inLanguage\":\"sv-SE\",\"@id\":\"https:\\\/\\\/shop.noor.fi\\\/produkt\\\/brekstad-joulukuusi-vihrea-210-cm-led-valoilla\\\/#primaryimage\",\"url\":\"https:\\\/\\\/shop.noor.fi\\\/wp-content\\\/uploads\\\/2025\\\/04\\\/7391482079695.jpg\",\"contentUrl\":\"https:\\\/\\\/shop.noor.fi\\\/wp-content\\\/uploads\\\/2025\\\/04\\\/7391482079695.jpg\",\"width\":736,\"height\":1210},{\"@type\":\"BreadcrumbList\",\"@id\":\"https:\\\/\\\/shop.noor.fi\\\/produkt\\\/brekstad-joulukuusi-vihrea-210-cm-led-valoilla\\\/#breadcrumb\",\"itemListElement\":[{\"@type\":\"ListItem\",\"position\":1,\"name\":\"Etusivu\",\"item\":\"https:\\\/\\\/shop.noor.fi\\\/sv\\\/\"},{\"@type\":\"ListItem\",\"position\":2,\"name\":\"Butik\",\"item\":\"https:\\\/\\\/shopnoorfi-wp31835.test.cchosting.fi\\\/sv\\\/butik\\\/\"},{\"@type\":\"ListItem\",\"position\":3,\"name\":\"Brekstad julgran gr\u00f6n 210 cm, med LED\"}]},{\"@type\":\"WebSite\",\"@id\":\"https:\\\/\\\/shopnoorfi-wp31835.test.cchosting.fi\\\/#website\",\"url\":\"https:\\\/\\\/shopnoorfi-wp31835.test.cchosting.fi\\\/\",\"name\":\"Oy Noortrade Ab\",\"description\":\"Finnish family owned company with over 30 years of professional experience in lighting &amp; interior products import and sales - reliably.\",\"publisher\":{\"@id\":\"https:\\\/\\\/shopnoorfi-wp31835.test.cchosting.fi\\\/#organization\"},\"potentialAction\":[{\"@type\":\"SearchAction\",\"target\":{\"@type\":\"EntryPoint\",\"urlTemplate\":\"https:\\\/\\\/shopnoorfi-wp31835.test.cchosting.fi\\\/?s={search_term_string}\"},\"query-input\":{\"@type\":\"PropertyValueSpecification\",\"valueRequired\":true,\"valueName\":\"search_term_string\"}}],\"inLanguage\":\"sv-SE\"},{\"@type\":\"Organization\",\"@id\":\"https:\\\/\\\/shopnoorfi-wp31835.test.cchosting.fi\\\/#organization\",\"name\":\"Oy Noortrade Ab\",\"url\":\"https:\\\/\\\/shopnoorfi-wp31835.test.cchosting.fi\\\/\",\"logo\":{\"@type\":\"ImageObject\",\"inLanguage\":\"sv-SE\",\"@id\":\"https:\\\/\\\/shopnoorfi-wp31835.test.cchosting.fi\\\/#\\\/schema\\\/logo\\\/image\\\/\",\"url\":\"https:\\\/\\\/shop.noor.fi\\\/wp-content\\\/uploads\\\/2024\\\/01\\\/Oy-Noortrade-Ab-Corbel-VERSAL-bold-BLACK.png\",\"contentUrl\":\"https:\\\/\\\/shop.noor.fi\\\/wp-content\\\/uploads\\\/2024\\\/01\\\/Oy-Noortrade-Ab-Corbel-VERSAL-bold-BLACK.png\",\"width\":721,\"height\":177,\"caption\":\"Oy Noortrade Ab\"},\"image\":{\"@id\":\"https:\\\/\\\/shopnoorfi-wp31835.test.cchosting.fi\\\/#\\\/schema\\\/logo\\\/image\\\/\"}}]}<\/script>\n<!-- \/ Yoast SEO plugin. -->","yoast_head_json":{"title":"Brekstad julgran gr\u00f6n 210 cm, med LED - Oy Noortrade Ab","robots":{"index":"index","follow":"follow","max-snippet":"max-snippet:-1","max-image-preview":"max-image-preview:large","max-video-preview":"max-video-preview:-1"},"canonical":"https:\/\/shop.noor.fi\/produkt\/brekstad-joulukuusi-vihrea-210-cm-led-valoilla\/","og_locale":"sv_SE","og_type":"article","og_title":"Brekstad julgran gr\u00f6n 210 cm, med LED - Oy Noortrade Ab","og_description":"Brekstad julgran \u00e4r tillverkad av en mix av PE tips och rundklippta samt pilklippta PVC tips, denna mix ger ett t\u00e4tt och lyxigt utseende. Grenarna \u00e4r fastsatta p\u00e5 stammen med g\u00e5ngj\u00e4rn vilket g\u00f6r montering enkel d\u00e5 grenarna faller p\u00e5 r\u00e4tt plats n\u00e4r de olika delarna s\u00e4tts i varandra, det enda som \u00e5terst\u00e5r \u00e4r att vika [&hellip;]","og_url":"https:\/\/shop.noor.fi\/produkt\/brekstad-joulukuusi-vihrea-210-cm-led-valoilla\/","og_site_name":"Oy Noortrade Ab","article_modified_time":"2026-03-06T09:28:18+00:00","og_image":[{"width":736,"height":1210,"url":"https:\/\/shop.noor.fi\/wp-content\/uploads\/2025\/04\/7391482079695.jpg","type":"image\/jpeg"}],"twitter_card":"summary_large_image","twitter_misc":{"Ber\u00e4knad l\u00e4stid":"1 minut"},"schema":{"@context":"https:\/\/schema.org","@graph":[{"@type":"WebPage","@id":"https:\/\/shop.noor.fi\/produkt\/brekstad-joulukuusi-vihrea-210-cm-led-valoilla\/","url":"https:\/\/shop.noor.fi\/produkt\/brekstad-joulukuusi-vihrea-210-cm-led-valoilla\/","name":"Brekstad julgran gr\u00f6n 210 cm, med LED - Oy Noortrade Ab","isPartOf":{"@id":"https:\/\/shopnoorfi-wp31835.test.cchosting.fi\/#website"},"primaryImageOfPage":{"@id":"https:\/\/shop.noor.fi\/produkt\/brekstad-joulukuusi-vihrea-210-cm-led-valoilla\/#primaryimage"},"image":{"@id":"https:\/\/shop.noor.fi\/produkt\/brekstad-joulukuusi-vihrea-210-cm-led-valoilla\/#primaryimage"},"thumbnailUrl":"https:\/\/shop.noor.fi\/wp-content\/uploads\/2025\/04\/7391482079695.jpg","datePublished":"2025-04-17T09:32:42+00:00","dateModified":"2026-03-06T09:28:18+00:00","breadcrumb":{"@id":"https:\/\/shop.noor.fi\/produkt\/brekstad-joulukuusi-vihrea-210-cm-led-valoilla\/#breadcrumb"},"inLanguage":"sv-SE","potentialAction":[{"@type":"ReadAction","target":["https:\/\/shop.noor.fi\/produkt\/brekstad-joulukuusi-vihrea-210-cm-led-valoilla\/"]}]},{"@type":"ImageObject","inLanguage":"sv-SE","@id":"https:\/\/shop.noor.fi\/produkt\/brekstad-joulukuusi-vihrea-210-cm-led-valoilla\/#primaryimage","url":"https:\/\/shop.noor.fi\/wp-content\/uploads\/2025\/04\/7391482079695.jpg","contentUrl":"https:\/\/shop.noor.fi\/wp-content\/uploads\/2025\/04\/7391482079695.jpg","width":736,"height":1210},{"@type":"BreadcrumbList","@id":"https:\/\/shop.noor.fi\/produkt\/brekstad-joulukuusi-vihrea-210-cm-led-valoilla\/#breadcrumb","itemListElement":[{"@type":"ListItem","position":1,"name":"Etusivu","item":"https:\/\/shop.noor.fi\/sv\/"},{"@type":"ListItem","position":2,"name":"Butik","item":"https:\/\/shopnoorfi-wp31835.test.cchosting.fi\/sv\/butik\/"},{"@type":"ListItem","position":3,"name":"Brekstad julgran gr\u00f6n 210 cm, med LED"}]},{"@type":"WebSite","@id":"https:\/\/shopnoorfi-wp31835.test.cchosting.fi\/#website","url":"https:\/\/shopnoorfi-wp31835.test.cchosting.fi\/","name":"Oy Noortrade Ab","description":"Finnish family owned company with over 30 years of professional experience in lighting &amp; interior products import and sales - reliably.","publisher":{"@id":"https:\/\/shopnoorfi-wp31835.test.cchosting.fi\/#organization"},"potentialAction":[{"@type":"SearchAction","target":{"@type":"EntryPoint","urlTemplate":"https:\/\/shopnoorfi-wp31835.test.cchosting.fi\/?s={search_term_string}"},"query-input":{"@type":"PropertyValueSpecification","valueRequired":true,"valueName":"search_term_string"}}],"inLanguage":"sv-SE"},{"@type":"Organization","@id":"https:\/\/shopnoorfi-wp31835.test.cchosting.fi\/#organization","name":"Oy Noortrade Ab","url":"https:\/\/shopnoorfi-wp31835.test.cchosting.fi\/","logo":{"@type":"ImageObject","inLanguage":"sv-SE","@id":"https:\/\/shopnoorfi-wp31835.test.cchosting.fi\/#\/schema\/logo\/image\/","url":"https:\/\/shop.noor.fi\/wp-content\/uploads\/2024\/01\/Oy-Noortrade-Ab-Corbel-VERSAL-bold-BLACK.png","contentUrl":"https:\/\/shop.noor.fi\/wp-content\/uploads\/2024\/01\/Oy-Noortrade-Ab-Corbel-VERSAL-bold-BLACK.png","width":721,"height":177,"caption":"Oy Noortrade Ab"},"image":{"@id":"https:\/\/shopnoorfi-wp31835.test.cchosting.fi\/#\/schema\/logo\/image\/"}}]}},"brands":[{"id":28728,"name":"Star Trading","slug":"star-trading"}],"_links":{"self":[{"href":"https:\/\/shop.noor.fi\/sv\/wp-json\/wp\/v2\/product\/128875","targetHints":{"allow":["GET"]}}],"collection":[{"href":"https:\/\/shop.noor.fi\/sv\/wp-json\/wp\/v2\/product"}],"about":[{"href":"https:\/\/shop.noor.fi\/sv\/wp-json\/wp\/v2\/types\/product"}],"replies":[{"embeddable":true,"href":"https:\/\/shop.noor.fi\/sv\/wp-json\/wp\/v2\/comments?post=128875"}],"wp:featuredmedia":[{"embeddable":true,"href":"https:\/\/shop.noor.fi\/sv\/wp-json\/wp\/v2\/media\/129084"}],"wp:attachment":[{"href":"https:\/\/shop.noor.fi\/sv\/wp-json\/wp\/v2\/media?parent=128875"}],"wp:term":[{"taxonomy":"pwb-brand","embeddable":true,"href":"https:\/\/shop.noor.fi\/sv\/wp-json\/wp\/v2\/pwb-brand?post=128875"},{"taxonomy":"product_brand","embeddable":true,"href":"https:\/\/shop.noor.fi\/sv\/wp-json\/wp\/v2\/product_brand?post=128875"},{"taxonomy":"product_cat","embeddable":true,"href":"https:\/\/shop.noor.fi\/sv\/wp-json\/wp\/v2\/product_cat?post=128875"},{"taxonomy":"product_tag","embeddable":true,"href":"https:\/\/shop.noor.fi\/sv\/wp-json\/wp\/v2\/product_tag?post=128875"}],"curies":[{"name":"wp","href":"https:\/\/api.w.org\/{rel}","templated":true}]}}