{"id":128871,"date":"2025-04-17T12:32:44","date_gmt":"2025-04-17T09:32:44","guid":{"rendered":"https:\/\/shop.noor.fi\/product\/byske-julgran-gron-90-cm-med-led\/"},"modified":"2026-04-07T15:38:33","modified_gmt":"2026-04-07T12:38:33","slug":"byske-julgran-gron-90-cm-med-led","status":"publish","type":"product","link":"https:\/\/shop.noor.fi\/sv\/produkt\/byske-julgran-gron-90-cm-med-led\/","title":{"rendered":"Byske julgran gr\u00f6n 90 cm, med LED"},"content":{"rendered":"<p>Gr\u00f6nt dekorationstr\u00e4d med 50 sm\u00e5 LED. Vackert dekorationstr\u00e4d f\u00f6r inomhus eller utomhus med ett varmvitt sken. Denna gran kan du justera grenvinkeln efter tycke och smak eftersom det inte finns n\u00e5got stopp p\u00e5 grenarna.<br \/>\nTimerfunktionen g\u00f6r det m\u00f6jligt att s\u00e4tta dekorationen att lysa i 6 timmar och vara sl\u00e4ckt i 18 timmar f\u00f6r att sedan t\u00e4ndas igen n\u00e4sta dag.<br \/>\nFungerar med tre AA-batterier som ing\u00e5r ej.<br \/>\nIntegrerad LED, lamporna \u00e4r ej utbytbara.<\/p>\n<p>Diameter 50 cm<br \/>\nH\u00f6jd 90 cm<br \/>\nKruka 16 cm i diameter<\/p>\n","protected":false},"excerpt":{"rendered":"<p>Gr\u00f6nt dekorationstr\u00e4d med 50 sm\u00e5 LED. Vackert dekorationstr\u00e4d f\u00f6r inomhus eller utomhus med ett varmvitt sken. Denna gran kan du justera grenvinkeln efter tycke och smak eftersom det inte finns n\u00e5got stopp p\u00e5 grenarna. Timerfunktionen g\u00f6r det m\u00f6jligt att s\u00e4tta dekorationen att lysa i 6 timmar och vara sl\u00e4ckt i 18 timmar f\u00f6r att sedan [&hellip;]<\/p>\n","protected":false},"featured_media":129076,"comment_status":"open","ping_status":"closed","template":"","meta":{"_acf_changed":false,"_relevanssi_hide_post":"","_relevanssi_hide_content":"","_relevanssi_pin_for_all":"","_relevanssi_pin_keywords":"","_relevanssi_unpin_keywords":"","_relevanssi_related_keywords":"","_relevanssi_related_include_ids":"","_relevanssi_related_exclude_ids":"","_relevanssi_related_no_append":"","_relevanssi_related_not_related":"","_relevanssi_related_posts":"","_relevanssi_noindex_reason":""},"pwb-brand":[28728],"product_brand":[],"product_cat":[32013],"product_tag":[],"class_list":{"0":"post-128871","1":"product","2":"type-product","3":"status-publish","4":"has-post-thumbnail","6":"pwb-brand-star-trading","7":"product_cat-julgranar-med-belysning","9":"first","10":"onbackorder","11":"taxable","12":"shipping-taxable","13":"purchasable","14":"product-type-simple"},"acf":[],"yoast_head":"<!-- This site is optimized with the Yoast SEO plugin v27.5 - https:\/\/yoast.com\/product\/yoast-seo-wordpress\/ -->\n<title>Byske julgran gr\u00f6n 90 cm, med LED - Oy Noortrade Ab<\/title>\n<meta name=\"robots\" content=\"index, follow, max-snippet:-1, max-image-preview:large, max-video-preview:-1\" \/>\n<link rel=\"canonical\" href=\"https:\/\/shop.noor.fi\/produkt\/byske-joulukuusi-vihrea-90-cm-led-valoilla\/\" \/>\n<meta property=\"og:locale\" content=\"sv_SE\" \/>\n<meta property=\"og:type\" content=\"article\" \/>\n<meta property=\"og:title\" content=\"Byske julgran gr\u00f6n 90 cm, med LED - Oy Noortrade Ab\" \/>\n<meta property=\"og:description\" content=\"Gr\u00f6nt dekorationstr\u00e4d med 50 sm\u00e5 LED. Vackert dekorationstr\u00e4d f\u00f6r inomhus eller utomhus med ett varmvitt sken. Denna gran kan du justera grenvinkeln efter tycke och smak eftersom det inte finns n\u00e5got stopp p\u00e5 grenarna. Timerfunktionen g\u00f6r det m\u00f6jligt att s\u00e4tta dekorationen att lysa i 6 timmar och vara sl\u00e4ckt i 18 timmar f\u00f6r att sedan [&hellip;]\" \/>\n<meta property=\"og:url\" content=\"https:\/\/shop.noor.fi\/produkt\/byske-joulukuusi-vihrea-90-cm-led-valoilla\/\" \/>\n<meta property=\"og:site_name\" content=\"Oy Noortrade Ab\" \/>\n<meta property=\"article:modified_time\" content=\"2026-04-07T12:38:33+00:00\" \/>\n<meta property=\"og:image\" content=\"https:\/\/shop.noor.fi\/wp-content\/uploads\/2025\/04\/7391482079671.jpg\" \/>\n\t<meta property=\"og:image:width\" content=\"645\" \/>\n\t<meta property=\"og:image:height\" content=\"1210\" \/>\n\t<meta property=\"og:image:type\" content=\"image\/jpeg\" \/>\n<meta name=\"twitter:card\" content=\"summary_large_image\" \/>\n<script type=\"application\/ld+json\" class=\"yoast-schema-graph\">{\"@context\":\"https:\\\/\\\/schema.org\",\"@graph\":[{\"@type\":\"WebPage\",\"@id\":\"https:\\\/\\\/shop.noor.fi\\\/produkt\\\/byske-joulukuusi-vihrea-90-cm-led-valoilla\\\/\",\"url\":\"https:\\\/\\\/shop.noor.fi\\\/produkt\\\/byske-joulukuusi-vihrea-90-cm-led-valoilla\\\/\",\"name\":\"Byske julgran gr\u00f6n 90 cm, med LED - Oy Noortrade Ab\",\"isPartOf\":{\"@id\":\"https:\\\/\\\/shopnoorfi-wp31835.test.cchosting.fi\\\/#website\"},\"primaryImageOfPage\":{\"@id\":\"https:\\\/\\\/shop.noor.fi\\\/produkt\\\/byske-joulukuusi-vihrea-90-cm-led-valoilla\\\/#primaryimage\"},\"image\":{\"@id\":\"https:\\\/\\\/shop.noor.fi\\\/produkt\\\/byske-joulukuusi-vihrea-90-cm-led-valoilla\\\/#primaryimage\"},\"thumbnailUrl\":\"https:\\\/\\\/shop.noor.fi\\\/wp-content\\\/uploads\\\/2025\\\/04\\\/7391482079671.jpg\",\"datePublished\":\"2025-04-17T09:32:44+00:00\",\"dateModified\":\"2026-04-07T12:38:33+00:00\",\"breadcrumb\":{\"@id\":\"https:\\\/\\\/shop.noor.fi\\\/produkt\\\/byske-joulukuusi-vihrea-90-cm-led-valoilla\\\/#breadcrumb\"},\"inLanguage\":\"sv-SE\",\"potentialAction\":[{\"@type\":\"ReadAction\",\"target\":[\"https:\\\/\\\/shop.noor.fi\\\/produkt\\\/byske-joulukuusi-vihrea-90-cm-led-valoilla\\\/\"]}]},{\"@type\":\"ImageObject\",\"inLanguage\":\"sv-SE\",\"@id\":\"https:\\\/\\\/shop.noor.fi\\\/produkt\\\/byske-joulukuusi-vihrea-90-cm-led-valoilla\\\/#primaryimage\",\"url\":\"https:\\\/\\\/shop.noor.fi\\\/wp-content\\\/uploads\\\/2025\\\/04\\\/7391482079671.jpg\",\"contentUrl\":\"https:\\\/\\\/shop.noor.fi\\\/wp-content\\\/uploads\\\/2025\\\/04\\\/7391482079671.jpg\",\"width\":645,\"height\":1210},{\"@type\":\"BreadcrumbList\",\"@id\":\"https:\\\/\\\/shop.noor.fi\\\/produkt\\\/byske-joulukuusi-vihrea-90-cm-led-valoilla\\\/#breadcrumb\",\"itemListElement\":[{\"@type\":\"ListItem\",\"position\":1,\"name\":\"Etusivu\",\"item\":\"https:\\\/\\\/shop.noor.fi\\\/sv\\\/\"},{\"@type\":\"ListItem\",\"position\":2,\"name\":\"Butik\",\"item\":\"https:\\\/\\\/shopnoorfi-wp31835.test.cchosting.fi\\\/sv\\\/butik\\\/\"},{\"@type\":\"ListItem\",\"position\":3,\"name\":\"Byske julgran gr\u00f6n 90 cm, med LED\"}]},{\"@type\":\"WebSite\",\"@id\":\"https:\\\/\\\/shopnoorfi-wp31835.test.cchosting.fi\\\/#website\",\"url\":\"https:\\\/\\\/shopnoorfi-wp31835.test.cchosting.fi\\\/\",\"name\":\"Oy Noortrade Ab\",\"description\":\"Finnish family owned company with over 30 years of professional experience in lighting &amp; interior products import and sales - reliably.\",\"publisher\":{\"@id\":\"https:\\\/\\\/shopnoorfi-wp31835.test.cchosting.fi\\\/#organization\"},\"potentialAction\":[{\"@type\":\"SearchAction\",\"target\":{\"@type\":\"EntryPoint\",\"urlTemplate\":\"https:\\\/\\\/shopnoorfi-wp31835.test.cchosting.fi\\\/?s={search_term_string}\"},\"query-input\":{\"@type\":\"PropertyValueSpecification\",\"valueRequired\":true,\"valueName\":\"search_term_string\"}}],\"inLanguage\":\"sv-SE\"},{\"@type\":\"Organization\",\"@id\":\"https:\\\/\\\/shopnoorfi-wp31835.test.cchosting.fi\\\/#organization\",\"name\":\"Oy Noortrade Ab\",\"url\":\"https:\\\/\\\/shopnoorfi-wp31835.test.cchosting.fi\\\/\",\"logo\":{\"@type\":\"ImageObject\",\"inLanguage\":\"sv-SE\",\"@id\":\"https:\\\/\\\/shopnoorfi-wp31835.test.cchosting.fi\\\/#\\\/schema\\\/logo\\\/image\\\/\",\"url\":\"https:\\\/\\\/shop.noor.fi\\\/wp-content\\\/uploads\\\/2024\\\/01\\\/Oy-Noortrade-Ab-Corbel-VERSAL-bold-BLACK.png\",\"contentUrl\":\"https:\\\/\\\/shop.noor.fi\\\/wp-content\\\/uploads\\\/2024\\\/01\\\/Oy-Noortrade-Ab-Corbel-VERSAL-bold-BLACK.png\",\"width\":721,\"height\":177,\"caption\":\"Oy Noortrade Ab\"},\"image\":{\"@id\":\"https:\\\/\\\/shopnoorfi-wp31835.test.cchosting.fi\\\/#\\\/schema\\\/logo\\\/image\\\/\"}}]}<\/script>\n<!-- \/ Yoast SEO plugin. -->","yoast_head_json":{"title":"Byske julgran gr\u00f6n 90 cm, med LED - Oy Noortrade Ab","robots":{"index":"index","follow":"follow","max-snippet":"max-snippet:-1","max-image-preview":"max-image-preview:large","max-video-preview":"max-video-preview:-1"},"canonical":"https:\/\/shop.noor.fi\/produkt\/byske-joulukuusi-vihrea-90-cm-led-valoilla\/","og_locale":"sv_SE","og_type":"article","og_title":"Byske julgran gr\u00f6n 90 cm, med LED - Oy Noortrade Ab","og_description":"Gr\u00f6nt dekorationstr\u00e4d med 50 sm\u00e5 LED. Vackert dekorationstr\u00e4d f\u00f6r inomhus eller utomhus med ett varmvitt sken. Denna gran kan du justera grenvinkeln efter tycke och smak eftersom det inte finns n\u00e5got stopp p\u00e5 grenarna. Timerfunktionen g\u00f6r det m\u00f6jligt att s\u00e4tta dekorationen att lysa i 6 timmar och vara sl\u00e4ckt i 18 timmar f\u00f6r att sedan [&hellip;]","og_url":"https:\/\/shop.noor.fi\/produkt\/byske-joulukuusi-vihrea-90-cm-led-valoilla\/","og_site_name":"Oy Noortrade Ab","article_modified_time":"2026-04-07T12:38:33+00:00","og_image":[{"width":645,"height":1210,"url":"https:\/\/shop.noor.fi\/wp-content\/uploads\/2025\/04\/7391482079671.jpg","type":"image\/jpeg"}],"twitter_card":"summary_large_image","schema":{"@context":"https:\/\/schema.org","@graph":[{"@type":"WebPage","@id":"https:\/\/shop.noor.fi\/produkt\/byske-joulukuusi-vihrea-90-cm-led-valoilla\/","url":"https:\/\/shop.noor.fi\/produkt\/byske-joulukuusi-vihrea-90-cm-led-valoilla\/","name":"Byske julgran gr\u00f6n 90 cm, med LED - Oy Noortrade Ab","isPartOf":{"@id":"https:\/\/shopnoorfi-wp31835.test.cchosting.fi\/#website"},"primaryImageOfPage":{"@id":"https:\/\/shop.noor.fi\/produkt\/byske-joulukuusi-vihrea-90-cm-led-valoilla\/#primaryimage"},"image":{"@id":"https:\/\/shop.noor.fi\/produkt\/byske-joulukuusi-vihrea-90-cm-led-valoilla\/#primaryimage"},"thumbnailUrl":"https:\/\/shop.noor.fi\/wp-content\/uploads\/2025\/04\/7391482079671.jpg","datePublished":"2025-04-17T09:32:44+00:00","dateModified":"2026-04-07T12:38:33+00:00","breadcrumb":{"@id":"https:\/\/shop.noor.fi\/produkt\/byske-joulukuusi-vihrea-90-cm-led-valoilla\/#breadcrumb"},"inLanguage":"sv-SE","potentialAction":[{"@type":"ReadAction","target":["https:\/\/shop.noor.fi\/produkt\/byske-joulukuusi-vihrea-90-cm-led-valoilla\/"]}]},{"@type":"ImageObject","inLanguage":"sv-SE","@id":"https:\/\/shop.noor.fi\/produkt\/byske-joulukuusi-vihrea-90-cm-led-valoilla\/#primaryimage","url":"https:\/\/shop.noor.fi\/wp-content\/uploads\/2025\/04\/7391482079671.jpg","contentUrl":"https:\/\/shop.noor.fi\/wp-content\/uploads\/2025\/04\/7391482079671.jpg","width":645,"height":1210},{"@type":"BreadcrumbList","@id":"https:\/\/shop.noor.fi\/produkt\/byske-joulukuusi-vihrea-90-cm-led-valoilla\/#breadcrumb","itemListElement":[{"@type":"ListItem","position":1,"name":"Etusivu","item":"https:\/\/shop.noor.fi\/sv\/"},{"@type":"ListItem","position":2,"name":"Butik","item":"https:\/\/shopnoorfi-wp31835.test.cchosting.fi\/sv\/butik\/"},{"@type":"ListItem","position":3,"name":"Byske julgran gr\u00f6n 90 cm, med LED"}]},{"@type":"WebSite","@id":"https:\/\/shopnoorfi-wp31835.test.cchosting.fi\/#website","url":"https:\/\/shopnoorfi-wp31835.test.cchosting.fi\/","name":"Oy Noortrade Ab","description":"Finnish family owned company with over 30 years of professional experience in lighting &amp; interior products import and sales - reliably.","publisher":{"@id":"https:\/\/shopnoorfi-wp31835.test.cchosting.fi\/#organization"},"potentialAction":[{"@type":"SearchAction","target":{"@type":"EntryPoint","urlTemplate":"https:\/\/shopnoorfi-wp31835.test.cchosting.fi\/?s={search_term_string}"},"query-input":{"@type":"PropertyValueSpecification","valueRequired":true,"valueName":"search_term_string"}}],"inLanguage":"sv-SE"},{"@type":"Organization","@id":"https:\/\/shopnoorfi-wp31835.test.cchosting.fi\/#organization","name":"Oy Noortrade Ab","url":"https:\/\/shopnoorfi-wp31835.test.cchosting.fi\/","logo":{"@type":"ImageObject","inLanguage":"sv-SE","@id":"https:\/\/shopnoorfi-wp31835.test.cchosting.fi\/#\/schema\/logo\/image\/","url":"https:\/\/shop.noor.fi\/wp-content\/uploads\/2024\/01\/Oy-Noortrade-Ab-Corbel-VERSAL-bold-BLACK.png","contentUrl":"https:\/\/shop.noor.fi\/wp-content\/uploads\/2024\/01\/Oy-Noortrade-Ab-Corbel-VERSAL-bold-BLACK.png","width":721,"height":177,"caption":"Oy Noortrade Ab"},"image":{"@id":"https:\/\/shopnoorfi-wp31835.test.cchosting.fi\/#\/schema\/logo\/image\/"}}]}},"brands":[{"id":28728,"name":"Star Trading","slug":"star-trading"}],"_links":{"self":[{"href":"https:\/\/shop.noor.fi\/sv\/wp-json\/wp\/v2\/product\/128871","targetHints":{"allow":["GET"]}}],"collection":[{"href":"https:\/\/shop.noor.fi\/sv\/wp-json\/wp\/v2\/product"}],"about":[{"href":"https:\/\/shop.noor.fi\/sv\/wp-json\/wp\/v2\/types\/product"}],"replies":[{"embeddable":true,"href":"https:\/\/shop.noor.fi\/sv\/wp-json\/wp\/v2\/comments?post=128871"}],"wp:featuredmedia":[{"embeddable":true,"href":"https:\/\/shop.noor.fi\/sv\/wp-json\/wp\/v2\/media\/129076"}],"wp:attachment":[{"href":"https:\/\/shop.noor.fi\/sv\/wp-json\/wp\/v2\/media?parent=128871"}],"wp:term":[{"taxonomy":"pwb-brand","embeddable":true,"href":"https:\/\/shop.noor.fi\/sv\/wp-json\/wp\/v2\/pwb-brand?post=128871"},{"taxonomy":"product_brand","embeddable":true,"href":"https:\/\/shop.noor.fi\/sv\/wp-json\/wp\/v2\/product_brand?post=128871"},{"taxonomy":"product_cat","embeddable":true,"href":"https:\/\/shop.noor.fi\/sv\/wp-json\/wp\/v2\/product_cat?post=128871"},{"taxonomy":"product_tag","embeddable":true,"href":"https:\/\/shop.noor.fi\/sv\/wp-json\/wp\/v2\/product_tag?post=128871"}],"curies":[{"name":"wp","href":"https:\/\/api.w.org\/{rel}","templated":true}]}}