{"id":128548,"date":"2025-04-24T15:17:20","date_gmt":"2025-04-24T12:17:20","guid":{"rendered":"https:\/\/shop.noor.fi\/product\/tekla-kuddfodral-beige-50x50cm\/"},"modified":"2026-05-05T09:25:48","modified_gmt":"2026-05-05T06:25:48","slug":"tekla-kuddfodral-beige-50x50cm","status":"publish","type":"product","link":"https:\/\/shop.noor.fi\/sv\/produkt\/tekla-kuddfodral-beige-50x50cm\/","title":{"rendered":"Tekla kuddfodral beige 50x50cm"},"content":{"rendered":"<p>Uppgradera din inredning med ett elegant kuddfodral. Kuddfodralet \u00e4r t\u00e4ckt med en vacker och stilful brodyr som t\u00e4cker hela framsidan vilket ger en lyxig k\u00e4nsla. Tyget som har en linneliknande k\u00e4nsla och utseende vilket g\u00f6r att kuddfodralet k\u00e4nns exklusivt. Dold dragkedja p\u00e5 baksidan.<br \/>\nM\u00e5tt: 50 x 50 cm.<br \/>\nInnerkudde k\u00f6pes separat.<\/p>\n<p>Material: 100% bomull<\/p>\n<p>Sk\u00f6tselr\u00e5d:<br \/>\n&#8211; 30 grader maskintv\u00e4tt<br \/>\n&#8211; Klorblekmedel f\u00e5r ej anv\u00e4ndas<br \/>\n&#8211; F\u00e5r ej torktumlas<br \/>\n&#8211; Kan ej strykas<br \/>\n&#8211; Kemtv\u00e4tt (Perkloretylen)<\/p>\n<p>Produkten \u00e4r certifierad enligt STANDARD 100 by OEKO-TEX. Certifieringen garanterar att produkten \u00e4r testad och fri fr\u00e5n \u00e4mnen som kan vara skadliga f\u00f6r h\u00e4lsan och milj\u00f6n.<\/p>\n","protected":false},"excerpt":{"rendered":"<p>Uppgradera din inredning med ett elegant kuddfodral. Kuddfodralet \u00e4r t\u00e4ckt med en vacker och stilful brodyr som t\u00e4cker hela framsidan vilket ger en lyxig k\u00e4nsla. Tyget som har en linneliknande k\u00e4nsla och utseende vilket g\u00f6r att kuddfodralet k\u00e4nns exklusivt. Dold dragkedja p\u00e5 baksidan. M\u00e5tt: 50 x 50 cm. Innerkudde k\u00f6pes separat. Material: 100% bomull Sk\u00f6tselr\u00e5d: [&hellip;]<\/p>\n","protected":false},"featured_media":130169,"comment_status":"open","ping_status":"closed","template":"","meta":{"_acf_changed":false,"_relevanssi_hide_post":"","_relevanssi_hide_content":"","_relevanssi_pin_for_all":"","_relevanssi_pin_keywords":"","_relevanssi_unpin_keywords":"","_relevanssi_related_keywords":"","_relevanssi_related_include_ids":"","_relevanssi_related_exclude_ids":"","_relevanssi_related_no_append":"","_relevanssi_related_not_related":"","_relevanssi_related_posts":"","_relevanssi_noindex_reason":""},"pwb-brand":[28738],"product_brand":[],"product_cat":[32152],"product_tag":[],"class_list":{"0":"post-128548","1":"product","2":"type-product","3":"status-publish","4":"has-post-thumbnail","6":"pwb-brand-svanefors","7":"product_cat-kuddfodral","9":"first","10":"onbackorder","11":"taxable","12":"shipping-taxable","13":"purchasable","14":"product-type-simple"},"acf":[],"yoast_head":"<!-- This site is optimized with the Yoast SEO plugin v27.5 - https:\/\/yoast.com\/product\/yoast-seo-wordpress\/ -->\n<title>Tekla kuddfodral beige 50x50cm - Oy Noortrade Ab<\/title>\n<meta name=\"robots\" content=\"index, follow, max-snippet:-1, max-image-preview:large, max-video-preview:-1\" \/>\n<link rel=\"canonical\" href=\"https:\/\/shop.noor.fi\/produkt\/tekla-tyynynpaallinen-beige-50x50cm\/\" \/>\n<meta property=\"og:locale\" content=\"sv_SE\" \/>\n<meta property=\"og:type\" content=\"article\" \/>\n<meta property=\"og:title\" content=\"Tekla kuddfodral beige 50x50cm - Oy Noortrade Ab\" \/>\n<meta property=\"og:description\" content=\"Uppgradera din inredning med ett elegant kuddfodral. Kuddfodralet \u00e4r t\u00e4ckt med en vacker och stilful brodyr som t\u00e4cker hela framsidan vilket ger en lyxig k\u00e4nsla. Tyget som har en linneliknande k\u00e4nsla och utseende vilket g\u00f6r att kuddfodralet k\u00e4nns exklusivt. Dold dragkedja p\u00e5 baksidan. M\u00e5tt: 50 x 50 cm. Innerkudde k\u00f6pes separat. Material: 100% bomull Sk\u00f6tselr\u00e5d: [&hellip;]\" \/>\n<meta property=\"og:url\" content=\"https:\/\/shop.noor.fi\/produkt\/tekla-tyynynpaallinen-beige-50x50cm\/\" \/>\n<meta property=\"og:site_name\" content=\"Oy Noortrade Ab\" \/>\n<meta property=\"article:modified_time\" content=\"2026-05-05T06:25:48+00:00\" \/>\n<meta property=\"og:image\" content=\"https:\/\/shop.noor.fi\/wp-content\/uploads\/2025\/04\/7332623427487.jpg\" \/>\n\t<meta property=\"og:image:width\" content=\"1210\" \/>\n\t<meta property=\"og:image:height\" content=\"1210\" \/>\n\t<meta property=\"og:image:type\" content=\"image\/jpeg\" \/>\n<meta name=\"twitter:card\" content=\"summary_large_image\" \/>\n<meta name=\"twitter:label1\" content=\"Ber\u00e4knad l\u00e4stid\" \/>\n\t<meta name=\"twitter:data1\" content=\"1 minut\" \/>\n<script type=\"application\/ld+json\" class=\"yoast-schema-graph\">{\"@context\":\"https:\\\/\\\/schema.org\",\"@graph\":[{\"@type\":\"WebPage\",\"@id\":\"https:\\\/\\\/shop.noor.fi\\\/produkt\\\/tekla-tyynynpaallinen-beige-50x50cm\\\/\",\"url\":\"https:\\\/\\\/shop.noor.fi\\\/produkt\\\/tekla-tyynynpaallinen-beige-50x50cm\\\/\",\"name\":\"Tekla kuddfodral beige 50x50cm - Oy Noortrade Ab\",\"isPartOf\":{\"@id\":\"https:\\\/\\\/shopnoorfi-wp31835.test.cchosting.fi\\\/#website\"},\"primaryImageOfPage\":{\"@id\":\"https:\\\/\\\/shop.noor.fi\\\/produkt\\\/tekla-tyynynpaallinen-beige-50x50cm\\\/#primaryimage\"},\"image\":{\"@id\":\"https:\\\/\\\/shop.noor.fi\\\/produkt\\\/tekla-tyynynpaallinen-beige-50x50cm\\\/#primaryimage\"},\"thumbnailUrl\":\"https:\\\/\\\/shop.noor.fi\\\/wp-content\\\/uploads\\\/2025\\\/04\\\/7332623427487.jpg\",\"datePublished\":\"2025-04-24T12:17:20+00:00\",\"dateModified\":\"2026-05-05T06:25:48+00:00\",\"breadcrumb\":{\"@id\":\"https:\\\/\\\/shop.noor.fi\\\/produkt\\\/tekla-tyynynpaallinen-beige-50x50cm\\\/#breadcrumb\"},\"inLanguage\":\"sv-SE\",\"potentialAction\":[{\"@type\":\"ReadAction\",\"target\":[\"https:\\\/\\\/shop.noor.fi\\\/produkt\\\/tekla-tyynynpaallinen-beige-50x50cm\\\/\"]}]},{\"@type\":\"ImageObject\",\"inLanguage\":\"sv-SE\",\"@id\":\"https:\\\/\\\/shop.noor.fi\\\/produkt\\\/tekla-tyynynpaallinen-beige-50x50cm\\\/#primaryimage\",\"url\":\"https:\\\/\\\/shop.noor.fi\\\/wp-content\\\/uploads\\\/2025\\\/04\\\/7332623427487.jpg\",\"contentUrl\":\"https:\\\/\\\/shop.noor.fi\\\/wp-content\\\/uploads\\\/2025\\\/04\\\/7332623427487.jpg\",\"width\":1210,\"height\":1210},{\"@type\":\"BreadcrumbList\",\"@id\":\"https:\\\/\\\/shop.noor.fi\\\/produkt\\\/tekla-tyynynpaallinen-beige-50x50cm\\\/#breadcrumb\",\"itemListElement\":[{\"@type\":\"ListItem\",\"position\":1,\"name\":\"Etusivu\",\"item\":\"https:\\\/\\\/shop.noor.fi\\\/sv\\\/\"},{\"@type\":\"ListItem\",\"position\":2,\"name\":\"Butik\",\"item\":\"https:\\\/\\\/shopnoorfi-wp31835.test.cchosting.fi\\\/sv\\\/butik\\\/\"},{\"@type\":\"ListItem\",\"position\":3,\"name\":\"Tekla kuddfodral beige 50x50cm\"}]},{\"@type\":\"WebSite\",\"@id\":\"https:\\\/\\\/shopnoorfi-wp31835.test.cchosting.fi\\\/#website\",\"url\":\"https:\\\/\\\/shopnoorfi-wp31835.test.cchosting.fi\\\/\",\"name\":\"Oy Noortrade Ab\",\"description\":\"Finnish family owned company with over 30 years of professional experience in lighting &amp; interior products import and sales - reliably.\",\"publisher\":{\"@id\":\"https:\\\/\\\/shopnoorfi-wp31835.test.cchosting.fi\\\/#organization\"},\"potentialAction\":[{\"@type\":\"SearchAction\",\"target\":{\"@type\":\"EntryPoint\",\"urlTemplate\":\"https:\\\/\\\/shopnoorfi-wp31835.test.cchosting.fi\\\/?s={search_term_string}\"},\"query-input\":{\"@type\":\"PropertyValueSpecification\",\"valueRequired\":true,\"valueName\":\"search_term_string\"}}],\"inLanguage\":\"sv-SE\"},{\"@type\":\"Organization\",\"@id\":\"https:\\\/\\\/shopnoorfi-wp31835.test.cchosting.fi\\\/#organization\",\"name\":\"Oy Noortrade Ab\",\"url\":\"https:\\\/\\\/shopnoorfi-wp31835.test.cchosting.fi\\\/\",\"logo\":{\"@type\":\"ImageObject\",\"inLanguage\":\"sv-SE\",\"@id\":\"https:\\\/\\\/shopnoorfi-wp31835.test.cchosting.fi\\\/#\\\/schema\\\/logo\\\/image\\\/\",\"url\":\"https:\\\/\\\/shop.noor.fi\\\/wp-content\\\/uploads\\\/2024\\\/01\\\/Oy-Noortrade-Ab-Corbel-VERSAL-bold-BLACK.png\",\"contentUrl\":\"https:\\\/\\\/shop.noor.fi\\\/wp-content\\\/uploads\\\/2024\\\/01\\\/Oy-Noortrade-Ab-Corbel-VERSAL-bold-BLACK.png\",\"width\":721,\"height\":177,\"caption\":\"Oy Noortrade Ab\"},\"image\":{\"@id\":\"https:\\\/\\\/shopnoorfi-wp31835.test.cchosting.fi\\\/#\\\/schema\\\/logo\\\/image\\\/\"}}]}<\/script>\n<!-- \/ Yoast SEO plugin. -->","yoast_head_json":{"title":"Tekla kuddfodral beige 50x50cm - Oy Noortrade Ab","robots":{"index":"index","follow":"follow","max-snippet":"max-snippet:-1","max-image-preview":"max-image-preview:large","max-video-preview":"max-video-preview:-1"},"canonical":"https:\/\/shop.noor.fi\/produkt\/tekla-tyynynpaallinen-beige-50x50cm\/","og_locale":"sv_SE","og_type":"article","og_title":"Tekla kuddfodral beige 50x50cm - Oy Noortrade Ab","og_description":"Uppgradera din inredning med ett elegant kuddfodral. Kuddfodralet \u00e4r t\u00e4ckt med en vacker och stilful brodyr som t\u00e4cker hela framsidan vilket ger en lyxig k\u00e4nsla. Tyget som har en linneliknande k\u00e4nsla och utseende vilket g\u00f6r att kuddfodralet k\u00e4nns exklusivt. Dold dragkedja p\u00e5 baksidan. M\u00e5tt: 50 x 50 cm. Innerkudde k\u00f6pes separat. Material: 100% bomull Sk\u00f6tselr\u00e5d: [&hellip;]","og_url":"https:\/\/shop.noor.fi\/produkt\/tekla-tyynynpaallinen-beige-50x50cm\/","og_site_name":"Oy Noortrade Ab","article_modified_time":"2026-05-05T06:25:48+00:00","og_image":[{"width":1210,"height":1210,"url":"https:\/\/shop.noor.fi\/wp-content\/uploads\/2025\/04\/7332623427487.jpg","type":"image\/jpeg"}],"twitter_card":"summary_large_image","twitter_misc":{"Ber\u00e4knad l\u00e4stid":"1 minut"},"schema":{"@context":"https:\/\/schema.org","@graph":[{"@type":"WebPage","@id":"https:\/\/shop.noor.fi\/produkt\/tekla-tyynynpaallinen-beige-50x50cm\/","url":"https:\/\/shop.noor.fi\/produkt\/tekla-tyynynpaallinen-beige-50x50cm\/","name":"Tekla kuddfodral beige 50x50cm - Oy Noortrade Ab","isPartOf":{"@id":"https:\/\/shopnoorfi-wp31835.test.cchosting.fi\/#website"},"primaryImageOfPage":{"@id":"https:\/\/shop.noor.fi\/produkt\/tekla-tyynynpaallinen-beige-50x50cm\/#primaryimage"},"image":{"@id":"https:\/\/shop.noor.fi\/produkt\/tekla-tyynynpaallinen-beige-50x50cm\/#primaryimage"},"thumbnailUrl":"https:\/\/shop.noor.fi\/wp-content\/uploads\/2025\/04\/7332623427487.jpg","datePublished":"2025-04-24T12:17:20+00:00","dateModified":"2026-05-05T06:25:48+00:00","breadcrumb":{"@id":"https:\/\/shop.noor.fi\/produkt\/tekla-tyynynpaallinen-beige-50x50cm\/#breadcrumb"},"inLanguage":"sv-SE","potentialAction":[{"@type":"ReadAction","target":["https:\/\/shop.noor.fi\/produkt\/tekla-tyynynpaallinen-beige-50x50cm\/"]}]},{"@type":"ImageObject","inLanguage":"sv-SE","@id":"https:\/\/shop.noor.fi\/produkt\/tekla-tyynynpaallinen-beige-50x50cm\/#primaryimage","url":"https:\/\/shop.noor.fi\/wp-content\/uploads\/2025\/04\/7332623427487.jpg","contentUrl":"https:\/\/shop.noor.fi\/wp-content\/uploads\/2025\/04\/7332623427487.jpg","width":1210,"height":1210},{"@type":"BreadcrumbList","@id":"https:\/\/shop.noor.fi\/produkt\/tekla-tyynynpaallinen-beige-50x50cm\/#breadcrumb","itemListElement":[{"@type":"ListItem","position":1,"name":"Etusivu","item":"https:\/\/shop.noor.fi\/sv\/"},{"@type":"ListItem","position":2,"name":"Butik","item":"https:\/\/shopnoorfi-wp31835.test.cchosting.fi\/sv\/butik\/"},{"@type":"ListItem","position":3,"name":"Tekla kuddfodral beige 50x50cm"}]},{"@type":"WebSite","@id":"https:\/\/shopnoorfi-wp31835.test.cchosting.fi\/#website","url":"https:\/\/shopnoorfi-wp31835.test.cchosting.fi\/","name":"Oy Noortrade Ab","description":"Finnish family owned company with over 30 years of professional experience in lighting &amp; interior products import and sales - reliably.","publisher":{"@id":"https:\/\/shopnoorfi-wp31835.test.cchosting.fi\/#organization"},"potentialAction":[{"@type":"SearchAction","target":{"@type":"EntryPoint","urlTemplate":"https:\/\/shopnoorfi-wp31835.test.cchosting.fi\/?s={search_term_string}"},"query-input":{"@type":"PropertyValueSpecification","valueRequired":true,"valueName":"search_term_string"}}],"inLanguage":"sv-SE"},{"@type":"Organization","@id":"https:\/\/shopnoorfi-wp31835.test.cchosting.fi\/#organization","name":"Oy Noortrade Ab","url":"https:\/\/shopnoorfi-wp31835.test.cchosting.fi\/","logo":{"@type":"ImageObject","inLanguage":"sv-SE","@id":"https:\/\/shopnoorfi-wp31835.test.cchosting.fi\/#\/schema\/logo\/image\/","url":"https:\/\/shop.noor.fi\/wp-content\/uploads\/2024\/01\/Oy-Noortrade-Ab-Corbel-VERSAL-bold-BLACK.png","contentUrl":"https:\/\/shop.noor.fi\/wp-content\/uploads\/2024\/01\/Oy-Noortrade-Ab-Corbel-VERSAL-bold-BLACK.png","width":721,"height":177,"caption":"Oy Noortrade Ab"},"image":{"@id":"https:\/\/shopnoorfi-wp31835.test.cchosting.fi\/#\/schema\/logo\/image\/"}}]}},"brands":[{"id":28738,"name":"Svanefors","slug":"svanefors"}],"_links":{"self":[{"href":"https:\/\/shop.noor.fi\/sv\/wp-json\/wp\/v2\/product\/128548","targetHints":{"allow":["GET"]}}],"collection":[{"href":"https:\/\/shop.noor.fi\/sv\/wp-json\/wp\/v2\/product"}],"about":[{"href":"https:\/\/shop.noor.fi\/sv\/wp-json\/wp\/v2\/types\/product"}],"replies":[{"embeddable":true,"href":"https:\/\/shop.noor.fi\/sv\/wp-json\/wp\/v2\/comments?post=128548"}],"wp:featuredmedia":[{"embeddable":true,"href":"https:\/\/shop.noor.fi\/sv\/wp-json\/wp\/v2\/media\/130169"}],"wp:attachment":[{"href":"https:\/\/shop.noor.fi\/sv\/wp-json\/wp\/v2\/media?parent=128548"}],"wp:term":[{"taxonomy":"pwb-brand","embeddable":true,"href":"https:\/\/shop.noor.fi\/sv\/wp-json\/wp\/v2\/pwb-brand?post=128548"},{"taxonomy":"product_brand","embeddable":true,"href":"https:\/\/shop.noor.fi\/sv\/wp-json\/wp\/v2\/product_brand?post=128548"},{"taxonomy":"product_cat","embeddable":true,"href":"https:\/\/shop.noor.fi\/sv\/wp-json\/wp\/v2\/product_cat?post=128548"},{"taxonomy":"product_tag","embeddable":true,"href":"https:\/\/shop.noor.fi\/sv\/wp-json\/wp\/v2\/product_tag?post=128548"}],"curies":[{"name":"wp","href":"https:\/\/api.w.org\/{rel}","templated":true}]}}