{"id":127375,"date":"2025-03-07T10:48:06","date_gmt":"2025-03-07T08:48:06","guid":{"rendered":"https:\/\/shop.noor.fi\/product\/induktionsplatta-cta-1800-in\/"},"modified":"2026-02-27T11:44:07","modified_gmt":"2026-02-27T09:44:07","slug":"induktionsplatta-cta-1800-in","status":"publish","type":"product","link":"https:\/\/shop.noor.fi\/sv\/produkt\/induktionsplatta-cta-1800-in\/","title":{"rendered":"Induktionsplatta CTA 1800\/IN"},"content":{"rendered":"<p>Induktion \u00e4r ett modernt, effektivt och ekonomiskt s\u00e4tt att laga mat. Matlagningen g\u00e5r snabbare n\u00e4r v\u00e4rmen genereras direkt i botten av kokk\u00e4rlet och inte i kokytan f\u00f6rst. Rommelsbacher CTA 1800\/IN induktionsplatta \u00e4r en superl\u00e4tt, tyst och beh\u00e4ndig mobil kokplatta som kan anv\u00e4ndas hemma, i semesterbostaden eller i husbilen. Kokplattan har behovsbaserad begr\u00e4nsning av str\u00f6m\/effekt till det befintliga eln\u00e4tet eller till tillg\u00e4nglig str\u00f6m.<br \/>\nDen kompakta designen \u00e4r platsbesparande och den glaskeramiska ytan \u00e4r l\u00e4ttsk\u00f6tt.<br \/>\nAndra funktioner som grytdetektering, restv\u00e4rmeindikator, \u00f6verhettningsskydd, automatisk avst\u00e4ngning och halkfria silikonf\u00f6tter garanterar en h\u00f6g s\u00e4kerhetsniv\u00e5 f\u00f6r anv\u00e4ndaren. Denna induktionsplatta har ocks\u00e5 en optimerad kylning som m\u00f6jligg\u00f6r supertyst drift.<br \/>\nKokplattan kontrolleras via touchkontroll.<\/p>\n<p>Induktionsplattan \u00e4r kompatibel med kokk\u00e4rl med ferromagnetiskt botten. S\u00e4tt en vanlig magnet p\u00e5 undersidan av kokk\u00e4rlet. Om den f\u00e4ster, kan kokk\u00e4rlet anv\u00e4ndas p\u00e5 induktionsplattan.<\/p>\n<p>LED-display<br \/>\nKompakt design, superl\u00e4tt<br \/>\nL\u00e4ttsk\u00f6tt robust glaskeramisk yta<br \/>\nKokzon \u00d812 \u2013 20 cm<br \/>\nKontrolleras via touchkontroll<br \/>\n9 effektniv\u00e5er<br \/>\nPOWER-omkopplare: behovsbaserad begr\u00e4nsning av str\u00f6m\/effekt till det befintliga eln\u00e4tet eller till tillg\u00e4nglig str\u00f6m<br \/>\n &#8211; 4-amp inst\u00e4llning (effekt upp till 800 W) \u2013 f\u00f6r anv\u00e4ndning med solcellssystem, n\u00f6dkraftsgeneratorer, kraftverk\/mobila lagringssystem<br \/>\n &#8211; 6-amp inst\u00e4llning (effekt upp till 1250 W) \u2013 f\u00f6r drift p\u00e5 campingplatser eller med inverter i husbilen<br \/>\n &#8211; 10-amp inst\u00e4llning (effekt upp till 1800 W) \u2013 f\u00f6r anv\u00e4ndning med landstr\u00f6m eller med normal n\u00e4tstr\u00f6m hemma<br \/>\n &#8211; minnesfunktion: vald ampereinst\u00e4llning kan lagras f\u00f6r n\u00e4sta anv\u00e4ndning<br \/>\nMycket l\u00e4ttanv\u00e4nd<br \/>\nTyst drift tack vare optimerad kylning<br \/>\nGrytdetektering , restv\u00e4rmeindikator, indikatorlampa<br \/>\n\u00d6verhettningsskydd<br \/>\nAutomatisk avst\u00e4ngning<br \/>\nAnti-slip silikonf\u00f6tter<br \/>\nAvtagbar sladd<br \/>\nBeh\u00e4ndig f\u00f6rvaringsp\u00e5se<\/p>\n","protected":false},"excerpt":{"rendered":"<p>Induktion \u00e4r ett modernt, effektivt och ekonomiskt s\u00e4tt att laga mat. Matlagningen g\u00e5r snabbare n\u00e4r v\u00e4rmen genereras direkt i botten av kokk\u00e4rlet och inte i kokytan f\u00f6rst. Rommelsbacher CTA 1800\/IN induktionsplatta \u00e4r en superl\u00e4tt, tyst och beh\u00e4ndig mobil kokplatta som kan anv\u00e4ndas hemma, i semesterbostaden eller i husbilen. Kokplattan har behovsbaserad begr\u00e4nsning av str\u00f6m\/effekt till [&hellip;]<\/p>\n","protected":false},"featured_media":127631,"comment_status":"open","ping_status":"closed","template":"","meta":{"_acf_changed":false,"_relevanssi_hide_post":"","_relevanssi_hide_content":"","_relevanssi_pin_for_all":"","_relevanssi_pin_keywords":"","_relevanssi_unpin_keywords":"","_relevanssi_related_keywords":"","_relevanssi_related_include_ids":"","_relevanssi_related_exclude_ids":"","_relevanssi_related_no_append":"","_relevanssi_related_not_related":"","_relevanssi_related_posts":"","_relevanssi_noindex_reason":""},"pwb-brand":[37500,37696],"product_brand":[],"product_cat":[37012,37035],"product_tag":[],"class_list":{"0":"post-127375","1":"product","2":"type-product","3":"status-publish","4":"has-post-thumbnail","6":"pwb-brand-rommelsbacher","7":"pwb-brand-rommelsbacher-sv","8":"product_cat-keittiokoneet","9":"product_cat-koksmaskiner","11":"first","12":"instock","13":"taxable","14":"shipping-taxable","15":"purchasable","16":"product-type-simple"},"acf":[],"yoast_head":"<!-- This site is optimized with the Yoast SEO plugin v27.5 - https:\/\/yoast.com\/product\/yoast-seo-wordpress\/ -->\n<title>Induktionsplatta CTA 1800\/IN - Oy Noortrade Ab<\/title>\n<meta name=\"robots\" content=\"index, follow, max-snippet:-1, max-image-preview:large, max-video-preview:-1\" \/>\n<link rel=\"canonical\" href=\"https:\/\/shop.noor.fi\/produkt\/induktiokeittolevy-cta-1800-in\/\" \/>\n<meta property=\"og:locale\" content=\"sv_SE\" \/>\n<meta property=\"og:type\" content=\"article\" \/>\n<meta property=\"og:title\" content=\"Induktionsplatta CTA 1800\/IN - Oy Noortrade Ab\" \/>\n<meta property=\"og:description\" content=\"Induktion \u00e4r ett modernt, effektivt och ekonomiskt s\u00e4tt att laga mat. Matlagningen g\u00e5r snabbare n\u00e4r v\u00e4rmen genereras direkt i botten av kokk\u00e4rlet och inte i kokytan f\u00f6rst. Rommelsbacher CTA 1800\/IN induktionsplatta \u00e4r en superl\u00e4tt, tyst och beh\u00e4ndig mobil kokplatta som kan anv\u00e4ndas hemma, i semesterbostaden eller i husbilen. Kokplattan har behovsbaserad begr\u00e4nsning av str\u00f6m\/effekt till [&hellip;]\" \/>\n<meta property=\"og:url\" content=\"https:\/\/shop.noor.fi\/produkt\/induktiokeittolevy-cta-1800-in\/\" \/>\n<meta property=\"og:site_name\" content=\"Oy Noortrade Ab\" \/>\n<meta property=\"article:modified_time\" content=\"2026-02-27T09:44:07+00:00\" \/>\n<meta property=\"og:image\" content=\"https:\/\/shop.noor.fi\/wp-content\/uploads\/2025\/02\/4001797676016.jpg\" \/>\n\t<meta property=\"og:image:width\" content=\"1000\" \/>\n\t<meta property=\"og:image:height\" content=\"1000\" \/>\n\t<meta property=\"og:image:type\" content=\"image\/jpeg\" \/>\n<meta name=\"twitter:card\" content=\"summary_large_image\" \/>\n<meta name=\"twitter:label1\" content=\"Ber\u00e4knad l\u00e4stid\" \/>\n\t<meta name=\"twitter:data1\" content=\"2 minuter\" \/>\n<script type=\"application\/ld+json\" class=\"yoast-schema-graph\">{\"@context\":\"https:\\\/\\\/schema.org\",\"@graph\":[{\"@type\":\"WebPage\",\"@id\":\"https:\\\/\\\/shop.noor.fi\\\/produkt\\\/induktiokeittolevy-cta-1800-in\\\/\",\"url\":\"https:\\\/\\\/shop.noor.fi\\\/produkt\\\/induktiokeittolevy-cta-1800-in\\\/\",\"name\":\"Induktionsplatta CTA 1800\\\/IN - Oy Noortrade Ab\",\"isPartOf\":{\"@id\":\"https:\\\/\\\/shopnoorfi-wp31835.test.cchosting.fi\\\/#website\"},\"primaryImageOfPage\":{\"@id\":\"https:\\\/\\\/shop.noor.fi\\\/produkt\\\/induktiokeittolevy-cta-1800-in\\\/#primaryimage\"},\"image\":{\"@id\":\"https:\\\/\\\/shop.noor.fi\\\/produkt\\\/induktiokeittolevy-cta-1800-in\\\/#primaryimage\"},\"thumbnailUrl\":\"https:\\\/\\\/shop.noor.fi\\\/wp-content\\\/uploads\\\/2025\\\/02\\\/4001797676016.jpg\",\"datePublished\":\"2025-03-07T08:48:06+00:00\",\"dateModified\":\"2026-02-27T09:44:07+00:00\",\"breadcrumb\":{\"@id\":\"https:\\\/\\\/shop.noor.fi\\\/produkt\\\/induktiokeittolevy-cta-1800-in\\\/#breadcrumb\"},\"inLanguage\":\"sv-SE\",\"potentialAction\":[{\"@type\":\"ReadAction\",\"target\":[\"https:\\\/\\\/shop.noor.fi\\\/produkt\\\/induktiokeittolevy-cta-1800-in\\\/\"]}]},{\"@type\":\"ImageObject\",\"inLanguage\":\"sv-SE\",\"@id\":\"https:\\\/\\\/shop.noor.fi\\\/produkt\\\/induktiokeittolevy-cta-1800-in\\\/#primaryimage\",\"url\":\"https:\\\/\\\/shop.noor.fi\\\/wp-content\\\/uploads\\\/2025\\\/02\\\/4001797676016.jpg\",\"contentUrl\":\"https:\\\/\\\/shop.noor.fi\\\/wp-content\\\/uploads\\\/2025\\\/02\\\/4001797676016.jpg\",\"width\":1000,\"height\":1000},{\"@type\":\"BreadcrumbList\",\"@id\":\"https:\\\/\\\/shop.noor.fi\\\/produkt\\\/induktiokeittolevy-cta-1800-in\\\/#breadcrumb\",\"itemListElement\":[{\"@type\":\"ListItem\",\"position\":1,\"name\":\"Etusivu\",\"item\":\"https:\\\/\\\/shop.noor.fi\\\/sv\\\/\"},{\"@type\":\"ListItem\",\"position\":2,\"name\":\"Butik\",\"item\":\"https:\\\/\\\/shopnoorfi-wp31835.test.cchosting.fi\\\/sv\\\/butik\\\/\"},{\"@type\":\"ListItem\",\"position\":3,\"name\":\"Induktionsplatta CTA 1800\\\/IN\"}]},{\"@type\":\"WebSite\",\"@id\":\"https:\\\/\\\/shopnoorfi-wp31835.test.cchosting.fi\\\/#website\",\"url\":\"https:\\\/\\\/shopnoorfi-wp31835.test.cchosting.fi\\\/\",\"name\":\"Oy Noortrade Ab\",\"description\":\"Finnish family owned company with over 30 years of professional experience in lighting &amp; interior products import and sales - reliably.\",\"publisher\":{\"@id\":\"https:\\\/\\\/shopnoorfi-wp31835.test.cchosting.fi\\\/#organization\"},\"potentialAction\":[{\"@type\":\"SearchAction\",\"target\":{\"@type\":\"EntryPoint\",\"urlTemplate\":\"https:\\\/\\\/shopnoorfi-wp31835.test.cchosting.fi\\\/?s={search_term_string}\"},\"query-input\":{\"@type\":\"PropertyValueSpecification\",\"valueRequired\":true,\"valueName\":\"search_term_string\"}}],\"inLanguage\":\"sv-SE\"},{\"@type\":\"Organization\",\"@id\":\"https:\\\/\\\/shopnoorfi-wp31835.test.cchosting.fi\\\/#organization\",\"name\":\"Oy Noortrade Ab\",\"url\":\"https:\\\/\\\/shopnoorfi-wp31835.test.cchosting.fi\\\/\",\"logo\":{\"@type\":\"ImageObject\",\"inLanguage\":\"sv-SE\",\"@id\":\"https:\\\/\\\/shopnoorfi-wp31835.test.cchosting.fi\\\/#\\\/schema\\\/logo\\\/image\\\/\",\"url\":\"https:\\\/\\\/shop.noor.fi\\\/wp-content\\\/uploads\\\/2024\\\/01\\\/Oy-Noortrade-Ab-Corbel-VERSAL-bold-BLACK.png\",\"contentUrl\":\"https:\\\/\\\/shop.noor.fi\\\/wp-content\\\/uploads\\\/2024\\\/01\\\/Oy-Noortrade-Ab-Corbel-VERSAL-bold-BLACK.png\",\"width\":721,\"height\":177,\"caption\":\"Oy Noortrade Ab\"},\"image\":{\"@id\":\"https:\\\/\\\/shopnoorfi-wp31835.test.cchosting.fi\\\/#\\\/schema\\\/logo\\\/image\\\/\"}}]}<\/script>\n<!-- \/ Yoast SEO plugin. -->","yoast_head_json":{"title":"Induktionsplatta CTA 1800\/IN - Oy Noortrade Ab","robots":{"index":"index","follow":"follow","max-snippet":"max-snippet:-1","max-image-preview":"max-image-preview:large","max-video-preview":"max-video-preview:-1"},"canonical":"https:\/\/shop.noor.fi\/produkt\/induktiokeittolevy-cta-1800-in\/","og_locale":"sv_SE","og_type":"article","og_title":"Induktionsplatta CTA 1800\/IN - Oy Noortrade Ab","og_description":"Induktion \u00e4r ett modernt, effektivt och ekonomiskt s\u00e4tt att laga mat. Matlagningen g\u00e5r snabbare n\u00e4r v\u00e4rmen genereras direkt i botten av kokk\u00e4rlet och inte i kokytan f\u00f6rst. Rommelsbacher CTA 1800\/IN induktionsplatta \u00e4r en superl\u00e4tt, tyst och beh\u00e4ndig mobil kokplatta som kan anv\u00e4ndas hemma, i semesterbostaden eller i husbilen. Kokplattan har behovsbaserad begr\u00e4nsning av str\u00f6m\/effekt till [&hellip;]","og_url":"https:\/\/shop.noor.fi\/produkt\/induktiokeittolevy-cta-1800-in\/","og_site_name":"Oy Noortrade Ab","article_modified_time":"2026-02-27T09:44:07+00:00","og_image":[{"width":1000,"height":1000,"url":"https:\/\/shop.noor.fi\/wp-content\/uploads\/2025\/02\/4001797676016.jpg","type":"image\/jpeg"}],"twitter_card":"summary_large_image","twitter_misc":{"Ber\u00e4knad l\u00e4stid":"2 minuter"},"schema":{"@context":"https:\/\/schema.org","@graph":[{"@type":"WebPage","@id":"https:\/\/shop.noor.fi\/produkt\/induktiokeittolevy-cta-1800-in\/","url":"https:\/\/shop.noor.fi\/produkt\/induktiokeittolevy-cta-1800-in\/","name":"Induktionsplatta CTA 1800\/IN - Oy Noortrade Ab","isPartOf":{"@id":"https:\/\/shopnoorfi-wp31835.test.cchosting.fi\/#website"},"primaryImageOfPage":{"@id":"https:\/\/shop.noor.fi\/produkt\/induktiokeittolevy-cta-1800-in\/#primaryimage"},"image":{"@id":"https:\/\/shop.noor.fi\/produkt\/induktiokeittolevy-cta-1800-in\/#primaryimage"},"thumbnailUrl":"https:\/\/shop.noor.fi\/wp-content\/uploads\/2025\/02\/4001797676016.jpg","datePublished":"2025-03-07T08:48:06+00:00","dateModified":"2026-02-27T09:44:07+00:00","breadcrumb":{"@id":"https:\/\/shop.noor.fi\/produkt\/induktiokeittolevy-cta-1800-in\/#breadcrumb"},"inLanguage":"sv-SE","potentialAction":[{"@type":"ReadAction","target":["https:\/\/shop.noor.fi\/produkt\/induktiokeittolevy-cta-1800-in\/"]}]},{"@type":"ImageObject","inLanguage":"sv-SE","@id":"https:\/\/shop.noor.fi\/produkt\/induktiokeittolevy-cta-1800-in\/#primaryimage","url":"https:\/\/shop.noor.fi\/wp-content\/uploads\/2025\/02\/4001797676016.jpg","contentUrl":"https:\/\/shop.noor.fi\/wp-content\/uploads\/2025\/02\/4001797676016.jpg","width":1000,"height":1000},{"@type":"BreadcrumbList","@id":"https:\/\/shop.noor.fi\/produkt\/induktiokeittolevy-cta-1800-in\/#breadcrumb","itemListElement":[{"@type":"ListItem","position":1,"name":"Etusivu","item":"https:\/\/shop.noor.fi\/sv\/"},{"@type":"ListItem","position":2,"name":"Butik","item":"https:\/\/shopnoorfi-wp31835.test.cchosting.fi\/sv\/butik\/"},{"@type":"ListItem","position":3,"name":"Induktionsplatta CTA 1800\/IN"}]},{"@type":"WebSite","@id":"https:\/\/shopnoorfi-wp31835.test.cchosting.fi\/#website","url":"https:\/\/shopnoorfi-wp31835.test.cchosting.fi\/","name":"Oy Noortrade Ab","description":"Finnish family owned company with over 30 years of professional experience in lighting &amp; interior products import and sales - reliably.","publisher":{"@id":"https:\/\/shopnoorfi-wp31835.test.cchosting.fi\/#organization"},"potentialAction":[{"@type":"SearchAction","target":{"@type":"EntryPoint","urlTemplate":"https:\/\/shopnoorfi-wp31835.test.cchosting.fi\/?s={search_term_string}"},"query-input":{"@type":"PropertyValueSpecification","valueRequired":true,"valueName":"search_term_string"}}],"inLanguage":"sv-SE"},{"@type":"Organization","@id":"https:\/\/shopnoorfi-wp31835.test.cchosting.fi\/#organization","name":"Oy Noortrade Ab","url":"https:\/\/shopnoorfi-wp31835.test.cchosting.fi\/","logo":{"@type":"ImageObject","inLanguage":"sv-SE","@id":"https:\/\/shopnoorfi-wp31835.test.cchosting.fi\/#\/schema\/logo\/image\/","url":"https:\/\/shop.noor.fi\/wp-content\/uploads\/2024\/01\/Oy-Noortrade-Ab-Corbel-VERSAL-bold-BLACK.png","contentUrl":"https:\/\/shop.noor.fi\/wp-content\/uploads\/2024\/01\/Oy-Noortrade-Ab-Corbel-VERSAL-bold-BLACK.png","width":721,"height":177,"caption":"Oy Noortrade Ab"},"image":{"@id":"https:\/\/shopnoorfi-wp31835.test.cchosting.fi\/#\/schema\/logo\/image\/"}}]}},"brands":[{"id":37500,"name":"Rommelsbacher","slug":"rommelsbacher"},{"id":37696,"name":"Rommelsbacher","slug":"rommelsbacher-sv"}],"_links":{"self":[{"href":"https:\/\/shop.noor.fi\/sv\/wp-json\/wp\/v2\/product\/127375","targetHints":{"allow":["GET"]}}],"collection":[{"href":"https:\/\/shop.noor.fi\/sv\/wp-json\/wp\/v2\/product"}],"about":[{"href":"https:\/\/shop.noor.fi\/sv\/wp-json\/wp\/v2\/types\/product"}],"replies":[{"embeddable":true,"href":"https:\/\/shop.noor.fi\/sv\/wp-json\/wp\/v2\/comments?post=127375"}],"wp:featuredmedia":[{"embeddable":true,"href":"https:\/\/shop.noor.fi\/sv\/wp-json\/wp\/v2\/media\/127631"}],"wp:attachment":[{"href":"https:\/\/shop.noor.fi\/sv\/wp-json\/wp\/v2\/media?parent=127375"}],"wp:term":[{"taxonomy":"pwb-brand","embeddable":true,"href":"https:\/\/shop.noor.fi\/sv\/wp-json\/wp\/v2\/pwb-brand?post=127375"},{"taxonomy":"product_brand","embeddable":true,"href":"https:\/\/shop.noor.fi\/sv\/wp-json\/wp\/v2\/product_brand?post=127375"},{"taxonomy":"product_cat","embeddable":true,"href":"https:\/\/shop.noor.fi\/sv\/wp-json\/wp\/v2\/product_cat?post=127375"},{"taxonomy":"product_tag","embeddable":true,"href":"https:\/\/shop.noor.fi\/sv\/wp-json\/wp\/v2\/product_tag?post=127375"}],"curies":[{"name":"wp","href":"https:\/\/api.w.org\/{rel}","templated":true}]}}