{"id":127321,"date":"2025-03-07T10:48:10","date_gmt":"2025-03-07T08:48:10","guid":{"rendered":"https:\/\/shop.noor.fi\/product\/mjolkskummare-ms-625\/"},"modified":"2026-02-27T11:43:55","modified_gmt":"2026-02-27T09:43:55","slug":"mjolkskummare-ms-625","status":"publish","type":"product","link":"https:\/\/shop.noor.fi\/sv\/produkt\/mjolkskummare-ms-625\/","title":{"rendered":"Mj\u00f6lkskummare MS 625"},"content":{"rendered":"<p>Med Rommelsbacher MS 625 mj\u00f6lkskummaren \u00e4r det enkelt och beh\u00e4ndigt att tillaga kallt eller varmt mj\u00f6lkskum. Du kan anv\u00e4nda antingen komj\u00f6lk eller v\u00e4xtbaserade alternativ, och anv\u00e4nd skummet f\u00f6r att g\u00f6ra klassiska och moderna kaffedelikatesser. Enheten har 5 olika program \u2013 varmt mj\u00f6lkskum antingen fast och finporigt eller kr\u00e4migt fint f\u00f6r t.ex. cappuccino och latte macchiato, kallt mj\u00f6lkskum f\u00f6r frapp\u00e9, varm omr\u00f6rd mj\u00f6lk f\u00f6r caffe latte eller chai latte samt l\u00e4tt omr\u00f6rd varm choklad.<br \/>\nDen l\u00e4ttanv\u00e4nda enheten har knapp f\u00f6r programval, start\/stopp-knapp och tydliga LED-indikatorer samt automatisk avst\u00e4ngning. Glaskannan och vispen \u00e4r avtagbara och l\u00e4tta att reng\u00f6ra. De kan \u00e4ven l\u00e4ggas i diskmaskinen.<\/p>\n<p>Perfekt mj\u00f6lkskum (varm &#038; kall), skonsamt uppv\u00e4rmda mj\u00f6lkdrycker, \u00e4ven av v\u00e4xtbaserade mj\u00f6lkalternativ (havre, soja, mandel m.m.)<br \/>\nAvtagbar glaskanna med glashandtag och transparent lock<br \/>\nAvtagbar universalvisp<br \/>\nStor kapacitet: 250 ml f\u00f6r skumning, 500 ml f\u00f6r omr\u00f6rning<br \/>\nIntegrerad v\u00e4rmning, ingen f\u00f6rv\u00e4rmning av mj\u00f6lken n\u00f6dv\u00e4ndig<br \/>\nL\u00e4ttanv\u00e4nd: knapp f\u00f6r programval, start\/stopp-knapp, tydliga LED-indikatorer, automatisk avst\u00e4ngning<br \/>\n5 program: finporigt fast mj\u00f6lkskum, kr\u00e4migt fint mj\u00f6lkskum, kallt mj\u00f6lkskum, varm omr\u00f6rd mj\u00f6lk, l\u00e4tt omr\u00f6rd varm choklad<br \/>\nS\u00e4kerhet under drift: kan endast startas med kannan p\u00e5 plats, signalton i slutet av programmet, anti-slip silikonf\u00f6tter<\/p>\n","protected":false},"excerpt":{"rendered":"<p>Med Rommelsbacher MS 625 mj\u00f6lkskummaren \u00e4r det enkelt och beh\u00e4ndigt att tillaga kallt eller varmt mj\u00f6lkskum. Du kan anv\u00e4nda antingen komj\u00f6lk eller v\u00e4xtbaserade alternativ, och anv\u00e4nd skummet f\u00f6r att g\u00f6ra klassiska och moderna kaffedelikatesser. Enheten har 5 olika program \u2013 varmt mj\u00f6lkskum antingen fast och finporigt eller kr\u00e4migt fint f\u00f6r t.ex. cappuccino och latte macchiato, [&hellip;]<\/p>\n","protected":false},"featured_media":127643,"comment_status":"open","ping_status":"closed","template":"","meta":{"_acf_changed":false,"_relevanssi_hide_post":"","_relevanssi_hide_content":"","_relevanssi_pin_for_all":"","_relevanssi_pin_keywords":"","_relevanssi_unpin_keywords":"","_relevanssi_related_keywords":"","_relevanssi_related_include_ids":"","_relevanssi_related_exclude_ids":"","_relevanssi_related_no_append":"","_relevanssi_related_not_related":"","_relevanssi_related_posts":"","_relevanssi_noindex_reason":""},"pwb-brand":[37500,37696],"product_brand":[],"product_cat":[37012,37035],"product_tag":[],"class_list":{"0":"post-127321","1":"product","2":"type-product","3":"status-publish","4":"has-post-thumbnail","6":"pwb-brand-rommelsbacher","7":"pwb-brand-rommelsbacher-sv","8":"product_cat-keittiokoneet","9":"product_cat-koksmaskiner","11":"first","12":"instock","13":"taxable","14":"shipping-taxable","15":"purchasable","16":"product-type-simple"},"acf":[],"yoast_head":"<!-- This site is optimized with the Yoast SEO plugin v27.5 - https:\/\/yoast.com\/product\/yoast-seo-wordpress\/ -->\n<title>Mj\u00f6lkskummare MS 625 - Oy Noortrade Ab<\/title>\n<meta name=\"robots\" content=\"index, follow, max-snippet:-1, max-image-preview:large, max-video-preview:-1\" \/>\n<link rel=\"canonical\" href=\"https:\/\/shop.noor.fi\/produkt\/maidonvaahdotin-ms-625\/\" \/>\n<meta property=\"og:locale\" content=\"sv_SE\" \/>\n<meta property=\"og:type\" content=\"article\" \/>\n<meta property=\"og:title\" content=\"Mj\u00f6lkskummare MS 625 - Oy Noortrade Ab\" \/>\n<meta property=\"og:description\" content=\"Med Rommelsbacher MS 625 mj\u00f6lkskummaren \u00e4r det enkelt och beh\u00e4ndigt att tillaga kallt eller varmt mj\u00f6lkskum. Du kan anv\u00e4nda antingen komj\u00f6lk eller v\u00e4xtbaserade alternativ, och anv\u00e4nd skummet f\u00f6r att g\u00f6ra klassiska och moderna kaffedelikatesser. Enheten har 5 olika program \u2013 varmt mj\u00f6lkskum antingen fast och finporigt eller kr\u00e4migt fint f\u00f6r t.ex. cappuccino och latte macchiato, [&hellip;]\" \/>\n<meta property=\"og:url\" content=\"https:\/\/shop.noor.fi\/produkt\/maidonvaahdotin-ms-625\/\" \/>\n<meta property=\"og:site_name\" content=\"Oy Noortrade Ab\" \/>\n<meta property=\"article:modified_time\" content=\"2026-02-27T09:43:55+00:00\" \/>\n<meta property=\"og:image\" content=\"https:\/\/shop.noor.fi\/wp-content\/uploads\/2025\/02\/4001797856500.jpg\" \/>\n\t<meta property=\"og:image:width\" content=\"1000\" \/>\n\t<meta property=\"og:image:height\" content=\"1000\" \/>\n\t<meta property=\"og:image:type\" content=\"image\/jpeg\" \/>\n<meta name=\"twitter:card\" content=\"summary_large_image\" \/>\n<meta name=\"twitter:label1\" content=\"Ber\u00e4knad l\u00e4stid\" \/>\n\t<meta name=\"twitter:data1\" content=\"2 minuter\" \/>\n<script type=\"application\/ld+json\" class=\"yoast-schema-graph\">{\"@context\":\"https:\\\/\\\/schema.org\",\"@graph\":[{\"@type\":\"WebPage\",\"@id\":\"https:\\\/\\\/shop.noor.fi\\\/produkt\\\/maidonvaahdotin-ms-625\\\/\",\"url\":\"https:\\\/\\\/shop.noor.fi\\\/produkt\\\/maidonvaahdotin-ms-625\\\/\",\"name\":\"Mj\u00f6lkskummare MS 625 - Oy Noortrade Ab\",\"isPartOf\":{\"@id\":\"https:\\\/\\\/shopnoorfi-wp31835.test.cchosting.fi\\\/#website\"},\"primaryImageOfPage\":{\"@id\":\"https:\\\/\\\/shop.noor.fi\\\/produkt\\\/maidonvaahdotin-ms-625\\\/#primaryimage\"},\"image\":{\"@id\":\"https:\\\/\\\/shop.noor.fi\\\/produkt\\\/maidonvaahdotin-ms-625\\\/#primaryimage\"},\"thumbnailUrl\":\"https:\\\/\\\/shop.noor.fi\\\/wp-content\\\/uploads\\\/2025\\\/02\\\/4001797856500.jpg\",\"datePublished\":\"2025-03-07T08:48:10+00:00\",\"dateModified\":\"2026-02-27T09:43:55+00:00\",\"breadcrumb\":{\"@id\":\"https:\\\/\\\/shop.noor.fi\\\/produkt\\\/maidonvaahdotin-ms-625\\\/#breadcrumb\"},\"inLanguage\":\"sv-SE\",\"potentialAction\":[{\"@type\":\"ReadAction\",\"target\":[\"https:\\\/\\\/shop.noor.fi\\\/produkt\\\/maidonvaahdotin-ms-625\\\/\"]}]},{\"@type\":\"ImageObject\",\"inLanguage\":\"sv-SE\",\"@id\":\"https:\\\/\\\/shop.noor.fi\\\/produkt\\\/maidonvaahdotin-ms-625\\\/#primaryimage\",\"url\":\"https:\\\/\\\/shop.noor.fi\\\/wp-content\\\/uploads\\\/2025\\\/02\\\/4001797856500.jpg\",\"contentUrl\":\"https:\\\/\\\/shop.noor.fi\\\/wp-content\\\/uploads\\\/2025\\\/02\\\/4001797856500.jpg\",\"width\":1000,\"height\":1000},{\"@type\":\"BreadcrumbList\",\"@id\":\"https:\\\/\\\/shop.noor.fi\\\/produkt\\\/maidonvaahdotin-ms-625\\\/#breadcrumb\",\"itemListElement\":[{\"@type\":\"ListItem\",\"position\":1,\"name\":\"Etusivu\",\"item\":\"https:\\\/\\\/shop.noor.fi\\\/sv\\\/\"},{\"@type\":\"ListItem\",\"position\":2,\"name\":\"Butik\",\"item\":\"https:\\\/\\\/shopnoorfi-wp31835.test.cchosting.fi\\\/sv\\\/butik\\\/\"},{\"@type\":\"ListItem\",\"position\":3,\"name\":\"Mj\u00f6lkskummare MS 625\"}]},{\"@type\":\"WebSite\",\"@id\":\"https:\\\/\\\/shopnoorfi-wp31835.test.cchosting.fi\\\/#website\",\"url\":\"https:\\\/\\\/shopnoorfi-wp31835.test.cchosting.fi\\\/\",\"name\":\"Oy Noortrade Ab\",\"description\":\"Finnish family owned company with over 30 years of professional experience in lighting &amp; interior products import and sales - reliably.\",\"publisher\":{\"@id\":\"https:\\\/\\\/shopnoorfi-wp31835.test.cchosting.fi\\\/#organization\"},\"potentialAction\":[{\"@type\":\"SearchAction\",\"target\":{\"@type\":\"EntryPoint\",\"urlTemplate\":\"https:\\\/\\\/shopnoorfi-wp31835.test.cchosting.fi\\\/?s={search_term_string}\"},\"query-input\":{\"@type\":\"PropertyValueSpecification\",\"valueRequired\":true,\"valueName\":\"search_term_string\"}}],\"inLanguage\":\"sv-SE\"},{\"@type\":\"Organization\",\"@id\":\"https:\\\/\\\/shopnoorfi-wp31835.test.cchosting.fi\\\/#organization\",\"name\":\"Oy Noortrade Ab\",\"url\":\"https:\\\/\\\/shopnoorfi-wp31835.test.cchosting.fi\\\/\",\"logo\":{\"@type\":\"ImageObject\",\"inLanguage\":\"sv-SE\",\"@id\":\"https:\\\/\\\/shopnoorfi-wp31835.test.cchosting.fi\\\/#\\\/schema\\\/logo\\\/image\\\/\",\"url\":\"https:\\\/\\\/shop.noor.fi\\\/wp-content\\\/uploads\\\/2024\\\/01\\\/Oy-Noortrade-Ab-Corbel-VERSAL-bold-BLACK.png\",\"contentUrl\":\"https:\\\/\\\/shop.noor.fi\\\/wp-content\\\/uploads\\\/2024\\\/01\\\/Oy-Noortrade-Ab-Corbel-VERSAL-bold-BLACK.png\",\"width\":721,\"height\":177,\"caption\":\"Oy Noortrade Ab\"},\"image\":{\"@id\":\"https:\\\/\\\/shopnoorfi-wp31835.test.cchosting.fi\\\/#\\\/schema\\\/logo\\\/image\\\/\"}}]}<\/script>\n<!-- \/ Yoast SEO plugin. -->","yoast_head_json":{"title":"Mj\u00f6lkskummare MS 625 - Oy Noortrade Ab","robots":{"index":"index","follow":"follow","max-snippet":"max-snippet:-1","max-image-preview":"max-image-preview:large","max-video-preview":"max-video-preview:-1"},"canonical":"https:\/\/shop.noor.fi\/produkt\/maidonvaahdotin-ms-625\/","og_locale":"sv_SE","og_type":"article","og_title":"Mj\u00f6lkskummare MS 625 - Oy Noortrade Ab","og_description":"Med Rommelsbacher MS 625 mj\u00f6lkskummaren \u00e4r det enkelt och beh\u00e4ndigt att tillaga kallt eller varmt mj\u00f6lkskum. Du kan anv\u00e4nda antingen komj\u00f6lk eller v\u00e4xtbaserade alternativ, och anv\u00e4nd skummet f\u00f6r att g\u00f6ra klassiska och moderna kaffedelikatesser. Enheten har 5 olika program \u2013 varmt mj\u00f6lkskum antingen fast och finporigt eller kr\u00e4migt fint f\u00f6r t.ex. cappuccino och latte macchiato, [&hellip;]","og_url":"https:\/\/shop.noor.fi\/produkt\/maidonvaahdotin-ms-625\/","og_site_name":"Oy Noortrade Ab","article_modified_time":"2026-02-27T09:43:55+00:00","og_image":[{"width":1000,"height":1000,"url":"https:\/\/shop.noor.fi\/wp-content\/uploads\/2025\/02\/4001797856500.jpg","type":"image\/jpeg"}],"twitter_card":"summary_large_image","twitter_misc":{"Ber\u00e4knad l\u00e4stid":"2 minuter"},"schema":{"@context":"https:\/\/schema.org","@graph":[{"@type":"WebPage","@id":"https:\/\/shop.noor.fi\/produkt\/maidonvaahdotin-ms-625\/","url":"https:\/\/shop.noor.fi\/produkt\/maidonvaahdotin-ms-625\/","name":"Mj\u00f6lkskummare MS 625 - Oy Noortrade Ab","isPartOf":{"@id":"https:\/\/shopnoorfi-wp31835.test.cchosting.fi\/#website"},"primaryImageOfPage":{"@id":"https:\/\/shop.noor.fi\/produkt\/maidonvaahdotin-ms-625\/#primaryimage"},"image":{"@id":"https:\/\/shop.noor.fi\/produkt\/maidonvaahdotin-ms-625\/#primaryimage"},"thumbnailUrl":"https:\/\/shop.noor.fi\/wp-content\/uploads\/2025\/02\/4001797856500.jpg","datePublished":"2025-03-07T08:48:10+00:00","dateModified":"2026-02-27T09:43:55+00:00","breadcrumb":{"@id":"https:\/\/shop.noor.fi\/produkt\/maidonvaahdotin-ms-625\/#breadcrumb"},"inLanguage":"sv-SE","potentialAction":[{"@type":"ReadAction","target":["https:\/\/shop.noor.fi\/produkt\/maidonvaahdotin-ms-625\/"]}]},{"@type":"ImageObject","inLanguage":"sv-SE","@id":"https:\/\/shop.noor.fi\/produkt\/maidonvaahdotin-ms-625\/#primaryimage","url":"https:\/\/shop.noor.fi\/wp-content\/uploads\/2025\/02\/4001797856500.jpg","contentUrl":"https:\/\/shop.noor.fi\/wp-content\/uploads\/2025\/02\/4001797856500.jpg","width":1000,"height":1000},{"@type":"BreadcrumbList","@id":"https:\/\/shop.noor.fi\/produkt\/maidonvaahdotin-ms-625\/#breadcrumb","itemListElement":[{"@type":"ListItem","position":1,"name":"Etusivu","item":"https:\/\/shop.noor.fi\/sv\/"},{"@type":"ListItem","position":2,"name":"Butik","item":"https:\/\/shopnoorfi-wp31835.test.cchosting.fi\/sv\/butik\/"},{"@type":"ListItem","position":3,"name":"Mj\u00f6lkskummare MS 625"}]},{"@type":"WebSite","@id":"https:\/\/shopnoorfi-wp31835.test.cchosting.fi\/#website","url":"https:\/\/shopnoorfi-wp31835.test.cchosting.fi\/","name":"Oy Noortrade Ab","description":"Finnish family owned company with over 30 years of professional experience in lighting &amp; interior products import and sales - reliably.","publisher":{"@id":"https:\/\/shopnoorfi-wp31835.test.cchosting.fi\/#organization"},"potentialAction":[{"@type":"SearchAction","target":{"@type":"EntryPoint","urlTemplate":"https:\/\/shopnoorfi-wp31835.test.cchosting.fi\/?s={search_term_string}"},"query-input":{"@type":"PropertyValueSpecification","valueRequired":true,"valueName":"search_term_string"}}],"inLanguage":"sv-SE"},{"@type":"Organization","@id":"https:\/\/shopnoorfi-wp31835.test.cchosting.fi\/#organization","name":"Oy Noortrade Ab","url":"https:\/\/shopnoorfi-wp31835.test.cchosting.fi\/","logo":{"@type":"ImageObject","inLanguage":"sv-SE","@id":"https:\/\/shopnoorfi-wp31835.test.cchosting.fi\/#\/schema\/logo\/image\/","url":"https:\/\/shop.noor.fi\/wp-content\/uploads\/2024\/01\/Oy-Noortrade-Ab-Corbel-VERSAL-bold-BLACK.png","contentUrl":"https:\/\/shop.noor.fi\/wp-content\/uploads\/2024\/01\/Oy-Noortrade-Ab-Corbel-VERSAL-bold-BLACK.png","width":721,"height":177,"caption":"Oy Noortrade Ab"},"image":{"@id":"https:\/\/shopnoorfi-wp31835.test.cchosting.fi\/#\/schema\/logo\/image\/"}}]}},"brands":[{"id":37500,"name":"Rommelsbacher","slug":"rommelsbacher"},{"id":37696,"name":"Rommelsbacher","slug":"rommelsbacher-sv"}],"_links":{"self":[{"href":"https:\/\/shop.noor.fi\/sv\/wp-json\/wp\/v2\/product\/127321","targetHints":{"allow":["GET"]}}],"collection":[{"href":"https:\/\/shop.noor.fi\/sv\/wp-json\/wp\/v2\/product"}],"about":[{"href":"https:\/\/shop.noor.fi\/sv\/wp-json\/wp\/v2\/types\/product"}],"replies":[{"embeddable":true,"href":"https:\/\/shop.noor.fi\/sv\/wp-json\/wp\/v2\/comments?post=127321"}],"wp:featuredmedia":[{"embeddable":true,"href":"https:\/\/shop.noor.fi\/sv\/wp-json\/wp\/v2\/media\/127643"}],"wp:attachment":[{"href":"https:\/\/shop.noor.fi\/sv\/wp-json\/wp\/v2\/media?parent=127321"}],"wp:term":[{"taxonomy":"pwb-brand","embeddable":true,"href":"https:\/\/shop.noor.fi\/sv\/wp-json\/wp\/v2\/pwb-brand?post=127321"},{"taxonomy":"product_brand","embeddable":true,"href":"https:\/\/shop.noor.fi\/sv\/wp-json\/wp\/v2\/product_brand?post=127321"},{"taxonomy":"product_cat","embeddable":true,"href":"https:\/\/shop.noor.fi\/sv\/wp-json\/wp\/v2\/product_cat?post=127321"},{"taxonomy":"product_tag","embeddable":true,"href":"https:\/\/shop.noor.fi\/sv\/wp-json\/wp\/v2\/product_tag?post=127321"}],"curies":[{"name":"wp","href":"https:\/\/api.w.org\/{rel}","templated":true}]}}