{"id":127319,"date":"2025-03-07T10:48:09","date_gmt":"2025-03-07T08:48:09","guid":{"rendered":"https:\/\/shop.noor.fi\/product\/hot-air-fryer-frh-1700\/"},"modified":"2026-04-22T15:55:25","modified_gmt":"2026-04-22T12:55:25","slug":"hot-air-fryer-frh-1700","status":"publish","type":"product","link":"https:\/\/shop.noor.fi\/sv\/produkt\/hot-air-fryer-frh-1700\/","title":{"rendered":"Hot Air Fryer FRH 1700"},"content":{"rendered":"<p>Med Rommelsbacher FRH 1700 Hot Air Fryer lagar du mat snabbt, h\u00e4lsosamt och med mindre fett. Med 8 liters kapacitet kan tillaga upp till 1 kg pommes frites p\u00e5 en g\u00e5ng &#8211; enheten \u00e4r l\u00e4mplig f\u00f6r att laga mat f\u00f6r hela familjen. Det praktiska inspektionsf\u00f6nstret och innerbelysningen g\u00f6r apparaten bekv\u00e4mare att anv\u00e4nda. Med Rommelsbacher FRH 1700 Hot Air Fryer kan du enkelt laga snacks och sm\u00e5 snabba r\u00e4tter, fr\u00e5n pommes frites, frallor, wings och muffins till biffar och kakor, p\u00e5 ett fettsn\u00e5lt, tids- och energieffektivt s\u00e4tt. Den kompakta och stilrena apparaten passar i varje k\u00f6k.<br \/>\nDen innovativa Hot Air Convection -tekniken s\u00e4kerst\u00e4ller en optimal v\u00e4rmef\u00f6rdelning och en behagligt tyst drift. Enheten har 10 f\u00f6rinst\u00e4llda program och temperaturen kan justeras i 5 \u00b0C steg mellan 60\u00b0C och 200 \u00b0C. 60 minuters timer samt touch-knappar g\u00f6r apparaten behagligt enkel att anv\u00e4nda. Vissa program har p\u00e5minnelse: enheten p\u00e5minner om att v\u00e4nda eller skaka om det som tillagas, n\u00e4r 2\/3 av tillagningstiden har g\u00e5tt. Det v\u00e4rmeisolerade h\u00f6ljet och \u00f6verhettningsskyddet garanterar trygg anv\u00e4ndning. H\u00f6gkvalitativa material och non-stick bel\u00e4ggningen g\u00f6r reng\u00f6ringen enkel.<\/p>\n<p>Kompakt design, material plast<br \/>\nF\u00f6r stekning med l\u00e5g fetthalt, rostning, grillning, bakning<br \/>\nInnovativ Hot Air Convection -teknik: j\u00e4mn v\u00e4rmef\u00f6rdelning, mycket tyst drift 45 dB(A)<br \/>\nBeh\u00e4ndig inspektionsf\u00f6nster och innerbelysning (kan st\u00e4ngas av)<br \/>\nL\u00e4ttanv\u00e4nda touch-knappar, tydlig LED-display<br \/>\n10 program, 60 minuters timer, temperatur justerbar fr\u00e5n 60 \u00b0C till 200 \u00b0C<br \/>\nProgram och temperatursteg justerbara<br \/>\nAvtagbar stek-\/bakkorg, 8 l volym, (f\u00f6r upp till 1000 g pommes frites), med avtagbart stekgaller<br \/>\nP\u00e5minnelse<br \/>\nEnkel reng\u00f6ring tack vare den h\u00f6gkvalitativa 2-lagers non-stick bel\u00e4ggningen<br \/>\nV\u00e4rmeisolerat h\u00f6lje, lossningsknapp, s\u00e4kerhetsbrytare, \u00f6verhettningsskydd<br \/>\nAnti-slip f\u00f6tter<\/p>\n","protected":false},"excerpt":{"rendered":"<p>Med Rommelsbacher FRH 1700 Hot Air Fryer lagar du mat snabbt, h\u00e4lsosamt och med mindre fett. Med 8 liters kapacitet kan tillaga upp till 1 kg pommes frites p\u00e5 en g\u00e5ng &#8211; enheten \u00e4r l\u00e4mplig f\u00f6r att laga mat f\u00f6r hela familjen. Det praktiska inspektionsf\u00f6nstret och innerbelysningen g\u00f6r apparaten bekv\u00e4mare att anv\u00e4nda. Med Rommelsbacher FRH [&hellip;]<\/p>\n","protected":false},"featured_media":127668,"comment_status":"open","ping_status":"closed","template":"","meta":{"_acf_changed":false,"_relevanssi_hide_post":"","_relevanssi_hide_content":"","_relevanssi_pin_for_all":"","_relevanssi_pin_keywords":"","_relevanssi_unpin_keywords":"","_relevanssi_related_keywords":"","_relevanssi_related_include_ids":"","_relevanssi_related_exclude_ids":"","_relevanssi_related_no_append":"","_relevanssi_related_not_related":"","_relevanssi_related_posts":"","_relevanssi_noindex_reason":""},"pwb-brand":[37696],"product_brand":[],"product_cat":[37035],"product_tag":[],"class_list":{"0":"post-127319","1":"product","2":"type-product","3":"status-publish","4":"has-post-thumbnail","6":"pwb-brand-rommelsbacher-sv","7":"product_cat-koksmaskiner","9":"first","10":"instock","11":"taxable","12":"shipping-taxable","13":"purchasable","14":"product-type-simple"},"acf":[],"yoast_head":"<!-- This site is optimized with the Yoast SEO plugin v27.5 - https:\/\/yoast.com\/product\/yoast-seo-wordpress\/ -->\n<title>Hot Air Fryer FRH 1700 - Oy Noortrade Ab<\/title>\n<meta name=\"robots\" content=\"index, follow, max-snippet:-1, max-image-preview:large, max-video-preview:-1\" \/>\n<link rel=\"canonical\" href=\"https:\/\/shop.noor.fi\/sv\/produkt\/hot-air-fryer-frh-1700\/\" \/>\n<meta property=\"og:locale\" content=\"sv_SE\" \/>\n<meta property=\"og:type\" content=\"article\" \/>\n<meta property=\"og:title\" content=\"Hot Air Fryer FRH 1700 - Oy Noortrade Ab\" \/>\n<meta property=\"og:description\" content=\"Med Rommelsbacher FRH 1700 Hot Air Fryer lagar du mat snabbt, h\u00e4lsosamt och med mindre fett. Med 8 liters kapacitet kan tillaga upp till 1 kg pommes frites p\u00e5 en g\u00e5ng &#8211; enheten \u00e4r l\u00e4mplig f\u00f6r att laga mat f\u00f6r hela familjen. Det praktiska inspektionsf\u00f6nstret och innerbelysningen g\u00f6r apparaten bekv\u00e4mare att anv\u00e4nda. Med Rommelsbacher FRH [&hellip;]\" \/>\n<meta property=\"og:url\" content=\"https:\/\/shop.noor.fi\/sv\/produkt\/hot-air-fryer-frh-1700\/\" \/>\n<meta property=\"og:site_name\" content=\"Oy Noortrade Ab\" \/>\n<meta property=\"article:modified_time\" content=\"2026-04-22T12:55:25+00:00\" \/>\n<meta property=\"og:image\" content=\"https:\/\/shop.noor.fi\/wp-content\/uploads\/2025\/02\/4001797813022.jpg\" \/>\n\t<meta property=\"og:image:width\" content=\"1000\" \/>\n\t<meta property=\"og:image:height\" content=\"1000\" \/>\n\t<meta property=\"og:image:type\" content=\"image\/jpeg\" \/>\n<meta name=\"twitter:card\" content=\"summary_large_image\" \/>\n<meta name=\"twitter:label1\" content=\"Ber\u00e4knad l\u00e4stid\" \/>\n\t<meta name=\"twitter:data1\" content=\"2 minuter\" \/>\n<script type=\"application\/ld+json\" class=\"yoast-schema-graph\">{\"@context\":\"https:\\\/\\\/schema.org\",\"@graph\":[{\"@type\":\"WebPage\",\"@id\":\"https:\\\/\\\/shop.noor.fi\\\/sv\\\/produkt\\\/hot-air-fryer-frh-1700\\\/\",\"url\":\"https:\\\/\\\/shop.noor.fi\\\/sv\\\/produkt\\\/hot-air-fryer-frh-1700\\\/\",\"name\":\"Hot Air Fryer FRH 1700 - Oy Noortrade Ab\",\"isPartOf\":{\"@id\":\"https:\\\/\\\/shopnoorfi-wp31835.test.cchosting.fi\\\/#website\"},\"primaryImageOfPage\":{\"@id\":\"https:\\\/\\\/shop.noor.fi\\\/sv\\\/produkt\\\/hot-air-fryer-frh-1700\\\/#primaryimage\"},\"image\":{\"@id\":\"https:\\\/\\\/shop.noor.fi\\\/sv\\\/produkt\\\/hot-air-fryer-frh-1700\\\/#primaryimage\"},\"thumbnailUrl\":\"https:\\\/\\\/shop.noor.fi\\\/wp-content\\\/uploads\\\/2025\\\/02\\\/4001797813022.jpg\",\"datePublished\":\"2025-03-07T08:48:09+00:00\",\"dateModified\":\"2026-04-22T12:55:25+00:00\",\"breadcrumb\":{\"@id\":\"https:\\\/\\\/shop.noor.fi\\\/sv\\\/produkt\\\/hot-air-fryer-frh-1700\\\/#breadcrumb\"},\"inLanguage\":\"sv-SE\",\"potentialAction\":[{\"@type\":\"ReadAction\",\"target\":[\"https:\\\/\\\/shop.noor.fi\\\/sv\\\/produkt\\\/hot-air-fryer-frh-1700\\\/\"]}]},{\"@type\":\"ImageObject\",\"inLanguage\":\"sv-SE\",\"@id\":\"https:\\\/\\\/shop.noor.fi\\\/sv\\\/produkt\\\/hot-air-fryer-frh-1700\\\/#primaryimage\",\"url\":\"https:\\\/\\\/shop.noor.fi\\\/wp-content\\\/uploads\\\/2025\\\/02\\\/4001797813022.jpg\",\"contentUrl\":\"https:\\\/\\\/shop.noor.fi\\\/wp-content\\\/uploads\\\/2025\\\/02\\\/4001797813022.jpg\",\"width\":1000,\"height\":1000},{\"@type\":\"BreadcrumbList\",\"@id\":\"https:\\\/\\\/shop.noor.fi\\\/sv\\\/produkt\\\/hot-air-fryer-frh-1700\\\/#breadcrumb\",\"itemListElement\":[{\"@type\":\"ListItem\",\"position\":1,\"name\":\"Etusivu\",\"item\":\"https:\\\/\\\/shop.noor.fi\\\/sv\\\/\"},{\"@type\":\"ListItem\",\"position\":2,\"name\":\"Butik\",\"item\":\"https:\\\/\\\/shopnoorfi-wp31835.test.cchosting.fi\\\/sv\\\/butik\\\/\"},{\"@type\":\"ListItem\",\"position\":3,\"name\":\"Hot Air Fryer FRH 1700\"}]},{\"@type\":\"WebSite\",\"@id\":\"https:\\\/\\\/shopnoorfi-wp31835.test.cchosting.fi\\\/#website\",\"url\":\"https:\\\/\\\/shopnoorfi-wp31835.test.cchosting.fi\\\/\",\"name\":\"Oy Noortrade Ab\",\"description\":\"Finnish family owned company with over 30 years of professional experience in lighting &amp; interior products import and sales - reliably.\",\"publisher\":{\"@id\":\"https:\\\/\\\/shopnoorfi-wp31835.test.cchosting.fi\\\/#organization\"},\"potentialAction\":[{\"@type\":\"SearchAction\",\"target\":{\"@type\":\"EntryPoint\",\"urlTemplate\":\"https:\\\/\\\/shopnoorfi-wp31835.test.cchosting.fi\\\/?s={search_term_string}\"},\"query-input\":{\"@type\":\"PropertyValueSpecification\",\"valueRequired\":true,\"valueName\":\"search_term_string\"}}],\"inLanguage\":\"sv-SE\"},{\"@type\":\"Organization\",\"@id\":\"https:\\\/\\\/shopnoorfi-wp31835.test.cchosting.fi\\\/#organization\",\"name\":\"Oy Noortrade Ab\",\"url\":\"https:\\\/\\\/shopnoorfi-wp31835.test.cchosting.fi\\\/\",\"logo\":{\"@type\":\"ImageObject\",\"inLanguage\":\"sv-SE\",\"@id\":\"https:\\\/\\\/shopnoorfi-wp31835.test.cchosting.fi\\\/#\\\/schema\\\/logo\\\/image\\\/\",\"url\":\"https:\\\/\\\/shop.noor.fi\\\/wp-content\\\/uploads\\\/2024\\\/01\\\/Oy-Noortrade-Ab-Corbel-VERSAL-bold-BLACK.png\",\"contentUrl\":\"https:\\\/\\\/shop.noor.fi\\\/wp-content\\\/uploads\\\/2024\\\/01\\\/Oy-Noortrade-Ab-Corbel-VERSAL-bold-BLACK.png\",\"width\":721,\"height\":177,\"caption\":\"Oy Noortrade Ab\"},\"image\":{\"@id\":\"https:\\\/\\\/shopnoorfi-wp31835.test.cchosting.fi\\\/#\\\/schema\\\/logo\\\/image\\\/\"}}]}<\/script>\n<!-- \/ Yoast SEO plugin. -->","yoast_head_json":{"title":"Hot Air Fryer FRH 1700 - Oy Noortrade Ab","robots":{"index":"index","follow":"follow","max-snippet":"max-snippet:-1","max-image-preview":"max-image-preview:large","max-video-preview":"max-video-preview:-1"},"canonical":"https:\/\/shop.noor.fi\/sv\/produkt\/hot-air-fryer-frh-1700\/","og_locale":"sv_SE","og_type":"article","og_title":"Hot Air Fryer FRH 1700 - Oy Noortrade Ab","og_description":"Med Rommelsbacher FRH 1700 Hot Air Fryer lagar du mat snabbt, h\u00e4lsosamt och med mindre fett. Med 8 liters kapacitet kan tillaga upp till 1 kg pommes frites p\u00e5 en g\u00e5ng &#8211; enheten \u00e4r l\u00e4mplig f\u00f6r att laga mat f\u00f6r hela familjen. Det praktiska inspektionsf\u00f6nstret och innerbelysningen g\u00f6r apparaten bekv\u00e4mare att anv\u00e4nda. Med Rommelsbacher FRH [&hellip;]","og_url":"https:\/\/shop.noor.fi\/sv\/produkt\/hot-air-fryer-frh-1700\/","og_site_name":"Oy Noortrade Ab","article_modified_time":"2026-04-22T12:55:25+00:00","og_image":[{"width":1000,"height":1000,"url":"https:\/\/shop.noor.fi\/wp-content\/uploads\/2025\/02\/4001797813022.jpg","type":"image\/jpeg"}],"twitter_card":"summary_large_image","twitter_misc":{"Ber\u00e4knad l\u00e4stid":"2 minuter"},"schema":{"@context":"https:\/\/schema.org","@graph":[{"@type":"WebPage","@id":"https:\/\/shop.noor.fi\/sv\/produkt\/hot-air-fryer-frh-1700\/","url":"https:\/\/shop.noor.fi\/sv\/produkt\/hot-air-fryer-frh-1700\/","name":"Hot Air Fryer FRH 1700 - Oy Noortrade Ab","isPartOf":{"@id":"https:\/\/shopnoorfi-wp31835.test.cchosting.fi\/#website"},"primaryImageOfPage":{"@id":"https:\/\/shop.noor.fi\/sv\/produkt\/hot-air-fryer-frh-1700\/#primaryimage"},"image":{"@id":"https:\/\/shop.noor.fi\/sv\/produkt\/hot-air-fryer-frh-1700\/#primaryimage"},"thumbnailUrl":"https:\/\/shop.noor.fi\/wp-content\/uploads\/2025\/02\/4001797813022.jpg","datePublished":"2025-03-07T08:48:09+00:00","dateModified":"2026-04-22T12:55:25+00:00","breadcrumb":{"@id":"https:\/\/shop.noor.fi\/sv\/produkt\/hot-air-fryer-frh-1700\/#breadcrumb"},"inLanguage":"sv-SE","potentialAction":[{"@type":"ReadAction","target":["https:\/\/shop.noor.fi\/sv\/produkt\/hot-air-fryer-frh-1700\/"]}]},{"@type":"ImageObject","inLanguage":"sv-SE","@id":"https:\/\/shop.noor.fi\/sv\/produkt\/hot-air-fryer-frh-1700\/#primaryimage","url":"https:\/\/shop.noor.fi\/wp-content\/uploads\/2025\/02\/4001797813022.jpg","contentUrl":"https:\/\/shop.noor.fi\/wp-content\/uploads\/2025\/02\/4001797813022.jpg","width":1000,"height":1000},{"@type":"BreadcrumbList","@id":"https:\/\/shop.noor.fi\/sv\/produkt\/hot-air-fryer-frh-1700\/#breadcrumb","itemListElement":[{"@type":"ListItem","position":1,"name":"Etusivu","item":"https:\/\/shop.noor.fi\/sv\/"},{"@type":"ListItem","position":2,"name":"Butik","item":"https:\/\/shopnoorfi-wp31835.test.cchosting.fi\/sv\/butik\/"},{"@type":"ListItem","position":3,"name":"Hot Air Fryer FRH 1700"}]},{"@type":"WebSite","@id":"https:\/\/shopnoorfi-wp31835.test.cchosting.fi\/#website","url":"https:\/\/shopnoorfi-wp31835.test.cchosting.fi\/","name":"Oy Noortrade Ab","description":"Finnish family owned company with over 30 years of professional experience in lighting &amp; interior products import and sales - reliably.","publisher":{"@id":"https:\/\/shopnoorfi-wp31835.test.cchosting.fi\/#organization"},"potentialAction":[{"@type":"SearchAction","target":{"@type":"EntryPoint","urlTemplate":"https:\/\/shopnoorfi-wp31835.test.cchosting.fi\/?s={search_term_string}"},"query-input":{"@type":"PropertyValueSpecification","valueRequired":true,"valueName":"search_term_string"}}],"inLanguage":"sv-SE"},{"@type":"Organization","@id":"https:\/\/shopnoorfi-wp31835.test.cchosting.fi\/#organization","name":"Oy Noortrade Ab","url":"https:\/\/shopnoorfi-wp31835.test.cchosting.fi\/","logo":{"@type":"ImageObject","inLanguage":"sv-SE","@id":"https:\/\/shopnoorfi-wp31835.test.cchosting.fi\/#\/schema\/logo\/image\/","url":"https:\/\/shop.noor.fi\/wp-content\/uploads\/2024\/01\/Oy-Noortrade-Ab-Corbel-VERSAL-bold-BLACK.png","contentUrl":"https:\/\/shop.noor.fi\/wp-content\/uploads\/2024\/01\/Oy-Noortrade-Ab-Corbel-VERSAL-bold-BLACK.png","width":721,"height":177,"caption":"Oy Noortrade Ab"},"image":{"@id":"https:\/\/shopnoorfi-wp31835.test.cchosting.fi\/#\/schema\/logo\/image\/"}}]}},"brands":[{"id":37696,"name":"Rommelsbacher","slug":"rommelsbacher-sv"}],"_links":{"self":[{"href":"https:\/\/shop.noor.fi\/sv\/wp-json\/wp\/v2\/product\/127319","targetHints":{"allow":["GET"]}}],"collection":[{"href":"https:\/\/shop.noor.fi\/sv\/wp-json\/wp\/v2\/product"}],"about":[{"href":"https:\/\/shop.noor.fi\/sv\/wp-json\/wp\/v2\/types\/product"}],"replies":[{"embeddable":true,"href":"https:\/\/shop.noor.fi\/sv\/wp-json\/wp\/v2\/comments?post=127319"}],"wp:featuredmedia":[{"embeddable":true,"href":"https:\/\/shop.noor.fi\/sv\/wp-json\/wp\/v2\/media\/127668"}],"wp:attachment":[{"href":"https:\/\/shop.noor.fi\/sv\/wp-json\/wp\/v2\/media?parent=127319"}],"wp:term":[{"taxonomy":"pwb-brand","embeddable":true,"href":"https:\/\/shop.noor.fi\/sv\/wp-json\/wp\/v2\/pwb-brand?post=127319"},{"taxonomy":"product_brand","embeddable":true,"href":"https:\/\/shop.noor.fi\/sv\/wp-json\/wp\/v2\/product_brand?post=127319"},{"taxonomy":"product_cat","embeddable":true,"href":"https:\/\/shop.noor.fi\/sv\/wp-json\/wp\/v2\/product_cat?post=127319"},{"taxonomy":"product_tag","embeddable":true,"href":"https:\/\/shop.noor.fi\/sv\/wp-json\/wp\/v2\/product_tag?post=127319"}],"curies":[{"name":"wp","href":"https:\/\/api.w.org\/{rel}","templated":true}]}}