{"id":127313,"date":"2025-03-07T10:48:07","date_gmt":"2025-03-07T08:48:07","guid":{"rendered":"https:\/\/shop.noor.fi\/product\/matdehydrator-da-950\/"},"modified":"2026-04-22T15:54:13","modified_gmt":"2026-04-22T12:54:13","slug":"matdehydrator-da-950","status":"publish","type":"product","link":"https:\/\/shop.noor.fi\/sv\/produkt\/matdehydrator-da-950\/","title":{"rendered":"Matdehydrator DA 950"},"content":{"rendered":"<p>Oavsett om det g\u00e4ller frukt, gr\u00f6nsaker, \u00f6rter, k\u00f6tt eller fisk \u2013 med Rommelsbacher DA 950 automatiska matdehydrator kommer du att anv\u00e4nda den tidigaste formen av konservering av mat \u2013 men p\u00e5 ett modernt s\u00e4tt. Torkugnen avl\u00e4gsnar fukten skonsamt fr\u00e5n maten men bevarar vitaminer, mineraler och fibrer till stor del. Resultatet \u00e4r 100 % naturligt, utan tillsatser och konserveringsmedel. Du kan enkelt och s\u00e4kert tillaga hemlagade snacks, som \u00e4r b\u00e5de goda och h\u00e4lsosamma. Med torkugnen kan du laga fruktl\u00e4der, gr\u00f6nsakschips, torkad frukt, beef jerky, men \u00e4ven godsaker till djur eller vackra (jul)dekorationer.<br \/>\nEn intern fl\u00e4kt s\u00e4kerst\u00e4ller en j\u00e4mn v\u00e4rmef\u00f6rdelning. Temperaturen kan justeras fr\u00e5n 35 \u2013 75 \u00b0C. Enheten har en 99-timmars timer samt en automatisk avst\u00e4ngningsfunktion. Torkugnen har en utm\u00e4rkt v\u00e4rmeisolering tack vare det dubbelv\u00e4ggiga h\u00f6ljet i rostfritt st\u00e5l, vilket g\u00f6r att energif\u00f6rbrukningen \u00e4r mycket l\u00e5g.<br \/>\nAnv\u00e4ndningen \u00e4r mycket enkel med Touch-knappar och en tydlig LED-display. F\u00f6r att komma ig\u00e5ng direkt ing\u00e5r l\u00e4mpliga tillbeh\u00f6r, som uttorkningsbrickor, galler och mattor.<\/p>\n<p>Stabilt dubbelv\u00e4ggigt h\u00f6lje i rostfritt st\u00e5l<br \/>\nStort uttorkningsomr\u00e5de 0,6 m\u00b2<br \/>\nL\u00e4ttanv\u00e4nda touch-knappar<br \/>\nLCD-display, 99 timmars timer, automatisk avst\u00e4ngning med signalton<br \/>\nMycket tyst<br \/>\nJ\u00e4mn v\u00e4rmef\u00f6rdelning p\u00e5 alla niv\u00e5er<br \/>\nTemperatur justerbar fr\u00e5n 35 \u00b0C till 75 \u00b0C<br \/>\nElektronisk temperaturkontroll, \u00f6verhettningsskydd<br \/>\nExtra l\u00e5ng XL-sladd (1,9 m)<br \/>\nPraktiska sidogrepp<br \/>\nInklusive: 6 robusta torkbrickor gjorda av rostfritt st\u00e5l (30,5 x 33,0 cm), 1 torkgaller, 1 torkplatta<\/p>\n","protected":false},"excerpt":{"rendered":"<p>Oavsett om det g\u00e4ller frukt, gr\u00f6nsaker, \u00f6rter, k\u00f6tt eller fisk \u2013 med Rommelsbacher DA 950 automatiska matdehydrator kommer du att anv\u00e4nda den tidigaste formen av konservering av mat \u2013 men p\u00e5 ett modernt s\u00e4tt. Torkugnen avl\u00e4gsnar fukten skonsamt fr\u00e5n maten men bevarar vitaminer, mineraler och fibrer till stor del. Resultatet \u00e4r 100 % naturligt, utan [&hellip;]<\/p>\n","protected":false},"featured_media":127690,"comment_status":"open","ping_status":"closed","template":"","meta":{"_acf_changed":false,"_relevanssi_hide_post":"","_relevanssi_hide_content":"","_relevanssi_pin_for_all":"","_relevanssi_pin_keywords":"","_relevanssi_unpin_keywords":"","_relevanssi_related_keywords":"","_relevanssi_related_include_ids":"","_relevanssi_related_exclude_ids":"","_relevanssi_related_no_append":"","_relevanssi_related_not_related":"","_relevanssi_related_posts":"","_relevanssi_noindex_reason":""},"pwb-brand":[37696],"product_brand":[],"product_cat":[37035],"product_tag":[],"class_list":{"0":"post-127313","1":"product","2":"type-product","3":"status-publish","4":"has-post-thumbnail","6":"pwb-brand-rommelsbacher-sv","7":"product_cat-koksmaskiner","9":"first","10":"instock","11":"taxable","12":"shipping-taxable","13":"purchasable","14":"product-type-simple"},"acf":[],"yoast_head":"<!-- This site is optimized with the Yoast SEO plugin v27.5 - https:\/\/yoast.com\/product\/yoast-seo-wordpress\/ -->\n<title>Matdehydrator DA 950 - Oy Noortrade Ab<\/title>\n<meta name=\"robots\" content=\"index, follow, max-snippet:-1, max-image-preview:large, max-video-preview:-1\" \/>\n<link rel=\"canonical\" href=\"https:\/\/shop.noor.fi\/sv\/produkt\/matdehydrator-da-950\/\" \/>\n<meta property=\"og:locale\" content=\"sv_SE\" \/>\n<meta property=\"og:type\" content=\"article\" \/>\n<meta property=\"og:title\" content=\"Matdehydrator DA 950 - Oy Noortrade Ab\" \/>\n<meta property=\"og:description\" content=\"Oavsett om det g\u00e4ller frukt, gr\u00f6nsaker, \u00f6rter, k\u00f6tt eller fisk \u2013 med Rommelsbacher DA 950 automatiska matdehydrator kommer du att anv\u00e4nda den tidigaste formen av konservering av mat \u2013 men p\u00e5 ett modernt s\u00e4tt. Torkugnen avl\u00e4gsnar fukten skonsamt fr\u00e5n maten men bevarar vitaminer, mineraler och fibrer till stor del. Resultatet \u00e4r 100 % naturligt, utan [&hellip;]\" \/>\n<meta property=\"og:url\" content=\"https:\/\/shop.noor.fi\/sv\/produkt\/matdehydrator-da-950\/\" \/>\n<meta property=\"og:site_name\" content=\"Oy Noortrade Ab\" \/>\n<meta property=\"article:modified_time\" content=\"2026-04-22T12:54:13+00:00\" \/>\n<meta property=\"og:image\" content=\"https:\/\/shop.noor.fi\/wp-content\/uploads\/2025\/02\/4001797462039.jpg\" \/>\n\t<meta property=\"og:image:width\" content=\"1000\" \/>\n\t<meta property=\"og:image:height\" content=\"1000\" \/>\n\t<meta property=\"og:image:type\" content=\"image\/jpeg\" \/>\n<meta name=\"twitter:card\" content=\"summary_large_image\" \/>\n<meta name=\"twitter:label1\" content=\"Ber\u00e4knad l\u00e4stid\" \/>\n\t<meta name=\"twitter:data1\" content=\"2 minuter\" \/>\n<script type=\"application\/ld+json\" class=\"yoast-schema-graph\">{\"@context\":\"https:\\\/\\\/schema.org\",\"@graph\":[{\"@type\":\"WebPage\",\"@id\":\"https:\\\/\\\/shop.noor.fi\\\/sv\\\/produkt\\\/matdehydrator-da-950\\\/\",\"url\":\"https:\\\/\\\/shop.noor.fi\\\/sv\\\/produkt\\\/matdehydrator-da-950\\\/\",\"name\":\"Matdehydrator DA 950 - Oy Noortrade Ab\",\"isPartOf\":{\"@id\":\"https:\\\/\\\/shopnoorfi-wp31835.test.cchosting.fi\\\/#website\"},\"primaryImageOfPage\":{\"@id\":\"https:\\\/\\\/shop.noor.fi\\\/sv\\\/produkt\\\/matdehydrator-da-950\\\/#primaryimage\"},\"image\":{\"@id\":\"https:\\\/\\\/shop.noor.fi\\\/sv\\\/produkt\\\/matdehydrator-da-950\\\/#primaryimage\"},\"thumbnailUrl\":\"https:\\\/\\\/shop.noor.fi\\\/wp-content\\\/uploads\\\/2025\\\/02\\\/4001797462039.jpg\",\"datePublished\":\"2025-03-07T08:48:07+00:00\",\"dateModified\":\"2026-04-22T12:54:13+00:00\",\"breadcrumb\":{\"@id\":\"https:\\\/\\\/shop.noor.fi\\\/sv\\\/produkt\\\/matdehydrator-da-950\\\/#breadcrumb\"},\"inLanguage\":\"sv-SE\",\"potentialAction\":[{\"@type\":\"ReadAction\",\"target\":[\"https:\\\/\\\/shop.noor.fi\\\/sv\\\/produkt\\\/matdehydrator-da-950\\\/\"]}]},{\"@type\":\"ImageObject\",\"inLanguage\":\"sv-SE\",\"@id\":\"https:\\\/\\\/shop.noor.fi\\\/sv\\\/produkt\\\/matdehydrator-da-950\\\/#primaryimage\",\"url\":\"https:\\\/\\\/shop.noor.fi\\\/wp-content\\\/uploads\\\/2025\\\/02\\\/4001797462039.jpg\",\"contentUrl\":\"https:\\\/\\\/shop.noor.fi\\\/wp-content\\\/uploads\\\/2025\\\/02\\\/4001797462039.jpg\",\"width\":1000,\"height\":1000},{\"@type\":\"BreadcrumbList\",\"@id\":\"https:\\\/\\\/shop.noor.fi\\\/sv\\\/produkt\\\/matdehydrator-da-950\\\/#breadcrumb\",\"itemListElement\":[{\"@type\":\"ListItem\",\"position\":1,\"name\":\"Etusivu\",\"item\":\"https:\\\/\\\/shop.noor.fi\\\/sv\\\/\"},{\"@type\":\"ListItem\",\"position\":2,\"name\":\"Butik\",\"item\":\"https:\\\/\\\/shopnoorfi-wp31835.test.cchosting.fi\\\/sv\\\/butik\\\/\"},{\"@type\":\"ListItem\",\"position\":3,\"name\":\"Matdehydrator DA 950\"}]},{\"@type\":\"WebSite\",\"@id\":\"https:\\\/\\\/shopnoorfi-wp31835.test.cchosting.fi\\\/#website\",\"url\":\"https:\\\/\\\/shopnoorfi-wp31835.test.cchosting.fi\\\/\",\"name\":\"Oy Noortrade Ab\",\"description\":\"Finnish family owned company with over 30 years of professional experience in lighting &amp; interior products import and sales - reliably.\",\"publisher\":{\"@id\":\"https:\\\/\\\/shopnoorfi-wp31835.test.cchosting.fi\\\/#organization\"},\"potentialAction\":[{\"@type\":\"SearchAction\",\"target\":{\"@type\":\"EntryPoint\",\"urlTemplate\":\"https:\\\/\\\/shopnoorfi-wp31835.test.cchosting.fi\\\/?s={search_term_string}\"},\"query-input\":{\"@type\":\"PropertyValueSpecification\",\"valueRequired\":true,\"valueName\":\"search_term_string\"}}],\"inLanguage\":\"sv-SE\"},{\"@type\":\"Organization\",\"@id\":\"https:\\\/\\\/shopnoorfi-wp31835.test.cchosting.fi\\\/#organization\",\"name\":\"Oy Noortrade Ab\",\"url\":\"https:\\\/\\\/shopnoorfi-wp31835.test.cchosting.fi\\\/\",\"logo\":{\"@type\":\"ImageObject\",\"inLanguage\":\"sv-SE\",\"@id\":\"https:\\\/\\\/shopnoorfi-wp31835.test.cchosting.fi\\\/#\\\/schema\\\/logo\\\/image\\\/\",\"url\":\"https:\\\/\\\/shop.noor.fi\\\/wp-content\\\/uploads\\\/2024\\\/01\\\/Oy-Noortrade-Ab-Corbel-VERSAL-bold-BLACK.png\",\"contentUrl\":\"https:\\\/\\\/shop.noor.fi\\\/wp-content\\\/uploads\\\/2024\\\/01\\\/Oy-Noortrade-Ab-Corbel-VERSAL-bold-BLACK.png\",\"width\":721,\"height\":177,\"caption\":\"Oy Noortrade Ab\"},\"image\":{\"@id\":\"https:\\\/\\\/shopnoorfi-wp31835.test.cchosting.fi\\\/#\\\/schema\\\/logo\\\/image\\\/\"}}]}<\/script>\n<!-- \/ Yoast SEO plugin. -->","yoast_head_json":{"title":"Matdehydrator DA 950 - Oy Noortrade Ab","robots":{"index":"index","follow":"follow","max-snippet":"max-snippet:-1","max-image-preview":"max-image-preview:large","max-video-preview":"max-video-preview:-1"},"canonical":"https:\/\/shop.noor.fi\/sv\/produkt\/matdehydrator-da-950\/","og_locale":"sv_SE","og_type":"article","og_title":"Matdehydrator DA 950 - Oy Noortrade Ab","og_description":"Oavsett om det g\u00e4ller frukt, gr\u00f6nsaker, \u00f6rter, k\u00f6tt eller fisk \u2013 med Rommelsbacher DA 950 automatiska matdehydrator kommer du att anv\u00e4nda den tidigaste formen av konservering av mat \u2013 men p\u00e5 ett modernt s\u00e4tt. Torkugnen avl\u00e4gsnar fukten skonsamt fr\u00e5n maten men bevarar vitaminer, mineraler och fibrer till stor del. Resultatet \u00e4r 100 % naturligt, utan [&hellip;]","og_url":"https:\/\/shop.noor.fi\/sv\/produkt\/matdehydrator-da-950\/","og_site_name":"Oy Noortrade Ab","article_modified_time":"2026-04-22T12:54:13+00:00","og_image":[{"width":1000,"height":1000,"url":"https:\/\/shop.noor.fi\/wp-content\/uploads\/2025\/02\/4001797462039.jpg","type":"image\/jpeg"}],"twitter_card":"summary_large_image","twitter_misc":{"Ber\u00e4knad l\u00e4stid":"2 minuter"},"schema":{"@context":"https:\/\/schema.org","@graph":[{"@type":"WebPage","@id":"https:\/\/shop.noor.fi\/sv\/produkt\/matdehydrator-da-950\/","url":"https:\/\/shop.noor.fi\/sv\/produkt\/matdehydrator-da-950\/","name":"Matdehydrator DA 950 - Oy Noortrade Ab","isPartOf":{"@id":"https:\/\/shopnoorfi-wp31835.test.cchosting.fi\/#website"},"primaryImageOfPage":{"@id":"https:\/\/shop.noor.fi\/sv\/produkt\/matdehydrator-da-950\/#primaryimage"},"image":{"@id":"https:\/\/shop.noor.fi\/sv\/produkt\/matdehydrator-da-950\/#primaryimage"},"thumbnailUrl":"https:\/\/shop.noor.fi\/wp-content\/uploads\/2025\/02\/4001797462039.jpg","datePublished":"2025-03-07T08:48:07+00:00","dateModified":"2026-04-22T12:54:13+00:00","breadcrumb":{"@id":"https:\/\/shop.noor.fi\/sv\/produkt\/matdehydrator-da-950\/#breadcrumb"},"inLanguage":"sv-SE","potentialAction":[{"@type":"ReadAction","target":["https:\/\/shop.noor.fi\/sv\/produkt\/matdehydrator-da-950\/"]}]},{"@type":"ImageObject","inLanguage":"sv-SE","@id":"https:\/\/shop.noor.fi\/sv\/produkt\/matdehydrator-da-950\/#primaryimage","url":"https:\/\/shop.noor.fi\/wp-content\/uploads\/2025\/02\/4001797462039.jpg","contentUrl":"https:\/\/shop.noor.fi\/wp-content\/uploads\/2025\/02\/4001797462039.jpg","width":1000,"height":1000},{"@type":"BreadcrumbList","@id":"https:\/\/shop.noor.fi\/sv\/produkt\/matdehydrator-da-950\/#breadcrumb","itemListElement":[{"@type":"ListItem","position":1,"name":"Etusivu","item":"https:\/\/shop.noor.fi\/sv\/"},{"@type":"ListItem","position":2,"name":"Butik","item":"https:\/\/shopnoorfi-wp31835.test.cchosting.fi\/sv\/butik\/"},{"@type":"ListItem","position":3,"name":"Matdehydrator DA 950"}]},{"@type":"WebSite","@id":"https:\/\/shopnoorfi-wp31835.test.cchosting.fi\/#website","url":"https:\/\/shopnoorfi-wp31835.test.cchosting.fi\/","name":"Oy Noortrade Ab","description":"Finnish family owned company with over 30 years of professional experience in lighting &amp; interior products import and sales - reliably.","publisher":{"@id":"https:\/\/shopnoorfi-wp31835.test.cchosting.fi\/#organization"},"potentialAction":[{"@type":"SearchAction","target":{"@type":"EntryPoint","urlTemplate":"https:\/\/shopnoorfi-wp31835.test.cchosting.fi\/?s={search_term_string}"},"query-input":{"@type":"PropertyValueSpecification","valueRequired":true,"valueName":"search_term_string"}}],"inLanguage":"sv-SE"},{"@type":"Organization","@id":"https:\/\/shopnoorfi-wp31835.test.cchosting.fi\/#organization","name":"Oy Noortrade Ab","url":"https:\/\/shopnoorfi-wp31835.test.cchosting.fi\/","logo":{"@type":"ImageObject","inLanguage":"sv-SE","@id":"https:\/\/shopnoorfi-wp31835.test.cchosting.fi\/#\/schema\/logo\/image\/","url":"https:\/\/shop.noor.fi\/wp-content\/uploads\/2024\/01\/Oy-Noortrade-Ab-Corbel-VERSAL-bold-BLACK.png","contentUrl":"https:\/\/shop.noor.fi\/wp-content\/uploads\/2024\/01\/Oy-Noortrade-Ab-Corbel-VERSAL-bold-BLACK.png","width":721,"height":177,"caption":"Oy Noortrade Ab"},"image":{"@id":"https:\/\/shopnoorfi-wp31835.test.cchosting.fi\/#\/schema\/logo\/image\/"}}]}},"brands":[{"id":37696,"name":"Rommelsbacher","slug":"rommelsbacher-sv"}],"_links":{"self":[{"href":"https:\/\/shop.noor.fi\/sv\/wp-json\/wp\/v2\/product\/127313","targetHints":{"allow":["GET"]}}],"collection":[{"href":"https:\/\/shop.noor.fi\/sv\/wp-json\/wp\/v2\/product"}],"about":[{"href":"https:\/\/shop.noor.fi\/sv\/wp-json\/wp\/v2\/types\/product"}],"replies":[{"embeddable":true,"href":"https:\/\/shop.noor.fi\/sv\/wp-json\/wp\/v2\/comments?post=127313"}],"wp:featuredmedia":[{"embeddable":true,"href":"https:\/\/shop.noor.fi\/sv\/wp-json\/wp\/v2\/media\/127690"}],"wp:attachment":[{"href":"https:\/\/shop.noor.fi\/sv\/wp-json\/wp\/v2\/media?parent=127313"}],"wp:term":[{"taxonomy":"pwb-brand","embeddable":true,"href":"https:\/\/shop.noor.fi\/sv\/wp-json\/wp\/v2\/pwb-brand?post=127313"},{"taxonomy":"product_brand","embeddable":true,"href":"https:\/\/shop.noor.fi\/sv\/wp-json\/wp\/v2\/product_brand?post=127313"},{"taxonomy":"product_cat","embeddable":true,"href":"https:\/\/shop.noor.fi\/sv\/wp-json\/wp\/v2\/product_cat?post=127313"},{"taxonomy":"product_tag","embeddable":true,"href":"https:\/\/shop.noor.fi\/sv\/wp-json\/wp\/v2\/product_tag?post=127313"}],"curies":[{"name":"wp","href":"https:\/\/api.w.org\/{rel}","templated":true}]}}