{"id":127099,"date":"2025-02-17T13:17:35","date_gmt":"2025-02-17T11:17:35","guid":{"rendered":"https:\/\/shop.noor.fi\/product\/glossy-mini-bordslampa-vit\/"},"modified":"2026-02-27T13:10:51","modified_gmt":"2026-02-27T11:10:51","slug":"glossy-mini-bordslampa-vit","status":"publish","type":"product","link":"https:\/\/shop.noor.fi\/sv\/produkt\/glossy-mini-bordslampa-vit\/","title":{"rendered":"Glossy mini bordslampa vit"},"content":{"rendered":"<p>Glossy \u00e4r sinnebilden av smakfull och sofistikerad design. Designern Maria Berntsen har h\u00e4r skapat en \u201dminiversion\u201d av den klassiska bordslampan, som utstr\u00e5lar nordisk minimalism och d\u00e4r kombinationen av de exklusiva materialen marmor, m\u00e4ssing och opalvitt glas g\u00f6r lampan otroligt elegant. Glossy \u00e4r uppkallad efter sk\u00e4rmens blanka yta i opalvitt glas som l\u00e5ter ett mjukt och behagligt ljus lysa igenom.<\/p>\n<p>Marmor \u00e4r ett unikt naturmaterial och d\u00e4rf\u00f6r kan linjer, f\u00e4rger och m\u00f6nster variera fr\u00e5n lampa till lampa. Detta \u00e4r en del av charmen med att arbeta med naturmaterial.<br \/>\n250 cm textilsladd med str\u00f6mbrytare.<br \/>\nE14, max 15W. Ljusk\u00e4lla ing\u00e5r ej.<\/p>\n<p>Diameter 22,3 cm<br \/>\nH\u00f6jd 24,3 cm<br \/>\nBas 9,3 cm i diameter<\/p>\n","protected":false},"excerpt":{"rendered":"<p>Glossy \u00e4r sinnebilden av smakfull och sofistikerad design. Designern Maria Berntsen har h\u00e4r skapat en \u201dminiversion\u201d av den klassiska bordslampan, som utstr\u00e5lar nordisk minimalism och d\u00e4r kombinationen av de exklusiva materialen marmor, m\u00e4ssing och opalvitt glas g\u00f6r lampan otroligt elegant. Glossy \u00e4r uppkallad efter sk\u00e4rmens blanka yta i opalvitt glas som l\u00e5ter ett mjukt och [&hellip;]<\/p>\n","protected":false},"featured_media":138078,"comment_status":"open","ping_status":"closed","template":"","meta":{"_acf_changed":false,"_relevanssi_hide_post":"","_relevanssi_hide_content":"","_relevanssi_pin_for_all":"","_relevanssi_pin_keywords":"","_relevanssi_unpin_keywords":"","_relevanssi_related_keywords":"","_relevanssi_related_include_ids":"","_relevanssi_related_exclude_ids":"","_relevanssi_related_no_append":"","_relevanssi_related_not_related":"","_relevanssi_related_posts":"","_relevanssi_noindex_reason":""},"pwb-brand":[36910,37483],"product_brand":[],"product_cat":[32105,31803],"product_tag":[],"class_list":{"0":"post-127099","1":"product","2":"type-product","3":"status-publish","4":"has-post-thumbnail","6":"pwb-brand-design-for-the-people","7":"pwb-brand-design-for-the-people-sv","8":"product_cat-bordslampor","9":"product_cat-poytavalaisimet","11":"first","12":"instock","13":"taxable","14":"shipping-taxable","15":"purchasable","16":"product-type-simple"},"acf":[],"yoast_head":"<!-- This site is optimized with the Yoast SEO plugin v27.5 - https:\/\/yoast.com\/product\/yoast-seo-wordpress\/ -->\n<title>Glossy mini bordslampa vit - Oy Noortrade Ab<\/title>\n<meta name=\"robots\" content=\"index, follow, max-snippet:-1, max-image-preview:large, max-video-preview:-1\" \/>\n<link rel=\"canonical\" href=\"https:\/\/shop.noor.fi\/sv\/produkt\/glossy-mini-bordslampa-vit\/\" \/>\n<meta property=\"og:locale\" content=\"sv_SE\" \/>\n<meta property=\"og:type\" content=\"article\" \/>\n<meta property=\"og:title\" content=\"Glossy mini bordslampa vit - Oy Noortrade Ab\" \/>\n<meta property=\"og:description\" content=\"Glossy \u00e4r sinnebilden av smakfull och sofistikerad design. Designern Maria Berntsen har h\u00e4r skapat en \u201dminiversion\u201d av den klassiska bordslampan, som utstr\u00e5lar nordisk minimalism och d\u00e4r kombinationen av de exklusiva materialen marmor, m\u00e4ssing och opalvitt glas g\u00f6r lampan otroligt elegant. Glossy \u00e4r uppkallad efter sk\u00e4rmens blanka yta i opalvitt glas som l\u00e5ter ett mjukt och [&hellip;]\" \/>\n<meta property=\"og:url\" content=\"https:\/\/shop.noor.fi\/sv\/produkt\/glossy-mini-bordslampa-vit\/\" \/>\n<meta property=\"og:site_name\" content=\"Oy Noortrade Ab\" \/>\n<meta property=\"article:modified_time\" content=\"2026-02-27T11:10:51+00:00\" \/>\n<meta property=\"og:image\" content=\"https:\/\/shop.noor.fi\/wp-content\/uploads\/2025\/02\/5704924024016-1.jpg\" \/>\n\t<meta property=\"og:image:width\" content=\"1210\" \/>\n\t<meta property=\"og:image:height\" content=\"1210\" \/>\n\t<meta property=\"og:image:type\" content=\"image\/jpeg\" \/>\n<meta name=\"twitter:card\" content=\"summary_large_image\" \/>\n<meta name=\"twitter:label1\" content=\"Ber\u00e4knad l\u00e4stid\" \/>\n\t<meta name=\"twitter:data1\" content=\"1 minut\" \/>\n<script type=\"application\/ld+json\" class=\"yoast-schema-graph\">{\"@context\":\"https:\\\/\\\/schema.org\",\"@graph\":[{\"@type\":\"WebPage\",\"@id\":\"https:\\\/\\\/shop.noor.fi\\\/sv\\\/produkt\\\/glossy-mini-bordslampa-vit\\\/\",\"url\":\"https:\\\/\\\/shop.noor.fi\\\/sv\\\/produkt\\\/glossy-mini-bordslampa-vit\\\/\",\"name\":\"Glossy mini bordslampa vit - Oy Noortrade Ab\",\"isPartOf\":{\"@id\":\"https:\\\/\\\/shopnoorfi-wp31835.test.cchosting.fi\\\/#website\"},\"primaryImageOfPage\":{\"@id\":\"https:\\\/\\\/shop.noor.fi\\\/sv\\\/produkt\\\/glossy-mini-bordslampa-vit\\\/#primaryimage\"},\"image\":{\"@id\":\"https:\\\/\\\/shop.noor.fi\\\/sv\\\/produkt\\\/glossy-mini-bordslampa-vit\\\/#primaryimage\"},\"thumbnailUrl\":\"https:\\\/\\\/shop.noor.fi\\\/wp-content\\\/uploads\\\/2025\\\/02\\\/5704924024016-1.jpg\",\"datePublished\":\"2025-02-17T11:17:35+00:00\",\"dateModified\":\"2026-02-27T11:10:51+00:00\",\"breadcrumb\":{\"@id\":\"https:\\\/\\\/shop.noor.fi\\\/sv\\\/produkt\\\/glossy-mini-bordslampa-vit\\\/#breadcrumb\"},\"inLanguage\":\"sv-SE\",\"potentialAction\":[{\"@type\":\"ReadAction\",\"target\":[\"https:\\\/\\\/shop.noor.fi\\\/sv\\\/produkt\\\/glossy-mini-bordslampa-vit\\\/\"]}]},{\"@type\":\"ImageObject\",\"inLanguage\":\"sv-SE\",\"@id\":\"https:\\\/\\\/shop.noor.fi\\\/sv\\\/produkt\\\/glossy-mini-bordslampa-vit\\\/#primaryimage\",\"url\":\"https:\\\/\\\/shop.noor.fi\\\/wp-content\\\/uploads\\\/2025\\\/02\\\/5704924024016-1.jpg\",\"contentUrl\":\"https:\\\/\\\/shop.noor.fi\\\/wp-content\\\/uploads\\\/2025\\\/02\\\/5704924024016-1.jpg\",\"width\":1210,\"height\":1210},{\"@type\":\"BreadcrumbList\",\"@id\":\"https:\\\/\\\/shop.noor.fi\\\/sv\\\/produkt\\\/glossy-mini-bordslampa-vit\\\/#breadcrumb\",\"itemListElement\":[{\"@type\":\"ListItem\",\"position\":1,\"name\":\"Etusivu\",\"item\":\"https:\\\/\\\/shop.noor.fi\\\/sv\\\/\"},{\"@type\":\"ListItem\",\"position\":2,\"name\":\"Butik\",\"item\":\"https:\\\/\\\/shopnoorfi-wp31835.test.cchosting.fi\\\/sv\\\/butik\\\/\"},{\"@type\":\"ListItem\",\"position\":3,\"name\":\"Glossy mini bordslampa vit\"}]},{\"@type\":\"WebSite\",\"@id\":\"https:\\\/\\\/shopnoorfi-wp31835.test.cchosting.fi\\\/#website\",\"url\":\"https:\\\/\\\/shopnoorfi-wp31835.test.cchosting.fi\\\/\",\"name\":\"Oy Noortrade Ab\",\"description\":\"Finnish family owned company with over 30 years of professional experience in lighting &amp; interior products import and sales - reliably.\",\"publisher\":{\"@id\":\"https:\\\/\\\/shopnoorfi-wp31835.test.cchosting.fi\\\/#organization\"},\"potentialAction\":[{\"@type\":\"SearchAction\",\"target\":{\"@type\":\"EntryPoint\",\"urlTemplate\":\"https:\\\/\\\/shopnoorfi-wp31835.test.cchosting.fi\\\/?s={search_term_string}\"},\"query-input\":{\"@type\":\"PropertyValueSpecification\",\"valueRequired\":true,\"valueName\":\"search_term_string\"}}],\"inLanguage\":\"sv-SE\"},{\"@type\":\"Organization\",\"@id\":\"https:\\\/\\\/shopnoorfi-wp31835.test.cchosting.fi\\\/#organization\",\"name\":\"Oy Noortrade Ab\",\"url\":\"https:\\\/\\\/shopnoorfi-wp31835.test.cchosting.fi\\\/\",\"logo\":{\"@type\":\"ImageObject\",\"inLanguage\":\"sv-SE\",\"@id\":\"https:\\\/\\\/shopnoorfi-wp31835.test.cchosting.fi\\\/#\\\/schema\\\/logo\\\/image\\\/\",\"url\":\"https:\\\/\\\/shop.noor.fi\\\/wp-content\\\/uploads\\\/2024\\\/01\\\/Oy-Noortrade-Ab-Corbel-VERSAL-bold-BLACK.png\",\"contentUrl\":\"https:\\\/\\\/shop.noor.fi\\\/wp-content\\\/uploads\\\/2024\\\/01\\\/Oy-Noortrade-Ab-Corbel-VERSAL-bold-BLACK.png\",\"width\":721,\"height\":177,\"caption\":\"Oy Noortrade Ab\"},\"image\":{\"@id\":\"https:\\\/\\\/shopnoorfi-wp31835.test.cchosting.fi\\\/#\\\/schema\\\/logo\\\/image\\\/\"}}]}<\/script>\n<!-- \/ Yoast SEO plugin. -->","yoast_head_json":{"title":"Glossy mini bordslampa vit - Oy Noortrade Ab","robots":{"index":"index","follow":"follow","max-snippet":"max-snippet:-1","max-image-preview":"max-image-preview:large","max-video-preview":"max-video-preview:-1"},"canonical":"https:\/\/shop.noor.fi\/sv\/produkt\/glossy-mini-bordslampa-vit\/","og_locale":"sv_SE","og_type":"article","og_title":"Glossy mini bordslampa vit - Oy Noortrade Ab","og_description":"Glossy \u00e4r sinnebilden av smakfull och sofistikerad design. Designern Maria Berntsen har h\u00e4r skapat en \u201dminiversion\u201d av den klassiska bordslampan, som utstr\u00e5lar nordisk minimalism och d\u00e4r kombinationen av de exklusiva materialen marmor, m\u00e4ssing och opalvitt glas g\u00f6r lampan otroligt elegant. Glossy \u00e4r uppkallad efter sk\u00e4rmens blanka yta i opalvitt glas som l\u00e5ter ett mjukt och [&hellip;]","og_url":"https:\/\/shop.noor.fi\/sv\/produkt\/glossy-mini-bordslampa-vit\/","og_site_name":"Oy Noortrade Ab","article_modified_time":"2026-02-27T11:10:51+00:00","og_image":[{"width":1210,"height":1210,"url":"https:\/\/shop.noor.fi\/wp-content\/uploads\/2025\/02\/5704924024016-1.jpg","type":"image\/jpeg"}],"twitter_card":"summary_large_image","twitter_misc":{"Ber\u00e4knad l\u00e4stid":"1 minut"},"schema":{"@context":"https:\/\/schema.org","@graph":[{"@type":"WebPage","@id":"https:\/\/shop.noor.fi\/sv\/produkt\/glossy-mini-bordslampa-vit\/","url":"https:\/\/shop.noor.fi\/sv\/produkt\/glossy-mini-bordslampa-vit\/","name":"Glossy mini bordslampa vit - Oy Noortrade Ab","isPartOf":{"@id":"https:\/\/shopnoorfi-wp31835.test.cchosting.fi\/#website"},"primaryImageOfPage":{"@id":"https:\/\/shop.noor.fi\/sv\/produkt\/glossy-mini-bordslampa-vit\/#primaryimage"},"image":{"@id":"https:\/\/shop.noor.fi\/sv\/produkt\/glossy-mini-bordslampa-vit\/#primaryimage"},"thumbnailUrl":"https:\/\/shop.noor.fi\/wp-content\/uploads\/2025\/02\/5704924024016-1.jpg","datePublished":"2025-02-17T11:17:35+00:00","dateModified":"2026-02-27T11:10:51+00:00","breadcrumb":{"@id":"https:\/\/shop.noor.fi\/sv\/produkt\/glossy-mini-bordslampa-vit\/#breadcrumb"},"inLanguage":"sv-SE","potentialAction":[{"@type":"ReadAction","target":["https:\/\/shop.noor.fi\/sv\/produkt\/glossy-mini-bordslampa-vit\/"]}]},{"@type":"ImageObject","inLanguage":"sv-SE","@id":"https:\/\/shop.noor.fi\/sv\/produkt\/glossy-mini-bordslampa-vit\/#primaryimage","url":"https:\/\/shop.noor.fi\/wp-content\/uploads\/2025\/02\/5704924024016-1.jpg","contentUrl":"https:\/\/shop.noor.fi\/wp-content\/uploads\/2025\/02\/5704924024016-1.jpg","width":1210,"height":1210},{"@type":"BreadcrumbList","@id":"https:\/\/shop.noor.fi\/sv\/produkt\/glossy-mini-bordslampa-vit\/#breadcrumb","itemListElement":[{"@type":"ListItem","position":1,"name":"Etusivu","item":"https:\/\/shop.noor.fi\/sv\/"},{"@type":"ListItem","position":2,"name":"Butik","item":"https:\/\/shopnoorfi-wp31835.test.cchosting.fi\/sv\/butik\/"},{"@type":"ListItem","position":3,"name":"Glossy mini bordslampa vit"}]},{"@type":"WebSite","@id":"https:\/\/shopnoorfi-wp31835.test.cchosting.fi\/#website","url":"https:\/\/shopnoorfi-wp31835.test.cchosting.fi\/","name":"Oy Noortrade Ab","description":"Finnish family owned company with over 30 years of professional experience in lighting &amp; interior products import and sales - reliably.","publisher":{"@id":"https:\/\/shopnoorfi-wp31835.test.cchosting.fi\/#organization"},"potentialAction":[{"@type":"SearchAction","target":{"@type":"EntryPoint","urlTemplate":"https:\/\/shopnoorfi-wp31835.test.cchosting.fi\/?s={search_term_string}"},"query-input":{"@type":"PropertyValueSpecification","valueRequired":true,"valueName":"search_term_string"}}],"inLanguage":"sv-SE"},{"@type":"Organization","@id":"https:\/\/shopnoorfi-wp31835.test.cchosting.fi\/#organization","name":"Oy Noortrade Ab","url":"https:\/\/shopnoorfi-wp31835.test.cchosting.fi\/","logo":{"@type":"ImageObject","inLanguage":"sv-SE","@id":"https:\/\/shopnoorfi-wp31835.test.cchosting.fi\/#\/schema\/logo\/image\/","url":"https:\/\/shop.noor.fi\/wp-content\/uploads\/2024\/01\/Oy-Noortrade-Ab-Corbel-VERSAL-bold-BLACK.png","contentUrl":"https:\/\/shop.noor.fi\/wp-content\/uploads\/2024\/01\/Oy-Noortrade-Ab-Corbel-VERSAL-bold-BLACK.png","width":721,"height":177,"caption":"Oy Noortrade Ab"},"image":{"@id":"https:\/\/shopnoorfi-wp31835.test.cchosting.fi\/#\/schema\/logo\/image\/"}}]}},"brands":[{"id":36910,"name":"Design For The People","slug":"design-for-the-people"},{"id":37483,"name":"Design For The People","slug":"design-for-the-people-sv"}],"_links":{"self":[{"href":"https:\/\/shop.noor.fi\/sv\/wp-json\/wp\/v2\/product\/127099","targetHints":{"allow":["GET"]}}],"collection":[{"href":"https:\/\/shop.noor.fi\/sv\/wp-json\/wp\/v2\/product"}],"about":[{"href":"https:\/\/shop.noor.fi\/sv\/wp-json\/wp\/v2\/types\/product"}],"replies":[{"embeddable":true,"href":"https:\/\/shop.noor.fi\/sv\/wp-json\/wp\/v2\/comments?post=127099"}],"wp:featuredmedia":[{"embeddable":true,"href":"https:\/\/shop.noor.fi\/sv\/wp-json\/wp\/v2\/media\/138078"}],"wp:attachment":[{"href":"https:\/\/shop.noor.fi\/sv\/wp-json\/wp\/v2\/media?parent=127099"}],"wp:term":[{"taxonomy":"pwb-brand","embeddable":true,"href":"https:\/\/shop.noor.fi\/sv\/wp-json\/wp\/v2\/pwb-brand?post=127099"},{"taxonomy":"product_brand","embeddable":true,"href":"https:\/\/shop.noor.fi\/sv\/wp-json\/wp\/v2\/product_brand?post=127099"},{"taxonomy":"product_cat","embeddable":true,"href":"https:\/\/shop.noor.fi\/sv\/wp-json\/wp\/v2\/product_cat?post=127099"},{"taxonomy":"product_tag","embeddable":true,"href":"https:\/\/shop.noor.fi\/sv\/wp-json\/wp\/v2\/product_tag?post=127099"}],"curies":[{"name":"wp","href":"https:\/\/api.w.org\/{rel}","templated":true}]}}