{"id":127094,"date":"2025-02-17T13:15:17","date_gmt":"2025-02-17T11:15:17","guid":{"rendered":"https:\/\/shop.noor.fi\/product\/monay-square-solar-vagglampa-svart\/"},"modified":"2026-02-27T11:07:06","modified_gmt":"2026-02-27T09:07:06","slug":"monay-square-solar-vagglampa-svart","status":"publish","type":"product","link":"https:\/\/shop.noor.fi\/sv\/produkt\/monay-square-solar-vagglampa-svart\/","title":{"rendered":"Monay Square Solar v\u00e4gglampa svart"},"content":{"rendered":"<p>Monay \u00e4r en sladdl\u00f6s, solcellsdriven v\u00e4gglampa i modern och str\u00f6mlinjeformad design. Lampan laddas med solljus under dagen och t\u00e4nds n\u00e4r den k\u00e4nner av r\u00f6relse n\u00e4r det \u00e4r m\u00f6rkt. Du kan v\u00e4lja mellan tv\u00e5 sensorinst\u00e4llningar: av\/p\u00e5 eller fr\u00e5n kv\u00e4llsljus till fullt ljus n\u00e4r du g\u00e5r f\u00f6rbi. Perfekt att placera l\u00e4ngs husfasaden eller bredvid ytterd\u00f6rren s\u00e5 att den lyser n\u00e4r du kommer hem \u2013 du slipper leta efter str\u00f6mbrytaren Enkel installation utan kabeldragning.<br \/>\nF\u00e4rgtemperatur 3000K.<br \/>\nLaddningstid ca 6 timmar.<br \/>\nBatteritid \u00e4r ca 3 timmar med 200 lumen och i upp till 18 timmar med 20 lumen.<br \/>\nPlacera lampan s\u00e5 att solen kan n\u00e5 panelen under dagen.<br \/>\nIntegrerad LED, lampan \u00e4r ej utbytbar. Lampan har 5-\u00e5rs LED-garanti.<\/p>\n<p>Bredd 22 cm<br \/>\nDjup 13,9 cm<br \/>\nH\u00f6jd 7,4 cm<\/p>\n<p>Obs!<br \/>\nSolcellspanelen beh\u00f6ver riktas mot solen f\u00f6r optimal laddning av batteri<br \/>\nProdukten har en skymningsrel\u00e4 och lyser d\u00e4rf\u00f6r endast under de m\u00f6rka timmarna<\/p>\n","protected":false},"excerpt":{"rendered":"<p>Monay \u00e4r en sladdl\u00f6s, solcellsdriven v\u00e4gglampa i modern och str\u00f6mlinjeformad design. Lampan laddas med solljus under dagen och t\u00e4nds n\u00e4r den k\u00e4nner av r\u00f6relse n\u00e4r det \u00e4r m\u00f6rkt. Du kan v\u00e4lja mellan tv\u00e5 sensorinst\u00e4llningar: av\/p\u00e5 eller fr\u00e5n kv\u00e4llsljus till fullt ljus n\u00e4r du g\u00e5r f\u00f6rbi. Perfekt att placera l\u00e4ngs husfasaden eller bredvid ytterd\u00f6rren s\u00e5 att [&hellip;]<\/p>\n","protected":false},"featured_media":125782,"comment_status":"open","ping_status":"closed","template":"","meta":{"_acf_changed":false,"_relevanssi_hide_post":"","_relevanssi_hide_content":"","_relevanssi_pin_for_all":"","_relevanssi_pin_keywords":"","_relevanssi_unpin_keywords":"","_relevanssi_related_keywords":"","_relevanssi_related_include_ids":"","_relevanssi_related_exclude_ids":"","_relevanssi_related_no_append":"","_relevanssi_related_not_related":"","_relevanssi_related_posts":"","_relevanssi_noindex_reason":""},"pwb-brand":[28730,37488],"product_brand":[],"product_cat":[32193],"product_tag":[],"class_list":{"0":"post-127094","1":"product","2":"type-product","3":"status-publish","4":"has-post-thumbnail","6":"pwb-brand-nordlux","7":"pwb-brand-nordlux-sv","8":"product_cat-vagglampor-sv-2","10":"first","11":"onbackorder","12":"taxable","13":"shipping-taxable","14":"purchasable","15":"product-type-simple"},"acf":[],"yoast_head":"<!-- This site is optimized with the Yoast SEO plugin v27.5 - https:\/\/yoast.com\/product\/yoast-seo-wordpress\/ -->\n<title>Monay Square Solar v\u00e4gglampa svart - Oy Noortrade Ab<\/title>\n<meta name=\"robots\" content=\"index, follow, max-snippet:-1, max-image-preview:large, max-video-preview:-1\" \/>\n<link rel=\"canonical\" href=\"https:\/\/shop.noor.fi\/sv\/produkt\/monay-square-solar-vagglampa-svart\/\" \/>\n<meta property=\"og:locale\" content=\"sv_SE\" \/>\n<meta property=\"og:type\" content=\"article\" \/>\n<meta property=\"og:title\" content=\"Monay Square Solar v\u00e4gglampa svart - Oy Noortrade Ab\" \/>\n<meta property=\"og:description\" content=\"Monay \u00e4r en sladdl\u00f6s, solcellsdriven v\u00e4gglampa i modern och str\u00f6mlinjeformad design. Lampan laddas med solljus under dagen och t\u00e4nds n\u00e4r den k\u00e4nner av r\u00f6relse n\u00e4r det \u00e4r m\u00f6rkt. Du kan v\u00e4lja mellan tv\u00e5 sensorinst\u00e4llningar: av\/p\u00e5 eller fr\u00e5n kv\u00e4llsljus till fullt ljus n\u00e4r du g\u00e5r f\u00f6rbi. Perfekt att placera l\u00e4ngs husfasaden eller bredvid ytterd\u00f6rren s\u00e5 att [&hellip;]\" \/>\n<meta property=\"og:url\" content=\"https:\/\/shop.noor.fi\/sv\/produkt\/monay-square-solar-vagglampa-svart\/\" \/>\n<meta property=\"og:site_name\" content=\"Oy Noortrade Ab\" \/>\n<meta property=\"article:modified_time\" content=\"2026-02-27T09:07:06+00:00\" \/>\n<meta property=\"og:image\" content=\"https:\/\/shop.noor.fi\/wp-content\/uploads\/2025\/02\/5704924023538.jpg\" \/>\n\t<meta property=\"og:image:width\" content=\"1210\" \/>\n\t<meta property=\"og:image:height\" content=\"1210\" \/>\n\t<meta property=\"og:image:type\" content=\"image\/jpeg\" \/>\n<meta name=\"twitter:card\" content=\"summary_large_image\" \/>\n<meta name=\"twitter:label1\" content=\"Ber\u00e4knad l\u00e4stid\" \/>\n\t<meta name=\"twitter:data1\" content=\"1 minut\" \/>\n<script type=\"application\/ld+json\" class=\"yoast-schema-graph\">{\"@context\":\"https:\\\/\\\/schema.org\",\"@graph\":[{\"@type\":\"WebPage\",\"@id\":\"https:\\\/\\\/shop.noor.fi\\\/sv\\\/produkt\\\/monay-square-solar-vagglampa-svart\\\/\",\"url\":\"https:\\\/\\\/shop.noor.fi\\\/sv\\\/produkt\\\/monay-square-solar-vagglampa-svart\\\/\",\"name\":\"Monay Square Solar v\u00e4gglampa svart - Oy Noortrade Ab\",\"isPartOf\":{\"@id\":\"https:\\\/\\\/shopnoorfi-wp31835.test.cchosting.fi\\\/#website\"},\"primaryImageOfPage\":{\"@id\":\"https:\\\/\\\/shop.noor.fi\\\/sv\\\/produkt\\\/monay-square-solar-vagglampa-svart\\\/#primaryimage\"},\"image\":{\"@id\":\"https:\\\/\\\/shop.noor.fi\\\/sv\\\/produkt\\\/monay-square-solar-vagglampa-svart\\\/#primaryimage\"},\"thumbnailUrl\":\"https:\\\/\\\/shop.noor.fi\\\/wp-content\\\/uploads\\\/2025\\\/02\\\/5704924023538.jpg\",\"datePublished\":\"2025-02-17T11:15:17+00:00\",\"dateModified\":\"2026-02-27T09:07:06+00:00\",\"breadcrumb\":{\"@id\":\"https:\\\/\\\/shop.noor.fi\\\/sv\\\/produkt\\\/monay-square-solar-vagglampa-svart\\\/#breadcrumb\"},\"inLanguage\":\"sv-SE\",\"potentialAction\":[{\"@type\":\"ReadAction\",\"target\":[\"https:\\\/\\\/shop.noor.fi\\\/sv\\\/produkt\\\/monay-square-solar-vagglampa-svart\\\/\"]}]},{\"@type\":\"ImageObject\",\"inLanguage\":\"sv-SE\",\"@id\":\"https:\\\/\\\/shop.noor.fi\\\/sv\\\/produkt\\\/monay-square-solar-vagglampa-svart\\\/#primaryimage\",\"url\":\"https:\\\/\\\/shop.noor.fi\\\/wp-content\\\/uploads\\\/2025\\\/02\\\/5704924023538.jpg\",\"contentUrl\":\"https:\\\/\\\/shop.noor.fi\\\/wp-content\\\/uploads\\\/2025\\\/02\\\/5704924023538.jpg\",\"width\":1210,\"height\":1210},{\"@type\":\"BreadcrumbList\",\"@id\":\"https:\\\/\\\/shop.noor.fi\\\/sv\\\/produkt\\\/monay-square-solar-vagglampa-svart\\\/#breadcrumb\",\"itemListElement\":[{\"@type\":\"ListItem\",\"position\":1,\"name\":\"Etusivu\",\"item\":\"https:\\\/\\\/shop.noor.fi\\\/sv\\\/\"},{\"@type\":\"ListItem\",\"position\":2,\"name\":\"Butik\",\"item\":\"https:\\\/\\\/shopnoorfi-wp31835.test.cchosting.fi\\\/sv\\\/butik\\\/\"},{\"@type\":\"ListItem\",\"position\":3,\"name\":\"Monay Square Solar v\u00e4gglampa svart\"}]},{\"@type\":\"WebSite\",\"@id\":\"https:\\\/\\\/shopnoorfi-wp31835.test.cchosting.fi\\\/#website\",\"url\":\"https:\\\/\\\/shopnoorfi-wp31835.test.cchosting.fi\\\/\",\"name\":\"Oy Noortrade Ab\",\"description\":\"Finnish family owned company with over 30 years of professional experience in lighting &amp; interior products import and sales - reliably.\",\"publisher\":{\"@id\":\"https:\\\/\\\/shopnoorfi-wp31835.test.cchosting.fi\\\/#organization\"},\"potentialAction\":[{\"@type\":\"SearchAction\",\"target\":{\"@type\":\"EntryPoint\",\"urlTemplate\":\"https:\\\/\\\/shopnoorfi-wp31835.test.cchosting.fi\\\/?s={search_term_string}\"},\"query-input\":{\"@type\":\"PropertyValueSpecification\",\"valueRequired\":true,\"valueName\":\"search_term_string\"}}],\"inLanguage\":\"sv-SE\"},{\"@type\":\"Organization\",\"@id\":\"https:\\\/\\\/shopnoorfi-wp31835.test.cchosting.fi\\\/#organization\",\"name\":\"Oy Noortrade Ab\",\"url\":\"https:\\\/\\\/shopnoorfi-wp31835.test.cchosting.fi\\\/\",\"logo\":{\"@type\":\"ImageObject\",\"inLanguage\":\"sv-SE\",\"@id\":\"https:\\\/\\\/shopnoorfi-wp31835.test.cchosting.fi\\\/#\\\/schema\\\/logo\\\/image\\\/\",\"url\":\"https:\\\/\\\/shop.noor.fi\\\/wp-content\\\/uploads\\\/2024\\\/01\\\/Oy-Noortrade-Ab-Corbel-VERSAL-bold-BLACK.png\",\"contentUrl\":\"https:\\\/\\\/shop.noor.fi\\\/wp-content\\\/uploads\\\/2024\\\/01\\\/Oy-Noortrade-Ab-Corbel-VERSAL-bold-BLACK.png\",\"width\":721,\"height\":177,\"caption\":\"Oy Noortrade Ab\"},\"image\":{\"@id\":\"https:\\\/\\\/shopnoorfi-wp31835.test.cchosting.fi\\\/#\\\/schema\\\/logo\\\/image\\\/\"}}]}<\/script>\n<!-- \/ Yoast SEO plugin. -->","yoast_head_json":{"title":"Monay Square Solar v\u00e4gglampa svart - Oy Noortrade Ab","robots":{"index":"index","follow":"follow","max-snippet":"max-snippet:-1","max-image-preview":"max-image-preview:large","max-video-preview":"max-video-preview:-1"},"canonical":"https:\/\/shop.noor.fi\/sv\/produkt\/monay-square-solar-vagglampa-svart\/","og_locale":"sv_SE","og_type":"article","og_title":"Monay Square Solar v\u00e4gglampa svart - Oy Noortrade Ab","og_description":"Monay \u00e4r en sladdl\u00f6s, solcellsdriven v\u00e4gglampa i modern och str\u00f6mlinjeformad design. Lampan laddas med solljus under dagen och t\u00e4nds n\u00e4r den k\u00e4nner av r\u00f6relse n\u00e4r det \u00e4r m\u00f6rkt. Du kan v\u00e4lja mellan tv\u00e5 sensorinst\u00e4llningar: av\/p\u00e5 eller fr\u00e5n kv\u00e4llsljus till fullt ljus n\u00e4r du g\u00e5r f\u00f6rbi. Perfekt att placera l\u00e4ngs husfasaden eller bredvid ytterd\u00f6rren s\u00e5 att [&hellip;]","og_url":"https:\/\/shop.noor.fi\/sv\/produkt\/monay-square-solar-vagglampa-svart\/","og_site_name":"Oy Noortrade Ab","article_modified_time":"2026-02-27T09:07:06+00:00","og_image":[{"width":1210,"height":1210,"url":"https:\/\/shop.noor.fi\/wp-content\/uploads\/2025\/02\/5704924023538.jpg","type":"image\/jpeg"}],"twitter_card":"summary_large_image","twitter_misc":{"Ber\u00e4knad l\u00e4stid":"1 minut"},"schema":{"@context":"https:\/\/schema.org","@graph":[{"@type":"WebPage","@id":"https:\/\/shop.noor.fi\/sv\/produkt\/monay-square-solar-vagglampa-svart\/","url":"https:\/\/shop.noor.fi\/sv\/produkt\/monay-square-solar-vagglampa-svart\/","name":"Monay Square Solar v\u00e4gglampa svart - Oy Noortrade Ab","isPartOf":{"@id":"https:\/\/shopnoorfi-wp31835.test.cchosting.fi\/#website"},"primaryImageOfPage":{"@id":"https:\/\/shop.noor.fi\/sv\/produkt\/monay-square-solar-vagglampa-svart\/#primaryimage"},"image":{"@id":"https:\/\/shop.noor.fi\/sv\/produkt\/monay-square-solar-vagglampa-svart\/#primaryimage"},"thumbnailUrl":"https:\/\/shop.noor.fi\/wp-content\/uploads\/2025\/02\/5704924023538.jpg","datePublished":"2025-02-17T11:15:17+00:00","dateModified":"2026-02-27T09:07:06+00:00","breadcrumb":{"@id":"https:\/\/shop.noor.fi\/sv\/produkt\/monay-square-solar-vagglampa-svart\/#breadcrumb"},"inLanguage":"sv-SE","potentialAction":[{"@type":"ReadAction","target":["https:\/\/shop.noor.fi\/sv\/produkt\/monay-square-solar-vagglampa-svart\/"]}]},{"@type":"ImageObject","inLanguage":"sv-SE","@id":"https:\/\/shop.noor.fi\/sv\/produkt\/monay-square-solar-vagglampa-svart\/#primaryimage","url":"https:\/\/shop.noor.fi\/wp-content\/uploads\/2025\/02\/5704924023538.jpg","contentUrl":"https:\/\/shop.noor.fi\/wp-content\/uploads\/2025\/02\/5704924023538.jpg","width":1210,"height":1210},{"@type":"BreadcrumbList","@id":"https:\/\/shop.noor.fi\/sv\/produkt\/monay-square-solar-vagglampa-svart\/#breadcrumb","itemListElement":[{"@type":"ListItem","position":1,"name":"Etusivu","item":"https:\/\/shop.noor.fi\/sv\/"},{"@type":"ListItem","position":2,"name":"Butik","item":"https:\/\/shopnoorfi-wp31835.test.cchosting.fi\/sv\/butik\/"},{"@type":"ListItem","position":3,"name":"Monay Square Solar v\u00e4gglampa svart"}]},{"@type":"WebSite","@id":"https:\/\/shopnoorfi-wp31835.test.cchosting.fi\/#website","url":"https:\/\/shopnoorfi-wp31835.test.cchosting.fi\/","name":"Oy Noortrade Ab","description":"Finnish family owned company with over 30 years of professional experience in lighting &amp; interior products import and sales - reliably.","publisher":{"@id":"https:\/\/shopnoorfi-wp31835.test.cchosting.fi\/#organization"},"potentialAction":[{"@type":"SearchAction","target":{"@type":"EntryPoint","urlTemplate":"https:\/\/shopnoorfi-wp31835.test.cchosting.fi\/?s={search_term_string}"},"query-input":{"@type":"PropertyValueSpecification","valueRequired":true,"valueName":"search_term_string"}}],"inLanguage":"sv-SE"},{"@type":"Organization","@id":"https:\/\/shopnoorfi-wp31835.test.cchosting.fi\/#organization","name":"Oy Noortrade Ab","url":"https:\/\/shopnoorfi-wp31835.test.cchosting.fi\/","logo":{"@type":"ImageObject","inLanguage":"sv-SE","@id":"https:\/\/shopnoorfi-wp31835.test.cchosting.fi\/#\/schema\/logo\/image\/","url":"https:\/\/shop.noor.fi\/wp-content\/uploads\/2024\/01\/Oy-Noortrade-Ab-Corbel-VERSAL-bold-BLACK.png","contentUrl":"https:\/\/shop.noor.fi\/wp-content\/uploads\/2024\/01\/Oy-Noortrade-Ab-Corbel-VERSAL-bold-BLACK.png","width":721,"height":177,"caption":"Oy Noortrade Ab"},"image":{"@id":"https:\/\/shopnoorfi-wp31835.test.cchosting.fi\/#\/schema\/logo\/image\/"}}]}},"brands":[{"id":28730,"name":"Nordlux","slug":"nordlux"},{"id":37488,"name":"Nordlux","slug":"nordlux-sv"}],"_links":{"self":[{"href":"https:\/\/shop.noor.fi\/sv\/wp-json\/wp\/v2\/product\/127094","targetHints":{"allow":["GET"]}}],"collection":[{"href":"https:\/\/shop.noor.fi\/sv\/wp-json\/wp\/v2\/product"}],"about":[{"href":"https:\/\/shop.noor.fi\/sv\/wp-json\/wp\/v2\/types\/product"}],"replies":[{"embeddable":true,"href":"https:\/\/shop.noor.fi\/sv\/wp-json\/wp\/v2\/comments?post=127094"}],"wp:featuredmedia":[{"embeddable":true,"href":"https:\/\/shop.noor.fi\/sv\/wp-json\/wp\/v2\/media\/125782"}],"wp:attachment":[{"href":"https:\/\/shop.noor.fi\/sv\/wp-json\/wp\/v2\/media?parent=127094"}],"wp:term":[{"taxonomy":"pwb-brand","embeddable":true,"href":"https:\/\/shop.noor.fi\/sv\/wp-json\/wp\/v2\/pwb-brand?post=127094"},{"taxonomy":"product_brand","embeddable":true,"href":"https:\/\/shop.noor.fi\/sv\/wp-json\/wp\/v2\/product_brand?post=127094"},{"taxonomy":"product_cat","embeddable":true,"href":"https:\/\/shop.noor.fi\/sv\/wp-json\/wp\/v2\/product_cat?post=127094"},{"taxonomy":"product_tag","embeddable":true,"href":"https:\/\/shop.noor.fi\/sv\/wp-json\/wp\/v2\/product_tag?post=127094"}],"curies":[{"name":"wp","href":"https:\/\/api.w.org\/{rel}","templated":true}]}}