{"id":127085,"date":"2025-02-17T13:14:54","date_gmt":"2025-02-17T11:14:54","guid":{"rendered":"https:\/\/shop.noor.fi\/product\/coupar-solar-bordslampa-svart\/"},"modified":"2026-03-02T15:26:28","modified_gmt":"2026-03-02T13:26:28","slug":"coupar-solar-bordslampa-svart","status":"publish","type":"product","link":"https:\/\/shop.noor.fi\/sv\/produkt\/coupar-solar-bordslampa-svart\/","title":{"rendered":"Coupar Solar bordslampa svart"},"content":{"rendered":"<p>Coupar-serien av den danska designduon Says Who \u00e4r en modern version av den traditionella lyktan. Med rena linjer och ett mjukt och rundat designuttryck kombinerar serien p\u00e5 ett obesv\u00e4rat s\u00e4tt klassiska egenskaper med en modern och samtida look. Denna b\u00e4rbara lampa laddas med solljus under dagen och kan dimmas i tre steg (150\/100\/50 lumen) f\u00f6r att skapa den perfekta st\u00e4mningen. Usb-kabel f\u00f6r snabbladdning medf\u00f6ljer.<br \/>\nLaddningstid ca 3,5 timmar.<br \/>\nBatteritid \u00e4r ca 4 timmar med 150 lumen, 6 timmar med 100 lumen och i upp till 12 timmar med 50 lumen.<br \/>\nVid laddning med solcell placera lampan s\u00e5 att solen kan n\u00e5 panelen under dagen.<br \/>\nIntegrerad LED, lampan \u00e4r ej utbytbar. Lampan har 5-\u00e5rs LED-garanti.<\/p>\n<p>Diameter 14 cm<br \/>\nH\u00f6jd 22 cm<\/p>\n<p>Obs!<br \/>\nSolcellspanelen beh\u00f6ver riktas mot solen f\u00f6r optimal laddning av batteri<br \/>\nProdukten har en skymningsrel\u00e4 och lyser d\u00e4rf\u00f6r endast under de m\u00f6rka timmarna<\/p>\n","protected":false},"excerpt":{"rendered":"<p>Coupar-serien av den danska designduon Says Who \u00e4r en modern version av den traditionella lyktan. Med rena linjer och ett mjukt och rundat designuttryck kombinerar serien p\u00e5 ett obesv\u00e4rat s\u00e4tt klassiska egenskaper med en modern och samtida look. Denna b\u00e4rbara lampa laddas med solljus under dagen och kan dimmas i tre steg (150\/100\/50 lumen) f\u00f6r [&hellip;]<\/p>\n","protected":false},"featured_media":138004,"comment_status":"open","ping_status":"closed","template":"","meta":{"_acf_changed":false,"_relevanssi_hide_post":"","_relevanssi_hide_content":"","_relevanssi_pin_for_all":"","_relevanssi_pin_keywords":"","_relevanssi_unpin_keywords":"","_relevanssi_related_keywords":"","_relevanssi_related_include_ids":"","_relevanssi_related_exclude_ids":"","_relevanssi_related_no_append":"","_relevanssi_related_not_related":"","_relevanssi_related_posts":"","_relevanssi_noindex_reason":""},"pwb-brand":[37488],"product_brand":[],"product_cat":[32052,32106],"product_tag":[],"class_list":{"0":"post-127085","1":"product","2":"type-product","3":"status-publish","4":"has-post-thumbnail","6":"pwb-brand-nordlux-sv","7":"product_cat-laddbara-lampor-for-utomhusbruk","8":"product_cat-bordslampor-sv","10":"first","11":"onbackorder","12":"taxable","13":"shipping-taxable","14":"purchasable","15":"product-type-simple"},"acf":[],"yoast_head":"<!-- This site is optimized with the Yoast SEO plugin v27.5 - https:\/\/yoast.com\/product\/yoast-seo-wordpress\/ -->\n<title>Coupar Solar bordslampa svart - Oy Noortrade Ab<\/title>\n<meta name=\"robots\" content=\"index, follow, max-snippet:-1, max-image-preview:large, max-video-preview:-1\" \/>\n<link rel=\"canonical\" href=\"https:\/\/shop.noor.fi\/sv\/produkt\/coupar-solar-bordslampa-svart\/\" \/>\n<meta property=\"og:locale\" content=\"sv_SE\" \/>\n<meta property=\"og:type\" content=\"article\" \/>\n<meta property=\"og:title\" content=\"Coupar Solar bordslampa svart - Oy Noortrade Ab\" \/>\n<meta property=\"og:description\" content=\"Coupar-serien av den danska designduon Says Who \u00e4r en modern version av den traditionella lyktan. Med rena linjer och ett mjukt och rundat designuttryck kombinerar serien p\u00e5 ett obesv\u00e4rat s\u00e4tt klassiska egenskaper med en modern och samtida look. Denna b\u00e4rbara lampa laddas med solljus under dagen och kan dimmas i tre steg (150\/100\/50 lumen) f\u00f6r [&hellip;]\" \/>\n<meta property=\"og:url\" content=\"https:\/\/shop.noor.fi\/sv\/produkt\/coupar-solar-bordslampa-svart\/\" \/>\n<meta property=\"og:site_name\" content=\"Oy Noortrade Ab\" \/>\n<meta property=\"article:modified_time\" content=\"2026-03-02T13:26:28+00:00\" \/>\n<meta property=\"og:image\" content=\"https:\/\/shop.noor.fi\/wp-content\/uploads\/2025\/02\/5704924023446-1.jpg\" \/>\n\t<meta property=\"og:image:width\" content=\"1210\" \/>\n\t<meta property=\"og:image:height\" content=\"1210\" \/>\n\t<meta property=\"og:image:type\" content=\"image\/jpeg\" \/>\n<meta name=\"twitter:card\" content=\"summary_large_image\" \/>\n<meta name=\"twitter:label1\" content=\"Ber\u00e4knad l\u00e4stid\" \/>\n\t<meta name=\"twitter:data1\" content=\"2 minuter\" \/>\n<script type=\"application\/ld+json\" class=\"yoast-schema-graph\">{\"@context\":\"https:\\\/\\\/schema.org\",\"@graph\":[{\"@type\":\"WebPage\",\"@id\":\"https:\\\/\\\/shop.noor.fi\\\/sv\\\/produkt\\\/coupar-solar-bordslampa-svart\\\/\",\"url\":\"https:\\\/\\\/shop.noor.fi\\\/sv\\\/produkt\\\/coupar-solar-bordslampa-svart\\\/\",\"name\":\"Coupar Solar bordslampa svart - Oy Noortrade Ab\",\"isPartOf\":{\"@id\":\"https:\\\/\\\/shopnoorfi-wp31835.test.cchosting.fi\\\/#website\"},\"primaryImageOfPage\":{\"@id\":\"https:\\\/\\\/shop.noor.fi\\\/sv\\\/produkt\\\/coupar-solar-bordslampa-svart\\\/#primaryimage\"},\"image\":{\"@id\":\"https:\\\/\\\/shop.noor.fi\\\/sv\\\/produkt\\\/coupar-solar-bordslampa-svart\\\/#primaryimage\"},\"thumbnailUrl\":\"https:\\\/\\\/shop.noor.fi\\\/wp-content\\\/uploads\\\/2025\\\/02\\\/5704924023446-1.jpg\",\"datePublished\":\"2025-02-17T11:14:54+00:00\",\"dateModified\":\"2026-03-02T13:26:28+00:00\",\"breadcrumb\":{\"@id\":\"https:\\\/\\\/shop.noor.fi\\\/sv\\\/produkt\\\/coupar-solar-bordslampa-svart\\\/#breadcrumb\"},\"inLanguage\":\"sv-SE\",\"potentialAction\":[{\"@type\":\"ReadAction\",\"target\":[\"https:\\\/\\\/shop.noor.fi\\\/sv\\\/produkt\\\/coupar-solar-bordslampa-svart\\\/\"]}]},{\"@type\":\"ImageObject\",\"inLanguage\":\"sv-SE\",\"@id\":\"https:\\\/\\\/shop.noor.fi\\\/sv\\\/produkt\\\/coupar-solar-bordslampa-svart\\\/#primaryimage\",\"url\":\"https:\\\/\\\/shop.noor.fi\\\/wp-content\\\/uploads\\\/2025\\\/02\\\/5704924023446-1.jpg\",\"contentUrl\":\"https:\\\/\\\/shop.noor.fi\\\/wp-content\\\/uploads\\\/2025\\\/02\\\/5704924023446-1.jpg\",\"width\":1210,\"height\":1210},{\"@type\":\"BreadcrumbList\",\"@id\":\"https:\\\/\\\/shop.noor.fi\\\/sv\\\/produkt\\\/coupar-solar-bordslampa-svart\\\/#breadcrumb\",\"itemListElement\":[{\"@type\":\"ListItem\",\"position\":1,\"name\":\"Etusivu\",\"item\":\"https:\\\/\\\/shop.noor.fi\\\/sv\\\/\"},{\"@type\":\"ListItem\",\"position\":2,\"name\":\"Butik\",\"item\":\"https:\\\/\\\/shopnoorfi-wp31835.test.cchosting.fi\\\/sv\\\/butik\\\/\"},{\"@type\":\"ListItem\",\"position\":3,\"name\":\"Coupar Solar bordslampa svart\"}]},{\"@type\":\"WebSite\",\"@id\":\"https:\\\/\\\/shopnoorfi-wp31835.test.cchosting.fi\\\/#website\",\"url\":\"https:\\\/\\\/shopnoorfi-wp31835.test.cchosting.fi\\\/\",\"name\":\"Oy Noortrade Ab\",\"description\":\"Finnish family owned company with over 30 years of professional experience in lighting &amp; interior products import and sales - reliably.\",\"publisher\":{\"@id\":\"https:\\\/\\\/shopnoorfi-wp31835.test.cchosting.fi\\\/#organization\"},\"potentialAction\":[{\"@type\":\"SearchAction\",\"target\":{\"@type\":\"EntryPoint\",\"urlTemplate\":\"https:\\\/\\\/shopnoorfi-wp31835.test.cchosting.fi\\\/?s={search_term_string}\"},\"query-input\":{\"@type\":\"PropertyValueSpecification\",\"valueRequired\":true,\"valueName\":\"search_term_string\"}}],\"inLanguage\":\"sv-SE\"},{\"@type\":\"Organization\",\"@id\":\"https:\\\/\\\/shopnoorfi-wp31835.test.cchosting.fi\\\/#organization\",\"name\":\"Oy Noortrade Ab\",\"url\":\"https:\\\/\\\/shopnoorfi-wp31835.test.cchosting.fi\\\/\",\"logo\":{\"@type\":\"ImageObject\",\"inLanguage\":\"sv-SE\",\"@id\":\"https:\\\/\\\/shopnoorfi-wp31835.test.cchosting.fi\\\/#\\\/schema\\\/logo\\\/image\\\/\",\"url\":\"https:\\\/\\\/shop.noor.fi\\\/wp-content\\\/uploads\\\/2024\\\/01\\\/Oy-Noortrade-Ab-Corbel-VERSAL-bold-BLACK.png\",\"contentUrl\":\"https:\\\/\\\/shop.noor.fi\\\/wp-content\\\/uploads\\\/2024\\\/01\\\/Oy-Noortrade-Ab-Corbel-VERSAL-bold-BLACK.png\",\"width\":721,\"height\":177,\"caption\":\"Oy Noortrade Ab\"},\"image\":{\"@id\":\"https:\\\/\\\/shopnoorfi-wp31835.test.cchosting.fi\\\/#\\\/schema\\\/logo\\\/image\\\/\"}}]}<\/script>\n<!-- \/ Yoast SEO plugin. -->","yoast_head_json":{"title":"Coupar Solar bordslampa svart - Oy Noortrade Ab","robots":{"index":"index","follow":"follow","max-snippet":"max-snippet:-1","max-image-preview":"max-image-preview:large","max-video-preview":"max-video-preview:-1"},"canonical":"https:\/\/shop.noor.fi\/sv\/produkt\/coupar-solar-bordslampa-svart\/","og_locale":"sv_SE","og_type":"article","og_title":"Coupar Solar bordslampa svart - Oy Noortrade Ab","og_description":"Coupar-serien av den danska designduon Says Who \u00e4r en modern version av den traditionella lyktan. Med rena linjer och ett mjukt och rundat designuttryck kombinerar serien p\u00e5 ett obesv\u00e4rat s\u00e4tt klassiska egenskaper med en modern och samtida look. Denna b\u00e4rbara lampa laddas med solljus under dagen och kan dimmas i tre steg (150\/100\/50 lumen) f\u00f6r [&hellip;]","og_url":"https:\/\/shop.noor.fi\/sv\/produkt\/coupar-solar-bordslampa-svart\/","og_site_name":"Oy Noortrade Ab","article_modified_time":"2026-03-02T13:26:28+00:00","og_image":[{"width":1210,"height":1210,"url":"https:\/\/shop.noor.fi\/wp-content\/uploads\/2025\/02\/5704924023446-1.jpg","type":"image\/jpeg"}],"twitter_card":"summary_large_image","twitter_misc":{"Ber\u00e4knad l\u00e4stid":"2 minuter"},"schema":{"@context":"https:\/\/schema.org","@graph":[{"@type":"WebPage","@id":"https:\/\/shop.noor.fi\/sv\/produkt\/coupar-solar-bordslampa-svart\/","url":"https:\/\/shop.noor.fi\/sv\/produkt\/coupar-solar-bordslampa-svart\/","name":"Coupar Solar bordslampa svart - Oy Noortrade Ab","isPartOf":{"@id":"https:\/\/shopnoorfi-wp31835.test.cchosting.fi\/#website"},"primaryImageOfPage":{"@id":"https:\/\/shop.noor.fi\/sv\/produkt\/coupar-solar-bordslampa-svart\/#primaryimage"},"image":{"@id":"https:\/\/shop.noor.fi\/sv\/produkt\/coupar-solar-bordslampa-svart\/#primaryimage"},"thumbnailUrl":"https:\/\/shop.noor.fi\/wp-content\/uploads\/2025\/02\/5704924023446-1.jpg","datePublished":"2025-02-17T11:14:54+00:00","dateModified":"2026-03-02T13:26:28+00:00","breadcrumb":{"@id":"https:\/\/shop.noor.fi\/sv\/produkt\/coupar-solar-bordslampa-svart\/#breadcrumb"},"inLanguage":"sv-SE","potentialAction":[{"@type":"ReadAction","target":["https:\/\/shop.noor.fi\/sv\/produkt\/coupar-solar-bordslampa-svart\/"]}]},{"@type":"ImageObject","inLanguage":"sv-SE","@id":"https:\/\/shop.noor.fi\/sv\/produkt\/coupar-solar-bordslampa-svart\/#primaryimage","url":"https:\/\/shop.noor.fi\/wp-content\/uploads\/2025\/02\/5704924023446-1.jpg","contentUrl":"https:\/\/shop.noor.fi\/wp-content\/uploads\/2025\/02\/5704924023446-1.jpg","width":1210,"height":1210},{"@type":"BreadcrumbList","@id":"https:\/\/shop.noor.fi\/sv\/produkt\/coupar-solar-bordslampa-svart\/#breadcrumb","itemListElement":[{"@type":"ListItem","position":1,"name":"Etusivu","item":"https:\/\/shop.noor.fi\/sv\/"},{"@type":"ListItem","position":2,"name":"Butik","item":"https:\/\/shopnoorfi-wp31835.test.cchosting.fi\/sv\/butik\/"},{"@type":"ListItem","position":3,"name":"Coupar Solar bordslampa svart"}]},{"@type":"WebSite","@id":"https:\/\/shopnoorfi-wp31835.test.cchosting.fi\/#website","url":"https:\/\/shopnoorfi-wp31835.test.cchosting.fi\/","name":"Oy Noortrade Ab","description":"Finnish family owned company with over 30 years of professional experience in lighting &amp; interior products import and sales - reliably.","publisher":{"@id":"https:\/\/shopnoorfi-wp31835.test.cchosting.fi\/#organization"},"potentialAction":[{"@type":"SearchAction","target":{"@type":"EntryPoint","urlTemplate":"https:\/\/shopnoorfi-wp31835.test.cchosting.fi\/?s={search_term_string}"},"query-input":{"@type":"PropertyValueSpecification","valueRequired":true,"valueName":"search_term_string"}}],"inLanguage":"sv-SE"},{"@type":"Organization","@id":"https:\/\/shopnoorfi-wp31835.test.cchosting.fi\/#organization","name":"Oy Noortrade Ab","url":"https:\/\/shopnoorfi-wp31835.test.cchosting.fi\/","logo":{"@type":"ImageObject","inLanguage":"sv-SE","@id":"https:\/\/shopnoorfi-wp31835.test.cchosting.fi\/#\/schema\/logo\/image\/","url":"https:\/\/shop.noor.fi\/wp-content\/uploads\/2024\/01\/Oy-Noortrade-Ab-Corbel-VERSAL-bold-BLACK.png","contentUrl":"https:\/\/shop.noor.fi\/wp-content\/uploads\/2024\/01\/Oy-Noortrade-Ab-Corbel-VERSAL-bold-BLACK.png","width":721,"height":177,"caption":"Oy Noortrade Ab"},"image":{"@id":"https:\/\/shopnoorfi-wp31835.test.cchosting.fi\/#\/schema\/logo\/image\/"}}]}},"brands":[{"id":37488,"name":"Nordlux","slug":"nordlux-sv"}],"_links":{"self":[{"href":"https:\/\/shop.noor.fi\/sv\/wp-json\/wp\/v2\/product\/127085","targetHints":{"allow":["GET"]}}],"collection":[{"href":"https:\/\/shop.noor.fi\/sv\/wp-json\/wp\/v2\/product"}],"about":[{"href":"https:\/\/shop.noor.fi\/sv\/wp-json\/wp\/v2\/types\/product"}],"replies":[{"embeddable":true,"href":"https:\/\/shop.noor.fi\/sv\/wp-json\/wp\/v2\/comments?post=127085"}],"wp:featuredmedia":[{"embeddable":true,"href":"https:\/\/shop.noor.fi\/sv\/wp-json\/wp\/v2\/media\/138004"}],"wp:attachment":[{"href":"https:\/\/shop.noor.fi\/sv\/wp-json\/wp\/v2\/media?parent=127085"}],"wp:term":[{"taxonomy":"pwb-brand","embeddable":true,"href":"https:\/\/shop.noor.fi\/sv\/wp-json\/wp\/v2\/pwb-brand?post=127085"},{"taxonomy":"product_brand","embeddable":true,"href":"https:\/\/shop.noor.fi\/sv\/wp-json\/wp\/v2\/product_brand?post=127085"},{"taxonomy":"product_cat","embeddable":true,"href":"https:\/\/shop.noor.fi\/sv\/wp-json\/wp\/v2\/product_cat?post=127085"},{"taxonomy":"product_tag","embeddable":true,"href":"https:\/\/shop.noor.fi\/sv\/wp-json\/wp\/v2\/product_tag?post=127085"}],"curies":[{"name":"wp","href":"https:\/\/api.w.org\/{rel}","templated":true}]}}