{"id":123356,"date":"2025-01-08T14:07:05","date_gmt":"2025-01-08T12:07:05","guid":{"rendered":"https:\/\/shop.noor.fi\/product\/rondo-uppladdningsbar-ljusslinga\/"},"modified":"2026-04-23T18:29:29","modified_gmt":"2026-04-23T15:29:29","slug":"rondo-uppladdningsbar-ljusslinga","status":"publish","type":"product","link":"https:\/\/shop.noor.fi\/sv\/produkt\/rondo-uppladdningsbar-ljusslinga\/","title":{"rendered":"Rondo uppladdningsbar ljusslinga"},"content":{"rendered":"<p>Rondo \u00e4r en praktisk uppladdningsbar slinga p\u00e5 rulle, perfekt att ta med p\u00e5 camping och utflykt. 10 m slinga med 100 varmvita LED som g\u00e5r att variera med fast eller pulserande sken. S\u00e4tts upp med hj\u00e4lp av en krok l\u00e4ngst ut p\u00e5 slingan och en h\u00e4ngare p\u00e5 rullen. Tre magneter p\u00e5 undersidan som g\u00f6r den enkel att f\u00e4sta. L\u00e4tt att veva in slingan efter anv\u00e4ndning.<br \/>\n24 varmvita LED p\u00e5 ovansidan av rullen med dimfunktion. 8 r\u00f6da LED med SOS blinkning. 1 varmvit LED p\u00e5 undersidan av rullen som fungerar som ficklampa. Timerfunktion med tre val, 4, 6 eller 8 timmar.<br \/>\nProdukten styrs av knappar p\u00e5 undersidan eller med bifogad fj\u00e4rrkontroll.<br \/>\nLaddas i ca 6 timmar f\u00f6r full effekt, lyser d\u00e4refter i 12 timmar och l\u00e4ngre beroende p\u00e5 val av ljusstyrka och funktion.<br \/>\n50 cm l\u00e5ng USB kabel medf\u00f6ljer.<br \/>\nFungerar \u00e4ven som powerbank, finns USB-A och USB-C uttag.<br \/>\nIntegrerad LED, lamporna \u00e4r ej utbytbara.<\/p>\n<p>L\u00e4ngd 1000 cm<br \/>\nDjup 11 cm<br \/>\nH\u00f6jd 4 cm<\/p>\n","protected":false},"excerpt":{"rendered":"<p>Rondo \u00e4r en praktisk uppladdningsbar slinga p\u00e5 rulle, perfekt att ta med p\u00e5 camping och utflykt. 10 m slinga med 100 varmvita LED som g\u00e5r att variera med fast eller pulserande sken. S\u00e4tts upp med hj\u00e4lp av en krok l\u00e4ngst ut p\u00e5 slingan och en h\u00e4ngare p\u00e5 rullen. Tre magneter p\u00e5 undersidan som g\u00f6r den [&hellip;]<\/p>\n","protected":false},"featured_media":124653,"comment_status":"open","ping_status":"closed","template":"","meta":{"_acf_changed":false,"_relevanssi_hide_post":"","_relevanssi_hide_content":"","_relevanssi_pin_for_all":"","_relevanssi_pin_keywords":"","_relevanssi_unpin_keywords":"","_relevanssi_related_keywords":"","_relevanssi_related_include_ids":"","_relevanssi_related_exclude_ids":"","_relevanssi_related_no_append":"","_relevanssi_related_not_related":"","_relevanssi_related_posts":"","_relevanssi_noindex_reason":""},"pwb-brand":[28728],"product_brand":[],"product_cat":[32052,32038],"product_tag":[],"class_list":{"0":"post-123356","1":"product","2":"type-product","3":"status-publish","4":"has-post-thumbnail","6":"pwb-brand-star-trading","7":"product_cat-laddbara-lampor-for-utomhusbruk","8":"product_cat-dekorationsslingor","10":"first","11":"instock","12":"taxable","13":"shipping-taxable","14":"purchasable","15":"product-type-simple"},"acf":[],"yoast_head":"<!-- This site is optimized with the Yoast SEO plugin v27.5 - https:\/\/yoast.com\/product\/yoast-seo-wordpress\/ -->\n<title>Rondo uppladdningsbar ljusslinga - Oy Noortrade Ab<\/title>\n<meta name=\"robots\" content=\"index, follow, max-snippet:-1, max-image-preview:large, max-video-preview:-1\" \/>\n<link rel=\"canonical\" href=\"https:\/\/shop.noor.fi\/produkt\/rondo-ladattava-valosarja\/\" \/>\n<meta property=\"og:locale\" content=\"sv_SE\" \/>\n<meta property=\"og:type\" content=\"article\" \/>\n<meta property=\"og:title\" content=\"Rondo uppladdningsbar ljusslinga - Oy Noortrade Ab\" \/>\n<meta property=\"og:description\" content=\"Rondo \u00e4r en praktisk uppladdningsbar slinga p\u00e5 rulle, perfekt att ta med p\u00e5 camping och utflykt. 10 m slinga med 100 varmvita LED som g\u00e5r att variera med fast eller pulserande sken. S\u00e4tts upp med hj\u00e4lp av en krok l\u00e4ngst ut p\u00e5 slingan och en h\u00e4ngare p\u00e5 rullen. Tre magneter p\u00e5 undersidan som g\u00f6r den [&hellip;]\" \/>\n<meta property=\"og:url\" content=\"https:\/\/shop.noor.fi\/produkt\/rondo-ladattava-valosarja\/\" \/>\n<meta property=\"og:site_name\" content=\"Oy Noortrade Ab\" \/>\n<meta property=\"article:modified_time\" content=\"2026-04-23T15:29:29+00:00\" \/>\n<meta property=\"og:image\" content=\"https:\/\/shop.noor.fi\/wp-content\/uploads\/2025\/01\/7391482076854.jpg\" \/>\n\t<meta property=\"og:image:width\" content=\"1210\" \/>\n\t<meta property=\"og:image:height\" content=\"405\" \/>\n\t<meta property=\"og:image:type\" content=\"image\/jpeg\" \/>\n<meta name=\"twitter:card\" content=\"summary_large_image\" \/>\n<meta name=\"twitter:label1\" content=\"Ber\u00e4knad l\u00e4stid\" \/>\n\t<meta name=\"twitter:data1\" content=\"1 minut\" \/>\n<script type=\"application\/ld+json\" class=\"yoast-schema-graph\">{\"@context\":\"https:\\\/\\\/schema.org\",\"@graph\":[{\"@type\":\"WebPage\",\"@id\":\"https:\\\/\\\/shop.noor.fi\\\/produkt\\\/rondo-ladattava-valosarja\\\/\",\"url\":\"https:\\\/\\\/shop.noor.fi\\\/produkt\\\/rondo-ladattava-valosarja\\\/\",\"name\":\"Rondo uppladdningsbar ljusslinga - Oy Noortrade Ab\",\"isPartOf\":{\"@id\":\"https:\\\/\\\/shopnoorfi-wp31835.test.cchosting.fi\\\/#website\"},\"primaryImageOfPage\":{\"@id\":\"https:\\\/\\\/shop.noor.fi\\\/produkt\\\/rondo-ladattava-valosarja\\\/#primaryimage\"},\"image\":{\"@id\":\"https:\\\/\\\/shop.noor.fi\\\/produkt\\\/rondo-ladattava-valosarja\\\/#primaryimage\"},\"thumbnailUrl\":\"https:\\\/\\\/shop.noor.fi\\\/wp-content\\\/uploads\\\/2025\\\/01\\\/7391482076854.jpg\",\"datePublished\":\"2025-01-08T12:07:05+00:00\",\"dateModified\":\"2026-04-23T15:29:29+00:00\",\"breadcrumb\":{\"@id\":\"https:\\\/\\\/shop.noor.fi\\\/produkt\\\/rondo-ladattava-valosarja\\\/#breadcrumb\"},\"inLanguage\":\"sv-SE\",\"potentialAction\":[{\"@type\":\"ReadAction\",\"target\":[\"https:\\\/\\\/shop.noor.fi\\\/produkt\\\/rondo-ladattava-valosarja\\\/\"]}]},{\"@type\":\"ImageObject\",\"inLanguage\":\"sv-SE\",\"@id\":\"https:\\\/\\\/shop.noor.fi\\\/produkt\\\/rondo-ladattava-valosarja\\\/#primaryimage\",\"url\":\"https:\\\/\\\/shop.noor.fi\\\/wp-content\\\/uploads\\\/2025\\\/01\\\/7391482076854.jpg\",\"contentUrl\":\"https:\\\/\\\/shop.noor.fi\\\/wp-content\\\/uploads\\\/2025\\\/01\\\/7391482076854.jpg\",\"width\":1210,\"height\":405},{\"@type\":\"BreadcrumbList\",\"@id\":\"https:\\\/\\\/shop.noor.fi\\\/produkt\\\/rondo-ladattava-valosarja\\\/#breadcrumb\",\"itemListElement\":[{\"@type\":\"ListItem\",\"position\":1,\"name\":\"Etusivu\",\"item\":\"https:\\\/\\\/shop.noor.fi\\\/sv\\\/\"},{\"@type\":\"ListItem\",\"position\":2,\"name\":\"Butik\",\"item\":\"https:\\\/\\\/shopnoorfi-wp31835.test.cchosting.fi\\\/sv\\\/butik\\\/\"},{\"@type\":\"ListItem\",\"position\":3,\"name\":\"Rondo uppladdningsbar ljusslinga\"}]},{\"@type\":\"WebSite\",\"@id\":\"https:\\\/\\\/shopnoorfi-wp31835.test.cchosting.fi\\\/#website\",\"url\":\"https:\\\/\\\/shopnoorfi-wp31835.test.cchosting.fi\\\/\",\"name\":\"Oy Noortrade Ab\",\"description\":\"Finnish family owned company with over 30 years of professional experience in lighting &amp; interior products import and sales - reliably.\",\"publisher\":{\"@id\":\"https:\\\/\\\/shopnoorfi-wp31835.test.cchosting.fi\\\/#organization\"},\"potentialAction\":[{\"@type\":\"SearchAction\",\"target\":{\"@type\":\"EntryPoint\",\"urlTemplate\":\"https:\\\/\\\/shopnoorfi-wp31835.test.cchosting.fi\\\/?s={search_term_string}\"},\"query-input\":{\"@type\":\"PropertyValueSpecification\",\"valueRequired\":true,\"valueName\":\"search_term_string\"}}],\"inLanguage\":\"sv-SE\"},{\"@type\":\"Organization\",\"@id\":\"https:\\\/\\\/shopnoorfi-wp31835.test.cchosting.fi\\\/#organization\",\"name\":\"Oy Noortrade Ab\",\"url\":\"https:\\\/\\\/shopnoorfi-wp31835.test.cchosting.fi\\\/\",\"logo\":{\"@type\":\"ImageObject\",\"inLanguage\":\"sv-SE\",\"@id\":\"https:\\\/\\\/shopnoorfi-wp31835.test.cchosting.fi\\\/#\\\/schema\\\/logo\\\/image\\\/\",\"url\":\"https:\\\/\\\/shop.noor.fi\\\/wp-content\\\/uploads\\\/2024\\\/01\\\/Oy-Noortrade-Ab-Corbel-VERSAL-bold-BLACK.png\",\"contentUrl\":\"https:\\\/\\\/shop.noor.fi\\\/wp-content\\\/uploads\\\/2024\\\/01\\\/Oy-Noortrade-Ab-Corbel-VERSAL-bold-BLACK.png\",\"width\":721,\"height\":177,\"caption\":\"Oy Noortrade Ab\"},\"image\":{\"@id\":\"https:\\\/\\\/shopnoorfi-wp31835.test.cchosting.fi\\\/#\\\/schema\\\/logo\\\/image\\\/\"}}]}<\/script>\n<!-- \/ Yoast SEO plugin. -->","yoast_head_json":{"title":"Rondo uppladdningsbar ljusslinga - Oy Noortrade Ab","robots":{"index":"index","follow":"follow","max-snippet":"max-snippet:-1","max-image-preview":"max-image-preview:large","max-video-preview":"max-video-preview:-1"},"canonical":"https:\/\/shop.noor.fi\/produkt\/rondo-ladattava-valosarja\/","og_locale":"sv_SE","og_type":"article","og_title":"Rondo uppladdningsbar ljusslinga - Oy Noortrade Ab","og_description":"Rondo \u00e4r en praktisk uppladdningsbar slinga p\u00e5 rulle, perfekt att ta med p\u00e5 camping och utflykt. 10 m slinga med 100 varmvita LED som g\u00e5r att variera med fast eller pulserande sken. S\u00e4tts upp med hj\u00e4lp av en krok l\u00e4ngst ut p\u00e5 slingan och en h\u00e4ngare p\u00e5 rullen. Tre magneter p\u00e5 undersidan som g\u00f6r den [&hellip;]","og_url":"https:\/\/shop.noor.fi\/produkt\/rondo-ladattava-valosarja\/","og_site_name":"Oy Noortrade Ab","article_modified_time":"2026-04-23T15:29:29+00:00","og_image":[{"width":1210,"height":405,"url":"https:\/\/shop.noor.fi\/wp-content\/uploads\/2025\/01\/7391482076854.jpg","type":"image\/jpeg"}],"twitter_card":"summary_large_image","twitter_misc":{"Ber\u00e4knad l\u00e4stid":"1 minut"},"schema":{"@context":"https:\/\/schema.org","@graph":[{"@type":"WebPage","@id":"https:\/\/shop.noor.fi\/produkt\/rondo-ladattava-valosarja\/","url":"https:\/\/shop.noor.fi\/produkt\/rondo-ladattava-valosarja\/","name":"Rondo uppladdningsbar ljusslinga - Oy Noortrade Ab","isPartOf":{"@id":"https:\/\/shopnoorfi-wp31835.test.cchosting.fi\/#website"},"primaryImageOfPage":{"@id":"https:\/\/shop.noor.fi\/produkt\/rondo-ladattava-valosarja\/#primaryimage"},"image":{"@id":"https:\/\/shop.noor.fi\/produkt\/rondo-ladattava-valosarja\/#primaryimage"},"thumbnailUrl":"https:\/\/shop.noor.fi\/wp-content\/uploads\/2025\/01\/7391482076854.jpg","datePublished":"2025-01-08T12:07:05+00:00","dateModified":"2026-04-23T15:29:29+00:00","breadcrumb":{"@id":"https:\/\/shop.noor.fi\/produkt\/rondo-ladattava-valosarja\/#breadcrumb"},"inLanguage":"sv-SE","potentialAction":[{"@type":"ReadAction","target":["https:\/\/shop.noor.fi\/produkt\/rondo-ladattava-valosarja\/"]}]},{"@type":"ImageObject","inLanguage":"sv-SE","@id":"https:\/\/shop.noor.fi\/produkt\/rondo-ladattava-valosarja\/#primaryimage","url":"https:\/\/shop.noor.fi\/wp-content\/uploads\/2025\/01\/7391482076854.jpg","contentUrl":"https:\/\/shop.noor.fi\/wp-content\/uploads\/2025\/01\/7391482076854.jpg","width":1210,"height":405},{"@type":"BreadcrumbList","@id":"https:\/\/shop.noor.fi\/produkt\/rondo-ladattava-valosarja\/#breadcrumb","itemListElement":[{"@type":"ListItem","position":1,"name":"Etusivu","item":"https:\/\/shop.noor.fi\/sv\/"},{"@type":"ListItem","position":2,"name":"Butik","item":"https:\/\/shopnoorfi-wp31835.test.cchosting.fi\/sv\/butik\/"},{"@type":"ListItem","position":3,"name":"Rondo uppladdningsbar ljusslinga"}]},{"@type":"WebSite","@id":"https:\/\/shopnoorfi-wp31835.test.cchosting.fi\/#website","url":"https:\/\/shopnoorfi-wp31835.test.cchosting.fi\/","name":"Oy Noortrade Ab","description":"Finnish family owned company with over 30 years of professional experience in lighting &amp; interior products import and sales - reliably.","publisher":{"@id":"https:\/\/shopnoorfi-wp31835.test.cchosting.fi\/#organization"},"potentialAction":[{"@type":"SearchAction","target":{"@type":"EntryPoint","urlTemplate":"https:\/\/shopnoorfi-wp31835.test.cchosting.fi\/?s={search_term_string}"},"query-input":{"@type":"PropertyValueSpecification","valueRequired":true,"valueName":"search_term_string"}}],"inLanguage":"sv-SE"},{"@type":"Organization","@id":"https:\/\/shopnoorfi-wp31835.test.cchosting.fi\/#organization","name":"Oy Noortrade Ab","url":"https:\/\/shopnoorfi-wp31835.test.cchosting.fi\/","logo":{"@type":"ImageObject","inLanguage":"sv-SE","@id":"https:\/\/shopnoorfi-wp31835.test.cchosting.fi\/#\/schema\/logo\/image\/","url":"https:\/\/shop.noor.fi\/wp-content\/uploads\/2024\/01\/Oy-Noortrade-Ab-Corbel-VERSAL-bold-BLACK.png","contentUrl":"https:\/\/shop.noor.fi\/wp-content\/uploads\/2024\/01\/Oy-Noortrade-Ab-Corbel-VERSAL-bold-BLACK.png","width":721,"height":177,"caption":"Oy Noortrade Ab"},"image":{"@id":"https:\/\/shopnoorfi-wp31835.test.cchosting.fi\/#\/schema\/logo\/image\/"}}]}},"brands":[{"id":28728,"name":"Star Trading","slug":"star-trading"}],"_links":{"self":[{"href":"https:\/\/shop.noor.fi\/sv\/wp-json\/wp\/v2\/product\/123356","targetHints":{"allow":["GET"]}}],"collection":[{"href":"https:\/\/shop.noor.fi\/sv\/wp-json\/wp\/v2\/product"}],"about":[{"href":"https:\/\/shop.noor.fi\/sv\/wp-json\/wp\/v2\/types\/product"}],"replies":[{"embeddable":true,"href":"https:\/\/shop.noor.fi\/sv\/wp-json\/wp\/v2\/comments?post=123356"}],"wp:featuredmedia":[{"embeddable":true,"href":"https:\/\/shop.noor.fi\/sv\/wp-json\/wp\/v2\/media\/124653"}],"wp:attachment":[{"href":"https:\/\/shop.noor.fi\/sv\/wp-json\/wp\/v2\/media?parent=123356"}],"wp:term":[{"taxonomy":"pwb-brand","embeddable":true,"href":"https:\/\/shop.noor.fi\/sv\/wp-json\/wp\/v2\/pwb-brand?post=123356"},{"taxonomy":"product_brand","embeddable":true,"href":"https:\/\/shop.noor.fi\/sv\/wp-json\/wp\/v2\/product_brand?post=123356"},{"taxonomy":"product_cat","embeddable":true,"href":"https:\/\/shop.noor.fi\/sv\/wp-json\/wp\/v2\/product_cat?post=123356"},{"taxonomy":"product_tag","embeddable":true,"href":"https:\/\/shop.noor.fi\/sv\/wp-json\/wp\/v2\/product_tag?post=123356"}],"curies":[{"name":"wp","href":"https:\/\/api.w.org\/{rel}","templated":true}]}}