{"id":123318,"date":"2025-01-08T13:53:25","date_gmt":"2025-01-08T11:53:25","guid":{"rendered":"https:\/\/shop.noor.fi\/product\/bologna-solcellspollare-80cm-rostfritt-stal\/"},"modified":"2026-04-21T13:35:40","modified_gmt":"2026-04-21T10:35:40","slug":"bologna-solcellspollare-80cm-rostfritt-stal","status":"publish","type":"product","link":"https:\/\/shop.noor.fi\/sv\/produkt\/bologna-solcellspollare-80cm-rostfritt-stal\/","title":{"rendered":"Bologna solcellspollare 80cm rostfritt st\u00e5l"},"content":{"rendered":"<p>80 cm h\u00f6g solcellspollare med ett randigt glas och vit LED-ljusk\u00e4lla. Placera t.ex. p\u00e5 stigen eller i tr\u00e4dg\u00e5rden.<br \/>\nPlacera belysningen s\u00e5 att solen kan n\u00e5 panelen under dagen.<br \/>\nIntegrerad LED, lampan \u00e4r ej utbytbar.<\/p>\n<p>Diameter 10 cm<br \/>\nH\u00f6jd 80 cm<\/p>\n<p>Obs!<br \/>\nSolcellspanelen beh\u00f6ver riktas mot solen f\u00f6r optimal laddning av batteri<br \/>\nProdukten har en skymningsrel\u00e4 och lyser d\u00e4rf\u00f6r endast under de m\u00f6rka timmarna<\/p>\n<p>Mer information om solcellsprodukter finns i Solar-guiden under fliken Nedladdningar.<\/p>\n","protected":false},"excerpt":{"rendered":"<p>80 cm h\u00f6g solcellspollare med ett randigt glas och vit LED-ljusk\u00e4lla. Placera t.ex. p\u00e5 stigen eller i tr\u00e4dg\u00e5rden. Placera belysningen s\u00e5 att solen kan n\u00e5 panelen under dagen. Integrerad LED, lampan \u00e4r ej utbytbar. Diameter 10 cm H\u00f6jd 80 cm Obs! Solcellspanelen beh\u00f6ver riktas mot solen f\u00f6r optimal laddning av batteri Produkten har en skymningsrel\u00e4 [&hellip;]<\/p>\n","protected":false},"featured_media":123783,"comment_status":"open","ping_status":"closed","template":"","meta":{"_acf_changed":false,"_relevanssi_hide_post":"","_relevanssi_hide_content":"","_relevanssi_pin_for_all":"","_relevanssi_pin_keywords":"","_relevanssi_unpin_keywords":"","_relevanssi_related_keywords":"","_relevanssi_related_include_ids":"","_relevanssi_related_exclude_ids":"","_relevanssi_related_no_append":"","_relevanssi_related_not_related":"","_relevanssi_related_posts":"","_relevanssi_noindex_reason":""},"pwb-brand":[28728],"product_brand":[],"product_cat":[32040],"product_tag":[],"class_list":{"0":"post-123318","1":"product","2":"type-product","3":"status-publish","4":"has-post-thumbnail","6":"pwb-brand-star-trading","7":"product_cat-gangbelysning","9":"first","10":"onbackorder","11":"taxable","12":"shipping-taxable","13":"purchasable","14":"product-type-simple"},"acf":[],"yoast_head":"<!-- This site is optimized with the Yoast SEO plugin v27.5 - https:\/\/yoast.com\/product\/yoast-seo-wordpress\/ -->\n<title>Bologna solcellspollare 80cm rostfritt st\u00e5l - Oy Noortrade Ab<\/title>\n<meta name=\"robots\" content=\"index, follow, max-snippet:-1, max-image-preview:large, max-video-preview:-1\" \/>\n<link rel=\"canonical\" href=\"https:\/\/shop.noor.fi\/produkt\/bologna-aurinkokennopollari-80cm-ruostumaton-teras\/\" \/>\n<meta property=\"og:locale\" content=\"sv_SE\" \/>\n<meta property=\"og:type\" content=\"article\" \/>\n<meta property=\"og:title\" content=\"Bologna solcellspollare 80cm rostfritt st\u00e5l - Oy Noortrade Ab\" \/>\n<meta property=\"og:description\" content=\"80 cm h\u00f6g solcellspollare med ett randigt glas och vit LED-ljusk\u00e4lla. Placera t.ex. p\u00e5 stigen eller i tr\u00e4dg\u00e5rden. Placera belysningen s\u00e5 att solen kan n\u00e5 panelen under dagen. Integrerad LED, lampan \u00e4r ej utbytbar. Diameter 10 cm H\u00f6jd 80 cm Obs! Solcellspanelen beh\u00f6ver riktas mot solen f\u00f6r optimal laddning av batteri Produkten har en skymningsrel\u00e4 [&hellip;]\" \/>\n<meta property=\"og:url\" content=\"https:\/\/shop.noor.fi\/produkt\/bologna-aurinkokennopollari-80cm-ruostumaton-teras\/\" \/>\n<meta property=\"og:site_name\" content=\"Oy Noortrade Ab\" \/>\n<meta property=\"article:modified_time\" content=\"2026-04-21T10:35:40+00:00\" \/>\n<meta property=\"og:image\" content=\"https:\/\/shop.noor.fi\/wp-content\/uploads\/2025\/01\/7391482075741.jpg\" \/>\n\t<meta property=\"og:image:width\" content=\"500\" \/>\n\t<meta property=\"og:image:height\" content=\"1210\" \/>\n\t<meta property=\"og:image:type\" content=\"image\/jpeg\" \/>\n<meta name=\"twitter:card\" content=\"summary_large_image\" \/>\n<script type=\"application\/ld+json\" class=\"yoast-schema-graph\">{\"@context\":\"https:\\\/\\\/schema.org\",\"@graph\":[{\"@type\":\"WebPage\",\"@id\":\"https:\\\/\\\/shop.noor.fi\\\/produkt\\\/bologna-aurinkokennopollari-80cm-ruostumaton-teras\\\/\",\"url\":\"https:\\\/\\\/shop.noor.fi\\\/produkt\\\/bologna-aurinkokennopollari-80cm-ruostumaton-teras\\\/\",\"name\":\"Bologna solcellspollare 80cm rostfritt st\u00e5l - Oy Noortrade Ab\",\"isPartOf\":{\"@id\":\"https:\\\/\\\/shopnoorfi-wp31835.test.cchosting.fi\\\/#website\"},\"primaryImageOfPage\":{\"@id\":\"https:\\\/\\\/shop.noor.fi\\\/produkt\\\/bologna-aurinkokennopollari-80cm-ruostumaton-teras\\\/#primaryimage\"},\"image\":{\"@id\":\"https:\\\/\\\/shop.noor.fi\\\/produkt\\\/bologna-aurinkokennopollari-80cm-ruostumaton-teras\\\/#primaryimage\"},\"thumbnailUrl\":\"https:\\\/\\\/shop.noor.fi\\\/wp-content\\\/uploads\\\/2025\\\/01\\\/7391482075741.jpg\",\"datePublished\":\"2025-01-08T11:53:25+00:00\",\"dateModified\":\"2026-04-21T10:35:40+00:00\",\"breadcrumb\":{\"@id\":\"https:\\\/\\\/shop.noor.fi\\\/produkt\\\/bologna-aurinkokennopollari-80cm-ruostumaton-teras\\\/#breadcrumb\"},\"inLanguage\":\"sv-SE\",\"potentialAction\":[{\"@type\":\"ReadAction\",\"target\":[\"https:\\\/\\\/shop.noor.fi\\\/produkt\\\/bologna-aurinkokennopollari-80cm-ruostumaton-teras\\\/\"]}]},{\"@type\":\"ImageObject\",\"inLanguage\":\"sv-SE\",\"@id\":\"https:\\\/\\\/shop.noor.fi\\\/produkt\\\/bologna-aurinkokennopollari-80cm-ruostumaton-teras\\\/#primaryimage\",\"url\":\"https:\\\/\\\/shop.noor.fi\\\/wp-content\\\/uploads\\\/2025\\\/01\\\/7391482075741.jpg\",\"contentUrl\":\"https:\\\/\\\/shop.noor.fi\\\/wp-content\\\/uploads\\\/2025\\\/01\\\/7391482075741.jpg\",\"width\":500,\"height\":1210},{\"@type\":\"BreadcrumbList\",\"@id\":\"https:\\\/\\\/shop.noor.fi\\\/produkt\\\/bologna-aurinkokennopollari-80cm-ruostumaton-teras\\\/#breadcrumb\",\"itemListElement\":[{\"@type\":\"ListItem\",\"position\":1,\"name\":\"Etusivu\",\"item\":\"https:\\\/\\\/shop.noor.fi\\\/sv\\\/\"},{\"@type\":\"ListItem\",\"position\":2,\"name\":\"Butik\",\"item\":\"https:\\\/\\\/shopnoorfi-wp31835.test.cchosting.fi\\\/sv\\\/butik\\\/\"},{\"@type\":\"ListItem\",\"position\":3,\"name\":\"Bologna solcellspollare 80cm rostfritt st\u00e5l\"}]},{\"@type\":\"WebSite\",\"@id\":\"https:\\\/\\\/shopnoorfi-wp31835.test.cchosting.fi\\\/#website\",\"url\":\"https:\\\/\\\/shopnoorfi-wp31835.test.cchosting.fi\\\/\",\"name\":\"Oy Noortrade Ab\",\"description\":\"Finnish family owned company with over 30 years of professional experience in lighting &amp; interior products import and sales - reliably.\",\"publisher\":{\"@id\":\"https:\\\/\\\/shopnoorfi-wp31835.test.cchosting.fi\\\/#organization\"},\"potentialAction\":[{\"@type\":\"SearchAction\",\"target\":{\"@type\":\"EntryPoint\",\"urlTemplate\":\"https:\\\/\\\/shopnoorfi-wp31835.test.cchosting.fi\\\/?s={search_term_string}\"},\"query-input\":{\"@type\":\"PropertyValueSpecification\",\"valueRequired\":true,\"valueName\":\"search_term_string\"}}],\"inLanguage\":\"sv-SE\"},{\"@type\":\"Organization\",\"@id\":\"https:\\\/\\\/shopnoorfi-wp31835.test.cchosting.fi\\\/#organization\",\"name\":\"Oy Noortrade Ab\",\"url\":\"https:\\\/\\\/shopnoorfi-wp31835.test.cchosting.fi\\\/\",\"logo\":{\"@type\":\"ImageObject\",\"inLanguage\":\"sv-SE\",\"@id\":\"https:\\\/\\\/shopnoorfi-wp31835.test.cchosting.fi\\\/#\\\/schema\\\/logo\\\/image\\\/\",\"url\":\"https:\\\/\\\/shop.noor.fi\\\/wp-content\\\/uploads\\\/2024\\\/01\\\/Oy-Noortrade-Ab-Corbel-VERSAL-bold-BLACK.png\",\"contentUrl\":\"https:\\\/\\\/shop.noor.fi\\\/wp-content\\\/uploads\\\/2024\\\/01\\\/Oy-Noortrade-Ab-Corbel-VERSAL-bold-BLACK.png\",\"width\":721,\"height\":177,\"caption\":\"Oy Noortrade Ab\"},\"image\":{\"@id\":\"https:\\\/\\\/shopnoorfi-wp31835.test.cchosting.fi\\\/#\\\/schema\\\/logo\\\/image\\\/\"}}]}<\/script>\n<!-- \/ Yoast SEO plugin. -->","yoast_head_json":{"title":"Bologna solcellspollare 80cm rostfritt st\u00e5l - Oy Noortrade Ab","robots":{"index":"index","follow":"follow","max-snippet":"max-snippet:-1","max-image-preview":"max-image-preview:large","max-video-preview":"max-video-preview:-1"},"canonical":"https:\/\/shop.noor.fi\/produkt\/bologna-aurinkokennopollari-80cm-ruostumaton-teras\/","og_locale":"sv_SE","og_type":"article","og_title":"Bologna solcellspollare 80cm rostfritt st\u00e5l - Oy Noortrade Ab","og_description":"80 cm h\u00f6g solcellspollare med ett randigt glas och vit LED-ljusk\u00e4lla. Placera t.ex. p\u00e5 stigen eller i tr\u00e4dg\u00e5rden. Placera belysningen s\u00e5 att solen kan n\u00e5 panelen under dagen. Integrerad LED, lampan \u00e4r ej utbytbar. Diameter 10 cm H\u00f6jd 80 cm Obs! Solcellspanelen beh\u00f6ver riktas mot solen f\u00f6r optimal laddning av batteri Produkten har en skymningsrel\u00e4 [&hellip;]","og_url":"https:\/\/shop.noor.fi\/produkt\/bologna-aurinkokennopollari-80cm-ruostumaton-teras\/","og_site_name":"Oy Noortrade Ab","article_modified_time":"2026-04-21T10:35:40+00:00","og_image":[{"width":500,"height":1210,"url":"https:\/\/shop.noor.fi\/wp-content\/uploads\/2025\/01\/7391482075741.jpg","type":"image\/jpeg"}],"twitter_card":"summary_large_image","schema":{"@context":"https:\/\/schema.org","@graph":[{"@type":"WebPage","@id":"https:\/\/shop.noor.fi\/produkt\/bologna-aurinkokennopollari-80cm-ruostumaton-teras\/","url":"https:\/\/shop.noor.fi\/produkt\/bologna-aurinkokennopollari-80cm-ruostumaton-teras\/","name":"Bologna solcellspollare 80cm rostfritt st\u00e5l - Oy Noortrade Ab","isPartOf":{"@id":"https:\/\/shopnoorfi-wp31835.test.cchosting.fi\/#website"},"primaryImageOfPage":{"@id":"https:\/\/shop.noor.fi\/produkt\/bologna-aurinkokennopollari-80cm-ruostumaton-teras\/#primaryimage"},"image":{"@id":"https:\/\/shop.noor.fi\/produkt\/bologna-aurinkokennopollari-80cm-ruostumaton-teras\/#primaryimage"},"thumbnailUrl":"https:\/\/shop.noor.fi\/wp-content\/uploads\/2025\/01\/7391482075741.jpg","datePublished":"2025-01-08T11:53:25+00:00","dateModified":"2026-04-21T10:35:40+00:00","breadcrumb":{"@id":"https:\/\/shop.noor.fi\/produkt\/bologna-aurinkokennopollari-80cm-ruostumaton-teras\/#breadcrumb"},"inLanguage":"sv-SE","potentialAction":[{"@type":"ReadAction","target":["https:\/\/shop.noor.fi\/produkt\/bologna-aurinkokennopollari-80cm-ruostumaton-teras\/"]}]},{"@type":"ImageObject","inLanguage":"sv-SE","@id":"https:\/\/shop.noor.fi\/produkt\/bologna-aurinkokennopollari-80cm-ruostumaton-teras\/#primaryimage","url":"https:\/\/shop.noor.fi\/wp-content\/uploads\/2025\/01\/7391482075741.jpg","contentUrl":"https:\/\/shop.noor.fi\/wp-content\/uploads\/2025\/01\/7391482075741.jpg","width":500,"height":1210},{"@type":"BreadcrumbList","@id":"https:\/\/shop.noor.fi\/produkt\/bologna-aurinkokennopollari-80cm-ruostumaton-teras\/#breadcrumb","itemListElement":[{"@type":"ListItem","position":1,"name":"Etusivu","item":"https:\/\/shop.noor.fi\/sv\/"},{"@type":"ListItem","position":2,"name":"Butik","item":"https:\/\/shopnoorfi-wp31835.test.cchosting.fi\/sv\/butik\/"},{"@type":"ListItem","position":3,"name":"Bologna solcellspollare 80cm rostfritt st\u00e5l"}]},{"@type":"WebSite","@id":"https:\/\/shopnoorfi-wp31835.test.cchosting.fi\/#website","url":"https:\/\/shopnoorfi-wp31835.test.cchosting.fi\/","name":"Oy Noortrade Ab","description":"Finnish family owned company with over 30 years of professional experience in lighting &amp; interior products import and sales - reliably.","publisher":{"@id":"https:\/\/shopnoorfi-wp31835.test.cchosting.fi\/#organization"},"potentialAction":[{"@type":"SearchAction","target":{"@type":"EntryPoint","urlTemplate":"https:\/\/shopnoorfi-wp31835.test.cchosting.fi\/?s={search_term_string}"},"query-input":{"@type":"PropertyValueSpecification","valueRequired":true,"valueName":"search_term_string"}}],"inLanguage":"sv-SE"},{"@type":"Organization","@id":"https:\/\/shopnoorfi-wp31835.test.cchosting.fi\/#organization","name":"Oy Noortrade Ab","url":"https:\/\/shopnoorfi-wp31835.test.cchosting.fi\/","logo":{"@type":"ImageObject","inLanguage":"sv-SE","@id":"https:\/\/shopnoorfi-wp31835.test.cchosting.fi\/#\/schema\/logo\/image\/","url":"https:\/\/shop.noor.fi\/wp-content\/uploads\/2024\/01\/Oy-Noortrade-Ab-Corbel-VERSAL-bold-BLACK.png","contentUrl":"https:\/\/shop.noor.fi\/wp-content\/uploads\/2024\/01\/Oy-Noortrade-Ab-Corbel-VERSAL-bold-BLACK.png","width":721,"height":177,"caption":"Oy Noortrade Ab"},"image":{"@id":"https:\/\/shopnoorfi-wp31835.test.cchosting.fi\/#\/schema\/logo\/image\/"}}]}},"brands":[{"id":28728,"name":"Star Trading","slug":"star-trading"}],"_links":{"self":[{"href":"https:\/\/shop.noor.fi\/sv\/wp-json\/wp\/v2\/product\/123318","targetHints":{"allow":["GET"]}}],"collection":[{"href":"https:\/\/shop.noor.fi\/sv\/wp-json\/wp\/v2\/product"}],"about":[{"href":"https:\/\/shop.noor.fi\/sv\/wp-json\/wp\/v2\/types\/product"}],"replies":[{"embeddable":true,"href":"https:\/\/shop.noor.fi\/sv\/wp-json\/wp\/v2\/comments?post=123318"}],"wp:featuredmedia":[{"embeddable":true,"href":"https:\/\/shop.noor.fi\/sv\/wp-json\/wp\/v2\/media\/123783"}],"wp:attachment":[{"href":"https:\/\/shop.noor.fi\/sv\/wp-json\/wp\/v2\/media?parent=123318"}],"wp:term":[{"taxonomy":"pwb-brand","embeddable":true,"href":"https:\/\/shop.noor.fi\/sv\/wp-json\/wp\/v2\/pwb-brand?post=123318"},{"taxonomy":"product_brand","embeddable":true,"href":"https:\/\/shop.noor.fi\/sv\/wp-json\/wp\/v2\/product_brand?post=123318"},{"taxonomy":"product_cat","embeddable":true,"href":"https:\/\/shop.noor.fi\/sv\/wp-json\/wp\/v2\/product_cat?post=123318"},{"taxonomy":"product_tag","embeddable":true,"href":"https:\/\/shop.noor.fi\/sv\/wp-json\/wp\/v2\/product_tag?post=123318"}],"curies":[{"name":"wp","href":"https:\/\/api.w.org\/{rel}","templated":true}]}}