{"id":123258,"date":"2025-01-08T13:07:23","date_gmt":"2025-01-08T11:07:23","guid":{"rendered":"https:\/\/shop.noor.fi\/product\/jolly-julkalender-multifarg\/"},"modified":"2026-03-10T15:33:06","modified_gmt":"2026-03-10T13:33:06","slug":"jolly-julkalender-multifarg","status":"publish","type":"product","link":"https:\/\/shop.noor.fi\/sv\/produkt\/jolly-julkalender-multifarg\/","title":{"rendered":"Jolly julkalender multif\u00e4rg"},"content":{"rendered":"<p>Julkalender i form av ett t\u00e5g med vagnar och glada passagerare. R\u00e4kna dagarna till julafton genom att skjuta fram det lilla loket. Fina julf\u00e4rger, en klassiker att ta fram fr\u00e5n \u00e5r till \u00e5r. Sm\u00e5 LED-ljuspunkter lyser fint med varmvitt sken och skapar mysig st\u00e4mning.<br \/>\nTimerfunktionen g\u00f6r det m\u00f6jligt att s\u00e4tta lamporna att lysa i 6 timmar och vara sl\u00e4ckt i 18 timmar f\u00f6r att sedan t\u00e4ndas igen n\u00e4sta dag.<br \/>\nDekorationen fungerar med tv\u00e5 AAA-batterier som ing\u00e5r ej.<br \/>\nIntegrerad LED, lamporna \u00e4r ej utbytbara.<\/p>\n<p>Bredd 38 cm<br \/>\nDjup 5 cm<br \/>\nH\u00f6jd 13,5 cm<\/p>\n","protected":false},"excerpt":{"rendered":"<p>Julkalender i form av ett t\u00e5g med vagnar och glada passagerare. R\u00e4kna dagarna till julafton genom att skjuta fram det lilla loket. Fina julf\u00e4rger, en klassiker att ta fram fr\u00e5n \u00e5r till \u00e5r. Sm\u00e5 LED-ljuspunkter lyser fint med varmvitt sken och skapar mysig st\u00e4mning. Timerfunktionen g\u00f6r det m\u00f6jligt att s\u00e4tta lamporna att lysa i 6 [&hellip;]<\/p>\n","protected":false},"featured_media":123757,"comment_status":"open","ping_status":"closed","template":"","meta":{"_acf_changed":false,"_relevanssi_hide_post":"","_relevanssi_hide_content":"","_relevanssi_pin_for_all":"","_relevanssi_pin_keywords":"","_relevanssi_unpin_keywords":"","_relevanssi_related_keywords":"","_relevanssi_related_include_ids":"","_relevanssi_related_exclude_ids":"","_relevanssi_related_no_append":"","_relevanssi_related_not_related":"","_relevanssi_related_posts":"","_relevanssi_noindex_reason":""},"pwb-brand":[28728],"product_brand":[],"product_cat":[32010],"product_tag":[],"class_list":{"0":"post-123258","1":"product","2":"type-product","3":"status-publish","4":"has-post-thumbnail","6":"pwb-brand-star-trading","7":"product_cat-inomhusdekorationer-jul","9":"first","10":"instock","11":"taxable","12":"shipping-taxable","13":"purchasable","14":"product-type-simple"},"acf":[],"yoast_head":"<!-- This site is optimized with the Yoast SEO plugin v27.5 - https:\/\/yoast.com\/product\/yoast-seo-wordpress\/ -->\n<title>Jolly julkalender multif\u00e4rg - Oy Noortrade Ab<\/title>\n<meta name=\"robots\" content=\"index, follow, max-snippet:-1, max-image-preview:large, max-video-preview:-1\" \/>\n<link rel=\"canonical\" href=\"https:\/\/shop.noor.fi\/produkt\/jolly-joulukalenteri-monivari\/\" \/>\n<meta property=\"og:locale\" content=\"sv_SE\" \/>\n<meta property=\"og:type\" content=\"article\" \/>\n<meta property=\"og:title\" content=\"Jolly julkalender multif\u00e4rg - Oy Noortrade Ab\" \/>\n<meta property=\"og:description\" content=\"Julkalender i form av ett t\u00e5g med vagnar och glada passagerare. R\u00e4kna dagarna till julafton genom att skjuta fram det lilla loket. Fina julf\u00e4rger, en klassiker att ta fram fr\u00e5n \u00e5r till \u00e5r. Sm\u00e5 LED-ljuspunkter lyser fint med varmvitt sken och skapar mysig st\u00e4mning. Timerfunktionen g\u00f6r det m\u00f6jligt att s\u00e4tta lamporna att lysa i 6 [&hellip;]\" \/>\n<meta property=\"og:url\" content=\"https:\/\/shop.noor.fi\/produkt\/jolly-joulukalenteri-monivari\/\" \/>\n<meta property=\"og:site_name\" content=\"Oy Noortrade Ab\" \/>\n<meta property=\"article:modified_time\" content=\"2026-03-10T13:33:06+00:00\" \/>\n<meta property=\"og:image\" content=\"https:\/\/shop.noor.fi\/wp-content\/uploads\/2025\/01\/7391482075680.jpg\" \/>\n\t<meta property=\"og:image:width\" content=\"1210\" \/>\n\t<meta property=\"og:image:height\" content=\"434\" \/>\n\t<meta property=\"og:image:type\" content=\"image\/jpeg\" \/>\n<meta name=\"twitter:card\" content=\"summary_large_image\" \/>\n<meta name=\"twitter:label1\" content=\"Ber\u00e4knad l\u00e4stid\" \/>\n\t<meta name=\"twitter:data1\" content=\"1 minut\" \/>\n<script type=\"application\/ld+json\" class=\"yoast-schema-graph\">{\"@context\":\"https:\\\/\\\/schema.org\",\"@graph\":[{\"@type\":\"WebPage\",\"@id\":\"https:\\\/\\\/shop.noor.fi\\\/produkt\\\/jolly-joulukalenteri-monivari\\\/\",\"url\":\"https:\\\/\\\/shop.noor.fi\\\/produkt\\\/jolly-joulukalenteri-monivari\\\/\",\"name\":\"Jolly julkalender multif\u00e4rg - Oy Noortrade Ab\",\"isPartOf\":{\"@id\":\"https:\\\/\\\/shopnoorfi-wp31835.test.cchosting.fi\\\/#website\"},\"primaryImageOfPage\":{\"@id\":\"https:\\\/\\\/shop.noor.fi\\\/produkt\\\/jolly-joulukalenteri-monivari\\\/#primaryimage\"},\"image\":{\"@id\":\"https:\\\/\\\/shop.noor.fi\\\/produkt\\\/jolly-joulukalenteri-monivari\\\/#primaryimage\"},\"thumbnailUrl\":\"https:\\\/\\\/shop.noor.fi\\\/wp-content\\\/uploads\\\/2025\\\/01\\\/7391482075680.jpg\",\"datePublished\":\"2025-01-08T11:07:23+00:00\",\"dateModified\":\"2026-03-10T13:33:06+00:00\",\"breadcrumb\":{\"@id\":\"https:\\\/\\\/shop.noor.fi\\\/produkt\\\/jolly-joulukalenteri-monivari\\\/#breadcrumb\"},\"inLanguage\":\"sv-SE\",\"potentialAction\":[{\"@type\":\"ReadAction\",\"target\":[\"https:\\\/\\\/shop.noor.fi\\\/produkt\\\/jolly-joulukalenteri-monivari\\\/\"]}]},{\"@type\":\"ImageObject\",\"inLanguage\":\"sv-SE\",\"@id\":\"https:\\\/\\\/shop.noor.fi\\\/produkt\\\/jolly-joulukalenteri-monivari\\\/#primaryimage\",\"url\":\"https:\\\/\\\/shop.noor.fi\\\/wp-content\\\/uploads\\\/2025\\\/01\\\/7391482075680.jpg\",\"contentUrl\":\"https:\\\/\\\/shop.noor.fi\\\/wp-content\\\/uploads\\\/2025\\\/01\\\/7391482075680.jpg\",\"width\":1210,\"height\":434},{\"@type\":\"BreadcrumbList\",\"@id\":\"https:\\\/\\\/shop.noor.fi\\\/produkt\\\/jolly-joulukalenteri-monivari\\\/#breadcrumb\",\"itemListElement\":[{\"@type\":\"ListItem\",\"position\":1,\"name\":\"Etusivu\",\"item\":\"https:\\\/\\\/shop.noor.fi\\\/sv\\\/\"},{\"@type\":\"ListItem\",\"position\":2,\"name\":\"Butik\",\"item\":\"https:\\\/\\\/shopnoorfi-wp31835.test.cchosting.fi\\\/sv\\\/butik\\\/\"},{\"@type\":\"ListItem\",\"position\":3,\"name\":\"Jolly julkalender multif\u00e4rg\"}]},{\"@type\":\"WebSite\",\"@id\":\"https:\\\/\\\/shopnoorfi-wp31835.test.cchosting.fi\\\/#website\",\"url\":\"https:\\\/\\\/shopnoorfi-wp31835.test.cchosting.fi\\\/\",\"name\":\"Oy Noortrade Ab\",\"description\":\"Finnish family owned company with over 30 years of professional experience in lighting &amp; interior products import and sales - reliably.\",\"publisher\":{\"@id\":\"https:\\\/\\\/shopnoorfi-wp31835.test.cchosting.fi\\\/#organization\"},\"potentialAction\":[{\"@type\":\"SearchAction\",\"target\":{\"@type\":\"EntryPoint\",\"urlTemplate\":\"https:\\\/\\\/shopnoorfi-wp31835.test.cchosting.fi\\\/?s={search_term_string}\"},\"query-input\":{\"@type\":\"PropertyValueSpecification\",\"valueRequired\":true,\"valueName\":\"search_term_string\"}}],\"inLanguage\":\"sv-SE\"},{\"@type\":\"Organization\",\"@id\":\"https:\\\/\\\/shopnoorfi-wp31835.test.cchosting.fi\\\/#organization\",\"name\":\"Oy Noortrade Ab\",\"url\":\"https:\\\/\\\/shopnoorfi-wp31835.test.cchosting.fi\\\/\",\"logo\":{\"@type\":\"ImageObject\",\"inLanguage\":\"sv-SE\",\"@id\":\"https:\\\/\\\/shopnoorfi-wp31835.test.cchosting.fi\\\/#\\\/schema\\\/logo\\\/image\\\/\",\"url\":\"https:\\\/\\\/shop.noor.fi\\\/wp-content\\\/uploads\\\/2024\\\/01\\\/Oy-Noortrade-Ab-Corbel-VERSAL-bold-BLACK.png\",\"contentUrl\":\"https:\\\/\\\/shop.noor.fi\\\/wp-content\\\/uploads\\\/2024\\\/01\\\/Oy-Noortrade-Ab-Corbel-VERSAL-bold-BLACK.png\",\"width\":721,\"height\":177,\"caption\":\"Oy Noortrade Ab\"},\"image\":{\"@id\":\"https:\\\/\\\/shopnoorfi-wp31835.test.cchosting.fi\\\/#\\\/schema\\\/logo\\\/image\\\/\"}}]}<\/script>\n<!-- \/ Yoast SEO plugin. -->","yoast_head_json":{"title":"Jolly julkalender multif\u00e4rg - Oy Noortrade Ab","robots":{"index":"index","follow":"follow","max-snippet":"max-snippet:-1","max-image-preview":"max-image-preview:large","max-video-preview":"max-video-preview:-1"},"canonical":"https:\/\/shop.noor.fi\/produkt\/jolly-joulukalenteri-monivari\/","og_locale":"sv_SE","og_type":"article","og_title":"Jolly julkalender multif\u00e4rg - Oy Noortrade Ab","og_description":"Julkalender i form av ett t\u00e5g med vagnar och glada passagerare. R\u00e4kna dagarna till julafton genom att skjuta fram det lilla loket. Fina julf\u00e4rger, en klassiker att ta fram fr\u00e5n \u00e5r till \u00e5r. Sm\u00e5 LED-ljuspunkter lyser fint med varmvitt sken och skapar mysig st\u00e4mning. Timerfunktionen g\u00f6r det m\u00f6jligt att s\u00e4tta lamporna att lysa i 6 [&hellip;]","og_url":"https:\/\/shop.noor.fi\/produkt\/jolly-joulukalenteri-monivari\/","og_site_name":"Oy Noortrade Ab","article_modified_time":"2026-03-10T13:33:06+00:00","og_image":[{"width":1210,"height":434,"url":"https:\/\/shop.noor.fi\/wp-content\/uploads\/2025\/01\/7391482075680.jpg","type":"image\/jpeg"}],"twitter_card":"summary_large_image","twitter_misc":{"Ber\u00e4knad l\u00e4stid":"1 minut"},"schema":{"@context":"https:\/\/schema.org","@graph":[{"@type":"WebPage","@id":"https:\/\/shop.noor.fi\/produkt\/jolly-joulukalenteri-monivari\/","url":"https:\/\/shop.noor.fi\/produkt\/jolly-joulukalenteri-monivari\/","name":"Jolly julkalender multif\u00e4rg - Oy Noortrade Ab","isPartOf":{"@id":"https:\/\/shopnoorfi-wp31835.test.cchosting.fi\/#website"},"primaryImageOfPage":{"@id":"https:\/\/shop.noor.fi\/produkt\/jolly-joulukalenteri-monivari\/#primaryimage"},"image":{"@id":"https:\/\/shop.noor.fi\/produkt\/jolly-joulukalenteri-monivari\/#primaryimage"},"thumbnailUrl":"https:\/\/shop.noor.fi\/wp-content\/uploads\/2025\/01\/7391482075680.jpg","datePublished":"2025-01-08T11:07:23+00:00","dateModified":"2026-03-10T13:33:06+00:00","breadcrumb":{"@id":"https:\/\/shop.noor.fi\/produkt\/jolly-joulukalenteri-monivari\/#breadcrumb"},"inLanguage":"sv-SE","potentialAction":[{"@type":"ReadAction","target":["https:\/\/shop.noor.fi\/produkt\/jolly-joulukalenteri-monivari\/"]}]},{"@type":"ImageObject","inLanguage":"sv-SE","@id":"https:\/\/shop.noor.fi\/produkt\/jolly-joulukalenteri-monivari\/#primaryimage","url":"https:\/\/shop.noor.fi\/wp-content\/uploads\/2025\/01\/7391482075680.jpg","contentUrl":"https:\/\/shop.noor.fi\/wp-content\/uploads\/2025\/01\/7391482075680.jpg","width":1210,"height":434},{"@type":"BreadcrumbList","@id":"https:\/\/shop.noor.fi\/produkt\/jolly-joulukalenteri-monivari\/#breadcrumb","itemListElement":[{"@type":"ListItem","position":1,"name":"Etusivu","item":"https:\/\/shop.noor.fi\/sv\/"},{"@type":"ListItem","position":2,"name":"Butik","item":"https:\/\/shopnoorfi-wp31835.test.cchosting.fi\/sv\/butik\/"},{"@type":"ListItem","position":3,"name":"Jolly julkalender multif\u00e4rg"}]},{"@type":"WebSite","@id":"https:\/\/shopnoorfi-wp31835.test.cchosting.fi\/#website","url":"https:\/\/shopnoorfi-wp31835.test.cchosting.fi\/","name":"Oy Noortrade Ab","description":"Finnish family owned company with over 30 years of professional experience in lighting &amp; interior products import and sales - reliably.","publisher":{"@id":"https:\/\/shopnoorfi-wp31835.test.cchosting.fi\/#organization"},"potentialAction":[{"@type":"SearchAction","target":{"@type":"EntryPoint","urlTemplate":"https:\/\/shopnoorfi-wp31835.test.cchosting.fi\/?s={search_term_string}"},"query-input":{"@type":"PropertyValueSpecification","valueRequired":true,"valueName":"search_term_string"}}],"inLanguage":"sv-SE"},{"@type":"Organization","@id":"https:\/\/shopnoorfi-wp31835.test.cchosting.fi\/#organization","name":"Oy Noortrade Ab","url":"https:\/\/shopnoorfi-wp31835.test.cchosting.fi\/","logo":{"@type":"ImageObject","inLanguage":"sv-SE","@id":"https:\/\/shopnoorfi-wp31835.test.cchosting.fi\/#\/schema\/logo\/image\/","url":"https:\/\/shop.noor.fi\/wp-content\/uploads\/2024\/01\/Oy-Noortrade-Ab-Corbel-VERSAL-bold-BLACK.png","contentUrl":"https:\/\/shop.noor.fi\/wp-content\/uploads\/2024\/01\/Oy-Noortrade-Ab-Corbel-VERSAL-bold-BLACK.png","width":721,"height":177,"caption":"Oy Noortrade Ab"},"image":{"@id":"https:\/\/shopnoorfi-wp31835.test.cchosting.fi\/#\/schema\/logo\/image\/"}}]}},"brands":[{"id":28728,"name":"Star Trading","slug":"star-trading"}],"_links":{"self":[{"href":"https:\/\/shop.noor.fi\/sv\/wp-json\/wp\/v2\/product\/123258","targetHints":{"allow":["GET"]}}],"collection":[{"href":"https:\/\/shop.noor.fi\/sv\/wp-json\/wp\/v2\/product"}],"about":[{"href":"https:\/\/shop.noor.fi\/sv\/wp-json\/wp\/v2\/types\/product"}],"replies":[{"embeddable":true,"href":"https:\/\/shop.noor.fi\/sv\/wp-json\/wp\/v2\/comments?post=123258"}],"wp:featuredmedia":[{"embeddable":true,"href":"https:\/\/shop.noor.fi\/sv\/wp-json\/wp\/v2\/media\/123757"}],"wp:attachment":[{"href":"https:\/\/shop.noor.fi\/sv\/wp-json\/wp\/v2\/media?parent=123258"}],"wp:term":[{"taxonomy":"pwb-brand","embeddable":true,"href":"https:\/\/shop.noor.fi\/sv\/wp-json\/wp\/v2\/pwb-brand?post=123258"},{"taxonomy":"product_brand","embeddable":true,"href":"https:\/\/shop.noor.fi\/sv\/wp-json\/wp\/v2\/product_brand?post=123258"},{"taxonomy":"product_cat","embeddable":true,"href":"https:\/\/shop.noor.fi\/sv\/wp-json\/wp\/v2\/product_cat?post=123258"},{"taxonomy":"product_tag","embeddable":true,"href":"https:\/\/shop.noor.fi\/sv\/wp-json\/wp\/v2\/product_tag?post=123258"}],"curies":[{"name":"wp","href":"https:\/\/api.w.org\/{rel}","templated":true}]}}