{"id":123254,"date":"2025-01-08T13:06:47","date_gmt":"2025-01-08T11:06:47","guid":{"rendered":"https:\/\/shop.noor.fi\/product\/julia-paket-ljusstake-vit\/"},"modified":"2026-03-06T15:21:11","modified_gmt":"2026-03-06T13:21:11","slug":"julia-paket-ljusstake-vit","status":"publish","type":"product","link":"https:\/\/shop.noor.fi\/sv\/produkt\/julia-paket-ljusstake-vit\/","title":{"rendered":"Julia paket ljusstake vit"},"content":{"rendered":"<p>Adventsljusstake dekorerad med sm\u00e5 siluetter i form av julklappar m\u00e5lade i julens f\u00e4rger. Placera t.ex. i ett f\u00f6nster f\u00f6r att skapa julst\u00e4mning.<br \/>\nLjusstaken har en 180 cm l\u00e5ng sladd med str\u00f6mbrytare och fem utbytbara lampor.<br \/>\nProdukten \u00e4r FSC certifierad.<\/p>\n<p>Bredd 28 cm<br \/>\nDjup 5,5 cm<br \/>\nH\u00f6jd 15 cm<\/p>\n<p>Reservlampa: SR-305-55 eller SR-300-75 (LED). Observera, att vid byte till LED-lampor skall samtliga lampor bytas ut samtidigt.<\/p>\n","protected":false},"excerpt":{"rendered":"<p>Adventsljusstake dekorerad med sm\u00e5 siluetter i form av julklappar m\u00e5lade i julens f\u00e4rger. Placera t.ex. i ett f\u00f6nster f\u00f6r att skapa julst\u00e4mning. Ljusstaken har en 180 cm l\u00e5ng sladd med str\u00f6mbrytare och fem utbytbara lampor. Produkten \u00e4r FSC certifierad. Bredd 28 cm Djup 5,5 cm H\u00f6jd 15 cm Reservlampa: SR-305-55 eller SR-300-75 (LED). Observera, att [&hellip;]<\/p>\n","protected":false},"featured_media":124195,"comment_status":"open","ping_status":"closed","template":"","meta":{"_acf_changed":false,"_relevanssi_hide_post":"","_relevanssi_hide_content":"","_relevanssi_pin_for_all":"","_relevanssi_pin_keywords":"","_relevanssi_unpin_keywords":"","_relevanssi_related_keywords":"","_relevanssi_related_include_ids":"","_relevanssi_related_exclude_ids":"","_relevanssi_related_no_append":"","_relevanssi_related_not_related":"","_relevanssi_related_posts":"","_relevanssi_noindex_reason":""},"pwb-brand":[28728],"product_brand":[],"product_cat":[32109],"product_tag":[],"class_list":{"0":"post-123254","1":"product","2":"type-product","3":"status-publish","4":"has-post-thumbnail","6":"pwb-brand-star-trading","7":"product_cat-ljusstakar-tra","9":"first","10":"instock","11":"taxable","12":"shipping-taxable","13":"purchasable","14":"product-type-simple"},"acf":[],"yoast_head":"<!-- This site is optimized with the Yoast SEO plugin v27.6 - https:\/\/yoast.com\/product\/yoast-seo-wordpress\/ -->\n<title>Julia paket ljusstake vit - Oy Noortrade Ab<\/title>\n<meta name=\"robots\" content=\"index, follow, max-snippet:-1, max-image-preview:large, max-video-preview:-1\" \/>\n<link rel=\"canonical\" href=\"https:\/\/shop.noor.fi\/produkt\/julia-paketit-kynttelikko-valkoinen\/\" \/>\n<meta property=\"og:locale\" content=\"sv_SE\" \/>\n<meta property=\"og:type\" content=\"article\" \/>\n<meta property=\"og:title\" content=\"Julia paket ljusstake vit - Oy Noortrade Ab\" \/>\n<meta property=\"og:description\" content=\"Adventsljusstake dekorerad med sm\u00e5 siluetter i form av julklappar m\u00e5lade i julens f\u00e4rger. Placera t.ex. i ett f\u00f6nster f\u00f6r att skapa julst\u00e4mning. Ljusstaken har en 180 cm l\u00e5ng sladd med str\u00f6mbrytare och fem utbytbara lampor. Produkten \u00e4r FSC certifierad. Bredd 28 cm Djup 5,5 cm H\u00f6jd 15 cm Reservlampa: SR-305-55 eller SR-300-75 (LED). Observera, att [&hellip;]\" \/>\n<meta property=\"og:url\" content=\"https:\/\/shop.noor.fi\/produkt\/julia-paketit-kynttelikko-valkoinen\/\" \/>\n<meta property=\"og:site_name\" content=\"Oy Noortrade Ab\" \/>\n<meta property=\"article:modified_time\" content=\"2026-03-06T13:21:11+00:00\" \/>\n<meta property=\"og:image\" content=\"https:\/\/shop.noor.fi\/wp-content\/uploads\/2025\/01\/7391482076243.jpg\" \/>\n\t<meta property=\"og:image:width\" content=\"1210\" \/>\n\t<meta property=\"og:image:height\" content=\"674\" \/>\n\t<meta property=\"og:image:type\" content=\"image\/jpeg\" \/>\n<meta name=\"twitter:card\" content=\"summary_large_image\" \/>\n<script type=\"application\/ld+json\" class=\"yoast-schema-graph\">{\"@context\":\"https:\\\/\\\/schema.org\",\"@graph\":[{\"@type\":\"WebPage\",\"@id\":\"https:\\\/\\\/shop.noor.fi\\\/produkt\\\/julia-paketit-kynttelikko-valkoinen\\\/\",\"url\":\"https:\\\/\\\/shop.noor.fi\\\/produkt\\\/julia-paketit-kynttelikko-valkoinen\\\/\",\"name\":\"Julia paket ljusstake vit - Oy Noortrade Ab\",\"isPartOf\":{\"@id\":\"https:\\\/\\\/shopnoorfi-wp31835.test.cchosting.fi\\\/#website\"},\"primaryImageOfPage\":{\"@id\":\"https:\\\/\\\/shop.noor.fi\\\/produkt\\\/julia-paketit-kynttelikko-valkoinen\\\/#primaryimage\"},\"image\":{\"@id\":\"https:\\\/\\\/shop.noor.fi\\\/produkt\\\/julia-paketit-kynttelikko-valkoinen\\\/#primaryimage\"},\"thumbnailUrl\":\"https:\\\/\\\/shop.noor.fi\\\/wp-content\\\/uploads\\\/2025\\\/01\\\/7391482076243.jpg\",\"datePublished\":\"2025-01-08T11:06:47+00:00\",\"dateModified\":\"2026-03-06T13:21:11+00:00\",\"breadcrumb\":{\"@id\":\"https:\\\/\\\/shop.noor.fi\\\/produkt\\\/julia-paketit-kynttelikko-valkoinen\\\/#breadcrumb\"},\"inLanguage\":\"sv-SE\",\"potentialAction\":[{\"@type\":\"ReadAction\",\"target\":[\"https:\\\/\\\/shop.noor.fi\\\/produkt\\\/julia-paketit-kynttelikko-valkoinen\\\/\"]}]},{\"@type\":\"ImageObject\",\"inLanguage\":\"sv-SE\",\"@id\":\"https:\\\/\\\/shop.noor.fi\\\/produkt\\\/julia-paketit-kynttelikko-valkoinen\\\/#primaryimage\",\"url\":\"https:\\\/\\\/shop.noor.fi\\\/wp-content\\\/uploads\\\/2025\\\/01\\\/7391482076243.jpg\",\"contentUrl\":\"https:\\\/\\\/shop.noor.fi\\\/wp-content\\\/uploads\\\/2025\\\/01\\\/7391482076243.jpg\",\"width\":1210,\"height\":674},{\"@type\":\"BreadcrumbList\",\"@id\":\"https:\\\/\\\/shop.noor.fi\\\/produkt\\\/julia-paketit-kynttelikko-valkoinen\\\/#breadcrumb\",\"itemListElement\":[{\"@type\":\"ListItem\",\"position\":1,\"name\":\"Etusivu\",\"item\":\"https:\\\/\\\/shop.noor.fi\\\/sv\\\/\"},{\"@type\":\"ListItem\",\"position\":2,\"name\":\"Butik\",\"item\":\"https:\\\/\\\/shopnoorfi-wp31835.test.cchosting.fi\\\/sv\\\/butik\\\/\"},{\"@type\":\"ListItem\",\"position\":3,\"name\":\"Julia paket ljusstake vit\"}]},{\"@type\":\"WebSite\",\"@id\":\"https:\\\/\\\/shopnoorfi-wp31835.test.cchosting.fi\\\/#website\",\"url\":\"https:\\\/\\\/shopnoorfi-wp31835.test.cchosting.fi\\\/\",\"name\":\"Oy Noortrade Ab\",\"description\":\"Finnish family owned company with over 30 years of professional experience in lighting &amp; interior products import and sales - reliably.\",\"publisher\":{\"@id\":\"https:\\\/\\\/shopnoorfi-wp31835.test.cchosting.fi\\\/#organization\"},\"potentialAction\":[{\"@type\":\"SearchAction\",\"target\":{\"@type\":\"EntryPoint\",\"urlTemplate\":\"https:\\\/\\\/shopnoorfi-wp31835.test.cchosting.fi\\\/?s={search_term_string}\"},\"query-input\":{\"@type\":\"PropertyValueSpecification\",\"valueRequired\":true,\"valueName\":\"search_term_string\"}}],\"inLanguage\":\"sv-SE\"},{\"@type\":\"Organization\",\"@id\":\"https:\\\/\\\/shopnoorfi-wp31835.test.cchosting.fi\\\/#organization\",\"name\":\"Oy Noortrade Ab\",\"url\":\"https:\\\/\\\/shopnoorfi-wp31835.test.cchosting.fi\\\/\",\"logo\":{\"@type\":\"ImageObject\",\"inLanguage\":\"sv-SE\",\"@id\":\"https:\\\/\\\/shopnoorfi-wp31835.test.cchosting.fi\\\/#\\\/schema\\\/logo\\\/image\\\/\",\"url\":\"https:\\\/\\\/shop.noor.fi\\\/wp-content\\\/uploads\\\/2024\\\/01\\\/Oy-Noortrade-Ab-Corbel-VERSAL-bold-BLACK.png\",\"contentUrl\":\"https:\\\/\\\/shop.noor.fi\\\/wp-content\\\/uploads\\\/2024\\\/01\\\/Oy-Noortrade-Ab-Corbel-VERSAL-bold-BLACK.png\",\"width\":721,\"height\":177,\"caption\":\"Oy Noortrade Ab\"},\"image\":{\"@id\":\"https:\\\/\\\/shopnoorfi-wp31835.test.cchosting.fi\\\/#\\\/schema\\\/logo\\\/image\\\/\"}}]}<\/script>\n<!-- \/ Yoast SEO plugin. -->","yoast_head_json":{"title":"Julia paket ljusstake vit - Oy Noortrade Ab","robots":{"index":"index","follow":"follow","max-snippet":"max-snippet:-1","max-image-preview":"max-image-preview:large","max-video-preview":"max-video-preview:-1"},"canonical":"https:\/\/shop.noor.fi\/produkt\/julia-paketit-kynttelikko-valkoinen\/","og_locale":"sv_SE","og_type":"article","og_title":"Julia paket ljusstake vit - Oy Noortrade Ab","og_description":"Adventsljusstake dekorerad med sm\u00e5 siluetter i form av julklappar m\u00e5lade i julens f\u00e4rger. Placera t.ex. i ett f\u00f6nster f\u00f6r att skapa julst\u00e4mning. Ljusstaken har en 180 cm l\u00e5ng sladd med str\u00f6mbrytare och fem utbytbara lampor. Produkten \u00e4r FSC certifierad. Bredd 28 cm Djup 5,5 cm H\u00f6jd 15 cm Reservlampa: SR-305-55 eller SR-300-75 (LED). Observera, att [&hellip;]","og_url":"https:\/\/shop.noor.fi\/produkt\/julia-paketit-kynttelikko-valkoinen\/","og_site_name":"Oy Noortrade Ab","article_modified_time":"2026-03-06T13:21:11+00:00","og_image":[{"width":1210,"height":674,"url":"https:\/\/shop.noor.fi\/wp-content\/uploads\/2025\/01\/7391482076243.jpg","type":"image\/jpeg"}],"twitter_card":"summary_large_image","schema":{"@context":"https:\/\/schema.org","@graph":[{"@type":"WebPage","@id":"https:\/\/shop.noor.fi\/produkt\/julia-paketit-kynttelikko-valkoinen\/","url":"https:\/\/shop.noor.fi\/produkt\/julia-paketit-kynttelikko-valkoinen\/","name":"Julia paket ljusstake vit - Oy Noortrade Ab","isPartOf":{"@id":"https:\/\/shopnoorfi-wp31835.test.cchosting.fi\/#website"},"primaryImageOfPage":{"@id":"https:\/\/shop.noor.fi\/produkt\/julia-paketit-kynttelikko-valkoinen\/#primaryimage"},"image":{"@id":"https:\/\/shop.noor.fi\/produkt\/julia-paketit-kynttelikko-valkoinen\/#primaryimage"},"thumbnailUrl":"https:\/\/shop.noor.fi\/wp-content\/uploads\/2025\/01\/7391482076243.jpg","datePublished":"2025-01-08T11:06:47+00:00","dateModified":"2026-03-06T13:21:11+00:00","breadcrumb":{"@id":"https:\/\/shop.noor.fi\/produkt\/julia-paketit-kynttelikko-valkoinen\/#breadcrumb"},"inLanguage":"sv-SE","potentialAction":[{"@type":"ReadAction","target":["https:\/\/shop.noor.fi\/produkt\/julia-paketit-kynttelikko-valkoinen\/"]}]},{"@type":"ImageObject","inLanguage":"sv-SE","@id":"https:\/\/shop.noor.fi\/produkt\/julia-paketit-kynttelikko-valkoinen\/#primaryimage","url":"https:\/\/shop.noor.fi\/wp-content\/uploads\/2025\/01\/7391482076243.jpg","contentUrl":"https:\/\/shop.noor.fi\/wp-content\/uploads\/2025\/01\/7391482076243.jpg","width":1210,"height":674},{"@type":"BreadcrumbList","@id":"https:\/\/shop.noor.fi\/produkt\/julia-paketit-kynttelikko-valkoinen\/#breadcrumb","itemListElement":[{"@type":"ListItem","position":1,"name":"Etusivu","item":"https:\/\/shop.noor.fi\/sv\/"},{"@type":"ListItem","position":2,"name":"Butik","item":"https:\/\/shopnoorfi-wp31835.test.cchosting.fi\/sv\/butik\/"},{"@type":"ListItem","position":3,"name":"Julia paket ljusstake vit"}]},{"@type":"WebSite","@id":"https:\/\/shopnoorfi-wp31835.test.cchosting.fi\/#website","url":"https:\/\/shopnoorfi-wp31835.test.cchosting.fi\/","name":"Oy Noortrade Ab","description":"Finnish family owned company with over 30 years of professional experience in lighting &amp; interior products import and sales - reliably.","publisher":{"@id":"https:\/\/shopnoorfi-wp31835.test.cchosting.fi\/#organization"},"potentialAction":[{"@type":"SearchAction","target":{"@type":"EntryPoint","urlTemplate":"https:\/\/shopnoorfi-wp31835.test.cchosting.fi\/?s={search_term_string}"},"query-input":{"@type":"PropertyValueSpecification","valueRequired":true,"valueName":"search_term_string"}}],"inLanguage":"sv-SE"},{"@type":"Organization","@id":"https:\/\/shopnoorfi-wp31835.test.cchosting.fi\/#organization","name":"Oy Noortrade Ab","url":"https:\/\/shopnoorfi-wp31835.test.cchosting.fi\/","logo":{"@type":"ImageObject","inLanguage":"sv-SE","@id":"https:\/\/shopnoorfi-wp31835.test.cchosting.fi\/#\/schema\/logo\/image\/","url":"https:\/\/shop.noor.fi\/wp-content\/uploads\/2024\/01\/Oy-Noortrade-Ab-Corbel-VERSAL-bold-BLACK.png","contentUrl":"https:\/\/shop.noor.fi\/wp-content\/uploads\/2024\/01\/Oy-Noortrade-Ab-Corbel-VERSAL-bold-BLACK.png","width":721,"height":177,"caption":"Oy Noortrade Ab"},"image":{"@id":"https:\/\/shopnoorfi-wp31835.test.cchosting.fi\/#\/schema\/logo\/image\/"}}]}},"brands":[{"id":28728,"name":"Star Trading","slug":"star-trading"}],"_links":{"self":[{"href":"https:\/\/shop.noor.fi\/sv\/wp-json\/wp\/v2\/product\/123254","targetHints":{"allow":["GET"]}}],"collection":[{"href":"https:\/\/shop.noor.fi\/sv\/wp-json\/wp\/v2\/product"}],"about":[{"href":"https:\/\/shop.noor.fi\/sv\/wp-json\/wp\/v2\/types\/product"}],"replies":[{"embeddable":true,"href":"https:\/\/shop.noor.fi\/sv\/wp-json\/wp\/v2\/comments?post=123254"}],"wp:featuredmedia":[{"embeddable":true,"href":"https:\/\/shop.noor.fi\/sv\/wp-json\/wp\/v2\/media\/124195"}],"wp:attachment":[{"href":"https:\/\/shop.noor.fi\/sv\/wp-json\/wp\/v2\/media?parent=123254"}],"wp:term":[{"taxonomy":"pwb-brand","embeddable":true,"href":"https:\/\/shop.noor.fi\/sv\/wp-json\/wp\/v2\/pwb-brand?post=123254"},{"taxonomy":"product_brand","embeddable":true,"href":"https:\/\/shop.noor.fi\/sv\/wp-json\/wp\/v2\/product_brand?post=123254"},{"taxonomy":"product_cat","embeddable":true,"href":"https:\/\/shop.noor.fi\/sv\/wp-json\/wp\/v2\/product_cat?post=123254"},{"taxonomy":"product_tag","embeddable":true,"href":"https:\/\/shop.noor.fi\/sv\/wp-json\/wp\/v2\/product_tag?post=123254"}],"curies":[{"name":"wp","href":"https:\/\/api.w.org\/{rel}","templated":true}]}}