{"id":123220,"date":"2025-01-08T13:00:24","date_gmt":"2025-01-08T11:00:24","guid":{"rendered":"https:\/\/shop.noor.fi\/product\/flamme-paula-led-ljus-10cm-vit\/"},"modified":"2026-04-16T16:51:16","modified_gmt":"2026-04-16T13:51:16","slug":"flamme-paula-led-ljus-10cm-vit","status":"publish","type":"product","link":"https:\/\/shop.noor.fi\/sv\/produkt\/flamme-paula-led-ljus-10cm-vit\/","title":{"rendered":"Flamme Paula LED-ljus 10cm vit"},"content":{"rendered":"<p>Flamme Paula \u00e4r ett LED-ljus som passar f\u00f6r anv\u00e4ndning b\u00e5de utomhus och inomhus. Anv\u00e4nd t.ex. inuti lyktor.<br \/>\nLjuset g\u00e5r att anv\u00e4nda b\u00e5de med ljussensor och med timer. \u00d6nskar man sensor s\u00e5 s\u00e4tts brytaren p\u00e5 ON l\u00e4get, ljuset lyser d\u00e5 upp n\u00e4r m\u00f6rkret faller. S\u00e4tter man brytaren p\u00e5 timer i st\u00e4llet s\u00e5 lyser ljuset i 6 timmar, sedan slocknar den i 18 timmar och lyser upp n\u00e4stkommande dag igen.<br \/>\nLjuset fungerar med tv\u00e5 C-batterier som ing\u00e5r ej.<br \/>\nIntegrerad LED, lampan \u00e4r ej utbytbar.<\/p>\n<p>Diameter 6,1 cm<br \/>\nH\u00f6jd 10 cm<\/p>\n","protected":false},"excerpt":{"rendered":"<p>Flamme Paula \u00e4r ett LED-ljus som passar f\u00f6r anv\u00e4ndning b\u00e5de utomhus och inomhus. Anv\u00e4nd t.ex. inuti lyktor. Ljuset g\u00e5r att anv\u00e4nda b\u00e5de med ljussensor och med timer. \u00d6nskar man sensor s\u00e5 s\u00e4tts brytaren p\u00e5 ON l\u00e4get, ljuset lyser d\u00e5 upp n\u00e4r m\u00f6rkret faller. S\u00e4tter man brytaren p\u00e5 timer i st\u00e4llet s\u00e5 lyser ljuset i 6 [&hellip;]<\/p>\n","protected":false},"featured_media":124765,"comment_status":"open","ping_status":"closed","template":"","meta":{"_acf_changed":false,"_relevanssi_hide_post":"","_relevanssi_hide_content":"","_relevanssi_pin_for_all":"","_relevanssi_pin_keywords":"","_relevanssi_unpin_keywords":"","_relevanssi_related_keywords":"","_relevanssi_related_include_ids":"","_relevanssi_related_exclude_ids":"","_relevanssi_related_no_append":"","_relevanssi_related_not_related":"","_relevanssi_related_posts":"","_relevanssi_noindex_reason":""},"pwb-brand":[28728],"product_brand":[],"product_cat":[32050],"product_tag":[],"class_list":{"0":"post-123220","1":"product","2":"type-product","3":"status-publish","4":"has-post-thumbnail","6":"pwb-brand-star-trading","7":"product_cat-utomhusljus","9":"first","10":"onbackorder","11":"taxable","12":"shipping-taxable","13":"purchasable","14":"product-type-simple"},"acf":[],"yoast_head":"<!-- This site is optimized with the Yoast SEO plugin v27.5 - https:\/\/yoast.com\/product\/yoast-seo-wordpress\/ -->\n<title>Flamme Paula LED-ljus 10cm vit - Oy Noortrade Ab<\/title>\n<meta name=\"robots\" content=\"index, follow, max-snippet:-1, max-image-preview:large, max-video-preview:-1\" \/>\n<link rel=\"canonical\" href=\"https:\/\/shop.noor.fi\/sv\/produkt\/flamme-paula-led-ljus-10cm-vit\/\" \/>\n<meta property=\"og:locale\" content=\"sv_SE\" \/>\n<meta property=\"og:type\" content=\"article\" \/>\n<meta property=\"og:title\" content=\"Flamme Paula LED-ljus 10cm vit - Oy Noortrade Ab\" \/>\n<meta property=\"og:description\" content=\"Flamme Paula \u00e4r ett LED-ljus som passar f\u00f6r anv\u00e4ndning b\u00e5de utomhus och inomhus. Anv\u00e4nd t.ex. inuti lyktor. Ljuset g\u00e5r att anv\u00e4nda b\u00e5de med ljussensor och med timer. \u00d6nskar man sensor s\u00e5 s\u00e4tts brytaren p\u00e5 ON l\u00e4get, ljuset lyser d\u00e5 upp n\u00e4r m\u00f6rkret faller. S\u00e4tter man brytaren p\u00e5 timer i st\u00e4llet s\u00e5 lyser ljuset i 6 [&hellip;]\" \/>\n<meta property=\"og:url\" content=\"https:\/\/shop.noor.fi\/sv\/produkt\/flamme-paula-led-ljus-10cm-vit\/\" \/>\n<meta property=\"og:site_name\" content=\"Oy Noortrade Ab\" \/>\n<meta property=\"article:modified_time\" content=\"2026-04-16T13:51:16+00:00\" \/>\n<meta property=\"og:image\" content=\"https:\/\/shop.noor.fi\/wp-content\/uploads\/2025\/01\/7391482075550.jpg\" \/>\n\t<meta property=\"og:image:width\" content=\"1245\" \/>\n\t<meta property=\"og:image:height\" content=\"1245\" \/>\n\t<meta property=\"og:image:type\" content=\"image\/jpeg\" \/>\n<meta name=\"twitter:card\" content=\"summary_large_image\" \/>\n<meta name=\"twitter:label1\" content=\"Ber\u00e4knad l\u00e4stid\" \/>\n\t<meta name=\"twitter:data1\" content=\"1 minut\" \/>\n<script type=\"application\/ld+json\" class=\"yoast-schema-graph\">{\"@context\":\"https:\\\/\\\/schema.org\",\"@graph\":[{\"@type\":\"WebPage\",\"@id\":\"https:\\\/\\\/shop.noor.fi\\\/sv\\\/produkt\\\/flamme-paula-led-ljus-10cm-vit\\\/\",\"url\":\"https:\\\/\\\/shop.noor.fi\\\/sv\\\/produkt\\\/flamme-paula-led-ljus-10cm-vit\\\/\",\"name\":\"Flamme Paula LED-ljus 10cm vit - Oy Noortrade Ab\",\"isPartOf\":{\"@id\":\"https:\\\/\\\/shopnoorfi-wp31835.test.cchosting.fi\\\/#website\"},\"primaryImageOfPage\":{\"@id\":\"https:\\\/\\\/shop.noor.fi\\\/sv\\\/produkt\\\/flamme-paula-led-ljus-10cm-vit\\\/#primaryimage\"},\"image\":{\"@id\":\"https:\\\/\\\/shop.noor.fi\\\/sv\\\/produkt\\\/flamme-paula-led-ljus-10cm-vit\\\/#primaryimage\"},\"thumbnailUrl\":\"https:\\\/\\\/shop.noor.fi\\\/wp-content\\\/uploads\\\/2025\\\/01\\\/7391482075550.jpg\",\"datePublished\":\"2025-01-08T11:00:24+00:00\",\"dateModified\":\"2026-04-16T13:51:16+00:00\",\"breadcrumb\":{\"@id\":\"https:\\\/\\\/shop.noor.fi\\\/sv\\\/produkt\\\/flamme-paula-led-ljus-10cm-vit\\\/#breadcrumb\"},\"inLanguage\":\"sv-SE\",\"potentialAction\":[{\"@type\":\"ReadAction\",\"target\":[\"https:\\\/\\\/shop.noor.fi\\\/sv\\\/produkt\\\/flamme-paula-led-ljus-10cm-vit\\\/\"]}]},{\"@type\":\"ImageObject\",\"inLanguage\":\"sv-SE\",\"@id\":\"https:\\\/\\\/shop.noor.fi\\\/sv\\\/produkt\\\/flamme-paula-led-ljus-10cm-vit\\\/#primaryimage\",\"url\":\"https:\\\/\\\/shop.noor.fi\\\/wp-content\\\/uploads\\\/2025\\\/01\\\/7391482075550.jpg\",\"contentUrl\":\"https:\\\/\\\/shop.noor.fi\\\/wp-content\\\/uploads\\\/2025\\\/01\\\/7391482075550.jpg\",\"width\":1245,\"height\":1245},{\"@type\":\"BreadcrumbList\",\"@id\":\"https:\\\/\\\/shop.noor.fi\\\/sv\\\/produkt\\\/flamme-paula-led-ljus-10cm-vit\\\/#breadcrumb\",\"itemListElement\":[{\"@type\":\"ListItem\",\"position\":1,\"name\":\"Etusivu\",\"item\":\"https:\\\/\\\/shop.noor.fi\\\/sv\\\/\"},{\"@type\":\"ListItem\",\"position\":2,\"name\":\"Butik\",\"item\":\"https:\\\/\\\/shopnoorfi-wp31835.test.cchosting.fi\\\/sv\\\/butik\\\/\"},{\"@type\":\"ListItem\",\"position\":3,\"name\":\"Flamme Paula LED-ljus 10cm vit\"}]},{\"@type\":\"WebSite\",\"@id\":\"https:\\\/\\\/shopnoorfi-wp31835.test.cchosting.fi\\\/#website\",\"url\":\"https:\\\/\\\/shopnoorfi-wp31835.test.cchosting.fi\\\/\",\"name\":\"Oy Noortrade Ab\",\"description\":\"Finnish family owned company with over 30 years of professional experience in lighting &amp; interior products import and sales - reliably.\",\"publisher\":{\"@id\":\"https:\\\/\\\/shopnoorfi-wp31835.test.cchosting.fi\\\/#organization\"},\"potentialAction\":[{\"@type\":\"SearchAction\",\"target\":{\"@type\":\"EntryPoint\",\"urlTemplate\":\"https:\\\/\\\/shopnoorfi-wp31835.test.cchosting.fi\\\/?s={search_term_string}\"},\"query-input\":{\"@type\":\"PropertyValueSpecification\",\"valueRequired\":true,\"valueName\":\"search_term_string\"}}],\"inLanguage\":\"sv-SE\"},{\"@type\":\"Organization\",\"@id\":\"https:\\\/\\\/shopnoorfi-wp31835.test.cchosting.fi\\\/#organization\",\"name\":\"Oy Noortrade Ab\",\"url\":\"https:\\\/\\\/shopnoorfi-wp31835.test.cchosting.fi\\\/\",\"logo\":{\"@type\":\"ImageObject\",\"inLanguage\":\"sv-SE\",\"@id\":\"https:\\\/\\\/shopnoorfi-wp31835.test.cchosting.fi\\\/#\\\/schema\\\/logo\\\/image\\\/\",\"url\":\"https:\\\/\\\/shop.noor.fi\\\/wp-content\\\/uploads\\\/2024\\\/01\\\/Oy-Noortrade-Ab-Corbel-VERSAL-bold-BLACK.png\",\"contentUrl\":\"https:\\\/\\\/shop.noor.fi\\\/wp-content\\\/uploads\\\/2024\\\/01\\\/Oy-Noortrade-Ab-Corbel-VERSAL-bold-BLACK.png\",\"width\":721,\"height\":177,\"caption\":\"Oy Noortrade Ab\"},\"image\":{\"@id\":\"https:\\\/\\\/shopnoorfi-wp31835.test.cchosting.fi\\\/#\\\/schema\\\/logo\\\/image\\\/\"}}]}<\/script>\n<!-- \/ Yoast SEO plugin. -->","yoast_head_json":{"title":"Flamme Paula LED-ljus 10cm vit - Oy Noortrade Ab","robots":{"index":"index","follow":"follow","max-snippet":"max-snippet:-1","max-image-preview":"max-image-preview:large","max-video-preview":"max-video-preview:-1"},"canonical":"https:\/\/shop.noor.fi\/sv\/produkt\/flamme-paula-led-ljus-10cm-vit\/","og_locale":"sv_SE","og_type":"article","og_title":"Flamme Paula LED-ljus 10cm vit - Oy Noortrade Ab","og_description":"Flamme Paula \u00e4r ett LED-ljus som passar f\u00f6r anv\u00e4ndning b\u00e5de utomhus och inomhus. Anv\u00e4nd t.ex. inuti lyktor. Ljuset g\u00e5r att anv\u00e4nda b\u00e5de med ljussensor och med timer. \u00d6nskar man sensor s\u00e5 s\u00e4tts brytaren p\u00e5 ON l\u00e4get, ljuset lyser d\u00e5 upp n\u00e4r m\u00f6rkret faller. S\u00e4tter man brytaren p\u00e5 timer i st\u00e4llet s\u00e5 lyser ljuset i 6 [&hellip;]","og_url":"https:\/\/shop.noor.fi\/sv\/produkt\/flamme-paula-led-ljus-10cm-vit\/","og_site_name":"Oy Noortrade Ab","article_modified_time":"2026-04-16T13:51:16+00:00","og_image":[{"width":1245,"height":1245,"url":"https:\/\/shop.noor.fi\/wp-content\/uploads\/2025\/01\/7391482075550.jpg","type":"image\/jpeg"}],"twitter_card":"summary_large_image","twitter_misc":{"Ber\u00e4knad l\u00e4stid":"1 minut"},"schema":{"@context":"https:\/\/schema.org","@graph":[{"@type":"WebPage","@id":"https:\/\/shop.noor.fi\/sv\/produkt\/flamme-paula-led-ljus-10cm-vit\/","url":"https:\/\/shop.noor.fi\/sv\/produkt\/flamme-paula-led-ljus-10cm-vit\/","name":"Flamme Paula LED-ljus 10cm vit - Oy Noortrade Ab","isPartOf":{"@id":"https:\/\/shopnoorfi-wp31835.test.cchosting.fi\/#website"},"primaryImageOfPage":{"@id":"https:\/\/shop.noor.fi\/sv\/produkt\/flamme-paula-led-ljus-10cm-vit\/#primaryimage"},"image":{"@id":"https:\/\/shop.noor.fi\/sv\/produkt\/flamme-paula-led-ljus-10cm-vit\/#primaryimage"},"thumbnailUrl":"https:\/\/shop.noor.fi\/wp-content\/uploads\/2025\/01\/7391482075550.jpg","datePublished":"2025-01-08T11:00:24+00:00","dateModified":"2026-04-16T13:51:16+00:00","breadcrumb":{"@id":"https:\/\/shop.noor.fi\/sv\/produkt\/flamme-paula-led-ljus-10cm-vit\/#breadcrumb"},"inLanguage":"sv-SE","potentialAction":[{"@type":"ReadAction","target":["https:\/\/shop.noor.fi\/sv\/produkt\/flamme-paula-led-ljus-10cm-vit\/"]}]},{"@type":"ImageObject","inLanguage":"sv-SE","@id":"https:\/\/shop.noor.fi\/sv\/produkt\/flamme-paula-led-ljus-10cm-vit\/#primaryimage","url":"https:\/\/shop.noor.fi\/wp-content\/uploads\/2025\/01\/7391482075550.jpg","contentUrl":"https:\/\/shop.noor.fi\/wp-content\/uploads\/2025\/01\/7391482075550.jpg","width":1245,"height":1245},{"@type":"BreadcrumbList","@id":"https:\/\/shop.noor.fi\/sv\/produkt\/flamme-paula-led-ljus-10cm-vit\/#breadcrumb","itemListElement":[{"@type":"ListItem","position":1,"name":"Etusivu","item":"https:\/\/shop.noor.fi\/sv\/"},{"@type":"ListItem","position":2,"name":"Butik","item":"https:\/\/shopnoorfi-wp31835.test.cchosting.fi\/sv\/butik\/"},{"@type":"ListItem","position":3,"name":"Flamme Paula LED-ljus 10cm vit"}]},{"@type":"WebSite","@id":"https:\/\/shopnoorfi-wp31835.test.cchosting.fi\/#website","url":"https:\/\/shopnoorfi-wp31835.test.cchosting.fi\/","name":"Oy Noortrade Ab","description":"Finnish family owned company with over 30 years of professional experience in lighting &amp; interior products import and sales - reliably.","publisher":{"@id":"https:\/\/shopnoorfi-wp31835.test.cchosting.fi\/#organization"},"potentialAction":[{"@type":"SearchAction","target":{"@type":"EntryPoint","urlTemplate":"https:\/\/shopnoorfi-wp31835.test.cchosting.fi\/?s={search_term_string}"},"query-input":{"@type":"PropertyValueSpecification","valueRequired":true,"valueName":"search_term_string"}}],"inLanguage":"sv-SE"},{"@type":"Organization","@id":"https:\/\/shopnoorfi-wp31835.test.cchosting.fi\/#organization","name":"Oy Noortrade Ab","url":"https:\/\/shopnoorfi-wp31835.test.cchosting.fi\/","logo":{"@type":"ImageObject","inLanguage":"sv-SE","@id":"https:\/\/shopnoorfi-wp31835.test.cchosting.fi\/#\/schema\/logo\/image\/","url":"https:\/\/shop.noor.fi\/wp-content\/uploads\/2024\/01\/Oy-Noortrade-Ab-Corbel-VERSAL-bold-BLACK.png","contentUrl":"https:\/\/shop.noor.fi\/wp-content\/uploads\/2024\/01\/Oy-Noortrade-Ab-Corbel-VERSAL-bold-BLACK.png","width":721,"height":177,"caption":"Oy Noortrade Ab"},"image":{"@id":"https:\/\/shopnoorfi-wp31835.test.cchosting.fi\/#\/schema\/logo\/image\/"}}]}},"brands":[{"id":28728,"name":"Star Trading","slug":"star-trading"}],"_links":{"self":[{"href":"https:\/\/shop.noor.fi\/sv\/wp-json\/wp\/v2\/product\/123220","targetHints":{"allow":["GET"]}}],"collection":[{"href":"https:\/\/shop.noor.fi\/sv\/wp-json\/wp\/v2\/product"}],"about":[{"href":"https:\/\/shop.noor.fi\/sv\/wp-json\/wp\/v2\/types\/product"}],"replies":[{"embeddable":true,"href":"https:\/\/shop.noor.fi\/sv\/wp-json\/wp\/v2\/comments?post=123220"}],"wp:featuredmedia":[{"embeddable":true,"href":"https:\/\/shop.noor.fi\/sv\/wp-json\/wp\/v2\/media\/124765"}],"wp:attachment":[{"href":"https:\/\/shop.noor.fi\/sv\/wp-json\/wp\/v2\/media?parent=123220"}],"wp:term":[{"taxonomy":"pwb-brand","embeddable":true,"href":"https:\/\/shop.noor.fi\/sv\/wp-json\/wp\/v2\/pwb-brand?post=123220"},{"taxonomy":"product_brand","embeddable":true,"href":"https:\/\/shop.noor.fi\/sv\/wp-json\/wp\/v2\/product_brand?post=123220"},{"taxonomy":"product_cat","embeddable":true,"href":"https:\/\/shop.noor.fi\/sv\/wp-json\/wp\/v2\/product_cat?post=123220"},{"taxonomy":"product_tag","embeddable":true,"href":"https:\/\/shop.noor.fi\/sv\/wp-json\/wp\/v2\/product_tag?post=123220"}],"curies":[{"name":"wp","href":"https:\/\/api.w.org\/{rel}","templated":true}]}}