{"id":122935,"date":"2026-03-02T10:11:09","date_gmt":"2026-03-02T08:11:09","guid":{"rendered":"https:\/\/shop.noor.fi\/product\/disk-jul-500ml-swe-etikett\/"},"modified":"2026-04-22T14:38:55","modified_gmt":"2026-04-22T11:38:55","slug":"disk-jul-500ml-swe-etikett","status":"publish","type":"product","link":"https:\/\/shop.noor.fi\/sv\/produkt\/disk-jul-500ml-swe-etikett\/","title":{"rendered":"Disk jul 500ml (SWE etikett)"},"content":{"rendered":"<p>Handdiskmedel med st\u00e4mningsfull doft av polka och mint som f\u00f6r tankarna till juletid. Baserat p\u00e5 kokosn\u00f6tsolja som skonsamt reng\u00f6r utan att l\u00e4mna dina h\u00e4nder torra och r\u00f6da. Inneh\u00e5ller \u00e4ven japansk pepparmint som \u00e4r antibakteriell och har en ljuvlig fr\u00e4sch doft. Flaskan inneh\u00e5ller 500ml. Etikett med svensk text.<\/p>\n<p>Ingredienser: Aqua, Sodium Coco-Sulfate, Cocamidopropyl Betaine, Lauramine Oxide, Citric Acid, Sodium Benzoate, Aroma, Xanthan Gum, Potassium Sorbate<\/p>\n","protected":false},"excerpt":{"rendered":"<p>Handdiskmedel med st\u00e4mningsfull doft av polka och mint som f\u00f6r tankarna till juletid. Baserat p\u00e5 kokosn\u00f6tsolja som skonsamt reng\u00f6r utan att l\u00e4mna dina h\u00e4nder torra och r\u00f6da. Inneh\u00e5ller \u00e4ven japansk pepparmint som \u00e4r antibakteriell och har en ljuvlig fr\u00e4sch doft. Flaskan inneh\u00e5ller 500ml. Etikett med svensk text. Ingredienser: Aqua, Sodium Coco-Sulfate, Cocamidopropyl Betaine, Lauramine Oxide, [&hellip;]<\/p>\n","protected":false},"featured_media":148327,"comment_status":"open","ping_status":"closed","template":"","meta":{"_acf_changed":false,"_relevanssi_hide_post":"","_relevanssi_hide_content":"","_relevanssi_pin_for_all":"","_relevanssi_pin_keywords":"","_relevanssi_unpin_keywords":"","_relevanssi_related_keywords":"","_relevanssi_related_include_ids":"","_relevanssi_related_exclude_ids":"","_relevanssi_related_no_append":"","_relevanssi_related_not_related":"","_relevanssi_related_posts":"","_relevanssi_noindex_reason":""},"pwb-brand":[37492,28738],"product_brand":[],"product_cat":[31849,32093,32107,31968],"product_tag":[],"class_list":{"0":"post-122935","1":"product","2":"type-product","3":"status-publish","4":"has-post-thumbnail","6":"pwb-brand-svanefors-sv","7":"pwb-brand-svanefors","8":"product_cat-pesu-ja-puhdistusaineet","9":"product_cat-tvatt-och-rengoringsmedel","10":"product_cat-rengoringsmedel","11":"product_cat-puhdistusaineet","13":"first","14":"instock","15":"taxable","16":"shipping-taxable","17":"purchasable","18":"product-type-simple"},"acf":[],"yoast_head":"<!-- This site is optimized with the Yoast SEO plugin v27.5 - https:\/\/yoast.com\/product\/yoast-seo-wordpress\/ -->\n<title>Disk jul 500ml (SWE etikett) - Oy Noortrade Ab<\/title>\n<meta name=\"robots\" content=\"index, follow, max-snippet:-1, max-image-preview:large, max-video-preview:-1\" \/>\n<link rel=\"canonical\" href=\"https:\/\/shop.noor.fi\/sv\/produkt\/disk-jul-500ml-swe-etikett\/\" \/>\n<meta property=\"og:locale\" content=\"sv_SE\" \/>\n<meta property=\"og:type\" content=\"article\" \/>\n<meta property=\"og:title\" content=\"Disk jul 500ml (SWE etikett) - Oy Noortrade Ab\" \/>\n<meta property=\"og:description\" content=\"Handdiskmedel med st\u00e4mningsfull doft av polka och mint som f\u00f6r tankarna till juletid. Baserat p\u00e5 kokosn\u00f6tsolja som skonsamt reng\u00f6r utan att l\u00e4mna dina h\u00e4nder torra och r\u00f6da. Inneh\u00e5ller \u00e4ven japansk pepparmint som \u00e4r antibakteriell och har en ljuvlig fr\u00e4sch doft. Flaskan inneh\u00e5ller 500ml. Etikett med svensk text. Ingredienser: Aqua, Sodium Coco-Sulfate, Cocamidopropyl Betaine, Lauramine Oxide, [&hellip;]\" \/>\n<meta property=\"og:url\" content=\"https:\/\/shop.noor.fi\/sv\/produkt\/disk-jul-500ml-swe-etikett\/\" \/>\n<meta property=\"og:site_name\" content=\"Oy Noortrade Ab\" \/>\n<meta property=\"article:modified_time\" content=\"2026-04-22T11:38:55+00:00\" \/>\n<meta property=\"og:image\" content=\"https:\/\/shop.noor.fi\/wp-content\/uploads\/2026\/03\/SV-1447-89-000.jpg\" \/>\n\t<meta property=\"og:image:width\" content=\"908\" \/>\n\t<meta property=\"og:image:height\" content=\"1210\" \/>\n\t<meta property=\"og:image:type\" content=\"image\/jpeg\" \/>\n<meta name=\"twitter:card\" content=\"summary_large_image\" \/>\n<script type=\"application\/ld+json\" class=\"yoast-schema-graph\">{\"@context\":\"https:\\\/\\\/schema.org\",\"@graph\":[{\"@type\":\"WebPage\",\"@id\":\"https:\\\/\\\/shop.noor.fi\\\/sv\\\/produkt\\\/disk-jul-500ml-swe-etikett\\\/\",\"url\":\"https:\\\/\\\/shop.noor.fi\\\/sv\\\/produkt\\\/disk-jul-500ml-swe-etikett\\\/\",\"name\":\"Disk jul 500ml (SWE etikett) - Oy Noortrade Ab\",\"isPartOf\":{\"@id\":\"https:\\\/\\\/shopnoorfi-wp31835.test.cchosting.fi\\\/#website\"},\"primaryImageOfPage\":{\"@id\":\"https:\\\/\\\/shop.noor.fi\\\/sv\\\/produkt\\\/disk-jul-500ml-swe-etikett\\\/#primaryimage\"},\"image\":{\"@id\":\"https:\\\/\\\/shop.noor.fi\\\/sv\\\/produkt\\\/disk-jul-500ml-swe-etikett\\\/#primaryimage\"},\"thumbnailUrl\":\"https:\\\/\\\/shop.noor.fi\\\/wp-content\\\/uploads\\\/2026\\\/03\\\/SV-1447-89-000.jpg\",\"datePublished\":\"2026-03-02T08:11:09+00:00\",\"dateModified\":\"2026-04-22T11:38:55+00:00\",\"breadcrumb\":{\"@id\":\"https:\\\/\\\/shop.noor.fi\\\/sv\\\/produkt\\\/disk-jul-500ml-swe-etikett\\\/#breadcrumb\"},\"inLanguage\":\"sv-SE\",\"potentialAction\":[{\"@type\":\"ReadAction\",\"target\":[\"https:\\\/\\\/shop.noor.fi\\\/sv\\\/produkt\\\/disk-jul-500ml-swe-etikett\\\/\"]}]},{\"@type\":\"ImageObject\",\"inLanguage\":\"sv-SE\",\"@id\":\"https:\\\/\\\/shop.noor.fi\\\/sv\\\/produkt\\\/disk-jul-500ml-swe-etikett\\\/#primaryimage\",\"url\":\"https:\\\/\\\/shop.noor.fi\\\/wp-content\\\/uploads\\\/2026\\\/03\\\/SV-1447-89-000.jpg\",\"contentUrl\":\"https:\\\/\\\/shop.noor.fi\\\/wp-content\\\/uploads\\\/2026\\\/03\\\/SV-1447-89-000.jpg\",\"width\":908,\"height\":1210},{\"@type\":\"BreadcrumbList\",\"@id\":\"https:\\\/\\\/shop.noor.fi\\\/sv\\\/produkt\\\/disk-jul-500ml-swe-etikett\\\/#breadcrumb\",\"itemListElement\":[{\"@type\":\"ListItem\",\"position\":1,\"name\":\"Etusivu\",\"item\":\"https:\\\/\\\/shop.noor.fi\\\/sv\\\/\"},{\"@type\":\"ListItem\",\"position\":2,\"name\":\"Butik\",\"item\":\"https:\\\/\\\/shopnoorfi-wp31835.test.cchosting.fi\\\/sv\\\/butik\\\/\"},{\"@type\":\"ListItem\",\"position\":3,\"name\":\"Disk jul 500ml (SWE etikett)\"}]},{\"@type\":\"WebSite\",\"@id\":\"https:\\\/\\\/shopnoorfi-wp31835.test.cchosting.fi\\\/#website\",\"url\":\"https:\\\/\\\/shopnoorfi-wp31835.test.cchosting.fi\\\/\",\"name\":\"Oy Noortrade Ab\",\"description\":\"Finnish family owned company with over 30 years of professional experience in lighting &amp; interior products import and sales - reliably.\",\"publisher\":{\"@id\":\"https:\\\/\\\/shopnoorfi-wp31835.test.cchosting.fi\\\/#organization\"},\"potentialAction\":[{\"@type\":\"SearchAction\",\"target\":{\"@type\":\"EntryPoint\",\"urlTemplate\":\"https:\\\/\\\/shopnoorfi-wp31835.test.cchosting.fi\\\/?s={search_term_string}\"},\"query-input\":{\"@type\":\"PropertyValueSpecification\",\"valueRequired\":true,\"valueName\":\"search_term_string\"}}],\"inLanguage\":\"sv-SE\"},{\"@type\":\"Organization\",\"@id\":\"https:\\\/\\\/shopnoorfi-wp31835.test.cchosting.fi\\\/#organization\",\"name\":\"Oy Noortrade Ab\",\"url\":\"https:\\\/\\\/shopnoorfi-wp31835.test.cchosting.fi\\\/\",\"logo\":{\"@type\":\"ImageObject\",\"inLanguage\":\"sv-SE\",\"@id\":\"https:\\\/\\\/shopnoorfi-wp31835.test.cchosting.fi\\\/#\\\/schema\\\/logo\\\/image\\\/\",\"url\":\"https:\\\/\\\/shop.noor.fi\\\/wp-content\\\/uploads\\\/2024\\\/01\\\/Oy-Noortrade-Ab-Corbel-VERSAL-bold-BLACK.png\",\"contentUrl\":\"https:\\\/\\\/shop.noor.fi\\\/wp-content\\\/uploads\\\/2024\\\/01\\\/Oy-Noortrade-Ab-Corbel-VERSAL-bold-BLACK.png\",\"width\":721,\"height\":177,\"caption\":\"Oy Noortrade Ab\"},\"image\":{\"@id\":\"https:\\\/\\\/shopnoorfi-wp31835.test.cchosting.fi\\\/#\\\/schema\\\/logo\\\/image\\\/\"}}]}<\/script>\n<!-- \/ Yoast SEO plugin. -->","yoast_head_json":{"title":"Disk jul 500ml (SWE etikett) - Oy Noortrade Ab","robots":{"index":"index","follow":"follow","max-snippet":"max-snippet:-1","max-image-preview":"max-image-preview:large","max-video-preview":"max-video-preview:-1"},"canonical":"https:\/\/shop.noor.fi\/sv\/produkt\/disk-jul-500ml-swe-etikett\/","og_locale":"sv_SE","og_type":"article","og_title":"Disk jul 500ml (SWE etikett) - Oy Noortrade Ab","og_description":"Handdiskmedel med st\u00e4mningsfull doft av polka och mint som f\u00f6r tankarna till juletid. Baserat p\u00e5 kokosn\u00f6tsolja som skonsamt reng\u00f6r utan att l\u00e4mna dina h\u00e4nder torra och r\u00f6da. Inneh\u00e5ller \u00e4ven japansk pepparmint som \u00e4r antibakteriell och har en ljuvlig fr\u00e4sch doft. Flaskan inneh\u00e5ller 500ml. Etikett med svensk text. Ingredienser: Aqua, Sodium Coco-Sulfate, Cocamidopropyl Betaine, Lauramine Oxide, [&hellip;]","og_url":"https:\/\/shop.noor.fi\/sv\/produkt\/disk-jul-500ml-swe-etikett\/","og_site_name":"Oy Noortrade Ab","article_modified_time":"2026-04-22T11:38:55+00:00","og_image":[{"width":908,"height":1210,"url":"https:\/\/shop.noor.fi\/wp-content\/uploads\/2026\/03\/SV-1447-89-000.jpg","type":"image\/jpeg"}],"twitter_card":"summary_large_image","schema":{"@context":"https:\/\/schema.org","@graph":[{"@type":"WebPage","@id":"https:\/\/shop.noor.fi\/sv\/produkt\/disk-jul-500ml-swe-etikett\/","url":"https:\/\/shop.noor.fi\/sv\/produkt\/disk-jul-500ml-swe-etikett\/","name":"Disk jul 500ml (SWE etikett) - Oy Noortrade Ab","isPartOf":{"@id":"https:\/\/shopnoorfi-wp31835.test.cchosting.fi\/#website"},"primaryImageOfPage":{"@id":"https:\/\/shop.noor.fi\/sv\/produkt\/disk-jul-500ml-swe-etikett\/#primaryimage"},"image":{"@id":"https:\/\/shop.noor.fi\/sv\/produkt\/disk-jul-500ml-swe-etikett\/#primaryimage"},"thumbnailUrl":"https:\/\/shop.noor.fi\/wp-content\/uploads\/2026\/03\/SV-1447-89-000.jpg","datePublished":"2026-03-02T08:11:09+00:00","dateModified":"2026-04-22T11:38:55+00:00","breadcrumb":{"@id":"https:\/\/shop.noor.fi\/sv\/produkt\/disk-jul-500ml-swe-etikett\/#breadcrumb"},"inLanguage":"sv-SE","potentialAction":[{"@type":"ReadAction","target":["https:\/\/shop.noor.fi\/sv\/produkt\/disk-jul-500ml-swe-etikett\/"]}]},{"@type":"ImageObject","inLanguage":"sv-SE","@id":"https:\/\/shop.noor.fi\/sv\/produkt\/disk-jul-500ml-swe-etikett\/#primaryimage","url":"https:\/\/shop.noor.fi\/wp-content\/uploads\/2026\/03\/SV-1447-89-000.jpg","contentUrl":"https:\/\/shop.noor.fi\/wp-content\/uploads\/2026\/03\/SV-1447-89-000.jpg","width":908,"height":1210},{"@type":"BreadcrumbList","@id":"https:\/\/shop.noor.fi\/sv\/produkt\/disk-jul-500ml-swe-etikett\/#breadcrumb","itemListElement":[{"@type":"ListItem","position":1,"name":"Etusivu","item":"https:\/\/shop.noor.fi\/sv\/"},{"@type":"ListItem","position":2,"name":"Butik","item":"https:\/\/shopnoorfi-wp31835.test.cchosting.fi\/sv\/butik\/"},{"@type":"ListItem","position":3,"name":"Disk jul 500ml (SWE etikett)"}]},{"@type":"WebSite","@id":"https:\/\/shopnoorfi-wp31835.test.cchosting.fi\/#website","url":"https:\/\/shopnoorfi-wp31835.test.cchosting.fi\/","name":"Oy Noortrade Ab","description":"Finnish family owned company with over 30 years of professional experience in lighting &amp; interior products import and sales - reliably.","publisher":{"@id":"https:\/\/shopnoorfi-wp31835.test.cchosting.fi\/#organization"},"potentialAction":[{"@type":"SearchAction","target":{"@type":"EntryPoint","urlTemplate":"https:\/\/shopnoorfi-wp31835.test.cchosting.fi\/?s={search_term_string}"},"query-input":{"@type":"PropertyValueSpecification","valueRequired":true,"valueName":"search_term_string"}}],"inLanguage":"sv-SE"},{"@type":"Organization","@id":"https:\/\/shopnoorfi-wp31835.test.cchosting.fi\/#organization","name":"Oy Noortrade Ab","url":"https:\/\/shopnoorfi-wp31835.test.cchosting.fi\/","logo":{"@type":"ImageObject","inLanguage":"sv-SE","@id":"https:\/\/shopnoorfi-wp31835.test.cchosting.fi\/#\/schema\/logo\/image\/","url":"https:\/\/shop.noor.fi\/wp-content\/uploads\/2024\/01\/Oy-Noortrade-Ab-Corbel-VERSAL-bold-BLACK.png","contentUrl":"https:\/\/shop.noor.fi\/wp-content\/uploads\/2024\/01\/Oy-Noortrade-Ab-Corbel-VERSAL-bold-BLACK.png","width":721,"height":177,"caption":"Oy Noortrade Ab"},"image":{"@id":"https:\/\/shopnoorfi-wp31835.test.cchosting.fi\/#\/schema\/logo\/image\/"}}]}},"brands":[{"id":28738,"name":"Svanefors","slug":"svanefors"},{"id":37492,"name":"Svanefors","slug":"svanefors-sv"}],"_links":{"self":[{"href":"https:\/\/shop.noor.fi\/sv\/wp-json\/wp\/v2\/product\/122935","targetHints":{"allow":["GET"]}}],"collection":[{"href":"https:\/\/shop.noor.fi\/sv\/wp-json\/wp\/v2\/product"}],"about":[{"href":"https:\/\/shop.noor.fi\/sv\/wp-json\/wp\/v2\/types\/product"}],"replies":[{"embeddable":true,"href":"https:\/\/shop.noor.fi\/sv\/wp-json\/wp\/v2\/comments?post=122935"}],"wp:featuredmedia":[{"embeddable":true,"href":"https:\/\/shop.noor.fi\/sv\/wp-json\/wp\/v2\/media\/148327"}],"wp:attachment":[{"href":"https:\/\/shop.noor.fi\/sv\/wp-json\/wp\/v2\/media?parent=122935"}],"wp:term":[{"taxonomy":"pwb-brand","embeddable":true,"href":"https:\/\/shop.noor.fi\/sv\/wp-json\/wp\/v2\/pwb-brand?post=122935"},{"taxonomy":"product_brand","embeddable":true,"href":"https:\/\/shop.noor.fi\/sv\/wp-json\/wp\/v2\/product_brand?post=122935"},{"taxonomy":"product_cat","embeddable":true,"href":"https:\/\/shop.noor.fi\/sv\/wp-json\/wp\/v2\/product_cat?post=122935"},{"taxonomy":"product_tag","embeddable":true,"href":"https:\/\/shop.noor.fi\/sv\/wp-json\/wp\/v2\/product_tag?post=122935"}],"curies":[{"name":"wp","href":"https:\/\/api.w.org\/{rel}","templated":true}]}}