{"id":122689,"date":"2025-04-23T10:06:59","date_gmt":"2025-04-23T07:06:59","guid":{"rendered":"https:\/\/shop.noor.fi\/product\/pipeline-vagglampa-mattvit\/"},"modified":"2026-05-06T15:26:07","modified_gmt":"2026-05-06T12:26:07","slug":"pipeline-vagglampa-mattvit","status":"publish","type":"product","link":"https:\/\/shop.noor.fi\/sv\/produkt\/pipeline-vagglampa-mattvit\/","title":{"rendered":"Pipeline v\u00e4gglampa mattvit"},"content":{"rendered":"<p>Pipeline v\u00e4gglampa kombinerar minimalistisk design med h\u00f6g funktionalitet och skapar den perfekta belysningsl\u00f6sningen f\u00f6r moderna interi\u00f6rer. Perfekt f\u00f6r sovrum, avger den ett varmt, fokuserat ljus som f\u00f6rb\u00e4ttrar st\u00e4mningen i varje rum.<br \/>\nDenna eleganta lampan ger den perfekta riktade belysningen f\u00f6r l\u00e4sning eller f\u00f6r att skapa en mysig atmosf\u00e4r. De rena linjerna och den kompakta formen ger ett stabilt och stiligt intryck som passar alla typer av inredning.<br \/>\nSladdl\u00e4ng 300 cm, str\u00f6mbrytare p\u00e5 v\u00e4ggbrickan.<br \/>\nGU10\/MR11, max 4W. Ljusk\u00e4lla ing\u00e5r ej.<br \/>\nLjusk\u00e4llan \u00e4r enkel att byta tack vare pop-up-funktionen.<\/p>\n<p>Bredd 4,5 cm<br \/>\nDjup 15,6 cm<br \/>\nH\u00f6jd 12,5 cm<\/p>\n","protected":false},"excerpt":{"rendered":"<p>Pipeline v\u00e4gglampa kombinerar minimalistisk design med h\u00f6g funktionalitet och skapar den perfekta belysningsl\u00f6sningen f\u00f6r moderna interi\u00f6rer. Perfekt f\u00f6r sovrum, avger den ett varmt, fokuserat ljus som f\u00f6rb\u00e4ttrar st\u00e4mningen i varje rum. Denna eleganta lampan ger den perfekta riktade belysningen f\u00f6r l\u00e4sning eller f\u00f6r att skapa en mysig atmosf\u00e4r. De rena linjerna och den kompakta formen [&hellip;]<\/p>\n","protected":false},"featured_media":129424,"comment_status":"open","ping_status":"closed","template":"","meta":{"_acf_changed":false,"_relevanssi_hide_post":"","_relevanssi_hide_content":"","_relevanssi_pin_for_all":"","_relevanssi_pin_keywords":"","_relevanssi_unpin_keywords":"","_relevanssi_related_keywords":"","_relevanssi_related_include_ids":"","_relevanssi_related_exclude_ids":"","_relevanssi_related_no_append":"","_relevanssi_related_not_related":"","_relevanssi_related_posts":"","_relevanssi_noindex_reason":""},"pwb-brand":[28735],"product_brand":[],"product_cat":[32120],"product_tag":[],"class_list":{"0":"post-122689","1":"product","2":"type-product","3":"status-publish","4":"has-post-thumbnail","6":"pwb-brand-herstal","7":"product_cat-vagglampor","9":"first","10":"onbackorder","11":"taxable","12":"shipping-taxable","13":"purchasable","14":"product-type-simple"},"acf":[],"yoast_head":"<!-- This site is optimized with the Yoast SEO plugin v27.5 - https:\/\/yoast.com\/product\/yoast-seo-wordpress\/ -->\n<title>Pipeline v\u00e4gglampa mattvit - Oy Noortrade Ab<\/title>\n<meta name=\"robots\" content=\"index, follow, max-snippet:-1, max-image-preview:large, max-video-preview:-1\" \/>\n<link rel=\"canonical\" href=\"https:\/\/shop.noor.fi\/sv\/produkt\/pipeline-vagglampa-mattvit\/\" \/>\n<meta property=\"og:locale\" content=\"sv_SE\" \/>\n<meta property=\"og:type\" content=\"article\" \/>\n<meta property=\"og:title\" content=\"Pipeline v\u00e4gglampa mattvit - Oy Noortrade Ab\" \/>\n<meta property=\"og:description\" content=\"Pipeline v\u00e4gglampa kombinerar minimalistisk design med h\u00f6g funktionalitet och skapar den perfekta belysningsl\u00f6sningen f\u00f6r moderna interi\u00f6rer. Perfekt f\u00f6r sovrum, avger den ett varmt, fokuserat ljus som f\u00f6rb\u00e4ttrar st\u00e4mningen i varje rum. Denna eleganta lampan ger den perfekta riktade belysningen f\u00f6r l\u00e4sning eller f\u00f6r att skapa en mysig atmosf\u00e4r. De rena linjerna och den kompakta formen [&hellip;]\" \/>\n<meta property=\"og:url\" content=\"https:\/\/shop.noor.fi\/sv\/produkt\/pipeline-vagglampa-mattvit\/\" \/>\n<meta property=\"og:site_name\" content=\"Oy Noortrade Ab\" \/>\n<meta property=\"article:modified_time\" content=\"2026-05-06T12:26:07+00:00\" \/>\n<meta property=\"og:image\" content=\"https:\/\/shop.noor.fi\/wp-content\/uploads\/2025\/04\/7391534020729.jpg\" \/>\n\t<meta property=\"og:image:width\" content=\"1000\" \/>\n\t<meta property=\"og:image:height\" content=\"1000\" \/>\n\t<meta property=\"og:image:type\" content=\"image\/jpeg\" \/>\n<meta name=\"twitter:card\" content=\"summary_large_image\" \/>\n<meta name=\"twitter:label1\" content=\"Ber\u00e4knad l\u00e4stid\" \/>\n\t<meta name=\"twitter:data1\" content=\"1 minut\" \/>\n<script type=\"application\/ld+json\" class=\"yoast-schema-graph\">{\"@context\":\"https:\\\/\\\/schema.org\",\"@graph\":[{\"@type\":\"WebPage\",\"@id\":\"https:\\\/\\\/shop.noor.fi\\\/sv\\\/produkt\\\/pipeline-vagglampa-mattvit\\\/\",\"url\":\"https:\\\/\\\/shop.noor.fi\\\/sv\\\/produkt\\\/pipeline-vagglampa-mattvit\\\/\",\"name\":\"Pipeline v\u00e4gglampa mattvit - Oy Noortrade Ab\",\"isPartOf\":{\"@id\":\"https:\\\/\\\/shopnoorfi-wp31835.test.cchosting.fi\\\/#website\"},\"primaryImageOfPage\":{\"@id\":\"https:\\\/\\\/shop.noor.fi\\\/sv\\\/produkt\\\/pipeline-vagglampa-mattvit\\\/#primaryimage\"},\"image\":{\"@id\":\"https:\\\/\\\/shop.noor.fi\\\/sv\\\/produkt\\\/pipeline-vagglampa-mattvit\\\/#primaryimage\"},\"thumbnailUrl\":\"https:\\\/\\\/shop.noor.fi\\\/wp-content\\\/uploads\\\/2025\\\/04\\\/7391534020729.jpg\",\"datePublished\":\"2025-04-23T07:06:59+00:00\",\"dateModified\":\"2026-05-06T12:26:07+00:00\",\"breadcrumb\":{\"@id\":\"https:\\\/\\\/shop.noor.fi\\\/sv\\\/produkt\\\/pipeline-vagglampa-mattvit\\\/#breadcrumb\"},\"inLanguage\":\"sv-SE\",\"potentialAction\":[{\"@type\":\"ReadAction\",\"target\":[\"https:\\\/\\\/shop.noor.fi\\\/sv\\\/produkt\\\/pipeline-vagglampa-mattvit\\\/\"]}]},{\"@type\":\"ImageObject\",\"inLanguage\":\"sv-SE\",\"@id\":\"https:\\\/\\\/shop.noor.fi\\\/sv\\\/produkt\\\/pipeline-vagglampa-mattvit\\\/#primaryimage\",\"url\":\"https:\\\/\\\/shop.noor.fi\\\/wp-content\\\/uploads\\\/2025\\\/04\\\/7391534020729.jpg\",\"contentUrl\":\"https:\\\/\\\/shop.noor.fi\\\/wp-content\\\/uploads\\\/2025\\\/04\\\/7391534020729.jpg\",\"width\":1000,\"height\":1000},{\"@type\":\"BreadcrumbList\",\"@id\":\"https:\\\/\\\/shop.noor.fi\\\/sv\\\/produkt\\\/pipeline-vagglampa-mattvit\\\/#breadcrumb\",\"itemListElement\":[{\"@type\":\"ListItem\",\"position\":1,\"name\":\"Etusivu\",\"item\":\"https:\\\/\\\/shop.noor.fi\\\/sv\\\/\"},{\"@type\":\"ListItem\",\"position\":2,\"name\":\"Butik\",\"item\":\"https:\\\/\\\/shopnoorfi-wp31835.test.cchosting.fi\\\/sv\\\/butik\\\/\"},{\"@type\":\"ListItem\",\"position\":3,\"name\":\"Pipeline v\u00e4gglampa mattvit\"}]},{\"@type\":\"WebSite\",\"@id\":\"https:\\\/\\\/shopnoorfi-wp31835.test.cchosting.fi\\\/#website\",\"url\":\"https:\\\/\\\/shopnoorfi-wp31835.test.cchosting.fi\\\/\",\"name\":\"Oy Noortrade Ab\",\"description\":\"Finnish family owned company with over 30 years of professional experience in lighting &amp; interior products import and sales - reliably.\",\"publisher\":{\"@id\":\"https:\\\/\\\/shopnoorfi-wp31835.test.cchosting.fi\\\/#organization\"},\"potentialAction\":[{\"@type\":\"SearchAction\",\"target\":{\"@type\":\"EntryPoint\",\"urlTemplate\":\"https:\\\/\\\/shopnoorfi-wp31835.test.cchosting.fi\\\/?s={search_term_string}\"},\"query-input\":{\"@type\":\"PropertyValueSpecification\",\"valueRequired\":true,\"valueName\":\"search_term_string\"}}],\"inLanguage\":\"sv-SE\"},{\"@type\":\"Organization\",\"@id\":\"https:\\\/\\\/shopnoorfi-wp31835.test.cchosting.fi\\\/#organization\",\"name\":\"Oy Noortrade Ab\",\"url\":\"https:\\\/\\\/shopnoorfi-wp31835.test.cchosting.fi\\\/\",\"logo\":{\"@type\":\"ImageObject\",\"inLanguage\":\"sv-SE\",\"@id\":\"https:\\\/\\\/shopnoorfi-wp31835.test.cchosting.fi\\\/#\\\/schema\\\/logo\\\/image\\\/\",\"url\":\"https:\\\/\\\/shop.noor.fi\\\/wp-content\\\/uploads\\\/2024\\\/01\\\/Oy-Noortrade-Ab-Corbel-VERSAL-bold-BLACK.png\",\"contentUrl\":\"https:\\\/\\\/shop.noor.fi\\\/wp-content\\\/uploads\\\/2024\\\/01\\\/Oy-Noortrade-Ab-Corbel-VERSAL-bold-BLACK.png\",\"width\":721,\"height\":177,\"caption\":\"Oy Noortrade Ab\"},\"image\":{\"@id\":\"https:\\\/\\\/shopnoorfi-wp31835.test.cchosting.fi\\\/#\\\/schema\\\/logo\\\/image\\\/\"}}]}<\/script>\n<!-- \/ Yoast SEO plugin. -->","yoast_head_json":{"title":"Pipeline v\u00e4gglampa mattvit - Oy Noortrade Ab","robots":{"index":"index","follow":"follow","max-snippet":"max-snippet:-1","max-image-preview":"max-image-preview:large","max-video-preview":"max-video-preview:-1"},"canonical":"https:\/\/shop.noor.fi\/sv\/produkt\/pipeline-vagglampa-mattvit\/","og_locale":"sv_SE","og_type":"article","og_title":"Pipeline v\u00e4gglampa mattvit - Oy Noortrade Ab","og_description":"Pipeline v\u00e4gglampa kombinerar minimalistisk design med h\u00f6g funktionalitet och skapar den perfekta belysningsl\u00f6sningen f\u00f6r moderna interi\u00f6rer. Perfekt f\u00f6r sovrum, avger den ett varmt, fokuserat ljus som f\u00f6rb\u00e4ttrar st\u00e4mningen i varje rum. Denna eleganta lampan ger den perfekta riktade belysningen f\u00f6r l\u00e4sning eller f\u00f6r att skapa en mysig atmosf\u00e4r. De rena linjerna och den kompakta formen [&hellip;]","og_url":"https:\/\/shop.noor.fi\/sv\/produkt\/pipeline-vagglampa-mattvit\/","og_site_name":"Oy Noortrade Ab","article_modified_time":"2026-05-06T12:26:07+00:00","og_image":[{"width":1000,"height":1000,"url":"https:\/\/shop.noor.fi\/wp-content\/uploads\/2025\/04\/7391534020729.jpg","type":"image\/jpeg"}],"twitter_card":"summary_large_image","twitter_misc":{"Ber\u00e4knad l\u00e4stid":"1 minut"},"schema":{"@context":"https:\/\/schema.org","@graph":[{"@type":"WebPage","@id":"https:\/\/shop.noor.fi\/sv\/produkt\/pipeline-vagglampa-mattvit\/","url":"https:\/\/shop.noor.fi\/sv\/produkt\/pipeline-vagglampa-mattvit\/","name":"Pipeline v\u00e4gglampa mattvit - Oy Noortrade Ab","isPartOf":{"@id":"https:\/\/shopnoorfi-wp31835.test.cchosting.fi\/#website"},"primaryImageOfPage":{"@id":"https:\/\/shop.noor.fi\/sv\/produkt\/pipeline-vagglampa-mattvit\/#primaryimage"},"image":{"@id":"https:\/\/shop.noor.fi\/sv\/produkt\/pipeline-vagglampa-mattvit\/#primaryimage"},"thumbnailUrl":"https:\/\/shop.noor.fi\/wp-content\/uploads\/2025\/04\/7391534020729.jpg","datePublished":"2025-04-23T07:06:59+00:00","dateModified":"2026-05-06T12:26:07+00:00","breadcrumb":{"@id":"https:\/\/shop.noor.fi\/sv\/produkt\/pipeline-vagglampa-mattvit\/#breadcrumb"},"inLanguage":"sv-SE","potentialAction":[{"@type":"ReadAction","target":["https:\/\/shop.noor.fi\/sv\/produkt\/pipeline-vagglampa-mattvit\/"]}]},{"@type":"ImageObject","inLanguage":"sv-SE","@id":"https:\/\/shop.noor.fi\/sv\/produkt\/pipeline-vagglampa-mattvit\/#primaryimage","url":"https:\/\/shop.noor.fi\/wp-content\/uploads\/2025\/04\/7391534020729.jpg","contentUrl":"https:\/\/shop.noor.fi\/wp-content\/uploads\/2025\/04\/7391534020729.jpg","width":1000,"height":1000},{"@type":"BreadcrumbList","@id":"https:\/\/shop.noor.fi\/sv\/produkt\/pipeline-vagglampa-mattvit\/#breadcrumb","itemListElement":[{"@type":"ListItem","position":1,"name":"Etusivu","item":"https:\/\/shop.noor.fi\/sv\/"},{"@type":"ListItem","position":2,"name":"Butik","item":"https:\/\/shopnoorfi-wp31835.test.cchosting.fi\/sv\/butik\/"},{"@type":"ListItem","position":3,"name":"Pipeline v\u00e4gglampa mattvit"}]},{"@type":"WebSite","@id":"https:\/\/shopnoorfi-wp31835.test.cchosting.fi\/#website","url":"https:\/\/shopnoorfi-wp31835.test.cchosting.fi\/","name":"Oy Noortrade Ab","description":"Finnish family owned company with over 30 years of professional experience in lighting &amp; interior products import and sales - reliably.","publisher":{"@id":"https:\/\/shopnoorfi-wp31835.test.cchosting.fi\/#organization"},"potentialAction":[{"@type":"SearchAction","target":{"@type":"EntryPoint","urlTemplate":"https:\/\/shopnoorfi-wp31835.test.cchosting.fi\/?s={search_term_string}"},"query-input":{"@type":"PropertyValueSpecification","valueRequired":true,"valueName":"search_term_string"}}],"inLanguage":"sv-SE"},{"@type":"Organization","@id":"https:\/\/shopnoorfi-wp31835.test.cchosting.fi\/#organization","name":"Oy Noortrade Ab","url":"https:\/\/shopnoorfi-wp31835.test.cchosting.fi\/","logo":{"@type":"ImageObject","inLanguage":"sv-SE","@id":"https:\/\/shopnoorfi-wp31835.test.cchosting.fi\/#\/schema\/logo\/image\/","url":"https:\/\/shop.noor.fi\/wp-content\/uploads\/2024\/01\/Oy-Noortrade-Ab-Corbel-VERSAL-bold-BLACK.png","contentUrl":"https:\/\/shop.noor.fi\/wp-content\/uploads\/2024\/01\/Oy-Noortrade-Ab-Corbel-VERSAL-bold-BLACK.png","width":721,"height":177,"caption":"Oy Noortrade Ab"},"image":{"@id":"https:\/\/shopnoorfi-wp31835.test.cchosting.fi\/#\/schema\/logo\/image\/"}}]}},"brands":[{"id":28735,"name":"Herstal","slug":"herstal"}],"_links":{"self":[{"href":"https:\/\/shop.noor.fi\/sv\/wp-json\/wp\/v2\/product\/122689","targetHints":{"allow":["GET"]}}],"collection":[{"href":"https:\/\/shop.noor.fi\/sv\/wp-json\/wp\/v2\/product"}],"about":[{"href":"https:\/\/shop.noor.fi\/sv\/wp-json\/wp\/v2\/types\/product"}],"replies":[{"embeddable":true,"href":"https:\/\/shop.noor.fi\/sv\/wp-json\/wp\/v2\/comments?post=122689"}],"wp:featuredmedia":[{"embeddable":true,"href":"https:\/\/shop.noor.fi\/sv\/wp-json\/wp\/v2\/media\/129424"}],"wp:attachment":[{"href":"https:\/\/shop.noor.fi\/sv\/wp-json\/wp\/v2\/media?parent=122689"}],"wp:term":[{"taxonomy":"pwb-brand","embeddable":true,"href":"https:\/\/shop.noor.fi\/sv\/wp-json\/wp\/v2\/pwb-brand?post=122689"},{"taxonomy":"product_brand","embeddable":true,"href":"https:\/\/shop.noor.fi\/sv\/wp-json\/wp\/v2\/product_brand?post=122689"},{"taxonomy":"product_cat","embeddable":true,"href":"https:\/\/shop.noor.fi\/sv\/wp-json\/wp\/v2\/product_cat?post=122689"},{"taxonomy":"product_tag","embeddable":true,"href":"https:\/\/shop.noor.fi\/sv\/wp-json\/wp\/v2\/product_tag?post=122689"}],"curies":[{"name":"wp","href":"https:\/\/api.w.org\/{rel}","templated":true}]}}