{"id":122340,"date":"2024-11-27T16:00:07","date_gmt":"2024-11-27T14:00:07","guid":{"rendered":"https:\/\/shop.noor.fi\/product\/citruspress-zp-60-e\/"},"modified":"2026-02-27T09:21:57","modified_gmt":"2026-02-27T07:21:57","slug":"citruspress-zp-60-e","status":"publish","type":"product","link":"https:\/\/shop.noor.fi\/sv\/produkt\/citruspress-zp-60-e\/","title":{"rendered":"Citruspress ZP 60\/E"},"content":{"rendered":"<p>Med denna h\u00f6gklassiga och eleganta Rommelsbacher ZP 60\/E citruspress kan du pressa saften fr\u00e5n apelsiner, citroner och grapefrukter p\u00e5 n\u00e4stan nolltid, och njuta av f\u00e4rskpressad juice till frukost. Ett l\u00e4tt tryck r\u00e4cker och den kraftfulla motorn klarar resten, och juicen rinner direkt ner i ett glas med en hopf\u00e4llbar pip. Citruspressen har tv\u00e5 saftkoner i olika storlekar. Den rostfria silen \u00e4r avtagbar och kan reng\u00f6ras i diskmaskin tillsammans med konerna, saftuppsamlaren och plastlocket som skyddar pressen fr\u00e5n damm och smuts.<\/p>\n<p>H\u00f6lje i l\u00e4ttsk\u00f6tt borstat rostfritt st\u00e5l<br \/>\nKraftfull men tyst motor<br \/>\nAvtagbar sil av h\u00f6gkvalitativt rostfritt st\u00e5l<br \/>\nEnkel p\u00e5-\/avkoppling via l\u00e4tt tryck<br \/>\nDirekt juicetillf\u00f6rsel via hopf\u00e4llbar pip<br \/>\nDropp-stopp<br \/>\n4 anti-slip gummif\u00f6tter<br \/>\nL\u00f6stagbara delar t\u00e5l diskmaskin<br \/>\nInklusive 1 kon f\u00f6r stora och 1 f\u00f6r sm\u00e5 frukter, plastlock<\/p>\n","protected":false},"excerpt":{"rendered":"<p>Med denna h\u00f6gklassiga och eleganta Rommelsbacher ZP 60\/E citruspress kan du pressa saften fr\u00e5n apelsiner, citroner och grapefrukter p\u00e5 n\u00e4stan nolltid, och njuta av f\u00e4rskpressad juice till frukost. Ett l\u00e4tt tryck r\u00e4cker och den kraftfulla motorn klarar resten, och juicen rinner direkt ner i ett glas med en hopf\u00e4llbar pip. Citruspressen har tv\u00e5 saftkoner i [&hellip;]<\/p>\n","protected":false},"featured_media":121752,"comment_status":"open","ping_status":"closed","template":"","meta":{"_acf_changed":false,"_relevanssi_hide_post":"","_relevanssi_hide_content":"","_relevanssi_pin_for_all":"","_relevanssi_pin_keywords":"","_relevanssi_unpin_keywords":"","_relevanssi_related_keywords":"","_relevanssi_related_include_ids":"","_relevanssi_related_exclude_ids":"","_relevanssi_related_no_append":"","_relevanssi_related_not_related":"","_relevanssi_related_posts":"","_relevanssi_noindex_reason":""},"pwb-brand":[37696,37500],"product_brand":[],"product_cat":[37012,37035],"product_tag":[],"class_list":{"0":"post-122340","1":"product","2":"type-product","3":"status-publish","4":"has-post-thumbnail","6":"pwb-brand-rommelsbacher-sv","7":"pwb-brand-rommelsbacher","8":"product_cat-keittiokoneet","9":"product_cat-koksmaskiner","11":"first","12":"instock","13":"taxable","14":"shipping-taxable","15":"purchasable","16":"product-type-simple"},"acf":[],"yoast_head":"<!-- This site is optimized with the Yoast SEO plugin v27.5 - https:\/\/yoast.com\/product\/yoast-seo-wordpress\/ -->\n<title>Citruspress ZP 60\/E - Oy Noortrade Ab<\/title>\n<meta name=\"robots\" content=\"index, follow, max-snippet:-1, max-image-preview:large, max-video-preview:-1\" \/>\n<link rel=\"canonical\" href=\"https:\/\/shop.noor.fi\/sv\/produkt\/citruspress-zp-60-e\/\" \/>\n<meta property=\"og:locale\" content=\"sv_SE\" \/>\n<meta property=\"og:type\" content=\"article\" \/>\n<meta property=\"og:title\" content=\"Citruspress ZP 60\/E - Oy Noortrade Ab\" \/>\n<meta property=\"og:description\" content=\"Med denna h\u00f6gklassiga och eleganta Rommelsbacher ZP 60\/E citruspress kan du pressa saften fr\u00e5n apelsiner, citroner och grapefrukter p\u00e5 n\u00e4stan nolltid, och njuta av f\u00e4rskpressad juice till frukost. Ett l\u00e4tt tryck r\u00e4cker och den kraftfulla motorn klarar resten, och juicen rinner direkt ner i ett glas med en hopf\u00e4llbar pip. Citruspressen har tv\u00e5 saftkoner i [&hellip;]\" \/>\n<meta property=\"og:url\" content=\"https:\/\/shop.noor.fi\/sv\/produkt\/citruspress-zp-60-e\/\" \/>\n<meta property=\"og:site_name\" content=\"Oy Noortrade Ab\" \/>\n<meta property=\"article:modified_time\" content=\"2026-02-27T07:21:57+00:00\" \/>\n<meta property=\"og:image\" content=\"https:\/\/shop.noor.fi\/wp-content\/uploads\/2024\/11\/4001797855206.jpg\" \/>\n\t<meta property=\"og:image:width\" content=\"1000\" \/>\n\t<meta property=\"og:image:height\" content=\"1000\" \/>\n\t<meta property=\"og:image:type\" content=\"image\/jpeg\" \/>\n<meta name=\"twitter:card\" content=\"summary_large_image\" \/>\n<meta name=\"twitter:label1\" content=\"Ber\u00e4knad l\u00e4stid\" \/>\n\t<meta name=\"twitter:data1\" content=\"1 minut\" \/>\n<script type=\"application\/ld+json\" class=\"yoast-schema-graph\">{\"@context\":\"https:\\\/\\\/schema.org\",\"@graph\":[{\"@type\":\"WebPage\",\"@id\":\"https:\\\/\\\/shop.noor.fi\\\/sv\\\/produkt\\\/citruspress-zp-60-e\\\/\",\"url\":\"https:\\\/\\\/shop.noor.fi\\\/sv\\\/produkt\\\/citruspress-zp-60-e\\\/\",\"name\":\"Citruspress ZP 60\\\/E - Oy Noortrade Ab\",\"isPartOf\":{\"@id\":\"https:\\\/\\\/shopnoorfi-wp31835.test.cchosting.fi\\\/#website\"},\"primaryImageOfPage\":{\"@id\":\"https:\\\/\\\/shop.noor.fi\\\/sv\\\/produkt\\\/citruspress-zp-60-e\\\/#primaryimage\"},\"image\":{\"@id\":\"https:\\\/\\\/shop.noor.fi\\\/sv\\\/produkt\\\/citruspress-zp-60-e\\\/#primaryimage\"},\"thumbnailUrl\":\"https:\\\/\\\/shop.noor.fi\\\/wp-content\\\/uploads\\\/2024\\\/11\\\/4001797855206.jpg\",\"datePublished\":\"2024-11-27T14:00:07+00:00\",\"dateModified\":\"2026-02-27T07:21:57+00:00\",\"breadcrumb\":{\"@id\":\"https:\\\/\\\/shop.noor.fi\\\/sv\\\/produkt\\\/citruspress-zp-60-e\\\/#breadcrumb\"},\"inLanguage\":\"sv-SE\",\"potentialAction\":[{\"@type\":\"ReadAction\",\"target\":[\"https:\\\/\\\/shop.noor.fi\\\/sv\\\/produkt\\\/citruspress-zp-60-e\\\/\"]}]},{\"@type\":\"ImageObject\",\"inLanguage\":\"sv-SE\",\"@id\":\"https:\\\/\\\/shop.noor.fi\\\/sv\\\/produkt\\\/citruspress-zp-60-e\\\/#primaryimage\",\"url\":\"https:\\\/\\\/shop.noor.fi\\\/wp-content\\\/uploads\\\/2024\\\/11\\\/4001797855206.jpg\",\"contentUrl\":\"https:\\\/\\\/shop.noor.fi\\\/wp-content\\\/uploads\\\/2024\\\/11\\\/4001797855206.jpg\",\"width\":1000,\"height\":1000},{\"@type\":\"BreadcrumbList\",\"@id\":\"https:\\\/\\\/shop.noor.fi\\\/sv\\\/produkt\\\/citruspress-zp-60-e\\\/#breadcrumb\",\"itemListElement\":[{\"@type\":\"ListItem\",\"position\":1,\"name\":\"Etusivu\",\"item\":\"https:\\\/\\\/shop.noor.fi\\\/sv\\\/\"},{\"@type\":\"ListItem\",\"position\":2,\"name\":\"Butik\",\"item\":\"https:\\\/\\\/shopnoorfi-wp31835.test.cchosting.fi\\\/sv\\\/butik\\\/\"},{\"@type\":\"ListItem\",\"position\":3,\"name\":\"Citruspress ZP 60\\\/E\"}]},{\"@type\":\"WebSite\",\"@id\":\"https:\\\/\\\/shopnoorfi-wp31835.test.cchosting.fi\\\/#website\",\"url\":\"https:\\\/\\\/shopnoorfi-wp31835.test.cchosting.fi\\\/\",\"name\":\"Oy Noortrade Ab\",\"description\":\"Finnish family owned company with over 30 years of professional experience in lighting &amp; interior products import and sales - reliably.\",\"publisher\":{\"@id\":\"https:\\\/\\\/shopnoorfi-wp31835.test.cchosting.fi\\\/#organization\"},\"potentialAction\":[{\"@type\":\"SearchAction\",\"target\":{\"@type\":\"EntryPoint\",\"urlTemplate\":\"https:\\\/\\\/shopnoorfi-wp31835.test.cchosting.fi\\\/?s={search_term_string}\"},\"query-input\":{\"@type\":\"PropertyValueSpecification\",\"valueRequired\":true,\"valueName\":\"search_term_string\"}}],\"inLanguage\":\"sv-SE\"},{\"@type\":\"Organization\",\"@id\":\"https:\\\/\\\/shopnoorfi-wp31835.test.cchosting.fi\\\/#organization\",\"name\":\"Oy Noortrade Ab\",\"url\":\"https:\\\/\\\/shopnoorfi-wp31835.test.cchosting.fi\\\/\",\"logo\":{\"@type\":\"ImageObject\",\"inLanguage\":\"sv-SE\",\"@id\":\"https:\\\/\\\/shopnoorfi-wp31835.test.cchosting.fi\\\/#\\\/schema\\\/logo\\\/image\\\/\",\"url\":\"https:\\\/\\\/shop.noor.fi\\\/wp-content\\\/uploads\\\/2024\\\/01\\\/Oy-Noortrade-Ab-Corbel-VERSAL-bold-BLACK.png\",\"contentUrl\":\"https:\\\/\\\/shop.noor.fi\\\/wp-content\\\/uploads\\\/2024\\\/01\\\/Oy-Noortrade-Ab-Corbel-VERSAL-bold-BLACK.png\",\"width\":721,\"height\":177,\"caption\":\"Oy Noortrade Ab\"},\"image\":{\"@id\":\"https:\\\/\\\/shopnoorfi-wp31835.test.cchosting.fi\\\/#\\\/schema\\\/logo\\\/image\\\/\"}}]}<\/script>\n<!-- \/ Yoast SEO plugin. -->","yoast_head_json":{"title":"Citruspress ZP 60\/E - Oy Noortrade Ab","robots":{"index":"index","follow":"follow","max-snippet":"max-snippet:-1","max-image-preview":"max-image-preview:large","max-video-preview":"max-video-preview:-1"},"canonical":"https:\/\/shop.noor.fi\/sv\/produkt\/citruspress-zp-60-e\/","og_locale":"sv_SE","og_type":"article","og_title":"Citruspress ZP 60\/E - Oy Noortrade Ab","og_description":"Med denna h\u00f6gklassiga och eleganta Rommelsbacher ZP 60\/E citruspress kan du pressa saften fr\u00e5n apelsiner, citroner och grapefrukter p\u00e5 n\u00e4stan nolltid, och njuta av f\u00e4rskpressad juice till frukost. Ett l\u00e4tt tryck r\u00e4cker och den kraftfulla motorn klarar resten, och juicen rinner direkt ner i ett glas med en hopf\u00e4llbar pip. Citruspressen har tv\u00e5 saftkoner i [&hellip;]","og_url":"https:\/\/shop.noor.fi\/sv\/produkt\/citruspress-zp-60-e\/","og_site_name":"Oy Noortrade Ab","article_modified_time":"2026-02-27T07:21:57+00:00","og_image":[{"width":1000,"height":1000,"url":"https:\/\/shop.noor.fi\/wp-content\/uploads\/2024\/11\/4001797855206.jpg","type":"image\/jpeg"}],"twitter_card":"summary_large_image","twitter_misc":{"Ber\u00e4knad l\u00e4stid":"1 minut"},"schema":{"@context":"https:\/\/schema.org","@graph":[{"@type":"WebPage","@id":"https:\/\/shop.noor.fi\/sv\/produkt\/citruspress-zp-60-e\/","url":"https:\/\/shop.noor.fi\/sv\/produkt\/citruspress-zp-60-e\/","name":"Citruspress ZP 60\/E - Oy Noortrade Ab","isPartOf":{"@id":"https:\/\/shopnoorfi-wp31835.test.cchosting.fi\/#website"},"primaryImageOfPage":{"@id":"https:\/\/shop.noor.fi\/sv\/produkt\/citruspress-zp-60-e\/#primaryimage"},"image":{"@id":"https:\/\/shop.noor.fi\/sv\/produkt\/citruspress-zp-60-e\/#primaryimage"},"thumbnailUrl":"https:\/\/shop.noor.fi\/wp-content\/uploads\/2024\/11\/4001797855206.jpg","datePublished":"2024-11-27T14:00:07+00:00","dateModified":"2026-02-27T07:21:57+00:00","breadcrumb":{"@id":"https:\/\/shop.noor.fi\/sv\/produkt\/citruspress-zp-60-e\/#breadcrumb"},"inLanguage":"sv-SE","potentialAction":[{"@type":"ReadAction","target":["https:\/\/shop.noor.fi\/sv\/produkt\/citruspress-zp-60-e\/"]}]},{"@type":"ImageObject","inLanguage":"sv-SE","@id":"https:\/\/shop.noor.fi\/sv\/produkt\/citruspress-zp-60-e\/#primaryimage","url":"https:\/\/shop.noor.fi\/wp-content\/uploads\/2024\/11\/4001797855206.jpg","contentUrl":"https:\/\/shop.noor.fi\/wp-content\/uploads\/2024\/11\/4001797855206.jpg","width":1000,"height":1000},{"@type":"BreadcrumbList","@id":"https:\/\/shop.noor.fi\/sv\/produkt\/citruspress-zp-60-e\/#breadcrumb","itemListElement":[{"@type":"ListItem","position":1,"name":"Etusivu","item":"https:\/\/shop.noor.fi\/sv\/"},{"@type":"ListItem","position":2,"name":"Butik","item":"https:\/\/shopnoorfi-wp31835.test.cchosting.fi\/sv\/butik\/"},{"@type":"ListItem","position":3,"name":"Citruspress ZP 60\/E"}]},{"@type":"WebSite","@id":"https:\/\/shopnoorfi-wp31835.test.cchosting.fi\/#website","url":"https:\/\/shopnoorfi-wp31835.test.cchosting.fi\/","name":"Oy Noortrade Ab","description":"Finnish family owned company with over 30 years of professional experience in lighting &amp; interior products import and sales - reliably.","publisher":{"@id":"https:\/\/shopnoorfi-wp31835.test.cchosting.fi\/#organization"},"potentialAction":[{"@type":"SearchAction","target":{"@type":"EntryPoint","urlTemplate":"https:\/\/shopnoorfi-wp31835.test.cchosting.fi\/?s={search_term_string}"},"query-input":{"@type":"PropertyValueSpecification","valueRequired":true,"valueName":"search_term_string"}}],"inLanguage":"sv-SE"},{"@type":"Organization","@id":"https:\/\/shopnoorfi-wp31835.test.cchosting.fi\/#organization","name":"Oy Noortrade Ab","url":"https:\/\/shopnoorfi-wp31835.test.cchosting.fi\/","logo":{"@type":"ImageObject","inLanguage":"sv-SE","@id":"https:\/\/shopnoorfi-wp31835.test.cchosting.fi\/#\/schema\/logo\/image\/","url":"https:\/\/shop.noor.fi\/wp-content\/uploads\/2024\/01\/Oy-Noortrade-Ab-Corbel-VERSAL-bold-BLACK.png","contentUrl":"https:\/\/shop.noor.fi\/wp-content\/uploads\/2024\/01\/Oy-Noortrade-Ab-Corbel-VERSAL-bold-BLACK.png","width":721,"height":177,"caption":"Oy Noortrade Ab"},"image":{"@id":"https:\/\/shopnoorfi-wp31835.test.cchosting.fi\/#\/schema\/logo\/image\/"}}]}},"brands":[{"id":37696,"name":"Rommelsbacher","slug":"rommelsbacher-sv"},{"id":37500,"name":"Rommelsbacher","slug":"rommelsbacher"}],"_links":{"self":[{"href":"https:\/\/shop.noor.fi\/sv\/wp-json\/wp\/v2\/product\/122340","targetHints":{"allow":["GET"]}}],"collection":[{"href":"https:\/\/shop.noor.fi\/sv\/wp-json\/wp\/v2\/product"}],"about":[{"href":"https:\/\/shop.noor.fi\/sv\/wp-json\/wp\/v2\/types\/product"}],"replies":[{"embeddable":true,"href":"https:\/\/shop.noor.fi\/sv\/wp-json\/wp\/v2\/comments?post=122340"}],"wp:featuredmedia":[{"embeddable":true,"href":"https:\/\/shop.noor.fi\/sv\/wp-json\/wp\/v2\/media\/121752"}],"wp:attachment":[{"href":"https:\/\/shop.noor.fi\/sv\/wp-json\/wp\/v2\/media?parent=122340"}],"wp:term":[{"taxonomy":"pwb-brand","embeddable":true,"href":"https:\/\/shop.noor.fi\/sv\/wp-json\/wp\/v2\/pwb-brand?post=122340"},{"taxonomy":"product_brand","embeddable":true,"href":"https:\/\/shop.noor.fi\/sv\/wp-json\/wp\/v2\/product_brand?post=122340"},{"taxonomy":"product_cat","embeddable":true,"href":"https:\/\/shop.noor.fi\/sv\/wp-json\/wp\/v2\/product_cat?post=122340"},{"taxonomy":"product_tag","embeddable":true,"href":"https:\/\/shop.noor.fi\/sv\/wp-json\/wp\/v2\/product_tag?post=122340"}],"curies":[{"name":"wp","href":"https:\/\/api.w.org\/{rel}","templated":true}]}}