{"id":122335,"date":"2024-11-27T15:59:22","date_gmt":"2024-11-27T13:59:22","guid":{"rendered":"https:\/\/shop.noor.fi\/product\/vattenkokare-wk-3000\/"},"modified":"2026-05-05T15:02:45","modified_gmt":"2026-05-05T12:02:45","slug":"vattenkokare-wk-3000","status":"publish","type":"product","link":"https:\/\/shop.noor.fi\/sv\/produkt\/vattenkokare-wk-3000\/","title":{"rendered":"Vattenkokare WK 3000"},"content":{"rendered":"<p>Rommelsbacher WK 3000 \u00e4r en vackert designad vattenkokare av h\u00f6g kvalitet &#8211; en perfekt kombination av s\u00e4kerhet, funktionalitet och stil. Kokande vatten f\u00f6r att brygga te, hett vatten f\u00f6r snabbsoppor eller varmt vatten f\u00f6r barnmat &#8211; allt f\u00e5r du snabbt och vid r\u00e4tt temperatur.<br \/>\n3000W effekt v\u00e4rmer vattnet till \u00f6nskad temperatur p\u00e5 n\u00e5gra sekunder.<br \/>\nDenna vattenkokare \u00e4r extremt anv\u00e4ndarv\u00e4nlig &#8211; 1-knappskontrollen och LED-displayen \u00e4r placerade direkt p\u00e5 handtaget. Snabbstartsfunktionen \u00e4r mycket praktisk och ger kokande vatten med en knapptryckning.<br \/>\nTemperaturen styrs elektroniskt och en automatisk varmh\u00e5llningsfunktion h\u00e5ller vattnet p\u00e5 \u00f6nskad temperatur.<br \/>\nL\u00e4tt att reng\u00f6ra tack vare den breda \u00f6ppningen, det avtagbara filtret i rostfritt st\u00e5l och den st\u00e4ngda innerbotten.<br \/>\nV\u00e4rmeisolerat handtag, automatisk avst\u00e4ngning och torrkokningsskydd g\u00f6r produkten ytterst s\u00e4ker att anv\u00e4nda.<\/p>\n<p>Tidl\u00f6s linj\u00e4r design<br \/>\nExakt tempererat vatten f\u00f6r te, snabbsoppor, barnmat osv<br \/>\nSnabb och effektiv, effekt 3000 W<br \/>\nRobust kanna i rostfritt st\u00e5l (1,7 liter) med vattenniv\u00e5indikator p\u00e5 b\u00e5da sidor<br \/>\n1-knappskontroll, LED-display och snabbstartsfunktion (100 \u00b0C) p\u00e5 handtaget<br \/>\nElektroniskt reglerad exakt temperaturkontroll, temperaturval 45 &#8211; 100 \u00b0C i 6 steg<br \/>\nAutomatisk 30-minuters varmh\u00e5llningsfunktion<br \/>\n360\u00b0 bas f\u00f6r v\u00e4nster- och h\u00f6gerh\u00e4nta<br \/>\nL\u00e4tt att reng\u00f6ra<br \/>\nS\u00e4ker att anv\u00e4nda: isolerat handtag, automatisk avst\u00e4ngning, torrkokningsskydd<\/p>\n","protected":false},"excerpt":{"rendered":"<p>Rommelsbacher WK 3000 \u00e4r en vackert designad vattenkokare av h\u00f6g kvalitet &#8211; en perfekt kombination av s\u00e4kerhet, funktionalitet och stil. Kokande vatten f\u00f6r att brygga te, hett vatten f\u00f6r snabbsoppor eller varmt vatten f\u00f6r barnmat &#8211; allt f\u00e5r du snabbt och vid r\u00e4tt temperatur. 3000W effekt v\u00e4rmer vattnet till \u00f6nskad temperatur p\u00e5 n\u00e5gra sekunder. Denna [&hellip;]<\/p>\n","protected":false},"featured_media":122198,"comment_status":"open","ping_status":"closed","template":"","meta":{"_acf_changed":false,"_relevanssi_hide_post":"","_relevanssi_hide_content":"","_relevanssi_pin_for_all":"","_relevanssi_pin_keywords":"","_relevanssi_unpin_keywords":"","_relevanssi_related_keywords":"","_relevanssi_related_include_ids":"","_relevanssi_related_exclude_ids":"","_relevanssi_related_no_append":"","_relevanssi_related_not_related":"","_relevanssi_related_posts":"","_relevanssi_noindex_reason":""},"pwb-brand":[37500,37696],"product_brand":[],"product_cat":[37012,37035],"product_tag":[],"class_list":{"0":"post-122335","1":"product","2":"type-product","3":"status-publish","4":"has-post-thumbnail","6":"pwb-brand-rommelsbacher","7":"pwb-brand-rommelsbacher-sv","8":"product_cat-keittiokoneet","9":"product_cat-koksmaskiner","11":"first","12":"instock","13":"taxable","14":"shipping-taxable","15":"purchasable","16":"product-type-simple"},"acf":[],"yoast_head":"<!-- This site is optimized with the Yoast SEO plugin v27.5 - https:\/\/yoast.com\/product\/yoast-seo-wordpress\/ -->\n<title>Vattenkokare WK 3000 - Oy Noortrade Ab<\/title>\n<meta name=\"robots\" content=\"index, follow, max-snippet:-1, max-image-preview:large, max-video-preview:-1\" \/>\n<link rel=\"canonical\" href=\"https:\/\/shop.noor.fi\/produkt\/vedenkeitin-wk-3000\/\" \/>\n<meta property=\"og:locale\" content=\"sv_SE\" \/>\n<meta property=\"og:type\" content=\"article\" \/>\n<meta property=\"og:title\" content=\"Vattenkokare WK 3000 - Oy Noortrade Ab\" \/>\n<meta property=\"og:description\" content=\"Rommelsbacher WK 3000 \u00e4r en vackert designad vattenkokare av h\u00f6g kvalitet &#8211; en perfekt kombination av s\u00e4kerhet, funktionalitet och stil. Kokande vatten f\u00f6r att brygga te, hett vatten f\u00f6r snabbsoppor eller varmt vatten f\u00f6r barnmat &#8211; allt f\u00e5r du snabbt och vid r\u00e4tt temperatur. 3000W effekt v\u00e4rmer vattnet till \u00f6nskad temperatur p\u00e5 n\u00e5gra sekunder. Denna [&hellip;]\" \/>\n<meta property=\"og:url\" content=\"https:\/\/shop.noor.fi\/produkt\/vedenkeitin-wk-3000\/\" \/>\n<meta property=\"og:site_name\" content=\"Oy Noortrade Ab\" \/>\n<meta property=\"article:modified_time\" content=\"2026-05-05T12:02:45+00:00\" \/>\n<meta property=\"og:image\" content=\"https:\/\/shop.noor.fi\/wp-content\/uploads\/2024\/11\/4001797881007.jpg\" \/>\n\t<meta property=\"og:image:width\" content=\"1000\" \/>\n\t<meta property=\"og:image:height\" content=\"1000\" \/>\n\t<meta property=\"og:image:type\" content=\"image\/jpeg\" \/>\n<meta name=\"twitter:card\" content=\"summary_large_image\" \/>\n<meta name=\"twitter:label1\" content=\"Ber\u00e4knad l\u00e4stid\" \/>\n\t<meta name=\"twitter:data1\" content=\"2 minuter\" \/>\n<script type=\"application\/ld+json\" class=\"yoast-schema-graph\">{\"@context\":\"https:\\\/\\\/schema.org\",\"@graph\":[{\"@type\":\"WebPage\",\"@id\":\"https:\\\/\\\/shop.noor.fi\\\/produkt\\\/vedenkeitin-wk-3000\\\/\",\"url\":\"https:\\\/\\\/shop.noor.fi\\\/produkt\\\/vedenkeitin-wk-3000\\\/\",\"name\":\"Vattenkokare WK 3000 - Oy Noortrade Ab\",\"isPartOf\":{\"@id\":\"https:\\\/\\\/shopnoorfi-wp31835.test.cchosting.fi\\\/#website\"},\"primaryImageOfPage\":{\"@id\":\"https:\\\/\\\/shop.noor.fi\\\/produkt\\\/vedenkeitin-wk-3000\\\/#primaryimage\"},\"image\":{\"@id\":\"https:\\\/\\\/shop.noor.fi\\\/produkt\\\/vedenkeitin-wk-3000\\\/#primaryimage\"},\"thumbnailUrl\":\"https:\\\/\\\/shop.noor.fi\\\/wp-content\\\/uploads\\\/2024\\\/11\\\/4001797881007.jpg\",\"datePublished\":\"2024-11-27T13:59:22+00:00\",\"dateModified\":\"2026-05-05T12:02:45+00:00\",\"breadcrumb\":{\"@id\":\"https:\\\/\\\/shop.noor.fi\\\/produkt\\\/vedenkeitin-wk-3000\\\/#breadcrumb\"},\"inLanguage\":\"sv-SE\",\"potentialAction\":[{\"@type\":\"ReadAction\",\"target\":[\"https:\\\/\\\/shop.noor.fi\\\/produkt\\\/vedenkeitin-wk-3000\\\/\"]}]},{\"@type\":\"ImageObject\",\"inLanguage\":\"sv-SE\",\"@id\":\"https:\\\/\\\/shop.noor.fi\\\/produkt\\\/vedenkeitin-wk-3000\\\/#primaryimage\",\"url\":\"https:\\\/\\\/shop.noor.fi\\\/wp-content\\\/uploads\\\/2024\\\/11\\\/4001797881007.jpg\",\"contentUrl\":\"https:\\\/\\\/shop.noor.fi\\\/wp-content\\\/uploads\\\/2024\\\/11\\\/4001797881007.jpg\",\"width\":1000,\"height\":1000},{\"@type\":\"BreadcrumbList\",\"@id\":\"https:\\\/\\\/shop.noor.fi\\\/produkt\\\/vedenkeitin-wk-3000\\\/#breadcrumb\",\"itemListElement\":[{\"@type\":\"ListItem\",\"position\":1,\"name\":\"Etusivu\",\"item\":\"https:\\\/\\\/shop.noor.fi\\\/sv\\\/\"},{\"@type\":\"ListItem\",\"position\":2,\"name\":\"Butik\",\"item\":\"https:\\\/\\\/shopnoorfi-wp31835.test.cchosting.fi\\\/sv\\\/butik\\\/\"},{\"@type\":\"ListItem\",\"position\":3,\"name\":\"Vattenkokare WK 3000\"}]},{\"@type\":\"WebSite\",\"@id\":\"https:\\\/\\\/shopnoorfi-wp31835.test.cchosting.fi\\\/#website\",\"url\":\"https:\\\/\\\/shopnoorfi-wp31835.test.cchosting.fi\\\/\",\"name\":\"Oy Noortrade Ab\",\"description\":\"Finnish family owned company with over 30 years of professional experience in lighting &amp; interior products import and sales - reliably.\",\"publisher\":{\"@id\":\"https:\\\/\\\/shopnoorfi-wp31835.test.cchosting.fi\\\/#organization\"},\"potentialAction\":[{\"@type\":\"SearchAction\",\"target\":{\"@type\":\"EntryPoint\",\"urlTemplate\":\"https:\\\/\\\/shopnoorfi-wp31835.test.cchosting.fi\\\/?s={search_term_string}\"},\"query-input\":{\"@type\":\"PropertyValueSpecification\",\"valueRequired\":true,\"valueName\":\"search_term_string\"}}],\"inLanguage\":\"sv-SE\"},{\"@type\":\"Organization\",\"@id\":\"https:\\\/\\\/shopnoorfi-wp31835.test.cchosting.fi\\\/#organization\",\"name\":\"Oy Noortrade Ab\",\"url\":\"https:\\\/\\\/shopnoorfi-wp31835.test.cchosting.fi\\\/\",\"logo\":{\"@type\":\"ImageObject\",\"inLanguage\":\"sv-SE\",\"@id\":\"https:\\\/\\\/shopnoorfi-wp31835.test.cchosting.fi\\\/#\\\/schema\\\/logo\\\/image\\\/\",\"url\":\"https:\\\/\\\/shop.noor.fi\\\/wp-content\\\/uploads\\\/2024\\\/01\\\/Oy-Noortrade-Ab-Corbel-VERSAL-bold-BLACK.png\",\"contentUrl\":\"https:\\\/\\\/shop.noor.fi\\\/wp-content\\\/uploads\\\/2024\\\/01\\\/Oy-Noortrade-Ab-Corbel-VERSAL-bold-BLACK.png\",\"width\":721,\"height\":177,\"caption\":\"Oy Noortrade Ab\"},\"image\":{\"@id\":\"https:\\\/\\\/shopnoorfi-wp31835.test.cchosting.fi\\\/#\\\/schema\\\/logo\\\/image\\\/\"}}]}<\/script>\n<!-- \/ Yoast SEO plugin. -->","yoast_head_json":{"title":"Vattenkokare WK 3000 - Oy Noortrade Ab","robots":{"index":"index","follow":"follow","max-snippet":"max-snippet:-1","max-image-preview":"max-image-preview:large","max-video-preview":"max-video-preview:-1"},"canonical":"https:\/\/shop.noor.fi\/produkt\/vedenkeitin-wk-3000\/","og_locale":"sv_SE","og_type":"article","og_title":"Vattenkokare WK 3000 - Oy Noortrade Ab","og_description":"Rommelsbacher WK 3000 \u00e4r en vackert designad vattenkokare av h\u00f6g kvalitet &#8211; en perfekt kombination av s\u00e4kerhet, funktionalitet och stil. Kokande vatten f\u00f6r att brygga te, hett vatten f\u00f6r snabbsoppor eller varmt vatten f\u00f6r barnmat &#8211; allt f\u00e5r du snabbt och vid r\u00e4tt temperatur. 3000W effekt v\u00e4rmer vattnet till \u00f6nskad temperatur p\u00e5 n\u00e5gra sekunder. Denna [&hellip;]","og_url":"https:\/\/shop.noor.fi\/produkt\/vedenkeitin-wk-3000\/","og_site_name":"Oy Noortrade Ab","article_modified_time":"2026-05-05T12:02:45+00:00","og_image":[{"width":1000,"height":1000,"url":"https:\/\/shop.noor.fi\/wp-content\/uploads\/2024\/11\/4001797881007.jpg","type":"image\/jpeg"}],"twitter_card":"summary_large_image","twitter_misc":{"Ber\u00e4knad l\u00e4stid":"2 minuter"},"schema":{"@context":"https:\/\/schema.org","@graph":[{"@type":"WebPage","@id":"https:\/\/shop.noor.fi\/produkt\/vedenkeitin-wk-3000\/","url":"https:\/\/shop.noor.fi\/produkt\/vedenkeitin-wk-3000\/","name":"Vattenkokare WK 3000 - Oy Noortrade Ab","isPartOf":{"@id":"https:\/\/shopnoorfi-wp31835.test.cchosting.fi\/#website"},"primaryImageOfPage":{"@id":"https:\/\/shop.noor.fi\/produkt\/vedenkeitin-wk-3000\/#primaryimage"},"image":{"@id":"https:\/\/shop.noor.fi\/produkt\/vedenkeitin-wk-3000\/#primaryimage"},"thumbnailUrl":"https:\/\/shop.noor.fi\/wp-content\/uploads\/2024\/11\/4001797881007.jpg","datePublished":"2024-11-27T13:59:22+00:00","dateModified":"2026-05-05T12:02:45+00:00","breadcrumb":{"@id":"https:\/\/shop.noor.fi\/produkt\/vedenkeitin-wk-3000\/#breadcrumb"},"inLanguage":"sv-SE","potentialAction":[{"@type":"ReadAction","target":["https:\/\/shop.noor.fi\/produkt\/vedenkeitin-wk-3000\/"]}]},{"@type":"ImageObject","inLanguage":"sv-SE","@id":"https:\/\/shop.noor.fi\/produkt\/vedenkeitin-wk-3000\/#primaryimage","url":"https:\/\/shop.noor.fi\/wp-content\/uploads\/2024\/11\/4001797881007.jpg","contentUrl":"https:\/\/shop.noor.fi\/wp-content\/uploads\/2024\/11\/4001797881007.jpg","width":1000,"height":1000},{"@type":"BreadcrumbList","@id":"https:\/\/shop.noor.fi\/produkt\/vedenkeitin-wk-3000\/#breadcrumb","itemListElement":[{"@type":"ListItem","position":1,"name":"Etusivu","item":"https:\/\/shop.noor.fi\/sv\/"},{"@type":"ListItem","position":2,"name":"Butik","item":"https:\/\/shopnoorfi-wp31835.test.cchosting.fi\/sv\/butik\/"},{"@type":"ListItem","position":3,"name":"Vattenkokare WK 3000"}]},{"@type":"WebSite","@id":"https:\/\/shopnoorfi-wp31835.test.cchosting.fi\/#website","url":"https:\/\/shopnoorfi-wp31835.test.cchosting.fi\/","name":"Oy Noortrade Ab","description":"Finnish family owned company with over 30 years of professional experience in lighting &amp; interior products import and sales - reliably.","publisher":{"@id":"https:\/\/shopnoorfi-wp31835.test.cchosting.fi\/#organization"},"potentialAction":[{"@type":"SearchAction","target":{"@type":"EntryPoint","urlTemplate":"https:\/\/shopnoorfi-wp31835.test.cchosting.fi\/?s={search_term_string}"},"query-input":{"@type":"PropertyValueSpecification","valueRequired":true,"valueName":"search_term_string"}}],"inLanguage":"sv-SE"},{"@type":"Organization","@id":"https:\/\/shopnoorfi-wp31835.test.cchosting.fi\/#organization","name":"Oy Noortrade Ab","url":"https:\/\/shopnoorfi-wp31835.test.cchosting.fi\/","logo":{"@type":"ImageObject","inLanguage":"sv-SE","@id":"https:\/\/shopnoorfi-wp31835.test.cchosting.fi\/#\/schema\/logo\/image\/","url":"https:\/\/shop.noor.fi\/wp-content\/uploads\/2024\/01\/Oy-Noortrade-Ab-Corbel-VERSAL-bold-BLACK.png","contentUrl":"https:\/\/shop.noor.fi\/wp-content\/uploads\/2024\/01\/Oy-Noortrade-Ab-Corbel-VERSAL-bold-BLACK.png","width":721,"height":177,"caption":"Oy Noortrade Ab"},"image":{"@id":"https:\/\/shopnoorfi-wp31835.test.cchosting.fi\/#\/schema\/logo\/image\/"}}]}},"brands":[{"id":37500,"name":"Rommelsbacher","slug":"rommelsbacher"},{"id":37696,"name":"Rommelsbacher","slug":"rommelsbacher-sv"}],"_links":{"self":[{"href":"https:\/\/shop.noor.fi\/sv\/wp-json\/wp\/v2\/product\/122335","targetHints":{"allow":["GET"]}}],"collection":[{"href":"https:\/\/shop.noor.fi\/sv\/wp-json\/wp\/v2\/product"}],"about":[{"href":"https:\/\/shop.noor.fi\/sv\/wp-json\/wp\/v2\/types\/product"}],"replies":[{"embeddable":true,"href":"https:\/\/shop.noor.fi\/sv\/wp-json\/wp\/v2\/comments?post=122335"}],"wp:featuredmedia":[{"embeddable":true,"href":"https:\/\/shop.noor.fi\/sv\/wp-json\/wp\/v2\/media\/122198"}],"wp:attachment":[{"href":"https:\/\/shop.noor.fi\/sv\/wp-json\/wp\/v2\/media?parent=122335"}],"wp:term":[{"taxonomy":"pwb-brand","embeddable":true,"href":"https:\/\/shop.noor.fi\/sv\/wp-json\/wp\/v2\/pwb-brand?post=122335"},{"taxonomy":"product_brand","embeddable":true,"href":"https:\/\/shop.noor.fi\/sv\/wp-json\/wp\/v2\/product_brand?post=122335"},{"taxonomy":"product_cat","embeddable":true,"href":"https:\/\/shop.noor.fi\/sv\/wp-json\/wp\/v2\/product_cat?post=122335"},{"taxonomy":"product_tag","embeddable":true,"href":"https:\/\/shop.noor.fi\/sv\/wp-json\/wp\/v2\/product_tag?post=122335"}],"curies":[{"name":"wp","href":"https:\/\/api.w.org\/{rel}","templated":true}]}}