{"id":122321,"date":"2024-11-27T13:51:41","date_gmt":"2024-11-27T11:51:41","guid":{"rendered":"https:\/\/shop.noor.fi\/product\/vakuumforpackare-vac-285\/"},"modified":"2026-02-27T09:20:57","modified_gmt":"2026-02-27T07:20:57","slug":"vakuumforpackare-vac-285","status":"publish","type":"product","link":"https:\/\/shop.noor.fi\/sv\/produkt\/vakuumforpackare-vac-285\/","title":{"rendered":"Vakuumf\u00f6rpackare VAC 285"},"content":{"rendered":"<p>Rommelsbacher VAC 285 \u00e4r en h\u00f6gkvalitativ vakuumf\u00f6rpackare. Det stora handtaget m\u00f6jligg\u00f6r bekv\u00e4m enhandsanv\u00e4ndning &#8211; apparaten kan enkelt \u00f6ppnas och st\u00e4ngas s\u00e4kert. Den effektiva pumpen suger upp till 97 % av luften fr\u00e5n vakuump\u00e5sarna och f\u00f6rseglar p\u00e5sarna sedan helt automatiskt med en t\u00e4t s\u00f6m i endast ett arbetssteg. Med tv\u00e5 justerbara vakuumf\u00f6rpackningstider kan proceduren anpassas individuellt till mat som ska bearbetas. F\u00f6r s\u00e4rskilt tryckk\u00e4nslig mat finns en manuell vakuumf\u00f6rpackning och f\u00f6rseglingsfunktion tillg\u00e4nglig. Det upplysta kontrollf\u00f6nstret \u00e4r s\u00e4rskilt praktiskt eftersom man l\u00e4tt kan kontrollera att p\u00e5sen ligger r\u00e4tt.<br \/>\nMed funktionen &#8221;Beh\u00e4lter vakuumieren&#8221; (vakuumpackning i beh\u00e5llare), kan \u00e4ven tryckk\u00e4nsliga eller flytande livsmedel vakuumf\u00f6rpackas i speciella vakuumf\u00f6rslutande beh\u00e5llare och kan d\u00e4rmed h\u00e5llas fr\u00e4scha l\u00e4nge.<br \/>\nVakuumf\u00f6rpackning f\u00f6rl\u00e4nger h\u00e5llbarheten f\u00f6r livsmedel upp till tre till fem g\u00e5nger &#8211; d\u00e4rf\u00f6r b\u00f6r denna praktiska apparat finnas i varje hush\u00e5ll!<br \/>\nDu kan ocks\u00e5 anv\u00e4nda apparaten f\u00f6r Sous Vide matlagning.<\/p>\n<p>H\u00f6lje av h\u00f6gkvalitativt l\u00e4ttsk\u00f6tt plastmaterial<br \/>\nSmidigt enhandsbruk \u2013 effektiv och s\u00e4ker<br \/>\nL\u00e4mplig f\u00f6r l\u00e5ngtidsdrift utan pauser<br \/>\nEffektiv kolvpump, ca. 9 l\/min.<br \/>\nHelautomatisk vakuumf\u00f6rpackning i ett steg, 2 justerbara tider<br \/>\n\u00c4ven manuell vakuumf\u00f6rpackning m\u00f6jlig<br \/>\nT\u00e4ta s\u00f6mmar, tjocklek 2,5 mm<br \/>\nF\u00f6r p\u00e5sar upp till 30 cm bredd och f\u00f6r vakuumf\u00f6rpackning med beh\u00e5llare<br \/>\nSlangkoppling, f\u00f6r vakuumf\u00f6rpackning i beh\u00e5llare<br \/>\nElektronisk temperatur\u00f6vervakning av s\u00f6mmen<br \/>\nKontrollf\u00f6nster, statusvisning av arbetsprocess<br \/>\n4 stabila gummif\u00f6tter<br \/>\nInklusive 10 st vakuump\u00e5sar (5 stycken 22 x 30 cm och 5 stycken 28 x 35 cm), sk\u00e4rare, vakuumslang<br \/>\nEtt luftsug p\u00e5 97 % h\u00e5ller maten fr\u00e4sch upp till 5 g\u00e5nger l\u00e4ngre<br \/>\nF\u00f6r dagligt bruk i sm\u00e5 och stora hush\u00e5ll<br \/>\nF\u00f6r sportfiskare och j\u00e4gare, f\u00f6r semiprofessionellt gastronomibruk<br \/>\nV\u00e4l l\u00e4mpad f\u00f6r sous vide -matlagning<\/p>\n","protected":false},"excerpt":{"rendered":"<p>Rommelsbacher VAC 285 \u00e4r en h\u00f6gkvalitativ vakuumf\u00f6rpackare. Det stora handtaget m\u00f6jligg\u00f6r bekv\u00e4m enhandsanv\u00e4ndning &#8211; apparaten kan enkelt \u00f6ppnas och st\u00e4ngas s\u00e4kert. Den effektiva pumpen suger upp till 97 % av luften fr\u00e5n vakuump\u00e5sarna och f\u00f6rseglar p\u00e5sarna sedan helt automatiskt med en t\u00e4t s\u00f6m i endast ett arbetssteg. Med tv\u00e5 justerbara vakuumf\u00f6rpackningstider kan proceduren anpassas individuellt [&hellip;]<\/p>\n","protected":false},"featured_media":122210,"comment_status":"open","ping_status":"closed","template":"","meta":{"_acf_changed":false,"_relevanssi_hide_post":"","_relevanssi_hide_content":"","_relevanssi_pin_for_all":"","_relevanssi_pin_keywords":"","_relevanssi_unpin_keywords":"","_relevanssi_related_keywords":"","_relevanssi_related_include_ids":"","_relevanssi_related_exclude_ids":"","_relevanssi_related_no_append":"","_relevanssi_related_not_related":"","_relevanssi_related_posts":"","_relevanssi_noindex_reason":""},"pwb-brand":[37500,37696],"product_brand":[],"product_cat":[37012,37035],"product_tag":[],"class_list":{"0":"post-122321","1":"product","2":"type-product","3":"status-publish","4":"has-post-thumbnail","6":"pwb-brand-rommelsbacher","7":"pwb-brand-rommelsbacher-sv","8":"product_cat-keittiokoneet","9":"product_cat-koksmaskiner","11":"first","12":"instock","13":"taxable","14":"shipping-taxable","15":"purchasable","16":"product-type-simple"},"acf":[],"yoast_head":"<!-- This site is optimized with the Yoast SEO plugin v27.5 - https:\/\/yoast.com\/product\/yoast-seo-wordpress\/ -->\n<title>Vakuumf\u00f6rpackare VAC 285 - Oy Noortrade Ab<\/title>\n<meta name=\"robots\" content=\"index, follow, max-snippet:-1, max-image-preview:large, max-video-preview:-1\" \/>\n<link rel=\"canonical\" href=\"https:\/\/shop.noor.fi\/produkt\/tyhjiopakkauslaite-vac-285\/\" \/>\n<meta property=\"og:locale\" content=\"sv_SE\" \/>\n<meta property=\"og:type\" content=\"article\" \/>\n<meta property=\"og:title\" content=\"Vakuumf\u00f6rpackare VAC 285 - Oy Noortrade Ab\" \/>\n<meta property=\"og:description\" content=\"Rommelsbacher VAC 285 \u00e4r en h\u00f6gkvalitativ vakuumf\u00f6rpackare. Det stora handtaget m\u00f6jligg\u00f6r bekv\u00e4m enhandsanv\u00e4ndning &#8211; apparaten kan enkelt \u00f6ppnas och st\u00e4ngas s\u00e4kert. Den effektiva pumpen suger upp till 97 % av luften fr\u00e5n vakuump\u00e5sarna och f\u00f6rseglar p\u00e5sarna sedan helt automatiskt med en t\u00e4t s\u00f6m i endast ett arbetssteg. Med tv\u00e5 justerbara vakuumf\u00f6rpackningstider kan proceduren anpassas individuellt [&hellip;]\" \/>\n<meta property=\"og:url\" content=\"https:\/\/shop.noor.fi\/produkt\/tyhjiopakkauslaite-vac-285\/\" \/>\n<meta property=\"og:site_name\" content=\"Oy Noortrade Ab\" \/>\n<meta property=\"article:modified_time\" content=\"2026-02-27T07:20:57+00:00\" \/>\n<meta property=\"og:image\" content=\"https:\/\/shop.noor.fi\/wp-content\/uploads\/2024\/11\/4001797821102.jpg\" \/>\n\t<meta property=\"og:image:width\" content=\"1000\" \/>\n\t<meta property=\"og:image:height\" content=\"1000\" \/>\n\t<meta property=\"og:image:type\" content=\"image\/jpeg\" \/>\n<meta name=\"twitter:card\" content=\"summary_large_image\" \/>\n<meta name=\"twitter:label1\" content=\"Ber\u00e4knad l\u00e4stid\" \/>\n\t<meta name=\"twitter:data1\" content=\"2 minuter\" \/>\n<script type=\"application\/ld+json\" class=\"yoast-schema-graph\">{\"@context\":\"https:\\\/\\\/schema.org\",\"@graph\":[{\"@type\":\"WebPage\",\"@id\":\"https:\\\/\\\/shop.noor.fi\\\/produkt\\\/tyhjiopakkauslaite-vac-285\\\/\",\"url\":\"https:\\\/\\\/shop.noor.fi\\\/produkt\\\/tyhjiopakkauslaite-vac-285\\\/\",\"name\":\"Vakuumf\u00f6rpackare VAC 285 - Oy Noortrade Ab\",\"isPartOf\":{\"@id\":\"https:\\\/\\\/shopnoorfi-wp31835.test.cchosting.fi\\\/#website\"},\"primaryImageOfPage\":{\"@id\":\"https:\\\/\\\/shop.noor.fi\\\/produkt\\\/tyhjiopakkauslaite-vac-285\\\/#primaryimage\"},\"image\":{\"@id\":\"https:\\\/\\\/shop.noor.fi\\\/produkt\\\/tyhjiopakkauslaite-vac-285\\\/#primaryimage\"},\"thumbnailUrl\":\"https:\\\/\\\/shop.noor.fi\\\/wp-content\\\/uploads\\\/2024\\\/11\\\/4001797821102.jpg\",\"datePublished\":\"2024-11-27T11:51:41+00:00\",\"dateModified\":\"2026-02-27T07:20:57+00:00\",\"breadcrumb\":{\"@id\":\"https:\\\/\\\/shop.noor.fi\\\/produkt\\\/tyhjiopakkauslaite-vac-285\\\/#breadcrumb\"},\"inLanguage\":\"sv-SE\",\"potentialAction\":[{\"@type\":\"ReadAction\",\"target\":[\"https:\\\/\\\/shop.noor.fi\\\/produkt\\\/tyhjiopakkauslaite-vac-285\\\/\"]}]},{\"@type\":\"ImageObject\",\"inLanguage\":\"sv-SE\",\"@id\":\"https:\\\/\\\/shop.noor.fi\\\/produkt\\\/tyhjiopakkauslaite-vac-285\\\/#primaryimage\",\"url\":\"https:\\\/\\\/shop.noor.fi\\\/wp-content\\\/uploads\\\/2024\\\/11\\\/4001797821102.jpg\",\"contentUrl\":\"https:\\\/\\\/shop.noor.fi\\\/wp-content\\\/uploads\\\/2024\\\/11\\\/4001797821102.jpg\",\"width\":1000,\"height\":1000},{\"@type\":\"BreadcrumbList\",\"@id\":\"https:\\\/\\\/shop.noor.fi\\\/produkt\\\/tyhjiopakkauslaite-vac-285\\\/#breadcrumb\",\"itemListElement\":[{\"@type\":\"ListItem\",\"position\":1,\"name\":\"Etusivu\",\"item\":\"https:\\\/\\\/shop.noor.fi\\\/sv\\\/\"},{\"@type\":\"ListItem\",\"position\":2,\"name\":\"Butik\",\"item\":\"https:\\\/\\\/shopnoorfi-wp31835.test.cchosting.fi\\\/sv\\\/butik\\\/\"},{\"@type\":\"ListItem\",\"position\":3,\"name\":\"Vakuumf\u00f6rpackare VAC 285\"}]},{\"@type\":\"WebSite\",\"@id\":\"https:\\\/\\\/shopnoorfi-wp31835.test.cchosting.fi\\\/#website\",\"url\":\"https:\\\/\\\/shopnoorfi-wp31835.test.cchosting.fi\\\/\",\"name\":\"Oy Noortrade Ab\",\"description\":\"Finnish family owned company with over 30 years of professional experience in lighting &amp; interior products import and sales - reliably.\",\"publisher\":{\"@id\":\"https:\\\/\\\/shopnoorfi-wp31835.test.cchosting.fi\\\/#organization\"},\"potentialAction\":[{\"@type\":\"SearchAction\",\"target\":{\"@type\":\"EntryPoint\",\"urlTemplate\":\"https:\\\/\\\/shopnoorfi-wp31835.test.cchosting.fi\\\/?s={search_term_string}\"},\"query-input\":{\"@type\":\"PropertyValueSpecification\",\"valueRequired\":true,\"valueName\":\"search_term_string\"}}],\"inLanguage\":\"sv-SE\"},{\"@type\":\"Organization\",\"@id\":\"https:\\\/\\\/shopnoorfi-wp31835.test.cchosting.fi\\\/#organization\",\"name\":\"Oy Noortrade Ab\",\"url\":\"https:\\\/\\\/shopnoorfi-wp31835.test.cchosting.fi\\\/\",\"logo\":{\"@type\":\"ImageObject\",\"inLanguage\":\"sv-SE\",\"@id\":\"https:\\\/\\\/shopnoorfi-wp31835.test.cchosting.fi\\\/#\\\/schema\\\/logo\\\/image\\\/\",\"url\":\"https:\\\/\\\/shop.noor.fi\\\/wp-content\\\/uploads\\\/2024\\\/01\\\/Oy-Noortrade-Ab-Corbel-VERSAL-bold-BLACK.png\",\"contentUrl\":\"https:\\\/\\\/shop.noor.fi\\\/wp-content\\\/uploads\\\/2024\\\/01\\\/Oy-Noortrade-Ab-Corbel-VERSAL-bold-BLACK.png\",\"width\":721,\"height\":177,\"caption\":\"Oy Noortrade Ab\"},\"image\":{\"@id\":\"https:\\\/\\\/shopnoorfi-wp31835.test.cchosting.fi\\\/#\\\/schema\\\/logo\\\/image\\\/\"}}]}<\/script>\n<!-- \/ Yoast SEO plugin. -->","yoast_head_json":{"title":"Vakuumf\u00f6rpackare VAC 285 - Oy Noortrade Ab","robots":{"index":"index","follow":"follow","max-snippet":"max-snippet:-1","max-image-preview":"max-image-preview:large","max-video-preview":"max-video-preview:-1"},"canonical":"https:\/\/shop.noor.fi\/produkt\/tyhjiopakkauslaite-vac-285\/","og_locale":"sv_SE","og_type":"article","og_title":"Vakuumf\u00f6rpackare VAC 285 - Oy Noortrade Ab","og_description":"Rommelsbacher VAC 285 \u00e4r en h\u00f6gkvalitativ vakuumf\u00f6rpackare. Det stora handtaget m\u00f6jligg\u00f6r bekv\u00e4m enhandsanv\u00e4ndning &#8211; apparaten kan enkelt \u00f6ppnas och st\u00e4ngas s\u00e4kert. Den effektiva pumpen suger upp till 97 % av luften fr\u00e5n vakuump\u00e5sarna och f\u00f6rseglar p\u00e5sarna sedan helt automatiskt med en t\u00e4t s\u00f6m i endast ett arbetssteg. Med tv\u00e5 justerbara vakuumf\u00f6rpackningstider kan proceduren anpassas individuellt [&hellip;]","og_url":"https:\/\/shop.noor.fi\/produkt\/tyhjiopakkauslaite-vac-285\/","og_site_name":"Oy Noortrade Ab","article_modified_time":"2026-02-27T07:20:57+00:00","og_image":[{"width":1000,"height":1000,"url":"https:\/\/shop.noor.fi\/wp-content\/uploads\/2024\/11\/4001797821102.jpg","type":"image\/jpeg"}],"twitter_card":"summary_large_image","twitter_misc":{"Ber\u00e4knad l\u00e4stid":"2 minuter"},"schema":{"@context":"https:\/\/schema.org","@graph":[{"@type":"WebPage","@id":"https:\/\/shop.noor.fi\/produkt\/tyhjiopakkauslaite-vac-285\/","url":"https:\/\/shop.noor.fi\/produkt\/tyhjiopakkauslaite-vac-285\/","name":"Vakuumf\u00f6rpackare VAC 285 - Oy Noortrade Ab","isPartOf":{"@id":"https:\/\/shopnoorfi-wp31835.test.cchosting.fi\/#website"},"primaryImageOfPage":{"@id":"https:\/\/shop.noor.fi\/produkt\/tyhjiopakkauslaite-vac-285\/#primaryimage"},"image":{"@id":"https:\/\/shop.noor.fi\/produkt\/tyhjiopakkauslaite-vac-285\/#primaryimage"},"thumbnailUrl":"https:\/\/shop.noor.fi\/wp-content\/uploads\/2024\/11\/4001797821102.jpg","datePublished":"2024-11-27T11:51:41+00:00","dateModified":"2026-02-27T07:20:57+00:00","breadcrumb":{"@id":"https:\/\/shop.noor.fi\/produkt\/tyhjiopakkauslaite-vac-285\/#breadcrumb"},"inLanguage":"sv-SE","potentialAction":[{"@type":"ReadAction","target":["https:\/\/shop.noor.fi\/produkt\/tyhjiopakkauslaite-vac-285\/"]}]},{"@type":"ImageObject","inLanguage":"sv-SE","@id":"https:\/\/shop.noor.fi\/produkt\/tyhjiopakkauslaite-vac-285\/#primaryimage","url":"https:\/\/shop.noor.fi\/wp-content\/uploads\/2024\/11\/4001797821102.jpg","contentUrl":"https:\/\/shop.noor.fi\/wp-content\/uploads\/2024\/11\/4001797821102.jpg","width":1000,"height":1000},{"@type":"BreadcrumbList","@id":"https:\/\/shop.noor.fi\/produkt\/tyhjiopakkauslaite-vac-285\/#breadcrumb","itemListElement":[{"@type":"ListItem","position":1,"name":"Etusivu","item":"https:\/\/shop.noor.fi\/sv\/"},{"@type":"ListItem","position":2,"name":"Butik","item":"https:\/\/shopnoorfi-wp31835.test.cchosting.fi\/sv\/butik\/"},{"@type":"ListItem","position":3,"name":"Vakuumf\u00f6rpackare VAC 285"}]},{"@type":"WebSite","@id":"https:\/\/shopnoorfi-wp31835.test.cchosting.fi\/#website","url":"https:\/\/shopnoorfi-wp31835.test.cchosting.fi\/","name":"Oy Noortrade Ab","description":"Finnish family owned company with over 30 years of professional experience in lighting &amp; interior products import and sales - reliably.","publisher":{"@id":"https:\/\/shopnoorfi-wp31835.test.cchosting.fi\/#organization"},"potentialAction":[{"@type":"SearchAction","target":{"@type":"EntryPoint","urlTemplate":"https:\/\/shopnoorfi-wp31835.test.cchosting.fi\/?s={search_term_string}"},"query-input":{"@type":"PropertyValueSpecification","valueRequired":true,"valueName":"search_term_string"}}],"inLanguage":"sv-SE"},{"@type":"Organization","@id":"https:\/\/shopnoorfi-wp31835.test.cchosting.fi\/#organization","name":"Oy Noortrade Ab","url":"https:\/\/shopnoorfi-wp31835.test.cchosting.fi\/","logo":{"@type":"ImageObject","inLanguage":"sv-SE","@id":"https:\/\/shopnoorfi-wp31835.test.cchosting.fi\/#\/schema\/logo\/image\/","url":"https:\/\/shop.noor.fi\/wp-content\/uploads\/2024\/01\/Oy-Noortrade-Ab-Corbel-VERSAL-bold-BLACK.png","contentUrl":"https:\/\/shop.noor.fi\/wp-content\/uploads\/2024\/01\/Oy-Noortrade-Ab-Corbel-VERSAL-bold-BLACK.png","width":721,"height":177,"caption":"Oy Noortrade Ab"},"image":{"@id":"https:\/\/shopnoorfi-wp31835.test.cchosting.fi\/#\/schema\/logo\/image\/"}}]}},"brands":[{"id":37500,"name":"Rommelsbacher","slug":"rommelsbacher"},{"id":37696,"name":"Rommelsbacher","slug":"rommelsbacher-sv"}],"_links":{"self":[{"href":"https:\/\/shop.noor.fi\/sv\/wp-json\/wp\/v2\/product\/122321","targetHints":{"allow":["GET"]}}],"collection":[{"href":"https:\/\/shop.noor.fi\/sv\/wp-json\/wp\/v2\/product"}],"about":[{"href":"https:\/\/shop.noor.fi\/sv\/wp-json\/wp\/v2\/types\/product"}],"replies":[{"embeddable":true,"href":"https:\/\/shop.noor.fi\/sv\/wp-json\/wp\/v2\/comments?post=122321"}],"wp:featuredmedia":[{"embeddable":true,"href":"https:\/\/shop.noor.fi\/sv\/wp-json\/wp\/v2\/media\/122210"}],"wp:attachment":[{"href":"https:\/\/shop.noor.fi\/sv\/wp-json\/wp\/v2\/media?parent=122321"}],"wp:term":[{"taxonomy":"pwb-brand","embeddable":true,"href":"https:\/\/shop.noor.fi\/sv\/wp-json\/wp\/v2\/pwb-brand?post=122321"},{"taxonomy":"product_brand","embeddable":true,"href":"https:\/\/shop.noor.fi\/sv\/wp-json\/wp\/v2\/product_brand?post=122321"},{"taxonomy":"product_cat","embeddable":true,"href":"https:\/\/shop.noor.fi\/sv\/wp-json\/wp\/v2\/product_cat?post=122321"},{"taxonomy":"product_tag","embeddable":true,"href":"https:\/\/shop.noor.fi\/sv\/wp-json\/wp\/v2\/product_tag?post=122321"}],"curies":[{"name":"wp","href":"https:\/\/api.w.org\/{rel}","templated":true}]}}