{"id":122319,"date":"2024-11-27T13:51:26","date_gmt":"2024-11-27T11:51:26","guid":{"rendered":"https:\/\/shop.noor.fi\/product\/vaffeljarn-wa-850\/"},"modified":"2026-02-27T09:22:08","modified_gmt":"2026-02-27T07:22:08","slug":"vaffeljarn-wa-850","status":"publish","type":"product","link":"https:\/\/shop.noor.fi\/sv\/produkt\/vaffeljarn-wa-850\/","title":{"rendered":"V\u00e5ffelj\u00e4rn WA 850"},"content":{"rendered":"<p>Rommelsbacher WA 850 v\u00e5ffelj\u00e4rn g\u00f6r det mycket enkelt att gr\u00e4dda b\u00e5de s\u00f6ta och salta v\u00e5fflor. Enheten har en stegl\u00f6st justerbar gr\u00e4ddningsgrad och indikatorlampa som hj\u00e4lper till med r\u00e4tt timing.<br \/>\nGod drifts\u00e4kerhet s\u00e4kerst\u00e4lls av det v\u00e4rmeisolerade handtaget och det integrerade \u00f6verhettningsskyddet. Den h\u00f6gkvalitativa non-stick-bel\u00e4ggningen g\u00f6r det enkelt att ta ut v\u00e5fflorna och s\u00e4kerst\u00e4ller ocks\u00e5 enkel reng\u00f6ring.<br \/>\nApparaten kan f\u00f6rvaras uppr\u00e4tt i k\u00f6kssk\u00e5pet f\u00f6r att spara utrymme.<\/p>\n<p>V\u00e4rmeisolerat h\u00f6lje av h\u00f6gkvalitativt l\u00e4ttsk\u00f6tt syntetmaterial<br \/>\nSolida v\u00e4rmeplattor av pressgjuten aluminium<br \/>\n2-lagers non-stick bel\u00e4ggning Xylan\u00ae Plus<br \/>\n1 v\u00e4rmeplatta 17,5 cm \u00d8, f\u00f6r 5 v\u00e5ffelhj\u00e4rtan<br \/>\nStegl\u00f6s temperaturreglering<br \/>\n2 indikatorlampor<br \/>\nFlexibelt g\u00e5ngj\u00e4rn f\u00f6r h\u00f6jdjustering<br \/>\nV\u00e4rmeisolerat handtag, \u00f6verhettningsskydd<\/p>\n","protected":false},"excerpt":{"rendered":"<p>Rommelsbacher WA 850 v\u00e5ffelj\u00e4rn g\u00f6r det mycket enkelt att gr\u00e4dda b\u00e5de s\u00f6ta och salta v\u00e5fflor. Enheten har en stegl\u00f6st justerbar gr\u00e4ddningsgrad och indikatorlampa som hj\u00e4lper till med r\u00e4tt timing. God drifts\u00e4kerhet s\u00e4kerst\u00e4lls av det v\u00e4rmeisolerade handtaget och det integrerade \u00f6verhettningsskyddet. Den h\u00f6gkvalitativa non-stick-bel\u00e4ggningen g\u00f6r det enkelt att ta ut v\u00e5fflorna och s\u00e4kerst\u00e4ller ocks\u00e5 enkel reng\u00f6ring. [&hellip;]<\/p>\n","protected":false},"featured_media":121768,"comment_status":"open","ping_status":"closed","template":"","meta":{"_acf_changed":false,"_relevanssi_hide_post":"","_relevanssi_hide_content":"","_relevanssi_pin_for_all":"","_relevanssi_pin_keywords":"","_relevanssi_unpin_keywords":"","_relevanssi_related_keywords":"","_relevanssi_related_include_ids":"","_relevanssi_related_exclude_ids":"","_relevanssi_related_no_append":"","_relevanssi_related_not_related":"","_relevanssi_related_posts":"","_relevanssi_noindex_reason":""},"pwb-brand":[37500,37696],"product_brand":[],"product_cat":[37012,37035],"product_tag":[],"class_list":{"0":"post-122319","1":"product","2":"type-product","3":"status-publish","4":"has-post-thumbnail","6":"pwb-brand-rommelsbacher","7":"pwb-brand-rommelsbacher-sv","8":"product_cat-keittiokoneet","9":"product_cat-koksmaskiner","11":"first","12":"instock","13":"taxable","14":"shipping-taxable","15":"purchasable","16":"product-type-simple"},"acf":[],"yoast_head":"<!-- This site is optimized with the Yoast SEO plugin v27.5 - https:\/\/yoast.com\/product\/yoast-seo-wordpress\/ -->\n<title>V\u00e5ffelj\u00e4rn WA 850 - Oy Noortrade Ab<\/title>\n<meta name=\"robots\" content=\"index, follow, max-snippet:-1, max-image-preview:large, max-video-preview:-1\" \/>\n<link rel=\"canonical\" href=\"https:\/\/shop.noor.fi\/produkt\/vohvelirauta-wa-850\/\" \/>\n<meta property=\"og:locale\" content=\"sv_SE\" \/>\n<meta property=\"og:type\" content=\"article\" \/>\n<meta property=\"og:title\" content=\"V\u00e5ffelj\u00e4rn WA 850 - Oy Noortrade Ab\" \/>\n<meta property=\"og:description\" content=\"Rommelsbacher WA 850 v\u00e5ffelj\u00e4rn g\u00f6r det mycket enkelt att gr\u00e4dda b\u00e5de s\u00f6ta och salta v\u00e5fflor. Enheten har en stegl\u00f6st justerbar gr\u00e4ddningsgrad och indikatorlampa som hj\u00e4lper till med r\u00e4tt timing. God drifts\u00e4kerhet s\u00e4kerst\u00e4lls av det v\u00e4rmeisolerade handtaget och det integrerade \u00f6verhettningsskyddet. Den h\u00f6gkvalitativa non-stick-bel\u00e4ggningen g\u00f6r det enkelt att ta ut v\u00e5fflorna och s\u00e4kerst\u00e4ller ocks\u00e5 enkel reng\u00f6ring. [&hellip;]\" \/>\n<meta property=\"og:url\" content=\"https:\/\/shop.noor.fi\/produkt\/vohvelirauta-wa-850\/\" \/>\n<meta property=\"og:site_name\" content=\"Oy Noortrade Ab\" \/>\n<meta property=\"article:modified_time\" content=\"2026-02-27T07:22:08+00:00\" \/>\n<meta property=\"og:image\" content=\"https:\/\/shop.noor.fi\/wp-content\/uploads\/2024\/11\/40017997831026.jpg\" \/>\n\t<meta property=\"og:image:width\" content=\"1000\" \/>\n\t<meta property=\"og:image:height\" content=\"1000\" \/>\n\t<meta property=\"og:image:type\" content=\"image\/jpeg\" \/>\n<meta name=\"twitter:card\" content=\"summary_large_image\" \/>\n<meta name=\"twitter:label1\" content=\"Ber\u00e4knad l\u00e4stid\" \/>\n\t<meta name=\"twitter:data1\" content=\"1 minut\" \/>\n<script type=\"application\/ld+json\" class=\"yoast-schema-graph\">{\"@context\":\"https:\\\/\\\/schema.org\",\"@graph\":[{\"@type\":\"WebPage\",\"@id\":\"https:\\\/\\\/shop.noor.fi\\\/produkt\\\/vohvelirauta-wa-850\\\/\",\"url\":\"https:\\\/\\\/shop.noor.fi\\\/produkt\\\/vohvelirauta-wa-850\\\/\",\"name\":\"V\u00e5ffelj\u00e4rn WA 850 - Oy Noortrade Ab\",\"isPartOf\":{\"@id\":\"https:\\\/\\\/shopnoorfi-wp31835.test.cchosting.fi\\\/#website\"},\"primaryImageOfPage\":{\"@id\":\"https:\\\/\\\/shop.noor.fi\\\/produkt\\\/vohvelirauta-wa-850\\\/#primaryimage\"},\"image\":{\"@id\":\"https:\\\/\\\/shop.noor.fi\\\/produkt\\\/vohvelirauta-wa-850\\\/#primaryimage\"},\"thumbnailUrl\":\"https:\\\/\\\/shop.noor.fi\\\/wp-content\\\/uploads\\\/2024\\\/11\\\/40017997831026.jpg\",\"datePublished\":\"2024-11-27T11:51:26+00:00\",\"dateModified\":\"2026-02-27T07:22:08+00:00\",\"breadcrumb\":{\"@id\":\"https:\\\/\\\/shop.noor.fi\\\/produkt\\\/vohvelirauta-wa-850\\\/#breadcrumb\"},\"inLanguage\":\"sv-SE\",\"potentialAction\":[{\"@type\":\"ReadAction\",\"target\":[\"https:\\\/\\\/shop.noor.fi\\\/produkt\\\/vohvelirauta-wa-850\\\/\"]}]},{\"@type\":\"ImageObject\",\"inLanguage\":\"sv-SE\",\"@id\":\"https:\\\/\\\/shop.noor.fi\\\/produkt\\\/vohvelirauta-wa-850\\\/#primaryimage\",\"url\":\"https:\\\/\\\/shop.noor.fi\\\/wp-content\\\/uploads\\\/2024\\\/11\\\/40017997831026.jpg\",\"contentUrl\":\"https:\\\/\\\/shop.noor.fi\\\/wp-content\\\/uploads\\\/2024\\\/11\\\/40017997831026.jpg\",\"width\":1000,\"height\":1000},{\"@type\":\"BreadcrumbList\",\"@id\":\"https:\\\/\\\/shop.noor.fi\\\/produkt\\\/vohvelirauta-wa-850\\\/#breadcrumb\",\"itemListElement\":[{\"@type\":\"ListItem\",\"position\":1,\"name\":\"Etusivu\",\"item\":\"https:\\\/\\\/shop.noor.fi\\\/sv\\\/\"},{\"@type\":\"ListItem\",\"position\":2,\"name\":\"Butik\",\"item\":\"https:\\\/\\\/shopnoorfi-wp31835.test.cchosting.fi\\\/sv\\\/butik\\\/\"},{\"@type\":\"ListItem\",\"position\":3,\"name\":\"V\u00e5ffelj\u00e4rn WA 850\"}]},{\"@type\":\"WebSite\",\"@id\":\"https:\\\/\\\/shopnoorfi-wp31835.test.cchosting.fi\\\/#website\",\"url\":\"https:\\\/\\\/shopnoorfi-wp31835.test.cchosting.fi\\\/\",\"name\":\"Oy Noortrade Ab\",\"description\":\"Finnish family owned company with over 30 years of professional experience in lighting &amp; interior products import and sales - reliably.\",\"publisher\":{\"@id\":\"https:\\\/\\\/shopnoorfi-wp31835.test.cchosting.fi\\\/#organization\"},\"potentialAction\":[{\"@type\":\"SearchAction\",\"target\":{\"@type\":\"EntryPoint\",\"urlTemplate\":\"https:\\\/\\\/shopnoorfi-wp31835.test.cchosting.fi\\\/?s={search_term_string}\"},\"query-input\":{\"@type\":\"PropertyValueSpecification\",\"valueRequired\":true,\"valueName\":\"search_term_string\"}}],\"inLanguage\":\"sv-SE\"},{\"@type\":\"Organization\",\"@id\":\"https:\\\/\\\/shopnoorfi-wp31835.test.cchosting.fi\\\/#organization\",\"name\":\"Oy Noortrade Ab\",\"url\":\"https:\\\/\\\/shopnoorfi-wp31835.test.cchosting.fi\\\/\",\"logo\":{\"@type\":\"ImageObject\",\"inLanguage\":\"sv-SE\",\"@id\":\"https:\\\/\\\/shopnoorfi-wp31835.test.cchosting.fi\\\/#\\\/schema\\\/logo\\\/image\\\/\",\"url\":\"https:\\\/\\\/shop.noor.fi\\\/wp-content\\\/uploads\\\/2024\\\/01\\\/Oy-Noortrade-Ab-Corbel-VERSAL-bold-BLACK.png\",\"contentUrl\":\"https:\\\/\\\/shop.noor.fi\\\/wp-content\\\/uploads\\\/2024\\\/01\\\/Oy-Noortrade-Ab-Corbel-VERSAL-bold-BLACK.png\",\"width\":721,\"height\":177,\"caption\":\"Oy Noortrade Ab\"},\"image\":{\"@id\":\"https:\\\/\\\/shopnoorfi-wp31835.test.cchosting.fi\\\/#\\\/schema\\\/logo\\\/image\\\/\"}}]}<\/script>\n<!-- \/ Yoast SEO plugin. -->","yoast_head_json":{"title":"V\u00e5ffelj\u00e4rn WA 850 - Oy Noortrade Ab","robots":{"index":"index","follow":"follow","max-snippet":"max-snippet:-1","max-image-preview":"max-image-preview:large","max-video-preview":"max-video-preview:-1"},"canonical":"https:\/\/shop.noor.fi\/produkt\/vohvelirauta-wa-850\/","og_locale":"sv_SE","og_type":"article","og_title":"V\u00e5ffelj\u00e4rn WA 850 - Oy Noortrade Ab","og_description":"Rommelsbacher WA 850 v\u00e5ffelj\u00e4rn g\u00f6r det mycket enkelt att gr\u00e4dda b\u00e5de s\u00f6ta och salta v\u00e5fflor. Enheten har en stegl\u00f6st justerbar gr\u00e4ddningsgrad och indikatorlampa som hj\u00e4lper till med r\u00e4tt timing. God drifts\u00e4kerhet s\u00e4kerst\u00e4lls av det v\u00e4rmeisolerade handtaget och det integrerade \u00f6verhettningsskyddet. Den h\u00f6gkvalitativa non-stick-bel\u00e4ggningen g\u00f6r det enkelt att ta ut v\u00e5fflorna och s\u00e4kerst\u00e4ller ocks\u00e5 enkel reng\u00f6ring. [&hellip;]","og_url":"https:\/\/shop.noor.fi\/produkt\/vohvelirauta-wa-850\/","og_site_name":"Oy Noortrade Ab","article_modified_time":"2026-02-27T07:22:08+00:00","og_image":[{"width":1000,"height":1000,"url":"https:\/\/shop.noor.fi\/wp-content\/uploads\/2024\/11\/40017997831026.jpg","type":"image\/jpeg"}],"twitter_card":"summary_large_image","twitter_misc":{"Ber\u00e4knad l\u00e4stid":"1 minut"},"schema":{"@context":"https:\/\/schema.org","@graph":[{"@type":"WebPage","@id":"https:\/\/shop.noor.fi\/produkt\/vohvelirauta-wa-850\/","url":"https:\/\/shop.noor.fi\/produkt\/vohvelirauta-wa-850\/","name":"V\u00e5ffelj\u00e4rn WA 850 - Oy Noortrade Ab","isPartOf":{"@id":"https:\/\/shopnoorfi-wp31835.test.cchosting.fi\/#website"},"primaryImageOfPage":{"@id":"https:\/\/shop.noor.fi\/produkt\/vohvelirauta-wa-850\/#primaryimage"},"image":{"@id":"https:\/\/shop.noor.fi\/produkt\/vohvelirauta-wa-850\/#primaryimage"},"thumbnailUrl":"https:\/\/shop.noor.fi\/wp-content\/uploads\/2024\/11\/40017997831026.jpg","datePublished":"2024-11-27T11:51:26+00:00","dateModified":"2026-02-27T07:22:08+00:00","breadcrumb":{"@id":"https:\/\/shop.noor.fi\/produkt\/vohvelirauta-wa-850\/#breadcrumb"},"inLanguage":"sv-SE","potentialAction":[{"@type":"ReadAction","target":["https:\/\/shop.noor.fi\/produkt\/vohvelirauta-wa-850\/"]}]},{"@type":"ImageObject","inLanguage":"sv-SE","@id":"https:\/\/shop.noor.fi\/produkt\/vohvelirauta-wa-850\/#primaryimage","url":"https:\/\/shop.noor.fi\/wp-content\/uploads\/2024\/11\/40017997831026.jpg","contentUrl":"https:\/\/shop.noor.fi\/wp-content\/uploads\/2024\/11\/40017997831026.jpg","width":1000,"height":1000},{"@type":"BreadcrumbList","@id":"https:\/\/shop.noor.fi\/produkt\/vohvelirauta-wa-850\/#breadcrumb","itemListElement":[{"@type":"ListItem","position":1,"name":"Etusivu","item":"https:\/\/shop.noor.fi\/sv\/"},{"@type":"ListItem","position":2,"name":"Butik","item":"https:\/\/shopnoorfi-wp31835.test.cchosting.fi\/sv\/butik\/"},{"@type":"ListItem","position":3,"name":"V\u00e5ffelj\u00e4rn WA 850"}]},{"@type":"WebSite","@id":"https:\/\/shopnoorfi-wp31835.test.cchosting.fi\/#website","url":"https:\/\/shopnoorfi-wp31835.test.cchosting.fi\/","name":"Oy Noortrade Ab","description":"Finnish family owned company with over 30 years of professional experience in lighting &amp; interior products import and sales - reliably.","publisher":{"@id":"https:\/\/shopnoorfi-wp31835.test.cchosting.fi\/#organization"},"potentialAction":[{"@type":"SearchAction","target":{"@type":"EntryPoint","urlTemplate":"https:\/\/shopnoorfi-wp31835.test.cchosting.fi\/?s={search_term_string}"},"query-input":{"@type":"PropertyValueSpecification","valueRequired":true,"valueName":"search_term_string"}}],"inLanguage":"sv-SE"},{"@type":"Organization","@id":"https:\/\/shopnoorfi-wp31835.test.cchosting.fi\/#organization","name":"Oy Noortrade Ab","url":"https:\/\/shopnoorfi-wp31835.test.cchosting.fi\/","logo":{"@type":"ImageObject","inLanguage":"sv-SE","@id":"https:\/\/shopnoorfi-wp31835.test.cchosting.fi\/#\/schema\/logo\/image\/","url":"https:\/\/shop.noor.fi\/wp-content\/uploads\/2024\/01\/Oy-Noortrade-Ab-Corbel-VERSAL-bold-BLACK.png","contentUrl":"https:\/\/shop.noor.fi\/wp-content\/uploads\/2024\/01\/Oy-Noortrade-Ab-Corbel-VERSAL-bold-BLACK.png","width":721,"height":177,"caption":"Oy Noortrade Ab"},"image":{"@id":"https:\/\/shopnoorfi-wp31835.test.cchosting.fi\/#\/schema\/logo\/image\/"}}]}},"brands":[{"id":37500,"name":"Rommelsbacher","slug":"rommelsbacher"},{"id":37696,"name":"Rommelsbacher","slug":"rommelsbacher-sv"}],"_links":{"self":[{"href":"https:\/\/shop.noor.fi\/sv\/wp-json\/wp\/v2\/product\/122319","targetHints":{"allow":["GET"]}}],"collection":[{"href":"https:\/\/shop.noor.fi\/sv\/wp-json\/wp\/v2\/product"}],"about":[{"href":"https:\/\/shop.noor.fi\/sv\/wp-json\/wp\/v2\/types\/product"}],"replies":[{"embeddable":true,"href":"https:\/\/shop.noor.fi\/sv\/wp-json\/wp\/v2\/comments?post=122319"}],"wp:featuredmedia":[{"embeddable":true,"href":"https:\/\/shop.noor.fi\/sv\/wp-json\/wp\/v2\/media\/121768"}],"wp:attachment":[{"href":"https:\/\/shop.noor.fi\/sv\/wp-json\/wp\/v2\/media?parent=122319"}],"wp:term":[{"taxonomy":"pwb-brand","embeddable":true,"href":"https:\/\/shop.noor.fi\/sv\/wp-json\/wp\/v2\/pwb-brand?post=122319"},{"taxonomy":"product_brand","embeddable":true,"href":"https:\/\/shop.noor.fi\/sv\/wp-json\/wp\/v2\/product_brand?post=122319"},{"taxonomy":"product_cat","embeddable":true,"href":"https:\/\/shop.noor.fi\/sv\/wp-json\/wp\/v2\/product_cat?post=122319"},{"taxonomy":"product_tag","embeddable":true,"href":"https:\/\/shop.noor.fi\/sv\/wp-json\/wp\/v2\/product_tag?post=122319"}],"curies":[{"name":"wp","href":"https:\/\/api.w.org\/{rel}","templated":true}]}}