{"id":122317,"date":"2024-11-27T13:51:13","date_gmt":"2024-11-27T11:51:13","guid":{"rendered":"https:\/\/shop.noor.fi\/product\/brodrost-to-850\/"},"modified":"2026-04-21T13:40:50","modified_gmt":"2026-04-21T10:40:50","slug":"brodrost-to-850","status":"publish","type":"product","link":"https:\/\/shop.noor.fi\/sv\/produkt\/brodrost-to-850\/","title":{"rendered":"Br\u00f6drost TO 850"},"content":{"rendered":"<p>Rommelsbacher TO 850 \u00e4r en h\u00f6gkvalitativ br\u00f6drost som med sin tidl\u00f6sa linj\u00e4ra design passar in i vilket k\u00f6k som helst. Displayen visar dig hur l\u00e5ng tid det tar f\u00f6r de tv\u00e5 krispiga, varma, perfekt rostade skivorna br\u00f6d att rostas. Den stora LED-displayen med touch-knappar g\u00f6r anv\u00e4ndningen extremt l\u00e4tt.<br \/>\nTack vare den intelligenta kontrollen av rostningstiden f\u00e5r du ett perfekt rostningsresultat varje g\u00e5ng. Rostningsgraden kan v\u00e4ljas fr\u00e5n 9 niv\u00e5er enligt personliga preferenser.<br \/>\nBr\u00f6dskivorna fr\u00e5n sm\u00e5 till XL \u00e4r automatiskt centrerade s\u00e5 att b\u00e5da sidor \u00e4r perfekt rostade. Paus-funktionen l\u00e5ter dig pausa och kontrollera rostningsl\u00e4get.<br \/>\nUpptiningsfunktion f\u00f6r frysta br\u00f6dskivor, en praktisk uppv\u00e4rmningsfunktion samt en avtagbar bullbricka ing\u00e5r ocks\u00e5 i denna br\u00f6drost.<br \/>\nS\u00e4kerheten beaktas ocks\u00e5; till exempel kan rostningen stoppas i f\u00f6rtid med stopp-knappen.<br \/>\nAvtagbar smulbricka g\u00f6r reng\u00f6ringen mycket enkel.<\/p>\n<p>Tidl\u00f6s linj\u00e4r design<br \/>\nH\u00f6gkvalitativa material, l\u00e4ttsk\u00f6tt rostfritt st\u00e5l<br \/>\n2 breda \u00f6ppningar f\u00f6r br\u00f6d upp till XL toaststorlek (12 x 12 cm)<br \/>\nEn sj\u00e4lvcentrerande funktion f\u00f6r en j\u00e4mn rostning<br \/>\nL\u00e4ttanv\u00e4nt: pekknappar, tydlig LED-display, resterande rostningstid, pausfunktion<br \/>\nIntelligent kontroll av rostningstiden, 9 rostningsgrader, upptiningsfunktion, uppv\u00e4rmningsfunktion<br \/>\nAvtagbar bullbricka<br \/>\nS\u00e4ker anv\u00e4ndning med stopp-knapp f\u00f6r f\u00f6rtida avslutning<br \/>\nAvtagbar smulbricka<\/p>\n","protected":false},"excerpt":{"rendered":"<p>Rommelsbacher TO 850 \u00e4r en h\u00f6gkvalitativ br\u00f6drost som med sin tidl\u00f6sa linj\u00e4ra design passar in i vilket k\u00f6k som helst. Displayen visar dig hur l\u00e5ng tid det tar f\u00f6r de tv\u00e5 krispiga, varma, perfekt rostade skivorna br\u00f6d att rostas. Den stora LED-displayen med touch-knappar g\u00f6r anv\u00e4ndningen extremt l\u00e4tt. Tack vare den intelligenta kontrollen av rostningstiden [&hellip;]<\/p>\n","protected":false},"featured_media":122222,"comment_status":"open","ping_status":"closed","template":"","meta":{"_acf_changed":false,"_relevanssi_hide_post":"","_relevanssi_hide_content":"","_relevanssi_pin_for_all":"","_relevanssi_pin_keywords":"","_relevanssi_unpin_keywords":"","_relevanssi_related_keywords":"","_relevanssi_related_include_ids":"","_relevanssi_related_exclude_ids":"","_relevanssi_related_no_append":"","_relevanssi_related_not_related":"","_relevanssi_related_posts":"","_relevanssi_noindex_reason":""},"pwb-brand":[37696,37500],"product_brand":[],"product_cat":[37012,37035],"product_tag":[],"class_list":{"0":"post-122317","1":"product","2":"type-product","3":"status-publish","4":"has-post-thumbnail","6":"pwb-brand-rommelsbacher-sv","7":"pwb-brand-rommelsbacher","8":"product_cat-keittiokoneet","9":"product_cat-koksmaskiner","11":"first","12":"instock","13":"taxable","14":"shipping-taxable","15":"purchasable","16":"product-type-simple"},"acf":[],"yoast_head":"<!-- This site is optimized with the Yoast SEO plugin v27.5 - https:\/\/yoast.com\/product\/yoast-seo-wordpress\/ -->\n<title>Br\u00f6drost TO 850 - Oy Noortrade Ab<\/title>\n<meta name=\"robots\" content=\"index, follow, max-snippet:-1, max-image-preview:large, max-video-preview:-1\" \/>\n<link rel=\"canonical\" href=\"https:\/\/shop.noor.fi\/produkt\/leivanpaahdin-to-850\/\" \/>\n<meta property=\"og:locale\" content=\"sv_SE\" \/>\n<meta property=\"og:type\" content=\"article\" \/>\n<meta property=\"og:title\" content=\"Br\u00f6drost TO 850 - Oy Noortrade Ab\" \/>\n<meta property=\"og:description\" content=\"Rommelsbacher TO 850 \u00e4r en h\u00f6gkvalitativ br\u00f6drost som med sin tidl\u00f6sa linj\u00e4ra design passar in i vilket k\u00f6k som helst. Displayen visar dig hur l\u00e5ng tid det tar f\u00f6r de tv\u00e5 krispiga, varma, perfekt rostade skivorna br\u00f6d att rostas. Den stora LED-displayen med touch-knappar g\u00f6r anv\u00e4ndningen extremt l\u00e4tt. Tack vare den intelligenta kontrollen av rostningstiden [&hellip;]\" \/>\n<meta property=\"og:url\" content=\"https:\/\/shop.noor.fi\/produkt\/leivanpaahdin-to-850\/\" \/>\n<meta property=\"og:site_name\" content=\"Oy Noortrade Ab\" \/>\n<meta property=\"article:modified_time\" content=\"2026-04-21T10:40:50+00:00\" \/>\n<meta property=\"og:image\" content=\"https:\/\/shop.noor.fi\/wp-content\/uploads\/2024\/11\/4001797880000.jpg\" \/>\n\t<meta property=\"og:image:width\" content=\"1000\" \/>\n\t<meta property=\"og:image:height\" content=\"1000\" \/>\n\t<meta property=\"og:image:type\" content=\"image\/jpeg\" \/>\n<meta name=\"twitter:card\" content=\"summary_large_image\" \/>\n<meta name=\"twitter:label1\" content=\"Ber\u00e4knad l\u00e4stid\" \/>\n\t<meta name=\"twitter:data1\" content=\"2 minuter\" \/>\n<script type=\"application\/ld+json\" class=\"yoast-schema-graph\">{\"@context\":\"https:\\\/\\\/schema.org\",\"@graph\":[{\"@type\":\"WebPage\",\"@id\":\"https:\\\/\\\/shop.noor.fi\\\/produkt\\\/leivanpaahdin-to-850\\\/\",\"url\":\"https:\\\/\\\/shop.noor.fi\\\/produkt\\\/leivanpaahdin-to-850\\\/\",\"name\":\"Br\u00f6drost TO 850 - Oy Noortrade Ab\",\"isPartOf\":{\"@id\":\"https:\\\/\\\/shopnoorfi-wp31835.test.cchosting.fi\\\/#website\"},\"primaryImageOfPage\":{\"@id\":\"https:\\\/\\\/shop.noor.fi\\\/produkt\\\/leivanpaahdin-to-850\\\/#primaryimage\"},\"image\":{\"@id\":\"https:\\\/\\\/shop.noor.fi\\\/produkt\\\/leivanpaahdin-to-850\\\/#primaryimage\"},\"thumbnailUrl\":\"https:\\\/\\\/shop.noor.fi\\\/wp-content\\\/uploads\\\/2024\\\/11\\\/4001797880000.jpg\",\"datePublished\":\"2024-11-27T11:51:13+00:00\",\"dateModified\":\"2026-04-21T10:40:50+00:00\",\"breadcrumb\":{\"@id\":\"https:\\\/\\\/shop.noor.fi\\\/produkt\\\/leivanpaahdin-to-850\\\/#breadcrumb\"},\"inLanguage\":\"sv-SE\",\"potentialAction\":[{\"@type\":\"ReadAction\",\"target\":[\"https:\\\/\\\/shop.noor.fi\\\/produkt\\\/leivanpaahdin-to-850\\\/\"]}]},{\"@type\":\"ImageObject\",\"inLanguage\":\"sv-SE\",\"@id\":\"https:\\\/\\\/shop.noor.fi\\\/produkt\\\/leivanpaahdin-to-850\\\/#primaryimage\",\"url\":\"https:\\\/\\\/shop.noor.fi\\\/wp-content\\\/uploads\\\/2024\\\/11\\\/4001797880000.jpg\",\"contentUrl\":\"https:\\\/\\\/shop.noor.fi\\\/wp-content\\\/uploads\\\/2024\\\/11\\\/4001797880000.jpg\",\"width\":1000,\"height\":1000},{\"@type\":\"BreadcrumbList\",\"@id\":\"https:\\\/\\\/shop.noor.fi\\\/produkt\\\/leivanpaahdin-to-850\\\/#breadcrumb\",\"itemListElement\":[{\"@type\":\"ListItem\",\"position\":1,\"name\":\"Etusivu\",\"item\":\"https:\\\/\\\/shop.noor.fi\\\/sv\\\/\"},{\"@type\":\"ListItem\",\"position\":2,\"name\":\"Butik\",\"item\":\"https:\\\/\\\/shopnoorfi-wp31835.test.cchosting.fi\\\/sv\\\/butik\\\/\"},{\"@type\":\"ListItem\",\"position\":3,\"name\":\"Br\u00f6drost TO 850\"}]},{\"@type\":\"WebSite\",\"@id\":\"https:\\\/\\\/shopnoorfi-wp31835.test.cchosting.fi\\\/#website\",\"url\":\"https:\\\/\\\/shopnoorfi-wp31835.test.cchosting.fi\\\/\",\"name\":\"Oy Noortrade Ab\",\"description\":\"Finnish family owned company with over 30 years of professional experience in lighting &amp; interior products import and sales - reliably.\",\"publisher\":{\"@id\":\"https:\\\/\\\/shopnoorfi-wp31835.test.cchosting.fi\\\/#organization\"},\"potentialAction\":[{\"@type\":\"SearchAction\",\"target\":{\"@type\":\"EntryPoint\",\"urlTemplate\":\"https:\\\/\\\/shopnoorfi-wp31835.test.cchosting.fi\\\/?s={search_term_string}\"},\"query-input\":{\"@type\":\"PropertyValueSpecification\",\"valueRequired\":true,\"valueName\":\"search_term_string\"}}],\"inLanguage\":\"sv-SE\"},{\"@type\":\"Organization\",\"@id\":\"https:\\\/\\\/shopnoorfi-wp31835.test.cchosting.fi\\\/#organization\",\"name\":\"Oy Noortrade Ab\",\"url\":\"https:\\\/\\\/shopnoorfi-wp31835.test.cchosting.fi\\\/\",\"logo\":{\"@type\":\"ImageObject\",\"inLanguage\":\"sv-SE\",\"@id\":\"https:\\\/\\\/shopnoorfi-wp31835.test.cchosting.fi\\\/#\\\/schema\\\/logo\\\/image\\\/\",\"url\":\"https:\\\/\\\/shop.noor.fi\\\/wp-content\\\/uploads\\\/2024\\\/01\\\/Oy-Noortrade-Ab-Corbel-VERSAL-bold-BLACK.png\",\"contentUrl\":\"https:\\\/\\\/shop.noor.fi\\\/wp-content\\\/uploads\\\/2024\\\/01\\\/Oy-Noortrade-Ab-Corbel-VERSAL-bold-BLACK.png\",\"width\":721,\"height\":177,\"caption\":\"Oy Noortrade Ab\"},\"image\":{\"@id\":\"https:\\\/\\\/shopnoorfi-wp31835.test.cchosting.fi\\\/#\\\/schema\\\/logo\\\/image\\\/\"}}]}<\/script>\n<!-- \/ Yoast SEO plugin. -->","yoast_head_json":{"title":"Br\u00f6drost TO 850 - Oy Noortrade Ab","robots":{"index":"index","follow":"follow","max-snippet":"max-snippet:-1","max-image-preview":"max-image-preview:large","max-video-preview":"max-video-preview:-1"},"canonical":"https:\/\/shop.noor.fi\/produkt\/leivanpaahdin-to-850\/","og_locale":"sv_SE","og_type":"article","og_title":"Br\u00f6drost TO 850 - Oy Noortrade Ab","og_description":"Rommelsbacher TO 850 \u00e4r en h\u00f6gkvalitativ br\u00f6drost som med sin tidl\u00f6sa linj\u00e4ra design passar in i vilket k\u00f6k som helst. Displayen visar dig hur l\u00e5ng tid det tar f\u00f6r de tv\u00e5 krispiga, varma, perfekt rostade skivorna br\u00f6d att rostas. Den stora LED-displayen med touch-knappar g\u00f6r anv\u00e4ndningen extremt l\u00e4tt. Tack vare den intelligenta kontrollen av rostningstiden [&hellip;]","og_url":"https:\/\/shop.noor.fi\/produkt\/leivanpaahdin-to-850\/","og_site_name":"Oy Noortrade Ab","article_modified_time":"2026-04-21T10:40:50+00:00","og_image":[{"width":1000,"height":1000,"url":"https:\/\/shop.noor.fi\/wp-content\/uploads\/2024\/11\/4001797880000.jpg","type":"image\/jpeg"}],"twitter_card":"summary_large_image","twitter_misc":{"Ber\u00e4knad l\u00e4stid":"2 minuter"},"schema":{"@context":"https:\/\/schema.org","@graph":[{"@type":"WebPage","@id":"https:\/\/shop.noor.fi\/produkt\/leivanpaahdin-to-850\/","url":"https:\/\/shop.noor.fi\/produkt\/leivanpaahdin-to-850\/","name":"Br\u00f6drost TO 850 - Oy Noortrade Ab","isPartOf":{"@id":"https:\/\/shopnoorfi-wp31835.test.cchosting.fi\/#website"},"primaryImageOfPage":{"@id":"https:\/\/shop.noor.fi\/produkt\/leivanpaahdin-to-850\/#primaryimage"},"image":{"@id":"https:\/\/shop.noor.fi\/produkt\/leivanpaahdin-to-850\/#primaryimage"},"thumbnailUrl":"https:\/\/shop.noor.fi\/wp-content\/uploads\/2024\/11\/4001797880000.jpg","datePublished":"2024-11-27T11:51:13+00:00","dateModified":"2026-04-21T10:40:50+00:00","breadcrumb":{"@id":"https:\/\/shop.noor.fi\/produkt\/leivanpaahdin-to-850\/#breadcrumb"},"inLanguage":"sv-SE","potentialAction":[{"@type":"ReadAction","target":["https:\/\/shop.noor.fi\/produkt\/leivanpaahdin-to-850\/"]}]},{"@type":"ImageObject","inLanguage":"sv-SE","@id":"https:\/\/shop.noor.fi\/produkt\/leivanpaahdin-to-850\/#primaryimage","url":"https:\/\/shop.noor.fi\/wp-content\/uploads\/2024\/11\/4001797880000.jpg","contentUrl":"https:\/\/shop.noor.fi\/wp-content\/uploads\/2024\/11\/4001797880000.jpg","width":1000,"height":1000},{"@type":"BreadcrumbList","@id":"https:\/\/shop.noor.fi\/produkt\/leivanpaahdin-to-850\/#breadcrumb","itemListElement":[{"@type":"ListItem","position":1,"name":"Etusivu","item":"https:\/\/shop.noor.fi\/sv\/"},{"@type":"ListItem","position":2,"name":"Butik","item":"https:\/\/shopnoorfi-wp31835.test.cchosting.fi\/sv\/butik\/"},{"@type":"ListItem","position":3,"name":"Br\u00f6drost TO 850"}]},{"@type":"WebSite","@id":"https:\/\/shopnoorfi-wp31835.test.cchosting.fi\/#website","url":"https:\/\/shopnoorfi-wp31835.test.cchosting.fi\/","name":"Oy Noortrade Ab","description":"Finnish family owned company with over 30 years of professional experience in lighting &amp; interior products import and sales - reliably.","publisher":{"@id":"https:\/\/shopnoorfi-wp31835.test.cchosting.fi\/#organization"},"potentialAction":[{"@type":"SearchAction","target":{"@type":"EntryPoint","urlTemplate":"https:\/\/shopnoorfi-wp31835.test.cchosting.fi\/?s={search_term_string}"},"query-input":{"@type":"PropertyValueSpecification","valueRequired":true,"valueName":"search_term_string"}}],"inLanguage":"sv-SE"},{"@type":"Organization","@id":"https:\/\/shopnoorfi-wp31835.test.cchosting.fi\/#organization","name":"Oy Noortrade Ab","url":"https:\/\/shopnoorfi-wp31835.test.cchosting.fi\/","logo":{"@type":"ImageObject","inLanguage":"sv-SE","@id":"https:\/\/shopnoorfi-wp31835.test.cchosting.fi\/#\/schema\/logo\/image\/","url":"https:\/\/shop.noor.fi\/wp-content\/uploads\/2024\/01\/Oy-Noortrade-Ab-Corbel-VERSAL-bold-BLACK.png","contentUrl":"https:\/\/shop.noor.fi\/wp-content\/uploads\/2024\/01\/Oy-Noortrade-Ab-Corbel-VERSAL-bold-BLACK.png","width":721,"height":177,"caption":"Oy Noortrade Ab"},"image":{"@id":"https:\/\/shopnoorfi-wp31835.test.cchosting.fi\/#\/schema\/logo\/image\/"}}]}},"brands":[{"id":37500,"name":"Rommelsbacher","slug":"rommelsbacher"},{"id":37696,"name":"Rommelsbacher","slug":"rommelsbacher-sv"}],"_links":{"self":[{"href":"https:\/\/shop.noor.fi\/sv\/wp-json\/wp\/v2\/product\/122317","targetHints":{"allow":["GET"]}}],"collection":[{"href":"https:\/\/shop.noor.fi\/sv\/wp-json\/wp\/v2\/product"}],"about":[{"href":"https:\/\/shop.noor.fi\/sv\/wp-json\/wp\/v2\/types\/product"}],"replies":[{"embeddable":true,"href":"https:\/\/shop.noor.fi\/sv\/wp-json\/wp\/v2\/comments?post=122317"}],"wp:featuredmedia":[{"embeddable":true,"href":"https:\/\/shop.noor.fi\/sv\/wp-json\/wp\/v2\/media\/122222"}],"wp:attachment":[{"href":"https:\/\/shop.noor.fi\/sv\/wp-json\/wp\/v2\/media?parent=122317"}],"wp:term":[{"taxonomy":"pwb-brand","embeddable":true,"href":"https:\/\/shop.noor.fi\/sv\/wp-json\/wp\/v2\/pwb-brand?post=122317"},{"taxonomy":"product_brand","embeddable":true,"href":"https:\/\/shop.noor.fi\/sv\/wp-json\/wp\/v2\/product_brand?post=122317"},{"taxonomy":"product_cat","embeddable":true,"href":"https:\/\/shop.noor.fi\/sv\/wp-json\/wp\/v2\/product_cat?post=122317"},{"taxonomy":"product_tag","embeddable":true,"href":"https:\/\/shop.noor.fi\/sv\/wp-json\/wp\/v2\/product_tag?post=122317"}],"curies":[{"name":"wp","href":"https:\/\/api.w.org\/{rel}","templated":true}]}}