{"id":122291,"date":"2024-11-27T10:17:41","date_gmt":"2024-11-27T08:17:41","guid":{"rendered":"https:\/\/shop.noor.fi\/product\/tekokare-ta-1200\/"},"modified":"2026-02-27T09:21:50","modified_gmt":"2026-02-27T07:21:50","slug":"tekokare-ta-1200","status":"publish","type":"product","link":"https:\/\/shop.noor.fi\/sv\/produkt\/tekokare-ta-1200\/","title":{"rendered":"Tekokare TA 1200"},"content":{"rendered":"<p>Rommelsbacher TA 1200 \u00e4r en helautomatisk tebryggare som g\u00f6r det enkelt att tillaga perfek te: fyll p\u00e5 vatten, h\u00e4ll te i tesilen, v\u00e4lj program efter din typ av te och \u2013 om det beh\u00f6vs \u2013 justera dragningstiden; den automatiska tebryggaren g\u00f6r resten. Vattnet v\u00e4rms upp och leds in i filterkannan f\u00f6r att brygga teet. N\u00e4r den inst\u00e4llda bryggningstiden har l\u00f6pt ut rinner det nybryggda teet in i den vackra glastekannan d\u00e4r det h\u00e5lls varmt.<br \/>\nTack vare dess elektroniska menykontroll kan 4 olika bryggtemperaturer st\u00e4llas in och dragningstiden kan anpassas individuellt till den typ av te som anv\u00e4nds. Oavsett om det \u00e4r svart te, gr\u00f6nt eller vitt te, oavsett om det \u00e4r te gjort av frukt eller \u00f6rter \u2013 denna helautomatiska tebryggare ger aromatiskt resultat f\u00f6r varje smak. Det bekv\u00e4ma f\u00f6rvalet av starttid, den automatiska avst\u00e4ngningen och den enkla reng\u00f6ringen g\u00f6r hanteringen mycket bekv\u00e4m.<\/p>\n<p>Elegant h\u00f6lje tillverkat av plast<br \/>\nHelautomatisk tebryggning \u2013 f\u00f6r alla tetyper<br \/>\nElektronisk menykontroll via l\u00e4tta knappar<br \/>\nLCD-display f\u00f6r bryggtemperatur, bryggningstid och f\u00f6rval av starttid<br \/>\n5 f\u00f6rinst\u00e4llda program, 4 olika bryggtemperaturer (100\/90\/85\/80 \u00b0C)<br \/>\nBryggningstiden individuellt justerbar upp till 10 minuter, 24 timmars f\u00f6rval av starttid<br \/>\n30 minuters varmh\u00e5llningsfunktion med automatisk avst\u00e4ngning<br \/>\nIntegrerat s\u00e4kerhetssystem<br \/>\nVattenbeh\u00e5llare f\u00f6r 1 l inneh\u00e5ll, med vattenniv\u00e5indikator<br \/>\nDekorativ tekanna i glas med handtag och lock<br \/>\nFilterkanna av h\u00f6gklassig polykarbonat, med droppstopp<br \/>\nL\u00f6stagbar tesil i rostfritt st\u00e5l<br \/>\nInklusive p\u00e5fyllningstratt och teskopa<\/p>\n","protected":false},"excerpt":{"rendered":"<p>Rommelsbacher TA 1200 \u00e4r en helautomatisk tebryggare som g\u00f6r det enkelt att tillaga perfek te: fyll p\u00e5 vatten, h\u00e4ll te i tesilen, v\u00e4lj program efter din typ av te och \u2013 om det beh\u00f6vs \u2013 justera dragningstiden; den automatiska tebryggaren g\u00f6r resten. Vattnet v\u00e4rms upp och leds in i filterkannan f\u00f6r att brygga teet. N\u00e4r [&hellip;]<\/p>\n","protected":false},"featured_media":121788,"comment_status":"open","ping_status":"closed","template":"","meta":{"_acf_changed":false,"_relevanssi_hide_post":"","_relevanssi_hide_content":"","_relevanssi_pin_for_all":"","_relevanssi_pin_keywords":"","_relevanssi_unpin_keywords":"","_relevanssi_related_keywords":"","_relevanssi_related_include_ids":"","_relevanssi_related_exclude_ids":"","_relevanssi_related_no_append":"","_relevanssi_related_not_related":"","_relevanssi_related_posts":"","_relevanssi_noindex_reason":""},"pwb-brand":[37500,37696],"product_brand":[],"product_cat":[37012,37035],"product_tag":[],"class_list":{"0":"post-122291","1":"product","2":"type-product","3":"status-publish","4":"has-post-thumbnail","6":"pwb-brand-rommelsbacher","7":"pwb-brand-rommelsbacher-sv","8":"product_cat-keittiokoneet","9":"product_cat-koksmaskiner","11":"first","12":"instock","13":"taxable","14":"shipping-taxable","15":"purchasable","16":"product-type-simple"},"acf":[],"yoast_head":"<!-- This site is optimized with the Yoast SEO plugin v27.5 - https:\/\/yoast.com\/product\/yoast-seo-wordpress\/ -->\n<title>Tekokare TA 1200 - Oy Noortrade Ab<\/title>\n<meta name=\"description\" content=\"Rommelsbacher TA 1200 \u00e4r en helautomatisk tebryggare som g\u00f6r det enkelt att tillaga perfek te: fyll p\u00e5 vatten, h\u00e4ll te i tesilen, v\u00e4lj program efter din typ av te och \u2013 om det beh\u00f6vs \u2013 justera dragningstiden; den automatiska tebryggaren g\u00f6r resten.\" \/>\n<meta name=\"robots\" content=\"index, follow, max-snippet:-1, max-image-preview:large, max-video-preview:-1\" \/>\n<link rel=\"canonical\" href=\"https:\/\/shop.noor.fi\/sv\/produkt\/tekokare-ta-1200\/\" \/>\n<meta property=\"og:locale\" content=\"sv_SE\" \/>\n<meta property=\"og:type\" content=\"article\" \/>\n<meta property=\"og:title\" content=\"Tekokare TA 1200 - Oy Noortrade Ab\" \/>\n<meta property=\"og:description\" content=\"Rommelsbacher TA 1200 \u00e4r en helautomatisk tebryggare som g\u00f6r det enkelt att tillaga perfek te: fyll p\u00e5 vatten, h\u00e4ll te i tesilen, v\u00e4lj program efter din typ av te och \u2013 om det beh\u00f6vs \u2013 justera dragningstiden; den automatiska tebryggaren g\u00f6r resten.\" \/>\n<meta property=\"og:url\" content=\"https:\/\/shop.noor.fi\/sv\/produkt\/tekokare-ta-1200\/\" \/>\n<meta property=\"og:site_name\" content=\"Oy Noortrade Ab\" \/>\n<meta property=\"article:modified_time\" content=\"2026-02-27T07:21:50+00:00\" \/>\n<meta property=\"og:image\" content=\"https:\/\/shop.noor.fi\/wp-content\/uploads\/2024\/11\/4001797209009.jpg\" \/>\n\t<meta property=\"og:image:width\" content=\"1000\" \/>\n\t<meta property=\"og:image:height\" content=\"1000\" \/>\n\t<meta property=\"og:image:type\" content=\"image\/jpeg\" \/>\n<meta name=\"twitter:card\" content=\"summary_large_image\" \/>\n<meta name=\"twitter:label1\" content=\"Ber\u00e4knad l\u00e4stid\" \/>\n\t<meta name=\"twitter:data1\" content=\"2 minuter\" \/>\n<script type=\"application\/ld+json\" class=\"yoast-schema-graph\">{\"@context\":\"https:\\\/\\\/schema.org\",\"@graph\":[{\"@type\":\"WebPage\",\"@id\":\"https:\\\/\\\/shop.noor.fi\\\/sv\\\/produkt\\\/tekokare-ta-1200\\\/\",\"url\":\"https:\\\/\\\/shop.noor.fi\\\/sv\\\/produkt\\\/tekokare-ta-1200\\\/\",\"name\":\"Tekokare TA 1200 - Oy Noortrade Ab\",\"isPartOf\":{\"@id\":\"https:\\\/\\\/shopnoorfi-wp31835.test.cchosting.fi\\\/#website\"},\"primaryImageOfPage\":{\"@id\":\"https:\\\/\\\/shop.noor.fi\\\/sv\\\/produkt\\\/tekokare-ta-1200\\\/#primaryimage\"},\"image\":{\"@id\":\"https:\\\/\\\/shop.noor.fi\\\/sv\\\/produkt\\\/tekokare-ta-1200\\\/#primaryimage\"},\"thumbnailUrl\":\"https:\\\/\\\/shop.noor.fi\\\/wp-content\\\/uploads\\\/2024\\\/11\\\/4001797209009.jpg\",\"datePublished\":\"2024-11-27T08:17:41+00:00\",\"dateModified\":\"2026-02-27T07:21:50+00:00\",\"description\":\"Rommelsbacher TA 1200 \u00e4r en helautomatisk tebryggare som g\u00f6r det enkelt att tillaga perfek te: fyll p\u00e5 vatten, h\u00e4ll te i tesilen, v\u00e4lj program efter din typ av te och \u2013 om det beh\u00f6vs \u2013 justera dragningstiden; den automatiska tebryggaren g\u00f6r resten.\",\"breadcrumb\":{\"@id\":\"https:\\\/\\\/shop.noor.fi\\\/sv\\\/produkt\\\/tekokare-ta-1200\\\/#breadcrumb\"},\"inLanguage\":\"sv-SE\",\"potentialAction\":[{\"@type\":\"ReadAction\",\"target\":[\"https:\\\/\\\/shop.noor.fi\\\/sv\\\/produkt\\\/tekokare-ta-1200\\\/\"]}]},{\"@type\":\"ImageObject\",\"inLanguage\":\"sv-SE\",\"@id\":\"https:\\\/\\\/shop.noor.fi\\\/sv\\\/produkt\\\/tekokare-ta-1200\\\/#primaryimage\",\"url\":\"https:\\\/\\\/shop.noor.fi\\\/wp-content\\\/uploads\\\/2024\\\/11\\\/4001797209009.jpg\",\"contentUrl\":\"https:\\\/\\\/shop.noor.fi\\\/wp-content\\\/uploads\\\/2024\\\/11\\\/4001797209009.jpg\",\"width\":1000,\"height\":1000},{\"@type\":\"BreadcrumbList\",\"@id\":\"https:\\\/\\\/shop.noor.fi\\\/sv\\\/produkt\\\/tekokare-ta-1200\\\/#breadcrumb\",\"itemListElement\":[{\"@type\":\"ListItem\",\"position\":1,\"name\":\"Etusivu\",\"item\":\"https:\\\/\\\/shop.noor.fi\\\/sv\\\/\"},{\"@type\":\"ListItem\",\"position\":2,\"name\":\"Butik\",\"item\":\"https:\\\/\\\/shopnoorfi-wp31835.test.cchosting.fi\\\/sv\\\/butik\\\/\"},{\"@type\":\"ListItem\",\"position\":3,\"name\":\"Tekokare TA 1200\"}]},{\"@type\":\"WebSite\",\"@id\":\"https:\\\/\\\/shopnoorfi-wp31835.test.cchosting.fi\\\/#website\",\"url\":\"https:\\\/\\\/shopnoorfi-wp31835.test.cchosting.fi\\\/\",\"name\":\"Oy Noortrade Ab\",\"description\":\"Finnish family owned company with over 30 years of professional experience in lighting &amp; interior products import and sales - reliably.\",\"publisher\":{\"@id\":\"https:\\\/\\\/shopnoorfi-wp31835.test.cchosting.fi\\\/#organization\"},\"potentialAction\":[{\"@type\":\"SearchAction\",\"target\":{\"@type\":\"EntryPoint\",\"urlTemplate\":\"https:\\\/\\\/shopnoorfi-wp31835.test.cchosting.fi\\\/?s={search_term_string}\"},\"query-input\":{\"@type\":\"PropertyValueSpecification\",\"valueRequired\":true,\"valueName\":\"search_term_string\"}}],\"inLanguage\":\"sv-SE\"},{\"@type\":\"Organization\",\"@id\":\"https:\\\/\\\/shopnoorfi-wp31835.test.cchosting.fi\\\/#organization\",\"name\":\"Oy Noortrade Ab\",\"url\":\"https:\\\/\\\/shopnoorfi-wp31835.test.cchosting.fi\\\/\",\"logo\":{\"@type\":\"ImageObject\",\"inLanguage\":\"sv-SE\",\"@id\":\"https:\\\/\\\/shopnoorfi-wp31835.test.cchosting.fi\\\/#\\\/schema\\\/logo\\\/image\\\/\",\"url\":\"https:\\\/\\\/shop.noor.fi\\\/wp-content\\\/uploads\\\/2024\\\/01\\\/Oy-Noortrade-Ab-Corbel-VERSAL-bold-BLACK.png\",\"contentUrl\":\"https:\\\/\\\/shop.noor.fi\\\/wp-content\\\/uploads\\\/2024\\\/01\\\/Oy-Noortrade-Ab-Corbel-VERSAL-bold-BLACK.png\",\"width\":721,\"height\":177,\"caption\":\"Oy Noortrade Ab\"},\"image\":{\"@id\":\"https:\\\/\\\/shopnoorfi-wp31835.test.cchosting.fi\\\/#\\\/schema\\\/logo\\\/image\\\/\"}}]}<\/script>\n<!-- \/ Yoast SEO plugin. -->","yoast_head_json":{"title":"Tekokare TA 1200 - Oy Noortrade Ab","description":"Rommelsbacher TA 1200 \u00e4r en helautomatisk tebryggare som g\u00f6r det enkelt att tillaga perfek te: fyll p\u00e5 vatten, h\u00e4ll te i tesilen, v\u00e4lj program efter din typ av te och \u2013 om det beh\u00f6vs \u2013 justera dragningstiden; den automatiska tebryggaren g\u00f6r resten.","robots":{"index":"index","follow":"follow","max-snippet":"max-snippet:-1","max-image-preview":"max-image-preview:large","max-video-preview":"max-video-preview:-1"},"canonical":"https:\/\/shop.noor.fi\/sv\/produkt\/tekokare-ta-1200\/","og_locale":"sv_SE","og_type":"article","og_title":"Tekokare TA 1200 - Oy Noortrade Ab","og_description":"Rommelsbacher TA 1200 \u00e4r en helautomatisk tebryggare som g\u00f6r det enkelt att tillaga perfek te: fyll p\u00e5 vatten, h\u00e4ll te i tesilen, v\u00e4lj program efter din typ av te och \u2013 om det beh\u00f6vs \u2013 justera dragningstiden; den automatiska tebryggaren g\u00f6r resten.","og_url":"https:\/\/shop.noor.fi\/sv\/produkt\/tekokare-ta-1200\/","og_site_name":"Oy Noortrade Ab","article_modified_time":"2026-02-27T07:21:50+00:00","og_image":[{"width":1000,"height":1000,"url":"https:\/\/shop.noor.fi\/wp-content\/uploads\/2024\/11\/4001797209009.jpg","type":"image\/jpeg"}],"twitter_card":"summary_large_image","twitter_misc":{"Ber\u00e4knad l\u00e4stid":"2 minuter"},"schema":{"@context":"https:\/\/schema.org","@graph":[{"@type":"WebPage","@id":"https:\/\/shop.noor.fi\/sv\/produkt\/tekokare-ta-1200\/","url":"https:\/\/shop.noor.fi\/sv\/produkt\/tekokare-ta-1200\/","name":"Tekokare TA 1200 - Oy Noortrade Ab","isPartOf":{"@id":"https:\/\/shopnoorfi-wp31835.test.cchosting.fi\/#website"},"primaryImageOfPage":{"@id":"https:\/\/shop.noor.fi\/sv\/produkt\/tekokare-ta-1200\/#primaryimage"},"image":{"@id":"https:\/\/shop.noor.fi\/sv\/produkt\/tekokare-ta-1200\/#primaryimage"},"thumbnailUrl":"https:\/\/shop.noor.fi\/wp-content\/uploads\/2024\/11\/4001797209009.jpg","datePublished":"2024-11-27T08:17:41+00:00","dateModified":"2026-02-27T07:21:50+00:00","description":"Rommelsbacher TA 1200 \u00e4r en helautomatisk tebryggare som g\u00f6r det enkelt att tillaga perfek te: fyll p\u00e5 vatten, h\u00e4ll te i tesilen, v\u00e4lj program efter din typ av te och \u2013 om det beh\u00f6vs \u2013 justera dragningstiden; den automatiska tebryggaren g\u00f6r resten.","breadcrumb":{"@id":"https:\/\/shop.noor.fi\/sv\/produkt\/tekokare-ta-1200\/#breadcrumb"},"inLanguage":"sv-SE","potentialAction":[{"@type":"ReadAction","target":["https:\/\/shop.noor.fi\/sv\/produkt\/tekokare-ta-1200\/"]}]},{"@type":"ImageObject","inLanguage":"sv-SE","@id":"https:\/\/shop.noor.fi\/sv\/produkt\/tekokare-ta-1200\/#primaryimage","url":"https:\/\/shop.noor.fi\/wp-content\/uploads\/2024\/11\/4001797209009.jpg","contentUrl":"https:\/\/shop.noor.fi\/wp-content\/uploads\/2024\/11\/4001797209009.jpg","width":1000,"height":1000},{"@type":"BreadcrumbList","@id":"https:\/\/shop.noor.fi\/sv\/produkt\/tekokare-ta-1200\/#breadcrumb","itemListElement":[{"@type":"ListItem","position":1,"name":"Etusivu","item":"https:\/\/shop.noor.fi\/sv\/"},{"@type":"ListItem","position":2,"name":"Butik","item":"https:\/\/shopnoorfi-wp31835.test.cchosting.fi\/sv\/butik\/"},{"@type":"ListItem","position":3,"name":"Tekokare TA 1200"}]},{"@type":"WebSite","@id":"https:\/\/shopnoorfi-wp31835.test.cchosting.fi\/#website","url":"https:\/\/shopnoorfi-wp31835.test.cchosting.fi\/","name":"Oy Noortrade Ab","description":"Finnish family owned company with over 30 years of professional experience in lighting &amp; interior products import and sales - reliably.","publisher":{"@id":"https:\/\/shopnoorfi-wp31835.test.cchosting.fi\/#organization"},"potentialAction":[{"@type":"SearchAction","target":{"@type":"EntryPoint","urlTemplate":"https:\/\/shopnoorfi-wp31835.test.cchosting.fi\/?s={search_term_string}"},"query-input":{"@type":"PropertyValueSpecification","valueRequired":true,"valueName":"search_term_string"}}],"inLanguage":"sv-SE"},{"@type":"Organization","@id":"https:\/\/shopnoorfi-wp31835.test.cchosting.fi\/#organization","name":"Oy Noortrade Ab","url":"https:\/\/shopnoorfi-wp31835.test.cchosting.fi\/","logo":{"@type":"ImageObject","inLanguage":"sv-SE","@id":"https:\/\/shopnoorfi-wp31835.test.cchosting.fi\/#\/schema\/logo\/image\/","url":"https:\/\/shop.noor.fi\/wp-content\/uploads\/2024\/01\/Oy-Noortrade-Ab-Corbel-VERSAL-bold-BLACK.png","contentUrl":"https:\/\/shop.noor.fi\/wp-content\/uploads\/2024\/01\/Oy-Noortrade-Ab-Corbel-VERSAL-bold-BLACK.png","width":721,"height":177,"caption":"Oy Noortrade Ab"},"image":{"@id":"https:\/\/shopnoorfi-wp31835.test.cchosting.fi\/#\/schema\/logo\/image\/"}}]}},"brands":[{"id":37500,"name":"Rommelsbacher","slug":"rommelsbacher"},{"id":37696,"name":"Rommelsbacher","slug":"rommelsbacher-sv"}],"_links":{"self":[{"href":"https:\/\/shop.noor.fi\/sv\/wp-json\/wp\/v2\/product\/122291","targetHints":{"allow":["GET"]}}],"collection":[{"href":"https:\/\/shop.noor.fi\/sv\/wp-json\/wp\/v2\/product"}],"about":[{"href":"https:\/\/shop.noor.fi\/sv\/wp-json\/wp\/v2\/types\/product"}],"replies":[{"embeddable":true,"href":"https:\/\/shop.noor.fi\/sv\/wp-json\/wp\/v2\/comments?post=122291"}],"wp:featuredmedia":[{"embeddable":true,"href":"https:\/\/shop.noor.fi\/sv\/wp-json\/wp\/v2\/media\/121788"}],"wp:attachment":[{"href":"https:\/\/shop.noor.fi\/sv\/wp-json\/wp\/v2\/media?parent=122291"}],"wp:term":[{"taxonomy":"pwb-brand","embeddable":true,"href":"https:\/\/shop.noor.fi\/sv\/wp-json\/wp\/v2\/pwb-brand?post=122291"},{"taxonomy":"product_brand","embeddable":true,"href":"https:\/\/shop.noor.fi\/sv\/wp-json\/wp\/v2\/product_brand?post=122291"},{"taxonomy":"product_cat","embeddable":true,"href":"https:\/\/shop.noor.fi\/sv\/wp-json\/wp\/v2\/product_cat?post=122291"},{"taxonomy":"product_tag","embeddable":true,"href":"https:\/\/shop.noor.fi\/sv\/wp-json\/wp\/v2\/product_tag?post=122291"}],"curies":[{"name":"wp","href":"https:\/\/api.w.org\/{rel}","templated":true}]}}