{"id":122289,"date":"2024-11-27T10:17:34","date_gmt":"2024-11-27T08:17:34","guid":{"rendered":"https:\/\/shop.noor.fi\/product\/vaxtdryck-och-sopkokare-svd-1400\/"},"modified":"2026-04-22T15:51:56","modified_gmt":"2026-04-22T12:51:56","slug":"vaxtdryck-och-sopkokare-svd-1400","status":"publish","type":"product","link":"https:\/\/shop.noor.fi\/sv\/produkt\/vaxtdryck-och-sopkokare-svd-1400\/","title":{"rendered":"V\u00e4xtdryck- och soppkokare SVD 1400"},"content":{"rendered":"<p>V\u00e4xtdrycker, s\u00e5som havre-, soja- eller mandeldryck, som ett h\u00e4lsosamma och veganska alternativ till komj\u00f6lk blir mer och mer popul\u00e4rt. Med Rommelsbacher SVD 1400 v\u00e4xtdryck- och soppkokare kan du laga v\u00e4xtdrycker bekv\u00e4mt p\u00e5 ett energisparande s\u00e4tt hemma.<br \/>\nInuti det v\u00e4rmeisolerade Cool-Touch-h\u00f6ljet finns en innerbeh\u00e5llare av rostfritt st\u00e5l med integrerad uppv\u00e4rmning. Locket \u00e4r kopplat till en effektiv blandningsenhet som best\u00e5r av ett trevingat blad i rostfritt st\u00e5l samt en avtagbar blandningsklocka, som ger extra fin textur n\u00e4r man blandar gr\u00f6nsaksdryckerna.<br \/>\n\u00c4ven kr\u00e4miga (gr\u00f6nsaks)soppor och gr\u00f6t kan tillagas i kokaren och du kan till och med anv\u00e4nda denna apparat f\u00f6r att tillaga dryckblandningar och smoothies.<br \/>\nKokaren har 9 olika program samt en pulsfunktion f\u00f6r mycket exakt blandning och rivning.<br \/>\nH\u00f6gkvalitativa material och en genomt\u00e4nkt teknik med m\u00e5nga s\u00e4kerhetsfunktioner \u00f6vertygar \u00e4ven den mest kr\u00e4vande anv\u00e4ndaren.<\/p>\n<p>V\u00e4rmeisolerat Cool-Touch h\u00f6lje<br \/>\nLED-display som visar programval och resterande tid<br \/>\nVridknapp och touchsensorer<br \/>\n9 program f\u00f6r m\u00e5ngsidig anv\u00e4ndning: v\u00e4xtdrycker, gr\u00f6t, dryckblandningar, smoothies, soppor, reng\u00f6ringsprogram, separat pulsfunktion<br \/>\nInnerbeh\u00e5llare av rostfritt st\u00e5l, med integrerad v\u00e4rme och bekv\u00e4m pip, maximal fyllning 1,3 liter<br \/>\nAvtagbart lock med motorenhet och trevingat tandat blad i rostfritt st\u00e5l<br \/>\nInnovativ avtagbar blandningsklocka f\u00f6r s\u00e4rskilt fina texturer<br \/>\nTrippelt skydd f\u00f6r maximal s\u00e4kerhet:<br \/>\n&#8211; apparaten stannar n\u00e4r locket tas av<br \/>\n&#8211; \u00f6verfyllnadsskydd<br \/>\n&#8211; v\u00e4rmeskydd<br \/>\nAvtagbar sladd<br \/>\nInklusive m\u00e4tkanna, m\u00e4tkopp, sil<\/p>\n","protected":false},"excerpt":{"rendered":"<p>V\u00e4xtdrycker, s\u00e5som havre-, soja- eller mandeldryck, som ett h\u00e4lsosamma och veganska alternativ till komj\u00f6lk blir mer och mer popul\u00e4rt. Med Rommelsbacher SVD 1400 v\u00e4xtdryck- och soppkokare kan du laga v\u00e4xtdrycker bekv\u00e4mt p\u00e5 ett energisparande s\u00e4tt hemma. Inuti det v\u00e4rmeisolerade Cool-Touch-h\u00f6ljet finns en innerbeh\u00e5llare av rostfritt st\u00e5l med integrerad uppv\u00e4rmning. Locket \u00e4r kopplat till en effektiv [&hellip;]<\/p>\n","protected":false},"featured_media":122231,"comment_status":"open","ping_status":"closed","template":"","meta":{"_acf_changed":false,"_relevanssi_hide_post":"","_relevanssi_hide_content":"","_relevanssi_pin_for_all":"","_relevanssi_pin_keywords":"","_relevanssi_unpin_keywords":"","_relevanssi_related_keywords":"","_relevanssi_related_include_ids":"","_relevanssi_related_exclude_ids":"","_relevanssi_related_no_append":"","_relevanssi_related_not_related":"","_relevanssi_related_posts":"","_relevanssi_noindex_reason":""},"pwb-brand":[37696],"product_brand":[],"product_cat":[37035],"product_tag":[],"class_list":{"0":"post-122289","1":"product","2":"type-product","3":"status-publish","4":"has-post-thumbnail","6":"pwb-brand-rommelsbacher-sv","7":"product_cat-koksmaskiner","9":"first","10":"instock","11":"taxable","12":"shipping-taxable","13":"purchasable","14":"product-type-simple"},"acf":[],"yoast_head":"<!-- This site is optimized with the Yoast SEO plugin v27.5 - https:\/\/yoast.com\/product\/yoast-seo-wordpress\/ -->\n<title>V\u00e4xtdryck- och soppkokare SVD 1400 - Oy Noortrade Ab<\/title>\n<meta name=\"robots\" content=\"index, follow, max-snippet:-1, max-image-preview:large, max-video-preview:-1\" \/>\n<link rel=\"canonical\" href=\"https:\/\/shop.noor.fi\/sv\/produkt\/vaxtdryck-och-sopkokare-svd-1400\/\" \/>\n<meta property=\"og:locale\" content=\"sv_SE\" \/>\n<meta property=\"og:type\" content=\"article\" \/>\n<meta property=\"og:title\" content=\"V\u00e4xtdryck- och soppkokare SVD 1400 - Oy Noortrade Ab\" \/>\n<meta property=\"og:description\" content=\"V\u00e4xtdrycker, s\u00e5som havre-, soja- eller mandeldryck, som ett h\u00e4lsosamma och veganska alternativ till komj\u00f6lk blir mer och mer popul\u00e4rt. Med Rommelsbacher SVD 1400 v\u00e4xtdryck- och soppkokare kan du laga v\u00e4xtdrycker bekv\u00e4mt p\u00e5 ett energisparande s\u00e4tt hemma. Inuti det v\u00e4rmeisolerade Cool-Touch-h\u00f6ljet finns en innerbeh\u00e5llare av rostfritt st\u00e5l med integrerad uppv\u00e4rmning. Locket \u00e4r kopplat till en effektiv [&hellip;]\" \/>\n<meta property=\"og:url\" content=\"https:\/\/shop.noor.fi\/sv\/produkt\/vaxtdryck-och-sopkokare-svd-1400\/\" \/>\n<meta property=\"og:site_name\" content=\"Oy Noortrade Ab\" \/>\n<meta property=\"article:modified_time\" content=\"2026-04-22T12:51:56+00:00\" \/>\n<meta property=\"og:image\" content=\"https:\/\/shop.noor.fi\/wp-content\/uploads\/2024\/11\/4001797290403.jpg\" \/>\n\t<meta property=\"og:image:width\" content=\"1000\" \/>\n\t<meta property=\"og:image:height\" content=\"1000\" \/>\n\t<meta property=\"og:image:type\" content=\"image\/jpeg\" \/>\n<meta name=\"twitter:card\" content=\"summary_large_image\" \/>\n<meta name=\"twitter:label1\" content=\"Ber\u00e4knad l\u00e4stid\" \/>\n\t<meta name=\"twitter:data1\" content=\"2 minuter\" \/>\n<script type=\"application\/ld+json\" class=\"yoast-schema-graph\">{\"@context\":\"https:\\\/\\\/schema.org\",\"@graph\":[{\"@type\":\"WebPage\",\"@id\":\"https:\\\/\\\/shop.noor.fi\\\/sv\\\/produkt\\\/vaxtdryck-och-sopkokare-svd-1400\\\/\",\"url\":\"https:\\\/\\\/shop.noor.fi\\\/sv\\\/produkt\\\/vaxtdryck-och-sopkokare-svd-1400\\\/\",\"name\":\"V\u00e4xtdryck- och soppkokare SVD 1400 - Oy Noortrade Ab\",\"isPartOf\":{\"@id\":\"https:\\\/\\\/shopnoorfi-wp31835.test.cchosting.fi\\\/#website\"},\"primaryImageOfPage\":{\"@id\":\"https:\\\/\\\/shop.noor.fi\\\/sv\\\/produkt\\\/vaxtdryck-och-sopkokare-svd-1400\\\/#primaryimage\"},\"image\":{\"@id\":\"https:\\\/\\\/shop.noor.fi\\\/sv\\\/produkt\\\/vaxtdryck-och-sopkokare-svd-1400\\\/#primaryimage\"},\"thumbnailUrl\":\"https:\\\/\\\/shop.noor.fi\\\/wp-content\\\/uploads\\\/2024\\\/11\\\/4001797290403.jpg\",\"datePublished\":\"2024-11-27T08:17:34+00:00\",\"dateModified\":\"2026-04-22T12:51:56+00:00\",\"breadcrumb\":{\"@id\":\"https:\\\/\\\/shop.noor.fi\\\/sv\\\/produkt\\\/vaxtdryck-och-sopkokare-svd-1400\\\/#breadcrumb\"},\"inLanguage\":\"sv-SE\",\"potentialAction\":[{\"@type\":\"ReadAction\",\"target\":[\"https:\\\/\\\/shop.noor.fi\\\/sv\\\/produkt\\\/vaxtdryck-och-sopkokare-svd-1400\\\/\"]}]},{\"@type\":\"ImageObject\",\"inLanguage\":\"sv-SE\",\"@id\":\"https:\\\/\\\/shop.noor.fi\\\/sv\\\/produkt\\\/vaxtdryck-och-sopkokare-svd-1400\\\/#primaryimage\",\"url\":\"https:\\\/\\\/shop.noor.fi\\\/wp-content\\\/uploads\\\/2024\\\/11\\\/4001797290403.jpg\",\"contentUrl\":\"https:\\\/\\\/shop.noor.fi\\\/wp-content\\\/uploads\\\/2024\\\/11\\\/4001797290403.jpg\",\"width\":1000,\"height\":1000},{\"@type\":\"BreadcrumbList\",\"@id\":\"https:\\\/\\\/shop.noor.fi\\\/sv\\\/produkt\\\/vaxtdryck-och-sopkokare-svd-1400\\\/#breadcrumb\",\"itemListElement\":[{\"@type\":\"ListItem\",\"position\":1,\"name\":\"Etusivu\",\"item\":\"https:\\\/\\\/shop.noor.fi\\\/sv\\\/\"},{\"@type\":\"ListItem\",\"position\":2,\"name\":\"Butik\",\"item\":\"https:\\\/\\\/shopnoorfi-wp31835.test.cchosting.fi\\\/sv\\\/butik\\\/\"},{\"@type\":\"ListItem\",\"position\":3,\"name\":\"V\u00e4xtdryck- och soppkokare SVD 1400\"}]},{\"@type\":\"WebSite\",\"@id\":\"https:\\\/\\\/shopnoorfi-wp31835.test.cchosting.fi\\\/#website\",\"url\":\"https:\\\/\\\/shopnoorfi-wp31835.test.cchosting.fi\\\/\",\"name\":\"Oy Noortrade Ab\",\"description\":\"Finnish family owned company with over 30 years of professional experience in lighting &amp; interior products import and sales - reliably.\",\"publisher\":{\"@id\":\"https:\\\/\\\/shopnoorfi-wp31835.test.cchosting.fi\\\/#organization\"},\"potentialAction\":[{\"@type\":\"SearchAction\",\"target\":{\"@type\":\"EntryPoint\",\"urlTemplate\":\"https:\\\/\\\/shopnoorfi-wp31835.test.cchosting.fi\\\/?s={search_term_string}\"},\"query-input\":{\"@type\":\"PropertyValueSpecification\",\"valueRequired\":true,\"valueName\":\"search_term_string\"}}],\"inLanguage\":\"sv-SE\"},{\"@type\":\"Organization\",\"@id\":\"https:\\\/\\\/shopnoorfi-wp31835.test.cchosting.fi\\\/#organization\",\"name\":\"Oy Noortrade Ab\",\"url\":\"https:\\\/\\\/shopnoorfi-wp31835.test.cchosting.fi\\\/\",\"logo\":{\"@type\":\"ImageObject\",\"inLanguage\":\"sv-SE\",\"@id\":\"https:\\\/\\\/shopnoorfi-wp31835.test.cchosting.fi\\\/#\\\/schema\\\/logo\\\/image\\\/\",\"url\":\"https:\\\/\\\/shop.noor.fi\\\/wp-content\\\/uploads\\\/2024\\\/01\\\/Oy-Noortrade-Ab-Corbel-VERSAL-bold-BLACK.png\",\"contentUrl\":\"https:\\\/\\\/shop.noor.fi\\\/wp-content\\\/uploads\\\/2024\\\/01\\\/Oy-Noortrade-Ab-Corbel-VERSAL-bold-BLACK.png\",\"width\":721,\"height\":177,\"caption\":\"Oy Noortrade Ab\"},\"image\":{\"@id\":\"https:\\\/\\\/shopnoorfi-wp31835.test.cchosting.fi\\\/#\\\/schema\\\/logo\\\/image\\\/\"}}]}<\/script>\n<!-- \/ Yoast SEO plugin. -->","yoast_head_json":{"title":"V\u00e4xtdryck- och soppkokare SVD 1400 - Oy Noortrade Ab","robots":{"index":"index","follow":"follow","max-snippet":"max-snippet:-1","max-image-preview":"max-image-preview:large","max-video-preview":"max-video-preview:-1"},"canonical":"https:\/\/shop.noor.fi\/sv\/produkt\/vaxtdryck-och-sopkokare-svd-1400\/","og_locale":"sv_SE","og_type":"article","og_title":"V\u00e4xtdryck- och soppkokare SVD 1400 - Oy Noortrade Ab","og_description":"V\u00e4xtdrycker, s\u00e5som havre-, soja- eller mandeldryck, som ett h\u00e4lsosamma och veganska alternativ till komj\u00f6lk blir mer och mer popul\u00e4rt. Med Rommelsbacher SVD 1400 v\u00e4xtdryck- och soppkokare kan du laga v\u00e4xtdrycker bekv\u00e4mt p\u00e5 ett energisparande s\u00e4tt hemma. Inuti det v\u00e4rmeisolerade Cool-Touch-h\u00f6ljet finns en innerbeh\u00e5llare av rostfritt st\u00e5l med integrerad uppv\u00e4rmning. Locket \u00e4r kopplat till en effektiv [&hellip;]","og_url":"https:\/\/shop.noor.fi\/sv\/produkt\/vaxtdryck-och-sopkokare-svd-1400\/","og_site_name":"Oy Noortrade Ab","article_modified_time":"2026-04-22T12:51:56+00:00","og_image":[{"width":1000,"height":1000,"url":"https:\/\/shop.noor.fi\/wp-content\/uploads\/2024\/11\/4001797290403.jpg","type":"image\/jpeg"}],"twitter_card":"summary_large_image","twitter_misc":{"Ber\u00e4knad l\u00e4stid":"2 minuter"},"schema":{"@context":"https:\/\/schema.org","@graph":[{"@type":"WebPage","@id":"https:\/\/shop.noor.fi\/sv\/produkt\/vaxtdryck-och-sopkokare-svd-1400\/","url":"https:\/\/shop.noor.fi\/sv\/produkt\/vaxtdryck-och-sopkokare-svd-1400\/","name":"V\u00e4xtdryck- och soppkokare SVD 1400 - Oy Noortrade Ab","isPartOf":{"@id":"https:\/\/shopnoorfi-wp31835.test.cchosting.fi\/#website"},"primaryImageOfPage":{"@id":"https:\/\/shop.noor.fi\/sv\/produkt\/vaxtdryck-och-sopkokare-svd-1400\/#primaryimage"},"image":{"@id":"https:\/\/shop.noor.fi\/sv\/produkt\/vaxtdryck-och-sopkokare-svd-1400\/#primaryimage"},"thumbnailUrl":"https:\/\/shop.noor.fi\/wp-content\/uploads\/2024\/11\/4001797290403.jpg","datePublished":"2024-11-27T08:17:34+00:00","dateModified":"2026-04-22T12:51:56+00:00","breadcrumb":{"@id":"https:\/\/shop.noor.fi\/sv\/produkt\/vaxtdryck-och-sopkokare-svd-1400\/#breadcrumb"},"inLanguage":"sv-SE","potentialAction":[{"@type":"ReadAction","target":["https:\/\/shop.noor.fi\/sv\/produkt\/vaxtdryck-och-sopkokare-svd-1400\/"]}]},{"@type":"ImageObject","inLanguage":"sv-SE","@id":"https:\/\/shop.noor.fi\/sv\/produkt\/vaxtdryck-och-sopkokare-svd-1400\/#primaryimage","url":"https:\/\/shop.noor.fi\/wp-content\/uploads\/2024\/11\/4001797290403.jpg","contentUrl":"https:\/\/shop.noor.fi\/wp-content\/uploads\/2024\/11\/4001797290403.jpg","width":1000,"height":1000},{"@type":"BreadcrumbList","@id":"https:\/\/shop.noor.fi\/sv\/produkt\/vaxtdryck-och-sopkokare-svd-1400\/#breadcrumb","itemListElement":[{"@type":"ListItem","position":1,"name":"Etusivu","item":"https:\/\/shop.noor.fi\/sv\/"},{"@type":"ListItem","position":2,"name":"Butik","item":"https:\/\/shopnoorfi-wp31835.test.cchosting.fi\/sv\/butik\/"},{"@type":"ListItem","position":3,"name":"V\u00e4xtdryck- och soppkokare SVD 1400"}]},{"@type":"WebSite","@id":"https:\/\/shopnoorfi-wp31835.test.cchosting.fi\/#website","url":"https:\/\/shopnoorfi-wp31835.test.cchosting.fi\/","name":"Oy Noortrade Ab","description":"Finnish family owned company with over 30 years of professional experience in lighting &amp; interior products import and sales - reliably.","publisher":{"@id":"https:\/\/shopnoorfi-wp31835.test.cchosting.fi\/#organization"},"potentialAction":[{"@type":"SearchAction","target":{"@type":"EntryPoint","urlTemplate":"https:\/\/shopnoorfi-wp31835.test.cchosting.fi\/?s={search_term_string}"},"query-input":{"@type":"PropertyValueSpecification","valueRequired":true,"valueName":"search_term_string"}}],"inLanguage":"sv-SE"},{"@type":"Organization","@id":"https:\/\/shopnoorfi-wp31835.test.cchosting.fi\/#organization","name":"Oy Noortrade Ab","url":"https:\/\/shopnoorfi-wp31835.test.cchosting.fi\/","logo":{"@type":"ImageObject","inLanguage":"sv-SE","@id":"https:\/\/shopnoorfi-wp31835.test.cchosting.fi\/#\/schema\/logo\/image\/","url":"https:\/\/shop.noor.fi\/wp-content\/uploads\/2024\/01\/Oy-Noortrade-Ab-Corbel-VERSAL-bold-BLACK.png","contentUrl":"https:\/\/shop.noor.fi\/wp-content\/uploads\/2024\/01\/Oy-Noortrade-Ab-Corbel-VERSAL-bold-BLACK.png","width":721,"height":177,"caption":"Oy Noortrade Ab"},"image":{"@id":"https:\/\/shopnoorfi-wp31835.test.cchosting.fi\/#\/schema\/logo\/image\/"}}]}},"brands":[{"id":37696,"name":"Rommelsbacher","slug":"rommelsbacher-sv"}],"_links":{"self":[{"href":"https:\/\/shop.noor.fi\/sv\/wp-json\/wp\/v2\/product\/122289","targetHints":{"allow":["GET"]}}],"collection":[{"href":"https:\/\/shop.noor.fi\/sv\/wp-json\/wp\/v2\/product"}],"about":[{"href":"https:\/\/shop.noor.fi\/sv\/wp-json\/wp\/v2\/types\/product"}],"replies":[{"embeddable":true,"href":"https:\/\/shop.noor.fi\/sv\/wp-json\/wp\/v2\/comments?post=122289"}],"wp:featuredmedia":[{"embeddable":true,"href":"https:\/\/shop.noor.fi\/sv\/wp-json\/wp\/v2\/media\/122231"}],"wp:attachment":[{"href":"https:\/\/shop.noor.fi\/sv\/wp-json\/wp\/v2\/media?parent=122289"}],"wp:term":[{"taxonomy":"pwb-brand","embeddable":true,"href":"https:\/\/shop.noor.fi\/sv\/wp-json\/wp\/v2\/pwb-brand?post=122289"},{"taxonomy":"product_brand","embeddable":true,"href":"https:\/\/shop.noor.fi\/sv\/wp-json\/wp\/v2\/product_brand?post=122289"},{"taxonomy":"product_cat","embeddable":true,"href":"https:\/\/shop.noor.fi\/sv\/wp-json\/wp\/v2\/product_cat?post=122289"},{"taxonomy":"product_tag","embeddable":true,"href":"https:\/\/shop.noor.fi\/sv\/wp-json\/wp\/v2\/product_tag?post=122289"}],"curies":[{"name":"wp","href":"https:\/\/api.w.org\/{rel}","templated":true}]}}