{"id":122287,"date":"2024-11-27T10:17:27","date_gmt":"2024-11-27T08:17:27","guid":{"rendered":"https:\/\/shop.noor.fi\/product\/smorgasgrill-st-710\/"},"modified":"2026-04-22T15:50:58","modified_gmt":"2026-04-22T12:50:58","slug":"smorgasgrill-st-710","status":"publish","type":"product","link":"https:\/\/shop.noor.fi\/sv\/produkt\/smorgasgrill-st-710\/","title":{"rendered":"Sm\u00f6rg\u00e5sgrill ST 710"},"content":{"rendered":"<p>Rommelsbacher ST 710 sm\u00f6rg\u00e5sgrill \u00e4r det perfekta verktyget f\u00f6r att f\u00f6rbereda en liten varm m\u00e5ltid eller ett mellanm\u00e5l p\u00e5 nolltid samt f\u00f6r att underh\u00e5lla g\u00e4ster med kort varsel. Enheten v\u00e4rms upp snabbt och \u00e4r mycket enkel att anv\u00e4nda. De gjutna aluminiumplattorna f\u00f6rdelar v\u00e4rmen optimalt och garanterar en l\u00e4cker krispig yta f\u00f6r det fyllda br\u00f6det. V\u00e4rmeisolerat handtag med l\u00e5s och anti-glid f\u00f6tter garanterar s\u00e4ker anv\u00e4ndning. Non-stick bel\u00e4ggningen f\u00f6rhindrar fastbr\u00e4nt br\u00f6d och \u00e4r enkel att reng\u00f6ra. Sandwichgrillen kan bekv\u00e4mt och platsbesparande f\u00f6rvaras vertikalt i sk\u00e5pet n\u00e4r den inte beh\u00f6vs.<\/p>\n<p>Tillverkad av plast och borstat rostfritt st\u00e5l<br \/>\nSolida pressgjutna plattor i aluminium<br \/>\nH\u00f6gkvalitativ tv\u00e5lagers non-stick bel\u00e4ggning Xylan\u00ae Plus<br \/>\nSnabb uppv\u00e4rmning, indikatorlampor f\u00f6r p\u00e5slagning och temperatur<br \/>\nV\u00e4rmeisolerat handtag med l\u00e5s<br \/>\nVertikal f\u00f6rvaring<br \/>\nAnti-glid f\u00f6tter<br \/>\nKapacitet 2 sm\u00f6rg\u00e5sar<\/p>\n","protected":false},"excerpt":{"rendered":"<p>Rommelsbacher ST 710 sm\u00f6rg\u00e5sgrill \u00e4r det perfekta verktyget f\u00f6r att f\u00f6rbereda en liten varm m\u00e5ltid eller ett mellanm\u00e5l p\u00e5 nolltid samt f\u00f6r att underh\u00e5lla g\u00e4ster med kort varsel. Enheten v\u00e4rms upp snabbt och \u00e4r mycket enkel att anv\u00e4nda. De gjutna aluminiumplattorna f\u00f6rdelar v\u00e4rmen optimalt och garanterar en l\u00e4cker krispig yta f\u00f6r det fyllda br\u00f6det. V\u00e4rmeisolerat [&hellip;]<\/p>\n","protected":false},"featured_media":121799,"comment_status":"open","ping_status":"closed","template":"","meta":{"_acf_changed":false,"_relevanssi_hide_post":"","_relevanssi_hide_content":"","_relevanssi_pin_for_all":"","_relevanssi_pin_keywords":"","_relevanssi_unpin_keywords":"","_relevanssi_related_keywords":"","_relevanssi_related_include_ids":"","_relevanssi_related_exclude_ids":"","_relevanssi_related_no_append":"","_relevanssi_related_not_related":"","_relevanssi_related_posts":"","_relevanssi_noindex_reason":""},"pwb-brand":[37696],"product_brand":[],"product_cat":[37035],"product_tag":[],"class_list":{"0":"post-122287","1":"product","2":"type-product","3":"status-publish","4":"has-post-thumbnail","6":"pwb-brand-rommelsbacher-sv","7":"product_cat-koksmaskiner","9":"first","10":"instock","11":"taxable","12":"shipping-taxable","13":"purchasable","14":"product-type-simple"},"acf":[],"yoast_head":"<!-- This site is optimized with the Yoast SEO plugin v27.5 - https:\/\/yoast.com\/product\/yoast-seo-wordpress\/ -->\n<title>Sm\u00f6rg\u00e5sgrill ST 710 - Oy Noortrade Ab<\/title>\n<meta name=\"robots\" content=\"index, follow, max-snippet:-1, max-image-preview:large, max-video-preview:-1\" \/>\n<link rel=\"canonical\" href=\"https:\/\/shop.noor.fi\/sv\/produkt\/smorgasgrill-st-710\/\" \/>\n<meta property=\"og:locale\" content=\"sv_SE\" \/>\n<meta property=\"og:type\" content=\"article\" \/>\n<meta property=\"og:title\" content=\"Sm\u00f6rg\u00e5sgrill ST 710 - Oy Noortrade Ab\" \/>\n<meta property=\"og:description\" content=\"Rommelsbacher ST 710 sm\u00f6rg\u00e5sgrill \u00e4r det perfekta verktyget f\u00f6r att f\u00f6rbereda en liten varm m\u00e5ltid eller ett mellanm\u00e5l p\u00e5 nolltid samt f\u00f6r att underh\u00e5lla g\u00e4ster med kort varsel. Enheten v\u00e4rms upp snabbt och \u00e4r mycket enkel att anv\u00e4nda. De gjutna aluminiumplattorna f\u00f6rdelar v\u00e4rmen optimalt och garanterar en l\u00e4cker krispig yta f\u00f6r det fyllda br\u00f6det. V\u00e4rmeisolerat [&hellip;]\" \/>\n<meta property=\"og:url\" content=\"https:\/\/shop.noor.fi\/sv\/produkt\/smorgasgrill-st-710\/\" \/>\n<meta property=\"og:site_name\" content=\"Oy Noortrade Ab\" \/>\n<meta property=\"article:modified_time\" content=\"2026-04-22T12:50:58+00:00\" \/>\n<meta property=\"og:image\" content=\"https:\/\/shop.noor.fi\/wp-content\/uploads\/2024\/11\/4001797292001.jpg\" \/>\n\t<meta property=\"og:image:width\" content=\"1000\" \/>\n\t<meta property=\"og:image:height\" content=\"1000\" \/>\n\t<meta property=\"og:image:type\" content=\"image\/jpeg\" \/>\n<meta name=\"twitter:card\" content=\"summary_large_image\" \/>\n<meta name=\"twitter:label1\" content=\"Ber\u00e4knad l\u00e4stid\" \/>\n\t<meta name=\"twitter:data1\" content=\"1 minut\" \/>\n<script type=\"application\/ld+json\" class=\"yoast-schema-graph\">{\"@context\":\"https:\\\/\\\/schema.org\",\"@graph\":[{\"@type\":\"WebPage\",\"@id\":\"https:\\\/\\\/shop.noor.fi\\\/sv\\\/produkt\\\/smorgasgrill-st-710\\\/\",\"url\":\"https:\\\/\\\/shop.noor.fi\\\/sv\\\/produkt\\\/smorgasgrill-st-710\\\/\",\"name\":\"Sm\u00f6rg\u00e5sgrill ST 710 - Oy Noortrade Ab\",\"isPartOf\":{\"@id\":\"https:\\\/\\\/shopnoorfi-wp31835.test.cchosting.fi\\\/#website\"},\"primaryImageOfPage\":{\"@id\":\"https:\\\/\\\/shop.noor.fi\\\/sv\\\/produkt\\\/smorgasgrill-st-710\\\/#primaryimage\"},\"image\":{\"@id\":\"https:\\\/\\\/shop.noor.fi\\\/sv\\\/produkt\\\/smorgasgrill-st-710\\\/#primaryimage\"},\"thumbnailUrl\":\"https:\\\/\\\/shop.noor.fi\\\/wp-content\\\/uploads\\\/2024\\\/11\\\/4001797292001.jpg\",\"datePublished\":\"2024-11-27T08:17:27+00:00\",\"dateModified\":\"2026-04-22T12:50:58+00:00\",\"breadcrumb\":{\"@id\":\"https:\\\/\\\/shop.noor.fi\\\/sv\\\/produkt\\\/smorgasgrill-st-710\\\/#breadcrumb\"},\"inLanguage\":\"sv-SE\",\"potentialAction\":[{\"@type\":\"ReadAction\",\"target\":[\"https:\\\/\\\/shop.noor.fi\\\/sv\\\/produkt\\\/smorgasgrill-st-710\\\/\"]}]},{\"@type\":\"ImageObject\",\"inLanguage\":\"sv-SE\",\"@id\":\"https:\\\/\\\/shop.noor.fi\\\/sv\\\/produkt\\\/smorgasgrill-st-710\\\/#primaryimage\",\"url\":\"https:\\\/\\\/shop.noor.fi\\\/wp-content\\\/uploads\\\/2024\\\/11\\\/4001797292001.jpg\",\"contentUrl\":\"https:\\\/\\\/shop.noor.fi\\\/wp-content\\\/uploads\\\/2024\\\/11\\\/4001797292001.jpg\",\"width\":1000,\"height\":1000},{\"@type\":\"BreadcrumbList\",\"@id\":\"https:\\\/\\\/shop.noor.fi\\\/sv\\\/produkt\\\/smorgasgrill-st-710\\\/#breadcrumb\",\"itemListElement\":[{\"@type\":\"ListItem\",\"position\":1,\"name\":\"Etusivu\",\"item\":\"https:\\\/\\\/shop.noor.fi\\\/sv\\\/\"},{\"@type\":\"ListItem\",\"position\":2,\"name\":\"Butik\",\"item\":\"https:\\\/\\\/shopnoorfi-wp31835.test.cchosting.fi\\\/sv\\\/butik\\\/\"},{\"@type\":\"ListItem\",\"position\":3,\"name\":\"Sm\u00f6rg\u00e5sgrill ST 710\"}]},{\"@type\":\"WebSite\",\"@id\":\"https:\\\/\\\/shopnoorfi-wp31835.test.cchosting.fi\\\/#website\",\"url\":\"https:\\\/\\\/shopnoorfi-wp31835.test.cchosting.fi\\\/\",\"name\":\"Oy Noortrade Ab\",\"description\":\"Finnish family owned company with over 30 years of professional experience in lighting &amp; interior products import and sales - reliably.\",\"publisher\":{\"@id\":\"https:\\\/\\\/shopnoorfi-wp31835.test.cchosting.fi\\\/#organization\"},\"potentialAction\":[{\"@type\":\"SearchAction\",\"target\":{\"@type\":\"EntryPoint\",\"urlTemplate\":\"https:\\\/\\\/shopnoorfi-wp31835.test.cchosting.fi\\\/?s={search_term_string}\"},\"query-input\":{\"@type\":\"PropertyValueSpecification\",\"valueRequired\":true,\"valueName\":\"search_term_string\"}}],\"inLanguage\":\"sv-SE\"},{\"@type\":\"Organization\",\"@id\":\"https:\\\/\\\/shopnoorfi-wp31835.test.cchosting.fi\\\/#organization\",\"name\":\"Oy Noortrade Ab\",\"url\":\"https:\\\/\\\/shopnoorfi-wp31835.test.cchosting.fi\\\/\",\"logo\":{\"@type\":\"ImageObject\",\"inLanguage\":\"sv-SE\",\"@id\":\"https:\\\/\\\/shopnoorfi-wp31835.test.cchosting.fi\\\/#\\\/schema\\\/logo\\\/image\\\/\",\"url\":\"https:\\\/\\\/shop.noor.fi\\\/wp-content\\\/uploads\\\/2024\\\/01\\\/Oy-Noortrade-Ab-Corbel-VERSAL-bold-BLACK.png\",\"contentUrl\":\"https:\\\/\\\/shop.noor.fi\\\/wp-content\\\/uploads\\\/2024\\\/01\\\/Oy-Noortrade-Ab-Corbel-VERSAL-bold-BLACK.png\",\"width\":721,\"height\":177,\"caption\":\"Oy Noortrade Ab\"},\"image\":{\"@id\":\"https:\\\/\\\/shopnoorfi-wp31835.test.cchosting.fi\\\/#\\\/schema\\\/logo\\\/image\\\/\"}}]}<\/script>\n<!-- \/ Yoast SEO plugin. -->","yoast_head_json":{"title":"Sm\u00f6rg\u00e5sgrill ST 710 - Oy Noortrade Ab","robots":{"index":"index","follow":"follow","max-snippet":"max-snippet:-1","max-image-preview":"max-image-preview:large","max-video-preview":"max-video-preview:-1"},"canonical":"https:\/\/shop.noor.fi\/sv\/produkt\/smorgasgrill-st-710\/","og_locale":"sv_SE","og_type":"article","og_title":"Sm\u00f6rg\u00e5sgrill ST 710 - Oy Noortrade Ab","og_description":"Rommelsbacher ST 710 sm\u00f6rg\u00e5sgrill \u00e4r det perfekta verktyget f\u00f6r att f\u00f6rbereda en liten varm m\u00e5ltid eller ett mellanm\u00e5l p\u00e5 nolltid samt f\u00f6r att underh\u00e5lla g\u00e4ster med kort varsel. Enheten v\u00e4rms upp snabbt och \u00e4r mycket enkel att anv\u00e4nda. De gjutna aluminiumplattorna f\u00f6rdelar v\u00e4rmen optimalt och garanterar en l\u00e4cker krispig yta f\u00f6r det fyllda br\u00f6det. V\u00e4rmeisolerat [&hellip;]","og_url":"https:\/\/shop.noor.fi\/sv\/produkt\/smorgasgrill-st-710\/","og_site_name":"Oy Noortrade Ab","article_modified_time":"2026-04-22T12:50:58+00:00","og_image":[{"width":1000,"height":1000,"url":"https:\/\/shop.noor.fi\/wp-content\/uploads\/2024\/11\/4001797292001.jpg","type":"image\/jpeg"}],"twitter_card":"summary_large_image","twitter_misc":{"Ber\u00e4knad l\u00e4stid":"1 minut"},"schema":{"@context":"https:\/\/schema.org","@graph":[{"@type":"WebPage","@id":"https:\/\/shop.noor.fi\/sv\/produkt\/smorgasgrill-st-710\/","url":"https:\/\/shop.noor.fi\/sv\/produkt\/smorgasgrill-st-710\/","name":"Sm\u00f6rg\u00e5sgrill ST 710 - Oy Noortrade Ab","isPartOf":{"@id":"https:\/\/shopnoorfi-wp31835.test.cchosting.fi\/#website"},"primaryImageOfPage":{"@id":"https:\/\/shop.noor.fi\/sv\/produkt\/smorgasgrill-st-710\/#primaryimage"},"image":{"@id":"https:\/\/shop.noor.fi\/sv\/produkt\/smorgasgrill-st-710\/#primaryimage"},"thumbnailUrl":"https:\/\/shop.noor.fi\/wp-content\/uploads\/2024\/11\/4001797292001.jpg","datePublished":"2024-11-27T08:17:27+00:00","dateModified":"2026-04-22T12:50:58+00:00","breadcrumb":{"@id":"https:\/\/shop.noor.fi\/sv\/produkt\/smorgasgrill-st-710\/#breadcrumb"},"inLanguage":"sv-SE","potentialAction":[{"@type":"ReadAction","target":["https:\/\/shop.noor.fi\/sv\/produkt\/smorgasgrill-st-710\/"]}]},{"@type":"ImageObject","inLanguage":"sv-SE","@id":"https:\/\/shop.noor.fi\/sv\/produkt\/smorgasgrill-st-710\/#primaryimage","url":"https:\/\/shop.noor.fi\/wp-content\/uploads\/2024\/11\/4001797292001.jpg","contentUrl":"https:\/\/shop.noor.fi\/wp-content\/uploads\/2024\/11\/4001797292001.jpg","width":1000,"height":1000},{"@type":"BreadcrumbList","@id":"https:\/\/shop.noor.fi\/sv\/produkt\/smorgasgrill-st-710\/#breadcrumb","itemListElement":[{"@type":"ListItem","position":1,"name":"Etusivu","item":"https:\/\/shop.noor.fi\/sv\/"},{"@type":"ListItem","position":2,"name":"Butik","item":"https:\/\/shopnoorfi-wp31835.test.cchosting.fi\/sv\/butik\/"},{"@type":"ListItem","position":3,"name":"Sm\u00f6rg\u00e5sgrill ST 710"}]},{"@type":"WebSite","@id":"https:\/\/shopnoorfi-wp31835.test.cchosting.fi\/#website","url":"https:\/\/shopnoorfi-wp31835.test.cchosting.fi\/","name":"Oy Noortrade Ab","description":"Finnish family owned company with over 30 years of professional experience in lighting &amp; interior products import and sales - reliably.","publisher":{"@id":"https:\/\/shopnoorfi-wp31835.test.cchosting.fi\/#organization"},"potentialAction":[{"@type":"SearchAction","target":{"@type":"EntryPoint","urlTemplate":"https:\/\/shopnoorfi-wp31835.test.cchosting.fi\/?s={search_term_string}"},"query-input":{"@type":"PropertyValueSpecification","valueRequired":true,"valueName":"search_term_string"}}],"inLanguage":"sv-SE"},{"@type":"Organization","@id":"https:\/\/shopnoorfi-wp31835.test.cchosting.fi\/#organization","name":"Oy Noortrade Ab","url":"https:\/\/shopnoorfi-wp31835.test.cchosting.fi\/","logo":{"@type":"ImageObject","inLanguage":"sv-SE","@id":"https:\/\/shopnoorfi-wp31835.test.cchosting.fi\/#\/schema\/logo\/image\/","url":"https:\/\/shop.noor.fi\/wp-content\/uploads\/2024\/01\/Oy-Noortrade-Ab-Corbel-VERSAL-bold-BLACK.png","contentUrl":"https:\/\/shop.noor.fi\/wp-content\/uploads\/2024\/01\/Oy-Noortrade-Ab-Corbel-VERSAL-bold-BLACK.png","width":721,"height":177,"caption":"Oy Noortrade Ab"},"image":{"@id":"https:\/\/shopnoorfi-wp31835.test.cchosting.fi\/#\/schema\/logo\/image\/"}}]}},"brands":[{"id":37696,"name":"Rommelsbacher","slug":"rommelsbacher-sv"}],"_links":{"self":[{"href":"https:\/\/shop.noor.fi\/sv\/wp-json\/wp\/v2\/product\/122287","targetHints":{"allow":["GET"]}}],"collection":[{"href":"https:\/\/shop.noor.fi\/sv\/wp-json\/wp\/v2\/product"}],"about":[{"href":"https:\/\/shop.noor.fi\/sv\/wp-json\/wp\/v2\/types\/product"}],"replies":[{"embeddable":true,"href":"https:\/\/shop.noor.fi\/sv\/wp-json\/wp\/v2\/comments?post=122287"}],"wp:featuredmedia":[{"embeddable":true,"href":"https:\/\/shop.noor.fi\/sv\/wp-json\/wp\/v2\/media\/121799"}],"wp:attachment":[{"href":"https:\/\/shop.noor.fi\/sv\/wp-json\/wp\/v2\/media?parent=122287"}],"wp:term":[{"taxonomy":"pwb-brand","embeddable":true,"href":"https:\/\/shop.noor.fi\/sv\/wp-json\/wp\/v2\/pwb-brand?post=122287"},{"taxonomy":"product_brand","embeddable":true,"href":"https:\/\/shop.noor.fi\/sv\/wp-json\/wp\/v2\/product_brand?post=122287"},{"taxonomy":"product_cat","embeddable":true,"href":"https:\/\/shop.noor.fi\/sv\/wp-json\/wp\/v2\/product_cat?post=122287"},{"taxonomy":"product_tag","embeddable":true,"href":"https:\/\/shop.noor.fi\/sv\/wp-json\/wp\/v2\/product_tag?post=122287"}],"curies":[{"name":"wp","href":"https:\/\/api.w.org\/{rel}","templated":true}]}}