{"id":122285,"date":"2024-11-27T10:17:18","date_gmt":"2024-11-27T08:17:18","guid":{"rendered":"https:\/\/shop.noor.fi\/product\/smorgasgrill-st-1000\/"},"modified":"2026-04-22T15:50:18","modified_gmt":"2026-04-22T12:50:18","slug":"smorgasgrill-st-1000","status":"publish","type":"product","link":"https:\/\/shop.noor.fi\/sv\/produkt\/smorgasgrill-st-1000\/","title":{"rendered":"Sm\u00f6rg\u00e5sgrill ST 1000"},"content":{"rendered":"<p>Rommelsbacher ST 1000 sm\u00f6rg\u00e5sgrill trollar fram tv\u00e5 varma sm\u00f6rg\u00e5sar p\u00e5 nolltid, som \u00e4ven kan vara i XL storlek och gener\u00f6st fyllda. Den \u00e4r perfekt f\u00f6r att snabbt och bekv\u00e4mt gl\u00e4dja stora och sm\u00e5 sm\u00f6rg\u00e5s\u00e4lskare med krispiga, saftiga sm\u00f6rg\u00e5sspecialiteter. Oavsett om det \u00e4r klassiskt fyllt eller toppat enligt dina egna preferenser, antingen som mellanm\u00e5l, som huvudr\u00e4tt eller gjort av kaksmet till efterr\u00e4tt &#8211; m\u00f6jligheterna \u00e4r m\u00e5ngsidiga. Bakplattornarna p\u00e5 ST 1000 \u00e4r extra djupa och designade f\u00f6r gener\u00f6sa fyllningar; deras speciella design hindrar dem fr\u00e5n att sv\u00e4mma \u00f6ver under f\u00f6rberedelsen. Den effektiva apparaten v\u00e4rms upp snabbt och gr\u00e4ddar mycket j\u00e4mnt; de extra h\u00f6ga avdelare g\u00f6r det enkelt att dela upp det f\u00e4rdiga mellanm\u00e5let. S\u00e4kerheten vid anv\u00e4ndning garanteras av de v\u00e4rmeisolerade handtagen, \u00f6verhettningsskyddet, tv\u00e5 signallampor och den solida, stabila anti-slip konstruktionen. Reng\u00f6ringen \u00e4r mycket enkel tack vare den speciella designen av bakplattorna och den h\u00f6gkvalitativa non-stick-bel\u00e4ggningen. Sm\u00f6rg\u00e5sgrillen kan f\u00f6rvaras vertikalt i k\u00f6kssk\u00e5pet f\u00f6r att spara utrymme, s\u00e5 att den snabbt \u00e4r redo f\u00f6r n\u00e4sta anv\u00e4ndning.<\/p>\n<p>Solida pressgjutna plattor i aluminium<br \/>\nH\u00f6gkvalitativ tv\u00e5lagers non-stick bel\u00e4ggning Xylan\u00ae Plus<br \/>\nStora och extra djupa bakformar f\u00f6r 2 XL-sm\u00f6rg\u00e5sar (ca 12 x 12 cm)<br \/>\nSpeciellt formade bakplattor med \u00f6verfyllningsskydd<br \/>\nOptimal allroundf\u00f6rsegling av sm\u00f6rg\u00e5sarna, extra h\u00f6ga avdelare<br \/>\nEffektiv och snabbt redo att anv\u00e4ndas, indikatorlampor f\u00f6r p\u00e5slagning och temperatur<br \/>\nRobust konstruktion med stabilt stativ och anti-glid silikonf\u00f6tter<br \/>\nV\u00e4rmeisolerat handtag, \u00f6verhettningsskydd<br \/>\nVertikal f\u00f6rvaring<\/p>\n","protected":false},"excerpt":{"rendered":"<p>Rommelsbacher ST 1000 sm\u00f6rg\u00e5sgrill trollar fram tv\u00e5 varma sm\u00f6rg\u00e5sar p\u00e5 nolltid, som \u00e4ven kan vara i XL storlek och gener\u00f6st fyllda. Den \u00e4r perfekt f\u00f6r att snabbt och bekv\u00e4mt gl\u00e4dja stora och sm\u00e5 sm\u00f6rg\u00e5s\u00e4lskare med krispiga, saftiga sm\u00f6rg\u00e5sspecialiteter. Oavsett om det \u00e4r klassiskt fyllt eller toppat enligt dina egna preferenser, antingen som mellanm\u00e5l, som huvudr\u00e4tt [&hellip;]<\/p>\n","protected":false},"featured_media":121805,"comment_status":"open","ping_status":"closed","template":"","meta":{"_acf_changed":false,"_relevanssi_hide_post":"","_relevanssi_hide_content":"","_relevanssi_pin_for_all":"","_relevanssi_pin_keywords":"","_relevanssi_unpin_keywords":"","_relevanssi_related_keywords":"","_relevanssi_related_include_ids":"","_relevanssi_related_exclude_ids":"","_relevanssi_related_no_append":"","_relevanssi_related_not_related":"","_relevanssi_related_posts":"","_relevanssi_noindex_reason":""},"pwb-brand":[37696],"product_brand":[],"product_cat":[37035],"product_tag":[],"class_list":{"0":"post-122285","1":"product","2":"type-product","3":"status-publish","4":"has-post-thumbnail","6":"pwb-brand-rommelsbacher-sv","7":"product_cat-koksmaskiner","9":"first","10":"instock","11":"taxable","12":"shipping-taxable","13":"purchasable","14":"product-type-simple"},"acf":[],"yoast_head":"<!-- This site is optimized with the Yoast SEO plugin v27.5 - https:\/\/yoast.com\/product\/yoast-seo-wordpress\/ -->\n<title>Sm\u00f6rg\u00e5sgrill ST 1000 - Oy Noortrade Ab<\/title>\n<meta name=\"robots\" content=\"index, follow, max-snippet:-1, max-image-preview:large, max-video-preview:-1\" \/>\n<link rel=\"canonical\" href=\"https:\/\/shop.noor.fi\/sv\/produkt\/smorgasgrill-st-1000\/\" \/>\n<meta property=\"og:locale\" content=\"sv_SE\" \/>\n<meta property=\"og:type\" content=\"article\" \/>\n<meta property=\"og:title\" content=\"Sm\u00f6rg\u00e5sgrill ST 1000 - Oy Noortrade Ab\" \/>\n<meta property=\"og:description\" content=\"Rommelsbacher ST 1000 sm\u00f6rg\u00e5sgrill trollar fram tv\u00e5 varma sm\u00f6rg\u00e5sar p\u00e5 nolltid, som \u00e4ven kan vara i XL storlek och gener\u00f6st fyllda. Den \u00e4r perfekt f\u00f6r att snabbt och bekv\u00e4mt gl\u00e4dja stora och sm\u00e5 sm\u00f6rg\u00e5s\u00e4lskare med krispiga, saftiga sm\u00f6rg\u00e5sspecialiteter. Oavsett om det \u00e4r klassiskt fyllt eller toppat enligt dina egna preferenser, antingen som mellanm\u00e5l, som huvudr\u00e4tt [&hellip;]\" \/>\n<meta property=\"og:url\" content=\"https:\/\/shop.noor.fi\/sv\/produkt\/smorgasgrill-st-1000\/\" \/>\n<meta property=\"og:site_name\" content=\"Oy Noortrade Ab\" \/>\n<meta property=\"article:modified_time\" content=\"2026-04-22T12:50:18+00:00\" \/>\n<meta property=\"og:image\" content=\"https:\/\/shop.noor.fi\/wp-content\/uploads\/2024\/11\/4001797291202.jpg\" \/>\n\t<meta property=\"og:image:width\" content=\"1000\" \/>\n\t<meta property=\"og:image:height\" content=\"1000\" \/>\n\t<meta property=\"og:image:type\" content=\"image\/jpeg\" \/>\n<meta name=\"twitter:card\" content=\"summary_large_image\" \/>\n<meta name=\"twitter:label1\" content=\"Ber\u00e4knad l\u00e4stid\" \/>\n\t<meta name=\"twitter:data1\" content=\"2 minuter\" \/>\n<script type=\"application\/ld+json\" class=\"yoast-schema-graph\">{\"@context\":\"https:\\\/\\\/schema.org\",\"@graph\":[{\"@type\":\"WebPage\",\"@id\":\"https:\\\/\\\/shop.noor.fi\\\/sv\\\/produkt\\\/smorgasgrill-st-1000\\\/\",\"url\":\"https:\\\/\\\/shop.noor.fi\\\/sv\\\/produkt\\\/smorgasgrill-st-1000\\\/\",\"name\":\"Sm\u00f6rg\u00e5sgrill ST 1000 - Oy Noortrade Ab\",\"isPartOf\":{\"@id\":\"https:\\\/\\\/shopnoorfi-wp31835.test.cchosting.fi\\\/#website\"},\"primaryImageOfPage\":{\"@id\":\"https:\\\/\\\/shop.noor.fi\\\/sv\\\/produkt\\\/smorgasgrill-st-1000\\\/#primaryimage\"},\"image\":{\"@id\":\"https:\\\/\\\/shop.noor.fi\\\/sv\\\/produkt\\\/smorgasgrill-st-1000\\\/#primaryimage\"},\"thumbnailUrl\":\"https:\\\/\\\/shop.noor.fi\\\/wp-content\\\/uploads\\\/2024\\\/11\\\/4001797291202.jpg\",\"datePublished\":\"2024-11-27T08:17:18+00:00\",\"dateModified\":\"2026-04-22T12:50:18+00:00\",\"breadcrumb\":{\"@id\":\"https:\\\/\\\/shop.noor.fi\\\/sv\\\/produkt\\\/smorgasgrill-st-1000\\\/#breadcrumb\"},\"inLanguage\":\"sv-SE\",\"potentialAction\":[{\"@type\":\"ReadAction\",\"target\":[\"https:\\\/\\\/shop.noor.fi\\\/sv\\\/produkt\\\/smorgasgrill-st-1000\\\/\"]}]},{\"@type\":\"ImageObject\",\"inLanguage\":\"sv-SE\",\"@id\":\"https:\\\/\\\/shop.noor.fi\\\/sv\\\/produkt\\\/smorgasgrill-st-1000\\\/#primaryimage\",\"url\":\"https:\\\/\\\/shop.noor.fi\\\/wp-content\\\/uploads\\\/2024\\\/11\\\/4001797291202.jpg\",\"contentUrl\":\"https:\\\/\\\/shop.noor.fi\\\/wp-content\\\/uploads\\\/2024\\\/11\\\/4001797291202.jpg\",\"width\":1000,\"height\":1000},{\"@type\":\"BreadcrumbList\",\"@id\":\"https:\\\/\\\/shop.noor.fi\\\/sv\\\/produkt\\\/smorgasgrill-st-1000\\\/#breadcrumb\",\"itemListElement\":[{\"@type\":\"ListItem\",\"position\":1,\"name\":\"Etusivu\",\"item\":\"https:\\\/\\\/shop.noor.fi\\\/sv\\\/\"},{\"@type\":\"ListItem\",\"position\":2,\"name\":\"Butik\",\"item\":\"https:\\\/\\\/shopnoorfi-wp31835.test.cchosting.fi\\\/sv\\\/butik\\\/\"},{\"@type\":\"ListItem\",\"position\":3,\"name\":\"Sm\u00f6rg\u00e5sgrill ST 1000\"}]},{\"@type\":\"WebSite\",\"@id\":\"https:\\\/\\\/shopnoorfi-wp31835.test.cchosting.fi\\\/#website\",\"url\":\"https:\\\/\\\/shopnoorfi-wp31835.test.cchosting.fi\\\/\",\"name\":\"Oy Noortrade Ab\",\"description\":\"Finnish family owned company with over 30 years of professional experience in lighting &amp; interior products import and sales - reliably.\",\"publisher\":{\"@id\":\"https:\\\/\\\/shopnoorfi-wp31835.test.cchosting.fi\\\/#organization\"},\"potentialAction\":[{\"@type\":\"SearchAction\",\"target\":{\"@type\":\"EntryPoint\",\"urlTemplate\":\"https:\\\/\\\/shopnoorfi-wp31835.test.cchosting.fi\\\/?s={search_term_string}\"},\"query-input\":{\"@type\":\"PropertyValueSpecification\",\"valueRequired\":true,\"valueName\":\"search_term_string\"}}],\"inLanguage\":\"sv-SE\"},{\"@type\":\"Organization\",\"@id\":\"https:\\\/\\\/shopnoorfi-wp31835.test.cchosting.fi\\\/#organization\",\"name\":\"Oy Noortrade Ab\",\"url\":\"https:\\\/\\\/shopnoorfi-wp31835.test.cchosting.fi\\\/\",\"logo\":{\"@type\":\"ImageObject\",\"inLanguage\":\"sv-SE\",\"@id\":\"https:\\\/\\\/shopnoorfi-wp31835.test.cchosting.fi\\\/#\\\/schema\\\/logo\\\/image\\\/\",\"url\":\"https:\\\/\\\/shop.noor.fi\\\/wp-content\\\/uploads\\\/2024\\\/01\\\/Oy-Noortrade-Ab-Corbel-VERSAL-bold-BLACK.png\",\"contentUrl\":\"https:\\\/\\\/shop.noor.fi\\\/wp-content\\\/uploads\\\/2024\\\/01\\\/Oy-Noortrade-Ab-Corbel-VERSAL-bold-BLACK.png\",\"width\":721,\"height\":177,\"caption\":\"Oy Noortrade Ab\"},\"image\":{\"@id\":\"https:\\\/\\\/shopnoorfi-wp31835.test.cchosting.fi\\\/#\\\/schema\\\/logo\\\/image\\\/\"}}]}<\/script>\n<!-- \/ Yoast SEO plugin. -->","yoast_head_json":{"title":"Sm\u00f6rg\u00e5sgrill ST 1000 - Oy Noortrade Ab","robots":{"index":"index","follow":"follow","max-snippet":"max-snippet:-1","max-image-preview":"max-image-preview:large","max-video-preview":"max-video-preview:-1"},"canonical":"https:\/\/shop.noor.fi\/sv\/produkt\/smorgasgrill-st-1000\/","og_locale":"sv_SE","og_type":"article","og_title":"Sm\u00f6rg\u00e5sgrill ST 1000 - Oy Noortrade Ab","og_description":"Rommelsbacher ST 1000 sm\u00f6rg\u00e5sgrill trollar fram tv\u00e5 varma sm\u00f6rg\u00e5sar p\u00e5 nolltid, som \u00e4ven kan vara i XL storlek och gener\u00f6st fyllda. Den \u00e4r perfekt f\u00f6r att snabbt och bekv\u00e4mt gl\u00e4dja stora och sm\u00e5 sm\u00f6rg\u00e5s\u00e4lskare med krispiga, saftiga sm\u00f6rg\u00e5sspecialiteter. Oavsett om det \u00e4r klassiskt fyllt eller toppat enligt dina egna preferenser, antingen som mellanm\u00e5l, som huvudr\u00e4tt [&hellip;]","og_url":"https:\/\/shop.noor.fi\/sv\/produkt\/smorgasgrill-st-1000\/","og_site_name":"Oy Noortrade Ab","article_modified_time":"2026-04-22T12:50:18+00:00","og_image":[{"width":1000,"height":1000,"url":"https:\/\/shop.noor.fi\/wp-content\/uploads\/2024\/11\/4001797291202.jpg","type":"image\/jpeg"}],"twitter_card":"summary_large_image","twitter_misc":{"Ber\u00e4knad l\u00e4stid":"2 minuter"},"schema":{"@context":"https:\/\/schema.org","@graph":[{"@type":"WebPage","@id":"https:\/\/shop.noor.fi\/sv\/produkt\/smorgasgrill-st-1000\/","url":"https:\/\/shop.noor.fi\/sv\/produkt\/smorgasgrill-st-1000\/","name":"Sm\u00f6rg\u00e5sgrill ST 1000 - Oy Noortrade Ab","isPartOf":{"@id":"https:\/\/shopnoorfi-wp31835.test.cchosting.fi\/#website"},"primaryImageOfPage":{"@id":"https:\/\/shop.noor.fi\/sv\/produkt\/smorgasgrill-st-1000\/#primaryimage"},"image":{"@id":"https:\/\/shop.noor.fi\/sv\/produkt\/smorgasgrill-st-1000\/#primaryimage"},"thumbnailUrl":"https:\/\/shop.noor.fi\/wp-content\/uploads\/2024\/11\/4001797291202.jpg","datePublished":"2024-11-27T08:17:18+00:00","dateModified":"2026-04-22T12:50:18+00:00","breadcrumb":{"@id":"https:\/\/shop.noor.fi\/sv\/produkt\/smorgasgrill-st-1000\/#breadcrumb"},"inLanguage":"sv-SE","potentialAction":[{"@type":"ReadAction","target":["https:\/\/shop.noor.fi\/sv\/produkt\/smorgasgrill-st-1000\/"]}]},{"@type":"ImageObject","inLanguage":"sv-SE","@id":"https:\/\/shop.noor.fi\/sv\/produkt\/smorgasgrill-st-1000\/#primaryimage","url":"https:\/\/shop.noor.fi\/wp-content\/uploads\/2024\/11\/4001797291202.jpg","contentUrl":"https:\/\/shop.noor.fi\/wp-content\/uploads\/2024\/11\/4001797291202.jpg","width":1000,"height":1000},{"@type":"BreadcrumbList","@id":"https:\/\/shop.noor.fi\/sv\/produkt\/smorgasgrill-st-1000\/#breadcrumb","itemListElement":[{"@type":"ListItem","position":1,"name":"Etusivu","item":"https:\/\/shop.noor.fi\/sv\/"},{"@type":"ListItem","position":2,"name":"Butik","item":"https:\/\/shopnoorfi-wp31835.test.cchosting.fi\/sv\/butik\/"},{"@type":"ListItem","position":3,"name":"Sm\u00f6rg\u00e5sgrill ST 1000"}]},{"@type":"WebSite","@id":"https:\/\/shopnoorfi-wp31835.test.cchosting.fi\/#website","url":"https:\/\/shopnoorfi-wp31835.test.cchosting.fi\/","name":"Oy Noortrade Ab","description":"Finnish family owned company with over 30 years of professional experience in lighting &amp; interior products import and sales - reliably.","publisher":{"@id":"https:\/\/shopnoorfi-wp31835.test.cchosting.fi\/#organization"},"potentialAction":[{"@type":"SearchAction","target":{"@type":"EntryPoint","urlTemplate":"https:\/\/shopnoorfi-wp31835.test.cchosting.fi\/?s={search_term_string}"},"query-input":{"@type":"PropertyValueSpecification","valueRequired":true,"valueName":"search_term_string"}}],"inLanguage":"sv-SE"},{"@type":"Organization","@id":"https:\/\/shopnoorfi-wp31835.test.cchosting.fi\/#organization","name":"Oy Noortrade Ab","url":"https:\/\/shopnoorfi-wp31835.test.cchosting.fi\/","logo":{"@type":"ImageObject","inLanguage":"sv-SE","@id":"https:\/\/shopnoorfi-wp31835.test.cchosting.fi\/#\/schema\/logo\/image\/","url":"https:\/\/shop.noor.fi\/wp-content\/uploads\/2024\/01\/Oy-Noortrade-Ab-Corbel-VERSAL-bold-BLACK.png","contentUrl":"https:\/\/shop.noor.fi\/wp-content\/uploads\/2024\/01\/Oy-Noortrade-Ab-Corbel-VERSAL-bold-BLACK.png","width":721,"height":177,"caption":"Oy Noortrade Ab"},"image":{"@id":"https:\/\/shopnoorfi-wp31835.test.cchosting.fi\/#\/schema\/logo\/image\/"}}]}},"brands":[{"id":37696,"name":"Rommelsbacher","slug":"rommelsbacher-sv"}],"_links":{"self":[{"href":"https:\/\/shop.noor.fi\/sv\/wp-json\/wp\/v2\/product\/122285","targetHints":{"allow":["GET"]}}],"collection":[{"href":"https:\/\/shop.noor.fi\/sv\/wp-json\/wp\/v2\/product"}],"about":[{"href":"https:\/\/shop.noor.fi\/sv\/wp-json\/wp\/v2\/types\/product"}],"replies":[{"embeddable":true,"href":"https:\/\/shop.noor.fi\/sv\/wp-json\/wp\/v2\/comments?post=122285"}],"wp:featuredmedia":[{"embeddable":true,"href":"https:\/\/shop.noor.fi\/sv\/wp-json\/wp\/v2\/media\/121805"}],"wp:attachment":[{"href":"https:\/\/shop.noor.fi\/sv\/wp-json\/wp\/v2\/media?parent=122285"}],"wp:term":[{"taxonomy":"pwb-brand","embeddable":true,"href":"https:\/\/shop.noor.fi\/sv\/wp-json\/wp\/v2\/pwb-brand?post=122285"},{"taxonomy":"product_brand","embeddable":true,"href":"https:\/\/shop.noor.fi\/sv\/wp-json\/wp\/v2\/product_brand?post=122285"},{"taxonomy":"product_cat","embeddable":true,"href":"https:\/\/shop.noor.fi\/sv\/wp-json\/wp\/v2\/product_cat?post=122285"},{"taxonomy":"product_tag","embeddable":true,"href":"https:\/\/shop.noor.fi\/sv\/wp-json\/wp\/v2\/product_tag?post=122285"}],"curies":[{"name":"wp","href":"https:\/\/api.w.org\/{rel}","templated":true}]}}