{"id":122281,"date":"2024-11-27T10:17:03","date_gmt":"2024-11-27T08:17:03","guid":{"rendered":"https:\/\/shop.noor.fi\/product\/pastarella-automatisk-pastamaskin-pm-200\/"},"modified":"2026-02-27T09:20:35","modified_gmt":"2026-02-27T07:20:35","slug":"pastarella-automatisk-pastamaskin-pm-200","status":"publish","type":"product","link":"https:\/\/shop.noor.fi\/sv\/produkt\/pastarella-automatisk-pastamaskin-pm-200\/","title":{"rendered":"Pastarella automatisk pastamaskin PM 220"},"content":{"rendered":"<p>Rommelsbacher PM 200 \u00e4r en helautomatisk pastamaskin som tillverkar perfekt f\u00e4rsk pasta med en knapptryckning. Apparaten kan tillaga en m\u00e4ngd olika pastasorter, \u00e4ven individuella recept fr\u00e5n ingredienser som du sj\u00e4lv v\u00e4ljer, t.ex.<br \/>\nvegansk, glutenfri, \u00e4gg- eller fullkornpasta.<br \/>\nDen elektroniskt styrda pastamaskinen har integrerad v\u00e5g och automatisk vattentillf\u00f6rsel, och den producerar upp till 800 g pasta p\u00e5 en och samma g\u00e5ng. Det finns sju klassiska pastaformer att v\u00e4lja emellan.<br \/>\nEnkel anv\u00e4ndning med 6 helautomatiska och 2 manuella program.<br \/>\nPastan torkas med hj\u00e4lp av en fl\u00e4kt omedelbart efter att ha pressats ut f\u00f6r att f\u00f6rhindra att de klibbar ihop.<br \/>\nDen integrerade tillbeh\u00f6rsl\u00e5dan f\u00f6r en hygienisk f\u00f6rvaring av 7 pastaforminsatser \u00e4r mycket praktisk.<br \/>\nSolida material av h\u00f6g kvalitet, m\u00e5nga s\u00e4kerhetsfunktioner, den tydliga LED-displayen och den enkla<br \/>\nreng\u00f6ringen g\u00f6r Pastarella till den perfekta helautomatiska pastamaskinen f\u00f6r n\u00e4ringsmedvetna familjer och alla pasta\u00e4lskare.<\/p>\n<p>Elektronisk styrning<br \/>\nIntegrerad v\u00e5g med kontrollerad vattentillf\u00f6rsel, f\u00f6r upp till 800 g f\u00e4rsk pasta<br \/>\nEnkel att anv\u00e4nda<br \/>\nEn tydlig LED-display<br \/>\nM\u00e5ngsidig enhet med 6 helautomatiska program (f\u00f6r olika typer av mj\u00f6l)<br \/>\n2 manuella program och knappar f\u00f6r:<br \/>\n    &#8211; Tills\u00e4ttning av mer vatten<br \/>\n    &#8211; Manuell kn\u00e5dning och pressning av degen<br \/>\nFast transportskruv av rostfritt st\u00e5l, robust 2-vingad kn\u00e5dare, kn\u00e5dbeh\u00e5llare och avtagbart lock<br \/>\nL\u00f6stagbar vattentank 375 ml, elektronisk vattenniv\u00e5indikator<br \/>\n7 utbytbara pastaformar, f\u00f6rvaringsl\u00e5da<br \/>\nIntegrerad fl\u00e4kt f\u00f6r yttorkning av pastan<br \/>\nS\u00e4kerhetsstopp n\u00e4r du \u00f6ppnar locket<br \/>\nInklusive m\u00e4tkopp och reng\u00f6ringsborste<\/p>\n","protected":false},"excerpt":{"rendered":"<p>Rommelsbacher PM 200 \u00e4r en helautomatisk pastamaskin som tillverkar perfekt f\u00e4rsk pasta med en knapptryckning. Apparaten kan tillaga en m\u00e4ngd olika pastasorter, \u00e4ven individuella recept fr\u00e5n ingredienser som du sj\u00e4lv v\u00e4ljer, t.ex. vegansk, glutenfri, \u00e4gg- eller fullkornpasta. Den elektroniskt styrda pastamaskinen har integrerad v\u00e5g och automatisk vattentillf\u00f6rsel, och den producerar upp till 800 g pasta [&hellip;]<\/p>\n","protected":false},"featured_media":121836,"comment_status":"open","ping_status":"closed","template":"","meta":{"_acf_changed":false,"_relevanssi_hide_post":"","_relevanssi_hide_content":"","_relevanssi_pin_for_all":"","_relevanssi_pin_keywords":"","_relevanssi_unpin_keywords":"","_relevanssi_related_keywords":"","_relevanssi_related_include_ids":"","_relevanssi_related_exclude_ids":"","_relevanssi_related_no_append":"","_relevanssi_related_not_related":"","_relevanssi_related_posts":"","_relevanssi_noindex_reason":""},"pwb-brand":[37696,37500],"product_brand":[],"product_cat":[37012,37035],"product_tag":[],"class_list":{"0":"post-122281","1":"product","2":"type-product","3":"status-publish","4":"has-post-thumbnail","6":"pwb-brand-rommelsbacher-sv","7":"pwb-brand-rommelsbacher","8":"product_cat-keittiokoneet","9":"product_cat-koksmaskiner","11":"first","12":"instock","13":"taxable","14":"shipping-taxable","15":"purchasable","16":"product-type-simple"},"acf":[],"yoast_head":"<!-- This site is optimized with the Yoast SEO plugin v27.5 - https:\/\/yoast.com\/product\/yoast-seo-wordpress\/ -->\n<title>Pastarella automatisk pastamaskin PM 220 - Oy Noortrade Ab<\/title>\n<meta name=\"robots\" content=\"index, follow, max-snippet:-1, max-image-preview:large, max-video-preview:-1\" \/>\n<link rel=\"canonical\" href=\"https:\/\/shop.noor.fi\/produkt\/pastarella-automaattinen-pastakone-pm-200\/\" \/>\n<meta property=\"og:locale\" content=\"sv_SE\" \/>\n<meta property=\"og:type\" content=\"article\" \/>\n<meta property=\"og:title\" content=\"Pastarella automatisk pastamaskin PM 220 - Oy Noortrade Ab\" \/>\n<meta property=\"og:description\" content=\"Rommelsbacher PM 200 \u00e4r en helautomatisk pastamaskin som tillverkar perfekt f\u00e4rsk pasta med en knapptryckning. Apparaten kan tillaga en m\u00e4ngd olika pastasorter, \u00e4ven individuella recept fr\u00e5n ingredienser som du sj\u00e4lv v\u00e4ljer, t.ex. vegansk, glutenfri, \u00e4gg- eller fullkornpasta. Den elektroniskt styrda pastamaskinen har integrerad v\u00e5g och automatisk vattentillf\u00f6rsel, och den producerar upp till 800 g pasta [&hellip;]\" \/>\n<meta property=\"og:url\" content=\"https:\/\/shop.noor.fi\/produkt\/pastarella-automaattinen-pastakone-pm-200\/\" \/>\n<meta property=\"og:site_name\" content=\"Oy Noortrade Ab\" \/>\n<meta property=\"article:modified_time\" content=\"2026-02-27T07:20:35+00:00\" \/>\n<meta property=\"og:image\" content=\"https:\/\/shop.noor.fi\/wp-content\/uploads\/2024\/11\/4001797290502.jpg\" \/>\n\t<meta property=\"og:image:width\" content=\"1000\" \/>\n\t<meta property=\"og:image:height\" content=\"1000\" \/>\n\t<meta property=\"og:image:type\" content=\"image\/jpeg\" \/>\n<meta name=\"twitter:card\" content=\"summary_large_image\" \/>\n<meta name=\"twitter:label1\" content=\"Ber\u00e4knad l\u00e4stid\" \/>\n\t<meta name=\"twitter:data1\" content=\"2 minuter\" \/>\n<script type=\"application\/ld+json\" class=\"yoast-schema-graph\">{\"@context\":\"https:\\\/\\\/schema.org\",\"@graph\":[{\"@type\":\"WebPage\",\"@id\":\"https:\\\/\\\/shop.noor.fi\\\/produkt\\\/pastarella-automaattinen-pastakone-pm-200\\\/\",\"url\":\"https:\\\/\\\/shop.noor.fi\\\/produkt\\\/pastarella-automaattinen-pastakone-pm-200\\\/\",\"name\":\"Pastarella automatisk pastamaskin PM 220 - Oy Noortrade Ab\",\"isPartOf\":{\"@id\":\"https:\\\/\\\/shopnoorfi-wp31835.test.cchosting.fi\\\/#website\"},\"primaryImageOfPage\":{\"@id\":\"https:\\\/\\\/shop.noor.fi\\\/produkt\\\/pastarella-automaattinen-pastakone-pm-200\\\/#primaryimage\"},\"image\":{\"@id\":\"https:\\\/\\\/shop.noor.fi\\\/produkt\\\/pastarella-automaattinen-pastakone-pm-200\\\/#primaryimage\"},\"thumbnailUrl\":\"https:\\\/\\\/shop.noor.fi\\\/wp-content\\\/uploads\\\/2024\\\/11\\\/4001797290502.jpg\",\"datePublished\":\"2024-11-27T08:17:03+00:00\",\"dateModified\":\"2026-02-27T07:20:35+00:00\",\"breadcrumb\":{\"@id\":\"https:\\\/\\\/shop.noor.fi\\\/produkt\\\/pastarella-automaattinen-pastakone-pm-200\\\/#breadcrumb\"},\"inLanguage\":\"sv-SE\",\"potentialAction\":[{\"@type\":\"ReadAction\",\"target\":[\"https:\\\/\\\/shop.noor.fi\\\/produkt\\\/pastarella-automaattinen-pastakone-pm-200\\\/\"]}]},{\"@type\":\"ImageObject\",\"inLanguage\":\"sv-SE\",\"@id\":\"https:\\\/\\\/shop.noor.fi\\\/produkt\\\/pastarella-automaattinen-pastakone-pm-200\\\/#primaryimage\",\"url\":\"https:\\\/\\\/shop.noor.fi\\\/wp-content\\\/uploads\\\/2024\\\/11\\\/4001797290502.jpg\",\"contentUrl\":\"https:\\\/\\\/shop.noor.fi\\\/wp-content\\\/uploads\\\/2024\\\/11\\\/4001797290502.jpg\",\"width\":1000,\"height\":1000},{\"@type\":\"BreadcrumbList\",\"@id\":\"https:\\\/\\\/shop.noor.fi\\\/produkt\\\/pastarella-automaattinen-pastakone-pm-200\\\/#breadcrumb\",\"itemListElement\":[{\"@type\":\"ListItem\",\"position\":1,\"name\":\"Etusivu\",\"item\":\"https:\\\/\\\/shop.noor.fi\\\/sv\\\/\"},{\"@type\":\"ListItem\",\"position\":2,\"name\":\"Butik\",\"item\":\"https:\\\/\\\/shopnoorfi-wp31835.test.cchosting.fi\\\/sv\\\/butik\\\/\"},{\"@type\":\"ListItem\",\"position\":3,\"name\":\"Pastarella automatisk pastamaskin PM 220\"}]},{\"@type\":\"WebSite\",\"@id\":\"https:\\\/\\\/shopnoorfi-wp31835.test.cchosting.fi\\\/#website\",\"url\":\"https:\\\/\\\/shopnoorfi-wp31835.test.cchosting.fi\\\/\",\"name\":\"Oy Noortrade Ab\",\"description\":\"Finnish family owned company with over 30 years of professional experience in lighting &amp; interior products import and sales - reliably.\",\"publisher\":{\"@id\":\"https:\\\/\\\/shopnoorfi-wp31835.test.cchosting.fi\\\/#organization\"},\"potentialAction\":[{\"@type\":\"SearchAction\",\"target\":{\"@type\":\"EntryPoint\",\"urlTemplate\":\"https:\\\/\\\/shopnoorfi-wp31835.test.cchosting.fi\\\/?s={search_term_string}\"},\"query-input\":{\"@type\":\"PropertyValueSpecification\",\"valueRequired\":true,\"valueName\":\"search_term_string\"}}],\"inLanguage\":\"sv-SE\"},{\"@type\":\"Organization\",\"@id\":\"https:\\\/\\\/shopnoorfi-wp31835.test.cchosting.fi\\\/#organization\",\"name\":\"Oy Noortrade Ab\",\"url\":\"https:\\\/\\\/shopnoorfi-wp31835.test.cchosting.fi\\\/\",\"logo\":{\"@type\":\"ImageObject\",\"inLanguage\":\"sv-SE\",\"@id\":\"https:\\\/\\\/shopnoorfi-wp31835.test.cchosting.fi\\\/#\\\/schema\\\/logo\\\/image\\\/\",\"url\":\"https:\\\/\\\/shop.noor.fi\\\/wp-content\\\/uploads\\\/2024\\\/01\\\/Oy-Noortrade-Ab-Corbel-VERSAL-bold-BLACK.png\",\"contentUrl\":\"https:\\\/\\\/shop.noor.fi\\\/wp-content\\\/uploads\\\/2024\\\/01\\\/Oy-Noortrade-Ab-Corbel-VERSAL-bold-BLACK.png\",\"width\":721,\"height\":177,\"caption\":\"Oy Noortrade Ab\"},\"image\":{\"@id\":\"https:\\\/\\\/shopnoorfi-wp31835.test.cchosting.fi\\\/#\\\/schema\\\/logo\\\/image\\\/\"}}]}<\/script>\n<!-- \/ Yoast SEO plugin. -->","yoast_head_json":{"title":"Pastarella automatisk pastamaskin PM 220 - Oy Noortrade Ab","robots":{"index":"index","follow":"follow","max-snippet":"max-snippet:-1","max-image-preview":"max-image-preview:large","max-video-preview":"max-video-preview:-1"},"canonical":"https:\/\/shop.noor.fi\/produkt\/pastarella-automaattinen-pastakone-pm-200\/","og_locale":"sv_SE","og_type":"article","og_title":"Pastarella automatisk pastamaskin PM 220 - Oy Noortrade Ab","og_description":"Rommelsbacher PM 200 \u00e4r en helautomatisk pastamaskin som tillverkar perfekt f\u00e4rsk pasta med en knapptryckning. Apparaten kan tillaga en m\u00e4ngd olika pastasorter, \u00e4ven individuella recept fr\u00e5n ingredienser som du sj\u00e4lv v\u00e4ljer, t.ex. vegansk, glutenfri, \u00e4gg- eller fullkornpasta. Den elektroniskt styrda pastamaskinen har integrerad v\u00e5g och automatisk vattentillf\u00f6rsel, och den producerar upp till 800 g pasta [&hellip;]","og_url":"https:\/\/shop.noor.fi\/produkt\/pastarella-automaattinen-pastakone-pm-200\/","og_site_name":"Oy Noortrade Ab","article_modified_time":"2026-02-27T07:20:35+00:00","og_image":[{"width":1000,"height":1000,"url":"https:\/\/shop.noor.fi\/wp-content\/uploads\/2024\/11\/4001797290502.jpg","type":"image\/jpeg"}],"twitter_card":"summary_large_image","twitter_misc":{"Ber\u00e4knad l\u00e4stid":"2 minuter"},"schema":{"@context":"https:\/\/schema.org","@graph":[{"@type":"WebPage","@id":"https:\/\/shop.noor.fi\/produkt\/pastarella-automaattinen-pastakone-pm-200\/","url":"https:\/\/shop.noor.fi\/produkt\/pastarella-automaattinen-pastakone-pm-200\/","name":"Pastarella automatisk pastamaskin PM 220 - Oy Noortrade Ab","isPartOf":{"@id":"https:\/\/shopnoorfi-wp31835.test.cchosting.fi\/#website"},"primaryImageOfPage":{"@id":"https:\/\/shop.noor.fi\/produkt\/pastarella-automaattinen-pastakone-pm-200\/#primaryimage"},"image":{"@id":"https:\/\/shop.noor.fi\/produkt\/pastarella-automaattinen-pastakone-pm-200\/#primaryimage"},"thumbnailUrl":"https:\/\/shop.noor.fi\/wp-content\/uploads\/2024\/11\/4001797290502.jpg","datePublished":"2024-11-27T08:17:03+00:00","dateModified":"2026-02-27T07:20:35+00:00","breadcrumb":{"@id":"https:\/\/shop.noor.fi\/produkt\/pastarella-automaattinen-pastakone-pm-200\/#breadcrumb"},"inLanguage":"sv-SE","potentialAction":[{"@type":"ReadAction","target":["https:\/\/shop.noor.fi\/produkt\/pastarella-automaattinen-pastakone-pm-200\/"]}]},{"@type":"ImageObject","inLanguage":"sv-SE","@id":"https:\/\/shop.noor.fi\/produkt\/pastarella-automaattinen-pastakone-pm-200\/#primaryimage","url":"https:\/\/shop.noor.fi\/wp-content\/uploads\/2024\/11\/4001797290502.jpg","contentUrl":"https:\/\/shop.noor.fi\/wp-content\/uploads\/2024\/11\/4001797290502.jpg","width":1000,"height":1000},{"@type":"BreadcrumbList","@id":"https:\/\/shop.noor.fi\/produkt\/pastarella-automaattinen-pastakone-pm-200\/#breadcrumb","itemListElement":[{"@type":"ListItem","position":1,"name":"Etusivu","item":"https:\/\/shop.noor.fi\/sv\/"},{"@type":"ListItem","position":2,"name":"Butik","item":"https:\/\/shopnoorfi-wp31835.test.cchosting.fi\/sv\/butik\/"},{"@type":"ListItem","position":3,"name":"Pastarella automatisk pastamaskin PM 220"}]},{"@type":"WebSite","@id":"https:\/\/shopnoorfi-wp31835.test.cchosting.fi\/#website","url":"https:\/\/shopnoorfi-wp31835.test.cchosting.fi\/","name":"Oy Noortrade Ab","description":"Finnish family owned company with over 30 years of professional experience in lighting &amp; interior products import and sales - reliably.","publisher":{"@id":"https:\/\/shopnoorfi-wp31835.test.cchosting.fi\/#organization"},"potentialAction":[{"@type":"SearchAction","target":{"@type":"EntryPoint","urlTemplate":"https:\/\/shopnoorfi-wp31835.test.cchosting.fi\/?s={search_term_string}"},"query-input":{"@type":"PropertyValueSpecification","valueRequired":true,"valueName":"search_term_string"}}],"inLanguage":"sv-SE"},{"@type":"Organization","@id":"https:\/\/shopnoorfi-wp31835.test.cchosting.fi\/#organization","name":"Oy Noortrade Ab","url":"https:\/\/shopnoorfi-wp31835.test.cchosting.fi\/","logo":{"@type":"ImageObject","inLanguage":"sv-SE","@id":"https:\/\/shopnoorfi-wp31835.test.cchosting.fi\/#\/schema\/logo\/image\/","url":"https:\/\/shop.noor.fi\/wp-content\/uploads\/2024\/01\/Oy-Noortrade-Ab-Corbel-VERSAL-bold-BLACK.png","contentUrl":"https:\/\/shop.noor.fi\/wp-content\/uploads\/2024\/01\/Oy-Noortrade-Ab-Corbel-VERSAL-bold-BLACK.png","width":721,"height":177,"caption":"Oy Noortrade Ab"},"image":{"@id":"https:\/\/shopnoorfi-wp31835.test.cchosting.fi\/#\/schema\/logo\/image\/"}}]}},"brands":[{"id":37500,"name":"Rommelsbacher","slug":"rommelsbacher"},{"id":37696,"name":"Rommelsbacher","slug":"rommelsbacher-sv"}],"_links":{"self":[{"href":"https:\/\/shop.noor.fi\/sv\/wp-json\/wp\/v2\/product\/122281","targetHints":{"allow":["GET"]}}],"collection":[{"href":"https:\/\/shop.noor.fi\/sv\/wp-json\/wp\/v2\/product"}],"about":[{"href":"https:\/\/shop.noor.fi\/sv\/wp-json\/wp\/v2\/types\/product"}],"replies":[{"embeddable":true,"href":"https:\/\/shop.noor.fi\/sv\/wp-json\/wp\/v2\/comments?post=122281"}],"wp:featuredmedia":[{"embeddable":true,"href":"https:\/\/shop.noor.fi\/sv\/wp-json\/wp\/v2\/media\/121836"}],"wp:attachment":[{"href":"https:\/\/shop.noor.fi\/sv\/wp-json\/wp\/v2\/media?parent=122281"}],"wp:term":[{"taxonomy":"pwb-brand","embeddable":true,"href":"https:\/\/shop.noor.fi\/sv\/wp-json\/wp\/v2\/pwb-brand?post=122281"},{"taxonomy":"product_brand","embeddable":true,"href":"https:\/\/shop.noor.fi\/sv\/wp-json\/wp\/v2\/product_brand?post=122281"},{"taxonomy":"product_cat","embeddable":true,"href":"https:\/\/shop.noor.fi\/sv\/wp-json\/wp\/v2\/product_cat?post=122281"},{"taxonomy":"product_tag","embeddable":true,"href":"https:\/\/shop.noor.fi\/sv\/wp-json\/wp\/v2\/product_tag?post=122281"}],"curies":[{"name":"wp","href":"https:\/\/api.w.org\/{rel}","templated":true}]}}