{"id":122279,"date":"2024-11-27T10:16:56","date_gmt":"2024-11-27T08:16:56","guid":{"rendered":"https:\/\/shop.noor.fi\/product\/omelettmaskin-om-950\/"},"modified":"2026-02-27T09:21:47","modified_gmt":"2026-02-27T07:21:47","slug":"omelettmaskin-om-950","status":"publish","type":"product","link":"https:\/\/shop.noor.fi\/sv\/produkt\/omelettmaskin-om-950\/","title":{"rendered":"Omelettmaskin OM 950"},"content":{"rendered":"<p>Med Rommelsbacher OM 950 omelettmaskin kan du gr\u00e4dda tv\u00e5 l\u00e4ckra, fluffiga, saftiga omeletter p\u00e5 nolltid. De tv\u00e5 non-stick, extra djupa bakplattorna l\u00e4mpar sig \u00e4ven f\u00f6r deg, s\u00e5 att till exempel brownies eller sm\u00e5 t\u00e5rtor kan bakas \u00e4ven i denna apparat. Bakplattorna \u00e4r uppv\u00e4rmda uppifr\u00e5n och underifr\u00e5n. Detta ger ett mycket j\u00e4mnt bakresultat och man beh\u00f6ver inte v\u00e4nda omeletten under gr\u00e4ddningen. Detta g\u00f6r anv\u00e4ndningen mycket enkel.<br \/>\nApparaten man\u00f6vreras via Soft-Touch-knappar och har en tydlig LED-display och tv\u00e5 signallampor. Justerbar timer  (1 till 20 minuter) med nedr\u00e4kningsfunktion och signalton p\u00e5minner dig n\u00e4r den \u00f6nskade gr\u00e4ddningstiden har g\u00e5tt ut. Cool-Touch-h\u00f6ljet lever upp till sitt namn och erbjuder &#8211; tillsammans med de halkskyddade f\u00f6tterna &#8211; mycket s\u00e4kerhet i den dagliga driften. Omelettmaskinen \u00e4r idealisk f\u00f6r alla som snabbt och enkelt vill laga en rej\u00e4l, proteinrik frukost.<\/p>\n<p>H\u00f6gkvalitativ Cool Touch h\u00f6lje<br \/>\nExtra djupa bakplattor f\u00f6r att tillaga 2 fluffiga omeletter samtidigt<br \/>\n2 v\u00e4rmeelement f\u00f6r en j\u00e4mn uppv\u00e4rmning uppifr\u00e5n och underifr\u00e5n<br \/>\n20-minuters timer med nedr\u00e4kningsfunktion och signalton<br \/>\nTydlig LED-display, 2 signalljus<br \/>\nSoft-Touch-knappar<br \/>\n\u00d6versv\u00e4mningsr\u00e4nna<br \/>\nH\u00f6gkvalitativ non-stick bel\u00e4ggning Xylan\u00ae Plus<br \/>\n4 anti-slip gummif\u00f6tter<\/p>\n","protected":false},"excerpt":{"rendered":"<p>Med Rommelsbacher OM 950 omelettmaskin kan du gr\u00e4dda tv\u00e5 l\u00e4ckra, fluffiga, saftiga omeletter p\u00e5 nolltid. De tv\u00e5 non-stick, extra djupa bakplattorna l\u00e4mpar sig \u00e4ven f\u00f6r deg, s\u00e5 att till exempel brownies eller sm\u00e5 t\u00e5rtor kan bakas \u00e4ven i denna apparat. Bakplattorna \u00e4r uppv\u00e4rmda uppifr\u00e5n och underifr\u00e5n. Detta ger ett mycket j\u00e4mnt bakresultat och man beh\u00f6ver [&hellip;]<\/p>\n","protected":false},"featured_media":121850,"comment_status":"open","ping_status":"closed","template":"","meta":{"_acf_changed":false,"_relevanssi_hide_post":"","_relevanssi_hide_content":"","_relevanssi_pin_for_all":"","_relevanssi_pin_keywords":"","_relevanssi_unpin_keywords":"","_relevanssi_related_keywords":"","_relevanssi_related_include_ids":"","_relevanssi_related_exclude_ids":"","_relevanssi_related_no_append":"","_relevanssi_related_not_related":"","_relevanssi_related_posts":"","_relevanssi_noindex_reason":""},"pwb-brand":[37500,37696],"product_brand":[],"product_cat":[37012,37035],"product_tag":[],"class_list":{"0":"post-122279","1":"product","2":"type-product","3":"status-publish","4":"has-post-thumbnail","6":"pwb-brand-rommelsbacher","7":"pwb-brand-rommelsbacher-sv","8":"product_cat-keittiokoneet","9":"product_cat-koksmaskiner","11":"first","12":"instock","13":"taxable","14":"shipping-taxable","15":"purchasable","16":"product-type-simple"},"acf":[],"yoast_head":"<!-- This site is optimized with the Yoast SEO plugin v27.5 - https:\/\/yoast.com\/product\/yoast-seo-wordpress\/ -->\n<title>Omelettmaskin OM 950 - Oy Noortrade Ab<\/title>\n<meta name=\"robots\" content=\"index, follow, max-snippet:-1, max-image-preview:large, max-video-preview:-1\" \/>\n<link rel=\"canonical\" href=\"https:\/\/shop.noor.fi\/produkt\/omelettikone-om-950\/\" \/>\n<meta property=\"og:locale\" content=\"sv_SE\" \/>\n<meta property=\"og:type\" content=\"article\" \/>\n<meta property=\"og:title\" content=\"Omelettmaskin OM 950 - Oy Noortrade Ab\" \/>\n<meta property=\"og:description\" content=\"Med Rommelsbacher OM 950 omelettmaskin kan du gr\u00e4dda tv\u00e5 l\u00e4ckra, fluffiga, saftiga omeletter p\u00e5 nolltid. De tv\u00e5 non-stick, extra djupa bakplattorna l\u00e4mpar sig \u00e4ven f\u00f6r deg, s\u00e5 att till exempel brownies eller sm\u00e5 t\u00e5rtor kan bakas \u00e4ven i denna apparat. Bakplattorna \u00e4r uppv\u00e4rmda uppifr\u00e5n och underifr\u00e5n. Detta ger ett mycket j\u00e4mnt bakresultat och man beh\u00f6ver [&hellip;]\" \/>\n<meta property=\"og:url\" content=\"https:\/\/shop.noor.fi\/produkt\/omelettikone-om-950\/\" \/>\n<meta property=\"og:site_name\" content=\"Oy Noortrade Ab\" \/>\n<meta property=\"article:modified_time\" content=\"2026-02-27T07:21:47+00:00\" \/>\n<meta property=\"og:image\" content=\"https:\/\/shop.noor.fi\/wp-content\/uploads\/2024\/11\/4001797290106.jpg\" \/>\n\t<meta property=\"og:image:width\" content=\"1000\" \/>\n\t<meta property=\"og:image:height\" content=\"1000\" \/>\n\t<meta property=\"og:image:type\" content=\"image\/jpeg\" \/>\n<meta name=\"twitter:card\" content=\"summary_large_image\" \/>\n<meta name=\"twitter:label1\" content=\"Ber\u00e4knad l\u00e4stid\" \/>\n\t<meta name=\"twitter:data1\" content=\"2 minuter\" \/>\n<script type=\"application\/ld+json\" class=\"yoast-schema-graph\">{\"@context\":\"https:\\\/\\\/schema.org\",\"@graph\":[{\"@type\":\"WebPage\",\"@id\":\"https:\\\/\\\/shop.noor.fi\\\/produkt\\\/omelettikone-om-950\\\/\",\"url\":\"https:\\\/\\\/shop.noor.fi\\\/produkt\\\/omelettikone-om-950\\\/\",\"name\":\"Omelettmaskin OM 950 - Oy Noortrade Ab\",\"isPartOf\":{\"@id\":\"https:\\\/\\\/shopnoorfi-wp31835.test.cchosting.fi\\\/#website\"},\"primaryImageOfPage\":{\"@id\":\"https:\\\/\\\/shop.noor.fi\\\/produkt\\\/omelettikone-om-950\\\/#primaryimage\"},\"image\":{\"@id\":\"https:\\\/\\\/shop.noor.fi\\\/produkt\\\/omelettikone-om-950\\\/#primaryimage\"},\"thumbnailUrl\":\"https:\\\/\\\/shop.noor.fi\\\/wp-content\\\/uploads\\\/2024\\\/11\\\/4001797290106.jpg\",\"datePublished\":\"2024-11-27T08:16:56+00:00\",\"dateModified\":\"2026-02-27T07:21:47+00:00\",\"breadcrumb\":{\"@id\":\"https:\\\/\\\/shop.noor.fi\\\/produkt\\\/omelettikone-om-950\\\/#breadcrumb\"},\"inLanguage\":\"sv-SE\",\"potentialAction\":[{\"@type\":\"ReadAction\",\"target\":[\"https:\\\/\\\/shop.noor.fi\\\/produkt\\\/omelettikone-om-950\\\/\"]}]},{\"@type\":\"ImageObject\",\"inLanguage\":\"sv-SE\",\"@id\":\"https:\\\/\\\/shop.noor.fi\\\/produkt\\\/omelettikone-om-950\\\/#primaryimage\",\"url\":\"https:\\\/\\\/shop.noor.fi\\\/wp-content\\\/uploads\\\/2024\\\/11\\\/4001797290106.jpg\",\"contentUrl\":\"https:\\\/\\\/shop.noor.fi\\\/wp-content\\\/uploads\\\/2024\\\/11\\\/4001797290106.jpg\",\"width\":1000,\"height\":1000},{\"@type\":\"BreadcrumbList\",\"@id\":\"https:\\\/\\\/shop.noor.fi\\\/produkt\\\/omelettikone-om-950\\\/#breadcrumb\",\"itemListElement\":[{\"@type\":\"ListItem\",\"position\":1,\"name\":\"Etusivu\",\"item\":\"https:\\\/\\\/shop.noor.fi\\\/sv\\\/\"},{\"@type\":\"ListItem\",\"position\":2,\"name\":\"Butik\",\"item\":\"https:\\\/\\\/shopnoorfi-wp31835.test.cchosting.fi\\\/sv\\\/butik\\\/\"},{\"@type\":\"ListItem\",\"position\":3,\"name\":\"Omelettmaskin OM 950\"}]},{\"@type\":\"WebSite\",\"@id\":\"https:\\\/\\\/shopnoorfi-wp31835.test.cchosting.fi\\\/#website\",\"url\":\"https:\\\/\\\/shopnoorfi-wp31835.test.cchosting.fi\\\/\",\"name\":\"Oy Noortrade Ab\",\"description\":\"Finnish family owned company with over 30 years of professional experience in lighting &amp; interior products import and sales - reliably.\",\"publisher\":{\"@id\":\"https:\\\/\\\/shopnoorfi-wp31835.test.cchosting.fi\\\/#organization\"},\"potentialAction\":[{\"@type\":\"SearchAction\",\"target\":{\"@type\":\"EntryPoint\",\"urlTemplate\":\"https:\\\/\\\/shopnoorfi-wp31835.test.cchosting.fi\\\/?s={search_term_string}\"},\"query-input\":{\"@type\":\"PropertyValueSpecification\",\"valueRequired\":true,\"valueName\":\"search_term_string\"}}],\"inLanguage\":\"sv-SE\"},{\"@type\":\"Organization\",\"@id\":\"https:\\\/\\\/shopnoorfi-wp31835.test.cchosting.fi\\\/#organization\",\"name\":\"Oy Noortrade Ab\",\"url\":\"https:\\\/\\\/shopnoorfi-wp31835.test.cchosting.fi\\\/\",\"logo\":{\"@type\":\"ImageObject\",\"inLanguage\":\"sv-SE\",\"@id\":\"https:\\\/\\\/shopnoorfi-wp31835.test.cchosting.fi\\\/#\\\/schema\\\/logo\\\/image\\\/\",\"url\":\"https:\\\/\\\/shop.noor.fi\\\/wp-content\\\/uploads\\\/2024\\\/01\\\/Oy-Noortrade-Ab-Corbel-VERSAL-bold-BLACK.png\",\"contentUrl\":\"https:\\\/\\\/shop.noor.fi\\\/wp-content\\\/uploads\\\/2024\\\/01\\\/Oy-Noortrade-Ab-Corbel-VERSAL-bold-BLACK.png\",\"width\":721,\"height\":177,\"caption\":\"Oy Noortrade Ab\"},\"image\":{\"@id\":\"https:\\\/\\\/shopnoorfi-wp31835.test.cchosting.fi\\\/#\\\/schema\\\/logo\\\/image\\\/\"}}]}<\/script>\n<!-- \/ Yoast SEO plugin. -->","yoast_head_json":{"title":"Omelettmaskin OM 950 - Oy Noortrade Ab","robots":{"index":"index","follow":"follow","max-snippet":"max-snippet:-1","max-image-preview":"max-image-preview:large","max-video-preview":"max-video-preview:-1"},"canonical":"https:\/\/shop.noor.fi\/produkt\/omelettikone-om-950\/","og_locale":"sv_SE","og_type":"article","og_title":"Omelettmaskin OM 950 - Oy Noortrade Ab","og_description":"Med Rommelsbacher OM 950 omelettmaskin kan du gr\u00e4dda tv\u00e5 l\u00e4ckra, fluffiga, saftiga omeletter p\u00e5 nolltid. De tv\u00e5 non-stick, extra djupa bakplattorna l\u00e4mpar sig \u00e4ven f\u00f6r deg, s\u00e5 att till exempel brownies eller sm\u00e5 t\u00e5rtor kan bakas \u00e4ven i denna apparat. Bakplattorna \u00e4r uppv\u00e4rmda uppifr\u00e5n och underifr\u00e5n. Detta ger ett mycket j\u00e4mnt bakresultat och man beh\u00f6ver [&hellip;]","og_url":"https:\/\/shop.noor.fi\/produkt\/omelettikone-om-950\/","og_site_name":"Oy Noortrade Ab","article_modified_time":"2026-02-27T07:21:47+00:00","og_image":[{"width":1000,"height":1000,"url":"https:\/\/shop.noor.fi\/wp-content\/uploads\/2024\/11\/4001797290106.jpg","type":"image\/jpeg"}],"twitter_card":"summary_large_image","twitter_misc":{"Ber\u00e4knad l\u00e4stid":"2 minuter"},"schema":{"@context":"https:\/\/schema.org","@graph":[{"@type":"WebPage","@id":"https:\/\/shop.noor.fi\/produkt\/omelettikone-om-950\/","url":"https:\/\/shop.noor.fi\/produkt\/omelettikone-om-950\/","name":"Omelettmaskin OM 950 - Oy Noortrade Ab","isPartOf":{"@id":"https:\/\/shopnoorfi-wp31835.test.cchosting.fi\/#website"},"primaryImageOfPage":{"@id":"https:\/\/shop.noor.fi\/produkt\/omelettikone-om-950\/#primaryimage"},"image":{"@id":"https:\/\/shop.noor.fi\/produkt\/omelettikone-om-950\/#primaryimage"},"thumbnailUrl":"https:\/\/shop.noor.fi\/wp-content\/uploads\/2024\/11\/4001797290106.jpg","datePublished":"2024-11-27T08:16:56+00:00","dateModified":"2026-02-27T07:21:47+00:00","breadcrumb":{"@id":"https:\/\/shop.noor.fi\/produkt\/omelettikone-om-950\/#breadcrumb"},"inLanguage":"sv-SE","potentialAction":[{"@type":"ReadAction","target":["https:\/\/shop.noor.fi\/produkt\/omelettikone-om-950\/"]}]},{"@type":"ImageObject","inLanguage":"sv-SE","@id":"https:\/\/shop.noor.fi\/produkt\/omelettikone-om-950\/#primaryimage","url":"https:\/\/shop.noor.fi\/wp-content\/uploads\/2024\/11\/4001797290106.jpg","contentUrl":"https:\/\/shop.noor.fi\/wp-content\/uploads\/2024\/11\/4001797290106.jpg","width":1000,"height":1000},{"@type":"BreadcrumbList","@id":"https:\/\/shop.noor.fi\/produkt\/omelettikone-om-950\/#breadcrumb","itemListElement":[{"@type":"ListItem","position":1,"name":"Etusivu","item":"https:\/\/shop.noor.fi\/sv\/"},{"@type":"ListItem","position":2,"name":"Butik","item":"https:\/\/shopnoorfi-wp31835.test.cchosting.fi\/sv\/butik\/"},{"@type":"ListItem","position":3,"name":"Omelettmaskin OM 950"}]},{"@type":"WebSite","@id":"https:\/\/shopnoorfi-wp31835.test.cchosting.fi\/#website","url":"https:\/\/shopnoorfi-wp31835.test.cchosting.fi\/","name":"Oy Noortrade Ab","description":"Finnish family owned company with over 30 years of professional experience in lighting &amp; interior products import and sales - reliably.","publisher":{"@id":"https:\/\/shopnoorfi-wp31835.test.cchosting.fi\/#organization"},"potentialAction":[{"@type":"SearchAction","target":{"@type":"EntryPoint","urlTemplate":"https:\/\/shopnoorfi-wp31835.test.cchosting.fi\/?s={search_term_string}"},"query-input":{"@type":"PropertyValueSpecification","valueRequired":true,"valueName":"search_term_string"}}],"inLanguage":"sv-SE"},{"@type":"Organization","@id":"https:\/\/shopnoorfi-wp31835.test.cchosting.fi\/#organization","name":"Oy Noortrade Ab","url":"https:\/\/shopnoorfi-wp31835.test.cchosting.fi\/","logo":{"@type":"ImageObject","inLanguage":"sv-SE","@id":"https:\/\/shopnoorfi-wp31835.test.cchosting.fi\/#\/schema\/logo\/image\/","url":"https:\/\/shop.noor.fi\/wp-content\/uploads\/2024\/01\/Oy-Noortrade-Ab-Corbel-VERSAL-bold-BLACK.png","contentUrl":"https:\/\/shop.noor.fi\/wp-content\/uploads\/2024\/01\/Oy-Noortrade-Ab-Corbel-VERSAL-bold-BLACK.png","width":721,"height":177,"caption":"Oy Noortrade Ab"},"image":{"@id":"https:\/\/shopnoorfi-wp31835.test.cchosting.fi\/#\/schema\/logo\/image\/"}}]}},"brands":[{"id":37500,"name":"Rommelsbacher","slug":"rommelsbacher"},{"id":37696,"name":"Rommelsbacher","slug":"rommelsbacher-sv"}],"_links":{"self":[{"href":"https:\/\/shop.noor.fi\/sv\/wp-json\/wp\/v2\/product\/122279","targetHints":{"allow":["GET"]}}],"collection":[{"href":"https:\/\/shop.noor.fi\/sv\/wp-json\/wp\/v2\/product"}],"about":[{"href":"https:\/\/shop.noor.fi\/sv\/wp-json\/wp\/v2\/types\/product"}],"replies":[{"embeddable":true,"href":"https:\/\/shop.noor.fi\/sv\/wp-json\/wp\/v2\/comments?post=122279"}],"wp:featuredmedia":[{"embeddable":true,"href":"https:\/\/shop.noor.fi\/sv\/wp-json\/wp\/v2\/media\/121850"}],"wp:attachment":[{"href":"https:\/\/shop.noor.fi\/sv\/wp-json\/wp\/v2\/media?parent=122279"}],"wp:term":[{"taxonomy":"pwb-brand","embeddable":true,"href":"https:\/\/shop.noor.fi\/sv\/wp-json\/wp\/v2\/pwb-brand?post=122279"},{"taxonomy":"product_brand","embeddable":true,"href":"https:\/\/shop.noor.fi\/sv\/wp-json\/wp\/v2\/product_brand?post=122279"},{"taxonomy":"product_cat","embeddable":true,"href":"https:\/\/shop.noor.fi\/sv\/wp-json\/wp\/v2\/product_cat?post=122279"},{"taxonomy":"product_tag","embeddable":true,"href":"https:\/\/shop.noor.fi\/sv\/wp-json\/wp\/v2\/product_tag?post=122279"}],"curies":[{"name":"wp","href":"https:\/\/api.w.org\/{rel}","templated":true}]}}