{"id":122275,"date":"2024-11-27T10:16:40","date_gmt":"2024-11-27T08:16:40","guid":{"rendered":"https:\/\/shop.noor.fi\/product\/hackare-mz-400\/"},"modified":"2026-05-05T15:02:45","modified_gmt":"2026-05-05T12:02:45","slug":"hackare-mz-400","status":"publish","type":"product","link":"https:\/\/shop.noor.fi\/sv\/produkt\/hackare-mz-400\/","title":{"rendered":"Hackare MZ 400"},"content":{"rendered":"<p>Rommelsbacher MZ 400 multihackare g\u00f6r matlagninen riktigt rolig. Hacka, sk\u00e4ra, mixa \u2013 med mjukt tryck p\u00e5 on-knappen bearbetar apparaten l\u00f6k, \u00f6rter, gr\u00f6nsaker, frukt, n\u00f6tter, k\u00f6tt och mer. Laga r\u00e5a gr\u00f6nsakssallader, kr\u00e4miga p\u00e5l\u00e4gg, dipps\u00e5ser och pesto p\u00e5 nolltid. Det \u00e4r ocks\u00e5 l\u00e4tt att g\u00f6ra kryddblandningar, \u00f6rtblandningar och kryddsalt med multihackaren.<br \/>\nDet 4-vingade bladet, tillverkat av rostfritt st\u00e5l, fungerar mycket effektivt och \u00f6vertygar med perfekta resultat. Beh\u00e5llaren i klarglas \u00e4r ytterst robust, smak- och luktneutral, hygienisk och mycket l\u00e4tt att reng\u00f6ra. En kraftfull men tyst och l\u00e5gvibrerande motor klarar alla uppgifter du \u00f6nskar och det interna s\u00e4kerhetssystemet<br \/>\nskyddar mot oavsiktlig aktivering. Alla l\u00f6stagbara delar kan s\u00e4ttas in i diskmaskin f\u00f6r att s\u00e4kerst\u00e4lla enkel reng\u00f6ring.<\/p>\n<p>Kraftfull l\u00e5gvibrerande motor<br \/>\nRobust drivsystem: bladaxel och motorkoppling av metall<br \/>\n4-vingat specialblad av rostfritt st\u00e5l, \u00f6vre bladparet avtagbart<br \/>\nInternt s\u00e4kerhetssystem mot oavsiktlig aktivering<br \/>\nAvtagbart lock<br \/>\nAlla l\u00f6stagbara delar kan diskas i diskmaskin<br \/>\nStabil glasbeh\u00e5llare 1 l<br \/>\nInklusive anti-slip matta f\u00f6r blasbeh\u00e5llaren, bladskydd<\/p>\n","protected":false},"excerpt":{"rendered":"<p>Rommelsbacher MZ 400 multihackare g\u00f6r matlagninen riktigt rolig. Hacka, sk\u00e4ra, mixa \u2013 med mjukt tryck p\u00e5 on-knappen bearbetar apparaten l\u00f6k, \u00f6rter, gr\u00f6nsaker, frukt, n\u00f6tter, k\u00f6tt och mer. Laga r\u00e5a gr\u00f6nsakssallader, kr\u00e4miga p\u00e5l\u00e4gg, dipps\u00e5ser och pesto p\u00e5 nolltid. Det \u00e4r ocks\u00e5 l\u00e4tt att g\u00f6ra kryddblandningar, \u00f6rtblandningar och kryddsalt med multihackaren. Det 4-vingade bladet, tillverkat av rostfritt [&hellip;]<\/p>\n","protected":false},"featured_media":121874,"comment_status":"open","ping_status":"closed","template":"","meta":{"_acf_changed":false,"_relevanssi_hide_post":"","_relevanssi_hide_content":"","_relevanssi_pin_for_all":"","_relevanssi_pin_keywords":"","_relevanssi_unpin_keywords":"","_relevanssi_related_keywords":"","_relevanssi_related_include_ids":"","_relevanssi_related_exclude_ids":"","_relevanssi_related_no_append":"","_relevanssi_related_not_related":"","_relevanssi_related_posts":"","_relevanssi_noindex_reason":""},"pwb-brand":[37696,37500],"product_brand":[],"product_cat":[37012,37035],"product_tag":[],"class_list":{"0":"post-122275","1":"product","2":"type-product","3":"status-publish","4":"has-post-thumbnail","6":"pwb-brand-rommelsbacher-sv","7":"pwb-brand-rommelsbacher","8":"product_cat-keittiokoneet","9":"product_cat-koksmaskiner","11":"first","12":"instock","13":"taxable","14":"shipping-taxable","15":"purchasable","16":"product-type-simple"},"acf":[],"yoast_head":"<!-- This site is optimized with the Yoast SEO plugin v27.5 - https:\/\/yoast.com\/product\/yoast-seo-wordpress\/ -->\n<title>Hackare MZ 400 - Oy Noortrade Ab<\/title>\n<meta name=\"robots\" content=\"index, follow, max-snippet:-1, max-image-preview:large, max-video-preview:-1\" \/>\n<link rel=\"canonical\" href=\"https:\/\/shop.noor.fi\/produkt\/silppuri-mz-400\/\" \/>\n<meta property=\"og:locale\" content=\"sv_SE\" \/>\n<meta property=\"og:type\" content=\"article\" \/>\n<meta property=\"og:title\" content=\"Hackare MZ 400 - Oy Noortrade Ab\" \/>\n<meta property=\"og:description\" content=\"Rommelsbacher MZ 400 multihackare g\u00f6r matlagninen riktigt rolig. Hacka, sk\u00e4ra, mixa \u2013 med mjukt tryck p\u00e5 on-knappen bearbetar apparaten l\u00f6k, \u00f6rter, gr\u00f6nsaker, frukt, n\u00f6tter, k\u00f6tt och mer. Laga r\u00e5a gr\u00f6nsakssallader, kr\u00e4miga p\u00e5l\u00e4gg, dipps\u00e5ser och pesto p\u00e5 nolltid. Det \u00e4r ocks\u00e5 l\u00e4tt att g\u00f6ra kryddblandningar, \u00f6rtblandningar och kryddsalt med multihackaren. Det 4-vingade bladet, tillverkat av rostfritt [&hellip;]\" \/>\n<meta property=\"og:url\" content=\"https:\/\/shop.noor.fi\/produkt\/silppuri-mz-400\/\" \/>\n<meta property=\"og:site_name\" content=\"Oy Noortrade Ab\" \/>\n<meta property=\"article:modified_time\" content=\"2026-05-05T12:02:45+00:00\" \/>\n<meta property=\"og:image\" content=\"https:\/\/shop.noor.fi\/wp-content\/uploads\/2024\/11\/4001797854209.jpg\" \/>\n\t<meta property=\"og:image:width\" content=\"1000\" \/>\n\t<meta property=\"og:image:height\" content=\"1000\" \/>\n\t<meta property=\"og:image:type\" content=\"image\/jpeg\" \/>\n<meta name=\"twitter:card\" content=\"summary_large_image\" \/>\n<meta name=\"twitter:label1\" content=\"Ber\u00e4knad l\u00e4stid\" \/>\n\t<meta name=\"twitter:data1\" content=\"2 minuter\" \/>\n<script type=\"application\/ld+json\" class=\"yoast-schema-graph\">{\"@context\":\"https:\\\/\\\/schema.org\",\"@graph\":[{\"@type\":\"WebPage\",\"@id\":\"https:\\\/\\\/shop.noor.fi\\\/produkt\\\/silppuri-mz-400\\\/\",\"url\":\"https:\\\/\\\/shop.noor.fi\\\/produkt\\\/silppuri-mz-400\\\/\",\"name\":\"Hackare MZ 400 - Oy Noortrade Ab\",\"isPartOf\":{\"@id\":\"https:\\\/\\\/shopnoorfi-wp31835.test.cchosting.fi\\\/#website\"},\"primaryImageOfPage\":{\"@id\":\"https:\\\/\\\/shop.noor.fi\\\/produkt\\\/silppuri-mz-400\\\/#primaryimage\"},\"image\":{\"@id\":\"https:\\\/\\\/shop.noor.fi\\\/produkt\\\/silppuri-mz-400\\\/#primaryimage\"},\"thumbnailUrl\":\"https:\\\/\\\/shop.noor.fi\\\/wp-content\\\/uploads\\\/2024\\\/11\\\/4001797854209.jpg\",\"datePublished\":\"2024-11-27T08:16:40+00:00\",\"dateModified\":\"2026-05-05T12:02:45+00:00\",\"breadcrumb\":{\"@id\":\"https:\\\/\\\/shop.noor.fi\\\/produkt\\\/silppuri-mz-400\\\/#breadcrumb\"},\"inLanguage\":\"sv-SE\",\"potentialAction\":[{\"@type\":\"ReadAction\",\"target\":[\"https:\\\/\\\/shop.noor.fi\\\/produkt\\\/silppuri-mz-400\\\/\"]}]},{\"@type\":\"ImageObject\",\"inLanguage\":\"sv-SE\",\"@id\":\"https:\\\/\\\/shop.noor.fi\\\/produkt\\\/silppuri-mz-400\\\/#primaryimage\",\"url\":\"https:\\\/\\\/shop.noor.fi\\\/wp-content\\\/uploads\\\/2024\\\/11\\\/4001797854209.jpg\",\"contentUrl\":\"https:\\\/\\\/shop.noor.fi\\\/wp-content\\\/uploads\\\/2024\\\/11\\\/4001797854209.jpg\",\"width\":1000,\"height\":1000},{\"@type\":\"BreadcrumbList\",\"@id\":\"https:\\\/\\\/shop.noor.fi\\\/produkt\\\/silppuri-mz-400\\\/#breadcrumb\",\"itemListElement\":[{\"@type\":\"ListItem\",\"position\":1,\"name\":\"Etusivu\",\"item\":\"https:\\\/\\\/shop.noor.fi\\\/sv\\\/\"},{\"@type\":\"ListItem\",\"position\":2,\"name\":\"Butik\",\"item\":\"https:\\\/\\\/shopnoorfi-wp31835.test.cchosting.fi\\\/sv\\\/butik\\\/\"},{\"@type\":\"ListItem\",\"position\":3,\"name\":\"Hackare MZ 400\"}]},{\"@type\":\"WebSite\",\"@id\":\"https:\\\/\\\/shopnoorfi-wp31835.test.cchosting.fi\\\/#website\",\"url\":\"https:\\\/\\\/shopnoorfi-wp31835.test.cchosting.fi\\\/\",\"name\":\"Oy Noortrade Ab\",\"description\":\"Finnish family owned company with over 30 years of professional experience in lighting &amp; interior products import and sales - reliably.\",\"publisher\":{\"@id\":\"https:\\\/\\\/shopnoorfi-wp31835.test.cchosting.fi\\\/#organization\"},\"potentialAction\":[{\"@type\":\"SearchAction\",\"target\":{\"@type\":\"EntryPoint\",\"urlTemplate\":\"https:\\\/\\\/shopnoorfi-wp31835.test.cchosting.fi\\\/?s={search_term_string}\"},\"query-input\":{\"@type\":\"PropertyValueSpecification\",\"valueRequired\":true,\"valueName\":\"search_term_string\"}}],\"inLanguage\":\"sv-SE\"},{\"@type\":\"Organization\",\"@id\":\"https:\\\/\\\/shopnoorfi-wp31835.test.cchosting.fi\\\/#organization\",\"name\":\"Oy Noortrade Ab\",\"url\":\"https:\\\/\\\/shopnoorfi-wp31835.test.cchosting.fi\\\/\",\"logo\":{\"@type\":\"ImageObject\",\"inLanguage\":\"sv-SE\",\"@id\":\"https:\\\/\\\/shopnoorfi-wp31835.test.cchosting.fi\\\/#\\\/schema\\\/logo\\\/image\\\/\",\"url\":\"https:\\\/\\\/shop.noor.fi\\\/wp-content\\\/uploads\\\/2024\\\/01\\\/Oy-Noortrade-Ab-Corbel-VERSAL-bold-BLACK.png\",\"contentUrl\":\"https:\\\/\\\/shop.noor.fi\\\/wp-content\\\/uploads\\\/2024\\\/01\\\/Oy-Noortrade-Ab-Corbel-VERSAL-bold-BLACK.png\",\"width\":721,\"height\":177,\"caption\":\"Oy Noortrade Ab\"},\"image\":{\"@id\":\"https:\\\/\\\/shopnoorfi-wp31835.test.cchosting.fi\\\/#\\\/schema\\\/logo\\\/image\\\/\"}}]}<\/script>\n<!-- \/ Yoast SEO plugin. -->","yoast_head_json":{"title":"Hackare MZ 400 - Oy Noortrade Ab","robots":{"index":"index","follow":"follow","max-snippet":"max-snippet:-1","max-image-preview":"max-image-preview:large","max-video-preview":"max-video-preview:-1"},"canonical":"https:\/\/shop.noor.fi\/produkt\/silppuri-mz-400\/","og_locale":"sv_SE","og_type":"article","og_title":"Hackare MZ 400 - Oy Noortrade Ab","og_description":"Rommelsbacher MZ 400 multihackare g\u00f6r matlagninen riktigt rolig. Hacka, sk\u00e4ra, mixa \u2013 med mjukt tryck p\u00e5 on-knappen bearbetar apparaten l\u00f6k, \u00f6rter, gr\u00f6nsaker, frukt, n\u00f6tter, k\u00f6tt och mer. Laga r\u00e5a gr\u00f6nsakssallader, kr\u00e4miga p\u00e5l\u00e4gg, dipps\u00e5ser och pesto p\u00e5 nolltid. Det \u00e4r ocks\u00e5 l\u00e4tt att g\u00f6ra kryddblandningar, \u00f6rtblandningar och kryddsalt med multihackaren. Det 4-vingade bladet, tillverkat av rostfritt [&hellip;]","og_url":"https:\/\/shop.noor.fi\/produkt\/silppuri-mz-400\/","og_site_name":"Oy Noortrade Ab","article_modified_time":"2026-05-05T12:02:45+00:00","og_image":[{"width":1000,"height":1000,"url":"https:\/\/shop.noor.fi\/wp-content\/uploads\/2024\/11\/4001797854209.jpg","type":"image\/jpeg"}],"twitter_card":"summary_large_image","twitter_misc":{"Ber\u00e4knad l\u00e4stid":"2 minuter"},"schema":{"@context":"https:\/\/schema.org","@graph":[{"@type":"WebPage","@id":"https:\/\/shop.noor.fi\/produkt\/silppuri-mz-400\/","url":"https:\/\/shop.noor.fi\/produkt\/silppuri-mz-400\/","name":"Hackare MZ 400 - Oy Noortrade Ab","isPartOf":{"@id":"https:\/\/shopnoorfi-wp31835.test.cchosting.fi\/#website"},"primaryImageOfPage":{"@id":"https:\/\/shop.noor.fi\/produkt\/silppuri-mz-400\/#primaryimage"},"image":{"@id":"https:\/\/shop.noor.fi\/produkt\/silppuri-mz-400\/#primaryimage"},"thumbnailUrl":"https:\/\/shop.noor.fi\/wp-content\/uploads\/2024\/11\/4001797854209.jpg","datePublished":"2024-11-27T08:16:40+00:00","dateModified":"2026-05-05T12:02:45+00:00","breadcrumb":{"@id":"https:\/\/shop.noor.fi\/produkt\/silppuri-mz-400\/#breadcrumb"},"inLanguage":"sv-SE","potentialAction":[{"@type":"ReadAction","target":["https:\/\/shop.noor.fi\/produkt\/silppuri-mz-400\/"]}]},{"@type":"ImageObject","inLanguage":"sv-SE","@id":"https:\/\/shop.noor.fi\/produkt\/silppuri-mz-400\/#primaryimage","url":"https:\/\/shop.noor.fi\/wp-content\/uploads\/2024\/11\/4001797854209.jpg","contentUrl":"https:\/\/shop.noor.fi\/wp-content\/uploads\/2024\/11\/4001797854209.jpg","width":1000,"height":1000},{"@type":"BreadcrumbList","@id":"https:\/\/shop.noor.fi\/produkt\/silppuri-mz-400\/#breadcrumb","itemListElement":[{"@type":"ListItem","position":1,"name":"Etusivu","item":"https:\/\/shop.noor.fi\/sv\/"},{"@type":"ListItem","position":2,"name":"Butik","item":"https:\/\/shopnoorfi-wp31835.test.cchosting.fi\/sv\/butik\/"},{"@type":"ListItem","position":3,"name":"Hackare MZ 400"}]},{"@type":"WebSite","@id":"https:\/\/shopnoorfi-wp31835.test.cchosting.fi\/#website","url":"https:\/\/shopnoorfi-wp31835.test.cchosting.fi\/","name":"Oy Noortrade Ab","description":"Finnish family owned company with over 30 years of professional experience in lighting &amp; interior products import and sales - reliably.","publisher":{"@id":"https:\/\/shopnoorfi-wp31835.test.cchosting.fi\/#organization"},"potentialAction":[{"@type":"SearchAction","target":{"@type":"EntryPoint","urlTemplate":"https:\/\/shopnoorfi-wp31835.test.cchosting.fi\/?s={search_term_string}"},"query-input":{"@type":"PropertyValueSpecification","valueRequired":true,"valueName":"search_term_string"}}],"inLanguage":"sv-SE"},{"@type":"Organization","@id":"https:\/\/shopnoorfi-wp31835.test.cchosting.fi\/#organization","name":"Oy Noortrade Ab","url":"https:\/\/shopnoorfi-wp31835.test.cchosting.fi\/","logo":{"@type":"ImageObject","inLanguage":"sv-SE","@id":"https:\/\/shopnoorfi-wp31835.test.cchosting.fi\/#\/schema\/logo\/image\/","url":"https:\/\/shop.noor.fi\/wp-content\/uploads\/2024\/01\/Oy-Noortrade-Ab-Corbel-VERSAL-bold-BLACK.png","contentUrl":"https:\/\/shop.noor.fi\/wp-content\/uploads\/2024\/01\/Oy-Noortrade-Ab-Corbel-VERSAL-bold-BLACK.png","width":721,"height":177,"caption":"Oy Noortrade Ab"},"image":{"@id":"https:\/\/shopnoorfi-wp31835.test.cchosting.fi\/#\/schema\/logo\/image\/"}}]}},"brands":[{"id":37500,"name":"Rommelsbacher","slug":"rommelsbacher"},{"id":37696,"name":"Rommelsbacher","slug":"rommelsbacher-sv"}],"_links":{"self":[{"href":"https:\/\/shop.noor.fi\/sv\/wp-json\/wp\/v2\/product\/122275","targetHints":{"allow":["GET"]}}],"collection":[{"href":"https:\/\/shop.noor.fi\/sv\/wp-json\/wp\/v2\/product"}],"about":[{"href":"https:\/\/shop.noor.fi\/sv\/wp-json\/wp\/v2\/types\/product"}],"replies":[{"embeddable":true,"href":"https:\/\/shop.noor.fi\/sv\/wp-json\/wp\/v2\/comments?post=122275"}],"wp:featuredmedia":[{"embeddable":true,"href":"https:\/\/shop.noor.fi\/sv\/wp-json\/wp\/v2\/media\/121874"}],"wp:attachment":[{"href":"https:\/\/shop.noor.fi\/sv\/wp-json\/wp\/v2\/media?parent=122275"}],"wp:term":[{"taxonomy":"pwb-brand","embeddable":true,"href":"https:\/\/shop.noor.fi\/sv\/wp-json\/wp\/v2\/pwb-brand?post=122275"},{"taxonomy":"product_brand","embeddable":true,"href":"https:\/\/shop.noor.fi\/sv\/wp-json\/wp\/v2\/product_brand?post=122275"},{"taxonomy":"product_cat","embeddable":true,"href":"https:\/\/shop.noor.fi\/sv\/wp-json\/wp\/v2\/product_cat?post=122275"},{"taxonomy":"product_tag","embeddable":true,"href":"https:\/\/shop.noor.fi\/sv\/wp-json\/wp\/v2\/product_tag?post=122275"}],"curies":[{"name":"wp","href":"https:\/\/api.w.org\/{rel}","templated":true}]}}