{"id":122273,"date":"2024-11-27T10:16:33","date_gmt":"2024-11-27T08:16:33","guid":{"rendered":"https:\/\/shop.noor.fi\/product\/blender-mx-1250\/"},"modified":"2026-02-27T09:20:20","modified_gmt":"2026-02-27T07:20:20","slug":"blender-mx-1250","status":"publish","type":"product","link":"https:\/\/shop.noor.fi\/sv\/produkt\/blender-mx-1250\/","title":{"rendered":"Blender MX 1250"},"content":{"rendered":"<p>Den stilrena Rommelsbacher MX 1250 mixern \u00e4r ett riktigt cocktailproffs tack vare en 1200 watts motor och ett speciellt iskrossningsprogram. Denna eleganta apparat kan g\u00f6ra \u00e4nnu mycket mer: l\u00e4ckra, h\u00e4lsosamma smoothies av<br \/>\nf\u00e4rska frukter, skummande milkshakes, passerade soppor och s\u00e5ser, som alla kan tillagas bekv\u00e4mt och snabbt. Med smoothieprogrammet finns det inget behov av att kontrollera hastigheten eftersom det fungerar gradvis och ocks\u00e5 till\u00e5ter en paus och d\u00e4rmed skyddar motorn \u00e4ven n\u00e4r du f\u00f6rbereder slush-drycker. Den h\u00f6gkvalitativa, massiva glaskannan rymmer 1,75 liter och ingredienserna kan fyllas p\u00e5 gradvis genom den praktiska \u00f6ppningen som finns p\u00e5 locket. Dessutom hj\u00e4lper skalan p\u00e5 kannan till med m\u00e4tningen.<br \/>\nDen tydliga, upplysta kontrollpanelen g\u00f6r anv\u00e4ndningen l\u00e4tt. Enheten har ett fyrdubbelt s\u00e4kerhetssystem som garanterar en h\u00f6g drifts\u00e4kerhet, s\u00e5 att t.ex. varken oavsiktlig kontakt med bladen eller oavsiktlig anv\u00e4ndning \u00e4r m\u00f6jlig.<br \/>\nMixern har ett CLEAN-program f\u00f6r enkel snabbreng\u00f6ring, och f\u00f6r en grundlig reng\u00f6ring kan mixern tas is\u00e4r helt.<\/p>\n<p>Stilrent h\u00f6lje i l\u00e4ttsk\u00f6tt rostfritt st\u00e5l<br \/>\nUpp till 22.000 varv per minut<br \/>\nStegl\u00f6s hastighetsreglering<br \/>\nFunktionsknappar &#8221;Smoothie&#8221;, &#8221;Clean\/Pulse&#8221;, &#8221;Ice Crush&#8221;<br \/>\nGlaskanna med skala, 1,75 l<br \/>\nAvtagbart lock med refill\u00f6ppning<br \/>\n6-vingat specialblad av rostfritt st\u00e5l, avtagbart<br \/>\nTydlig upplyst kontrollpanel<br \/>\nFyrdubbelt s\u00e4kerhetssystem:<br \/>\n    &#8211; Kan endast anv\u00e4ndas med locket st\u00e4ngt<br \/>\n    &#8211; Drift endast m\u00f6jlig med glaskannan i r\u00e4tt l\u00e4ge<br \/>\n    &#8211; \u00d6verhettningsskydd av motorn<br \/>\n    &#8211; GS-testad s\u00e4kerhet<br \/>\n4 stora anti-slip gummif\u00f6tter<br \/>\nHelt demonterbar, d\u00e4rmed l\u00e4tt att reng\u00f6ra<br \/>\nInklusive monteringshj\u00e4lp f\u00f6r demontering\/montering av knivenheten<\/p>\n","protected":false},"excerpt":{"rendered":"<p>Den stilrena Rommelsbacher MX 1250 mixern \u00e4r ett riktigt cocktailproffs tack vare en 1200 watts motor och ett speciellt iskrossningsprogram. Denna eleganta apparat kan g\u00f6ra \u00e4nnu mycket mer: l\u00e4ckra, h\u00e4lsosamma smoothies av f\u00e4rska frukter, skummande milkshakes, passerade soppor och s\u00e5ser, som alla kan tillagas bekv\u00e4mt och snabbt. Med smoothieprogrammet finns det inget behov av att [&hellip;]<\/p>\n","protected":false},"featured_media":121886,"comment_status":"open","ping_status":"closed","template":"","meta":{"_acf_changed":false,"_relevanssi_hide_post":"","_relevanssi_hide_content":"","_relevanssi_pin_for_all":"","_relevanssi_pin_keywords":"","_relevanssi_unpin_keywords":"","_relevanssi_related_keywords":"","_relevanssi_related_include_ids":"","_relevanssi_related_exclude_ids":"","_relevanssi_related_no_append":"","_relevanssi_related_not_related":"","_relevanssi_related_posts":"","_relevanssi_noindex_reason":""},"pwb-brand":[37500,37696],"product_brand":[],"product_cat":[37012,37035],"product_tag":[],"class_list":{"0":"post-122273","1":"product","2":"type-product","3":"status-publish","4":"has-post-thumbnail","6":"pwb-brand-rommelsbacher","7":"pwb-brand-rommelsbacher-sv","8":"product_cat-keittiokoneet","9":"product_cat-koksmaskiner","11":"first","12":"instock","13":"taxable","14":"shipping-taxable","15":"purchasable","16":"product-type-simple"},"acf":[],"yoast_head":"<!-- This site is optimized with the Yoast SEO plugin v27.5 - https:\/\/yoast.com\/product\/yoast-seo-wordpress\/ -->\n<title>Blender MX 1250 - Oy Noortrade Ab<\/title>\n<meta name=\"robots\" content=\"index, follow, max-snippet:-1, max-image-preview:large, max-video-preview:-1\" \/>\n<link rel=\"canonical\" href=\"https:\/\/shop.noor.fi\/produkt\/tehosekoitin-mx-1250\/\" \/>\n<meta property=\"og:locale\" content=\"sv_SE\" \/>\n<meta property=\"og:type\" content=\"article\" \/>\n<meta property=\"og:title\" content=\"Blender MX 1250 - Oy Noortrade Ab\" \/>\n<meta property=\"og:description\" content=\"Den stilrena Rommelsbacher MX 1250 mixern \u00e4r ett riktigt cocktailproffs tack vare en 1200 watts motor och ett speciellt iskrossningsprogram. Denna eleganta apparat kan g\u00f6ra \u00e4nnu mycket mer: l\u00e4ckra, h\u00e4lsosamma smoothies av f\u00e4rska frukter, skummande milkshakes, passerade soppor och s\u00e5ser, som alla kan tillagas bekv\u00e4mt och snabbt. Med smoothieprogrammet finns det inget behov av att [&hellip;]\" \/>\n<meta property=\"og:url\" content=\"https:\/\/shop.noor.fi\/produkt\/tehosekoitin-mx-1250\/\" \/>\n<meta property=\"og:site_name\" content=\"Oy Noortrade Ab\" \/>\n<meta property=\"article:modified_time\" content=\"2026-02-27T07:20:20+00:00\" \/>\n<meta property=\"og:image\" content=\"https:\/\/shop.noor.fi\/wp-content\/uploads\/2024\/11\/4001797853134.jpg\" \/>\n\t<meta property=\"og:image:width\" content=\"1000\" \/>\n\t<meta property=\"og:image:height\" content=\"1000\" \/>\n\t<meta property=\"og:image:type\" content=\"image\/jpeg\" \/>\n<meta name=\"twitter:card\" content=\"summary_large_image\" \/>\n<meta name=\"twitter:label1\" content=\"Ber\u00e4knad l\u00e4stid\" \/>\n\t<meta name=\"twitter:data1\" content=\"2 minuter\" \/>\n<script type=\"application\/ld+json\" class=\"yoast-schema-graph\">{\"@context\":\"https:\\\/\\\/schema.org\",\"@graph\":[{\"@type\":\"WebPage\",\"@id\":\"https:\\\/\\\/shop.noor.fi\\\/produkt\\\/tehosekoitin-mx-1250\\\/\",\"url\":\"https:\\\/\\\/shop.noor.fi\\\/produkt\\\/tehosekoitin-mx-1250\\\/\",\"name\":\"Blender MX 1250 - Oy Noortrade Ab\",\"isPartOf\":{\"@id\":\"https:\\\/\\\/shopnoorfi-wp31835.test.cchosting.fi\\\/#website\"},\"primaryImageOfPage\":{\"@id\":\"https:\\\/\\\/shop.noor.fi\\\/produkt\\\/tehosekoitin-mx-1250\\\/#primaryimage\"},\"image\":{\"@id\":\"https:\\\/\\\/shop.noor.fi\\\/produkt\\\/tehosekoitin-mx-1250\\\/#primaryimage\"},\"thumbnailUrl\":\"https:\\\/\\\/shop.noor.fi\\\/wp-content\\\/uploads\\\/2024\\\/11\\\/4001797853134.jpg\",\"datePublished\":\"2024-11-27T08:16:33+00:00\",\"dateModified\":\"2026-02-27T07:20:20+00:00\",\"breadcrumb\":{\"@id\":\"https:\\\/\\\/shop.noor.fi\\\/produkt\\\/tehosekoitin-mx-1250\\\/#breadcrumb\"},\"inLanguage\":\"sv-SE\",\"potentialAction\":[{\"@type\":\"ReadAction\",\"target\":[\"https:\\\/\\\/shop.noor.fi\\\/produkt\\\/tehosekoitin-mx-1250\\\/\"]}]},{\"@type\":\"ImageObject\",\"inLanguage\":\"sv-SE\",\"@id\":\"https:\\\/\\\/shop.noor.fi\\\/produkt\\\/tehosekoitin-mx-1250\\\/#primaryimage\",\"url\":\"https:\\\/\\\/shop.noor.fi\\\/wp-content\\\/uploads\\\/2024\\\/11\\\/4001797853134.jpg\",\"contentUrl\":\"https:\\\/\\\/shop.noor.fi\\\/wp-content\\\/uploads\\\/2024\\\/11\\\/4001797853134.jpg\",\"width\":1000,\"height\":1000},{\"@type\":\"BreadcrumbList\",\"@id\":\"https:\\\/\\\/shop.noor.fi\\\/produkt\\\/tehosekoitin-mx-1250\\\/#breadcrumb\",\"itemListElement\":[{\"@type\":\"ListItem\",\"position\":1,\"name\":\"Etusivu\",\"item\":\"https:\\\/\\\/shop.noor.fi\\\/sv\\\/\"},{\"@type\":\"ListItem\",\"position\":2,\"name\":\"Butik\",\"item\":\"https:\\\/\\\/shopnoorfi-wp31835.test.cchosting.fi\\\/sv\\\/butik\\\/\"},{\"@type\":\"ListItem\",\"position\":3,\"name\":\"Blender MX 1250\"}]},{\"@type\":\"WebSite\",\"@id\":\"https:\\\/\\\/shopnoorfi-wp31835.test.cchosting.fi\\\/#website\",\"url\":\"https:\\\/\\\/shopnoorfi-wp31835.test.cchosting.fi\\\/\",\"name\":\"Oy Noortrade Ab\",\"description\":\"Finnish family owned company with over 30 years of professional experience in lighting &amp; interior products import and sales - reliably.\",\"publisher\":{\"@id\":\"https:\\\/\\\/shopnoorfi-wp31835.test.cchosting.fi\\\/#organization\"},\"potentialAction\":[{\"@type\":\"SearchAction\",\"target\":{\"@type\":\"EntryPoint\",\"urlTemplate\":\"https:\\\/\\\/shopnoorfi-wp31835.test.cchosting.fi\\\/?s={search_term_string}\"},\"query-input\":{\"@type\":\"PropertyValueSpecification\",\"valueRequired\":true,\"valueName\":\"search_term_string\"}}],\"inLanguage\":\"sv-SE\"},{\"@type\":\"Organization\",\"@id\":\"https:\\\/\\\/shopnoorfi-wp31835.test.cchosting.fi\\\/#organization\",\"name\":\"Oy Noortrade Ab\",\"url\":\"https:\\\/\\\/shopnoorfi-wp31835.test.cchosting.fi\\\/\",\"logo\":{\"@type\":\"ImageObject\",\"inLanguage\":\"sv-SE\",\"@id\":\"https:\\\/\\\/shopnoorfi-wp31835.test.cchosting.fi\\\/#\\\/schema\\\/logo\\\/image\\\/\",\"url\":\"https:\\\/\\\/shop.noor.fi\\\/wp-content\\\/uploads\\\/2024\\\/01\\\/Oy-Noortrade-Ab-Corbel-VERSAL-bold-BLACK.png\",\"contentUrl\":\"https:\\\/\\\/shop.noor.fi\\\/wp-content\\\/uploads\\\/2024\\\/01\\\/Oy-Noortrade-Ab-Corbel-VERSAL-bold-BLACK.png\",\"width\":721,\"height\":177,\"caption\":\"Oy Noortrade Ab\"},\"image\":{\"@id\":\"https:\\\/\\\/shopnoorfi-wp31835.test.cchosting.fi\\\/#\\\/schema\\\/logo\\\/image\\\/\"}}]}<\/script>\n<!-- \/ Yoast SEO plugin. -->","yoast_head_json":{"title":"Blender MX 1250 - Oy Noortrade Ab","robots":{"index":"index","follow":"follow","max-snippet":"max-snippet:-1","max-image-preview":"max-image-preview:large","max-video-preview":"max-video-preview:-1"},"canonical":"https:\/\/shop.noor.fi\/produkt\/tehosekoitin-mx-1250\/","og_locale":"sv_SE","og_type":"article","og_title":"Blender MX 1250 - Oy Noortrade Ab","og_description":"Den stilrena Rommelsbacher MX 1250 mixern \u00e4r ett riktigt cocktailproffs tack vare en 1200 watts motor och ett speciellt iskrossningsprogram. Denna eleganta apparat kan g\u00f6ra \u00e4nnu mycket mer: l\u00e4ckra, h\u00e4lsosamma smoothies av f\u00e4rska frukter, skummande milkshakes, passerade soppor och s\u00e5ser, som alla kan tillagas bekv\u00e4mt och snabbt. Med smoothieprogrammet finns det inget behov av att [&hellip;]","og_url":"https:\/\/shop.noor.fi\/produkt\/tehosekoitin-mx-1250\/","og_site_name":"Oy Noortrade Ab","article_modified_time":"2026-02-27T07:20:20+00:00","og_image":[{"width":1000,"height":1000,"url":"https:\/\/shop.noor.fi\/wp-content\/uploads\/2024\/11\/4001797853134.jpg","type":"image\/jpeg"}],"twitter_card":"summary_large_image","twitter_misc":{"Ber\u00e4knad l\u00e4stid":"2 minuter"},"schema":{"@context":"https:\/\/schema.org","@graph":[{"@type":"WebPage","@id":"https:\/\/shop.noor.fi\/produkt\/tehosekoitin-mx-1250\/","url":"https:\/\/shop.noor.fi\/produkt\/tehosekoitin-mx-1250\/","name":"Blender MX 1250 - Oy Noortrade Ab","isPartOf":{"@id":"https:\/\/shopnoorfi-wp31835.test.cchosting.fi\/#website"},"primaryImageOfPage":{"@id":"https:\/\/shop.noor.fi\/produkt\/tehosekoitin-mx-1250\/#primaryimage"},"image":{"@id":"https:\/\/shop.noor.fi\/produkt\/tehosekoitin-mx-1250\/#primaryimage"},"thumbnailUrl":"https:\/\/shop.noor.fi\/wp-content\/uploads\/2024\/11\/4001797853134.jpg","datePublished":"2024-11-27T08:16:33+00:00","dateModified":"2026-02-27T07:20:20+00:00","breadcrumb":{"@id":"https:\/\/shop.noor.fi\/produkt\/tehosekoitin-mx-1250\/#breadcrumb"},"inLanguage":"sv-SE","potentialAction":[{"@type":"ReadAction","target":["https:\/\/shop.noor.fi\/produkt\/tehosekoitin-mx-1250\/"]}]},{"@type":"ImageObject","inLanguage":"sv-SE","@id":"https:\/\/shop.noor.fi\/produkt\/tehosekoitin-mx-1250\/#primaryimage","url":"https:\/\/shop.noor.fi\/wp-content\/uploads\/2024\/11\/4001797853134.jpg","contentUrl":"https:\/\/shop.noor.fi\/wp-content\/uploads\/2024\/11\/4001797853134.jpg","width":1000,"height":1000},{"@type":"BreadcrumbList","@id":"https:\/\/shop.noor.fi\/produkt\/tehosekoitin-mx-1250\/#breadcrumb","itemListElement":[{"@type":"ListItem","position":1,"name":"Etusivu","item":"https:\/\/shop.noor.fi\/sv\/"},{"@type":"ListItem","position":2,"name":"Butik","item":"https:\/\/shopnoorfi-wp31835.test.cchosting.fi\/sv\/butik\/"},{"@type":"ListItem","position":3,"name":"Blender MX 1250"}]},{"@type":"WebSite","@id":"https:\/\/shopnoorfi-wp31835.test.cchosting.fi\/#website","url":"https:\/\/shopnoorfi-wp31835.test.cchosting.fi\/","name":"Oy Noortrade Ab","description":"Finnish family owned company with over 30 years of professional experience in lighting &amp; interior products import and sales - reliably.","publisher":{"@id":"https:\/\/shopnoorfi-wp31835.test.cchosting.fi\/#organization"},"potentialAction":[{"@type":"SearchAction","target":{"@type":"EntryPoint","urlTemplate":"https:\/\/shopnoorfi-wp31835.test.cchosting.fi\/?s={search_term_string}"},"query-input":{"@type":"PropertyValueSpecification","valueRequired":true,"valueName":"search_term_string"}}],"inLanguage":"sv-SE"},{"@type":"Organization","@id":"https:\/\/shopnoorfi-wp31835.test.cchosting.fi\/#organization","name":"Oy Noortrade Ab","url":"https:\/\/shopnoorfi-wp31835.test.cchosting.fi\/","logo":{"@type":"ImageObject","inLanguage":"sv-SE","@id":"https:\/\/shopnoorfi-wp31835.test.cchosting.fi\/#\/schema\/logo\/image\/","url":"https:\/\/shop.noor.fi\/wp-content\/uploads\/2024\/01\/Oy-Noortrade-Ab-Corbel-VERSAL-bold-BLACK.png","contentUrl":"https:\/\/shop.noor.fi\/wp-content\/uploads\/2024\/01\/Oy-Noortrade-Ab-Corbel-VERSAL-bold-BLACK.png","width":721,"height":177,"caption":"Oy Noortrade Ab"},"image":{"@id":"https:\/\/shopnoorfi-wp31835.test.cchosting.fi\/#\/schema\/logo\/image\/"}}]}},"brands":[{"id":37500,"name":"Rommelsbacher","slug":"rommelsbacher"},{"id":37696,"name":"Rommelsbacher","slug":"rommelsbacher-sv"}],"_links":{"self":[{"href":"https:\/\/shop.noor.fi\/sv\/wp-json\/wp\/v2\/product\/122273","targetHints":{"allow":["GET"]}}],"collection":[{"href":"https:\/\/shop.noor.fi\/sv\/wp-json\/wp\/v2\/product"}],"about":[{"href":"https:\/\/shop.noor.fi\/sv\/wp-json\/wp\/v2\/types\/product"}],"replies":[{"embeddable":true,"href":"https:\/\/shop.noor.fi\/sv\/wp-json\/wp\/v2\/comments?post=122273"}],"wp:featuredmedia":[{"embeddable":true,"href":"https:\/\/shop.noor.fi\/sv\/wp-json\/wp\/v2\/media\/121886"}],"wp:attachment":[{"href":"https:\/\/shop.noor.fi\/sv\/wp-json\/wp\/v2\/media?parent=122273"}],"wp:term":[{"taxonomy":"pwb-brand","embeddable":true,"href":"https:\/\/shop.noor.fi\/sv\/wp-json\/wp\/v2\/pwb-brand?post=122273"},{"taxonomy":"product_brand","embeddable":true,"href":"https:\/\/shop.noor.fi\/sv\/wp-json\/wp\/v2\/product_brand?post=122273"},{"taxonomy":"product_cat","embeddable":true,"href":"https:\/\/shop.noor.fi\/sv\/wp-json\/wp\/v2\/product_cat?post=122273"},{"taxonomy":"product_tag","embeddable":true,"href":"https:\/\/shop.noor.fi\/sv\/wp-json\/wp\/v2\/product_tag?post=122273"}],"curies":[{"name":"wp","href":"https:\/\/api.w.org\/{rel}","templated":true}]}}