{"id":122269,"date":"2024-11-27T10:16:17","date_gmt":"2024-11-27T08:16:17","guid":{"rendered":"https:\/\/shop.noor.fi\/product\/bankspis-km-3300\/"},"modified":"2026-02-27T09:21:40","modified_gmt":"2026-02-27T07:21:40","slug":"bankspis-km-3300","status":"publish","type":"product","link":"https:\/\/shop.noor.fi\/sv\/produkt\/bankspis-km-3300\/","title":{"rendered":"B\u00e4nkspis KM 3300"},"content":{"rendered":"<p>Med Rommelsbacher KM 3300 bordsspis kan du laga mat, steka, baka och grilla! Denna minik\u00f6ksmaskin passar speciellt till singel- och studentl\u00e4genheter eller p\u00e5 kontoret och i fritidshuset. KM 3300 \u00e4r s\u00e4rskilt effektiv och ekonomisk i drift (upp till 50 % energibesparing j\u00e4mf\u00f6rt med konventionella inbyggnadsugnar). Tillbeh\u00f6r s\u00e5v\u00e4l som r\u00e4tter i panna kan tillagas p\u00e5 2 kokplattor med 4 v\u00e4rmel\u00e4gen. Ugnen med sina olika funktioner (bl.a. varmluftsfunktion) och stegl\u00f6s temperaturreglering v\u00e4rms upp mycket snabbt och \u00e4r perfekt f\u00f6r att tillaga stekar, grat\u00e4nger och kakor. Med hj\u00e4lp av Rotisserie-spettet \u00e4r det ocks\u00e5 m\u00f6jligt att laga krispig kyckling samt stekar. Reng\u00f6ringen \u00e4r mycket enkel, eftersom ugnen har en non-stick-bel\u00e4ggning.<\/p>\n<p>Spish\u00e4ll:<br \/>\n2 fasta kokplattor (\u00d818 cm\/1000 W och \u00d814,5 cm\/750 W)<br \/>\nEffektstyrd reglering i 4 steg<br \/>\nIndikatorlampa<\/p>\n<p>Ugn:<br \/>\nStor volym: 30 l, f\u00f6r bakformar upp till \u00d8 28 cm<br \/>\n4 v\u00e4rmeelement i rostfritt st\u00e5l, kort f\u00f6rv\u00e4rmningstid<br \/>\nStegl\u00f6s temperaturreglering upp till 230 \u00b0C<br \/>\n5 v\u00e4rmefunktioner: \u00f6ver\/underv\u00e4rme, \u00f6ver\/underv\u00e4rme med varmluftsfunktion, \u00f6verv\u00e4rme med varmluftsfunktion, underv\u00e4rme med varmluftsfunktion, upptiningsfunktion<br \/>\nMotordrivet spett f\u00f6r kyckling, stek mm.<br \/>\nDubbelglasad ugnslucka med t\u00e4tning, enkel att ta is\u00e4r f\u00f6r reng\u00f6ring<br \/>\nDubbelv\u00e4ggigt h\u00f6lje med v\u00e4rmeisolering<br \/>\nUgnsbelysning<br \/>\nNon-stick bel\u00e4ggning f\u00f6r enkel reng\u00f6ring<br \/>\n3 niv\u00e5er, indikatorlampa, \u00f6verhettningsskydd<br \/>\nInklusive spettset, emaljerad bakpl\u00e5t med separat handtag, kromat grillgaller, avtagbar smulbricka<\/p>\n","protected":false},"excerpt":{"rendered":"<p>Med Rommelsbacher KM 3300 bordsspis kan du laga mat, steka, baka och grilla! Denna minik\u00f6ksmaskin passar speciellt till singel- och studentl\u00e4genheter eller p\u00e5 kontoret och i fritidshuset. KM 3300 \u00e4r s\u00e4rskilt effektiv och ekonomisk i drift (upp till 50 % energibesparing j\u00e4mf\u00f6rt med konventionella inbyggnadsugnar). Tillbeh\u00f6r s\u00e5v\u00e4l som r\u00e4tter i panna kan tillagas p\u00e5 2 [&hellip;]<\/p>\n","protected":false},"featured_media":121908,"comment_status":"open","ping_status":"closed","template":"","meta":{"_acf_changed":false,"_relevanssi_hide_post":"","_relevanssi_hide_content":"","_relevanssi_pin_for_all":"","_relevanssi_pin_keywords":"","_relevanssi_unpin_keywords":"","_relevanssi_related_keywords":"","_relevanssi_related_include_ids":"","_relevanssi_related_exclude_ids":"","_relevanssi_related_no_append":"","_relevanssi_related_not_related":"","_relevanssi_related_posts":"","_relevanssi_noindex_reason":""},"pwb-brand":[37696,37500],"product_brand":[],"product_cat":[37012,37035],"product_tag":[],"class_list":{"0":"post-122269","1":"product","2":"type-product","3":"status-publish","4":"has-post-thumbnail","6":"pwb-brand-rommelsbacher-sv","7":"pwb-brand-rommelsbacher","8":"product_cat-keittiokoneet","9":"product_cat-koksmaskiner","11":"first","12":"instock","13":"taxable","14":"shipping-taxable","15":"purchasable","16":"product-type-simple"},"acf":[],"yoast_head":"<!-- This site is optimized with the Yoast SEO plugin v27.5 - https:\/\/yoast.com\/product\/yoast-seo-wordpress\/ -->\n<title>B\u00e4nkspis KM 3300 - Oy Noortrade Ab<\/title>\n<meta name=\"robots\" content=\"index, follow, max-snippet:-1, max-image-preview:large, max-video-preview:-1\" \/>\n<link rel=\"canonical\" href=\"https:\/\/shop.noor.fi\/sv\/produkt\/bankspis-km-3300\/\" \/>\n<meta property=\"og:locale\" content=\"sv_SE\" \/>\n<meta property=\"og:type\" content=\"article\" \/>\n<meta property=\"og:title\" content=\"B\u00e4nkspis KM 3300 - Oy Noortrade Ab\" \/>\n<meta property=\"og:description\" content=\"Med Rommelsbacher KM 3300 bordsspis kan du laga mat, steka, baka och grilla! Denna minik\u00f6ksmaskin passar speciellt till singel- och studentl\u00e4genheter eller p\u00e5 kontoret och i fritidshuset. KM 3300 \u00e4r s\u00e4rskilt effektiv och ekonomisk i drift (upp till 50 % energibesparing j\u00e4mf\u00f6rt med konventionella inbyggnadsugnar). Tillbeh\u00f6r s\u00e5v\u00e4l som r\u00e4tter i panna kan tillagas p\u00e5 2 [&hellip;]\" \/>\n<meta property=\"og:url\" content=\"https:\/\/shop.noor.fi\/sv\/produkt\/bankspis-km-3300\/\" \/>\n<meta property=\"og:site_name\" content=\"Oy Noortrade Ab\" \/>\n<meta property=\"article:modified_time\" content=\"2026-02-27T07:21:40+00:00\" \/>\n<meta property=\"og:image\" content=\"https:\/\/shop.noor.fi\/wp-content\/uploads\/2024\/11\/4001797257208.jpg\" \/>\n\t<meta property=\"og:image:width\" content=\"1000\" \/>\n\t<meta property=\"og:image:height\" content=\"1000\" \/>\n\t<meta property=\"og:image:type\" content=\"image\/jpeg\" \/>\n<meta name=\"twitter:card\" content=\"summary_large_image\" \/>\n<meta name=\"twitter:label1\" content=\"Ber\u00e4knad l\u00e4stid\" \/>\n\t<meta name=\"twitter:data1\" content=\"2 minuter\" \/>\n<script type=\"application\/ld+json\" class=\"yoast-schema-graph\">{\"@context\":\"https:\\\/\\\/schema.org\",\"@graph\":[{\"@type\":\"WebPage\",\"@id\":\"https:\\\/\\\/shop.noor.fi\\\/sv\\\/produkt\\\/bankspis-km-3300\\\/\",\"url\":\"https:\\\/\\\/shop.noor.fi\\\/sv\\\/produkt\\\/bankspis-km-3300\\\/\",\"name\":\"B\u00e4nkspis KM 3300 - Oy Noortrade Ab\",\"isPartOf\":{\"@id\":\"https:\\\/\\\/shopnoorfi-wp31835.test.cchosting.fi\\\/#website\"},\"primaryImageOfPage\":{\"@id\":\"https:\\\/\\\/shop.noor.fi\\\/sv\\\/produkt\\\/bankspis-km-3300\\\/#primaryimage\"},\"image\":{\"@id\":\"https:\\\/\\\/shop.noor.fi\\\/sv\\\/produkt\\\/bankspis-km-3300\\\/#primaryimage\"},\"thumbnailUrl\":\"https:\\\/\\\/shop.noor.fi\\\/wp-content\\\/uploads\\\/2024\\\/11\\\/4001797257208.jpg\",\"datePublished\":\"2024-11-27T08:16:17+00:00\",\"dateModified\":\"2026-02-27T07:21:40+00:00\",\"breadcrumb\":{\"@id\":\"https:\\\/\\\/shop.noor.fi\\\/sv\\\/produkt\\\/bankspis-km-3300\\\/#breadcrumb\"},\"inLanguage\":\"sv-SE\",\"potentialAction\":[{\"@type\":\"ReadAction\",\"target\":[\"https:\\\/\\\/shop.noor.fi\\\/sv\\\/produkt\\\/bankspis-km-3300\\\/\"]}]},{\"@type\":\"ImageObject\",\"inLanguage\":\"sv-SE\",\"@id\":\"https:\\\/\\\/shop.noor.fi\\\/sv\\\/produkt\\\/bankspis-km-3300\\\/#primaryimage\",\"url\":\"https:\\\/\\\/shop.noor.fi\\\/wp-content\\\/uploads\\\/2024\\\/11\\\/4001797257208.jpg\",\"contentUrl\":\"https:\\\/\\\/shop.noor.fi\\\/wp-content\\\/uploads\\\/2024\\\/11\\\/4001797257208.jpg\",\"width\":1000,\"height\":1000},{\"@type\":\"BreadcrumbList\",\"@id\":\"https:\\\/\\\/shop.noor.fi\\\/sv\\\/produkt\\\/bankspis-km-3300\\\/#breadcrumb\",\"itemListElement\":[{\"@type\":\"ListItem\",\"position\":1,\"name\":\"Etusivu\",\"item\":\"https:\\\/\\\/shop.noor.fi\\\/sv\\\/\"},{\"@type\":\"ListItem\",\"position\":2,\"name\":\"Butik\",\"item\":\"https:\\\/\\\/shopnoorfi-wp31835.test.cchosting.fi\\\/sv\\\/butik\\\/\"},{\"@type\":\"ListItem\",\"position\":3,\"name\":\"B\u00e4nkspis KM 3300\"}]},{\"@type\":\"WebSite\",\"@id\":\"https:\\\/\\\/shopnoorfi-wp31835.test.cchosting.fi\\\/#website\",\"url\":\"https:\\\/\\\/shopnoorfi-wp31835.test.cchosting.fi\\\/\",\"name\":\"Oy Noortrade Ab\",\"description\":\"Finnish family owned company with over 30 years of professional experience in lighting &amp; interior products import and sales - reliably.\",\"publisher\":{\"@id\":\"https:\\\/\\\/shopnoorfi-wp31835.test.cchosting.fi\\\/#organization\"},\"potentialAction\":[{\"@type\":\"SearchAction\",\"target\":{\"@type\":\"EntryPoint\",\"urlTemplate\":\"https:\\\/\\\/shopnoorfi-wp31835.test.cchosting.fi\\\/?s={search_term_string}\"},\"query-input\":{\"@type\":\"PropertyValueSpecification\",\"valueRequired\":true,\"valueName\":\"search_term_string\"}}],\"inLanguage\":\"sv-SE\"},{\"@type\":\"Organization\",\"@id\":\"https:\\\/\\\/shopnoorfi-wp31835.test.cchosting.fi\\\/#organization\",\"name\":\"Oy Noortrade Ab\",\"url\":\"https:\\\/\\\/shopnoorfi-wp31835.test.cchosting.fi\\\/\",\"logo\":{\"@type\":\"ImageObject\",\"inLanguage\":\"sv-SE\",\"@id\":\"https:\\\/\\\/shopnoorfi-wp31835.test.cchosting.fi\\\/#\\\/schema\\\/logo\\\/image\\\/\",\"url\":\"https:\\\/\\\/shop.noor.fi\\\/wp-content\\\/uploads\\\/2024\\\/01\\\/Oy-Noortrade-Ab-Corbel-VERSAL-bold-BLACK.png\",\"contentUrl\":\"https:\\\/\\\/shop.noor.fi\\\/wp-content\\\/uploads\\\/2024\\\/01\\\/Oy-Noortrade-Ab-Corbel-VERSAL-bold-BLACK.png\",\"width\":721,\"height\":177,\"caption\":\"Oy Noortrade Ab\"},\"image\":{\"@id\":\"https:\\\/\\\/shopnoorfi-wp31835.test.cchosting.fi\\\/#\\\/schema\\\/logo\\\/image\\\/\"}}]}<\/script>\n<!-- \/ Yoast SEO plugin. -->","yoast_head_json":{"title":"B\u00e4nkspis KM 3300 - Oy Noortrade Ab","robots":{"index":"index","follow":"follow","max-snippet":"max-snippet:-1","max-image-preview":"max-image-preview:large","max-video-preview":"max-video-preview:-1"},"canonical":"https:\/\/shop.noor.fi\/sv\/produkt\/bankspis-km-3300\/","og_locale":"sv_SE","og_type":"article","og_title":"B\u00e4nkspis KM 3300 - Oy Noortrade Ab","og_description":"Med Rommelsbacher KM 3300 bordsspis kan du laga mat, steka, baka och grilla! Denna minik\u00f6ksmaskin passar speciellt till singel- och studentl\u00e4genheter eller p\u00e5 kontoret och i fritidshuset. KM 3300 \u00e4r s\u00e4rskilt effektiv och ekonomisk i drift (upp till 50 % energibesparing j\u00e4mf\u00f6rt med konventionella inbyggnadsugnar). Tillbeh\u00f6r s\u00e5v\u00e4l som r\u00e4tter i panna kan tillagas p\u00e5 2 [&hellip;]","og_url":"https:\/\/shop.noor.fi\/sv\/produkt\/bankspis-km-3300\/","og_site_name":"Oy Noortrade Ab","article_modified_time":"2026-02-27T07:21:40+00:00","og_image":[{"width":1000,"height":1000,"url":"https:\/\/shop.noor.fi\/wp-content\/uploads\/2024\/11\/4001797257208.jpg","type":"image\/jpeg"}],"twitter_card":"summary_large_image","twitter_misc":{"Ber\u00e4knad l\u00e4stid":"2 minuter"},"schema":{"@context":"https:\/\/schema.org","@graph":[{"@type":"WebPage","@id":"https:\/\/shop.noor.fi\/sv\/produkt\/bankspis-km-3300\/","url":"https:\/\/shop.noor.fi\/sv\/produkt\/bankspis-km-3300\/","name":"B\u00e4nkspis KM 3300 - Oy Noortrade Ab","isPartOf":{"@id":"https:\/\/shopnoorfi-wp31835.test.cchosting.fi\/#website"},"primaryImageOfPage":{"@id":"https:\/\/shop.noor.fi\/sv\/produkt\/bankspis-km-3300\/#primaryimage"},"image":{"@id":"https:\/\/shop.noor.fi\/sv\/produkt\/bankspis-km-3300\/#primaryimage"},"thumbnailUrl":"https:\/\/shop.noor.fi\/wp-content\/uploads\/2024\/11\/4001797257208.jpg","datePublished":"2024-11-27T08:16:17+00:00","dateModified":"2026-02-27T07:21:40+00:00","breadcrumb":{"@id":"https:\/\/shop.noor.fi\/sv\/produkt\/bankspis-km-3300\/#breadcrumb"},"inLanguage":"sv-SE","potentialAction":[{"@type":"ReadAction","target":["https:\/\/shop.noor.fi\/sv\/produkt\/bankspis-km-3300\/"]}]},{"@type":"ImageObject","inLanguage":"sv-SE","@id":"https:\/\/shop.noor.fi\/sv\/produkt\/bankspis-km-3300\/#primaryimage","url":"https:\/\/shop.noor.fi\/wp-content\/uploads\/2024\/11\/4001797257208.jpg","contentUrl":"https:\/\/shop.noor.fi\/wp-content\/uploads\/2024\/11\/4001797257208.jpg","width":1000,"height":1000},{"@type":"BreadcrumbList","@id":"https:\/\/shop.noor.fi\/sv\/produkt\/bankspis-km-3300\/#breadcrumb","itemListElement":[{"@type":"ListItem","position":1,"name":"Etusivu","item":"https:\/\/shop.noor.fi\/sv\/"},{"@type":"ListItem","position":2,"name":"Butik","item":"https:\/\/shopnoorfi-wp31835.test.cchosting.fi\/sv\/butik\/"},{"@type":"ListItem","position":3,"name":"B\u00e4nkspis KM 3300"}]},{"@type":"WebSite","@id":"https:\/\/shopnoorfi-wp31835.test.cchosting.fi\/#website","url":"https:\/\/shopnoorfi-wp31835.test.cchosting.fi\/","name":"Oy Noortrade Ab","description":"Finnish family owned company with over 30 years of professional experience in lighting &amp; interior products import and sales - reliably.","publisher":{"@id":"https:\/\/shopnoorfi-wp31835.test.cchosting.fi\/#organization"},"potentialAction":[{"@type":"SearchAction","target":{"@type":"EntryPoint","urlTemplate":"https:\/\/shopnoorfi-wp31835.test.cchosting.fi\/?s={search_term_string}"},"query-input":{"@type":"PropertyValueSpecification","valueRequired":true,"valueName":"search_term_string"}}],"inLanguage":"sv-SE"},{"@type":"Organization","@id":"https:\/\/shopnoorfi-wp31835.test.cchosting.fi\/#organization","name":"Oy Noortrade Ab","url":"https:\/\/shopnoorfi-wp31835.test.cchosting.fi\/","logo":{"@type":"ImageObject","inLanguage":"sv-SE","@id":"https:\/\/shopnoorfi-wp31835.test.cchosting.fi\/#\/schema\/logo\/image\/","url":"https:\/\/shop.noor.fi\/wp-content\/uploads\/2024\/01\/Oy-Noortrade-Ab-Corbel-VERSAL-bold-BLACK.png","contentUrl":"https:\/\/shop.noor.fi\/wp-content\/uploads\/2024\/01\/Oy-Noortrade-Ab-Corbel-VERSAL-bold-BLACK.png","width":721,"height":177,"caption":"Oy Noortrade Ab"},"image":{"@id":"https:\/\/shopnoorfi-wp31835.test.cchosting.fi\/#\/schema\/logo\/image\/"}}]}},"brands":[{"id":37696,"name":"Rommelsbacher","slug":"rommelsbacher-sv"},{"id":37500,"name":"Rommelsbacher","slug":"rommelsbacher"}],"_links":{"self":[{"href":"https:\/\/shop.noor.fi\/sv\/wp-json\/wp\/v2\/product\/122269","targetHints":{"allow":["GET"]}}],"collection":[{"href":"https:\/\/shop.noor.fi\/sv\/wp-json\/wp\/v2\/product"}],"about":[{"href":"https:\/\/shop.noor.fi\/sv\/wp-json\/wp\/v2\/types\/product"}],"replies":[{"embeddable":true,"href":"https:\/\/shop.noor.fi\/sv\/wp-json\/wp\/v2\/comments?post=122269"}],"wp:featuredmedia":[{"embeddable":true,"href":"https:\/\/shop.noor.fi\/sv\/wp-json\/wp\/v2\/media\/121908"}],"wp:attachment":[{"href":"https:\/\/shop.noor.fi\/sv\/wp-json\/wp\/v2\/media?parent=122269"}],"wp:term":[{"taxonomy":"pwb-brand","embeddable":true,"href":"https:\/\/shop.noor.fi\/sv\/wp-json\/wp\/v2\/pwb-brand?post=122269"},{"taxonomy":"product_brand","embeddable":true,"href":"https:\/\/shop.noor.fi\/sv\/wp-json\/wp\/v2\/product_brand?post=122269"},{"taxonomy":"product_cat","embeddable":true,"href":"https:\/\/shop.noor.fi\/sv\/wp-json\/wp\/v2\/product_cat?post=122269"},{"taxonomy":"product_tag","embeddable":true,"href":"https:\/\/shop.noor.fi\/sv\/wp-json\/wp\/v2\/product_tag?post=122269"}],"curies":[{"name":"wp","href":"https:\/\/api.w.org\/{rel}","templated":true}]}}