{"id":122265,"date":"2024-11-27T10:16:01","date_gmt":"2024-11-27T08:16:01","guid":{"rendered":"https:\/\/shop.noor.fi\/product\/glassmaskin-im-12\/"},"modified":"2026-04-22T15:48:44","modified_gmt":"2026-04-22T12:48:44","slug":"glassmaskin-im-12","status":"publish","type":"product","link":"https:\/\/shop.noor.fi\/sv\/produkt\/glassmaskin-im-12\/","title":{"rendered":"Glassmaskin IM 12"},"content":{"rendered":"<p>Med den m\u00e5ngsidiga Rommelsbacher IM 12 glassmaskinen \u00e4r det v\u00e4ldigt enkelt att tillverka frysta delikatesser \u00e4ven hemma. Den energieffektiva, men kraftfulla 12 W motorn ger en j\u00e4mn r\u00f6relse av ismassan inuti den f\u00f6rfrysta fryssk\u00e5len och ger ett perfekt kr\u00e4migt resultat. Oavsett om glassen g\u00f6rs p\u00e5 naturliga ingredienser eller fryst yoghurt med smaskiga tillbeh\u00f6r, om det \u00e4r en uppfriskande fruktsorbet eller trendiga slushies \u2013 m\u00f6jligheterna \u00e4r n\u00e4stan o\u00e4ndliga. Du kan enkelt tilllaga glass av dina favoritingredienser, och det \u00e4r ocks\u00e5 l\u00e4tt att ta iaktta specialkost, t.ex. sockerfritt, fettsn\u00e5lt, veganskt eller laktosfritt. H\u00f6gkvalitativa material, enkel hantering och reng\u00f6ring \u00e4r sj\u00e4lvklarheter, och olika s\u00e4kerhetsfunktioner g\u00f6r ocks\u00e5 att denna glassmaskin \u00e4r ett extraordin\u00e4rt och p\u00e5litligt hj\u00e4lpmedel i varje k\u00f6k.<\/p>\n<p>H\u00f6lje i l\u00e4ttsk\u00f6tt rostfritt st\u00e5l<br \/>\nEnkel hantering, energibesparande drift<br \/>\nL\u00f6stagbart motorblock med upplyst LCD-display<br \/>\n40-minuters timer med signalton, p\u00e5\/av-brytare<br \/>\nAvtagbar 1,5 l fryssk\u00e5l f\u00f6r 500 ml inneh\u00e5ll<br \/>\nAvtagbar omr\u00f6rare, \u00f6verhettningsskydd<br \/>\nHelt demonterbar, l\u00e4tt att reng\u00f6ra<br \/>\nInklusive glasskopa, lock till fryssk\u00e5l<\/p>\n","protected":false},"excerpt":{"rendered":"<p>Med den m\u00e5ngsidiga Rommelsbacher IM 12 glassmaskinen \u00e4r det v\u00e4ldigt enkelt att tillverka frysta delikatesser \u00e4ven hemma. Den energieffektiva, men kraftfulla 12 W motorn ger en j\u00e4mn r\u00f6relse av ismassan inuti den f\u00f6rfrysta fryssk\u00e5len och ger ett perfekt kr\u00e4migt resultat. Oavsett om glassen g\u00f6rs p\u00e5 naturliga ingredienser eller fryst yoghurt med smaskiga tillbeh\u00f6r, om det [&hellip;]<\/p>\n","protected":false},"featured_media":121933,"comment_status":"open","ping_status":"closed","template":"","meta":{"_acf_changed":false,"_relevanssi_hide_post":"","_relevanssi_hide_content":"","_relevanssi_pin_for_all":"","_relevanssi_pin_keywords":"","_relevanssi_unpin_keywords":"","_relevanssi_related_keywords":"","_relevanssi_related_include_ids":"","_relevanssi_related_exclude_ids":"","_relevanssi_related_no_append":"","_relevanssi_related_not_related":"","_relevanssi_related_posts":"","_relevanssi_noindex_reason":""},"pwb-brand":[37696],"product_brand":[],"product_cat":[37035],"product_tag":[],"class_list":{"0":"post-122265","1":"product","2":"type-product","3":"status-publish","4":"has-post-thumbnail","6":"pwb-brand-rommelsbacher-sv","7":"product_cat-koksmaskiner","9":"first","10":"instock","11":"taxable","12":"shipping-taxable","13":"purchasable","14":"product-type-simple"},"acf":[],"yoast_head":"<!-- This site is optimized with the Yoast SEO plugin v27.5 - https:\/\/yoast.com\/product\/yoast-seo-wordpress\/ -->\n<title>Glassmaskin IM 12 - Oy Noortrade Ab<\/title>\n<meta name=\"robots\" content=\"index, follow, max-snippet:-1, max-image-preview:large, max-video-preview:-1\" \/>\n<link rel=\"canonical\" href=\"https:\/\/shop.noor.fi\/sv\/produkt\/glassmaskin-im-12\/\" \/>\n<meta property=\"og:locale\" content=\"sv_SE\" \/>\n<meta property=\"og:type\" content=\"article\" \/>\n<meta property=\"og:title\" content=\"Glassmaskin IM 12 - Oy Noortrade Ab\" \/>\n<meta property=\"og:description\" content=\"Med den m\u00e5ngsidiga Rommelsbacher IM 12 glassmaskinen \u00e4r det v\u00e4ldigt enkelt att tillverka frysta delikatesser \u00e4ven hemma. Den energieffektiva, men kraftfulla 12 W motorn ger en j\u00e4mn r\u00f6relse av ismassan inuti den f\u00f6rfrysta fryssk\u00e5len och ger ett perfekt kr\u00e4migt resultat. Oavsett om glassen g\u00f6rs p\u00e5 naturliga ingredienser eller fryst yoghurt med smaskiga tillbeh\u00f6r, om det [&hellip;]\" \/>\n<meta property=\"og:url\" content=\"https:\/\/shop.noor.fi\/sv\/produkt\/glassmaskin-im-12\/\" \/>\n<meta property=\"og:site_name\" content=\"Oy Noortrade Ab\" \/>\n<meta property=\"article:modified_time\" content=\"2026-04-22T12:48:44+00:00\" \/>\n<meta property=\"og:image\" content=\"https:\/\/shop.noor.fi\/wp-content\/uploads\/2024\/11\/4001797866004.jpg\" \/>\n\t<meta property=\"og:image:width\" content=\"1000\" \/>\n\t<meta property=\"og:image:height\" content=\"1000\" \/>\n\t<meta property=\"og:image:type\" content=\"image\/jpeg\" \/>\n<meta name=\"twitter:card\" content=\"summary_large_image\" \/>\n<meta name=\"twitter:label1\" content=\"Ber\u00e4knad l\u00e4stid\" \/>\n\t<meta name=\"twitter:data1\" content=\"2 minuter\" \/>\n<script type=\"application\/ld+json\" class=\"yoast-schema-graph\">{\"@context\":\"https:\\\/\\\/schema.org\",\"@graph\":[{\"@type\":\"WebPage\",\"@id\":\"https:\\\/\\\/shop.noor.fi\\\/sv\\\/produkt\\\/glassmaskin-im-12\\\/\",\"url\":\"https:\\\/\\\/shop.noor.fi\\\/sv\\\/produkt\\\/glassmaskin-im-12\\\/\",\"name\":\"Glassmaskin IM 12 - Oy Noortrade Ab\",\"isPartOf\":{\"@id\":\"https:\\\/\\\/shopnoorfi-wp31835.test.cchosting.fi\\\/#website\"},\"primaryImageOfPage\":{\"@id\":\"https:\\\/\\\/shop.noor.fi\\\/sv\\\/produkt\\\/glassmaskin-im-12\\\/#primaryimage\"},\"image\":{\"@id\":\"https:\\\/\\\/shop.noor.fi\\\/sv\\\/produkt\\\/glassmaskin-im-12\\\/#primaryimage\"},\"thumbnailUrl\":\"https:\\\/\\\/shop.noor.fi\\\/wp-content\\\/uploads\\\/2024\\\/11\\\/4001797866004.jpg\",\"datePublished\":\"2024-11-27T08:16:01+00:00\",\"dateModified\":\"2026-04-22T12:48:44+00:00\",\"breadcrumb\":{\"@id\":\"https:\\\/\\\/shop.noor.fi\\\/sv\\\/produkt\\\/glassmaskin-im-12\\\/#breadcrumb\"},\"inLanguage\":\"sv-SE\",\"potentialAction\":[{\"@type\":\"ReadAction\",\"target\":[\"https:\\\/\\\/shop.noor.fi\\\/sv\\\/produkt\\\/glassmaskin-im-12\\\/\"]}]},{\"@type\":\"ImageObject\",\"inLanguage\":\"sv-SE\",\"@id\":\"https:\\\/\\\/shop.noor.fi\\\/sv\\\/produkt\\\/glassmaskin-im-12\\\/#primaryimage\",\"url\":\"https:\\\/\\\/shop.noor.fi\\\/wp-content\\\/uploads\\\/2024\\\/11\\\/4001797866004.jpg\",\"contentUrl\":\"https:\\\/\\\/shop.noor.fi\\\/wp-content\\\/uploads\\\/2024\\\/11\\\/4001797866004.jpg\",\"width\":1000,\"height\":1000},{\"@type\":\"BreadcrumbList\",\"@id\":\"https:\\\/\\\/shop.noor.fi\\\/sv\\\/produkt\\\/glassmaskin-im-12\\\/#breadcrumb\",\"itemListElement\":[{\"@type\":\"ListItem\",\"position\":1,\"name\":\"Etusivu\",\"item\":\"https:\\\/\\\/shop.noor.fi\\\/sv\\\/\"},{\"@type\":\"ListItem\",\"position\":2,\"name\":\"Butik\",\"item\":\"https:\\\/\\\/shopnoorfi-wp31835.test.cchosting.fi\\\/sv\\\/butik\\\/\"},{\"@type\":\"ListItem\",\"position\":3,\"name\":\"Glassmaskin IM 12\"}]},{\"@type\":\"WebSite\",\"@id\":\"https:\\\/\\\/shopnoorfi-wp31835.test.cchosting.fi\\\/#website\",\"url\":\"https:\\\/\\\/shopnoorfi-wp31835.test.cchosting.fi\\\/\",\"name\":\"Oy Noortrade Ab\",\"description\":\"Finnish family owned company with over 30 years of professional experience in lighting &amp; interior products import and sales - reliably.\",\"publisher\":{\"@id\":\"https:\\\/\\\/shopnoorfi-wp31835.test.cchosting.fi\\\/#organization\"},\"potentialAction\":[{\"@type\":\"SearchAction\",\"target\":{\"@type\":\"EntryPoint\",\"urlTemplate\":\"https:\\\/\\\/shopnoorfi-wp31835.test.cchosting.fi\\\/?s={search_term_string}\"},\"query-input\":{\"@type\":\"PropertyValueSpecification\",\"valueRequired\":true,\"valueName\":\"search_term_string\"}}],\"inLanguage\":\"sv-SE\"},{\"@type\":\"Organization\",\"@id\":\"https:\\\/\\\/shopnoorfi-wp31835.test.cchosting.fi\\\/#organization\",\"name\":\"Oy Noortrade Ab\",\"url\":\"https:\\\/\\\/shopnoorfi-wp31835.test.cchosting.fi\\\/\",\"logo\":{\"@type\":\"ImageObject\",\"inLanguage\":\"sv-SE\",\"@id\":\"https:\\\/\\\/shopnoorfi-wp31835.test.cchosting.fi\\\/#\\\/schema\\\/logo\\\/image\\\/\",\"url\":\"https:\\\/\\\/shop.noor.fi\\\/wp-content\\\/uploads\\\/2024\\\/01\\\/Oy-Noortrade-Ab-Corbel-VERSAL-bold-BLACK.png\",\"contentUrl\":\"https:\\\/\\\/shop.noor.fi\\\/wp-content\\\/uploads\\\/2024\\\/01\\\/Oy-Noortrade-Ab-Corbel-VERSAL-bold-BLACK.png\",\"width\":721,\"height\":177,\"caption\":\"Oy Noortrade Ab\"},\"image\":{\"@id\":\"https:\\\/\\\/shopnoorfi-wp31835.test.cchosting.fi\\\/#\\\/schema\\\/logo\\\/image\\\/\"}}]}<\/script>\n<!-- \/ Yoast SEO plugin. -->","yoast_head_json":{"title":"Glassmaskin IM 12 - Oy Noortrade Ab","robots":{"index":"index","follow":"follow","max-snippet":"max-snippet:-1","max-image-preview":"max-image-preview:large","max-video-preview":"max-video-preview:-1"},"canonical":"https:\/\/shop.noor.fi\/sv\/produkt\/glassmaskin-im-12\/","og_locale":"sv_SE","og_type":"article","og_title":"Glassmaskin IM 12 - Oy Noortrade Ab","og_description":"Med den m\u00e5ngsidiga Rommelsbacher IM 12 glassmaskinen \u00e4r det v\u00e4ldigt enkelt att tillverka frysta delikatesser \u00e4ven hemma. Den energieffektiva, men kraftfulla 12 W motorn ger en j\u00e4mn r\u00f6relse av ismassan inuti den f\u00f6rfrysta fryssk\u00e5len och ger ett perfekt kr\u00e4migt resultat. Oavsett om glassen g\u00f6rs p\u00e5 naturliga ingredienser eller fryst yoghurt med smaskiga tillbeh\u00f6r, om det [&hellip;]","og_url":"https:\/\/shop.noor.fi\/sv\/produkt\/glassmaskin-im-12\/","og_site_name":"Oy Noortrade Ab","article_modified_time":"2026-04-22T12:48:44+00:00","og_image":[{"width":1000,"height":1000,"url":"https:\/\/shop.noor.fi\/wp-content\/uploads\/2024\/11\/4001797866004.jpg","type":"image\/jpeg"}],"twitter_card":"summary_large_image","twitter_misc":{"Ber\u00e4knad l\u00e4stid":"2 minuter"},"schema":{"@context":"https:\/\/schema.org","@graph":[{"@type":"WebPage","@id":"https:\/\/shop.noor.fi\/sv\/produkt\/glassmaskin-im-12\/","url":"https:\/\/shop.noor.fi\/sv\/produkt\/glassmaskin-im-12\/","name":"Glassmaskin IM 12 - Oy Noortrade Ab","isPartOf":{"@id":"https:\/\/shopnoorfi-wp31835.test.cchosting.fi\/#website"},"primaryImageOfPage":{"@id":"https:\/\/shop.noor.fi\/sv\/produkt\/glassmaskin-im-12\/#primaryimage"},"image":{"@id":"https:\/\/shop.noor.fi\/sv\/produkt\/glassmaskin-im-12\/#primaryimage"},"thumbnailUrl":"https:\/\/shop.noor.fi\/wp-content\/uploads\/2024\/11\/4001797866004.jpg","datePublished":"2024-11-27T08:16:01+00:00","dateModified":"2026-04-22T12:48:44+00:00","breadcrumb":{"@id":"https:\/\/shop.noor.fi\/sv\/produkt\/glassmaskin-im-12\/#breadcrumb"},"inLanguage":"sv-SE","potentialAction":[{"@type":"ReadAction","target":["https:\/\/shop.noor.fi\/sv\/produkt\/glassmaskin-im-12\/"]}]},{"@type":"ImageObject","inLanguage":"sv-SE","@id":"https:\/\/shop.noor.fi\/sv\/produkt\/glassmaskin-im-12\/#primaryimage","url":"https:\/\/shop.noor.fi\/wp-content\/uploads\/2024\/11\/4001797866004.jpg","contentUrl":"https:\/\/shop.noor.fi\/wp-content\/uploads\/2024\/11\/4001797866004.jpg","width":1000,"height":1000},{"@type":"BreadcrumbList","@id":"https:\/\/shop.noor.fi\/sv\/produkt\/glassmaskin-im-12\/#breadcrumb","itemListElement":[{"@type":"ListItem","position":1,"name":"Etusivu","item":"https:\/\/shop.noor.fi\/sv\/"},{"@type":"ListItem","position":2,"name":"Butik","item":"https:\/\/shopnoorfi-wp31835.test.cchosting.fi\/sv\/butik\/"},{"@type":"ListItem","position":3,"name":"Glassmaskin IM 12"}]},{"@type":"WebSite","@id":"https:\/\/shopnoorfi-wp31835.test.cchosting.fi\/#website","url":"https:\/\/shopnoorfi-wp31835.test.cchosting.fi\/","name":"Oy Noortrade Ab","description":"Finnish family owned company with over 30 years of professional experience in lighting &amp; interior products import and sales - reliably.","publisher":{"@id":"https:\/\/shopnoorfi-wp31835.test.cchosting.fi\/#organization"},"potentialAction":[{"@type":"SearchAction","target":{"@type":"EntryPoint","urlTemplate":"https:\/\/shopnoorfi-wp31835.test.cchosting.fi\/?s={search_term_string}"},"query-input":{"@type":"PropertyValueSpecification","valueRequired":true,"valueName":"search_term_string"}}],"inLanguage":"sv-SE"},{"@type":"Organization","@id":"https:\/\/shopnoorfi-wp31835.test.cchosting.fi\/#organization","name":"Oy Noortrade Ab","url":"https:\/\/shopnoorfi-wp31835.test.cchosting.fi\/","logo":{"@type":"ImageObject","inLanguage":"sv-SE","@id":"https:\/\/shopnoorfi-wp31835.test.cchosting.fi\/#\/schema\/logo\/image\/","url":"https:\/\/shop.noor.fi\/wp-content\/uploads\/2024\/01\/Oy-Noortrade-Ab-Corbel-VERSAL-bold-BLACK.png","contentUrl":"https:\/\/shop.noor.fi\/wp-content\/uploads\/2024\/01\/Oy-Noortrade-Ab-Corbel-VERSAL-bold-BLACK.png","width":721,"height":177,"caption":"Oy Noortrade Ab"},"image":{"@id":"https:\/\/shopnoorfi-wp31835.test.cchosting.fi\/#\/schema\/logo\/image\/"}}]}},"brands":[{"id":37696,"name":"Rommelsbacher","slug":"rommelsbacher-sv"}],"_links":{"self":[{"href":"https:\/\/shop.noor.fi\/sv\/wp-json\/wp\/v2\/product\/122265","targetHints":{"allow":["GET"]}}],"collection":[{"href":"https:\/\/shop.noor.fi\/sv\/wp-json\/wp\/v2\/product"}],"about":[{"href":"https:\/\/shop.noor.fi\/sv\/wp-json\/wp\/v2\/types\/product"}],"replies":[{"embeddable":true,"href":"https:\/\/shop.noor.fi\/sv\/wp-json\/wp\/v2\/comments?post=122265"}],"wp:featuredmedia":[{"embeddable":true,"href":"https:\/\/shop.noor.fi\/sv\/wp-json\/wp\/v2\/media\/121933"}],"wp:attachment":[{"href":"https:\/\/shop.noor.fi\/sv\/wp-json\/wp\/v2\/media?parent=122265"}],"wp:term":[{"taxonomy":"pwb-brand","embeddable":true,"href":"https:\/\/shop.noor.fi\/sv\/wp-json\/wp\/v2\/pwb-brand?post=122265"},{"taxonomy":"product_brand","embeddable":true,"href":"https:\/\/shop.noor.fi\/sv\/wp-json\/wp\/v2\/product_brand?post=122265"},{"taxonomy":"product_cat","embeddable":true,"href":"https:\/\/shop.noor.fi\/sv\/wp-json\/wp\/v2\/product_cat?post=122265"},{"taxonomy":"product_tag","embeddable":true,"href":"https:\/\/shop.noor.fi\/sv\/wp-json\/wp\/v2\/product_tag?post=122265"}],"curies":[{"name":"wp","href":"https:\/\/api.w.org\/{rel}","templated":true}]}}