{"id":122263,"date":"2024-11-27T10:10:06","date_gmt":"2024-11-27T08:10:06","guid":{"rendered":"https:\/\/shop.noor.fi\/product\/aggkokare-er-600\/"},"modified":"2026-04-21T13:40:51","modified_gmt":"2026-04-21T10:40:51","slug":"aggkokare-er-600","status":"publish","type":"product","link":"https:\/\/shop.noor.fi\/sv\/produkt\/aggkokare-er-600\/","title":{"rendered":"\u00c4ggkokare ER 600"},"content":{"rendered":"<p>Med Rommelsbacher ER 600 \u00e4ggkokare kan du koka upp till sex frukost\u00e4gg till \u00f6nskad kokningssgrad. Du kan v\u00e4lja mellan l\u00f6skokt, mjukkokt och h\u00e5rdkokt \u00e4gg. M\u00e4ngden vatten som beh\u00f6vs \u00e4r alltid den samma, kokningstiden varierar enligt den valda kokningsgraden.<br \/>\nEnheten \u00e4r mycket enkel att anv\u00e4nda: tills\u00e4tt 115 ml vatten, picka \u00e4ggens undersida med medf\u00f6ljande \u00e4ggpickare, och s\u00e4tt \u00e4ggen i \u00e4ggh\u00e5llaren med den pickade sidan upp\u00e5t. St\u00e4ll in \u00f6nskad kokningsgrad med vridknappen. S\u00e4tt p\u00e5 locket och sl\u00e5 p\u00e5 kokaren. Kokningstiden f\u00f6ljs elektroniskt och en signalton h\u00f6rs n\u00e4r \u00e4ggen \u00e4r klara. De f\u00e4rdiga \u00e4ggen kan tas ut snabbt och s\u00e4kert med hj\u00e4lp av \u00e4ggbeh\u00e5llaren.<br \/>\nTv\u00e5 pocherade \u00e4gg kan ocks\u00e5 kokas i denna apparat samtidigt.<\/p>\n<p>Stilrent h\u00f6lje av l\u00e4ttsk\u00f6tt rostfritt st\u00e5l<br \/>\nVridknapp f\u00f6r att justera kokningsgraden<br \/>\nV\u00e4rmesk\u00e5l i rostfritt st\u00e5l, l\u00e4tt att reng\u00f6ra<br \/>\nAvtagbar beh\u00e5llare f\u00f6r 1 \u2013 6 \u00e4gg<br \/>\nSignalton h\u00f6rs n\u00e4r \u00e4ggen \u00e4r klara<br \/>\nTorrkokningsskydd<br \/>\nLED-signallampa<br \/>\nAvtagbart genomskinligt lock<br \/>\nInklusive m\u00e4tb\u00e4gare med \u00e4ggpickare, pocheringsinsats f\u00f6r 2 \u00e4gg<\/p>\n","protected":false},"excerpt":{"rendered":"<p>Med Rommelsbacher ER 600 \u00e4ggkokare kan du koka upp till sex frukost\u00e4gg till \u00f6nskad kokningssgrad. Du kan v\u00e4lja mellan l\u00f6skokt, mjukkokt och h\u00e5rdkokt \u00e4gg. M\u00e4ngden vatten som beh\u00f6vs \u00e4r alltid den samma, kokningstiden varierar enligt den valda kokningsgraden. Enheten \u00e4r mycket enkel att anv\u00e4nda: tills\u00e4tt 115 ml vatten, picka \u00e4ggens undersida med medf\u00f6ljande \u00e4ggpickare, och [&hellip;]<\/p>\n","protected":false},"featured_media":121980,"comment_status":"open","ping_status":"closed","template":"","meta":{"_acf_changed":false,"_relevanssi_hide_post":"","_relevanssi_hide_content":"","_relevanssi_pin_for_all":"","_relevanssi_pin_keywords":"","_relevanssi_unpin_keywords":"","_relevanssi_related_keywords":"","_relevanssi_related_include_ids":"","_relevanssi_related_exclude_ids":"","_relevanssi_related_no_append":"","_relevanssi_related_not_related":"","_relevanssi_related_posts":"","_relevanssi_noindex_reason":""},"pwb-brand":[37500,37696],"product_brand":[],"product_cat":[37012,37035],"product_tag":[],"class_list":{"0":"post-122263","1":"product","2":"type-product","3":"status-publish","4":"has-post-thumbnail","6":"pwb-brand-rommelsbacher","7":"pwb-brand-rommelsbacher-sv","8":"product_cat-keittiokoneet","9":"product_cat-koksmaskiner","11":"first","12":"instock","13":"taxable","14":"shipping-taxable","15":"purchasable","16":"product-type-simple"},"acf":[],"yoast_head":"<!-- This site is optimized with the Yoast SEO plugin v27.5 - https:\/\/yoast.com\/product\/yoast-seo-wordpress\/ -->\n<title>\u00c4ggkokare ER 600 - Oy Noortrade Ab<\/title>\n<meta name=\"robots\" content=\"index, follow, max-snippet:-1, max-image-preview:large, max-video-preview:-1\" \/>\n<link rel=\"canonical\" href=\"https:\/\/shop.noor.fi\/sv\/produkt\/aggkokare-er-600\/\" \/>\n<meta property=\"og:locale\" content=\"sv_SE\" \/>\n<meta property=\"og:type\" content=\"article\" \/>\n<meta property=\"og:title\" content=\"\u00c4ggkokare ER 600 - Oy Noortrade Ab\" \/>\n<meta property=\"og:description\" content=\"Med Rommelsbacher ER 600 \u00e4ggkokare kan du koka upp till sex frukost\u00e4gg till \u00f6nskad kokningssgrad. Du kan v\u00e4lja mellan l\u00f6skokt, mjukkokt och h\u00e5rdkokt \u00e4gg. M\u00e4ngden vatten som beh\u00f6vs \u00e4r alltid den samma, kokningstiden varierar enligt den valda kokningsgraden. Enheten \u00e4r mycket enkel att anv\u00e4nda: tills\u00e4tt 115 ml vatten, picka \u00e4ggens undersida med medf\u00f6ljande \u00e4ggpickare, och [&hellip;]\" \/>\n<meta property=\"og:url\" content=\"https:\/\/shop.noor.fi\/sv\/produkt\/aggkokare-er-600\/\" \/>\n<meta property=\"og:site_name\" content=\"Oy Noortrade Ab\" \/>\n<meta property=\"article:modified_time\" content=\"2026-04-21T10:40:51+00:00\" \/>\n<meta property=\"og:image\" content=\"https:\/\/shop.noor.fi\/wp-content\/uploads\/2024\/11\/4001797859303.jpg\" \/>\n\t<meta property=\"og:image:width\" content=\"1000\" \/>\n\t<meta property=\"og:image:height\" content=\"1000\" \/>\n\t<meta property=\"og:image:type\" content=\"image\/jpeg\" \/>\n<meta name=\"twitter:card\" content=\"summary_large_image\" \/>\n<meta name=\"twitter:label1\" content=\"Ber\u00e4knad l\u00e4stid\" \/>\n\t<meta name=\"twitter:data1\" content=\"2 minuter\" \/>\n<script type=\"application\/ld+json\" class=\"yoast-schema-graph\">{\"@context\":\"https:\\\/\\\/schema.org\",\"@graph\":[{\"@type\":\"WebPage\",\"@id\":\"https:\\\/\\\/shop.noor.fi\\\/sv\\\/produkt\\\/aggkokare-er-600\\\/\",\"url\":\"https:\\\/\\\/shop.noor.fi\\\/sv\\\/produkt\\\/aggkokare-er-600\\\/\",\"name\":\"\u00c4ggkokare ER 600 - Oy Noortrade Ab\",\"isPartOf\":{\"@id\":\"https:\\\/\\\/shopnoorfi-wp31835.test.cchosting.fi\\\/#website\"},\"primaryImageOfPage\":{\"@id\":\"https:\\\/\\\/shop.noor.fi\\\/sv\\\/produkt\\\/aggkokare-er-600\\\/#primaryimage\"},\"image\":{\"@id\":\"https:\\\/\\\/shop.noor.fi\\\/sv\\\/produkt\\\/aggkokare-er-600\\\/#primaryimage\"},\"thumbnailUrl\":\"https:\\\/\\\/shop.noor.fi\\\/wp-content\\\/uploads\\\/2024\\\/11\\\/4001797859303.jpg\",\"datePublished\":\"2024-11-27T08:10:06+00:00\",\"dateModified\":\"2026-04-21T10:40:51+00:00\",\"breadcrumb\":{\"@id\":\"https:\\\/\\\/shop.noor.fi\\\/sv\\\/produkt\\\/aggkokare-er-600\\\/#breadcrumb\"},\"inLanguage\":\"sv-SE\",\"potentialAction\":[{\"@type\":\"ReadAction\",\"target\":[\"https:\\\/\\\/shop.noor.fi\\\/sv\\\/produkt\\\/aggkokare-er-600\\\/\"]}]},{\"@type\":\"ImageObject\",\"inLanguage\":\"sv-SE\",\"@id\":\"https:\\\/\\\/shop.noor.fi\\\/sv\\\/produkt\\\/aggkokare-er-600\\\/#primaryimage\",\"url\":\"https:\\\/\\\/shop.noor.fi\\\/wp-content\\\/uploads\\\/2024\\\/11\\\/4001797859303.jpg\",\"contentUrl\":\"https:\\\/\\\/shop.noor.fi\\\/wp-content\\\/uploads\\\/2024\\\/11\\\/4001797859303.jpg\",\"width\":1000,\"height\":1000},{\"@type\":\"BreadcrumbList\",\"@id\":\"https:\\\/\\\/shop.noor.fi\\\/sv\\\/produkt\\\/aggkokare-er-600\\\/#breadcrumb\",\"itemListElement\":[{\"@type\":\"ListItem\",\"position\":1,\"name\":\"Etusivu\",\"item\":\"https:\\\/\\\/shop.noor.fi\\\/sv\\\/\"},{\"@type\":\"ListItem\",\"position\":2,\"name\":\"Butik\",\"item\":\"https:\\\/\\\/shopnoorfi-wp31835.test.cchosting.fi\\\/sv\\\/butik\\\/\"},{\"@type\":\"ListItem\",\"position\":3,\"name\":\"\u00c4ggkokare ER 600\"}]},{\"@type\":\"WebSite\",\"@id\":\"https:\\\/\\\/shopnoorfi-wp31835.test.cchosting.fi\\\/#website\",\"url\":\"https:\\\/\\\/shopnoorfi-wp31835.test.cchosting.fi\\\/\",\"name\":\"Oy Noortrade Ab\",\"description\":\"Finnish family owned company with over 30 years of professional experience in lighting &amp; interior products import and sales - reliably.\",\"publisher\":{\"@id\":\"https:\\\/\\\/shopnoorfi-wp31835.test.cchosting.fi\\\/#organization\"},\"potentialAction\":[{\"@type\":\"SearchAction\",\"target\":{\"@type\":\"EntryPoint\",\"urlTemplate\":\"https:\\\/\\\/shopnoorfi-wp31835.test.cchosting.fi\\\/?s={search_term_string}\"},\"query-input\":{\"@type\":\"PropertyValueSpecification\",\"valueRequired\":true,\"valueName\":\"search_term_string\"}}],\"inLanguage\":\"sv-SE\"},{\"@type\":\"Organization\",\"@id\":\"https:\\\/\\\/shopnoorfi-wp31835.test.cchosting.fi\\\/#organization\",\"name\":\"Oy Noortrade Ab\",\"url\":\"https:\\\/\\\/shopnoorfi-wp31835.test.cchosting.fi\\\/\",\"logo\":{\"@type\":\"ImageObject\",\"inLanguage\":\"sv-SE\",\"@id\":\"https:\\\/\\\/shopnoorfi-wp31835.test.cchosting.fi\\\/#\\\/schema\\\/logo\\\/image\\\/\",\"url\":\"https:\\\/\\\/shop.noor.fi\\\/wp-content\\\/uploads\\\/2024\\\/01\\\/Oy-Noortrade-Ab-Corbel-VERSAL-bold-BLACK.png\",\"contentUrl\":\"https:\\\/\\\/shop.noor.fi\\\/wp-content\\\/uploads\\\/2024\\\/01\\\/Oy-Noortrade-Ab-Corbel-VERSAL-bold-BLACK.png\",\"width\":721,\"height\":177,\"caption\":\"Oy Noortrade Ab\"},\"image\":{\"@id\":\"https:\\\/\\\/shopnoorfi-wp31835.test.cchosting.fi\\\/#\\\/schema\\\/logo\\\/image\\\/\"}}]}<\/script>\n<!-- \/ Yoast SEO plugin. -->","yoast_head_json":{"title":"\u00c4ggkokare ER 600 - Oy Noortrade Ab","robots":{"index":"index","follow":"follow","max-snippet":"max-snippet:-1","max-image-preview":"max-image-preview:large","max-video-preview":"max-video-preview:-1"},"canonical":"https:\/\/shop.noor.fi\/sv\/produkt\/aggkokare-er-600\/","og_locale":"sv_SE","og_type":"article","og_title":"\u00c4ggkokare ER 600 - Oy Noortrade Ab","og_description":"Med Rommelsbacher ER 600 \u00e4ggkokare kan du koka upp till sex frukost\u00e4gg till \u00f6nskad kokningssgrad. Du kan v\u00e4lja mellan l\u00f6skokt, mjukkokt och h\u00e5rdkokt \u00e4gg. M\u00e4ngden vatten som beh\u00f6vs \u00e4r alltid den samma, kokningstiden varierar enligt den valda kokningsgraden. Enheten \u00e4r mycket enkel att anv\u00e4nda: tills\u00e4tt 115 ml vatten, picka \u00e4ggens undersida med medf\u00f6ljande \u00e4ggpickare, och [&hellip;]","og_url":"https:\/\/shop.noor.fi\/sv\/produkt\/aggkokare-er-600\/","og_site_name":"Oy Noortrade Ab","article_modified_time":"2026-04-21T10:40:51+00:00","og_image":[{"width":1000,"height":1000,"url":"https:\/\/shop.noor.fi\/wp-content\/uploads\/2024\/11\/4001797859303.jpg","type":"image\/jpeg"}],"twitter_card":"summary_large_image","twitter_misc":{"Ber\u00e4knad l\u00e4stid":"2 minuter"},"schema":{"@context":"https:\/\/schema.org","@graph":[{"@type":"WebPage","@id":"https:\/\/shop.noor.fi\/sv\/produkt\/aggkokare-er-600\/","url":"https:\/\/shop.noor.fi\/sv\/produkt\/aggkokare-er-600\/","name":"\u00c4ggkokare ER 600 - Oy Noortrade Ab","isPartOf":{"@id":"https:\/\/shopnoorfi-wp31835.test.cchosting.fi\/#website"},"primaryImageOfPage":{"@id":"https:\/\/shop.noor.fi\/sv\/produkt\/aggkokare-er-600\/#primaryimage"},"image":{"@id":"https:\/\/shop.noor.fi\/sv\/produkt\/aggkokare-er-600\/#primaryimage"},"thumbnailUrl":"https:\/\/shop.noor.fi\/wp-content\/uploads\/2024\/11\/4001797859303.jpg","datePublished":"2024-11-27T08:10:06+00:00","dateModified":"2026-04-21T10:40:51+00:00","breadcrumb":{"@id":"https:\/\/shop.noor.fi\/sv\/produkt\/aggkokare-er-600\/#breadcrumb"},"inLanguage":"sv-SE","potentialAction":[{"@type":"ReadAction","target":["https:\/\/shop.noor.fi\/sv\/produkt\/aggkokare-er-600\/"]}]},{"@type":"ImageObject","inLanguage":"sv-SE","@id":"https:\/\/shop.noor.fi\/sv\/produkt\/aggkokare-er-600\/#primaryimage","url":"https:\/\/shop.noor.fi\/wp-content\/uploads\/2024\/11\/4001797859303.jpg","contentUrl":"https:\/\/shop.noor.fi\/wp-content\/uploads\/2024\/11\/4001797859303.jpg","width":1000,"height":1000},{"@type":"BreadcrumbList","@id":"https:\/\/shop.noor.fi\/sv\/produkt\/aggkokare-er-600\/#breadcrumb","itemListElement":[{"@type":"ListItem","position":1,"name":"Etusivu","item":"https:\/\/shop.noor.fi\/sv\/"},{"@type":"ListItem","position":2,"name":"Butik","item":"https:\/\/shopnoorfi-wp31835.test.cchosting.fi\/sv\/butik\/"},{"@type":"ListItem","position":3,"name":"\u00c4ggkokare ER 600"}]},{"@type":"WebSite","@id":"https:\/\/shopnoorfi-wp31835.test.cchosting.fi\/#website","url":"https:\/\/shopnoorfi-wp31835.test.cchosting.fi\/","name":"Oy Noortrade Ab","description":"Finnish family owned company with over 30 years of professional experience in lighting &amp; interior products import and sales - reliably.","publisher":{"@id":"https:\/\/shopnoorfi-wp31835.test.cchosting.fi\/#organization"},"potentialAction":[{"@type":"SearchAction","target":{"@type":"EntryPoint","urlTemplate":"https:\/\/shopnoorfi-wp31835.test.cchosting.fi\/?s={search_term_string}"},"query-input":{"@type":"PropertyValueSpecification","valueRequired":true,"valueName":"search_term_string"}}],"inLanguage":"sv-SE"},{"@type":"Organization","@id":"https:\/\/shopnoorfi-wp31835.test.cchosting.fi\/#organization","name":"Oy Noortrade Ab","url":"https:\/\/shopnoorfi-wp31835.test.cchosting.fi\/","logo":{"@type":"ImageObject","inLanguage":"sv-SE","@id":"https:\/\/shopnoorfi-wp31835.test.cchosting.fi\/#\/schema\/logo\/image\/","url":"https:\/\/shop.noor.fi\/wp-content\/uploads\/2024\/01\/Oy-Noortrade-Ab-Corbel-VERSAL-bold-BLACK.png","contentUrl":"https:\/\/shop.noor.fi\/wp-content\/uploads\/2024\/01\/Oy-Noortrade-Ab-Corbel-VERSAL-bold-BLACK.png","width":721,"height":177,"caption":"Oy Noortrade Ab"},"image":{"@id":"https:\/\/shopnoorfi-wp31835.test.cchosting.fi\/#\/schema\/logo\/image\/"}}]}},"brands":[{"id":37500,"name":"Rommelsbacher","slug":"rommelsbacher"},{"id":37696,"name":"Rommelsbacher","slug":"rommelsbacher-sv"}],"_links":{"self":[{"href":"https:\/\/shop.noor.fi\/sv\/wp-json\/wp\/v2\/product\/122263","targetHints":{"allow":["GET"]}}],"collection":[{"href":"https:\/\/shop.noor.fi\/sv\/wp-json\/wp\/v2\/product"}],"about":[{"href":"https:\/\/shop.noor.fi\/sv\/wp-json\/wp\/v2\/types\/product"}],"replies":[{"embeddable":true,"href":"https:\/\/shop.noor.fi\/sv\/wp-json\/wp\/v2\/comments?post=122263"}],"wp:featuredmedia":[{"embeddable":true,"href":"https:\/\/shop.noor.fi\/sv\/wp-json\/wp\/v2\/media\/121980"}],"wp:attachment":[{"href":"https:\/\/shop.noor.fi\/sv\/wp-json\/wp\/v2\/media?parent=122263"}],"wp:term":[{"taxonomy":"pwb-brand","embeddable":true,"href":"https:\/\/shop.noor.fi\/sv\/wp-json\/wp\/v2\/pwb-brand?post=122263"},{"taxonomy":"product_brand","embeddable":true,"href":"https:\/\/shop.noor.fi\/sv\/wp-json\/wp\/v2\/product_brand?post=122263"},{"taxonomy":"product_cat","embeddable":true,"href":"https:\/\/shop.noor.fi\/sv\/wp-json\/wp\/v2\/product_cat?post=122263"},{"taxonomy":"product_tag","embeddable":true,"href":"https:\/\/shop.noor.fi\/sv\/wp-json\/wp\/v2\/product_tag?post=122263"}],"curies":[{"name":"wp","href":"https:\/\/api.w.org\/{rel}","templated":true}]}}