{"id":121718,"date":"2024-11-25T09:08:58","date_gmt":"2024-11-25T07:08:58","guid":{"rendered":"https:\/\/shop.noor.fi\/product\/kaffebryggare-fkm-1000\/"},"modified":"2026-02-27T09:20:12","modified_gmt":"2026-02-27T07:20:12","slug":"kaffebryggare-fkm-1000","status":"publish","type":"product","link":"https:\/\/shop.noor.fi\/sv\/produkt\/kaffebryggare-fkm-1000\/","title":{"rendered":"Kaffebryggare FKM 1000"},"content":{"rendered":"<p>&#8221;Nybryggt kaffe smakar b\u00e4st!&#8221; Det \u00e4r en av m\u00e5nga anledningar till att filterkaffemaskiner \u00e4r s\u00e5 popul\u00e4ra. Rommelsbacher FKM 1000 kaffebryggaren brygger upp till 12 koppar aromatiskt kaffe p\u00e5 en g\u00e5ng i den h\u00f6gkvalitativa glaskannan. De l\u00e4ttanv\u00e4nda pekknapparna fungerar med l\u00e4tt tryck och LED-displayen \u00e4r stor och tydlig. Den integrerade klockan kan anv\u00e4ndas f\u00f6r att f\u00f6rprogrammera starttiden, vilket \u00e4r perfekt f\u00f6r en aromatisk start f\u00f6r dagen.<br \/>\nN\u00e4r kaffet \u00e4r klart h\u00e5ller droppstoppet ytorna rena, och den automatiska varmh\u00e5llningsfunktionen h\u00e5ller kaffet vid r\u00e4tt temperatur. De som vill ge sitt kaffe en extra aromkick kan anv\u00e4nda den speciella aromfunktionen. En s\u00e4rskilt praktisk funktion \u00e4r att vattentanken kan tas bort f\u00f6r p\u00e5fyllning. Kaffebryggaren har ocks\u00e5 ett reng\u00f6rings- och avkalkningsprogram.<\/p>\n<p>Tidl\u00f6s linj\u00e4r design, chic i varje k\u00f6k<br \/>\nAvtagbar vattentank (1,5 l)<br \/>\nH\u00f6gkvalitativ glaskanna, kapacitet 1,5 l, f\u00f6r upp till 12 koppar bryggkaffe<br \/>\nL\u00e4ttanv\u00e4nd: touchsensorer, stor LED-display, 24-timmarsklocka, f\u00f6rval av starttid, 30 minuters varmh\u00e5llningsfunktion, reng\u00f6rings-\/avkalkningsprogram<br \/>\nAromfunktion f\u00f6r \u00e4nnu intensivare smak<br \/>\nAvtagbar filterh\u00e5llare 1&#215;4 \u2013 l\u00e4tt att reng\u00f6ra<br \/>\nS\u00e4ker att anv\u00e4nda med \u00f6verhettningsskydd och droppstopp<br \/>\nInklusive kaffem\u00e5tt och permanent filter (avtagbart)<\/p>\n","protected":false},"excerpt":{"rendered":"<p>&#8221;Nybryggt kaffe smakar b\u00e4st!&#8221; Det \u00e4r en av m\u00e5nga anledningar till att filterkaffemaskiner \u00e4r s\u00e5 popul\u00e4ra. Rommelsbacher FKM 1000 kaffebryggaren brygger upp till 12 koppar aromatiskt kaffe p\u00e5 en g\u00e5ng i den h\u00f6gkvalitativa glaskannan. De l\u00e4ttanv\u00e4nda pekknapparna fungerar med l\u00e4tt tryck och LED-displayen \u00e4r stor och tydlig. Den integrerade klockan kan anv\u00e4ndas f\u00f6r att f\u00f6rprogrammera [&hellip;]<\/p>\n","protected":false},"featured_media":121942,"comment_status":"open","ping_status":"closed","template":"","meta":{"_acf_changed":false,"_relevanssi_hide_post":"","_relevanssi_hide_content":"","_relevanssi_pin_for_all":"","_relevanssi_pin_keywords":"","_relevanssi_unpin_keywords":"","_relevanssi_related_keywords":"","_relevanssi_related_include_ids":"","_relevanssi_related_exclude_ids":"","_relevanssi_related_no_append":"","_relevanssi_related_not_related":"","_relevanssi_related_posts":"","_relevanssi_noindex_reason":""},"pwb-brand":[37696,37500],"product_brand":[],"product_cat":[37012,37035],"product_tag":[],"class_list":{"0":"post-121718","1":"product","2":"type-product","3":"status-publish","4":"has-post-thumbnail","6":"pwb-brand-rommelsbacher-sv","7":"pwb-brand-rommelsbacher","8":"product_cat-keittiokoneet","9":"product_cat-koksmaskiner","11":"first","12":"instock","13":"taxable","14":"shipping-taxable","15":"purchasable","16":"product-type-simple"},"acf":[],"yoast_head":"<!-- This site is optimized with the Yoast SEO plugin v27.5 - https:\/\/yoast.com\/product\/yoast-seo-wordpress\/ -->\n<title>Kaffebryggare FKM 1000 - Oy Noortrade Ab<\/title>\n<meta name=\"robots\" content=\"index, follow, max-snippet:-1, max-image-preview:large, max-video-preview:-1\" \/>\n<link rel=\"canonical\" href=\"https:\/\/shop.noor.fi\/produkt\/kahvinkeitin-fkm-1000\/\" \/>\n<meta property=\"og:locale\" content=\"sv_SE\" \/>\n<meta property=\"og:type\" content=\"article\" \/>\n<meta property=\"og:title\" content=\"Kaffebryggare FKM 1000 - Oy Noortrade Ab\" \/>\n<meta property=\"og:description\" content=\"&#8221;Nybryggt kaffe smakar b\u00e4st!&#8221; Det \u00e4r en av m\u00e5nga anledningar till att filterkaffemaskiner \u00e4r s\u00e5 popul\u00e4ra. Rommelsbacher FKM 1000 kaffebryggaren brygger upp till 12 koppar aromatiskt kaffe p\u00e5 en g\u00e5ng i den h\u00f6gkvalitativa glaskannan. De l\u00e4ttanv\u00e4nda pekknapparna fungerar med l\u00e4tt tryck och LED-displayen \u00e4r stor och tydlig. Den integrerade klockan kan anv\u00e4ndas f\u00f6r att f\u00f6rprogrammera [&hellip;]\" \/>\n<meta property=\"og:url\" content=\"https:\/\/shop.noor.fi\/produkt\/kahvinkeitin-fkm-1000\/\" \/>\n<meta property=\"og:site_name\" content=\"Oy Noortrade Ab\" \/>\n<meta property=\"article:modified_time\" content=\"2026-02-27T07:20:12+00:00\" \/>\n<meta property=\"og:image\" content=\"https:\/\/shop.noor.fi\/wp-content\/uploads\/2024\/11\/4001797882004.jpg\" \/>\n\t<meta property=\"og:image:width\" content=\"1000\" \/>\n\t<meta property=\"og:image:height\" content=\"1000\" \/>\n\t<meta property=\"og:image:type\" content=\"image\/jpeg\" \/>\n<meta name=\"twitter:card\" content=\"summary_large_image\" \/>\n<meta name=\"twitter:label1\" content=\"Ber\u00e4knad l\u00e4stid\" \/>\n\t<meta name=\"twitter:data1\" content=\"2 minuter\" \/>\n<script type=\"application\/ld+json\" class=\"yoast-schema-graph\">{\"@context\":\"https:\\\/\\\/schema.org\",\"@graph\":[{\"@type\":\"WebPage\",\"@id\":\"https:\\\/\\\/shop.noor.fi\\\/produkt\\\/kahvinkeitin-fkm-1000\\\/\",\"url\":\"https:\\\/\\\/shop.noor.fi\\\/produkt\\\/kahvinkeitin-fkm-1000\\\/\",\"name\":\"Kaffebryggare FKM 1000 - Oy Noortrade Ab\",\"isPartOf\":{\"@id\":\"https:\\\/\\\/shopnoorfi-wp31835.test.cchosting.fi\\\/#website\"},\"primaryImageOfPage\":{\"@id\":\"https:\\\/\\\/shop.noor.fi\\\/produkt\\\/kahvinkeitin-fkm-1000\\\/#primaryimage\"},\"image\":{\"@id\":\"https:\\\/\\\/shop.noor.fi\\\/produkt\\\/kahvinkeitin-fkm-1000\\\/#primaryimage\"},\"thumbnailUrl\":\"https:\\\/\\\/shop.noor.fi\\\/wp-content\\\/uploads\\\/2024\\\/11\\\/4001797882004.jpg\",\"datePublished\":\"2024-11-25T07:08:58+00:00\",\"dateModified\":\"2026-02-27T07:20:12+00:00\",\"breadcrumb\":{\"@id\":\"https:\\\/\\\/shop.noor.fi\\\/produkt\\\/kahvinkeitin-fkm-1000\\\/#breadcrumb\"},\"inLanguage\":\"sv-SE\",\"potentialAction\":[{\"@type\":\"ReadAction\",\"target\":[\"https:\\\/\\\/shop.noor.fi\\\/produkt\\\/kahvinkeitin-fkm-1000\\\/\"]}]},{\"@type\":\"ImageObject\",\"inLanguage\":\"sv-SE\",\"@id\":\"https:\\\/\\\/shop.noor.fi\\\/produkt\\\/kahvinkeitin-fkm-1000\\\/#primaryimage\",\"url\":\"https:\\\/\\\/shop.noor.fi\\\/wp-content\\\/uploads\\\/2024\\\/11\\\/4001797882004.jpg\",\"contentUrl\":\"https:\\\/\\\/shop.noor.fi\\\/wp-content\\\/uploads\\\/2024\\\/11\\\/4001797882004.jpg\",\"width\":1000,\"height\":1000},{\"@type\":\"BreadcrumbList\",\"@id\":\"https:\\\/\\\/shop.noor.fi\\\/produkt\\\/kahvinkeitin-fkm-1000\\\/#breadcrumb\",\"itemListElement\":[{\"@type\":\"ListItem\",\"position\":1,\"name\":\"Etusivu\",\"item\":\"https:\\\/\\\/shop.noor.fi\\\/sv\\\/\"},{\"@type\":\"ListItem\",\"position\":2,\"name\":\"Butik\",\"item\":\"https:\\\/\\\/shopnoorfi-wp31835.test.cchosting.fi\\\/sv\\\/butik\\\/\"},{\"@type\":\"ListItem\",\"position\":3,\"name\":\"Kaffebryggare FKM 1000\"}]},{\"@type\":\"WebSite\",\"@id\":\"https:\\\/\\\/shopnoorfi-wp31835.test.cchosting.fi\\\/#website\",\"url\":\"https:\\\/\\\/shopnoorfi-wp31835.test.cchosting.fi\\\/\",\"name\":\"Oy Noortrade Ab\",\"description\":\"Finnish family owned company with over 30 years of professional experience in lighting &amp; interior products import and sales - reliably.\",\"publisher\":{\"@id\":\"https:\\\/\\\/shopnoorfi-wp31835.test.cchosting.fi\\\/#organization\"},\"potentialAction\":[{\"@type\":\"SearchAction\",\"target\":{\"@type\":\"EntryPoint\",\"urlTemplate\":\"https:\\\/\\\/shopnoorfi-wp31835.test.cchosting.fi\\\/?s={search_term_string}\"},\"query-input\":{\"@type\":\"PropertyValueSpecification\",\"valueRequired\":true,\"valueName\":\"search_term_string\"}}],\"inLanguage\":\"sv-SE\"},{\"@type\":\"Organization\",\"@id\":\"https:\\\/\\\/shopnoorfi-wp31835.test.cchosting.fi\\\/#organization\",\"name\":\"Oy Noortrade Ab\",\"url\":\"https:\\\/\\\/shopnoorfi-wp31835.test.cchosting.fi\\\/\",\"logo\":{\"@type\":\"ImageObject\",\"inLanguage\":\"sv-SE\",\"@id\":\"https:\\\/\\\/shopnoorfi-wp31835.test.cchosting.fi\\\/#\\\/schema\\\/logo\\\/image\\\/\",\"url\":\"https:\\\/\\\/shop.noor.fi\\\/wp-content\\\/uploads\\\/2024\\\/01\\\/Oy-Noortrade-Ab-Corbel-VERSAL-bold-BLACK.png\",\"contentUrl\":\"https:\\\/\\\/shop.noor.fi\\\/wp-content\\\/uploads\\\/2024\\\/01\\\/Oy-Noortrade-Ab-Corbel-VERSAL-bold-BLACK.png\",\"width\":721,\"height\":177,\"caption\":\"Oy Noortrade Ab\"},\"image\":{\"@id\":\"https:\\\/\\\/shopnoorfi-wp31835.test.cchosting.fi\\\/#\\\/schema\\\/logo\\\/image\\\/\"}}]}<\/script>\n<!-- \/ Yoast SEO plugin. -->","yoast_head_json":{"title":"Kaffebryggare FKM 1000 - Oy Noortrade Ab","robots":{"index":"index","follow":"follow","max-snippet":"max-snippet:-1","max-image-preview":"max-image-preview:large","max-video-preview":"max-video-preview:-1"},"canonical":"https:\/\/shop.noor.fi\/produkt\/kahvinkeitin-fkm-1000\/","og_locale":"sv_SE","og_type":"article","og_title":"Kaffebryggare FKM 1000 - Oy Noortrade Ab","og_description":"&#8221;Nybryggt kaffe smakar b\u00e4st!&#8221; Det \u00e4r en av m\u00e5nga anledningar till att filterkaffemaskiner \u00e4r s\u00e5 popul\u00e4ra. Rommelsbacher FKM 1000 kaffebryggaren brygger upp till 12 koppar aromatiskt kaffe p\u00e5 en g\u00e5ng i den h\u00f6gkvalitativa glaskannan. De l\u00e4ttanv\u00e4nda pekknapparna fungerar med l\u00e4tt tryck och LED-displayen \u00e4r stor och tydlig. Den integrerade klockan kan anv\u00e4ndas f\u00f6r att f\u00f6rprogrammera [&hellip;]","og_url":"https:\/\/shop.noor.fi\/produkt\/kahvinkeitin-fkm-1000\/","og_site_name":"Oy Noortrade Ab","article_modified_time":"2026-02-27T07:20:12+00:00","og_image":[{"width":1000,"height":1000,"url":"https:\/\/shop.noor.fi\/wp-content\/uploads\/2024\/11\/4001797882004.jpg","type":"image\/jpeg"}],"twitter_card":"summary_large_image","twitter_misc":{"Ber\u00e4knad l\u00e4stid":"2 minuter"},"schema":{"@context":"https:\/\/schema.org","@graph":[{"@type":"WebPage","@id":"https:\/\/shop.noor.fi\/produkt\/kahvinkeitin-fkm-1000\/","url":"https:\/\/shop.noor.fi\/produkt\/kahvinkeitin-fkm-1000\/","name":"Kaffebryggare FKM 1000 - Oy Noortrade Ab","isPartOf":{"@id":"https:\/\/shopnoorfi-wp31835.test.cchosting.fi\/#website"},"primaryImageOfPage":{"@id":"https:\/\/shop.noor.fi\/produkt\/kahvinkeitin-fkm-1000\/#primaryimage"},"image":{"@id":"https:\/\/shop.noor.fi\/produkt\/kahvinkeitin-fkm-1000\/#primaryimage"},"thumbnailUrl":"https:\/\/shop.noor.fi\/wp-content\/uploads\/2024\/11\/4001797882004.jpg","datePublished":"2024-11-25T07:08:58+00:00","dateModified":"2026-02-27T07:20:12+00:00","breadcrumb":{"@id":"https:\/\/shop.noor.fi\/produkt\/kahvinkeitin-fkm-1000\/#breadcrumb"},"inLanguage":"sv-SE","potentialAction":[{"@type":"ReadAction","target":["https:\/\/shop.noor.fi\/produkt\/kahvinkeitin-fkm-1000\/"]}]},{"@type":"ImageObject","inLanguage":"sv-SE","@id":"https:\/\/shop.noor.fi\/produkt\/kahvinkeitin-fkm-1000\/#primaryimage","url":"https:\/\/shop.noor.fi\/wp-content\/uploads\/2024\/11\/4001797882004.jpg","contentUrl":"https:\/\/shop.noor.fi\/wp-content\/uploads\/2024\/11\/4001797882004.jpg","width":1000,"height":1000},{"@type":"BreadcrumbList","@id":"https:\/\/shop.noor.fi\/produkt\/kahvinkeitin-fkm-1000\/#breadcrumb","itemListElement":[{"@type":"ListItem","position":1,"name":"Etusivu","item":"https:\/\/shop.noor.fi\/sv\/"},{"@type":"ListItem","position":2,"name":"Butik","item":"https:\/\/shopnoorfi-wp31835.test.cchosting.fi\/sv\/butik\/"},{"@type":"ListItem","position":3,"name":"Kaffebryggare FKM 1000"}]},{"@type":"WebSite","@id":"https:\/\/shopnoorfi-wp31835.test.cchosting.fi\/#website","url":"https:\/\/shopnoorfi-wp31835.test.cchosting.fi\/","name":"Oy Noortrade Ab","description":"Finnish family owned company with over 30 years of professional experience in lighting &amp; interior products import and sales - reliably.","publisher":{"@id":"https:\/\/shopnoorfi-wp31835.test.cchosting.fi\/#organization"},"potentialAction":[{"@type":"SearchAction","target":{"@type":"EntryPoint","urlTemplate":"https:\/\/shopnoorfi-wp31835.test.cchosting.fi\/?s={search_term_string}"},"query-input":{"@type":"PropertyValueSpecification","valueRequired":true,"valueName":"search_term_string"}}],"inLanguage":"sv-SE"},{"@type":"Organization","@id":"https:\/\/shopnoorfi-wp31835.test.cchosting.fi\/#organization","name":"Oy Noortrade Ab","url":"https:\/\/shopnoorfi-wp31835.test.cchosting.fi\/","logo":{"@type":"ImageObject","inLanguage":"sv-SE","@id":"https:\/\/shopnoorfi-wp31835.test.cchosting.fi\/#\/schema\/logo\/image\/","url":"https:\/\/shop.noor.fi\/wp-content\/uploads\/2024\/01\/Oy-Noortrade-Ab-Corbel-VERSAL-bold-BLACK.png","contentUrl":"https:\/\/shop.noor.fi\/wp-content\/uploads\/2024\/01\/Oy-Noortrade-Ab-Corbel-VERSAL-bold-BLACK.png","width":721,"height":177,"caption":"Oy Noortrade Ab"},"image":{"@id":"https:\/\/shopnoorfi-wp31835.test.cchosting.fi\/#\/schema\/logo\/image\/"}}]}},"brands":[{"id":37696,"name":"Rommelsbacher","slug":"rommelsbacher-sv"},{"id":37500,"name":"Rommelsbacher","slug":"rommelsbacher"}],"_links":{"self":[{"href":"https:\/\/shop.noor.fi\/sv\/wp-json\/wp\/v2\/product\/121718","targetHints":{"allow":["GET"]}}],"collection":[{"href":"https:\/\/shop.noor.fi\/sv\/wp-json\/wp\/v2\/product"}],"about":[{"href":"https:\/\/shop.noor.fi\/sv\/wp-json\/wp\/v2\/types\/product"}],"replies":[{"embeddable":true,"href":"https:\/\/shop.noor.fi\/sv\/wp-json\/wp\/v2\/comments?post=121718"}],"wp:featuredmedia":[{"embeddable":true,"href":"https:\/\/shop.noor.fi\/sv\/wp-json\/wp\/v2\/media\/121942"}],"wp:attachment":[{"href":"https:\/\/shop.noor.fi\/sv\/wp-json\/wp\/v2\/media?parent=121718"}],"wp:term":[{"taxonomy":"pwb-brand","embeddable":true,"href":"https:\/\/shop.noor.fi\/sv\/wp-json\/wp\/v2\/pwb-brand?post=121718"},{"taxonomy":"product_brand","embeddable":true,"href":"https:\/\/shop.noor.fi\/sv\/wp-json\/wp\/v2\/product_brand?post=121718"},{"taxonomy":"product_cat","embeddable":true,"href":"https:\/\/shop.noor.fi\/sv\/wp-json\/wp\/v2\/product_cat?post=121718"},{"taxonomy":"product_tag","embeddable":true,"href":"https:\/\/shop.noor.fi\/sv\/wp-json\/wp\/v2\/product_tag?post=121718"}],"curies":[{"name":"wp","href":"https:\/\/api.w.org\/{rel}","templated":true}]}}