{"id":121716,"date":"2024-11-25T09:03:13","date_gmt":"2024-11-25T07:03:13","guid":{"rendered":"https:\/\/shop.noor.fi\/product\/gelling-kit-fds-3\/"},"modified":"2026-02-27T09:21:10","modified_gmt":"2026-02-27T07:21:10","slug":"gelling-kit-fds-3","status":"publish","type":"product","link":"https:\/\/shop.noor.fi\/sv\/produkt\/gelling-kit-fds-3\/","title":{"rendered":"Gelling kit FDS 3"},"content":{"rendered":"<p>FDS 3 gelling-kit inneh\u00e5ller de tre originalingredienserna som beh\u00f6vs f\u00f6r att g\u00f6ra gel\u00e9p\u00e4rlor med Food Designer FD 500. Med dessa f\u00f6rstklassiga ingredienser kan gel\u00e9p\u00e4rlor tillverkas p\u00e5 ett p\u00e5litligt s\u00e4tt och mycket snabbt.<br \/>\nKomponenterna i ingrediensupps\u00e4ttningen \u00e4r av h\u00f6gsta livsmedelskvalitet och r\u00e4cker f\u00f6r att producera cirka 20 000 gel\u00e9p\u00e4rlor (motsvarar en m\u00e4ngd p\u00e5 ca 4 kg).<br \/>\nIngredienserna kommer i \u00e5terf\u00f6rslutningsbara p\u00e5sar.<\/p>\n<p>3-delat ingrediensset f\u00f6r FD 500 Food Designer, best\u00e5ende av<br \/>\n    &#8211; 40 g gelbildande st\u00e4rkelse (natriumalginat)<br \/>\n    &#8211; 70 g geleringssalt (kalciumklorid)<br \/>\n    &#8211; 25 g surhetsreglerande medel (natriumcitrat)<br \/>\n    i \u00e5terf\u00f6rslutningsbara p\u00e5sar<br \/>\nR\u00e4cker till upp till 20 000 gel\u00e9p\u00e4rlor<br \/>\nInneh\u00e5llet \u00f6verensst\u00e4mmer med EU:s f\u00f6rordningar 1333\/2008 och 1334\/2008 samt direktiv 95\/2\/EG<br \/>\nInte l\u00e4mplig f\u00f6r konsumtion som s\u00e5dana<\/p>\n","protected":false},"excerpt":{"rendered":"<p>FDS 3 gelling-kit inneh\u00e5ller de tre originalingredienserna som beh\u00f6vs f\u00f6r att g\u00f6ra gel\u00e9p\u00e4rlor med Food Designer FD 500. Med dessa f\u00f6rstklassiga ingredienser kan gel\u00e9p\u00e4rlor tillverkas p\u00e5 ett p\u00e5litligt s\u00e4tt och mycket snabbt. Komponenterna i ingrediensupps\u00e4ttningen \u00e4r av h\u00f6gsta livsmedelskvalitet och r\u00e4cker f\u00f6r att producera cirka 20 000 gel\u00e9p\u00e4rlor (motsvarar en m\u00e4ngd p\u00e5 ca 4 kg). [&hellip;]<\/p>\n","protected":false},"featured_media":121948,"comment_status":"open","ping_status":"closed","template":"","meta":{"_acf_changed":false,"_relevanssi_hide_post":"","_relevanssi_hide_content":"","_relevanssi_pin_for_all":"","_relevanssi_pin_keywords":"","_relevanssi_unpin_keywords":"","_relevanssi_related_keywords":"","_relevanssi_related_include_ids":"","_relevanssi_related_exclude_ids":"","_relevanssi_related_no_append":"","_relevanssi_related_not_related":"","_relevanssi_related_posts":"","_relevanssi_noindex_reason":""},"pwb-brand":[37500,37696],"product_brand":[],"product_cat":[37012,37035],"product_tag":[],"class_list":{"0":"post-121716","1":"product","2":"type-product","3":"status-publish","4":"has-post-thumbnail","6":"pwb-brand-rommelsbacher","7":"pwb-brand-rommelsbacher-sv","8":"product_cat-keittiokoneet","9":"product_cat-koksmaskiner","11":"first","12":"instock","13":"taxable","14":"shipping-taxable","15":"purchasable","16":"product-type-simple"},"acf":[],"yoast_head":"<!-- This site is optimized with the Yoast SEO plugin v27.5 - https:\/\/yoast.com\/product\/yoast-seo-wordpress\/ -->\n<title>Gelling kit FDS 3 - Oy Noortrade Ab<\/title>\n<meta name=\"robots\" content=\"index, follow, max-snippet:-1, max-image-preview:large, max-video-preview:-1\" \/>\n<link rel=\"canonical\" href=\"https:\/\/shop.noor.fi\/produkt\/hyytelointipakkaus-fds-3\/\" \/>\n<meta property=\"og:locale\" content=\"sv_SE\" \/>\n<meta property=\"og:type\" content=\"article\" \/>\n<meta property=\"og:title\" content=\"Gelling kit FDS 3 - Oy Noortrade Ab\" \/>\n<meta property=\"og:description\" content=\"FDS 3 gelling-kit inneh\u00e5ller de tre originalingredienserna som beh\u00f6vs f\u00f6r att g\u00f6ra gel\u00e9p\u00e4rlor med Food Designer FD 500. Med dessa f\u00f6rstklassiga ingredienser kan gel\u00e9p\u00e4rlor tillverkas p\u00e5 ett p\u00e5litligt s\u00e4tt och mycket snabbt. Komponenterna i ingrediensupps\u00e4ttningen \u00e4r av h\u00f6gsta livsmedelskvalitet och r\u00e4cker f\u00f6r att producera cirka 20 000 gel\u00e9p\u00e4rlor (motsvarar en m\u00e4ngd p\u00e5 ca 4 kg). [&hellip;]\" \/>\n<meta property=\"og:url\" content=\"https:\/\/shop.noor.fi\/produkt\/hyytelointipakkaus-fds-3\/\" \/>\n<meta property=\"og:site_name\" content=\"Oy Noortrade Ab\" \/>\n<meta property=\"article:modified_time\" content=\"2026-02-27T07:21:10+00:00\" \/>\n<meta property=\"og:image\" content=\"https:\/\/shop.noor.fi\/wp-content\/uploads\/2024\/11\/4001797900050.jpg\" \/>\n\t<meta property=\"og:image:width\" content=\"1000\" \/>\n\t<meta property=\"og:image:height\" content=\"1000\" \/>\n\t<meta property=\"og:image:type\" content=\"image\/jpeg\" \/>\n<meta name=\"twitter:card\" content=\"summary_large_image\" \/>\n<meta name=\"twitter:label1\" content=\"Ber\u00e4knad l\u00e4stid\" \/>\n\t<meta name=\"twitter:data1\" content=\"1 minut\" \/>\n<script type=\"application\/ld+json\" class=\"yoast-schema-graph\">{\"@context\":\"https:\\\/\\\/schema.org\",\"@graph\":[{\"@type\":\"WebPage\",\"@id\":\"https:\\\/\\\/shop.noor.fi\\\/produkt\\\/hyytelointipakkaus-fds-3\\\/\",\"url\":\"https:\\\/\\\/shop.noor.fi\\\/produkt\\\/hyytelointipakkaus-fds-3\\\/\",\"name\":\"Gelling kit FDS 3 - Oy Noortrade Ab\",\"isPartOf\":{\"@id\":\"https:\\\/\\\/shopnoorfi-wp31835.test.cchosting.fi\\\/#website\"},\"primaryImageOfPage\":{\"@id\":\"https:\\\/\\\/shop.noor.fi\\\/produkt\\\/hyytelointipakkaus-fds-3\\\/#primaryimage\"},\"image\":{\"@id\":\"https:\\\/\\\/shop.noor.fi\\\/produkt\\\/hyytelointipakkaus-fds-3\\\/#primaryimage\"},\"thumbnailUrl\":\"https:\\\/\\\/shop.noor.fi\\\/wp-content\\\/uploads\\\/2024\\\/11\\\/4001797900050.jpg\",\"datePublished\":\"2024-11-25T07:03:13+00:00\",\"dateModified\":\"2026-02-27T07:21:10+00:00\",\"breadcrumb\":{\"@id\":\"https:\\\/\\\/shop.noor.fi\\\/produkt\\\/hyytelointipakkaus-fds-3\\\/#breadcrumb\"},\"inLanguage\":\"sv-SE\",\"potentialAction\":[{\"@type\":\"ReadAction\",\"target\":[\"https:\\\/\\\/shop.noor.fi\\\/produkt\\\/hyytelointipakkaus-fds-3\\\/\"]}]},{\"@type\":\"ImageObject\",\"inLanguage\":\"sv-SE\",\"@id\":\"https:\\\/\\\/shop.noor.fi\\\/produkt\\\/hyytelointipakkaus-fds-3\\\/#primaryimage\",\"url\":\"https:\\\/\\\/shop.noor.fi\\\/wp-content\\\/uploads\\\/2024\\\/11\\\/4001797900050.jpg\",\"contentUrl\":\"https:\\\/\\\/shop.noor.fi\\\/wp-content\\\/uploads\\\/2024\\\/11\\\/4001797900050.jpg\",\"width\":1000,\"height\":1000},{\"@type\":\"BreadcrumbList\",\"@id\":\"https:\\\/\\\/shop.noor.fi\\\/produkt\\\/hyytelointipakkaus-fds-3\\\/#breadcrumb\",\"itemListElement\":[{\"@type\":\"ListItem\",\"position\":1,\"name\":\"Etusivu\",\"item\":\"https:\\\/\\\/shop.noor.fi\\\/sv\\\/\"},{\"@type\":\"ListItem\",\"position\":2,\"name\":\"Butik\",\"item\":\"https:\\\/\\\/shopnoorfi-wp31835.test.cchosting.fi\\\/sv\\\/butik\\\/\"},{\"@type\":\"ListItem\",\"position\":3,\"name\":\"Gelling kit FDS 3\"}]},{\"@type\":\"WebSite\",\"@id\":\"https:\\\/\\\/shopnoorfi-wp31835.test.cchosting.fi\\\/#website\",\"url\":\"https:\\\/\\\/shopnoorfi-wp31835.test.cchosting.fi\\\/\",\"name\":\"Oy Noortrade Ab\",\"description\":\"Finnish family owned company with over 30 years of professional experience in lighting &amp; interior products import and sales - reliably.\",\"publisher\":{\"@id\":\"https:\\\/\\\/shopnoorfi-wp31835.test.cchosting.fi\\\/#organization\"},\"potentialAction\":[{\"@type\":\"SearchAction\",\"target\":{\"@type\":\"EntryPoint\",\"urlTemplate\":\"https:\\\/\\\/shopnoorfi-wp31835.test.cchosting.fi\\\/?s={search_term_string}\"},\"query-input\":{\"@type\":\"PropertyValueSpecification\",\"valueRequired\":true,\"valueName\":\"search_term_string\"}}],\"inLanguage\":\"sv-SE\"},{\"@type\":\"Organization\",\"@id\":\"https:\\\/\\\/shopnoorfi-wp31835.test.cchosting.fi\\\/#organization\",\"name\":\"Oy Noortrade Ab\",\"url\":\"https:\\\/\\\/shopnoorfi-wp31835.test.cchosting.fi\\\/\",\"logo\":{\"@type\":\"ImageObject\",\"inLanguage\":\"sv-SE\",\"@id\":\"https:\\\/\\\/shopnoorfi-wp31835.test.cchosting.fi\\\/#\\\/schema\\\/logo\\\/image\\\/\",\"url\":\"https:\\\/\\\/shop.noor.fi\\\/wp-content\\\/uploads\\\/2024\\\/01\\\/Oy-Noortrade-Ab-Corbel-VERSAL-bold-BLACK.png\",\"contentUrl\":\"https:\\\/\\\/shop.noor.fi\\\/wp-content\\\/uploads\\\/2024\\\/01\\\/Oy-Noortrade-Ab-Corbel-VERSAL-bold-BLACK.png\",\"width\":721,\"height\":177,\"caption\":\"Oy Noortrade Ab\"},\"image\":{\"@id\":\"https:\\\/\\\/shopnoorfi-wp31835.test.cchosting.fi\\\/#\\\/schema\\\/logo\\\/image\\\/\"}}]}<\/script>\n<!-- \/ Yoast SEO plugin. -->","yoast_head_json":{"title":"Gelling kit FDS 3 - Oy Noortrade Ab","robots":{"index":"index","follow":"follow","max-snippet":"max-snippet:-1","max-image-preview":"max-image-preview:large","max-video-preview":"max-video-preview:-1"},"canonical":"https:\/\/shop.noor.fi\/produkt\/hyytelointipakkaus-fds-3\/","og_locale":"sv_SE","og_type":"article","og_title":"Gelling kit FDS 3 - Oy Noortrade Ab","og_description":"FDS 3 gelling-kit inneh\u00e5ller de tre originalingredienserna som beh\u00f6vs f\u00f6r att g\u00f6ra gel\u00e9p\u00e4rlor med Food Designer FD 500. Med dessa f\u00f6rstklassiga ingredienser kan gel\u00e9p\u00e4rlor tillverkas p\u00e5 ett p\u00e5litligt s\u00e4tt och mycket snabbt. Komponenterna i ingrediensupps\u00e4ttningen \u00e4r av h\u00f6gsta livsmedelskvalitet och r\u00e4cker f\u00f6r att producera cirka 20 000 gel\u00e9p\u00e4rlor (motsvarar en m\u00e4ngd p\u00e5 ca 4 kg). [&hellip;]","og_url":"https:\/\/shop.noor.fi\/produkt\/hyytelointipakkaus-fds-3\/","og_site_name":"Oy Noortrade Ab","article_modified_time":"2026-02-27T07:21:10+00:00","og_image":[{"width":1000,"height":1000,"url":"https:\/\/shop.noor.fi\/wp-content\/uploads\/2024\/11\/4001797900050.jpg","type":"image\/jpeg"}],"twitter_card":"summary_large_image","twitter_misc":{"Ber\u00e4knad l\u00e4stid":"1 minut"},"schema":{"@context":"https:\/\/schema.org","@graph":[{"@type":"WebPage","@id":"https:\/\/shop.noor.fi\/produkt\/hyytelointipakkaus-fds-3\/","url":"https:\/\/shop.noor.fi\/produkt\/hyytelointipakkaus-fds-3\/","name":"Gelling kit FDS 3 - Oy Noortrade Ab","isPartOf":{"@id":"https:\/\/shopnoorfi-wp31835.test.cchosting.fi\/#website"},"primaryImageOfPage":{"@id":"https:\/\/shop.noor.fi\/produkt\/hyytelointipakkaus-fds-3\/#primaryimage"},"image":{"@id":"https:\/\/shop.noor.fi\/produkt\/hyytelointipakkaus-fds-3\/#primaryimage"},"thumbnailUrl":"https:\/\/shop.noor.fi\/wp-content\/uploads\/2024\/11\/4001797900050.jpg","datePublished":"2024-11-25T07:03:13+00:00","dateModified":"2026-02-27T07:21:10+00:00","breadcrumb":{"@id":"https:\/\/shop.noor.fi\/produkt\/hyytelointipakkaus-fds-3\/#breadcrumb"},"inLanguage":"sv-SE","potentialAction":[{"@type":"ReadAction","target":["https:\/\/shop.noor.fi\/produkt\/hyytelointipakkaus-fds-3\/"]}]},{"@type":"ImageObject","inLanguage":"sv-SE","@id":"https:\/\/shop.noor.fi\/produkt\/hyytelointipakkaus-fds-3\/#primaryimage","url":"https:\/\/shop.noor.fi\/wp-content\/uploads\/2024\/11\/4001797900050.jpg","contentUrl":"https:\/\/shop.noor.fi\/wp-content\/uploads\/2024\/11\/4001797900050.jpg","width":1000,"height":1000},{"@type":"BreadcrumbList","@id":"https:\/\/shop.noor.fi\/produkt\/hyytelointipakkaus-fds-3\/#breadcrumb","itemListElement":[{"@type":"ListItem","position":1,"name":"Etusivu","item":"https:\/\/shop.noor.fi\/sv\/"},{"@type":"ListItem","position":2,"name":"Butik","item":"https:\/\/shopnoorfi-wp31835.test.cchosting.fi\/sv\/butik\/"},{"@type":"ListItem","position":3,"name":"Gelling kit FDS 3"}]},{"@type":"WebSite","@id":"https:\/\/shopnoorfi-wp31835.test.cchosting.fi\/#website","url":"https:\/\/shopnoorfi-wp31835.test.cchosting.fi\/","name":"Oy Noortrade Ab","description":"Finnish family owned company with over 30 years of professional experience in lighting &amp; interior products import and sales - reliably.","publisher":{"@id":"https:\/\/shopnoorfi-wp31835.test.cchosting.fi\/#organization"},"potentialAction":[{"@type":"SearchAction","target":{"@type":"EntryPoint","urlTemplate":"https:\/\/shopnoorfi-wp31835.test.cchosting.fi\/?s={search_term_string}"},"query-input":{"@type":"PropertyValueSpecification","valueRequired":true,"valueName":"search_term_string"}}],"inLanguage":"sv-SE"},{"@type":"Organization","@id":"https:\/\/shopnoorfi-wp31835.test.cchosting.fi\/#organization","name":"Oy Noortrade Ab","url":"https:\/\/shopnoorfi-wp31835.test.cchosting.fi\/","logo":{"@type":"ImageObject","inLanguage":"sv-SE","@id":"https:\/\/shopnoorfi-wp31835.test.cchosting.fi\/#\/schema\/logo\/image\/","url":"https:\/\/shop.noor.fi\/wp-content\/uploads\/2024\/01\/Oy-Noortrade-Ab-Corbel-VERSAL-bold-BLACK.png","contentUrl":"https:\/\/shop.noor.fi\/wp-content\/uploads\/2024\/01\/Oy-Noortrade-Ab-Corbel-VERSAL-bold-BLACK.png","width":721,"height":177,"caption":"Oy Noortrade Ab"},"image":{"@id":"https:\/\/shopnoorfi-wp31835.test.cchosting.fi\/#\/schema\/logo\/image\/"}}]}},"brands":[{"id":37500,"name":"Rommelsbacher","slug":"rommelsbacher"},{"id":37696,"name":"Rommelsbacher","slug":"rommelsbacher-sv"}],"_links":{"self":[{"href":"https:\/\/shop.noor.fi\/sv\/wp-json\/wp\/v2\/product\/121716","targetHints":{"allow":["GET"]}}],"collection":[{"href":"https:\/\/shop.noor.fi\/sv\/wp-json\/wp\/v2\/product"}],"about":[{"href":"https:\/\/shop.noor.fi\/sv\/wp-json\/wp\/v2\/types\/product"}],"replies":[{"embeddable":true,"href":"https:\/\/shop.noor.fi\/sv\/wp-json\/wp\/v2\/comments?post=121716"}],"wp:featuredmedia":[{"embeddable":true,"href":"https:\/\/shop.noor.fi\/sv\/wp-json\/wp\/v2\/media\/121948"}],"wp:attachment":[{"href":"https:\/\/shop.noor.fi\/sv\/wp-json\/wp\/v2\/media?parent=121716"}],"wp:term":[{"taxonomy":"pwb-brand","embeddable":true,"href":"https:\/\/shop.noor.fi\/sv\/wp-json\/wp\/v2\/pwb-brand?post=121716"},{"taxonomy":"product_brand","embeddable":true,"href":"https:\/\/shop.noor.fi\/sv\/wp-json\/wp\/v2\/product_brand?post=121716"},{"taxonomy":"product_cat","embeddable":true,"href":"https:\/\/shop.noor.fi\/sv\/wp-json\/wp\/v2\/product_cat?post=121716"},{"taxonomy":"product_tag","embeddable":true,"href":"https:\/\/shop.noor.fi\/sv\/wp-json\/wp\/v2\/product_tag?post=121716"}],"curies":[{"name":"wp","href":"https:\/\/api.w.org\/{rel}","templated":true}]}}