{"id":121714,"date":"2024-11-25T09:03:06","date_gmt":"2024-11-25T07:03:06","guid":{"rendered":"https:\/\/shop.noor.fi\/product\/perlino-food-designer-fd-500\/"},"modified":"2026-02-27T09:20:08","modified_gmt":"2026-02-27T07:20:08","slug":"perlino-food-designer-fd-500","status":"publish","type":"product","link":"https:\/\/shop.noor.fi\/sv\/produkt\/perlino-food-designer-fd-500\/","title":{"rendered":"Perlino Food Designer FD 500"},"content":{"rendered":"<p>Rommelsbacher Food Designer FD 500 \u00e4r en unik apparat f\u00f6r alla som gillar att laga kreativa r\u00e4tter och f\u00f6r dem som \u00e4lskar att servera sina g\u00e4ster n\u00e5got extraordin\u00e4rt. Food Designer producerar gel\u00e9p\u00e4rlor med en knapptryckning och passar t.ex. f\u00f6r kockar, bartenders, cateringfirmor, p\u00e5 evenemang eller hemma. Food Designer producerar ca 500 gel\u00e9p\u00e4rlor per minut. Den detaljerade bruksanvisningen inneh\u00e5ller m\u00e5nga receptid\u00e9er, ger mycket inspiration och det medf\u00f6ljande startsetet med ingredienser f\u00e5r dig att komma ig\u00e5ng direkt.<br \/>\nF\u00f6rpackningen inneh\u00e5ller tv\u00e5 munstycken i rostfritt st\u00e5l f\u00f6r gel\u00e9p\u00e4rlor i olika storlekar. Delikata fruktjuicep\u00e4rlor f\u00f6r cocktails kan skapas lika snabbt som teriyakip\u00e4rlor f\u00f6r middagsbuff\u00e9n. Food Designer g\u00e5r snabbt att reng\u00f6ra, \u00e4r bekv\u00e4m att transportera och kr\u00e4ver endast lite f\u00f6rvaringsutrymme.<\/p>\n<p>Modernt h\u00f6lje i matt plast, BPA-fritt<br \/>\n200 ml fyllningsm\u00e4ngd, upp till 500 gel\u00e9p\u00e4rlor\/minut<br \/>\nIntegrerad beh\u00e5llare f\u00f6r ingredienser<br \/>\n2 munstycken i rostfritt st\u00e5l f\u00f6r sm\u00e5 och stora gel\u00e9p\u00e4rlor<br \/>\nP\u00e5\/av-knapp, l\u00f6stagbar laddare med 2 m n\u00e4tsladd<br \/>\nDetaljerad bruksanvisning med m\u00e5nga receptid\u00e9er<br \/>\nInklusive: gelling-starterset<\/p>\n<p>Finskspr\u00e5kig manual nedan under &#8221;Nedladdningar&#8221;.<\/p>\n","protected":false},"excerpt":{"rendered":"<p>Rommelsbacher Food Designer FD 500 \u00e4r en unik apparat f\u00f6r alla som gillar att laga kreativa r\u00e4tter och f\u00f6r dem som \u00e4lskar att servera sina g\u00e4ster n\u00e5got extraordin\u00e4rt. Food Designer producerar gel\u00e9p\u00e4rlor med en knapptryckning och passar t.ex. f\u00f6r kockar, bartenders, cateringfirmor, p\u00e5 evenemang eller hemma. Food Designer producerar ca 500 gel\u00e9p\u00e4rlor per minut. Den [&hellip;]<\/p>\n","protected":false},"featured_media":121960,"comment_status":"open","ping_status":"closed","template":"","meta":{"_acf_changed":false,"_relevanssi_hide_post":"","_relevanssi_hide_content":"","_relevanssi_pin_for_all":"","_relevanssi_pin_keywords":"","_relevanssi_unpin_keywords":"","_relevanssi_related_keywords":"","_relevanssi_related_include_ids":"","_relevanssi_related_exclude_ids":"","_relevanssi_related_no_append":"","_relevanssi_related_not_related":"","_relevanssi_related_posts":"","_relevanssi_noindex_reason":""},"pwb-brand":[37696,37500],"product_brand":[],"product_cat":[37012,37035],"product_tag":[],"class_list":{"0":"post-121714","1":"product","2":"type-product","3":"status-publish","4":"has-post-thumbnail","6":"pwb-brand-rommelsbacher-sv","7":"pwb-brand-rommelsbacher","8":"product_cat-keittiokoneet","9":"product_cat-koksmaskiner","11":"first","12":"instock","13":"taxable","14":"shipping-taxable","15":"purchasable","16":"product-type-simple"},"acf":[],"yoast_head":"<!-- This site is optimized with the Yoast SEO plugin v27.5 - https:\/\/yoast.com\/product\/yoast-seo-wordpress\/ -->\n<title>Perlino Food Designer FD 500 - Oy Noortrade Ab<\/title>\n<meta name=\"robots\" content=\"index, follow, max-snippet:-1, max-image-preview:large, max-video-preview:-1\" \/>\n<link rel=\"canonical\" href=\"https:\/\/shop.noor.fi\/produkt\/perlino-food-designer-fd-500\/\" \/>\n<meta property=\"og:locale\" content=\"sv_SE\" \/>\n<meta property=\"og:type\" content=\"article\" \/>\n<meta property=\"og:title\" content=\"Perlino Food Designer FD 500 - Oy Noortrade Ab\" \/>\n<meta property=\"og:description\" content=\"Rommelsbacher Food Designer FD 500 \u00e4r en unik apparat f\u00f6r alla som gillar att laga kreativa r\u00e4tter och f\u00f6r dem som \u00e4lskar att servera sina g\u00e4ster n\u00e5got extraordin\u00e4rt. Food Designer producerar gel\u00e9p\u00e4rlor med en knapptryckning och passar t.ex. f\u00f6r kockar, bartenders, cateringfirmor, p\u00e5 evenemang eller hemma. Food Designer producerar ca 500 gel\u00e9p\u00e4rlor per minut. Den [&hellip;]\" \/>\n<meta property=\"og:url\" content=\"https:\/\/shop.noor.fi\/produkt\/perlino-food-designer-fd-500\/\" \/>\n<meta property=\"og:site_name\" content=\"Oy Noortrade Ab\" \/>\n<meta property=\"article:modified_time\" content=\"2026-02-27T07:20:08+00:00\" \/>\n<meta property=\"og:image\" content=\"https:\/\/shop.noor.fi\/wp-content\/uploads\/2024\/11\/4001797900043.jpg\" \/>\n\t<meta property=\"og:image:width\" content=\"1000\" \/>\n\t<meta property=\"og:image:height\" content=\"1000\" \/>\n\t<meta property=\"og:image:type\" content=\"image\/jpeg\" \/>\n<meta name=\"twitter:card\" content=\"summary_large_image\" \/>\n<meta name=\"twitter:label1\" content=\"Ber\u00e4knad l\u00e4stid\" \/>\n\t<meta name=\"twitter:data1\" content=\"2 minuter\" \/>\n<script type=\"application\/ld+json\" class=\"yoast-schema-graph\">{\"@context\":\"https:\\\/\\\/schema.org\",\"@graph\":[{\"@type\":\"WebPage\",\"@id\":\"https:\\\/\\\/shop.noor.fi\\\/produkt\\\/perlino-food-designer-fd-500\\\/\",\"url\":\"https:\\\/\\\/shop.noor.fi\\\/produkt\\\/perlino-food-designer-fd-500\\\/\",\"name\":\"Perlino Food Designer FD 500 - Oy Noortrade Ab\",\"isPartOf\":{\"@id\":\"https:\\\/\\\/shopnoorfi-wp31835.test.cchosting.fi\\\/#website\"},\"primaryImageOfPage\":{\"@id\":\"https:\\\/\\\/shop.noor.fi\\\/produkt\\\/perlino-food-designer-fd-500\\\/#primaryimage\"},\"image\":{\"@id\":\"https:\\\/\\\/shop.noor.fi\\\/produkt\\\/perlino-food-designer-fd-500\\\/#primaryimage\"},\"thumbnailUrl\":\"https:\\\/\\\/shop.noor.fi\\\/wp-content\\\/uploads\\\/2024\\\/11\\\/4001797900043.jpg\",\"datePublished\":\"2024-11-25T07:03:06+00:00\",\"dateModified\":\"2026-02-27T07:20:08+00:00\",\"breadcrumb\":{\"@id\":\"https:\\\/\\\/shop.noor.fi\\\/produkt\\\/perlino-food-designer-fd-500\\\/#breadcrumb\"},\"inLanguage\":\"sv-SE\",\"potentialAction\":[{\"@type\":\"ReadAction\",\"target\":[\"https:\\\/\\\/shop.noor.fi\\\/produkt\\\/perlino-food-designer-fd-500\\\/\"]}]},{\"@type\":\"ImageObject\",\"inLanguage\":\"sv-SE\",\"@id\":\"https:\\\/\\\/shop.noor.fi\\\/produkt\\\/perlino-food-designer-fd-500\\\/#primaryimage\",\"url\":\"https:\\\/\\\/shop.noor.fi\\\/wp-content\\\/uploads\\\/2024\\\/11\\\/4001797900043.jpg\",\"contentUrl\":\"https:\\\/\\\/shop.noor.fi\\\/wp-content\\\/uploads\\\/2024\\\/11\\\/4001797900043.jpg\",\"width\":1000,\"height\":1000},{\"@type\":\"BreadcrumbList\",\"@id\":\"https:\\\/\\\/shop.noor.fi\\\/produkt\\\/perlino-food-designer-fd-500\\\/#breadcrumb\",\"itemListElement\":[{\"@type\":\"ListItem\",\"position\":1,\"name\":\"Etusivu\",\"item\":\"https:\\\/\\\/shop.noor.fi\\\/sv\\\/\"},{\"@type\":\"ListItem\",\"position\":2,\"name\":\"Butik\",\"item\":\"https:\\\/\\\/shopnoorfi-wp31835.test.cchosting.fi\\\/sv\\\/butik\\\/\"},{\"@type\":\"ListItem\",\"position\":3,\"name\":\"Perlino Food Designer FD 500\"}]},{\"@type\":\"WebSite\",\"@id\":\"https:\\\/\\\/shopnoorfi-wp31835.test.cchosting.fi\\\/#website\",\"url\":\"https:\\\/\\\/shopnoorfi-wp31835.test.cchosting.fi\\\/\",\"name\":\"Oy Noortrade Ab\",\"description\":\"Finnish family owned company with over 30 years of professional experience in lighting &amp; interior products import and sales - reliably.\",\"publisher\":{\"@id\":\"https:\\\/\\\/shopnoorfi-wp31835.test.cchosting.fi\\\/#organization\"},\"potentialAction\":[{\"@type\":\"SearchAction\",\"target\":{\"@type\":\"EntryPoint\",\"urlTemplate\":\"https:\\\/\\\/shopnoorfi-wp31835.test.cchosting.fi\\\/?s={search_term_string}\"},\"query-input\":{\"@type\":\"PropertyValueSpecification\",\"valueRequired\":true,\"valueName\":\"search_term_string\"}}],\"inLanguage\":\"sv-SE\"},{\"@type\":\"Organization\",\"@id\":\"https:\\\/\\\/shopnoorfi-wp31835.test.cchosting.fi\\\/#organization\",\"name\":\"Oy Noortrade Ab\",\"url\":\"https:\\\/\\\/shopnoorfi-wp31835.test.cchosting.fi\\\/\",\"logo\":{\"@type\":\"ImageObject\",\"inLanguage\":\"sv-SE\",\"@id\":\"https:\\\/\\\/shopnoorfi-wp31835.test.cchosting.fi\\\/#\\\/schema\\\/logo\\\/image\\\/\",\"url\":\"https:\\\/\\\/shop.noor.fi\\\/wp-content\\\/uploads\\\/2024\\\/01\\\/Oy-Noortrade-Ab-Corbel-VERSAL-bold-BLACK.png\",\"contentUrl\":\"https:\\\/\\\/shop.noor.fi\\\/wp-content\\\/uploads\\\/2024\\\/01\\\/Oy-Noortrade-Ab-Corbel-VERSAL-bold-BLACK.png\",\"width\":721,\"height\":177,\"caption\":\"Oy Noortrade Ab\"},\"image\":{\"@id\":\"https:\\\/\\\/shopnoorfi-wp31835.test.cchosting.fi\\\/#\\\/schema\\\/logo\\\/image\\\/\"}}]}<\/script>\n<!-- \/ Yoast SEO plugin. -->","yoast_head_json":{"title":"Perlino Food Designer FD 500 - Oy Noortrade Ab","robots":{"index":"index","follow":"follow","max-snippet":"max-snippet:-1","max-image-preview":"max-image-preview:large","max-video-preview":"max-video-preview:-1"},"canonical":"https:\/\/shop.noor.fi\/produkt\/perlino-food-designer-fd-500\/","og_locale":"sv_SE","og_type":"article","og_title":"Perlino Food Designer FD 500 - Oy Noortrade Ab","og_description":"Rommelsbacher Food Designer FD 500 \u00e4r en unik apparat f\u00f6r alla som gillar att laga kreativa r\u00e4tter och f\u00f6r dem som \u00e4lskar att servera sina g\u00e4ster n\u00e5got extraordin\u00e4rt. Food Designer producerar gel\u00e9p\u00e4rlor med en knapptryckning och passar t.ex. f\u00f6r kockar, bartenders, cateringfirmor, p\u00e5 evenemang eller hemma. Food Designer producerar ca 500 gel\u00e9p\u00e4rlor per minut. Den [&hellip;]","og_url":"https:\/\/shop.noor.fi\/produkt\/perlino-food-designer-fd-500\/","og_site_name":"Oy Noortrade Ab","article_modified_time":"2026-02-27T07:20:08+00:00","og_image":[{"width":1000,"height":1000,"url":"https:\/\/shop.noor.fi\/wp-content\/uploads\/2024\/11\/4001797900043.jpg","type":"image\/jpeg"}],"twitter_card":"summary_large_image","twitter_misc":{"Ber\u00e4knad l\u00e4stid":"2 minuter"},"schema":{"@context":"https:\/\/schema.org","@graph":[{"@type":"WebPage","@id":"https:\/\/shop.noor.fi\/produkt\/perlino-food-designer-fd-500\/","url":"https:\/\/shop.noor.fi\/produkt\/perlino-food-designer-fd-500\/","name":"Perlino Food Designer FD 500 - Oy Noortrade Ab","isPartOf":{"@id":"https:\/\/shopnoorfi-wp31835.test.cchosting.fi\/#website"},"primaryImageOfPage":{"@id":"https:\/\/shop.noor.fi\/produkt\/perlino-food-designer-fd-500\/#primaryimage"},"image":{"@id":"https:\/\/shop.noor.fi\/produkt\/perlino-food-designer-fd-500\/#primaryimage"},"thumbnailUrl":"https:\/\/shop.noor.fi\/wp-content\/uploads\/2024\/11\/4001797900043.jpg","datePublished":"2024-11-25T07:03:06+00:00","dateModified":"2026-02-27T07:20:08+00:00","breadcrumb":{"@id":"https:\/\/shop.noor.fi\/produkt\/perlino-food-designer-fd-500\/#breadcrumb"},"inLanguage":"sv-SE","potentialAction":[{"@type":"ReadAction","target":["https:\/\/shop.noor.fi\/produkt\/perlino-food-designer-fd-500\/"]}]},{"@type":"ImageObject","inLanguage":"sv-SE","@id":"https:\/\/shop.noor.fi\/produkt\/perlino-food-designer-fd-500\/#primaryimage","url":"https:\/\/shop.noor.fi\/wp-content\/uploads\/2024\/11\/4001797900043.jpg","contentUrl":"https:\/\/shop.noor.fi\/wp-content\/uploads\/2024\/11\/4001797900043.jpg","width":1000,"height":1000},{"@type":"BreadcrumbList","@id":"https:\/\/shop.noor.fi\/produkt\/perlino-food-designer-fd-500\/#breadcrumb","itemListElement":[{"@type":"ListItem","position":1,"name":"Etusivu","item":"https:\/\/shop.noor.fi\/sv\/"},{"@type":"ListItem","position":2,"name":"Butik","item":"https:\/\/shopnoorfi-wp31835.test.cchosting.fi\/sv\/butik\/"},{"@type":"ListItem","position":3,"name":"Perlino Food Designer FD 500"}]},{"@type":"WebSite","@id":"https:\/\/shopnoorfi-wp31835.test.cchosting.fi\/#website","url":"https:\/\/shopnoorfi-wp31835.test.cchosting.fi\/","name":"Oy Noortrade Ab","description":"Finnish family owned company with over 30 years of professional experience in lighting &amp; interior products import and sales - reliably.","publisher":{"@id":"https:\/\/shopnoorfi-wp31835.test.cchosting.fi\/#organization"},"potentialAction":[{"@type":"SearchAction","target":{"@type":"EntryPoint","urlTemplate":"https:\/\/shopnoorfi-wp31835.test.cchosting.fi\/?s={search_term_string}"},"query-input":{"@type":"PropertyValueSpecification","valueRequired":true,"valueName":"search_term_string"}}],"inLanguage":"sv-SE"},{"@type":"Organization","@id":"https:\/\/shopnoorfi-wp31835.test.cchosting.fi\/#organization","name":"Oy Noortrade Ab","url":"https:\/\/shopnoorfi-wp31835.test.cchosting.fi\/","logo":{"@type":"ImageObject","inLanguage":"sv-SE","@id":"https:\/\/shopnoorfi-wp31835.test.cchosting.fi\/#\/schema\/logo\/image\/","url":"https:\/\/shop.noor.fi\/wp-content\/uploads\/2024\/01\/Oy-Noortrade-Ab-Corbel-VERSAL-bold-BLACK.png","contentUrl":"https:\/\/shop.noor.fi\/wp-content\/uploads\/2024\/01\/Oy-Noortrade-Ab-Corbel-VERSAL-bold-BLACK.png","width":721,"height":177,"caption":"Oy Noortrade Ab"},"image":{"@id":"https:\/\/shopnoorfi-wp31835.test.cchosting.fi\/#\/schema\/logo\/image\/"}}]}},"brands":[{"id":37500,"name":"Rommelsbacher","slug":"rommelsbacher"},{"id":37696,"name":"Rommelsbacher","slug":"rommelsbacher-sv"}],"_links":{"self":[{"href":"https:\/\/shop.noor.fi\/sv\/wp-json\/wp\/v2\/product\/121714","targetHints":{"allow":["GET"]}}],"collection":[{"href":"https:\/\/shop.noor.fi\/sv\/wp-json\/wp\/v2\/product"}],"about":[{"href":"https:\/\/shop.noor.fi\/sv\/wp-json\/wp\/v2\/types\/product"}],"replies":[{"embeddable":true,"href":"https:\/\/shop.noor.fi\/sv\/wp-json\/wp\/v2\/comments?post=121714"}],"wp:featuredmedia":[{"embeddable":true,"href":"https:\/\/shop.noor.fi\/sv\/wp-json\/wp\/v2\/media\/121960"}],"wp:attachment":[{"href":"https:\/\/shop.noor.fi\/sv\/wp-json\/wp\/v2\/media?parent=121714"}],"wp:term":[{"taxonomy":"pwb-brand","embeddable":true,"href":"https:\/\/shop.noor.fi\/sv\/wp-json\/wp\/v2\/pwb-brand?post=121714"},{"taxonomy":"product_brand","embeddable":true,"href":"https:\/\/shop.noor.fi\/sv\/wp-json\/wp\/v2\/product_brand?post=121714"},{"taxonomy":"product_cat","embeddable":true,"href":"https:\/\/shop.noor.fi\/sv\/wp-json\/wp\/v2\/product_cat?post=121714"},{"taxonomy":"product_tag","embeddable":true,"href":"https:\/\/shop.noor.fi\/sv\/wp-json\/wp\/v2\/product_tag?post=121714"}],"curies":[{"name":"wp","href":"https:\/\/api.w.org\/{rel}","templated":true}]}}