{"id":121712,"date":"2024-11-25T09:02:58","date_gmt":"2024-11-25T07:02:58","guid":{"rendered":"https:\/\/shop.noor.fi\/product\/fondueset-f-1200\/"},"modified":"2026-02-27T09:20:01","modified_gmt":"2026-02-27T07:20:01","slug":"fondueset-f-1200","status":"publish","type":"product","link":"https:\/\/shop.noor.fi\/sv\/produkt\/fondueset-f-1200\/","title":{"rendered":"Fondueset F 1200"},"content":{"rendered":"<p>I Rommelsbacher F 1200 fondueset kombineras h\u00f6gklassig teknik med modern design. Denna fonduegryta med noggrann elektronisk temperaturreglering \u00e4r idealisk f\u00f6r alla typer av fondue: med olja och buljong samt f\u00f6r ost- eller chokladfondue. Apparaten har tre olika program att v\u00e4lja mellan, och temperaturniv\u00e5erna kan anpassas individuellt. Tydliga pekknappar g\u00f6r hanteringen l\u00e4tt. Subtila signaltoner, en tidsgr\u00e4ns f\u00f6r drift samt indikering av restv\u00e4rme maximerar s\u00e4kerheten. Gryta i rostfritt st\u00e5l och v\u00e4rmeplattan med non-stick bel\u00e4ggning underl\u00e4ttar reng\u00f6ringen.<\/p>\n<p>H\u00f6lje av rostfritt st\u00e5l<br \/>\nElegant, robust v\u00e4rmeplatta med non-stick bel\u00e4ggning, diameter 17,5 cm<br \/>\nStyrning via l\u00e4ttanv\u00e4nda pekknappar (touch)<br \/>\nElektronisk noggrann temperaturreglering<br \/>\nAvtagbar 2,5 liters gryta av h\u00f6gkvalitativt rostfritt st\u00e5l med max 1,2 liter volyminneh\u00e5ll<br \/>\nSignallampa, \u00f6verhettningsskydd, restv\u00e4rmeindikator<br \/>\nExtra l\u00e5ng n\u00e4tsladd (2 m)<br \/>\nInklusive: 6 m\u00e4rkta fonduegafflar i rostfritt st\u00e5l, st\u00e4nkskydd med gaffelh\u00e5llare i rostfritt st\u00e5l<\/p>\n","protected":false},"excerpt":{"rendered":"<p>I Rommelsbacher F 1200 fondueset kombineras h\u00f6gklassig teknik med modern design. Denna fonduegryta med noggrann elektronisk temperaturreglering \u00e4r idealisk f\u00f6r alla typer av fondue: med olja och buljong samt f\u00f6r ost- eller chokladfondue. Apparaten har tre olika program att v\u00e4lja mellan, och temperaturniv\u00e5erna kan anpassas individuellt. Tydliga pekknappar g\u00f6r hanteringen l\u00e4tt. Subtila signaltoner, en tidsgr\u00e4ns [&hellip;]<\/p>\n","protected":false},"featured_media":121972,"comment_status":"open","ping_status":"closed","template":"","meta":{"_acf_changed":false,"_relevanssi_hide_post":"","_relevanssi_hide_content":"","_relevanssi_pin_for_all":"","_relevanssi_pin_keywords":"","_relevanssi_unpin_keywords":"","_relevanssi_related_keywords":"","_relevanssi_related_include_ids":"","_relevanssi_related_exclude_ids":"","_relevanssi_related_no_append":"","_relevanssi_related_not_related":"","_relevanssi_related_posts":"","_relevanssi_noindex_reason":""},"pwb-brand":[37696,37500],"product_brand":[],"product_cat":[37012,37035],"product_tag":[],"class_list":{"0":"post-121712","1":"product","2":"type-product","3":"status-publish","4":"has-post-thumbnail","6":"pwb-brand-rommelsbacher-sv","7":"pwb-brand-rommelsbacher","8":"product_cat-keittiokoneet","9":"product_cat-koksmaskiner","11":"first","12":"instock","13":"taxable","14":"shipping-taxable","15":"purchasable","16":"product-type-simple"},"acf":[],"yoast_head":"<!-- This site is optimized with the Yoast SEO plugin v27.5 - https:\/\/yoast.com\/product\/yoast-seo-wordpress\/ -->\n<title>Fondueset F 1200 - Oy Noortrade Ab<\/title>\n<meta name=\"robots\" content=\"index, follow, max-snippet:-1, max-image-preview:large, max-video-preview:-1\" \/>\n<link rel=\"canonical\" href=\"https:\/\/shop.noor.fi\/sv\/produkt\/fondueset-f-1200\/\" \/>\n<meta property=\"og:locale\" content=\"sv_SE\" \/>\n<meta property=\"og:type\" content=\"article\" \/>\n<meta property=\"og:title\" content=\"Fondueset F 1200 - Oy Noortrade Ab\" \/>\n<meta property=\"og:description\" content=\"I Rommelsbacher F 1200 fondueset kombineras h\u00f6gklassig teknik med modern design. Denna fonduegryta med noggrann elektronisk temperaturreglering \u00e4r idealisk f\u00f6r alla typer av fondue: med olja och buljong samt f\u00f6r ost- eller chokladfondue. Apparaten har tre olika program att v\u00e4lja mellan, och temperaturniv\u00e5erna kan anpassas individuellt. Tydliga pekknappar g\u00f6r hanteringen l\u00e4tt. Subtila signaltoner, en tidsgr\u00e4ns [&hellip;]\" \/>\n<meta property=\"og:url\" content=\"https:\/\/shop.noor.fi\/sv\/produkt\/fondueset-f-1200\/\" \/>\n<meta property=\"og:site_name\" content=\"Oy Noortrade Ab\" \/>\n<meta property=\"article:modified_time\" content=\"2026-02-27T07:20:01+00:00\" \/>\n<meta property=\"og:image\" content=\"https:\/\/shop.noor.fi\/wp-content\/uploads\/2024\/11\/4001797129505.jpg\" \/>\n\t<meta property=\"og:image:width\" content=\"1000\" \/>\n\t<meta property=\"og:image:height\" content=\"1000\" \/>\n\t<meta property=\"og:image:type\" content=\"image\/jpeg\" \/>\n<meta name=\"twitter:card\" content=\"summary_large_image\" \/>\n<meta name=\"twitter:label1\" content=\"Ber\u00e4knad l\u00e4stid\" \/>\n\t<meta name=\"twitter:data1\" content=\"2 minuter\" \/>\n<script type=\"application\/ld+json\" class=\"yoast-schema-graph\">{\"@context\":\"https:\\\/\\\/schema.org\",\"@graph\":[{\"@type\":\"WebPage\",\"@id\":\"https:\\\/\\\/shop.noor.fi\\\/sv\\\/produkt\\\/fondueset-f-1200\\\/\",\"url\":\"https:\\\/\\\/shop.noor.fi\\\/sv\\\/produkt\\\/fondueset-f-1200\\\/\",\"name\":\"Fondueset F 1200 - Oy Noortrade Ab\",\"isPartOf\":{\"@id\":\"https:\\\/\\\/shopnoorfi-wp31835.test.cchosting.fi\\\/#website\"},\"primaryImageOfPage\":{\"@id\":\"https:\\\/\\\/shop.noor.fi\\\/sv\\\/produkt\\\/fondueset-f-1200\\\/#primaryimage\"},\"image\":{\"@id\":\"https:\\\/\\\/shop.noor.fi\\\/sv\\\/produkt\\\/fondueset-f-1200\\\/#primaryimage\"},\"thumbnailUrl\":\"https:\\\/\\\/shop.noor.fi\\\/wp-content\\\/uploads\\\/2024\\\/11\\\/4001797129505.jpg\",\"datePublished\":\"2024-11-25T07:02:58+00:00\",\"dateModified\":\"2026-02-27T07:20:01+00:00\",\"breadcrumb\":{\"@id\":\"https:\\\/\\\/shop.noor.fi\\\/sv\\\/produkt\\\/fondueset-f-1200\\\/#breadcrumb\"},\"inLanguage\":\"sv-SE\",\"potentialAction\":[{\"@type\":\"ReadAction\",\"target\":[\"https:\\\/\\\/shop.noor.fi\\\/sv\\\/produkt\\\/fondueset-f-1200\\\/\"]}]},{\"@type\":\"ImageObject\",\"inLanguage\":\"sv-SE\",\"@id\":\"https:\\\/\\\/shop.noor.fi\\\/sv\\\/produkt\\\/fondueset-f-1200\\\/#primaryimage\",\"url\":\"https:\\\/\\\/shop.noor.fi\\\/wp-content\\\/uploads\\\/2024\\\/11\\\/4001797129505.jpg\",\"contentUrl\":\"https:\\\/\\\/shop.noor.fi\\\/wp-content\\\/uploads\\\/2024\\\/11\\\/4001797129505.jpg\",\"width\":1000,\"height\":1000},{\"@type\":\"BreadcrumbList\",\"@id\":\"https:\\\/\\\/shop.noor.fi\\\/sv\\\/produkt\\\/fondueset-f-1200\\\/#breadcrumb\",\"itemListElement\":[{\"@type\":\"ListItem\",\"position\":1,\"name\":\"Etusivu\",\"item\":\"https:\\\/\\\/shop.noor.fi\\\/sv\\\/\"},{\"@type\":\"ListItem\",\"position\":2,\"name\":\"Butik\",\"item\":\"https:\\\/\\\/shopnoorfi-wp31835.test.cchosting.fi\\\/sv\\\/butik\\\/\"},{\"@type\":\"ListItem\",\"position\":3,\"name\":\"Fondueset F 1200\"}]},{\"@type\":\"WebSite\",\"@id\":\"https:\\\/\\\/shopnoorfi-wp31835.test.cchosting.fi\\\/#website\",\"url\":\"https:\\\/\\\/shopnoorfi-wp31835.test.cchosting.fi\\\/\",\"name\":\"Oy Noortrade Ab\",\"description\":\"Finnish family owned company with over 30 years of professional experience in lighting &amp; interior products import and sales - reliably.\",\"publisher\":{\"@id\":\"https:\\\/\\\/shopnoorfi-wp31835.test.cchosting.fi\\\/#organization\"},\"potentialAction\":[{\"@type\":\"SearchAction\",\"target\":{\"@type\":\"EntryPoint\",\"urlTemplate\":\"https:\\\/\\\/shopnoorfi-wp31835.test.cchosting.fi\\\/?s={search_term_string}\"},\"query-input\":{\"@type\":\"PropertyValueSpecification\",\"valueRequired\":true,\"valueName\":\"search_term_string\"}}],\"inLanguage\":\"sv-SE\"},{\"@type\":\"Organization\",\"@id\":\"https:\\\/\\\/shopnoorfi-wp31835.test.cchosting.fi\\\/#organization\",\"name\":\"Oy Noortrade Ab\",\"url\":\"https:\\\/\\\/shopnoorfi-wp31835.test.cchosting.fi\\\/\",\"logo\":{\"@type\":\"ImageObject\",\"inLanguage\":\"sv-SE\",\"@id\":\"https:\\\/\\\/shopnoorfi-wp31835.test.cchosting.fi\\\/#\\\/schema\\\/logo\\\/image\\\/\",\"url\":\"https:\\\/\\\/shop.noor.fi\\\/wp-content\\\/uploads\\\/2024\\\/01\\\/Oy-Noortrade-Ab-Corbel-VERSAL-bold-BLACK.png\",\"contentUrl\":\"https:\\\/\\\/shop.noor.fi\\\/wp-content\\\/uploads\\\/2024\\\/01\\\/Oy-Noortrade-Ab-Corbel-VERSAL-bold-BLACK.png\",\"width\":721,\"height\":177,\"caption\":\"Oy Noortrade Ab\"},\"image\":{\"@id\":\"https:\\\/\\\/shopnoorfi-wp31835.test.cchosting.fi\\\/#\\\/schema\\\/logo\\\/image\\\/\"}}]}<\/script>\n<!-- \/ Yoast SEO plugin. -->","yoast_head_json":{"title":"Fondueset F 1200 - Oy Noortrade Ab","robots":{"index":"index","follow":"follow","max-snippet":"max-snippet:-1","max-image-preview":"max-image-preview:large","max-video-preview":"max-video-preview:-1"},"canonical":"https:\/\/shop.noor.fi\/sv\/produkt\/fondueset-f-1200\/","og_locale":"sv_SE","og_type":"article","og_title":"Fondueset F 1200 - Oy Noortrade Ab","og_description":"I Rommelsbacher F 1200 fondueset kombineras h\u00f6gklassig teknik med modern design. Denna fonduegryta med noggrann elektronisk temperaturreglering \u00e4r idealisk f\u00f6r alla typer av fondue: med olja och buljong samt f\u00f6r ost- eller chokladfondue. Apparaten har tre olika program att v\u00e4lja mellan, och temperaturniv\u00e5erna kan anpassas individuellt. Tydliga pekknappar g\u00f6r hanteringen l\u00e4tt. Subtila signaltoner, en tidsgr\u00e4ns [&hellip;]","og_url":"https:\/\/shop.noor.fi\/sv\/produkt\/fondueset-f-1200\/","og_site_name":"Oy Noortrade Ab","article_modified_time":"2026-02-27T07:20:01+00:00","og_image":[{"width":1000,"height":1000,"url":"https:\/\/shop.noor.fi\/wp-content\/uploads\/2024\/11\/4001797129505.jpg","type":"image\/jpeg"}],"twitter_card":"summary_large_image","twitter_misc":{"Ber\u00e4knad l\u00e4stid":"2 minuter"},"schema":{"@context":"https:\/\/schema.org","@graph":[{"@type":"WebPage","@id":"https:\/\/shop.noor.fi\/sv\/produkt\/fondueset-f-1200\/","url":"https:\/\/shop.noor.fi\/sv\/produkt\/fondueset-f-1200\/","name":"Fondueset F 1200 - Oy Noortrade Ab","isPartOf":{"@id":"https:\/\/shopnoorfi-wp31835.test.cchosting.fi\/#website"},"primaryImageOfPage":{"@id":"https:\/\/shop.noor.fi\/sv\/produkt\/fondueset-f-1200\/#primaryimage"},"image":{"@id":"https:\/\/shop.noor.fi\/sv\/produkt\/fondueset-f-1200\/#primaryimage"},"thumbnailUrl":"https:\/\/shop.noor.fi\/wp-content\/uploads\/2024\/11\/4001797129505.jpg","datePublished":"2024-11-25T07:02:58+00:00","dateModified":"2026-02-27T07:20:01+00:00","breadcrumb":{"@id":"https:\/\/shop.noor.fi\/sv\/produkt\/fondueset-f-1200\/#breadcrumb"},"inLanguage":"sv-SE","potentialAction":[{"@type":"ReadAction","target":["https:\/\/shop.noor.fi\/sv\/produkt\/fondueset-f-1200\/"]}]},{"@type":"ImageObject","inLanguage":"sv-SE","@id":"https:\/\/shop.noor.fi\/sv\/produkt\/fondueset-f-1200\/#primaryimage","url":"https:\/\/shop.noor.fi\/wp-content\/uploads\/2024\/11\/4001797129505.jpg","contentUrl":"https:\/\/shop.noor.fi\/wp-content\/uploads\/2024\/11\/4001797129505.jpg","width":1000,"height":1000},{"@type":"BreadcrumbList","@id":"https:\/\/shop.noor.fi\/sv\/produkt\/fondueset-f-1200\/#breadcrumb","itemListElement":[{"@type":"ListItem","position":1,"name":"Etusivu","item":"https:\/\/shop.noor.fi\/sv\/"},{"@type":"ListItem","position":2,"name":"Butik","item":"https:\/\/shopnoorfi-wp31835.test.cchosting.fi\/sv\/butik\/"},{"@type":"ListItem","position":3,"name":"Fondueset F 1200"}]},{"@type":"WebSite","@id":"https:\/\/shopnoorfi-wp31835.test.cchosting.fi\/#website","url":"https:\/\/shopnoorfi-wp31835.test.cchosting.fi\/","name":"Oy Noortrade Ab","description":"Finnish family owned company with over 30 years of professional experience in lighting &amp; interior products import and sales - reliably.","publisher":{"@id":"https:\/\/shopnoorfi-wp31835.test.cchosting.fi\/#organization"},"potentialAction":[{"@type":"SearchAction","target":{"@type":"EntryPoint","urlTemplate":"https:\/\/shopnoorfi-wp31835.test.cchosting.fi\/?s={search_term_string}"},"query-input":{"@type":"PropertyValueSpecification","valueRequired":true,"valueName":"search_term_string"}}],"inLanguage":"sv-SE"},{"@type":"Organization","@id":"https:\/\/shopnoorfi-wp31835.test.cchosting.fi\/#organization","name":"Oy Noortrade Ab","url":"https:\/\/shopnoorfi-wp31835.test.cchosting.fi\/","logo":{"@type":"ImageObject","inLanguage":"sv-SE","@id":"https:\/\/shopnoorfi-wp31835.test.cchosting.fi\/#\/schema\/logo\/image\/","url":"https:\/\/shop.noor.fi\/wp-content\/uploads\/2024\/01\/Oy-Noortrade-Ab-Corbel-VERSAL-bold-BLACK.png","contentUrl":"https:\/\/shop.noor.fi\/wp-content\/uploads\/2024\/01\/Oy-Noortrade-Ab-Corbel-VERSAL-bold-BLACK.png","width":721,"height":177,"caption":"Oy Noortrade Ab"},"image":{"@id":"https:\/\/shopnoorfi-wp31835.test.cchosting.fi\/#\/schema\/logo\/image\/"}}]}},"brands":[{"id":37500,"name":"Rommelsbacher","slug":"rommelsbacher"},{"id":37696,"name":"Rommelsbacher","slug":"rommelsbacher-sv"}],"_links":{"self":[{"href":"https:\/\/shop.noor.fi\/sv\/wp-json\/wp\/v2\/product\/121712","targetHints":{"allow":["GET"]}}],"collection":[{"href":"https:\/\/shop.noor.fi\/sv\/wp-json\/wp\/v2\/product"}],"about":[{"href":"https:\/\/shop.noor.fi\/sv\/wp-json\/wp\/v2\/types\/product"}],"replies":[{"embeddable":true,"href":"https:\/\/shop.noor.fi\/sv\/wp-json\/wp\/v2\/comments?post=121712"}],"wp:featuredmedia":[{"embeddable":true,"href":"https:\/\/shop.noor.fi\/sv\/wp-json\/wp\/v2\/media\/121972"}],"wp:attachment":[{"href":"https:\/\/shop.noor.fi\/sv\/wp-json\/wp\/v2\/media?parent=121712"}],"wp:term":[{"taxonomy":"pwb-brand","embeddable":true,"href":"https:\/\/shop.noor.fi\/sv\/wp-json\/wp\/v2\/pwb-brand?post=121712"},{"taxonomy":"product_brand","embeddable":true,"href":"https:\/\/shop.noor.fi\/sv\/wp-json\/wp\/v2\/product_brand?post=121712"},{"taxonomy":"product_cat","embeddable":true,"href":"https:\/\/shop.noor.fi\/sv\/wp-json\/wp\/v2\/product_cat?post=121712"},{"taxonomy":"product_tag","embeddable":true,"href":"https:\/\/shop.noor.fi\/sv\/wp-json\/wp\/v2\/product_tag?post=121712"}],"curies":[{"name":"wp","href":"https:\/\/api.w.org\/{rel}","templated":true}]}}