{"id":121708,"date":"2024-11-25T08:35:27","date_gmt":"2024-11-25T06:35:27","guid":{"rendered":"https:\/\/shop.noor.fi\/product\/elektrisk-kniv-em-150\/"},"modified":"2026-02-27T09:19:51","modified_gmt":"2026-02-27T07:19:51","slug":"elektrisk-kniv-em-150","status":"publish","type":"product","link":"https:\/\/shop.noor.fi\/sv\/produkt\/elektrisk-kniv-em-150\/","title":{"rendered":"Elektrisk kniv EM 150"},"content":{"rendered":"<p>Den praktiska Rommelsbacher EM 150 elektriska kniven underl\u00e4ttar det dagliga arbetet n\u00e4r du sk\u00e4r br\u00f6d, kakor, k\u00f6tt och f\u00e5gel. Tack vare det ergonomiska handtaget \u00e4r apparaten enkel och bekv\u00e4m att anv\u00e4nda. Det fintandade bladet \u00e4r idealiskt f\u00f6r att sk\u00e4ra \u00e4ven gr\u00e4ddt\u00e5rtor. Tack vare den kraftfulla motorn och det grovtandade bladet kan man \u00e4ven sk\u00e4ra l\u00e4tt tinad mat. Bladen har fingerskydd. Reng\u00f6ringen \u00e4r enkel, eftersom bladen t\u00e5l diskmaskin.<\/p>\n<p>Ergonomiskt handtag<br \/>\nEnkel och s\u00e4ker hantering<br \/>\nTyst motor med l\u00e5g vibration<br \/>\nBekv\u00e4m str\u00f6mknapp<br \/>\nL\u00e4tt frig\u00f6ring av bladen<br \/>\nAnv\u00e4ndbar bladl\u00e4ngd: ca. 15 cm<br \/>\nBladen t\u00e5l diskmaskin<br \/>\nInneh\u00e5ller 2 olika blad i rostfritt st\u00e5l med fingerskydd<\/p>\n","protected":false},"excerpt":{"rendered":"<p>Den praktiska Rommelsbacher EM 150 elektriska kniven underl\u00e4ttar det dagliga arbetet n\u00e4r du sk\u00e4r br\u00f6d, kakor, k\u00f6tt och f\u00e5gel. Tack vare det ergonomiska handtaget \u00e4r apparaten enkel och bekv\u00e4m att anv\u00e4nda. Det fintandade bladet \u00e4r idealiskt f\u00f6r att sk\u00e4ra \u00e4ven gr\u00e4ddt\u00e5rtor. Tack vare den kraftfulla motorn och det grovtandade bladet kan man \u00e4ven sk\u00e4ra l\u00e4tt [&hellip;]<\/p>\n","protected":false},"featured_media":121998,"comment_status":"open","ping_status":"closed","template":"","meta":{"_acf_changed":false,"_relevanssi_hide_post":"","_relevanssi_hide_content":"","_relevanssi_pin_for_all":"","_relevanssi_pin_keywords":"","_relevanssi_unpin_keywords":"","_relevanssi_related_keywords":"","_relevanssi_related_include_ids":"","_relevanssi_related_exclude_ids":"","_relevanssi_related_no_append":"","_relevanssi_related_not_related":"","_relevanssi_related_posts":"","_relevanssi_noindex_reason":""},"pwb-brand":[37696,37500],"product_brand":[],"product_cat":[37012,37035],"product_tag":[],"class_list":{"0":"post-121708","1":"product","2":"type-product","3":"status-publish","4":"has-post-thumbnail","6":"pwb-brand-rommelsbacher-sv","7":"pwb-brand-rommelsbacher","8":"product_cat-keittiokoneet","9":"product_cat-koksmaskiner","11":"first","12":"instock","13":"taxable","14":"shipping-taxable","15":"purchasable","16":"product-type-simple"},"acf":[],"yoast_head":"<!-- This site is optimized with the Yoast SEO plugin v27.5 - https:\/\/yoast.com\/product\/yoast-seo-wordpress\/ -->\n<title>Elektrisk kniv EM 150 - Oy Noortrade Ab<\/title>\n<meta name=\"robots\" content=\"index, follow, max-snippet:-1, max-image-preview:large, max-video-preview:-1\" \/>\n<link rel=\"canonical\" href=\"https:\/\/shop.noor.fi\/sv\/produkt\/elektrisk-kniv-em-150\/\" \/>\n<meta property=\"og:locale\" content=\"sv_SE\" \/>\n<meta property=\"og:type\" content=\"article\" \/>\n<meta property=\"og:title\" content=\"Elektrisk kniv EM 150 - Oy Noortrade Ab\" \/>\n<meta property=\"og:description\" content=\"Den praktiska Rommelsbacher EM 150 elektriska kniven underl\u00e4ttar det dagliga arbetet n\u00e4r du sk\u00e4r br\u00f6d, kakor, k\u00f6tt och f\u00e5gel. Tack vare det ergonomiska handtaget \u00e4r apparaten enkel och bekv\u00e4m att anv\u00e4nda. Det fintandade bladet \u00e4r idealiskt f\u00f6r att sk\u00e4ra \u00e4ven gr\u00e4ddt\u00e5rtor. Tack vare den kraftfulla motorn och det grovtandade bladet kan man \u00e4ven sk\u00e4ra l\u00e4tt [&hellip;]\" \/>\n<meta property=\"og:url\" content=\"https:\/\/shop.noor.fi\/sv\/produkt\/elektrisk-kniv-em-150\/\" \/>\n<meta property=\"og:site_name\" content=\"Oy Noortrade Ab\" \/>\n<meta property=\"article:modified_time\" content=\"2026-02-27T07:19:51+00:00\" \/>\n<meta property=\"og:image\" content=\"https:\/\/shop.noor.fi\/wp-content\/uploads\/2024\/11\/4001797850102.jpg\" \/>\n\t<meta property=\"og:image:width\" content=\"1000\" \/>\n\t<meta property=\"og:image:height\" content=\"1000\" \/>\n\t<meta property=\"og:image:type\" content=\"image\/jpeg\" \/>\n<meta name=\"twitter:card\" content=\"summary_large_image\" \/>\n<meta name=\"twitter:label1\" content=\"Ber\u00e4knad l\u00e4stid\" \/>\n\t<meta name=\"twitter:data1\" content=\"1 minut\" \/>\n<script type=\"application\/ld+json\" class=\"yoast-schema-graph\">{\"@context\":\"https:\\\/\\\/schema.org\",\"@graph\":[{\"@type\":\"WebPage\",\"@id\":\"https:\\\/\\\/shop.noor.fi\\\/sv\\\/produkt\\\/elektrisk-kniv-em-150\\\/\",\"url\":\"https:\\\/\\\/shop.noor.fi\\\/sv\\\/produkt\\\/elektrisk-kniv-em-150\\\/\",\"name\":\"Elektrisk kniv EM 150 - Oy Noortrade Ab\",\"isPartOf\":{\"@id\":\"https:\\\/\\\/shopnoorfi-wp31835.test.cchosting.fi\\\/#website\"},\"primaryImageOfPage\":{\"@id\":\"https:\\\/\\\/shop.noor.fi\\\/sv\\\/produkt\\\/elektrisk-kniv-em-150\\\/#primaryimage\"},\"image\":{\"@id\":\"https:\\\/\\\/shop.noor.fi\\\/sv\\\/produkt\\\/elektrisk-kniv-em-150\\\/#primaryimage\"},\"thumbnailUrl\":\"https:\\\/\\\/shop.noor.fi\\\/wp-content\\\/uploads\\\/2024\\\/11\\\/4001797850102.jpg\",\"datePublished\":\"2024-11-25T06:35:27+00:00\",\"dateModified\":\"2026-02-27T07:19:51+00:00\",\"breadcrumb\":{\"@id\":\"https:\\\/\\\/shop.noor.fi\\\/sv\\\/produkt\\\/elektrisk-kniv-em-150\\\/#breadcrumb\"},\"inLanguage\":\"sv-SE\",\"potentialAction\":[{\"@type\":\"ReadAction\",\"target\":[\"https:\\\/\\\/shop.noor.fi\\\/sv\\\/produkt\\\/elektrisk-kniv-em-150\\\/\"]}]},{\"@type\":\"ImageObject\",\"inLanguage\":\"sv-SE\",\"@id\":\"https:\\\/\\\/shop.noor.fi\\\/sv\\\/produkt\\\/elektrisk-kniv-em-150\\\/#primaryimage\",\"url\":\"https:\\\/\\\/shop.noor.fi\\\/wp-content\\\/uploads\\\/2024\\\/11\\\/4001797850102.jpg\",\"contentUrl\":\"https:\\\/\\\/shop.noor.fi\\\/wp-content\\\/uploads\\\/2024\\\/11\\\/4001797850102.jpg\",\"width\":1000,\"height\":1000},{\"@type\":\"BreadcrumbList\",\"@id\":\"https:\\\/\\\/shop.noor.fi\\\/sv\\\/produkt\\\/elektrisk-kniv-em-150\\\/#breadcrumb\",\"itemListElement\":[{\"@type\":\"ListItem\",\"position\":1,\"name\":\"Etusivu\",\"item\":\"https:\\\/\\\/shop.noor.fi\\\/sv\\\/\"},{\"@type\":\"ListItem\",\"position\":2,\"name\":\"Butik\",\"item\":\"https:\\\/\\\/shopnoorfi-wp31835.test.cchosting.fi\\\/sv\\\/butik\\\/\"},{\"@type\":\"ListItem\",\"position\":3,\"name\":\"Elektrisk kniv EM 150\"}]},{\"@type\":\"WebSite\",\"@id\":\"https:\\\/\\\/shopnoorfi-wp31835.test.cchosting.fi\\\/#website\",\"url\":\"https:\\\/\\\/shopnoorfi-wp31835.test.cchosting.fi\\\/\",\"name\":\"Oy Noortrade Ab\",\"description\":\"Finnish family owned company with over 30 years of professional experience in lighting &amp; interior products import and sales - reliably.\",\"publisher\":{\"@id\":\"https:\\\/\\\/shopnoorfi-wp31835.test.cchosting.fi\\\/#organization\"},\"potentialAction\":[{\"@type\":\"SearchAction\",\"target\":{\"@type\":\"EntryPoint\",\"urlTemplate\":\"https:\\\/\\\/shopnoorfi-wp31835.test.cchosting.fi\\\/?s={search_term_string}\"},\"query-input\":{\"@type\":\"PropertyValueSpecification\",\"valueRequired\":true,\"valueName\":\"search_term_string\"}}],\"inLanguage\":\"sv-SE\"},{\"@type\":\"Organization\",\"@id\":\"https:\\\/\\\/shopnoorfi-wp31835.test.cchosting.fi\\\/#organization\",\"name\":\"Oy Noortrade Ab\",\"url\":\"https:\\\/\\\/shopnoorfi-wp31835.test.cchosting.fi\\\/\",\"logo\":{\"@type\":\"ImageObject\",\"inLanguage\":\"sv-SE\",\"@id\":\"https:\\\/\\\/shopnoorfi-wp31835.test.cchosting.fi\\\/#\\\/schema\\\/logo\\\/image\\\/\",\"url\":\"https:\\\/\\\/shop.noor.fi\\\/wp-content\\\/uploads\\\/2024\\\/01\\\/Oy-Noortrade-Ab-Corbel-VERSAL-bold-BLACK.png\",\"contentUrl\":\"https:\\\/\\\/shop.noor.fi\\\/wp-content\\\/uploads\\\/2024\\\/01\\\/Oy-Noortrade-Ab-Corbel-VERSAL-bold-BLACK.png\",\"width\":721,\"height\":177,\"caption\":\"Oy Noortrade Ab\"},\"image\":{\"@id\":\"https:\\\/\\\/shopnoorfi-wp31835.test.cchosting.fi\\\/#\\\/schema\\\/logo\\\/image\\\/\"}}]}<\/script>\n<!-- \/ Yoast SEO plugin. -->","yoast_head_json":{"title":"Elektrisk kniv EM 150 - Oy Noortrade Ab","robots":{"index":"index","follow":"follow","max-snippet":"max-snippet:-1","max-image-preview":"max-image-preview:large","max-video-preview":"max-video-preview:-1"},"canonical":"https:\/\/shop.noor.fi\/sv\/produkt\/elektrisk-kniv-em-150\/","og_locale":"sv_SE","og_type":"article","og_title":"Elektrisk kniv EM 150 - Oy Noortrade Ab","og_description":"Den praktiska Rommelsbacher EM 150 elektriska kniven underl\u00e4ttar det dagliga arbetet n\u00e4r du sk\u00e4r br\u00f6d, kakor, k\u00f6tt och f\u00e5gel. Tack vare det ergonomiska handtaget \u00e4r apparaten enkel och bekv\u00e4m att anv\u00e4nda. Det fintandade bladet \u00e4r idealiskt f\u00f6r att sk\u00e4ra \u00e4ven gr\u00e4ddt\u00e5rtor. Tack vare den kraftfulla motorn och det grovtandade bladet kan man \u00e4ven sk\u00e4ra l\u00e4tt [&hellip;]","og_url":"https:\/\/shop.noor.fi\/sv\/produkt\/elektrisk-kniv-em-150\/","og_site_name":"Oy Noortrade Ab","article_modified_time":"2026-02-27T07:19:51+00:00","og_image":[{"width":1000,"height":1000,"url":"https:\/\/shop.noor.fi\/wp-content\/uploads\/2024\/11\/4001797850102.jpg","type":"image\/jpeg"}],"twitter_card":"summary_large_image","twitter_misc":{"Ber\u00e4knad l\u00e4stid":"1 minut"},"schema":{"@context":"https:\/\/schema.org","@graph":[{"@type":"WebPage","@id":"https:\/\/shop.noor.fi\/sv\/produkt\/elektrisk-kniv-em-150\/","url":"https:\/\/shop.noor.fi\/sv\/produkt\/elektrisk-kniv-em-150\/","name":"Elektrisk kniv EM 150 - Oy Noortrade Ab","isPartOf":{"@id":"https:\/\/shopnoorfi-wp31835.test.cchosting.fi\/#website"},"primaryImageOfPage":{"@id":"https:\/\/shop.noor.fi\/sv\/produkt\/elektrisk-kniv-em-150\/#primaryimage"},"image":{"@id":"https:\/\/shop.noor.fi\/sv\/produkt\/elektrisk-kniv-em-150\/#primaryimage"},"thumbnailUrl":"https:\/\/shop.noor.fi\/wp-content\/uploads\/2024\/11\/4001797850102.jpg","datePublished":"2024-11-25T06:35:27+00:00","dateModified":"2026-02-27T07:19:51+00:00","breadcrumb":{"@id":"https:\/\/shop.noor.fi\/sv\/produkt\/elektrisk-kniv-em-150\/#breadcrumb"},"inLanguage":"sv-SE","potentialAction":[{"@type":"ReadAction","target":["https:\/\/shop.noor.fi\/sv\/produkt\/elektrisk-kniv-em-150\/"]}]},{"@type":"ImageObject","inLanguage":"sv-SE","@id":"https:\/\/shop.noor.fi\/sv\/produkt\/elektrisk-kniv-em-150\/#primaryimage","url":"https:\/\/shop.noor.fi\/wp-content\/uploads\/2024\/11\/4001797850102.jpg","contentUrl":"https:\/\/shop.noor.fi\/wp-content\/uploads\/2024\/11\/4001797850102.jpg","width":1000,"height":1000},{"@type":"BreadcrumbList","@id":"https:\/\/shop.noor.fi\/sv\/produkt\/elektrisk-kniv-em-150\/#breadcrumb","itemListElement":[{"@type":"ListItem","position":1,"name":"Etusivu","item":"https:\/\/shop.noor.fi\/sv\/"},{"@type":"ListItem","position":2,"name":"Butik","item":"https:\/\/shopnoorfi-wp31835.test.cchosting.fi\/sv\/butik\/"},{"@type":"ListItem","position":3,"name":"Elektrisk kniv EM 150"}]},{"@type":"WebSite","@id":"https:\/\/shopnoorfi-wp31835.test.cchosting.fi\/#website","url":"https:\/\/shopnoorfi-wp31835.test.cchosting.fi\/","name":"Oy Noortrade Ab","description":"Finnish family owned company with over 30 years of professional experience in lighting &amp; interior products import and sales - reliably.","publisher":{"@id":"https:\/\/shopnoorfi-wp31835.test.cchosting.fi\/#organization"},"potentialAction":[{"@type":"SearchAction","target":{"@type":"EntryPoint","urlTemplate":"https:\/\/shopnoorfi-wp31835.test.cchosting.fi\/?s={search_term_string}"},"query-input":{"@type":"PropertyValueSpecification","valueRequired":true,"valueName":"search_term_string"}}],"inLanguage":"sv-SE"},{"@type":"Organization","@id":"https:\/\/shopnoorfi-wp31835.test.cchosting.fi\/#organization","name":"Oy Noortrade Ab","url":"https:\/\/shopnoorfi-wp31835.test.cchosting.fi\/","logo":{"@type":"ImageObject","inLanguage":"sv-SE","@id":"https:\/\/shopnoorfi-wp31835.test.cchosting.fi\/#\/schema\/logo\/image\/","url":"https:\/\/shop.noor.fi\/wp-content\/uploads\/2024\/01\/Oy-Noortrade-Ab-Corbel-VERSAL-bold-BLACK.png","contentUrl":"https:\/\/shop.noor.fi\/wp-content\/uploads\/2024\/01\/Oy-Noortrade-Ab-Corbel-VERSAL-bold-BLACK.png","width":721,"height":177,"caption":"Oy Noortrade Ab"},"image":{"@id":"https:\/\/shopnoorfi-wp31835.test.cchosting.fi\/#\/schema\/logo\/image\/"}}]}},"brands":[{"id":37500,"name":"Rommelsbacher","slug":"rommelsbacher"},{"id":37696,"name":"Rommelsbacher","slug":"rommelsbacher-sv"}],"_links":{"self":[{"href":"https:\/\/shop.noor.fi\/sv\/wp-json\/wp\/v2\/product\/121708","targetHints":{"allow":["GET"]}}],"collection":[{"href":"https:\/\/shop.noor.fi\/sv\/wp-json\/wp\/v2\/product"}],"about":[{"href":"https:\/\/shop.noor.fi\/sv\/wp-json\/wp\/v2\/types\/product"}],"replies":[{"embeddable":true,"href":"https:\/\/shop.noor.fi\/sv\/wp-json\/wp\/v2\/comments?post=121708"}],"wp:featuredmedia":[{"embeddable":true,"href":"https:\/\/shop.noor.fi\/sv\/wp-json\/wp\/v2\/media\/121998"}],"wp:attachment":[{"href":"https:\/\/shop.noor.fi\/sv\/wp-json\/wp\/v2\/media?parent=121708"}],"wp:term":[{"taxonomy":"pwb-brand","embeddable":true,"href":"https:\/\/shop.noor.fi\/sv\/wp-json\/wp\/v2\/pwb-brand?post=121708"},{"taxonomy":"product_brand","embeddable":true,"href":"https:\/\/shop.noor.fi\/sv\/wp-json\/wp\/v2\/product_brand?post=121708"},{"taxonomy":"product_cat","embeddable":true,"href":"https:\/\/shop.noor.fi\/sv\/wp-json\/wp\/v2\/product_cat?post=121708"},{"taxonomy":"product_tag","embeddable":true,"href":"https:\/\/shop.noor.fi\/sv\/wp-json\/wp\/v2\/product_tag?post=121708"}],"curies":[{"name":"wp","href":"https:\/\/api.w.org\/{rel}","templated":true}]}}