{"id":121702,"date":"2024-11-25T08:35:06","date_gmt":"2024-11-25T06:35:06","guid":{"rendered":"https:\/\/shop.noor.fi\/product\/kraffekvarn-ekm-200\/"},"modified":"2026-03-01T19:28:31","modified_gmt":"2026-03-01T17:28:31","slug":"kraffekvarn-ekm-200","status":"publish","type":"product","link":"https:\/\/shop.noor.fi\/sv\/produkt\/kraffekvarn-ekm-200\/","title":{"rendered":"Kraffekvarn EKM 200"},"content":{"rendered":"<p>Rommelsbacher EKM 200 kaffekvarn \u00e4r ett blickf\u00e5ng i varje k\u00f6k. Kaffeb\u00f6nbeh\u00e5llaren med lock beh\u00e5ller b\u00f6nornas arom. Den robusta kvarnen har tv\u00e5 h\u00f6gkvalitativa malskivor som maler kaffeb\u00f6norna varsamt tills den inst\u00e4llda malningsgraden uppn\u00e5s. Malningsgraden kan st\u00e4llas in individuellt fr\u00e5n grovt till fint. \u00d6nskad kaffepulverm\u00e4ngd (2 \u2013 12 koppar) v\u00e4ljs med en vridknapp.<br \/>\nDen l\u00f6stagbara pulverbeh\u00e5llaren g\u00f6r det enkelt att ta ut det malda kaffet och den l\u00f6stagbara malskivan underl\u00e4ttar reng\u00f6ringen.<\/p>\n<p>Stilren h\u00f6gblankt plasth\u00f6lje med detaljer i rostfritt st\u00e5l<br \/>\nTyst drift<br \/>\n2 h\u00f6gkvalitativa malskivor av st\u00e5l<br \/>\nIndividuell justering av malningsgraden \u2013 fr\u00e5n grovt till fint<br \/>\nVridknapp f\u00f6r 2 \u2013 12 doser kaffe<br \/>\nTransparent b\u00f6nbeh\u00e5llare med lock, kapacitet: 250 g<br \/>\nL\u00f6stagbar pulverbeh\u00e5llare<br \/>\nOn-off tryckknapp<br \/>\nL\u00e4tt att reng\u00f6ra, l\u00f6stagbar malskiva<br \/>\nEnkel och s\u00e4ker hantering<br \/>\nReng\u00f6ringsborste medf\u00f6ljer<\/p>\n","protected":false},"excerpt":{"rendered":"<p>Rommelsbacher EKM 200 kaffekvarn \u00e4r ett blickf\u00e5ng i varje k\u00f6k. Kaffeb\u00f6nbeh\u00e5llaren med lock beh\u00e5ller b\u00f6nornas arom. Den robusta kvarnen har tv\u00e5 h\u00f6gkvalitativa malskivor som maler kaffeb\u00f6norna varsamt tills den inst\u00e4llda malningsgraden uppn\u00e5s. Malningsgraden kan st\u00e4llas in individuellt fr\u00e5n grovt till fint. \u00d6nskad kaffepulverm\u00e4ngd (2 \u2013 12 koppar) v\u00e4ljs med en vridknapp. Den l\u00f6stagbara pulverbeh\u00e5llaren g\u00f6r [&hellip;]<\/p>\n","protected":false},"featured_media":122032,"comment_status":"open","ping_status":"closed","template":"","meta":{"_acf_changed":false,"_relevanssi_hide_post":"","_relevanssi_hide_content":"","_relevanssi_pin_for_all":"","_relevanssi_pin_keywords":"","_relevanssi_unpin_keywords":"","_relevanssi_related_keywords":"","_relevanssi_related_include_ids":"","_relevanssi_related_exclude_ids":"","_relevanssi_related_no_append":"","_relevanssi_related_not_related":"","_relevanssi_related_posts":"","_relevanssi_noindex_reason":""},"pwb-brand":[37500,37696],"product_brand":[],"product_cat":[37012,37035],"product_tag":[],"class_list":{"0":"post-121702","1":"product","2":"type-product","3":"status-publish","4":"has-post-thumbnail","6":"pwb-brand-rommelsbacher","7":"pwb-brand-rommelsbacher-sv","8":"product_cat-keittiokoneet","9":"product_cat-koksmaskiner","11":"first","12":"instock","13":"taxable","14":"shipping-taxable","15":"purchasable","16":"product-type-simple"},"acf":[],"yoast_head":"<!-- This site is optimized with the Yoast SEO plugin v27.5 - https:\/\/yoast.com\/product\/yoast-seo-wordpress\/ -->\n<title>Kraffekvarn EKM 200 - Oy Noortrade Ab<\/title>\n<meta name=\"robots\" content=\"index, follow, max-snippet:-1, max-image-preview:large, max-video-preview:-1\" \/>\n<link rel=\"canonical\" href=\"https:\/\/shop.noor.fi\/produkt\/kahvimylly-ekm-200\/\" \/>\n<meta property=\"og:locale\" content=\"sv_SE\" \/>\n<meta property=\"og:type\" content=\"article\" \/>\n<meta property=\"og:title\" content=\"Kraffekvarn EKM 200 - Oy Noortrade Ab\" \/>\n<meta property=\"og:description\" content=\"Rommelsbacher EKM 200 kaffekvarn \u00e4r ett blickf\u00e5ng i varje k\u00f6k. Kaffeb\u00f6nbeh\u00e5llaren med lock beh\u00e5ller b\u00f6nornas arom. Den robusta kvarnen har tv\u00e5 h\u00f6gkvalitativa malskivor som maler kaffeb\u00f6norna varsamt tills den inst\u00e4llda malningsgraden uppn\u00e5s. Malningsgraden kan st\u00e4llas in individuellt fr\u00e5n grovt till fint. \u00d6nskad kaffepulverm\u00e4ngd (2 \u2013 12 koppar) v\u00e4ljs med en vridknapp. Den l\u00f6stagbara pulverbeh\u00e5llaren g\u00f6r [&hellip;]\" \/>\n<meta property=\"og:url\" content=\"https:\/\/shop.noor.fi\/produkt\/kahvimylly-ekm-200\/\" \/>\n<meta property=\"og:site_name\" content=\"Oy Noortrade Ab\" \/>\n<meta property=\"article:modified_time\" content=\"2026-03-01T17:28:31+00:00\" \/>\n<meta property=\"og:image\" content=\"https:\/\/shop.noor.fi\/wp-content\/uploads\/2024\/11\/4001797863003.jpg\" \/>\n\t<meta property=\"og:image:width\" content=\"1000\" \/>\n\t<meta property=\"og:image:height\" content=\"1000\" \/>\n\t<meta property=\"og:image:type\" content=\"image\/jpeg\" \/>\n<meta name=\"twitter:card\" content=\"summary_large_image\" \/>\n<meta name=\"twitter:label1\" content=\"Ber\u00e4knad l\u00e4stid\" \/>\n\t<meta name=\"twitter:data1\" content=\"1 minut\" \/>\n<script type=\"application\/ld+json\" class=\"yoast-schema-graph\">{\"@context\":\"https:\\\/\\\/schema.org\",\"@graph\":[{\"@type\":\"WebPage\",\"@id\":\"https:\\\/\\\/shop.noor.fi\\\/produkt\\\/kahvimylly-ekm-200\\\/\",\"url\":\"https:\\\/\\\/shop.noor.fi\\\/produkt\\\/kahvimylly-ekm-200\\\/\",\"name\":\"Kraffekvarn EKM 200 - Oy Noortrade Ab\",\"isPartOf\":{\"@id\":\"https:\\\/\\\/shopnoorfi-wp31835.test.cchosting.fi\\\/#website\"},\"primaryImageOfPage\":{\"@id\":\"https:\\\/\\\/shop.noor.fi\\\/produkt\\\/kahvimylly-ekm-200\\\/#primaryimage\"},\"image\":{\"@id\":\"https:\\\/\\\/shop.noor.fi\\\/produkt\\\/kahvimylly-ekm-200\\\/#primaryimage\"},\"thumbnailUrl\":\"https:\\\/\\\/shop.noor.fi\\\/wp-content\\\/uploads\\\/2024\\\/11\\\/4001797863003.jpg\",\"datePublished\":\"2024-11-25T06:35:06+00:00\",\"dateModified\":\"2026-03-01T17:28:31+00:00\",\"breadcrumb\":{\"@id\":\"https:\\\/\\\/shop.noor.fi\\\/produkt\\\/kahvimylly-ekm-200\\\/#breadcrumb\"},\"inLanguage\":\"sv-SE\",\"potentialAction\":[{\"@type\":\"ReadAction\",\"target\":[\"https:\\\/\\\/shop.noor.fi\\\/produkt\\\/kahvimylly-ekm-200\\\/\"]}]},{\"@type\":\"ImageObject\",\"inLanguage\":\"sv-SE\",\"@id\":\"https:\\\/\\\/shop.noor.fi\\\/produkt\\\/kahvimylly-ekm-200\\\/#primaryimage\",\"url\":\"https:\\\/\\\/shop.noor.fi\\\/wp-content\\\/uploads\\\/2024\\\/11\\\/4001797863003.jpg\",\"contentUrl\":\"https:\\\/\\\/shop.noor.fi\\\/wp-content\\\/uploads\\\/2024\\\/11\\\/4001797863003.jpg\",\"width\":1000,\"height\":1000},{\"@type\":\"BreadcrumbList\",\"@id\":\"https:\\\/\\\/shop.noor.fi\\\/produkt\\\/kahvimylly-ekm-200\\\/#breadcrumb\",\"itemListElement\":[{\"@type\":\"ListItem\",\"position\":1,\"name\":\"Etusivu\",\"item\":\"https:\\\/\\\/shop.noor.fi\\\/sv\\\/\"},{\"@type\":\"ListItem\",\"position\":2,\"name\":\"Butik\",\"item\":\"https:\\\/\\\/shopnoorfi-wp31835.test.cchosting.fi\\\/sv\\\/butik\\\/\"},{\"@type\":\"ListItem\",\"position\":3,\"name\":\"Kraffekvarn EKM 200\"}]},{\"@type\":\"WebSite\",\"@id\":\"https:\\\/\\\/shopnoorfi-wp31835.test.cchosting.fi\\\/#website\",\"url\":\"https:\\\/\\\/shopnoorfi-wp31835.test.cchosting.fi\\\/\",\"name\":\"Oy Noortrade Ab\",\"description\":\"Finnish family owned company with over 30 years of professional experience in lighting &amp; interior products import and sales - reliably.\",\"publisher\":{\"@id\":\"https:\\\/\\\/shopnoorfi-wp31835.test.cchosting.fi\\\/#organization\"},\"potentialAction\":[{\"@type\":\"SearchAction\",\"target\":{\"@type\":\"EntryPoint\",\"urlTemplate\":\"https:\\\/\\\/shopnoorfi-wp31835.test.cchosting.fi\\\/?s={search_term_string}\"},\"query-input\":{\"@type\":\"PropertyValueSpecification\",\"valueRequired\":true,\"valueName\":\"search_term_string\"}}],\"inLanguage\":\"sv-SE\"},{\"@type\":\"Organization\",\"@id\":\"https:\\\/\\\/shopnoorfi-wp31835.test.cchosting.fi\\\/#organization\",\"name\":\"Oy Noortrade Ab\",\"url\":\"https:\\\/\\\/shopnoorfi-wp31835.test.cchosting.fi\\\/\",\"logo\":{\"@type\":\"ImageObject\",\"inLanguage\":\"sv-SE\",\"@id\":\"https:\\\/\\\/shopnoorfi-wp31835.test.cchosting.fi\\\/#\\\/schema\\\/logo\\\/image\\\/\",\"url\":\"https:\\\/\\\/shop.noor.fi\\\/wp-content\\\/uploads\\\/2024\\\/01\\\/Oy-Noortrade-Ab-Corbel-VERSAL-bold-BLACK.png\",\"contentUrl\":\"https:\\\/\\\/shop.noor.fi\\\/wp-content\\\/uploads\\\/2024\\\/01\\\/Oy-Noortrade-Ab-Corbel-VERSAL-bold-BLACK.png\",\"width\":721,\"height\":177,\"caption\":\"Oy Noortrade Ab\"},\"image\":{\"@id\":\"https:\\\/\\\/shopnoorfi-wp31835.test.cchosting.fi\\\/#\\\/schema\\\/logo\\\/image\\\/\"}}]}<\/script>\n<!-- \/ Yoast SEO plugin. -->","yoast_head_json":{"title":"Kraffekvarn EKM 200 - Oy Noortrade Ab","robots":{"index":"index","follow":"follow","max-snippet":"max-snippet:-1","max-image-preview":"max-image-preview:large","max-video-preview":"max-video-preview:-1"},"canonical":"https:\/\/shop.noor.fi\/produkt\/kahvimylly-ekm-200\/","og_locale":"sv_SE","og_type":"article","og_title":"Kraffekvarn EKM 200 - Oy Noortrade Ab","og_description":"Rommelsbacher EKM 200 kaffekvarn \u00e4r ett blickf\u00e5ng i varje k\u00f6k. Kaffeb\u00f6nbeh\u00e5llaren med lock beh\u00e5ller b\u00f6nornas arom. Den robusta kvarnen har tv\u00e5 h\u00f6gkvalitativa malskivor som maler kaffeb\u00f6norna varsamt tills den inst\u00e4llda malningsgraden uppn\u00e5s. Malningsgraden kan st\u00e4llas in individuellt fr\u00e5n grovt till fint. \u00d6nskad kaffepulverm\u00e4ngd (2 \u2013 12 koppar) v\u00e4ljs med en vridknapp. Den l\u00f6stagbara pulverbeh\u00e5llaren g\u00f6r [&hellip;]","og_url":"https:\/\/shop.noor.fi\/produkt\/kahvimylly-ekm-200\/","og_site_name":"Oy Noortrade Ab","article_modified_time":"2026-03-01T17:28:31+00:00","og_image":[{"width":1000,"height":1000,"url":"https:\/\/shop.noor.fi\/wp-content\/uploads\/2024\/11\/4001797863003.jpg","type":"image\/jpeg"}],"twitter_card":"summary_large_image","twitter_misc":{"Ber\u00e4knad l\u00e4stid":"1 minut"},"schema":{"@context":"https:\/\/schema.org","@graph":[{"@type":"WebPage","@id":"https:\/\/shop.noor.fi\/produkt\/kahvimylly-ekm-200\/","url":"https:\/\/shop.noor.fi\/produkt\/kahvimylly-ekm-200\/","name":"Kraffekvarn EKM 200 - Oy Noortrade Ab","isPartOf":{"@id":"https:\/\/shopnoorfi-wp31835.test.cchosting.fi\/#website"},"primaryImageOfPage":{"@id":"https:\/\/shop.noor.fi\/produkt\/kahvimylly-ekm-200\/#primaryimage"},"image":{"@id":"https:\/\/shop.noor.fi\/produkt\/kahvimylly-ekm-200\/#primaryimage"},"thumbnailUrl":"https:\/\/shop.noor.fi\/wp-content\/uploads\/2024\/11\/4001797863003.jpg","datePublished":"2024-11-25T06:35:06+00:00","dateModified":"2026-03-01T17:28:31+00:00","breadcrumb":{"@id":"https:\/\/shop.noor.fi\/produkt\/kahvimylly-ekm-200\/#breadcrumb"},"inLanguage":"sv-SE","potentialAction":[{"@type":"ReadAction","target":["https:\/\/shop.noor.fi\/produkt\/kahvimylly-ekm-200\/"]}]},{"@type":"ImageObject","inLanguage":"sv-SE","@id":"https:\/\/shop.noor.fi\/produkt\/kahvimylly-ekm-200\/#primaryimage","url":"https:\/\/shop.noor.fi\/wp-content\/uploads\/2024\/11\/4001797863003.jpg","contentUrl":"https:\/\/shop.noor.fi\/wp-content\/uploads\/2024\/11\/4001797863003.jpg","width":1000,"height":1000},{"@type":"BreadcrumbList","@id":"https:\/\/shop.noor.fi\/produkt\/kahvimylly-ekm-200\/#breadcrumb","itemListElement":[{"@type":"ListItem","position":1,"name":"Etusivu","item":"https:\/\/shop.noor.fi\/sv\/"},{"@type":"ListItem","position":2,"name":"Butik","item":"https:\/\/shopnoorfi-wp31835.test.cchosting.fi\/sv\/butik\/"},{"@type":"ListItem","position":3,"name":"Kraffekvarn EKM 200"}]},{"@type":"WebSite","@id":"https:\/\/shopnoorfi-wp31835.test.cchosting.fi\/#website","url":"https:\/\/shopnoorfi-wp31835.test.cchosting.fi\/","name":"Oy Noortrade Ab","description":"Finnish family owned company with over 30 years of professional experience in lighting &amp; interior products import and sales - reliably.","publisher":{"@id":"https:\/\/shopnoorfi-wp31835.test.cchosting.fi\/#organization"},"potentialAction":[{"@type":"SearchAction","target":{"@type":"EntryPoint","urlTemplate":"https:\/\/shopnoorfi-wp31835.test.cchosting.fi\/?s={search_term_string}"},"query-input":{"@type":"PropertyValueSpecification","valueRequired":true,"valueName":"search_term_string"}}],"inLanguage":"sv-SE"},{"@type":"Organization","@id":"https:\/\/shopnoorfi-wp31835.test.cchosting.fi\/#organization","name":"Oy Noortrade Ab","url":"https:\/\/shopnoorfi-wp31835.test.cchosting.fi\/","logo":{"@type":"ImageObject","inLanguage":"sv-SE","@id":"https:\/\/shopnoorfi-wp31835.test.cchosting.fi\/#\/schema\/logo\/image\/","url":"https:\/\/shop.noor.fi\/wp-content\/uploads\/2024\/01\/Oy-Noortrade-Ab-Corbel-VERSAL-bold-BLACK.png","contentUrl":"https:\/\/shop.noor.fi\/wp-content\/uploads\/2024\/01\/Oy-Noortrade-Ab-Corbel-VERSAL-bold-BLACK.png","width":721,"height":177,"caption":"Oy Noortrade Ab"},"image":{"@id":"https:\/\/shopnoorfi-wp31835.test.cchosting.fi\/#\/schema\/logo\/image\/"}}]}},"brands":[{"id":37500,"name":"Rommelsbacher","slug":"rommelsbacher"},{"id":37696,"name":"Rommelsbacher","slug":"rommelsbacher-sv"}],"_links":{"self":[{"href":"https:\/\/shop.noor.fi\/sv\/wp-json\/wp\/v2\/product\/121702","targetHints":{"allow":["GET"]}}],"collection":[{"href":"https:\/\/shop.noor.fi\/sv\/wp-json\/wp\/v2\/product"}],"about":[{"href":"https:\/\/shop.noor.fi\/sv\/wp-json\/wp\/v2\/types\/product"}],"replies":[{"embeddable":true,"href":"https:\/\/shop.noor.fi\/sv\/wp-json\/wp\/v2\/comments?post=121702"}],"wp:featuredmedia":[{"embeddable":true,"href":"https:\/\/shop.noor.fi\/sv\/wp-json\/wp\/v2\/media\/122032"}],"wp:attachment":[{"href":"https:\/\/shop.noor.fi\/sv\/wp-json\/wp\/v2\/media?parent=121702"}],"wp:term":[{"taxonomy":"pwb-brand","embeddable":true,"href":"https:\/\/shop.noor.fi\/sv\/wp-json\/wp\/v2\/pwb-brand?post=121702"},{"taxonomy":"product_brand","embeddable":true,"href":"https:\/\/shop.noor.fi\/sv\/wp-json\/wp\/v2\/product_brand?post=121702"},{"taxonomy":"product_cat","embeddable":true,"href":"https:\/\/shop.noor.fi\/sv\/wp-json\/wp\/v2\/product_cat?post=121702"},{"taxonomy":"product_tag","embeddable":true,"href":"https:\/\/shop.noor.fi\/sv\/wp-json\/wp\/v2\/product_tag?post=121702"}],"curies":[{"name":"wp","href":"https:\/\/api.w.org\/{rel}","templated":true}]}}