{"id":121700,"date":"2024-11-25T08:34:58","date_gmt":"2024-11-25T06:34:58","guid":{"rendered":"https:\/\/shop.noor.fi\/product\/spiralskarare-egs-80\/"},"modified":"2026-02-27T09:21:35","modified_gmt":"2026-02-27T07:21:35","slug":"spiralskarare-egs-80","status":"publish","type":"product","link":"https:\/\/shop.noor.fi\/sv\/produkt\/spiralskarare-egs-80\/","title":{"rendered":"Spiralsk\u00e4rare EGS 80"},"content":{"rendered":"<p>H\u00e4lsosam matlagning \u00e4r en trend d\u00e4r nya, alternativa s\u00e4tt att tillaga mat f\u00e5r \u00f6kad uppm\u00e4rksamhet. Den elektriska spiralsk\u00e4raren EGS 80 fr\u00e5n Rommelsbacher \u00e4r en perfekt apparat f\u00f6r alla som vill \u00e4ta l\u00e5gkolhydratkost eller bara vill ha en h\u00e4lsosammare kost med fler gr\u00f6nsaker. Apparaten l\u00e4mpar sig \u00e4ven f\u00f6r personer som l\u00e4ngtar efter mer variation i det vegetariska eller veganska k\u00f6ket, eller f\u00f6r\u00e4ldrar som vill g\u00f6ra frukt och gr\u00f6nsaker mer attraktiva f\u00f6r sina barn. Och alla som gillar snyggt arrangerade r\u00e4tter eller vill imponera p\u00e5 sina g\u00e4ster kommer att \u00e4lska de olika m\u00f6jligheter som de olika bladseten ger.<br \/>\nDe fem utbytbara bladen sk\u00e4r &#8221;gr\u00f6nsaksnudlar&#8221; i olika pastaformer (tagliatelle, linguine, spaghetti), eller spiraler, vilket m\u00f6jligg\u00f6r en h\u00e4lsosam kombination av pasta och gr\u00f6nsaker. Tack vare den extra stora uppsamlingsbeh\u00e5llaren \u00e4r det m\u00f6jligt att till och med bearbeta stora m\u00e4ngder snabbt och tillf\u00f6rlitligt. Enhetens<br \/>\ns\u00e4kerhetsfunktioner g\u00f6r hanteringen s\u00e4ker och bekv\u00e4m. Reng\u00f6ringen \u00e4r ocks\u00e5 mycket enkel och snabb: alla l\u00f6stagbara delar t\u00e5l diskmaskin.<\/p>\n<p>Modern design \u2013 h\u00f6lje i l\u00e4ttsk\u00f6tt rostfritt st\u00e5l<br \/>\nExtra stor 2,5 liters uppsamlingsbeh\u00e5llare, BPA-fri<br \/>\n5 sk\u00e4rblad f\u00f6r olika former och storlekar:<br \/>\n    &#8211; tagliatelle (8,5 mm), linguine (6 mm), spaghetti (3 mm)<br \/>\n    &#8211; r\u00e4fflade eller sl\u00e4ta bandspiraler (upp till 30 mm)<br \/>\nStor fyllnads\u00f6ppning (\u00d8 6 cm)<br \/>\nPusher \u00f6kar anv\u00e4ndningss\u00e4kerhet<br \/>\nStr\u00f6mbrytare med inbyggd kontrollampa<br \/>\nDubbelt s\u00e4kerhetssystem mot oavsiktlig aktivering<br \/>\n4 stora, anti-glid gummif\u00f6tter<br \/>\nHelt demonterbar \u2013 alla l\u00f6stagbara delar t\u00e5l diskmaskin<br \/>\nPraktisk, platsbesparande f\u00f6rvaring av sk\u00e4rbladen och sladden inuti uppsamlingsbeh\u00e5llaren<br \/>\nReng\u00f6ringsborste medf\u00f6ljer<\/p>\n","protected":false},"excerpt":{"rendered":"<p>H\u00e4lsosam matlagning \u00e4r en trend d\u00e4r nya, alternativa s\u00e4tt att tillaga mat f\u00e5r \u00f6kad uppm\u00e4rksamhet. Den elektriska spiralsk\u00e4raren EGS 80 fr\u00e5n Rommelsbacher \u00e4r en perfekt apparat f\u00f6r alla som vill \u00e4ta l\u00e5gkolhydratkost eller bara vill ha en h\u00e4lsosammare kost med fler gr\u00f6nsaker. Apparaten l\u00e4mpar sig \u00e4ven f\u00f6r personer som l\u00e4ngtar efter mer variation i det [&hellip;]<\/p>\n","protected":false},"featured_media":122052,"comment_status":"open","ping_status":"closed","template":"","meta":{"_acf_changed":false,"_relevanssi_hide_post":"","_relevanssi_hide_content":"","_relevanssi_pin_for_all":"","_relevanssi_pin_keywords":"","_relevanssi_unpin_keywords":"","_relevanssi_related_keywords":"","_relevanssi_related_include_ids":"","_relevanssi_related_exclude_ids":"","_relevanssi_related_no_append":"","_relevanssi_related_not_related":"","_relevanssi_related_posts":"","_relevanssi_noindex_reason":""},"pwb-brand":[37500,37696],"product_brand":[],"product_cat":[37012,37035],"product_tag":[],"class_list":{"0":"post-121700","1":"product","2":"type-product","3":"status-publish","4":"has-post-thumbnail","6":"pwb-brand-rommelsbacher","7":"pwb-brand-rommelsbacher-sv","8":"product_cat-keittiokoneet","9":"product_cat-koksmaskiner","11":"first","12":"instock","13":"taxable","14":"shipping-taxable","15":"purchasable","16":"product-type-simple"},"acf":[],"yoast_head":"<!-- This site is optimized with the Yoast SEO plugin v27.5 - https:\/\/yoast.com\/product\/yoast-seo-wordpress\/ -->\n<title>Spiralsk\u00e4rare EGS 80 - Oy Noortrade Ab<\/title>\n<meta name=\"robots\" content=\"index, follow, max-snippet:-1, max-image-preview:large, max-video-preview:-1\" \/>\n<link rel=\"canonical\" href=\"https:\/\/shop.noor.fi\/produkt\/spiraalileikkuri-egs-80\/\" \/>\n<meta property=\"og:locale\" content=\"sv_SE\" \/>\n<meta property=\"og:type\" content=\"article\" \/>\n<meta property=\"og:title\" content=\"Spiralsk\u00e4rare EGS 80 - Oy Noortrade Ab\" \/>\n<meta property=\"og:description\" content=\"H\u00e4lsosam matlagning \u00e4r en trend d\u00e4r nya, alternativa s\u00e4tt att tillaga mat f\u00e5r \u00f6kad uppm\u00e4rksamhet. Den elektriska spiralsk\u00e4raren EGS 80 fr\u00e5n Rommelsbacher \u00e4r en perfekt apparat f\u00f6r alla som vill \u00e4ta l\u00e5gkolhydratkost eller bara vill ha en h\u00e4lsosammare kost med fler gr\u00f6nsaker. Apparaten l\u00e4mpar sig \u00e4ven f\u00f6r personer som l\u00e4ngtar efter mer variation i det [&hellip;]\" \/>\n<meta property=\"og:url\" content=\"https:\/\/shop.noor.fi\/produkt\/spiraalileikkuri-egs-80\/\" \/>\n<meta property=\"og:site_name\" content=\"Oy Noortrade Ab\" \/>\n<meta property=\"article:modified_time\" content=\"2026-02-27T07:21:35+00:00\" \/>\n<meta property=\"og:image\" content=\"https:\/\/shop.noor.fi\/wp-content\/uploads\/2024\/11\/4001797854100.jpg\" \/>\n\t<meta property=\"og:image:width\" content=\"1000\" \/>\n\t<meta property=\"og:image:height\" content=\"1000\" \/>\n\t<meta property=\"og:image:type\" content=\"image\/jpeg\" \/>\n<meta name=\"twitter:card\" content=\"summary_large_image\" \/>\n<meta name=\"twitter:label1\" content=\"Ber\u00e4knad l\u00e4stid\" \/>\n\t<meta name=\"twitter:data1\" content=\"2 minuter\" \/>\n<script type=\"application\/ld+json\" class=\"yoast-schema-graph\">{\"@context\":\"https:\\\/\\\/schema.org\",\"@graph\":[{\"@type\":\"WebPage\",\"@id\":\"https:\\\/\\\/shop.noor.fi\\\/produkt\\\/spiraalileikkuri-egs-80\\\/\",\"url\":\"https:\\\/\\\/shop.noor.fi\\\/produkt\\\/spiraalileikkuri-egs-80\\\/\",\"name\":\"Spiralsk\u00e4rare EGS 80 - Oy Noortrade Ab\",\"isPartOf\":{\"@id\":\"https:\\\/\\\/shopnoorfi-wp31835.test.cchosting.fi\\\/#website\"},\"primaryImageOfPage\":{\"@id\":\"https:\\\/\\\/shop.noor.fi\\\/produkt\\\/spiraalileikkuri-egs-80\\\/#primaryimage\"},\"image\":{\"@id\":\"https:\\\/\\\/shop.noor.fi\\\/produkt\\\/spiraalileikkuri-egs-80\\\/#primaryimage\"},\"thumbnailUrl\":\"https:\\\/\\\/shop.noor.fi\\\/wp-content\\\/uploads\\\/2024\\\/11\\\/4001797854100.jpg\",\"datePublished\":\"2024-11-25T06:34:58+00:00\",\"dateModified\":\"2026-02-27T07:21:35+00:00\",\"breadcrumb\":{\"@id\":\"https:\\\/\\\/shop.noor.fi\\\/produkt\\\/spiraalileikkuri-egs-80\\\/#breadcrumb\"},\"inLanguage\":\"sv-SE\",\"potentialAction\":[{\"@type\":\"ReadAction\",\"target\":[\"https:\\\/\\\/shop.noor.fi\\\/produkt\\\/spiraalileikkuri-egs-80\\\/\"]}]},{\"@type\":\"ImageObject\",\"inLanguage\":\"sv-SE\",\"@id\":\"https:\\\/\\\/shop.noor.fi\\\/produkt\\\/spiraalileikkuri-egs-80\\\/#primaryimage\",\"url\":\"https:\\\/\\\/shop.noor.fi\\\/wp-content\\\/uploads\\\/2024\\\/11\\\/4001797854100.jpg\",\"contentUrl\":\"https:\\\/\\\/shop.noor.fi\\\/wp-content\\\/uploads\\\/2024\\\/11\\\/4001797854100.jpg\",\"width\":1000,\"height\":1000},{\"@type\":\"BreadcrumbList\",\"@id\":\"https:\\\/\\\/shop.noor.fi\\\/produkt\\\/spiraalileikkuri-egs-80\\\/#breadcrumb\",\"itemListElement\":[{\"@type\":\"ListItem\",\"position\":1,\"name\":\"Etusivu\",\"item\":\"https:\\\/\\\/shop.noor.fi\\\/sv\\\/\"},{\"@type\":\"ListItem\",\"position\":2,\"name\":\"Butik\",\"item\":\"https:\\\/\\\/shopnoorfi-wp31835.test.cchosting.fi\\\/sv\\\/butik\\\/\"},{\"@type\":\"ListItem\",\"position\":3,\"name\":\"Spiralsk\u00e4rare EGS 80\"}]},{\"@type\":\"WebSite\",\"@id\":\"https:\\\/\\\/shopnoorfi-wp31835.test.cchosting.fi\\\/#website\",\"url\":\"https:\\\/\\\/shopnoorfi-wp31835.test.cchosting.fi\\\/\",\"name\":\"Oy Noortrade Ab\",\"description\":\"Finnish family owned company with over 30 years of professional experience in lighting &amp; interior products import and sales - reliably.\",\"publisher\":{\"@id\":\"https:\\\/\\\/shopnoorfi-wp31835.test.cchosting.fi\\\/#organization\"},\"potentialAction\":[{\"@type\":\"SearchAction\",\"target\":{\"@type\":\"EntryPoint\",\"urlTemplate\":\"https:\\\/\\\/shopnoorfi-wp31835.test.cchosting.fi\\\/?s={search_term_string}\"},\"query-input\":{\"@type\":\"PropertyValueSpecification\",\"valueRequired\":true,\"valueName\":\"search_term_string\"}}],\"inLanguage\":\"sv-SE\"},{\"@type\":\"Organization\",\"@id\":\"https:\\\/\\\/shopnoorfi-wp31835.test.cchosting.fi\\\/#organization\",\"name\":\"Oy Noortrade Ab\",\"url\":\"https:\\\/\\\/shopnoorfi-wp31835.test.cchosting.fi\\\/\",\"logo\":{\"@type\":\"ImageObject\",\"inLanguage\":\"sv-SE\",\"@id\":\"https:\\\/\\\/shopnoorfi-wp31835.test.cchosting.fi\\\/#\\\/schema\\\/logo\\\/image\\\/\",\"url\":\"https:\\\/\\\/shop.noor.fi\\\/wp-content\\\/uploads\\\/2024\\\/01\\\/Oy-Noortrade-Ab-Corbel-VERSAL-bold-BLACK.png\",\"contentUrl\":\"https:\\\/\\\/shop.noor.fi\\\/wp-content\\\/uploads\\\/2024\\\/01\\\/Oy-Noortrade-Ab-Corbel-VERSAL-bold-BLACK.png\",\"width\":721,\"height\":177,\"caption\":\"Oy Noortrade Ab\"},\"image\":{\"@id\":\"https:\\\/\\\/shopnoorfi-wp31835.test.cchosting.fi\\\/#\\\/schema\\\/logo\\\/image\\\/\"}}]}<\/script>\n<!-- \/ Yoast SEO plugin. -->","yoast_head_json":{"title":"Spiralsk\u00e4rare EGS 80 - Oy Noortrade Ab","robots":{"index":"index","follow":"follow","max-snippet":"max-snippet:-1","max-image-preview":"max-image-preview:large","max-video-preview":"max-video-preview:-1"},"canonical":"https:\/\/shop.noor.fi\/produkt\/spiraalileikkuri-egs-80\/","og_locale":"sv_SE","og_type":"article","og_title":"Spiralsk\u00e4rare EGS 80 - Oy Noortrade Ab","og_description":"H\u00e4lsosam matlagning \u00e4r en trend d\u00e4r nya, alternativa s\u00e4tt att tillaga mat f\u00e5r \u00f6kad uppm\u00e4rksamhet. Den elektriska spiralsk\u00e4raren EGS 80 fr\u00e5n Rommelsbacher \u00e4r en perfekt apparat f\u00f6r alla som vill \u00e4ta l\u00e5gkolhydratkost eller bara vill ha en h\u00e4lsosammare kost med fler gr\u00f6nsaker. Apparaten l\u00e4mpar sig \u00e4ven f\u00f6r personer som l\u00e4ngtar efter mer variation i det [&hellip;]","og_url":"https:\/\/shop.noor.fi\/produkt\/spiraalileikkuri-egs-80\/","og_site_name":"Oy Noortrade Ab","article_modified_time":"2026-02-27T07:21:35+00:00","og_image":[{"width":1000,"height":1000,"url":"https:\/\/shop.noor.fi\/wp-content\/uploads\/2024\/11\/4001797854100.jpg","type":"image\/jpeg"}],"twitter_card":"summary_large_image","twitter_misc":{"Ber\u00e4knad l\u00e4stid":"2 minuter"},"schema":{"@context":"https:\/\/schema.org","@graph":[{"@type":"WebPage","@id":"https:\/\/shop.noor.fi\/produkt\/spiraalileikkuri-egs-80\/","url":"https:\/\/shop.noor.fi\/produkt\/spiraalileikkuri-egs-80\/","name":"Spiralsk\u00e4rare EGS 80 - Oy Noortrade Ab","isPartOf":{"@id":"https:\/\/shopnoorfi-wp31835.test.cchosting.fi\/#website"},"primaryImageOfPage":{"@id":"https:\/\/shop.noor.fi\/produkt\/spiraalileikkuri-egs-80\/#primaryimage"},"image":{"@id":"https:\/\/shop.noor.fi\/produkt\/spiraalileikkuri-egs-80\/#primaryimage"},"thumbnailUrl":"https:\/\/shop.noor.fi\/wp-content\/uploads\/2024\/11\/4001797854100.jpg","datePublished":"2024-11-25T06:34:58+00:00","dateModified":"2026-02-27T07:21:35+00:00","breadcrumb":{"@id":"https:\/\/shop.noor.fi\/produkt\/spiraalileikkuri-egs-80\/#breadcrumb"},"inLanguage":"sv-SE","potentialAction":[{"@type":"ReadAction","target":["https:\/\/shop.noor.fi\/produkt\/spiraalileikkuri-egs-80\/"]}]},{"@type":"ImageObject","inLanguage":"sv-SE","@id":"https:\/\/shop.noor.fi\/produkt\/spiraalileikkuri-egs-80\/#primaryimage","url":"https:\/\/shop.noor.fi\/wp-content\/uploads\/2024\/11\/4001797854100.jpg","contentUrl":"https:\/\/shop.noor.fi\/wp-content\/uploads\/2024\/11\/4001797854100.jpg","width":1000,"height":1000},{"@type":"BreadcrumbList","@id":"https:\/\/shop.noor.fi\/produkt\/spiraalileikkuri-egs-80\/#breadcrumb","itemListElement":[{"@type":"ListItem","position":1,"name":"Etusivu","item":"https:\/\/shop.noor.fi\/sv\/"},{"@type":"ListItem","position":2,"name":"Butik","item":"https:\/\/shopnoorfi-wp31835.test.cchosting.fi\/sv\/butik\/"},{"@type":"ListItem","position":3,"name":"Spiralsk\u00e4rare EGS 80"}]},{"@type":"WebSite","@id":"https:\/\/shopnoorfi-wp31835.test.cchosting.fi\/#website","url":"https:\/\/shopnoorfi-wp31835.test.cchosting.fi\/","name":"Oy Noortrade Ab","description":"Finnish family owned company with over 30 years of professional experience in lighting &amp; interior products import and sales - reliably.","publisher":{"@id":"https:\/\/shopnoorfi-wp31835.test.cchosting.fi\/#organization"},"potentialAction":[{"@type":"SearchAction","target":{"@type":"EntryPoint","urlTemplate":"https:\/\/shopnoorfi-wp31835.test.cchosting.fi\/?s={search_term_string}"},"query-input":{"@type":"PropertyValueSpecification","valueRequired":true,"valueName":"search_term_string"}}],"inLanguage":"sv-SE"},{"@type":"Organization","@id":"https:\/\/shopnoorfi-wp31835.test.cchosting.fi\/#organization","name":"Oy Noortrade Ab","url":"https:\/\/shopnoorfi-wp31835.test.cchosting.fi\/","logo":{"@type":"ImageObject","inLanguage":"sv-SE","@id":"https:\/\/shopnoorfi-wp31835.test.cchosting.fi\/#\/schema\/logo\/image\/","url":"https:\/\/shop.noor.fi\/wp-content\/uploads\/2024\/01\/Oy-Noortrade-Ab-Corbel-VERSAL-bold-BLACK.png","contentUrl":"https:\/\/shop.noor.fi\/wp-content\/uploads\/2024\/01\/Oy-Noortrade-Ab-Corbel-VERSAL-bold-BLACK.png","width":721,"height":177,"caption":"Oy Noortrade Ab"},"image":{"@id":"https:\/\/shopnoorfi-wp31835.test.cchosting.fi\/#\/schema\/logo\/image\/"}}]}},"brands":[{"id":37500,"name":"Rommelsbacher","slug":"rommelsbacher"},{"id":37696,"name":"Rommelsbacher","slug":"rommelsbacher-sv"}],"_links":{"self":[{"href":"https:\/\/shop.noor.fi\/sv\/wp-json\/wp\/v2\/product\/121700","targetHints":{"allow":["GET"]}}],"collection":[{"href":"https:\/\/shop.noor.fi\/sv\/wp-json\/wp\/v2\/product"}],"about":[{"href":"https:\/\/shop.noor.fi\/sv\/wp-json\/wp\/v2\/types\/product"}],"replies":[{"embeddable":true,"href":"https:\/\/shop.noor.fi\/sv\/wp-json\/wp\/v2\/comments?post=121700"}],"wp:featuredmedia":[{"embeddable":true,"href":"https:\/\/shop.noor.fi\/sv\/wp-json\/wp\/v2\/media\/122052"}],"wp:attachment":[{"href":"https:\/\/shop.noor.fi\/sv\/wp-json\/wp\/v2\/media?parent=121700"}],"wp:term":[{"taxonomy":"pwb-brand","embeddable":true,"href":"https:\/\/shop.noor.fi\/sv\/wp-json\/wp\/v2\/pwb-brand?post=121700"},{"taxonomy":"product_brand","embeddable":true,"href":"https:\/\/shop.noor.fi\/sv\/wp-json\/wp\/v2\/product_brand?post=121700"},{"taxonomy":"product_cat","embeddable":true,"href":"https:\/\/shop.noor.fi\/sv\/wp-json\/wp\/v2\/product_cat?post=121700"},{"taxonomy":"product_tag","embeddable":true,"href":"https:\/\/shop.noor.fi\/sv\/wp-json\/wp\/v2\/product_tag?post=121700"}],"curies":[{"name":"wp","href":"https:\/\/api.w.org\/{rel}","templated":true}]}}