{"id":121698,"date":"2024-11-25T08:28:57","date_gmt":"2024-11-25T06:28:57","guid":{"rendered":"https:\/\/shop.noor.fi\/product\/krydd-och-kaffekvarn-egk-200\/"},"modified":"2026-02-27T09:19:36","modified_gmt":"2026-02-27T07:19:36","slug":"krydd-och-kaffekvarn-egk-200","status":"publish","type":"product","link":"https:\/\/shop.noor.fi\/sv\/produkt\/krydd-och-kaffekvarn-egk-200\/","title":{"rendered":"Krydd- och kaffekvarn EGK 200"},"content":{"rendered":"<p>Rommelsbacher EGK 200 \u00e4r en stilren krydd- och kaffekvarn som \u00e4r perfekt f\u00f6r att mala och krossa kaffeb\u00f6nor, socker, kryddor, \u00f6rter, n\u00f6tter, spannm\u00e5l med mera. De tv\u00e5 olika beh\u00e5llarna till\u00e5ter m\u00e5ngsidig anv\u00e4ndning: i kvarnkoppen kan du mala kaffeb\u00f6nor och\/eller torkade kryddor som peppar, koriander, kummin och till och med socker och salt. Universalkoppen \u00e4r perfekt f\u00f6r att hacka f\u00e4rska \u00f6rter eller tillaga en liten portion f\u00e4rsk pesto. B\u00e5da utbytbara beh\u00e5llarna \u00e4r gjorda av robust rostfritt st\u00e5l och \u00e4r d\u00e4rf\u00f6r mycket l\u00e4tta att reng\u00f6ra. Kvarnen sl\u00e5s p\u00e5\/av genom att trycka p\u00e5 locket, vilket g\u00f6r hanteringen superenkel.<br \/>\nEn snygg apparat \u2013 perfekt f\u00f6r det kr\u00e4vande k\u00f6ket.<\/p>\n<p>Effektiv motor, tyst i drift<br \/>\nL\u00e4ttsk\u00f6tt h\u00f6lje av borstat rostfritt st\u00e5l<br \/>\nRobust bladenhet<br \/>\nMalningsgrad individuellt valbar via malningstiden<br \/>\nSl\u00e5 p\u00e5\/av genom att trycka p\u00e5 locket<br \/>\nS\u00e4ker och enkel hantering<br \/>\nL\u00f6stagbara delar som t\u00e5l diskmaskin<br \/>\nGenomskinligt avtagbart lock<br \/>\nInklusive<br \/>\n* 2 utbytbara beh\u00e5llare av rostfritt st\u00e5l, kapacitet 70 g:<br \/>\n &#8211; kvarnkopp med 2-vingat specialblad av rostfritt st\u00e5l<br \/>\n &#8211; universalkopp med 4-vingat specialblad av rostfritt st\u00e5l<br \/>\n* kaffeskopa med reng\u00f6ringsborste<\/p>\n","protected":false},"excerpt":{"rendered":"<p>Rommelsbacher EGK 200 \u00e4r en stilren krydd- och kaffekvarn som \u00e4r perfekt f\u00f6r att mala och krossa kaffeb\u00f6nor, socker, kryddor, \u00f6rter, n\u00f6tter, spannm\u00e5l med mera. De tv\u00e5 olika beh\u00e5llarna till\u00e5ter m\u00e5ngsidig anv\u00e4ndning: i kvarnkoppen kan du mala kaffeb\u00f6nor och\/eller torkade kryddor som peppar, koriander, kummin och till och med socker och salt. Universalkoppen \u00e4r perfekt [&hellip;]<\/p>\n","protected":false},"featured_media":122068,"comment_status":"open","ping_status":"closed","template":"","meta":{"_acf_changed":false,"_relevanssi_hide_post":"","_relevanssi_hide_content":"","_relevanssi_pin_for_all":"","_relevanssi_pin_keywords":"","_relevanssi_unpin_keywords":"","_relevanssi_related_keywords":"","_relevanssi_related_include_ids":"","_relevanssi_related_exclude_ids":"","_relevanssi_related_no_append":"","_relevanssi_related_not_related":"","_relevanssi_related_posts":"","_relevanssi_noindex_reason":""},"pwb-brand":[37696,37500],"product_brand":[],"product_cat":[37012,37035],"product_tag":[],"class_list":{"0":"post-121698","1":"product","2":"type-product","3":"status-publish","4":"has-post-thumbnail","6":"pwb-brand-rommelsbacher-sv","7":"pwb-brand-rommelsbacher","8":"product_cat-keittiokoneet","9":"product_cat-koksmaskiner","11":"first","12":"instock","13":"taxable","14":"shipping-taxable","15":"purchasable","16":"product-type-simple"},"acf":[],"yoast_head":"<!-- This site is optimized with the Yoast SEO plugin v27.5 - https:\/\/yoast.com\/product\/yoast-seo-wordpress\/ -->\n<title>Krydd- och kaffekvarn EGK 200 - Oy Noortrade Ab<\/title>\n<meta name=\"robots\" content=\"index, follow, max-snippet:-1, max-image-preview:large, max-video-preview:-1\" \/>\n<link rel=\"canonical\" href=\"https:\/\/shop.noor.fi\/produkt\/mauste-ja-kahvimylly-egk-200\/\" \/>\n<meta property=\"og:locale\" content=\"sv_SE\" \/>\n<meta property=\"og:type\" content=\"article\" \/>\n<meta property=\"og:title\" content=\"Krydd- och kaffekvarn EGK 200 - Oy Noortrade Ab\" \/>\n<meta property=\"og:description\" content=\"Rommelsbacher EGK 200 \u00e4r en stilren krydd- och kaffekvarn som \u00e4r perfekt f\u00f6r att mala och krossa kaffeb\u00f6nor, socker, kryddor, \u00f6rter, n\u00f6tter, spannm\u00e5l med mera. De tv\u00e5 olika beh\u00e5llarna till\u00e5ter m\u00e5ngsidig anv\u00e4ndning: i kvarnkoppen kan du mala kaffeb\u00f6nor och\/eller torkade kryddor som peppar, koriander, kummin och till och med socker och salt. Universalkoppen \u00e4r perfekt [&hellip;]\" \/>\n<meta property=\"og:url\" content=\"https:\/\/shop.noor.fi\/produkt\/mauste-ja-kahvimylly-egk-200\/\" \/>\n<meta property=\"og:site_name\" content=\"Oy Noortrade Ab\" \/>\n<meta property=\"article:modified_time\" content=\"2026-02-27T07:19:36+00:00\" \/>\n<meta property=\"og:image\" content=\"https:\/\/shop.noor.fi\/wp-content\/uploads\/2024\/11\/4001797865007.jpg\" \/>\n\t<meta property=\"og:image:width\" content=\"1000\" \/>\n\t<meta property=\"og:image:height\" content=\"1000\" \/>\n\t<meta property=\"og:image:type\" content=\"image\/jpeg\" \/>\n<meta name=\"twitter:card\" content=\"summary_large_image\" \/>\n<meta name=\"twitter:label1\" content=\"Ber\u00e4knad l\u00e4stid\" \/>\n\t<meta name=\"twitter:data1\" content=\"2 minuter\" \/>\n<script type=\"application\/ld+json\" class=\"yoast-schema-graph\">{\"@context\":\"https:\\\/\\\/schema.org\",\"@graph\":[{\"@type\":\"WebPage\",\"@id\":\"https:\\\/\\\/shop.noor.fi\\\/produkt\\\/mauste-ja-kahvimylly-egk-200\\\/\",\"url\":\"https:\\\/\\\/shop.noor.fi\\\/produkt\\\/mauste-ja-kahvimylly-egk-200\\\/\",\"name\":\"Krydd- och kaffekvarn EGK 200 - Oy Noortrade Ab\",\"isPartOf\":{\"@id\":\"https:\\\/\\\/shopnoorfi-wp31835.test.cchosting.fi\\\/#website\"},\"primaryImageOfPage\":{\"@id\":\"https:\\\/\\\/shop.noor.fi\\\/produkt\\\/mauste-ja-kahvimylly-egk-200\\\/#primaryimage\"},\"image\":{\"@id\":\"https:\\\/\\\/shop.noor.fi\\\/produkt\\\/mauste-ja-kahvimylly-egk-200\\\/#primaryimage\"},\"thumbnailUrl\":\"https:\\\/\\\/shop.noor.fi\\\/wp-content\\\/uploads\\\/2024\\\/11\\\/4001797865007.jpg\",\"datePublished\":\"2024-11-25T06:28:57+00:00\",\"dateModified\":\"2026-02-27T07:19:36+00:00\",\"breadcrumb\":{\"@id\":\"https:\\\/\\\/shop.noor.fi\\\/produkt\\\/mauste-ja-kahvimylly-egk-200\\\/#breadcrumb\"},\"inLanguage\":\"sv-SE\",\"potentialAction\":[{\"@type\":\"ReadAction\",\"target\":[\"https:\\\/\\\/shop.noor.fi\\\/produkt\\\/mauste-ja-kahvimylly-egk-200\\\/\"]}]},{\"@type\":\"ImageObject\",\"inLanguage\":\"sv-SE\",\"@id\":\"https:\\\/\\\/shop.noor.fi\\\/produkt\\\/mauste-ja-kahvimylly-egk-200\\\/#primaryimage\",\"url\":\"https:\\\/\\\/shop.noor.fi\\\/wp-content\\\/uploads\\\/2024\\\/11\\\/4001797865007.jpg\",\"contentUrl\":\"https:\\\/\\\/shop.noor.fi\\\/wp-content\\\/uploads\\\/2024\\\/11\\\/4001797865007.jpg\",\"width\":1000,\"height\":1000},{\"@type\":\"BreadcrumbList\",\"@id\":\"https:\\\/\\\/shop.noor.fi\\\/produkt\\\/mauste-ja-kahvimylly-egk-200\\\/#breadcrumb\",\"itemListElement\":[{\"@type\":\"ListItem\",\"position\":1,\"name\":\"Etusivu\",\"item\":\"https:\\\/\\\/shop.noor.fi\\\/sv\\\/\"},{\"@type\":\"ListItem\",\"position\":2,\"name\":\"Butik\",\"item\":\"https:\\\/\\\/shopnoorfi-wp31835.test.cchosting.fi\\\/sv\\\/butik\\\/\"},{\"@type\":\"ListItem\",\"position\":3,\"name\":\"Krydd- och kaffekvarn EGK 200\"}]},{\"@type\":\"WebSite\",\"@id\":\"https:\\\/\\\/shopnoorfi-wp31835.test.cchosting.fi\\\/#website\",\"url\":\"https:\\\/\\\/shopnoorfi-wp31835.test.cchosting.fi\\\/\",\"name\":\"Oy Noortrade Ab\",\"description\":\"Finnish family owned company with over 30 years of professional experience in lighting &amp; interior products import and sales - reliably.\",\"publisher\":{\"@id\":\"https:\\\/\\\/shopnoorfi-wp31835.test.cchosting.fi\\\/#organization\"},\"potentialAction\":[{\"@type\":\"SearchAction\",\"target\":{\"@type\":\"EntryPoint\",\"urlTemplate\":\"https:\\\/\\\/shopnoorfi-wp31835.test.cchosting.fi\\\/?s={search_term_string}\"},\"query-input\":{\"@type\":\"PropertyValueSpecification\",\"valueRequired\":true,\"valueName\":\"search_term_string\"}}],\"inLanguage\":\"sv-SE\"},{\"@type\":\"Organization\",\"@id\":\"https:\\\/\\\/shopnoorfi-wp31835.test.cchosting.fi\\\/#organization\",\"name\":\"Oy Noortrade Ab\",\"url\":\"https:\\\/\\\/shopnoorfi-wp31835.test.cchosting.fi\\\/\",\"logo\":{\"@type\":\"ImageObject\",\"inLanguage\":\"sv-SE\",\"@id\":\"https:\\\/\\\/shopnoorfi-wp31835.test.cchosting.fi\\\/#\\\/schema\\\/logo\\\/image\\\/\",\"url\":\"https:\\\/\\\/shop.noor.fi\\\/wp-content\\\/uploads\\\/2024\\\/01\\\/Oy-Noortrade-Ab-Corbel-VERSAL-bold-BLACK.png\",\"contentUrl\":\"https:\\\/\\\/shop.noor.fi\\\/wp-content\\\/uploads\\\/2024\\\/01\\\/Oy-Noortrade-Ab-Corbel-VERSAL-bold-BLACK.png\",\"width\":721,\"height\":177,\"caption\":\"Oy Noortrade Ab\"},\"image\":{\"@id\":\"https:\\\/\\\/shopnoorfi-wp31835.test.cchosting.fi\\\/#\\\/schema\\\/logo\\\/image\\\/\"}}]}<\/script>\n<!-- \/ Yoast SEO plugin. -->","yoast_head_json":{"title":"Krydd- och kaffekvarn EGK 200 - Oy Noortrade Ab","robots":{"index":"index","follow":"follow","max-snippet":"max-snippet:-1","max-image-preview":"max-image-preview:large","max-video-preview":"max-video-preview:-1"},"canonical":"https:\/\/shop.noor.fi\/produkt\/mauste-ja-kahvimylly-egk-200\/","og_locale":"sv_SE","og_type":"article","og_title":"Krydd- och kaffekvarn EGK 200 - Oy Noortrade Ab","og_description":"Rommelsbacher EGK 200 \u00e4r en stilren krydd- och kaffekvarn som \u00e4r perfekt f\u00f6r att mala och krossa kaffeb\u00f6nor, socker, kryddor, \u00f6rter, n\u00f6tter, spannm\u00e5l med mera. De tv\u00e5 olika beh\u00e5llarna till\u00e5ter m\u00e5ngsidig anv\u00e4ndning: i kvarnkoppen kan du mala kaffeb\u00f6nor och\/eller torkade kryddor som peppar, koriander, kummin och till och med socker och salt. Universalkoppen \u00e4r perfekt [&hellip;]","og_url":"https:\/\/shop.noor.fi\/produkt\/mauste-ja-kahvimylly-egk-200\/","og_site_name":"Oy Noortrade Ab","article_modified_time":"2026-02-27T07:19:36+00:00","og_image":[{"width":1000,"height":1000,"url":"https:\/\/shop.noor.fi\/wp-content\/uploads\/2024\/11\/4001797865007.jpg","type":"image\/jpeg"}],"twitter_card":"summary_large_image","twitter_misc":{"Ber\u00e4knad l\u00e4stid":"2 minuter"},"schema":{"@context":"https:\/\/schema.org","@graph":[{"@type":"WebPage","@id":"https:\/\/shop.noor.fi\/produkt\/mauste-ja-kahvimylly-egk-200\/","url":"https:\/\/shop.noor.fi\/produkt\/mauste-ja-kahvimylly-egk-200\/","name":"Krydd- och kaffekvarn EGK 200 - Oy Noortrade Ab","isPartOf":{"@id":"https:\/\/shopnoorfi-wp31835.test.cchosting.fi\/#website"},"primaryImageOfPage":{"@id":"https:\/\/shop.noor.fi\/produkt\/mauste-ja-kahvimylly-egk-200\/#primaryimage"},"image":{"@id":"https:\/\/shop.noor.fi\/produkt\/mauste-ja-kahvimylly-egk-200\/#primaryimage"},"thumbnailUrl":"https:\/\/shop.noor.fi\/wp-content\/uploads\/2024\/11\/4001797865007.jpg","datePublished":"2024-11-25T06:28:57+00:00","dateModified":"2026-02-27T07:19:36+00:00","breadcrumb":{"@id":"https:\/\/shop.noor.fi\/produkt\/mauste-ja-kahvimylly-egk-200\/#breadcrumb"},"inLanguage":"sv-SE","potentialAction":[{"@type":"ReadAction","target":["https:\/\/shop.noor.fi\/produkt\/mauste-ja-kahvimylly-egk-200\/"]}]},{"@type":"ImageObject","inLanguage":"sv-SE","@id":"https:\/\/shop.noor.fi\/produkt\/mauste-ja-kahvimylly-egk-200\/#primaryimage","url":"https:\/\/shop.noor.fi\/wp-content\/uploads\/2024\/11\/4001797865007.jpg","contentUrl":"https:\/\/shop.noor.fi\/wp-content\/uploads\/2024\/11\/4001797865007.jpg","width":1000,"height":1000},{"@type":"BreadcrumbList","@id":"https:\/\/shop.noor.fi\/produkt\/mauste-ja-kahvimylly-egk-200\/#breadcrumb","itemListElement":[{"@type":"ListItem","position":1,"name":"Etusivu","item":"https:\/\/shop.noor.fi\/sv\/"},{"@type":"ListItem","position":2,"name":"Butik","item":"https:\/\/shopnoorfi-wp31835.test.cchosting.fi\/sv\/butik\/"},{"@type":"ListItem","position":3,"name":"Krydd- och kaffekvarn EGK 200"}]},{"@type":"WebSite","@id":"https:\/\/shopnoorfi-wp31835.test.cchosting.fi\/#website","url":"https:\/\/shopnoorfi-wp31835.test.cchosting.fi\/","name":"Oy Noortrade Ab","description":"Finnish family owned company with over 30 years of professional experience in lighting &amp; interior products import and sales - reliably.","publisher":{"@id":"https:\/\/shopnoorfi-wp31835.test.cchosting.fi\/#organization"},"potentialAction":[{"@type":"SearchAction","target":{"@type":"EntryPoint","urlTemplate":"https:\/\/shopnoorfi-wp31835.test.cchosting.fi\/?s={search_term_string}"},"query-input":{"@type":"PropertyValueSpecification","valueRequired":true,"valueName":"search_term_string"}}],"inLanguage":"sv-SE"},{"@type":"Organization","@id":"https:\/\/shopnoorfi-wp31835.test.cchosting.fi\/#organization","name":"Oy Noortrade Ab","url":"https:\/\/shopnoorfi-wp31835.test.cchosting.fi\/","logo":{"@type":"ImageObject","inLanguage":"sv-SE","@id":"https:\/\/shopnoorfi-wp31835.test.cchosting.fi\/#\/schema\/logo\/image\/","url":"https:\/\/shop.noor.fi\/wp-content\/uploads\/2024\/01\/Oy-Noortrade-Ab-Corbel-VERSAL-bold-BLACK.png","contentUrl":"https:\/\/shop.noor.fi\/wp-content\/uploads\/2024\/01\/Oy-Noortrade-Ab-Corbel-VERSAL-bold-BLACK.png","width":721,"height":177,"caption":"Oy Noortrade Ab"},"image":{"@id":"https:\/\/shopnoorfi-wp31835.test.cchosting.fi\/#\/schema\/logo\/image\/"}}]}},"brands":[{"id":37500,"name":"Rommelsbacher","slug":"rommelsbacher"},{"id":37696,"name":"Rommelsbacher","slug":"rommelsbacher-sv"}],"_links":{"self":[{"href":"https:\/\/shop.noor.fi\/sv\/wp-json\/wp\/v2\/product\/121698","targetHints":{"allow":["GET"]}}],"collection":[{"href":"https:\/\/shop.noor.fi\/sv\/wp-json\/wp\/v2\/product"}],"about":[{"href":"https:\/\/shop.noor.fi\/sv\/wp-json\/wp\/v2\/types\/product"}],"replies":[{"embeddable":true,"href":"https:\/\/shop.noor.fi\/sv\/wp-json\/wp\/v2\/comments?post=121698"}],"wp:featuredmedia":[{"embeddable":true,"href":"https:\/\/shop.noor.fi\/sv\/wp-json\/wp\/v2\/media\/122068"}],"wp:attachment":[{"href":"https:\/\/shop.noor.fi\/sv\/wp-json\/wp\/v2\/media?parent=121698"}],"wp:term":[{"taxonomy":"pwb-brand","embeddable":true,"href":"https:\/\/shop.noor.fi\/sv\/wp-json\/wp\/v2\/pwb-brand?post=121698"},{"taxonomy":"product_brand","embeddable":true,"href":"https:\/\/shop.noor.fi\/sv\/wp-json\/wp\/v2\/product_brand?post=121698"},{"taxonomy":"product_cat","embeddable":true,"href":"https:\/\/shop.noor.fi\/sv\/wp-json\/wp\/v2\/product_cat?post=121698"},{"taxonomy":"product_tag","embeddable":true,"href":"https:\/\/shop.noor.fi\/sv\/wp-json\/wp\/v2\/product_tag?post=121698"}],"curies":[{"name":"wp","href":"https:\/\/api.w.org\/{rel}","templated":true}]}}