{"id":121068,"date":"2024-11-19T13:46:12","date_gmt":"2024-11-19T11:46:12","guid":{"rendered":"https:\/\/shop.noor.fi\/product\/matdehydrator-da-350\/"},"modified":"2026-04-22T15:58:32","modified_gmt":"2026-04-22T12:58:32","slug":"matdehydrator-da-350","status":"publish","type":"product","link":"https:\/\/shop.noor.fi\/sv\/produkt\/matdehydrator-da-350\/","title":{"rendered":"Matdehydrator DA 350"},"content":{"rendered":"<p>Rommelsbacher DA 350 \u00e4r en kompakt matdehydrator f\u00f6r en noggrann torkning av frukt, gr\u00f6nsaker, \u00f6rter, svamp och mer. Torkning &#8211; som den \u00e4ldsta formen av matkonservering &#8211; \u00e4r ett skonsamt s\u00e4tt att konservera mat utan tillsatser eller konserveringsmedel, och har blivit en oumb\u00e4rlig del av det moderna k\u00f6ket. Detta uppn\u00e5s naturligtvis b\u00e4st med en h\u00f6gkvalitativ elektrisk torkugn med exakta temperaturer och j\u00e4mn v\u00e4rmef\u00f6rdelning. Torkbrickorna \u00e4r utrustade med finmaskiga galler av hygieniskt rostfritt st\u00e5l och \u2013 som en smart egenskap \u2013 \u00e4r brickorna \u00e4ven h\u00f6j- och s\u00e4nkbara. D\u00e4rmed f\u00f6rdubblas volymen med ens.<br \/>\nApparaten \u00e4r energisn\u00e5l och tyst och dessutom l\u00e4tt att anv\u00e4nda. Temperaturvalet str\u00e4cker sig fr\u00e5n 35 \u00b0C f\u00f6r torkning av r\u00e5 mat upp till 75 \u00b0C f\u00f6r snabb kraftuttorkning. Tillsammans med 36-timmarstimern erbjuder detta maximalt antal m\u00f6jliga anv\u00e4ndningsomr\u00e5den.<br \/>\nTv\u00e5 silikonformar f\u00f6r tillverkning av 8 m\u00fcslibars kompletterar denna moderna torkugn.<\/p>\n<p>5 h\u00f6jdjusterbara torkbrickor med torkgaller av rostfritt st\u00e5l<br \/>\nTorkningsomr\u00e5de 0,42 m\u00b2<br \/>\nBrickornas h\u00f6jd 20 eller 40 mm<br \/>\nBrickor och lock avtagbara, BPA-fritt<br \/>\nEnergibesparande och tyst drift, temperaturval fr\u00e5n 35 \u00b0C upp till 75 \u00b0C<br \/>\nJ\u00e4mn temperaturf\u00f6rdelning genom optimal luftcirkulation<br \/>\nLCD-display<br \/>\nFunktion f\u00f6r skonsam kylning, \u00e4ven l\u00e4mplig f\u00f6r upptining<br \/>\n36 timmars timer, automatisk avst\u00e4ngning, signalton<br \/>\nInneh\u00e5ller 2 formar f\u00f6r totalt 8 m\u00fcslibars<\/p>\n","protected":false},"excerpt":{"rendered":"<p>Rommelsbacher DA 350 \u00e4r en kompakt matdehydrator f\u00f6r en noggrann torkning av frukt, gr\u00f6nsaker, \u00f6rter, svamp och mer. Torkning &#8211; som den \u00e4ldsta formen av matkonservering &#8211; \u00e4r ett skonsamt s\u00e4tt att konservera mat utan tillsatser eller konserveringsmedel, och har blivit en oumb\u00e4rlig del av det moderna k\u00f6ket. Detta uppn\u00e5s naturligtvis b\u00e4st med en h\u00f6gkvalitativ [&hellip;]<\/p>\n","protected":false},"featured_media":122113,"comment_status":"open","ping_status":"closed","template":"","meta":{"_acf_changed":false,"_relevanssi_hide_post":"","_relevanssi_hide_content":"","_relevanssi_pin_for_all":"","_relevanssi_pin_keywords":"","_relevanssi_unpin_keywords":"","_relevanssi_related_keywords":"","_relevanssi_related_include_ids":"","_relevanssi_related_exclude_ids":"","_relevanssi_related_no_append":"","_relevanssi_related_not_related":"","_relevanssi_related_posts":"","_relevanssi_noindex_reason":""},"pwb-brand":[37696],"product_brand":[],"product_cat":[37035],"product_tag":[],"class_list":{"0":"post-121068","1":"product","2":"type-product","3":"status-publish","4":"has-post-thumbnail","6":"pwb-brand-rommelsbacher-sv","7":"product_cat-koksmaskiner","9":"first","10":"instock","11":"taxable","12":"shipping-taxable","13":"purchasable","14":"product-type-simple"},"acf":[],"yoast_head":"<!-- This site is optimized with the Yoast SEO plugin v27.5 - https:\/\/yoast.com\/product\/yoast-seo-wordpress\/ -->\n<title>Matdehydrator DA 350 - Oy Noortrade Ab<\/title>\n<meta name=\"robots\" content=\"index, follow, max-snippet:-1, max-image-preview:large, max-video-preview:-1\" \/>\n<link rel=\"canonical\" href=\"https:\/\/shop.noor.fi\/sv\/produkt\/matdehydrator-da-350\/\" \/>\n<meta property=\"og:locale\" content=\"sv_SE\" \/>\n<meta property=\"og:type\" content=\"article\" \/>\n<meta property=\"og:title\" content=\"Matdehydrator DA 350 - Oy Noortrade Ab\" \/>\n<meta property=\"og:description\" content=\"Rommelsbacher DA 350 \u00e4r en kompakt matdehydrator f\u00f6r en noggrann torkning av frukt, gr\u00f6nsaker, \u00f6rter, svamp och mer. Torkning &#8211; som den \u00e4ldsta formen av matkonservering &#8211; \u00e4r ett skonsamt s\u00e4tt att konservera mat utan tillsatser eller konserveringsmedel, och har blivit en oumb\u00e4rlig del av det moderna k\u00f6ket. Detta uppn\u00e5s naturligtvis b\u00e4st med en h\u00f6gkvalitativ [&hellip;]\" \/>\n<meta property=\"og:url\" content=\"https:\/\/shop.noor.fi\/sv\/produkt\/matdehydrator-da-350\/\" \/>\n<meta property=\"og:site_name\" content=\"Oy Noortrade Ab\" \/>\n<meta property=\"article:modified_time\" content=\"2026-04-22T12:58:32+00:00\" \/>\n<meta property=\"og:image\" content=\"https:\/\/shop.noor.fi\/wp-content\/uploads\/2024\/11\/4001797468000.jpg\" \/>\n\t<meta property=\"og:image:width\" content=\"1000\" \/>\n\t<meta property=\"og:image:height\" content=\"1000\" \/>\n\t<meta property=\"og:image:type\" content=\"image\/jpeg\" \/>\n<meta name=\"twitter:card\" content=\"summary_large_image\" \/>\n<meta name=\"twitter:label1\" content=\"Ber\u00e4knad l\u00e4stid\" \/>\n\t<meta name=\"twitter:data1\" content=\"2 minuter\" \/>\n<script type=\"application\/ld+json\" class=\"yoast-schema-graph\">{\"@context\":\"https:\\\/\\\/schema.org\",\"@graph\":[{\"@type\":\"WebPage\",\"@id\":\"https:\\\/\\\/shop.noor.fi\\\/sv\\\/produkt\\\/matdehydrator-da-350\\\/\",\"url\":\"https:\\\/\\\/shop.noor.fi\\\/sv\\\/produkt\\\/matdehydrator-da-350\\\/\",\"name\":\"Matdehydrator DA 350 - Oy Noortrade Ab\",\"isPartOf\":{\"@id\":\"https:\\\/\\\/shopnoorfi-wp31835.test.cchosting.fi\\\/#website\"},\"primaryImageOfPage\":{\"@id\":\"https:\\\/\\\/shop.noor.fi\\\/sv\\\/produkt\\\/matdehydrator-da-350\\\/#primaryimage\"},\"image\":{\"@id\":\"https:\\\/\\\/shop.noor.fi\\\/sv\\\/produkt\\\/matdehydrator-da-350\\\/#primaryimage\"},\"thumbnailUrl\":\"https:\\\/\\\/shop.noor.fi\\\/wp-content\\\/uploads\\\/2024\\\/11\\\/4001797468000.jpg\",\"datePublished\":\"2024-11-19T11:46:12+00:00\",\"dateModified\":\"2026-04-22T12:58:32+00:00\",\"breadcrumb\":{\"@id\":\"https:\\\/\\\/shop.noor.fi\\\/sv\\\/produkt\\\/matdehydrator-da-350\\\/#breadcrumb\"},\"inLanguage\":\"sv-SE\",\"potentialAction\":[{\"@type\":\"ReadAction\",\"target\":[\"https:\\\/\\\/shop.noor.fi\\\/sv\\\/produkt\\\/matdehydrator-da-350\\\/\"]}]},{\"@type\":\"ImageObject\",\"inLanguage\":\"sv-SE\",\"@id\":\"https:\\\/\\\/shop.noor.fi\\\/sv\\\/produkt\\\/matdehydrator-da-350\\\/#primaryimage\",\"url\":\"https:\\\/\\\/shop.noor.fi\\\/wp-content\\\/uploads\\\/2024\\\/11\\\/4001797468000.jpg\",\"contentUrl\":\"https:\\\/\\\/shop.noor.fi\\\/wp-content\\\/uploads\\\/2024\\\/11\\\/4001797468000.jpg\",\"width\":1000,\"height\":1000},{\"@type\":\"BreadcrumbList\",\"@id\":\"https:\\\/\\\/shop.noor.fi\\\/sv\\\/produkt\\\/matdehydrator-da-350\\\/#breadcrumb\",\"itemListElement\":[{\"@type\":\"ListItem\",\"position\":1,\"name\":\"Etusivu\",\"item\":\"https:\\\/\\\/shop.noor.fi\\\/sv\\\/\"},{\"@type\":\"ListItem\",\"position\":2,\"name\":\"Butik\",\"item\":\"https:\\\/\\\/shopnoorfi-wp31835.test.cchosting.fi\\\/sv\\\/butik\\\/\"},{\"@type\":\"ListItem\",\"position\":3,\"name\":\"Matdehydrator DA 350\"}]},{\"@type\":\"WebSite\",\"@id\":\"https:\\\/\\\/shopnoorfi-wp31835.test.cchosting.fi\\\/#website\",\"url\":\"https:\\\/\\\/shopnoorfi-wp31835.test.cchosting.fi\\\/\",\"name\":\"Oy Noortrade Ab\",\"description\":\"Finnish family owned company with over 30 years of professional experience in lighting &amp; interior products import and sales - reliably.\",\"publisher\":{\"@id\":\"https:\\\/\\\/shopnoorfi-wp31835.test.cchosting.fi\\\/#organization\"},\"potentialAction\":[{\"@type\":\"SearchAction\",\"target\":{\"@type\":\"EntryPoint\",\"urlTemplate\":\"https:\\\/\\\/shopnoorfi-wp31835.test.cchosting.fi\\\/?s={search_term_string}\"},\"query-input\":{\"@type\":\"PropertyValueSpecification\",\"valueRequired\":true,\"valueName\":\"search_term_string\"}}],\"inLanguage\":\"sv-SE\"},{\"@type\":\"Organization\",\"@id\":\"https:\\\/\\\/shopnoorfi-wp31835.test.cchosting.fi\\\/#organization\",\"name\":\"Oy Noortrade Ab\",\"url\":\"https:\\\/\\\/shopnoorfi-wp31835.test.cchosting.fi\\\/\",\"logo\":{\"@type\":\"ImageObject\",\"inLanguage\":\"sv-SE\",\"@id\":\"https:\\\/\\\/shopnoorfi-wp31835.test.cchosting.fi\\\/#\\\/schema\\\/logo\\\/image\\\/\",\"url\":\"https:\\\/\\\/shop.noor.fi\\\/wp-content\\\/uploads\\\/2024\\\/01\\\/Oy-Noortrade-Ab-Corbel-VERSAL-bold-BLACK.png\",\"contentUrl\":\"https:\\\/\\\/shop.noor.fi\\\/wp-content\\\/uploads\\\/2024\\\/01\\\/Oy-Noortrade-Ab-Corbel-VERSAL-bold-BLACK.png\",\"width\":721,\"height\":177,\"caption\":\"Oy Noortrade Ab\"},\"image\":{\"@id\":\"https:\\\/\\\/shopnoorfi-wp31835.test.cchosting.fi\\\/#\\\/schema\\\/logo\\\/image\\\/\"}}]}<\/script>\n<!-- \/ Yoast SEO plugin. -->","yoast_head_json":{"title":"Matdehydrator DA 350 - Oy Noortrade Ab","robots":{"index":"index","follow":"follow","max-snippet":"max-snippet:-1","max-image-preview":"max-image-preview:large","max-video-preview":"max-video-preview:-1"},"canonical":"https:\/\/shop.noor.fi\/sv\/produkt\/matdehydrator-da-350\/","og_locale":"sv_SE","og_type":"article","og_title":"Matdehydrator DA 350 - Oy Noortrade Ab","og_description":"Rommelsbacher DA 350 \u00e4r en kompakt matdehydrator f\u00f6r en noggrann torkning av frukt, gr\u00f6nsaker, \u00f6rter, svamp och mer. Torkning &#8211; som den \u00e4ldsta formen av matkonservering &#8211; \u00e4r ett skonsamt s\u00e4tt att konservera mat utan tillsatser eller konserveringsmedel, och har blivit en oumb\u00e4rlig del av det moderna k\u00f6ket. Detta uppn\u00e5s naturligtvis b\u00e4st med en h\u00f6gkvalitativ [&hellip;]","og_url":"https:\/\/shop.noor.fi\/sv\/produkt\/matdehydrator-da-350\/","og_site_name":"Oy Noortrade Ab","article_modified_time":"2026-04-22T12:58:32+00:00","og_image":[{"width":1000,"height":1000,"url":"https:\/\/shop.noor.fi\/wp-content\/uploads\/2024\/11\/4001797468000.jpg","type":"image\/jpeg"}],"twitter_card":"summary_large_image","twitter_misc":{"Ber\u00e4knad l\u00e4stid":"2 minuter"},"schema":{"@context":"https:\/\/schema.org","@graph":[{"@type":"WebPage","@id":"https:\/\/shop.noor.fi\/sv\/produkt\/matdehydrator-da-350\/","url":"https:\/\/shop.noor.fi\/sv\/produkt\/matdehydrator-da-350\/","name":"Matdehydrator DA 350 - Oy Noortrade Ab","isPartOf":{"@id":"https:\/\/shopnoorfi-wp31835.test.cchosting.fi\/#website"},"primaryImageOfPage":{"@id":"https:\/\/shop.noor.fi\/sv\/produkt\/matdehydrator-da-350\/#primaryimage"},"image":{"@id":"https:\/\/shop.noor.fi\/sv\/produkt\/matdehydrator-da-350\/#primaryimage"},"thumbnailUrl":"https:\/\/shop.noor.fi\/wp-content\/uploads\/2024\/11\/4001797468000.jpg","datePublished":"2024-11-19T11:46:12+00:00","dateModified":"2026-04-22T12:58:32+00:00","breadcrumb":{"@id":"https:\/\/shop.noor.fi\/sv\/produkt\/matdehydrator-da-350\/#breadcrumb"},"inLanguage":"sv-SE","potentialAction":[{"@type":"ReadAction","target":["https:\/\/shop.noor.fi\/sv\/produkt\/matdehydrator-da-350\/"]}]},{"@type":"ImageObject","inLanguage":"sv-SE","@id":"https:\/\/shop.noor.fi\/sv\/produkt\/matdehydrator-da-350\/#primaryimage","url":"https:\/\/shop.noor.fi\/wp-content\/uploads\/2024\/11\/4001797468000.jpg","contentUrl":"https:\/\/shop.noor.fi\/wp-content\/uploads\/2024\/11\/4001797468000.jpg","width":1000,"height":1000},{"@type":"BreadcrumbList","@id":"https:\/\/shop.noor.fi\/sv\/produkt\/matdehydrator-da-350\/#breadcrumb","itemListElement":[{"@type":"ListItem","position":1,"name":"Etusivu","item":"https:\/\/shop.noor.fi\/sv\/"},{"@type":"ListItem","position":2,"name":"Butik","item":"https:\/\/shopnoorfi-wp31835.test.cchosting.fi\/sv\/butik\/"},{"@type":"ListItem","position":3,"name":"Matdehydrator DA 350"}]},{"@type":"WebSite","@id":"https:\/\/shopnoorfi-wp31835.test.cchosting.fi\/#website","url":"https:\/\/shopnoorfi-wp31835.test.cchosting.fi\/","name":"Oy Noortrade Ab","description":"Finnish family owned company with over 30 years of professional experience in lighting &amp; interior products import and sales - reliably.","publisher":{"@id":"https:\/\/shopnoorfi-wp31835.test.cchosting.fi\/#organization"},"potentialAction":[{"@type":"SearchAction","target":{"@type":"EntryPoint","urlTemplate":"https:\/\/shopnoorfi-wp31835.test.cchosting.fi\/?s={search_term_string}"},"query-input":{"@type":"PropertyValueSpecification","valueRequired":true,"valueName":"search_term_string"}}],"inLanguage":"sv-SE"},{"@type":"Organization","@id":"https:\/\/shopnoorfi-wp31835.test.cchosting.fi\/#organization","name":"Oy Noortrade Ab","url":"https:\/\/shopnoorfi-wp31835.test.cchosting.fi\/","logo":{"@type":"ImageObject","inLanguage":"sv-SE","@id":"https:\/\/shopnoorfi-wp31835.test.cchosting.fi\/#\/schema\/logo\/image\/","url":"https:\/\/shop.noor.fi\/wp-content\/uploads\/2024\/01\/Oy-Noortrade-Ab-Corbel-VERSAL-bold-BLACK.png","contentUrl":"https:\/\/shop.noor.fi\/wp-content\/uploads\/2024\/01\/Oy-Noortrade-Ab-Corbel-VERSAL-bold-BLACK.png","width":721,"height":177,"caption":"Oy Noortrade Ab"},"image":{"@id":"https:\/\/shopnoorfi-wp31835.test.cchosting.fi\/#\/schema\/logo\/image\/"}}]}},"brands":[{"id":37696,"name":"Rommelsbacher","slug":"rommelsbacher-sv"}],"_links":{"self":[{"href":"https:\/\/shop.noor.fi\/sv\/wp-json\/wp\/v2\/product\/121068","targetHints":{"allow":["GET"]}}],"collection":[{"href":"https:\/\/shop.noor.fi\/sv\/wp-json\/wp\/v2\/product"}],"about":[{"href":"https:\/\/shop.noor.fi\/sv\/wp-json\/wp\/v2\/types\/product"}],"replies":[{"embeddable":true,"href":"https:\/\/shop.noor.fi\/sv\/wp-json\/wp\/v2\/comments?post=121068"}],"wp:featuredmedia":[{"embeddable":true,"href":"https:\/\/shop.noor.fi\/sv\/wp-json\/wp\/v2\/media\/122113"}],"wp:attachment":[{"href":"https:\/\/shop.noor.fi\/sv\/wp-json\/wp\/v2\/media?parent=121068"}],"wp:term":[{"taxonomy":"pwb-brand","embeddable":true,"href":"https:\/\/shop.noor.fi\/sv\/wp-json\/wp\/v2\/pwb-brand?post=121068"},{"taxonomy":"product_brand","embeddable":true,"href":"https:\/\/shop.noor.fi\/sv\/wp-json\/wp\/v2\/product_brand?post=121068"},{"taxonomy":"product_cat","embeddable":true,"href":"https:\/\/shop.noor.fi\/sv\/wp-json\/wp\/v2\/product_cat?post=121068"},{"taxonomy":"product_tag","embeddable":true,"href":"https:\/\/shop.noor.fi\/sv\/wp-json\/wp\/v2\/product_tag?post=121068"}],"curies":[{"name":"wp","href":"https:\/\/api.w.org\/{rel}","templated":true}]}}