{"id":121062,"date":"2024-11-19T13:45:33","date_gmt":"2024-11-19T11:45:33","guid":{"rendered":"https:\/\/shop.noor.fi\/product\/elektronisk-bordsugn-rotisserie-bge-1580-e\/"},"modified":"2026-02-27T09:21:25","modified_gmt":"2026-02-27T07:21:25","slug":"elektronisk-bordsugn-rotisserie-bge-1580-e","status":"publish","type":"product","link":"https:\/\/shop.noor.fi\/sv\/produkt\/elektronisk-bordsugn-rotisserie-bge-1580-e\/","title":{"rendered":"Elektronisk bordsugn &#038; Rotisserie BGE 1580\/E"},"content":{"rendered":"<p>Rommelsbacher BGE 1580\/E bordsugn\/grill med elektronisk styrning \u00e4r ett perfekt modernt tillskott f\u00f6r varje k\u00f6k och den perfekta partnern f\u00f6r det kr\u00e4vande hush\u00e5llet. Tack vare sin exakta temperaturkontroll \u00e4r denna ugn s\u00e4rskilt l\u00e4mplig f\u00f6r l\u00e5ngsam tillagning och tillagning vid l\u00e5ga temperaturer. \u00d6ver- och underv\u00e4rmen g\u00f6r att stekar och grat\u00e4nger gr\u00e4ddas till perfektion; varmluftsfunktionen s\u00e4kerst\u00e4ller j\u00e4mnt bakresultat av kakor och pizzor. Med hj\u00e4lp av Rotisserie-spettet \u00e4r det ocks\u00e5 m\u00f6jligt att laga krispiga kycklingar samt stekar. Upptinings- och varmh\u00e5llningsfunktioner \u00f6kar enhetens m\u00e5ngsidighet.<br \/>\nDen elektroniska ugnen har antagningsv\u00e4rden f\u00f6r temperatur och tid f\u00f6r varje funktion, High-end komponenter ger en bra energieffektivitet.<br \/>\nDen l\u00e4ttanv\u00e4nda ugnen har 120-minuters timer med signalton och en praktisk ugnsbelysning. Tack vare non-stick-bel\u00e4ggningen, den avtagbara smulbrickan och den demonterbara ugnsluckan \u00e4r denna snygga apparat mycket l\u00e4tt att reng\u00f6ra.<\/p>\n<p>Stor volym 30 l, f\u00f6r bakformar upp till \u00d8 29 cm<br \/>\nL\u00e4ttanv\u00e4nda touch-knappar<br \/>\nStor tydlig display<br \/>\nElektronisk temperaturkontroll, exakt inst\u00e4llbar fr\u00e5n 80 \u00b0C till 230 \u00b0C<br \/>\n8 funktioner:<br \/>\n    &#8211; \u00f6ver- och underv\u00e4rme, \u00e4ven valbara separat<br \/>\n    &#8211; varmluftsfunktion f\u00f6r j\u00e4mna resultat<br \/>\n    &#8211; separata funktioner f\u00f6r upptining och varmh\u00e5llning<br \/>\nF\u00f6rslagsv\u00e4rden f\u00f6r temperatur och tid f\u00f6r varje funktion<br \/>\nMotordrivet spett f\u00f6r kyckling, stek mm.<br \/>\n120-minuters timer med signalton<br \/>\nUgnsbelysning<br \/>\nNon-stick bel\u00e4ggning f\u00f6r enkel reng\u00f6ring<br \/>\nDubbelglasad ugnslucka med t\u00e4tning, enkel att demonteras f\u00f6r reng\u00f6ring<br \/>\n4 niv\u00e5er, indikatorlampa, \u00f6verhettningsskydd<br \/>\nInklusive: spettset med separat handtag, emaljerad stek-\/bakpl\u00e5t med separat handtag, kromat grillgaller, avtagbar smulbricka<\/p>\n","protected":false},"excerpt":{"rendered":"<p>Rommelsbacher BGE 1580\/E bordsugn\/grill med elektronisk styrning \u00e4r ett perfekt modernt tillskott f\u00f6r varje k\u00f6k och den perfekta partnern f\u00f6r det kr\u00e4vande hush\u00e5llet. Tack vare sin exakta temperaturkontroll \u00e4r denna ugn s\u00e4rskilt l\u00e4mplig f\u00f6r l\u00e5ngsam tillagning och tillagning vid l\u00e5ga temperaturer. \u00d6ver- och underv\u00e4rmen g\u00f6r att stekar och grat\u00e4nger gr\u00e4ddas till perfektion; varmluftsfunktionen s\u00e4kerst\u00e4ller j\u00e4mnt [&hellip;]<\/p>\n","protected":false},"featured_media":122144,"comment_status":"open","ping_status":"closed","template":"","meta":{"_acf_changed":false,"_relevanssi_hide_post":"","_relevanssi_hide_content":"","_relevanssi_pin_for_all":"","_relevanssi_pin_keywords":"","_relevanssi_unpin_keywords":"","_relevanssi_related_keywords":"","_relevanssi_related_include_ids":"","_relevanssi_related_exclude_ids":"","_relevanssi_related_no_append":"","_relevanssi_related_not_related":"","_relevanssi_related_posts":"","_relevanssi_noindex_reason":""},"pwb-brand":[37696,37500],"product_brand":[],"product_cat":[37012,37035],"product_tag":[],"class_list":{"0":"post-121062","1":"product","2":"type-product","3":"status-publish","4":"has-post-thumbnail","6":"pwb-brand-rommelsbacher-sv","7":"pwb-brand-rommelsbacher","8":"product_cat-keittiokoneet","9":"product_cat-koksmaskiner","11":"first","12":"instock","13":"taxable","14":"shipping-taxable","15":"purchasable","16":"product-type-simple"},"acf":[],"yoast_head":"<!-- This site is optimized with the Yoast SEO plugin v27.5 - https:\/\/yoast.com\/product\/yoast-seo-wordpress\/ -->\n<title>Elektronisk bordsugn &amp; Rotisserie BGE 1580\/E - Oy Noortrade Ab<\/title>\n<meta name=\"robots\" content=\"index, follow, max-snippet:-1, max-image-preview:large, max-video-preview:-1\" \/>\n<link rel=\"canonical\" href=\"https:\/\/shop.noor.fi\/produkt\/elektroninen-poytauuni-rotisserie-bge-1580-e\/\" \/>\n<meta property=\"og:locale\" content=\"sv_SE\" \/>\n<meta property=\"og:type\" content=\"article\" \/>\n<meta property=\"og:title\" content=\"Elektronisk bordsugn &amp; Rotisserie BGE 1580\/E - Oy Noortrade Ab\" \/>\n<meta property=\"og:description\" content=\"Rommelsbacher BGE 1580\/E bordsugn\/grill med elektronisk styrning \u00e4r ett perfekt modernt tillskott f\u00f6r varje k\u00f6k och den perfekta partnern f\u00f6r det kr\u00e4vande hush\u00e5llet. Tack vare sin exakta temperaturkontroll \u00e4r denna ugn s\u00e4rskilt l\u00e4mplig f\u00f6r l\u00e5ngsam tillagning och tillagning vid l\u00e5ga temperaturer. \u00d6ver- och underv\u00e4rmen g\u00f6r att stekar och grat\u00e4nger gr\u00e4ddas till perfektion; varmluftsfunktionen s\u00e4kerst\u00e4ller j\u00e4mnt [&hellip;]\" \/>\n<meta property=\"og:url\" content=\"https:\/\/shop.noor.fi\/produkt\/elektroninen-poytauuni-rotisserie-bge-1580-e\/\" \/>\n<meta property=\"og:site_name\" content=\"Oy Noortrade Ab\" \/>\n<meta property=\"article:modified_time\" content=\"2026-02-27T07:21:25+00:00\" \/>\n<meta property=\"og:image\" content=\"https:\/\/shop.noor.fi\/wp-content\/uploads\/2024\/11\/4001797270405.jpg\" \/>\n\t<meta property=\"og:image:width\" content=\"1000\" \/>\n\t<meta property=\"og:image:height\" content=\"1000\" \/>\n\t<meta property=\"og:image:type\" content=\"image\/jpeg\" \/>\n<meta name=\"twitter:card\" content=\"summary_large_image\" \/>\n<meta name=\"twitter:label1\" content=\"Ber\u00e4knad l\u00e4stid\" \/>\n\t<meta name=\"twitter:data1\" content=\"2 minuter\" \/>\n<script type=\"application\/ld+json\" class=\"yoast-schema-graph\">{\"@context\":\"https:\\\/\\\/schema.org\",\"@graph\":[{\"@type\":\"WebPage\",\"@id\":\"https:\\\/\\\/shop.noor.fi\\\/produkt\\\/elektroninen-poytauuni-rotisserie-bge-1580-e\\\/\",\"url\":\"https:\\\/\\\/shop.noor.fi\\\/produkt\\\/elektroninen-poytauuni-rotisserie-bge-1580-e\\\/\",\"name\":\"Elektronisk bordsugn & Rotisserie BGE 1580\\\/E - Oy Noortrade Ab\",\"isPartOf\":{\"@id\":\"https:\\\/\\\/shopnoorfi-wp31835.test.cchosting.fi\\\/#website\"},\"primaryImageOfPage\":{\"@id\":\"https:\\\/\\\/shop.noor.fi\\\/produkt\\\/elektroninen-poytauuni-rotisserie-bge-1580-e\\\/#primaryimage\"},\"image\":{\"@id\":\"https:\\\/\\\/shop.noor.fi\\\/produkt\\\/elektroninen-poytauuni-rotisserie-bge-1580-e\\\/#primaryimage\"},\"thumbnailUrl\":\"https:\\\/\\\/shop.noor.fi\\\/wp-content\\\/uploads\\\/2024\\\/11\\\/4001797270405.jpg\",\"datePublished\":\"2024-11-19T11:45:33+00:00\",\"dateModified\":\"2026-02-27T07:21:25+00:00\",\"breadcrumb\":{\"@id\":\"https:\\\/\\\/shop.noor.fi\\\/produkt\\\/elektroninen-poytauuni-rotisserie-bge-1580-e\\\/#breadcrumb\"},\"inLanguage\":\"sv-SE\",\"potentialAction\":[{\"@type\":\"ReadAction\",\"target\":[\"https:\\\/\\\/shop.noor.fi\\\/produkt\\\/elektroninen-poytauuni-rotisserie-bge-1580-e\\\/\"]}]},{\"@type\":\"ImageObject\",\"inLanguage\":\"sv-SE\",\"@id\":\"https:\\\/\\\/shop.noor.fi\\\/produkt\\\/elektroninen-poytauuni-rotisserie-bge-1580-e\\\/#primaryimage\",\"url\":\"https:\\\/\\\/shop.noor.fi\\\/wp-content\\\/uploads\\\/2024\\\/11\\\/4001797270405.jpg\",\"contentUrl\":\"https:\\\/\\\/shop.noor.fi\\\/wp-content\\\/uploads\\\/2024\\\/11\\\/4001797270405.jpg\",\"width\":1000,\"height\":1000},{\"@type\":\"BreadcrumbList\",\"@id\":\"https:\\\/\\\/shop.noor.fi\\\/produkt\\\/elektroninen-poytauuni-rotisserie-bge-1580-e\\\/#breadcrumb\",\"itemListElement\":[{\"@type\":\"ListItem\",\"position\":1,\"name\":\"Etusivu\",\"item\":\"https:\\\/\\\/shop.noor.fi\\\/sv\\\/\"},{\"@type\":\"ListItem\",\"position\":2,\"name\":\"Butik\",\"item\":\"https:\\\/\\\/shopnoorfi-wp31835.test.cchosting.fi\\\/sv\\\/butik\\\/\"},{\"@type\":\"ListItem\",\"position\":3,\"name\":\"Elektronisk bordsugn &#038; Rotisserie BGE 1580\\\/E\"}]},{\"@type\":\"WebSite\",\"@id\":\"https:\\\/\\\/shopnoorfi-wp31835.test.cchosting.fi\\\/#website\",\"url\":\"https:\\\/\\\/shopnoorfi-wp31835.test.cchosting.fi\\\/\",\"name\":\"Oy Noortrade Ab\",\"description\":\"Finnish family owned company with over 30 years of professional experience in lighting &amp; interior products import and sales - reliably.\",\"publisher\":{\"@id\":\"https:\\\/\\\/shopnoorfi-wp31835.test.cchosting.fi\\\/#organization\"},\"potentialAction\":[{\"@type\":\"SearchAction\",\"target\":{\"@type\":\"EntryPoint\",\"urlTemplate\":\"https:\\\/\\\/shopnoorfi-wp31835.test.cchosting.fi\\\/?s={search_term_string}\"},\"query-input\":{\"@type\":\"PropertyValueSpecification\",\"valueRequired\":true,\"valueName\":\"search_term_string\"}}],\"inLanguage\":\"sv-SE\"},{\"@type\":\"Organization\",\"@id\":\"https:\\\/\\\/shopnoorfi-wp31835.test.cchosting.fi\\\/#organization\",\"name\":\"Oy Noortrade Ab\",\"url\":\"https:\\\/\\\/shopnoorfi-wp31835.test.cchosting.fi\\\/\",\"logo\":{\"@type\":\"ImageObject\",\"inLanguage\":\"sv-SE\",\"@id\":\"https:\\\/\\\/shopnoorfi-wp31835.test.cchosting.fi\\\/#\\\/schema\\\/logo\\\/image\\\/\",\"url\":\"https:\\\/\\\/shop.noor.fi\\\/wp-content\\\/uploads\\\/2024\\\/01\\\/Oy-Noortrade-Ab-Corbel-VERSAL-bold-BLACK.png\",\"contentUrl\":\"https:\\\/\\\/shop.noor.fi\\\/wp-content\\\/uploads\\\/2024\\\/01\\\/Oy-Noortrade-Ab-Corbel-VERSAL-bold-BLACK.png\",\"width\":721,\"height\":177,\"caption\":\"Oy Noortrade Ab\"},\"image\":{\"@id\":\"https:\\\/\\\/shopnoorfi-wp31835.test.cchosting.fi\\\/#\\\/schema\\\/logo\\\/image\\\/\"}}]}<\/script>\n<!-- \/ Yoast SEO plugin. -->","yoast_head_json":{"title":"Elektronisk bordsugn & Rotisserie BGE 1580\/E - Oy Noortrade Ab","robots":{"index":"index","follow":"follow","max-snippet":"max-snippet:-1","max-image-preview":"max-image-preview:large","max-video-preview":"max-video-preview:-1"},"canonical":"https:\/\/shop.noor.fi\/produkt\/elektroninen-poytauuni-rotisserie-bge-1580-e\/","og_locale":"sv_SE","og_type":"article","og_title":"Elektronisk bordsugn & Rotisserie BGE 1580\/E - Oy Noortrade Ab","og_description":"Rommelsbacher BGE 1580\/E bordsugn\/grill med elektronisk styrning \u00e4r ett perfekt modernt tillskott f\u00f6r varje k\u00f6k och den perfekta partnern f\u00f6r det kr\u00e4vande hush\u00e5llet. Tack vare sin exakta temperaturkontroll \u00e4r denna ugn s\u00e4rskilt l\u00e4mplig f\u00f6r l\u00e5ngsam tillagning och tillagning vid l\u00e5ga temperaturer. \u00d6ver- och underv\u00e4rmen g\u00f6r att stekar och grat\u00e4nger gr\u00e4ddas till perfektion; varmluftsfunktionen s\u00e4kerst\u00e4ller j\u00e4mnt [&hellip;]","og_url":"https:\/\/shop.noor.fi\/produkt\/elektroninen-poytauuni-rotisserie-bge-1580-e\/","og_site_name":"Oy Noortrade Ab","article_modified_time":"2026-02-27T07:21:25+00:00","og_image":[{"width":1000,"height":1000,"url":"https:\/\/shop.noor.fi\/wp-content\/uploads\/2024\/11\/4001797270405.jpg","type":"image\/jpeg"}],"twitter_card":"summary_large_image","twitter_misc":{"Ber\u00e4knad l\u00e4stid":"2 minuter"},"schema":{"@context":"https:\/\/schema.org","@graph":[{"@type":"WebPage","@id":"https:\/\/shop.noor.fi\/produkt\/elektroninen-poytauuni-rotisserie-bge-1580-e\/","url":"https:\/\/shop.noor.fi\/produkt\/elektroninen-poytauuni-rotisserie-bge-1580-e\/","name":"Elektronisk bordsugn & Rotisserie BGE 1580\/E - Oy Noortrade Ab","isPartOf":{"@id":"https:\/\/shopnoorfi-wp31835.test.cchosting.fi\/#website"},"primaryImageOfPage":{"@id":"https:\/\/shop.noor.fi\/produkt\/elektroninen-poytauuni-rotisserie-bge-1580-e\/#primaryimage"},"image":{"@id":"https:\/\/shop.noor.fi\/produkt\/elektroninen-poytauuni-rotisserie-bge-1580-e\/#primaryimage"},"thumbnailUrl":"https:\/\/shop.noor.fi\/wp-content\/uploads\/2024\/11\/4001797270405.jpg","datePublished":"2024-11-19T11:45:33+00:00","dateModified":"2026-02-27T07:21:25+00:00","breadcrumb":{"@id":"https:\/\/shop.noor.fi\/produkt\/elektroninen-poytauuni-rotisserie-bge-1580-e\/#breadcrumb"},"inLanguage":"sv-SE","potentialAction":[{"@type":"ReadAction","target":["https:\/\/shop.noor.fi\/produkt\/elektroninen-poytauuni-rotisserie-bge-1580-e\/"]}]},{"@type":"ImageObject","inLanguage":"sv-SE","@id":"https:\/\/shop.noor.fi\/produkt\/elektroninen-poytauuni-rotisserie-bge-1580-e\/#primaryimage","url":"https:\/\/shop.noor.fi\/wp-content\/uploads\/2024\/11\/4001797270405.jpg","contentUrl":"https:\/\/shop.noor.fi\/wp-content\/uploads\/2024\/11\/4001797270405.jpg","width":1000,"height":1000},{"@type":"BreadcrumbList","@id":"https:\/\/shop.noor.fi\/produkt\/elektroninen-poytauuni-rotisserie-bge-1580-e\/#breadcrumb","itemListElement":[{"@type":"ListItem","position":1,"name":"Etusivu","item":"https:\/\/shop.noor.fi\/sv\/"},{"@type":"ListItem","position":2,"name":"Butik","item":"https:\/\/shopnoorfi-wp31835.test.cchosting.fi\/sv\/butik\/"},{"@type":"ListItem","position":3,"name":"Elektronisk bordsugn &#038; Rotisserie BGE 1580\/E"}]},{"@type":"WebSite","@id":"https:\/\/shopnoorfi-wp31835.test.cchosting.fi\/#website","url":"https:\/\/shopnoorfi-wp31835.test.cchosting.fi\/","name":"Oy Noortrade Ab","description":"Finnish family owned company with over 30 years of professional experience in lighting &amp; interior products import and sales - reliably.","publisher":{"@id":"https:\/\/shopnoorfi-wp31835.test.cchosting.fi\/#organization"},"potentialAction":[{"@type":"SearchAction","target":{"@type":"EntryPoint","urlTemplate":"https:\/\/shopnoorfi-wp31835.test.cchosting.fi\/?s={search_term_string}"},"query-input":{"@type":"PropertyValueSpecification","valueRequired":true,"valueName":"search_term_string"}}],"inLanguage":"sv-SE"},{"@type":"Organization","@id":"https:\/\/shopnoorfi-wp31835.test.cchosting.fi\/#organization","name":"Oy Noortrade Ab","url":"https:\/\/shopnoorfi-wp31835.test.cchosting.fi\/","logo":{"@type":"ImageObject","inLanguage":"sv-SE","@id":"https:\/\/shopnoorfi-wp31835.test.cchosting.fi\/#\/schema\/logo\/image\/","url":"https:\/\/shop.noor.fi\/wp-content\/uploads\/2024\/01\/Oy-Noortrade-Ab-Corbel-VERSAL-bold-BLACK.png","contentUrl":"https:\/\/shop.noor.fi\/wp-content\/uploads\/2024\/01\/Oy-Noortrade-Ab-Corbel-VERSAL-bold-BLACK.png","width":721,"height":177,"caption":"Oy Noortrade Ab"},"image":{"@id":"https:\/\/shopnoorfi-wp31835.test.cchosting.fi\/#\/schema\/logo\/image\/"}}]}},"brands":[{"id":37500,"name":"Rommelsbacher","slug":"rommelsbacher"},{"id":37696,"name":"Rommelsbacher","slug":"rommelsbacher-sv"}],"_links":{"self":[{"href":"https:\/\/shop.noor.fi\/sv\/wp-json\/wp\/v2\/product\/121062","targetHints":{"allow":["GET"]}}],"collection":[{"href":"https:\/\/shop.noor.fi\/sv\/wp-json\/wp\/v2\/product"}],"about":[{"href":"https:\/\/shop.noor.fi\/sv\/wp-json\/wp\/v2\/types\/product"}],"replies":[{"embeddable":true,"href":"https:\/\/shop.noor.fi\/sv\/wp-json\/wp\/v2\/comments?post=121062"}],"wp:featuredmedia":[{"embeddable":true,"href":"https:\/\/shop.noor.fi\/sv\/wp-json\/wp\/v2\/media\/122144"}],"wp:attachment":[{"href":"https:\/\/shop.noor.fi\/sv\/wp-json\/wp\/v2\/media?parent=121062"}],"wp:term":[{"taxonomy":"pwb-brand","embeddable":true,"href":"https:\/\/shop.noor.fi\/sv\/wp-json\/wp\/v2\/pwb-brand?post=121062"},{"taxonomy":"product_brand","embeddable":true,"href":"https:\/\/shop.noor.fi\/sv\/wp-json\/wp\/v2\/product_brand?post=121062"},{"taxonomy":"product_cat","embeddable":true,"href":"https:\/\/shop.noor.fi\/sv\/wp-json\/wp\/v2\/product_cat?post=121062"},{"taxonomy":"product_tag","embeddable":true,"href":"https:\/\/shop.noor.fi\/sv\/wp-json\/wp\/v2\/product_tag?post=121062"}],"curies":[{"name":"wp","href":"https:\/\/api.w.org\/{rel}","templated":true}]}}