{"id":121056,"date":"2024-11-28T08:33:49","date_gmt":"2024-11-28T06:33:49","guid":{"rendered":"https:\/\/shop.noor.fi\/product\/bordgrill-bbq-2025\/"},"modified":"2026-04-22T15:52:17","modified_gmt":"2026-04-22T12:52:17","slug":"bordgrill-bbq-2025","status":"publish","type":"product","link":"https:\/\/shop.noor.fi\/sv\/produkt\/bordgrill-bbq-2025\/","title":{"rendered":"Bordgrill BBQ 2025"},"content":{"rendered":"<p>Rommelsbacher BBQ 2025 \u00e4r en h\u00f6gkvalitativ och effektiv elektrisk bordsgrill f\u00f6r grillning inomhus och utomhus. Grillen \u00e4r utrustad med tv\u00e5 avtagbara v\u00e4ndbara grillplattor, som b\u00e5da har en r\u00e4fflad yta och en sl\u00e4t Teppanyaki-yta. Grillplattorna \u00e4r n\u00e5got lutade in\u00e5t s\u00e5 att fett kan rinna av och du kan grilla med l\u00e5g fetthalt. Grillplattorna har en h\u00f6gkvalitativ keramisk non-stick bel\u00e4ggning vilket g\u00f6r reng\u00f6ringen l\u00e4tt. Grillplattorna kan diskas i diskmasin.<br \/>\nDe tv\u00e5 grillzonerna kan kontrolleras separat upp till 230 \u00b0C, s\u00e5 att du kan t.ex. samtidigt steka biffar p\u00e5 h\u00f6g v\u00e4rme och steka l\u00e4ckra pannkakor p\u00e5 l\u00e4gre v\u00e4rme p\u00e5 andra sidan.<br \/>\nEnheten har en 2 meters sladd, avtagbart st\u00e4nk\/vindskydd, stegl\u00f6s temperaturkontroll och \u00f6verhettningsskydd.<\/p>\n<p>2 h\u00f6gkvalitativa v\u00e4ndbara grillplattor av pressgjuten aluminium, 22,5 x 28,5 cm vardera<br \/>\nM\u00e5ngsidiga kombinationsm\u00f6jligheter:<br \/>\n&#8211; r\u00e4fflad yta<br \/>\n&#8211; sl\u00e4t yta<br \/>\n&#8211; b\u00e5da grillzonerna kan kontrolleras separat<br \/>\nStegl\u00f6s temperaturkontroll upp till 230 \u00b0C<br \/>\nH\u00f6gkvalitativ keramisk non-stick bel\u00e4ggning (PFAS-fri), l\u00e4mplig f\u00f6r reng\u00f6ring i diskmaskin<br \/>\nGrillplattorna l\u00e4tt lutade in\u00e5t f\u00f6r grillning med l\u00e5g fetthalt<br \/>\nOn\/off brytare, indikationslampor, dubbelt \u00f6verhettningsskydd<br \/>\nExtra l\u00e5ng sladd (2 m)<br \/>\nAvtagbar droppbricka, avtagbart st\u00e4nk\/vindskydd<\/p>\n","protected":false},"excerpt":{"rendered":"<p>Rommelsbacher BBQ 2025 \u00e4r en h\u00f6gkvalitativ och effektiv elektrisk bordsgrill f\u00f6r grillning inomhus och utomhus. Grillen \u00e4r utrustad med tv\u00e5 avtagbara v\u00e4ndbara grillplattor, som b\u00e5da har en r\u00e4fflad yta och en sl\u00e4t Teppanyaki-yta. Grillplattorna \u00e4r n\u00e5got lutade in\u00e5t s\u00e5 att fett kan rinna av och du kan grilla med l\u00e5g fetthalt. Grillplattorna har en h\u00f6gkvalitativ [&hellip;]<\/p>\n","protected":false},"featured_media":122179,"comment_status":"open","ping_status":"closed","template":"","meta":{"_acf_changed":false,"_relevanssi_hide_post":"","_relevanssi_hide_content":"","_relevanssi_pin_for_all":"","_relevanssi_pin_keywords":"","_relevanssi_unpin_keywords":"","_relevanssi_related_keywords":"","_relevanssi_related_include_ids":"","_relevanssi_related_exclude_ids":"","_relevanssi_related_no_append":"","_relevanssi_related_not_related":"","_relevanssi_related_posts":"","_relevanssi_noindex_reason":""},"pwb-brand":[37696],"product_brand":[],"product_cat":[37035],"product_tag":[],"class_list":{"0":"post-121056","1":"product","2":"type-product","3":"status-publish","4":"has-post-thumbnail","6":"pwb-brand-rommelsbacher-sv","7":"product_cat-koksmaskiner","9":"first","10":"instock","11":"taxable","12":"shipping-taxable","13":"purchasable","14":"product-type-simple"},"acf":[],"yoast_head":"<!-- This site is optimized with the Yoast SEO plugin v27.5 - https:\/\/yoast.com\/product\/yoast-seo-wordpress\/ -->\n<title>Bordgrill BBQ 2025 - Oy Noortrade Ab<\/title>\n<meta name=\"robots\" content=\"index, follow, max-snippet:-1, max-image-preview:large, max-video-preview:-1\" \/>\n<link rel=\"canonical\" href=\"https:\/\/shop.noor.fi\/sv\/produkt\/bordgrill-bbq-2025\/\" \/>\n<meta property=\"og:locale\" content=\"sv_SE\" \/>\n<meta property=\"og:type\" content=\"article\" \/>\n<meta property=\"og:title\" content=\"Bordgrill BBQ 2025 - Oy Noortrade Ab\" \/>\n<meta property=\"og:description\" content=\"Rommelsbacher BBQ 2025 \u00e4r en h\u00f6gkvalitativ och effektiv elektrisk bordsgrill f\u00f6r grillning inomhus och utomhus. Grillen \u00e4r utrustad med tv\u00e5 avtagbara v\u00e4ndbara grillplattor, som b\u00e5da har en r\u00e4fflad yta och en sl\u00e4t Teppanyaki-yta. Grillplattorna \u00e4r n\u00e5got lutade in\u00e5t s\u00e5 att fett kan rinna av och du kan grilla med l\u00e5g fetthalt. Grillplattorna har en h\u00f6gkvalitativ [&hellip;]\" \/>\n<meta property=\"og:url\" content=\"https:\/\/shop.noor.fi\/sv\/produkt\/bordgrill-bbq-2025\/\" \/>\n<meta property=\"og:site_name\" content=\"Oy Noortrade Ab\" \/>\n<meta property=\"article:modified_time\" content=\"2026-04-22T12:52:17+00:00\" \/>\n<meta property=\"og:image\" content=\"https:\/\/shop.noor.fi\/wp-content\/uploads\/2024\/11\/4001797294203.jpg\" \/>\n\t<meta property=\"og:image:width\" content=\"1000\" \/>\n\t<meta property=\"og:image:height\" content=\"1000\" \/>\n\t<meta property=\"og:image:type\" content=\"image\/jpeg\" \/>\n<meta name=\"twitter:card\" content=\"summary_large_image\" \/>\n<meta name=\"twitter:label1\" content=\"Ber\u00e4knad l\u00e4stid\" \/>\n\t<meta name=\"twitter:data1\" content=\"2 minuter\" \/>\n<script type=\"application\/ld+json\" class=\"yoast-schema-graph\">{\"@context\":\"https:\\\/\\\/schema.org\",\"@graph\":[{\"@type\":\"WebPage\",\"@id\":\"https:\\\/\\\/shop.noor.fi\\\/sv\\\/produkt\\\/bordgrill-bbq-2025\\\/\",\"url\":\"https:\\\/\\\/shop.noor.fi\\\/sv\\\/produkt\\\/bordgrill-bbq-2025\\\/\",\"name\":\"Bordgrill BBQ 2025 - Oy Noortrade Ab\",\"isPartOf\":{\"@id\":\"https:\\\/\\\/shopnoorfi-wp31835.test.cchosting.fi\\\/#website\"},\"primaryImageOfPage\":{\"@id\":\"https:\\\/\\\/shop.noor.fi\\\/sv\\\/produkt\\\/bordgrill-bbq-2025\\\/#primaryimage\"},\"image\":{\"@id\":\"https:\\\/\\\/shop.noor.fi\\\/sv\\\/produkt\\\/bordgrill-bbq-2025\\\/#primaryimage\"},\"thumbnailUrl\":\"https:\\\/\\\/shop.noor.fi\\\/wp-content\\\/uploads\\\/2024\\\/11\\\/4001797294203.jpg\",\"datePublished\":\"2024-11-28T06:33:49+00:00\",\"dateModified\":\"2026-04-22T12:52:17+00:00\",\"breadcrumb\":{\"@id\":\"https:\\\/\\\/shop.noor.fi\\\/sv\\\/produkt\\\/bordgrill-bbq-2025\\\/#breadcrumb\"},\"inLanguage\":\"sv-SE\",\"potentialAction\":[{\"@type\":\"ReadAction\",\"target\":[\"https:\\\/\\\/shop.noor.fi\\\/sv\\\/produkt\\\/bordgrill-bbq-2025\\\/\"]}]},{\"@type\":\"ImageObject\",\"inLanguage\":\"sv-SE\",\"@id\":\"https:\\\/\\\/shop.noor.fi\\\/sv\\\/produkt\\\/bordgrill-bbq-2025\\\/#primaryimage\",\"url\":\"https:\\\/\\\/shop.noor.fi\\\/wp-content\\\/uploads\\\/2024\\\/11\\\/4001797294203.jpg\",\"contentUrl\":\"https:\\\/\\\/shop.noor.fi\\\/wp-content\\\/uploads\\\/2024\\\/11\\\/4001797294203.jpg\",\"width\":1000,\"height\":1000},{\"@type\":\"BreadcrumbList\",\"@id\":\"https:\\\/\\\/shop.noor.fi\\\/sv\\\/produkt\\\/bordgrill-bbq-2025\\\/#breadcrumb\",\"itemListElement\":[{\"@type\":\"ListItem\",\"position\":1,\"name\":\"Etusivu\",\"item\":\"https:\\\/\\\/shop.noor.fi\\\/sv\\\/\"},{\"@type\":\"ListItem\",\"position\":2,\"name\":\"Butik\",\"item\":\"https:\\\/\\\/shopnoorfi-wp31835.test.cchosting.fi\\\/sv\\\/butik\\\/\"},{\"@type\":\"ListItem\",\"position\":3,\"name\":\"Bordgrill BBQ 2025\"}]},{\"@type\":\"WebSite\",\"@id\":\"https:\\\/\\\/shopnoorfi-wp31835.test.cchosting.fi\\\/#website\",\"url\":\"https:\\\/\\\/shopnoorfi-wp31835.test.cchosting.fi\\\/\",\"name\":\"Oy Noortrade Ab\",\"description\":\"Finnish family owned company with over 30 years of professional experience in lighting &amp; interior products import and sales - reliably.\",\"publisher\":{\"@id\":\"https:\\\/\\\/shopnoorfi-wp31835.test.cchosting.fi\\\/#organization\"},\"potentialAction\":[{\"@type\":\"SearchAction\",\"target\":{\"@type\":\"EntryPoint\",\"urlTemplate\":\"https:\\\/\\\/shopnoorfi-wp31835.test.cchosting.fi\\\/?s={search_term_string}\"},\"query-input\":{\"@type\":\"PropertyValueSpecification\",\"valueRequired\":true,\"valueName\":\"search_term_string\"}}],\"inLanguage\":\"sv-SE\"},{\"@type\":\"Organization\",\"@id\":\"https:\\\/\\\/shopnoorfi-wp31835.test.cchosting.fi\\\/#organization\",\"name\":\"Oy Noortrade Ab\",\"url\":\"https:\\\/\\\/shopnoorfi-wp31835.test.cchosting.fi\\\/\",\"logo\":{\"@type\":\"ImageObject\",\"inLanguage\":\"sv-SE\",\"@id\":\"https:\\\/\\\/shopnoorfi-wp31835.test.cchosting.fi\\\/#\\\/schema\\\/logo\\\/image\\\/\",\"url\":\"https:\\\/\\\/shop.noor.fi\\\/wp-content\\\/uploads\\\/2024\\\/01\\\/Oy-Noortrade-Ab-Corbel-VERSAL-bold-BLACK.png\",\"contentUrl\":\"https:\\\/\\\/shop.noor.fi\\\/wp-content\\\/uploads\\\/2024\\\/01\\\/Oy-Noortrade-Ab-Corbel-VERSAL-bold-BLACK.png\",\"width\":721,\"height\":177,\"caption\":\"Oy Noortrade Ab\"},\"image\":{\"@id\":\"https:\\\/\\\/shopnoorfi-wp31835.test.cchosting.fi\\\/#\\\/schema\\\/logo\\\/image\\\/\"}}]}<\/script>\n<!-- \/ Yoast SEO plugin. -->","yoast_head_json":{"title":"Bordgrill BBQ 2025 - Oy Noortrade Ab","robots":{"index":"index","follow":"follow","max-snippet":"max-snippet:-1","max-image-preview":"max-image-preview:large","max-video-preview":"max-video-preview:-1"},"canonical":"https:\/\/shop.noor.fi\/sv\/produkt\/bordgrill-bbq-2025\/","og_locale":"sv_SE","og_type":"article","og_title":"Bordgrill BBQ 2025 - Oy Noortrade Ab","og_description":"Rommelsbacher BBQ 2025 \u00e4r en h\u00f6gkvalitativ och effektiv elektrisk bordsgrill f\u00f6r grillning inomhus och utomhus. Grillen \u00e4r utrustad med tv\u00e5 avtagbara v\u00e4ndbara grillplattor, som b\u00e5da har en r\u00e4fflad yta och en sl\u00e4t Teppanyaki-yta. Grillplattorna \u00e4r n\u00e5got lutade in\u00e5t s\u00e5 att fett kan rinna av och du kan grilla med l\u00e5g fetthalt. Grillplattorna har en h\u00f6gkvalitativ [&hellip;]","og_url":"https:\/\/shop.noor.fi\/sv\/produkt\/bordgrill-bbq-2025\/","og_site_name":"Oy Noortrade Ab","article_modified_time":"2026-04-22T12:52:17+00:00","og_image":[{"width":1000,"height":1000,"url":"https:\/\/shop.noor.fi\/wp-content\/uploads\/2024\/11\/4001797294203.jpg","type":"image\/jpeg"}],"twitter_card":"summary_large_image","twitter_misc":{"Ber\u00e4knad l\u00e4stid":"2 minuter"},"schema":{"@context":"https:\/\/schema.org","@graph":[{"@type":"WebPage","@id":"https:\/\/shop.noor.fi\/sv\/produkt\/bordgrill-bbq-2025\/","url":"https:\/\/shop.noor.fi\/sv\/produkt\/bordgrill-bbq-2025\/","name":"Bordgrill BBQ 2025 - Oy Noortrade Ab","isPartOf":{"@id":"https:\/\/shopnoorfi-wp31835.test.cchosting.fi\/#website"},"primaryImageOfPage":{"@id":"https:\/\/shop.noor.fi\/sv\/produkt\/bordgrill-bbq-2025\/#primaryimage"},"image":{"@id":"https:\/\/shop.noor.fi\/sv\/produkt\/bordgrill-bbq-2025\/#primaryimage"},"thumbnailUrl":"https:\/\/shop.noor.fi\/wp-content\/uploads\/2024\/11\/4001797294203.jpg","datePublished":"2024-11-28T06:33:49+00:00","dateModified":"2026-04-22T12:52:17+00:00","breadcrumb":{"@id":"https:\/\/shop.noor.fi\/sv\/produkt\/bordgrill-bbq-2025\/#breadcrumb"},"inLanguage":"sv-SE","potentialAction":[{"@type":"ReadAction","target":["https:\/\/shop.noor.fi\/sv\/produkt\/bordgrill-bbq-2025\/"]}]},{"@type":"ImageObject","inLanguage":"sv-SE","@id":"https:\/\/shop.noor.fi\/sv\/produkt\/bordgrill-bbq-2025\/#primaryimage","url":"https:\/\/shop.noor.fi\/wp-content\/uploads\/2024\/11\/4001797294203.jpg","contentUrl":"https:\/\/shop.noor.fi\/wp-content\/uploads\/2024\/11\/4001797294203.jpg","width":1000,"height":1000},{"@type":"BreadcrumbList","@id":"https:\/\/shop.noor.fi\/sv\/produkt\/bordgrill-bbq-2025\/#breadcrumb","itemListElement":[{"@type":"ListItem","position":1,"name":"Etusivu","item":"https:\/\/shop.noor.fi\/sv\/"},{"@type":"ListItem","position":2,"name":"Butik","item":"https:\/\/shopnoorfi-wp31835.test.cchosting.fi\/sv\/butik\/"},{"@type":"ListItem","position":3,"name":"Bordgrill BBQ 2025"}]},{"@type":"WebSite","@id":"https:\/\/shopnoorfi-wp31835.test.cchosting.fi\/#website","url":"https:\/\/shopnoorfi-wp31835.test.cchosting.fi\/","name":"Oy Noortrade Ab","description":"Finnish family owned company with over 30 years of professional experience in lighting &amp; interior products import and sales - reliably.","publisher":{"@id":"https:\/\/shopnoorfi-wp31835.test.cchosting.fi\/#organization"},"potentialAction":[{"@type":"SearchAction","target":{"@type":"EntryPoint","urlTemplate":"https:\/\/shopnoorfi-wp31835.test.cchosting.fi\/?s={search_term_string}"},"query-input":{"@type":"PropertyValueSpecification","valueRequired":true,"valueName":"search_term_string"}}],"inLanguage":"sv-SE"},{"@type":"Organization","@id":"https:\/\/shopnoorfi-wp31835.test.cchosting.fi\/#organization","name":"Oy Noortrade Ab","url":"https:\/\/shopnoorfi-wp31835.test.cchosting.fi\/","logo":{"@type":"ImageObject","inLanguage":"sv-SE","@id":"https:\/\/shopnoorfi-wp31835.test.cchosting.fi\/#\/schema\/logo\/image\/","url":"https:\/\/shop.noor.fi\/wp-content\/uploads\/2024\/01\/Oy-Noortrade-Ab-Corbel-VERSAL-bold-BLACK.png","contentUrl":"https:\/\/shop.noor.fi\/wp-content\/uploads\/2024\/01\/Oy-Noortrade-Ab-Corbel-VERSAL-bold-BLACK.png","width":721,"height":177,"caption":"Oy Noortrade Ab"},"image":{"@id":"https:\/\/shopnoorfi-wp31835.test.cchosting.fi\/#\/schema\/logo\/image\/"}}]}},"brands":[{"id":37696,"name":"Rommelsbacher","slug":"rommelsbacher-sv"}],"_links":{"self":[{"href":"https:\/\/shop.noor.fi\/sv\/wp-json\/wp\/v2\/product\/121056","targetHints":{"allow":["GET"]}}],"collection":[{"href":"https:\/\/shop.noor.fi\/sv\/wp-json\/wp\/v2\/product"}],"about":[{"href":"https:\/\/shop.noor.fi\/sv\/wp-json\/wp\/v2\/types\/product"}],"replies":[{"embeddable":true,"href":"https:\/\/shop.noor.fi\/sv\/wp-json\/wp\/v2\/comments?post=121056"}],"wp:featuredmedia":[{"embeddable":true,"href":"https:\/\/shop.noor.fi\/sv\/wp-json\/wp\/v2\/media\/122179"}],"wp:attachment":[{"href":"https:\/\/shop.noor.fi\/sv\/wp-json\/wp\/v2\/media?parent=121056"}],"wp:term":[{"taxonomy":"pwb-brand","embeddable":true,"href":"https:\/\/shop.noor.fi\/sv\/wp-json\/wp\/v2\/pwb-brand?post=121056"},{"taxonomy":"product_brand","embeddable":true,"href":"https:\/\/shop.noor.fi\/sv\/wp-json\/wp\/v2\/product_brand?post=121056"},{"taxonomy":"product_cat","embeddable":true,"href":"https:\/\/shop.noor.fi\/sv\/wp-json\/wp\/v2\/product_cat?post=121056"},{"taxonomy":"product_tag","embeddable":true,"href":"https:\/\/shop.noor.fi\/sv\/wp-json\/wp\/v2\/product_tag?post=121056"}],"curies":[{"name":"wp","href":"https:\/\/api.w.org\/{rel}","templated":true}]}}