{"id":120520,"date":"2024-11-14T12:49:00","date_gmt":"2024-11-14T10:49:00","guid":{"rendered":"https:\/\/shop.noor.fi\/product\/ture-matta-offwhite-70x300cm\/"},"modified":"2026-04-22T17:56:22","modified_gmt":"2026-04-22T14:56:22","slug":"ture-matta-offwhite-70x300cm","status":"publish","type":"product","link":"https:\/\/shop.noor.fi\/sv\/produkt\/ture-matta-offwhite-70x300cm\/","title":{"rendered":"Ture matta offwhite 70x300cm"},"content":{"rendered":"<p>Ture \u00e4r en l\u00e4ttplacerad och l\u00e4ttsk\u00f6tt matta i en sl\u00e4tv\u00e4vd kvalitet, v\u00e4vd med ett oregelbundet garn som ger en fin effekt.<br \/>\nDen \u00e4r tillverkad av \u00e5tervunnen PET vilket g\u00f6r den l\u00e4ttsk\u00f6tt, l\u00e4tt att torka av och l\u00e4tt smutsavvisande. Den torkar snabbt<br \/>\nvilket g\u00f6r att mattan kan anv\u00e4ndas b\u00e5de inomhus och utomhus.<br \/>\nVid anv\u00e4ndning utomhus s\u00e5 h\u00e4ng g\u00e4rna upp din matta p\u00e5 tork om den blivit bl\u00f6t av regn. <\/p>\n<p>M\u00e5tt: 70 x 300 cm<\/p>\n<p>Material: 100% polyester<\/p>\n<p>Sk\u00f6tselr\u00e5d:<br \/>\n&#8211; Fackmannm\u00e4ssig mattv\u00e4tt<\/p>\n<p>Produkten \u00e4r certifierad enligt STANDARD 100 by OEKO-TEX. Certifieringen garanterar att produkten \u00e4r testad och fri fr\u00e5n \u00e4mnen som kan vara skadliga f\u00f6r h\u00e4lsan och milj\u00f6n.<\/p>\n","protected":false},"excerpt":{"rendered":"<p>Ture \u00e4r en l\u00e4ttplacerad och l\u00e4ttsk\u00f6tt matta i en sl\u00e4tv\u00e4vd kvalitet, v\u00e4vd med ett oregelbundet garn som ger en fin effekt. Den \u00e4r tillverkad av \u00e5tervunnen PET vilket g\u00f6r den l\u00e4ttsk\u00f6tt, l\u00e4tt att torka av och l\u00e4tt smutsavvisande. Den torkar snabbt vilket g\u00f6r att mattan kan anv\u00e4ndas b\u00e5de inomhus och utomhus. Vid anv\u00e4ndning utomhus s\u00e5 [&hellip;]<\/p>\n","protected":false},"featured_media":120131,"comment_status":"open","ping_status":"closed","template":"","meta":{"_acf_changed":false,"_relevanssi_hide_post":"","_relevanssi_hide_content":"","_relevanssi_pin_for_all":"","_relevanssi_pin_keywords":"","_relevanssi_unpin_keywords":"","_relevanssi_related_keywords":"","_relevanssi_related_include_ids":"","_relevanssi_related_exclude_ids":"","_relevanssi_related_no_append":"","_relevanssi_related_not_related":"","_relevanssi_related_posts":"","_relevanssi_noindex_reason":""},"pwb-brand":[28738],"product_brand":[],"product_cat":[32071,32030],"product_tag":[],"class_list":{"0":"post-120520","1":"product","2":"type-product","3":"status-publish","4":"has-post-thumbnail","6":"pwb-brand-svanefors","7":"product_cat-mattor","8":"product_cat-hallmattor","10":"first","11":"onbackorder","12":"taxable","13":"shipping-taxable","14":"purchasable","15":"product-type-simple"},"acf":[],"yoast_head":"<!-- This site is optimized with the Yoast SEO plugin v27.5 - https:\/\/yoast.com\/product\/yoast-seo-wordpress\/ -->\n<title>Ture matta offwhite 70x300cm - Oy Noortrade Ab<\/title>\n<meta name=\"robots\" content=\"index, follow, max-snippet:-1, max-image-preview:large, max-video-preview:-1\" \/>\n<link rel=\"canonical\" href=\"https:\/\/shop.noor.fi\/produkt\/ture-matto-luonnonvalkoinen-70x300cm\/\" \/>\n<meta property=\"og:locale\" content=\"sv_SE\" \/>\n<meta property=\"og:type\" content=\"article\" \/>\n<meta property=\"og:title\" content=\"Ture matta offwhite 70x300cm - Oy Noortrade Ab\" \/>\n<meta property=\"og:description\" content=\"Ture \u00e4r en l\u00e4ttplacerad och l\u00e4ttsk\u00f6tt matta i en sl\u00e4tv\u00e4vd kvalitet, v\u00e4vd med ett oregelbundet garn som ger en fin effekt. Den \u00e4r tillverkad av \u00e5tervunnen PET vilket g\u00f6r den l\u00e4ttsk\u00f6tt, l\u00e4tt att torka av och l\u00e4tt smutsavvisande. Den torkar snabbt vilket g\u00f6r att mattan kan anv\u00e4ndas b\u00e5de inomhus och utomhus. Vid anv\u00e4ndning utomhus s\u00e5 [&hellip;]\" \/>\n<meta property=\"og:url\" content=\"https:\/\/shop.noor.fi\/produkt\/ture-matto-luonnonvalkoinen-70x300cm\/\" \/>\n<meta property=\"og:site_name\" content=\"Oy Noortrade Ab\" \/>\n<meta property=\"article:modified_time\" content=\"2026-04-22T14:56:22+00:00\" \/>\n<meta property=\"og:image\" content=\"https:\/\/shop.noor.fi\/wp-content\/uploads\/2024\/11\/7332623423908.jpg\" \/>\n\t<meta property=\"og:image:width\" content=\"908\" \/>\n\t<meta property=\"og:image:height\" content=\"1210\" \/>\n\t<meta property=\"og:image:type\" content=\"image\/jpeg\" \/>\n<meta name=\"twitter:card\" content=\"summary_large_image\" \/>\n<meta name=\"twitter:label1\" content=\"Ber\u00e4knad l\u00e4stid\" \/>\n\t<meta name=\"twitter:data1\" content=\"1 minut\" \/>\n<script type=\"application\/ld+json\" class=\"yoast-schema-graph\">{\"@context\":\"https:\\\/\\\/schema.org\",\"@graph\":[{\"@type\":\"WebPage\",\"@id\":\"https:\\\/\\\/shop.noor.fi\\\/produkt\\\/ture-matto-luonnonvalkoinen-70x300cm\\\/\",\"url\":\"https:\\\/\\\/shop.noor.fi\\\/produkt\\\/ture-matto-luonnonvalkoinen-70x300cm\\\/\",\"name\":\"Ture matta offwhite 70x300cm - Oy Noortrade Ab\",\"isPartOf\":{\"@id\":\"https:\\\/\\\/shopnoorfi-wp31835.test.cchosting.fi\\\/#website\"},\"primaryImageOfPage\":{\"@id\":\"https:\\\/\\\/shop.noor.fi\\\/produkt\\\/ture-matto-luonnonvalkoinen-70x300cm\\\/#primaryimage\"},\"image\":{\"@id\":\"https:\\\/\\\/shop.noor.fi\\\/produkt\\\/ture-matto-luonnonvalkoinen-70x300cm\\\/#primaryimage\"},\"thumbnailUrl\":\"https:\\\/\\\/shop.noor.fi\\\/wp-content\\\/uploads\\\/2024\\\/11\\\/7332623423908.jpg\",\"datePublished\":\"2024-11-14T10:49:00+00:00\",\"dateModified\":\"2026-04-22T14:56:22+00:00\",\"breadcrumb\":{\"@id\":\"https:\\\/\\\/shop.noor.fi\\\/produkt\\\/ture-matto-luonnonvalkoinen-70x300cm\\\/#breadcrumb\"},\"inLanguage\":\"sv-SE\",\"potentialAction\":[{\"@type\":\"ReadAction\",\"target\":[\"https:\\\/\\\/shop.noor.fi\\\/produkt\\\/ture-matto-luonnonvalkoinen-70x300cm\\\/\"]}]},{\"@type\":\"ImageObject\",\"inLanguage\":\"sv-SE\",\"@id\":\"https:\\\/\\\/shop.noor.fi\\\/produkt\\\/ture-matto-luonnonvalkoinen-70x300cm\\\/#primaryimage\",\"url\":\"https:\\\/\\\/shop.noor.fi\\\/wp-content\\\/uploads\\\/2024\\\/11\\\/7332623423908.jpg\",\"contentUrl\":\"https:\\\/\\\/shop.noor.fi\\\/wp-content\\\/uploads\\\/2024\\\/11\\\/7332623423908.jpg\",\"width\":908,\"height\":1210},{\"@type\":\"BreadcrumbList\",\"@id\":\"https:\\\/\\\/shop.noor.fi\\\/produkt\\\/ture-matto-luonnonvalkoinen-70x300cm\\\/#breadcrumb\",\"itemListElement\":[{\"@type\":\"ListItem\",\"position\":1,\"name\":\"Etusivu\",\"item\":\"https:\\\/\\\/shop.noor.fi\\\/sv\\\/\"},{\"@type\":\"ListItem\",\"position\":2,\"name\":\"Butik\",\"item\":\"https:\\\/\\\/shopnoorfi-wp31835.test.cchosting.fi\\\/sv\\\/butik\\\/\"},{\"@type\":\"ListItem\",\"position\":3,\"name\":\"Ture matta offwhite 70x300cm\"}]},{\"@type\":\"WebSite\",\"@id\":\"https:\\\/\\\/shopnoorfi-wp31835.test.cchosting.fi\\\/#website\",\"url\":\"https:\\\/\\\/shopnoorfi-wp31835.test.cchosting.fi\\\/\",\"name\":\"Oy Noortrade Ab\",\"description\":\"Finnish family owned company with over 30 years of professional experience in lighting &amp; interior products import and sales - reliably.\",\"publisher\":{\"@id\":\"https:\\\/\\\/shopnoorfi-wp31835.test.cchosting.fi\\\/#organization\"},\"potentialAction\":[{\"@type\":\"SearchAction\",\"target\":{\"@type\":\"EntryPoint\",\"urlTemplate\":\"https:\\\/\\\/shopnoorfi-wp31835.test.cchosting.fi\\\/?s={search_term_string}\"},\"query-input\":{\"@type\":\"PropertyValueSpecification\",\"valueRequired\":true,\"valueName\":\"search_term_string\"}}],\"inLanguage\":\"sv-SE\"},{\"@type\":\"Organization\",\"@id\":\"https:\\\/\\\/shopnoorfi-wp31835.test.cchosting.fi\\\/#organization\",\"name\":\"Oy Noortrade Ab\",\"url\":\"https:\\\/\\\/shopnoorfi-wp31835.test.cchosting.fi\\\/\",\"logo\":{\"@type\":\"ImageObject\",\"inLanguage\":\"sv-SE\",\"@id\":\"https:\\\/\\\/shopnoorfi-wp31835.test.cchosting.fi\\\/#\\\/schema\\\/logo\\\/image\\\/\",\"url\":\"https:\\\/\\\/shop.noor.fi\\\/wp-content\\\/uploads\\\/2024\\\/01\\\/Oy-Noortrade-Ab-Corbel-VERSAL-bold-BLACK.png\",\"contentUrl\":\"https:\\\/\\\/shop.noor.fi\\\/wp-content\\\/uploads\\\/2024\\\/01\\\/Oy-Noortrade-Ab-Corbel-VERSAL-bold-BLACK.png\",\"width\":721,\"height\":177,\"caption\":\"Oy Noortrade Ab\"},\"image\":{\"@id\":\"https:\\\/\\\/shopnoorfi-wp31835.test.cchosting.fi\\\/#\\\/schema\\\/logo\\\/image\\\/\"}}]}<\/script>\n<!-- \/ Yoast SEO plugin. -->","yoast_head_json":{"title":"Ture matta offwhite 70x300cm - Oy Noortrade Ab","robots":{"index":"index","follow":"follow","max-snippet":"max-snippet:-1","max-image-preview":"max-image-preview:large","max-video-preview":"max-video-preview:-1"},"canonical":"https:\/\/shop.noor.fi\/produkt\/ture-matto-luonnonvalkoinen-70x300cm\/","og_locale":"sv_SE","og_type":"article","og_title":"Ture matta offwhite 70x300cm - Oy Noortrade Ab","og_description":"Ture \u00e4r en l\u00e4ttplacerad och l\u00e4ttsk\u00f6tt matta i en sl\u00e4tv\u00e4vd kvalitet, v\u00e4vd med ett oregelbundet garn som ger en fin effekt. Den \u00e4r tillverkad av \u00e5tervunnen PET vilket g\u00f6r den l\u00e4ttsk\u00f6tt, l\u00e4tt att torka av och l\u00e4tt smutsavvisande. Den torkar snabbt vilket g\u00f6r att mattan kan anv\u00e4ndas b\u00e5de inomhus och utomhus. Vid anv\u00e4ndning utomhus s\u00e5 [&hellip;]","og_url":"https:\/\/shop.noor.fi\/produkt\/ture-matto-luonnonvalkoinen-70x300cm\/","og_site_name":"Oy Noortrade Ab","article_modified_time":"2026-04-22T14:56:22+00:00","og_image":[{"width":908,"height":1210,"url":"https:\/\/shop.noor.fi\/wp-content\/uploads\/2024\/11\/7332623423908.jpg","type":"image\/jpeg"}],"twitter_card":"summary_large_image","twitter_misc":{"Ber\u00e4knad l\u00e4stid":"1 minut"},"schema":{"@context":"https:\/\/schema.org","@graph":[{"@type":"WebPage","@id":"https:\/\/shop.noor.fi\/produkt\/ture-matto-luonnonvalkoinen-70x300cm\/","url":"https:\/\/shop.noor.fi\/produkt\/ture-matto-luonnonvalkoinen-70x300cm\/","name":"Ture matta offwhite 70x300cm - Oy Noortrade Ab","isPartOf":{"@id":"https:\/\/shopnoorfi-wp31835.test.cchosting.fi\/#website"},"primaryImageOfPage":{"@id":"https:\/\/shop.noor.fi\/produkt\/ture-matto-luonnonvalkoinen-70x300cm\/#primaryimage"},"image":{"@id":"https:\/\/shop.noor.fi\/produkt\/ture-matto-luonnonvalkoinen-70x300cm\/#primaryimage"},"thumbnailUrl":"https:\/\/shop.noor.fi\/wp-content\/uploads\/2024\/11\/7332623423908.jpg","datePublished":"2024-11-14T10:49:00+00:00","dateModified":"2026-04-22T14:56:22+00:00","breadcrumb":{"@id":"https:\/\/shop.noor.fi\/produkt\/ture-matto-luonnonvalkoinen-70x300cm\/#breadcrumb"},"inLanguage":"sv-SE","potentialAction":[{"@type":"ReadAction","target":["https:\/\/shop.noor.fi\/produkt\/ture-matto-luonnonvalkoinen-70x300cm\/"]}]},{"@type":"ImageObject","inLanguage":"sv-SE","@id":"https:\/\/shop.noor.fi\/produkt\/ture-matto-luonnonvalkoinen-70x300cm\/#primaryimage","url":"https:\/\/shop.noor.fi\/wp-content\/uploads\/2024\/11\/7332623423908.jpg","contentUrl":"https:\/\/shop.noor.fi\/wp-content\/uploads\/2024\/11\/7332623423908.jpg","width":908,"height":1210},{"@type":"BreadcrumbList","@id":"https:\/\/shop.noor.fi\/produkt\/ture-matto-luonnonvalkoinen-70x300cm\/#breadcrumb","itemListElement":[{"@type":"ListItem","position":1,"name":"Etusivu","item":"https:\/\/shop.noor.fi\/sv\/"},{"@type":"ListItem","position":2,"name":"Butik","item":"https:\/\/shopnoorfi-wp31835.test.cchosting.fi\/sv\/butik\/"},{"@type":"ListItem","position":3,"name":"Ture matta offwhite 70x300cm"}]},{"@type":"WebSite","@id":"https:\/\/shopnoorfi-wp31835.test.cchosting.fi\/#website","url":"https:\/\/shopnoorfi-wp31835.test.cchosting.fi\/","name":"Oy Noortrade Ab","description":"Finnish family owned company with over 30 years of professional experience in lighting &amp; interior products import and sales - reliably.","publisher":{"@id":"https:\/\/shopnoorfi-wp31835.test.cchosting.fi\/#organization"},"potentialAction":[{"@type":"SearchAction","target":{"@type":"EntryPoint","urlTemplate":"https:\/\/shopnoorfi-wp31835.test.cchosting.fi\/?s={search_term_string}"},"query-input":{"@type":"PropertyValueSpecification","valueRequired":true,"valueName":"search_term_string"}}],"inLanguage":"sv-SE"},{"@type":"Organization","@id":"https:\/\/shopnoorfi-wp31835.test.cchosting.fi\/#organization","name":"Oy Noortrade Ab","url":"https:\/\/shopnoorfi-wp31835.test.cchosting.fi\/","logo":{"@type":"ImageObject","inLanguage":"sv-SE","@id":"https:\/\/shopnoorfi-wp31835.test.cchosting.fi\/#\/schema\/logo\/image\/","url":"https:\/\/shop.noor.fi\/wp-content\/uploads\/2024\/01\/Oy-Noortrade-Ab-Corbel-VERSAL-bold-BLACK.png","contentUrl":"https:\/\/shop.noor.fi\/wp-content\/uploads\/2024\/01\/Oy-Noortrade-Ab-Corbel-VERSAL-bold-BLACK.png","width":721,"height":177,"caption":"Oy Noortrade Ab"},"image":{"@id":"https:\/\/shopnoorfi-wp31835.test.cchosting.fi\/#\/schema\/logo\/image\/"}}]}},"brands":[{"id":28738,"name":"Svanefors","slug":"svanefors"}],"_links":{"self":[{"href":"https:\/\/shop.noor.fi\/sv\/wp-json\/wp\/v2\/product\/120520","targetHints":{"allow":["GET"]}}],"collection":[{"href":"https:\/\/shop.noor.fi\/sv\/wp-json\/wp\/v2\/product"}],"about":[{"href":"https:\/\/shop.noor.fi\/sv\/wp-json\/wp\/v2\/types\/product"}],"replies":[{"embeddable":true,"href":"https:\/\/shop.noor.fi\/sv\/wp-json\/wp\/v2\/comments?post=120520"}],"wp:featuredmedia":[{"embeddable":true,"href":"https:\/\/shop.noor.fi\/sv\/wp-json\/wp\/v2\/media\/120131"}],"wp:attachment":[{"href":"https:\/\/shop.noor.fi\/sv\/wp-json\/wp\/v2\/media?parent=120520"}],"wp:term":[{"taxonomy":"pwb-brand","embeddable":true,"href":"https:\/\/shop.noor.fi\/sv\/wp-json\/wp\/v2\/pwb-brand?post=120520"},{"taxonomy":"product_brand","embeddable":true,"href":"https:\/\/shop.noor.fi\/sv\/wp-json\/wp\/v2\/product_brand?post=120520"},{"taxonomy":"product_cat","embeddable":true,"href":"https:\/\/shop.noor.fi\/sv\/wp-json\/wp\/v2\/product_cat?post=120520"},{"taxonomy":"product_tag","embeddable":true,"href":"https:\/\/shop.noor.fi\/sv\/wp-json\/wp\/v2\/product_tag?post=120520"}],"curies":[{"name":"wp","href":"https:\/\/api.w.org\/{rel}","templated":true}]}}