{"id":119384,"date":"2024-11-11T13:07:35","date_gmt":"2024-11-11T11:07:35","guid":{"rendered":"https:\/\/shop.noor.fi\/product\/moveglow-uppladdningsbar-bordslampa-3st-oliv\/"},"modified":"2026-02-27T22:07:40","modified_gmt":"2026-02-27T20:07:40","slug":"moveglow-uppladdningsbar-bordslampa-3st-oliv","status":"publish","type":"product","link":"https:\/\/shop.noor.fi\/sv\/produkt\/moveglow-uppladdningsbar-bordslampa-3st-oliv\/","title":{"rendered":"MoveGlow uppladdningsbar bordslampa 3st oliv"},"content":{"rendered":"<p>MoveGlow \u00e4r ett set med 3 uppladdningsbara lampor och en laddningsplatta. LED-lamporna har varmvitt sken och de kan anv\u00e4ndas b\u00e5de inomhus och utomhus.<br \/>\nLamporna sl\u00e5s p\u00e5 och av med en kort ber\u00f6ring, och kan dimras stegl\u00f6st med en l\u00e4ngre ber\u00f6ring.<br \/>\nLED-lamporna kan beh\u00e4ndigt laddas med laddningsplattan och USB-C-kabeln (ing\u00e5r) eller direkt med USB-C-kabeln. N\u00e4tadaptern ing\u00e5r ej. Lamporna m\u00e5ste laddas inomhus.<br \/>\nLaddningstiden \u00e4r ca 2,5 &#8211; 3,5 timmar, och lamporna lyser ca 4 timmar p\u00e5 h\u00f6gsta ljusstyrkan.<br \/>\nIntegrerad LED, lamporna \u00e4r ej utbytbara.<\/p>\n<p>Diameter 9 cm<br \/>\nH\u00f6jd 8 cm<\/p>\n","protected":false},"excerpt":{"rendered":"<p>MoveGlow \u00e4r ett set med 3 uppladdningsbara lampor och en laddningsplatta. LED-lamporna har varmvitt sken och de kan anv\u00e4ndas b\u00e5de inomhus och utomhus. Lamporna sl\u00e5s p\u00e5 och av med en kort ber\u00f6ring, och kan dimras stegl\u00f6st med en l\u00e4ngre ber\u00f6ring. LED-lamporna kan beh\u00e4ndigt laddas med laddningsplattan och USB-C-kabeln (ing\u00e5r) eller direkt med USB-C-kabeln. N\u00e4tadaptern ing\u00e5r [&hellip;]<\/p>\n","protected":false},"featured_media":119431,"comment_status":"open","ping_status":"closed","template":"","meta":{"_acf_changed":false,"_relevanssi_hide_post":"","_relevanssi_hide_content":"","_relevanssi_pin_for_all":"","_relevanssi_pin_keywords":"","_relevanssi_unpin_keywords":"","_relevanssi_related_keywords":"","_relevanssi_related_include_ids":"","_relevanssi_related_exclude_ids":"","_relevanssi_related_no_append":"","_relevanssi_related_not_related":"","_relevanssi_related_posts":"","_relevanssi_noindex_reason":""},"pwb-brand":[37487,28731],"product_brand":[],"product_cat":[32051,32052,31883,32106,31886,31806],"product_tag":[],"class_list":{"0":"post-119384","1":"product","2":"type-product","3":"status-publish","4":"has-post-thumbnail","6":"pwb-brand-noor-sv","7":"pwb-brand-noor","8":"product_cat-laddbara-lampor","9":"product_cat-laddbara-lampor-for-utomhusbruk","10":"product_cat-poytavalaisimet-terassivalaisimet","11":"product_cat-bordslampor-sv","12":"product_cat-ladattavat-valaisimet-ulkokayttoon","13":"product_cat-ladattavat-valaisimet","15":"first","16":"instock","17":"taxable","18":"shipping-taxable","19":"purchasable","20":"product-type-simple"},"acf":[],"yoast_head":"<!-- This site is optimized with the Yoast SEO plugin v27.5 - https:\/\/yoast.com\/product\/yoast-seo-wordpress\/ -->\n<title>MoveGlow uppladdningsbar bordslampa 3st oliv - Oy Noortrade Ab<\/title>\n<meta name=\"robots\" content=\"index, follow, max-snippet:-1, max-image-preview:large, max-video-preview:-1\" \/>\n<link rel=\"canonical\" href=\"https:\/\/shop.noor.fi\/produkt\/moveglow-ladattava-poytavalaisin-3kpl-oliivi\/\" \/>\n<meta property=\"og:locale\" content=\"sv_SE\" \/>\n<meta property=\"og:type\" content=\"article\" \/>\n<meta property=\"og:title\" content=\"MoveGlow uppladdningsbar bordslampa 3st oliv - Oy Noortrade Ab\" \/>\n<meta property=\"og:description\" content=\"MoveGlow \u00e4r ett set med 3 uppladdningsbara lampor och en laddningsplatta. LED-lamporna har varmvitt sken och de kan anv\u00e4ndas b\u00e5de inomhus och utomhus. Lamporna sl\u00e5s p\u00e5 och av med en kort ber\u00f6ring, och kan dimras stegl\u00f6st med en l\u00e4ngre ber\u00f6ring. LED-lamporna kan beh\u00e4ndigt laddas med laddningsplattan och USB-C-kabeln (ing\u00e5r) eller direkt med USB-C-kabeln. N\u00e4tadaptern ing\u00e5r [&hellip;]\" \/>\n<meta property=\"og:url\" content=\"https:\/\/shop.noor.fi\/produkt\/moveglow-ladattava-poytavalaisin-3kpl-oliivi\/\" \/>\n<meta property=\"og:site_name\" content=\"Oy Noortrade Ab\" \/>\n<meta property=\"article:modified_time\" content=\"2026-02-27T20:07:40+00:00\" \/>\n<meta property=\"og:image\" content=\"https:\/\/shop.noor.fi\/wp-content\/uploads\/2024\/11\/7611453013276.jpg\" \/>\n\t<meta property=\"og:image:width\" content=\"1200\" \/>\n\t<meta property=\"og:image:height\" content=\"673\" \/>\n\t<meta property=\"og:image:type\" content=\"image\/jpeg\" \/>\n<meta name=\"twitter:card\" content=\"summary_large_image\" \/>\n<script type=\"application\/ld+json\" class=\"yoast-schema-graph\">{\"@context\":\"https:\\\/\\\/schema.org\",\"@graph\":[{\"@type\":\"WebPage\",\"@id\":\"https:\\\/\\\/shop.noor.fi\\\/produkt\\\/moveglow-ladattava-poytavalaisin-3kpl-oliivi\\\/\",\"url\":\"https:\\\/\\\/shop.noor.fi\\\/produkt\\\/moveglow-ladattava-poytavalaisin-3kpl-oliivi\\\/\",\"name\":\"MoveGlow uppladdningsbar bordslampa 3st oliv - Oy Noortrade Ab\",\"isPartOf\":{\"@id\":\"https:\\\/\\\/shopnoorfi-wp31835.test.cchosting.fi\\\/#website\"},\"primaryImageOfPage\":{\"@id\":\"https:\\\/\\\/shop.noor.fi\\\/produkt\\\/moveglow-ladattava-poytavalaisin-3kpl-oliivi\\\/#primaryimage\"},\"image\":{\"@id\":\"https:\\\/\\\/shop.noor.fi\\\/produkt\\\/moveglow-ladattava-poytavalaisin-3kpl-oliivi\\\/#primaryimage\"},\"thumbnailUrl\":\"https:\\\/\\\/shop.noor.fi\\\/wp-content\\\/uploads\\\/2024\\\/11\\\/7611453013276.jpg\",\"datePublished\":\"2024-11-11T11:07:35+00:00\",\"dateModified\":\"2026-02-27T20:07:40+00:00\",\"breadcrumb\":{\"@id\":\"https:\\\/\\\/shop.noor.fi\\\/produkt\\\/moveglow-ladattava-poytavalaisin-3kpl-oliivi\\\/#breadcrumb\"},\"inLanguage\":\"sv-SE\",\"potentialAction\":[{\"@type\":\"ReadAction\",\"target\":[\"https:\\\/\\\/shop.noor.fi\\\/produkt\\\/moveglow-ladattava-poytavalaisin-3kpl-oliivi\\\/\"]}]},{\"@type\":\"ImageObject\",\"inLanguage\":\"sv-SE\",\"@id\":\"https:\\\/\\\/shop.noor.fi\\\/produkt\\\/moveglow-ladattava-poytavalaisin-3kpl-oliivi\\\/#primaryimage\",\"url\":\"https:\\\/\\\/shop.noor.fi\\\/wp-content\\\/uploads\\\/2024\\\/11\\\/7611453013276.jpg\",\"contentUrl\":\"https:\\\/\\\/shop.noor.fi\\\/wp-content\\\/uploads\\\/2024\\\/11\\\/7611453013276.jpg\",\"width\":1200,\"height\":673},{\"@type\":\"BreadcrumbList\",\"@id\":\"https:\\\/\\\/shop.noor.fi\\\/produkt\\\/moveglow-ladattava-poytavalaisin-3kpl-oliivi\\\/#breadcrumb\",\"itemListElement\":[{\"@type\":\"ListItem\",\"position\":1,\"name\":\"Etusivu\",\"item\":\"https:\\\/\\\/shop.noor.fi\\\/sv\\\/\"},{\"@type\":\"ListItem\",\"position\":2,\"name\":\"Butik\",\"item\":\"https:\\\/\\\/shopnoorfi-wp31835.test.cchosting.fi\\\/sv\\\/butik\\\/\"},{\"@type\":\"ListItem\",\"position\":3,\"name\":\"MoveGlow uppladdningsbar bordslampa 3st oliv\"}]},{\"@type\":\"WebSite\",\"@id\":\"https:\\\/\\\/shopnoorfi-wp31835.test.cchosting.fi\\\/#website\",\"url\":\"https:\\\/\\\/shopnoorfi-wp31835.test.cchosting.fi\\\/\",\"name\":\"Oy Noortrade Ab\",\"description\":\"Finnish family owned company with over 30 years of professional experience in lighting &amp; interior products import and sales - reliably.\",\"publisher\":{\"@id\":\"https:\\\/\\\/shopnoorfi-wp31835.test.cchosting.fi\\\/#organization\"},\"potentialAction\":[{\"@type\":\"SearchAction\",\"target\":{\"@type\":\"EntryPoint\",\"urlTemplate\":\"https:\\\/\\\/shopnoorfi-wp31835.test.cchosting.fi\\\/?s={search_term_string}\"},\"query-input\":{\"@type\":\"PropertyValueSpecification\",\"valueRequired\":true,\"valueName\":\"search_term_string\"}}],\"inLanguage\":\"sv-SE\"},{\"@type\":\"Organization\",\"@id\":\"https:\\\/\\\/shopnoorfi-wp31835.test.cchosting.fi\\\/#organization\",\"name\":\"Oy Noortrade Ab\",\"url\":\"https:\\\/\\\/shopnoorfi-wp31835.test.cchosting.fi\\\/\",\"logo\":{\"@type\":\"ImageObject\",\"inLanguage\":\"sv-SE\",\"@id\":\"https:\\\/\\\/shopnoorfi-wp31835.test.cchosting.fi\\\/#\\\/schema\\\/logo\\\/image\\\/\",\"url\":\"https:\\\/\\\/shop.noor.fi\\\/wp-content\\\/uploads\\\/2024\\\/01\\\/Oy-Noortrade-Ab-Corbel-VERSAL-bold-BLACK.png\",\"contentUrl\":\"https:\\\/\\\/shop.noor.fi\\\/wp-content\\\/uploads\\\/2024\\\/01\\\/Oy-Noortrade-Ab-Corbel-VERSAL-bold-BLACK.png\",\"width\":721,\"height\":177,\"caption\":\"Oy Noortrade Ab\"},\"image\":{\"@id\":\"https:\\\/\\\/shopnoorfi-wp31835.test.cchosting.fi\\\/#\\\/schema\\\/logo\\\/image\\\/\"}}]}<\/script>\n<!-- \/ Yoast SEO plugin. -->","yoast_head_json":{"title":"MoveGlow uppladdningsbar bordslampa 3st oliv - Oy Noortrade Ab","robots":{"index":"index","follow":"follow","max-snippet":"max-snippet:-1","max-image-preview":"max-image-preview:large","max-video-preview":"max-video-preview:-1"},"canonical":"https:\/\/shop.noor.fi\/produkt\/moveglow-ladattava-poytavalaisin-3kpl-oliivi\/","og_locale":"sv_SE","og_type":"article","og_title":"MoveGlow uppladdningsbar bordslampa 3st oliv - Oy Noortrade Ab","og_description":"MoveGlow \u00e4r ett set med 3 uppladdningsbara lampor och en laddningsplatta. LED-lamporna har varmvitt sken och de kan anv\u00e4ndas b\u00e5de inomhus och utomhus. Lamporna sl\u00e5s p\u00e5 och av med en kort ber\u00f6ring, och kan dimras stegl\u00f6st med en l\u00e4ngre ber\u00f6ring. LED-lamporna kan beh\u00e4ndigt laddas med laddningsplattan och USB-C-kabeln (ing\u00e5r) eller direkt med USB-C-kabeln. N\u00e4tadaptern ing\u00e5r [&hellip;]","og_url":"https:\/\/shop.noor.fi\/produkt\/moveglow-ladattava-poytavalaisin-3kpl-oliivi\/","og_site_name":"Oy Noortrade Ab","article_modified_time":"2026-02-27T20:07:40+00:00","og_image":[{"width":1200,"height":673,"url":"https:\/\/shop.noor.fi\/wp-content\/uploads\/2024\/11\/7611453013276.jpg","type":"image\/jpeg"}],"twitter_card":"summary_large_image","schema":{"@context":"https:\/\/schema.org","@graph":[{"@type":"WebPage","@id":"https:\/\/shop.noor.fi\/produkt\/moveglow-ladattava-poytavalaisin-3kpl-oliivi\/","url":"https:\/\/shop.noor.fi\/produkt\/moveglow-ladattava-poytavalaisin-3kpl-oliivi\/","name":"MoveGlow uppladdningsbar bordslampa 3st oliv - Oy Noortrade Ab","isPartOf":{"@id":"https:\/\/shopnoorfi-wp31835.test.cchosting.fi\/#website"},"primaryImageOfPage":{"@id":"https:\/\/shop.noor.fi\/produkt\/moveglow-ladattava-poytavalaisin-3kpl-oliivi\/#primaryimage"},"image":{"@id":"https:\/\/shop.noor.fi\/produkt\/moveglow-ladattava-poytavalaisin-3kpl-oliivi\/#primaryimage"},"thumbnailUrl":"https:\/\/shop.noor.fi\/wp-content\/uploads\/2024\/11\/7611453013276.jpg","datePublished":"2024-11-11T11:07:35+00:00","dateModified":"2026-02-27T20:07:40+00:00","breadcrumb":{"@id":"https:\/\/shop.noor.fi\/produkt\/moveglow-ladattava-poytavalaisin-3kpl-oliivi\/#breadcrumb"},"inLanguage":"sv-SE","potentialAction":[{"@type":"ReadAction","target":["https:\/\/shop.noor.fi\/produkt\/moveglow-ladattava-poytavalaisin-3kpl-oliivi\/"]}]},{"@type":"ImageObject","inLanguage":"sv-SE","@id":"https:\/\/shop.noor.fi\/produkt\/moveglow-ladattava-poytavalaisin-3kpl-oliivi\/#primaryimage","url":"https:\/\/shop.noor.fi\/wp-content\/uploads\/2024\/11\/7611453013276.jpg","contentUrl":"https:\/\/shop.noor.fi\/wp-content\/uploads\/2024\/11\/7611453013276.jpg","width":1200,"height":673},{"@type":"BreadcrumbList","@id":"https:\/\/shop.noor.fi\/produkt\/moveglow-ladattava-poytavalaisin-3kpl-oliivi\/#breadcrumb","itemListElement":[{"@type":"ListItem","position":1,"name":"Etusivu","item":"https:\/\/shop.noor.fi\/sv\/"},{"@type":"ListItem","position":2,"name":"Butik","item":"https:\/\/shopnoorfi-wp31835.test.cchosting.fi\/sv\/butik\/"},{"@type":"ListItem","position":3,"name":"MoveGlow uppladdningsbar bordslampa 3st oliv"}]},{"@type":"WebSite","@id":"https:\/\/shopnoorfi-wp31835.test.cchosting.fi\/#website","url":"https:\/\/shopnoorfi-wp31835.test.cchosting.fi\/","name":"Oy Noortrade Ab","description":"Finnish family owned company with over 30 years of professional experience in lighting &amp; interior products import and sales - reliably.","publisher":{"@id":"https:\/\/shopnoorfi-wp31835.test.cchosting.fi\/#organization"},"potentialAction":[{"@type":"SearchAction","target":{"@type":"EntryPoint","urlTemplate":"https:\/\/shopnoorfi-wp31835.test.cchosting.fi\/?s={search_term_string}"},"query-input":{"@type":"PropertyValueSpecification","valueRequired":true,"valueName":"search_term_string"}}],"inLanguage":"sv-SE"},{"@type":"Organization","@id":"https:\/\/shopnoorfi-wp31835.test.cchosting.fi\/#organization","name":"Oy Noortrade Ab","url":"https:\/\/shopnoorfi-wp31835.test.cchosting.fi\/","logo":{"@type":"ImageObject","inLanguage":"sv-SE","@id":"https:\/\/shopnoorfi-wp31835.test.cchosting.fi\/#\/schema\/logo\/image\/","url":"https:\/\/shop.noor.fi\/wp-content\/uploads\/2024\/01\/Oy-Noortrade-Ab-Corbel-VERSAL-bold-BLACK.png","contentUrl":"https:\/\/shop.noor.fi\/wp-content\/uploads\/2024\/01\/Oy-Noortrade-Ab-Corbel-VERSAL-bold-BLACK.png","width":721,"height":177,"caption":"Oy Noortrade Ab"},"image":{"@id":"https:\/\/shopnoorfi-wp31835.test.cchosting.fi\/#\/schema\/logo\/image\/"}}]}},"brands":[{"id":28731,"name":"Noor","slug":"noor"},{"id":37487,"name":"Noor","slug":"noor-sv"}],"_links":{"self":[{"href":"https:\/\/shop.noor.fi\/sv\/wp-json\/wp\/v2\/product\/119384","targetHints":{"allow":["GET"]}}],"collection":[{"href":"https:\/\/shop.noor.fi\/sv\/wp-json\/wp\/v2\/product"}],"about":[{"href":"https:\/\/shop.noor.fi\/sv\/wp-json\/wp\/v2\/types\/product"}],"replies":[{"embeddable":true,"href":"https:\/\/shop.noor.fi\/sv\/wp-json\/wp\/v2\/comments?post=119384"}],"wp:featuredmedia":[{"embeddable":true,"href":"https:\/\/shop.noor.fi\/sv\/wp-json\/wp\/v2\/media\/119431"}],"wp:attachment":[{"href":"https:\/\/shop.noor.fi\/sv\/wp-json\/wp\/v2\/media?parent=119384"}],"wp:term":[{"taxonomy":"pwb-brand","embeddable":true,"href":"https:\/\/shop.noor.fi\/sv\/wp-json\/wp\/v2\/pwb-brand?post=119384"},{"taxonomy":"product_brand","embeddable":true,"href":"https:\/\/shop.noor.fi\/sv\/wp-json\/wp\/v2\/product_brand?post=119384"},{"taxonomy":"product_cat","embeddable":true,"href":"https:\/\/shop.noor.fi\/sv\/wp-json\/wp\/v2\/product_cat?post=119384"},{"taxonomy":"product_tag","embeddable":true,"href":"https:\/\/shop.noor.fi\/sv\/wp-json\/wp\/v2\/product_tag?post=119384"}],"curies":[{"name":"wp","href":"https:\/\/api.w.org\/{rel}","templated":true}]}}