{"id":119006,"date":"2024-11-11T13:53:48","date_gmt":"2024-11-11T11:53:48","guid":{"rendered":"https:\/\/shop.noor.fi\/product\/wera-bordslampa-orange-gron-47cm\/"},"modified":"2026-01-20T19:30:29","modified_gmt":"2026-01-20T17:30:29","slug":"wera-bordslampa-orange-gron-47cm","status":"publish","type":"product","link":"https:\/\/shop.noor.fi\/sv\/produkt\/wera-bordslampa-orange-gron-47cm\/","title":{"rendered":"Wera bordslampa orange\/gr\u00f6n 47cm"},"content":{"rendered":"<p>Inspirerade av klockformade blommans elegans och den gr\u00f6na stj\u00e4lken har PR Home skapat denna lampa. Lampan \u00e4r en hommage till bordslampa Wells i lite mindre format med limiterad upplaga. Lampsk\u00e4rmen har en guldf\u00e4rgad insida som sprider ett varmt och h\u00e4rligt sken, vilket skapar en mysig atmosf\u00e4r. Lampans sk\u00e4rm \u00e4r handgjord, vilket inneb\u00e4r att mindre avvikelser i h\u00f6jd och bredd kan f\u00f6rekomma, vilket tillf\u00f6r en unik charm.<br \/>\nMed sina fina former och ljuvliga pastellf\u00e4rger kommer bordslampan Wera att pryda ditt hem p\u00e5 ett vackert s\u00e4tt.<br \/>\nLampan har en 160 cm l\u00e5ng svart plastsladd med str\u00f6mbrytare placerad ca 30 cm fr\u00e5n lampan.<br \/>\nE27, max 25W. Ljusk\u00e4lla och lampsk\u00e4rm ing\u00e5r ej.<\/p>\n<p>Diameter 20 cm<br \/>\nH\u00f6jd 47 cm<\/p>\n","protected":false},"excerpt":{"rendered":"<p>Inspirerade av klockformade blommans elegans och den gr\u00f6na stj\u00e4lken har PR Home skapat denna lampa. Lampan \u00e4r en hommage till bordslampa Wells i lite mindre format med limiterad upplaga. Lampsk\u00e4rmen har en guldf\u00e4rgad insida som sprider ett varmt och h\u00e4rligt sken, vilket skapar en mysig atmosf\u00e4r. Lampans sk\u00e4rm \u00e4r handgjord, vilket inneb\u00e4r att mindre avvikelser [&hellip;]<\/p>\n","protected":false},"featured_media":119229,"comment_status":"open","ping_status":"closed","template":"","meta":{"_acf_changed":false,"_relevanssi_hide_post":"","_relevanssi_hide_content":"","_relevanssi_pin_for_all":"","_relevanssi_pin_keywords":"","_relevanssi_unpin_keywords":"","_relevanssi_related_keywords":"","_relevanssi_related_include_ids":"","_relevanssi_related_exclude_ids":"","_relevanssi_related_no_append":"","_relevanssi_related_not_related":"","_relevanssi_related_posts":"","_relevanssi_noindex_reason":""},"pwb-brand":[28732],"product_brand":[],"product_cat":[32105],"product_tag":[],"class_list":{"0":"post-119006","1":"product","2":"type-product","3":"status-publish","4":"has-post-thumbnail","6":"pwb-brand-pr-home","7":"product_cat-bordslampor","9":"first","10":"instock","11":"taxable","12":"shipping-taxable","13":"purchasable","14":"product-type-simple"},"acf":[],"yoast_head":"<!-- This site is optimized with the Yoast SEO plugin v27.6 - https:\/\/yoast.com\/product\/yoast-seo-wordpress\/ -->\n<title>Wera bordslampa orange\/gr\u00f6n 47cm - Oy Noortrade Ab<\/title>\n<meta name=\"robots\" content=\"index, follow, max-snippet:-1, max-image-preview:large, max-video-preview:-1\" \/>\n<link rel=\"canonical\" href=\"https:\/\/shop.noor.fi\/sv\/produkt\/wera-bordslampa-orange-gron-47cm\/\" \/>\n<meta property=\"og:locale\" content=\"sv_SE\" \/>\n<meta property=\"og:type\" content=\"article\" \/>\n<meta property=\"og:title\" content=\"Wera bordslampa orange\/gr\u00f6n 47cm - Oy Noortrade Ab\" \/>\n<meta property=\"og:description\" content=\"Inspirerade av klockformade blommans elegans och den gr\u00f6na stj\u00e4lken har PR Home skapat denna lampa. Lampan \u00e4r en hommage till bordslampa Wells i lite mindre format med limiterad upplaga. Lampsk\u00e4rmen har en guldf\u00e4rgad insida som sprider ett varmt och h\u00e4rligt sken, vilket skapar en mysig atmosf\u00e4r. Lampans sk\u00e4rm \u00e4r handgjord, vilket inneb\u00e4r att mindre avvikelser [&hellip;]\" \/>\n<meta property=\"og:url\" content=\"https:\/\/shop.noor.fi\/sv\/produkt\/wera-bordslampa-orange-gron-47cm\/\" \/>\n<meta property=\"og:site_name\" content=\"Oy Noortrade Ab\" \/>\n<meta property=\"article:modified_time\" content=\"2026-01-20T17:30:29+00:00\" \/>\n<meta property=\"og:image\" content=\"https:\/\/shop.noor.fi\/wp-content\/uploads\/2024\/11\/7330976142545_2.jpg\" \/>\n\t<meta property=\"og:image:width\" content=\"908\" \/>\n\t<meta property=\"og:image:height\" content=\"1210\" \/>\n\t<meta property=\"og:image:type\" content=\"image\/jpeg\" \/>\n<meta name=\"twitter:card\" content=\"summary_large_image\" \/>\n<meta name=\"twitter:label1\" content=\"Ber\u00e4knad l\u00e4stid\" \/>\n\t<meta name=\"twitter:data1\" content=\"1 minut\" \/>\n<script type=\"application\/ld+json\" class=\"yoast-schema-graph\">{\"@context\":\"https:\\\/\\\/schema.org\",\"@graph\":[{\"@type\":\"WebPage\",\"@id\":\"https:\\\/\\\/shop.noor.fi\\\/sv\\\/produkt\\\/wera-bordslampa-orange-gron-47cm\\\/\",\"url\":\"https:\\\/\\\/shop.noor.fi\\\/sv\\\/produkt\\\/wera-bordslampa-orange-gron-47cm\\\/\",\"name\":\"Wera bordslampa orange\\\/gr\u00f6n 47cm - Oy Noortrade Ab\",\"isPartOf\":{\"@id\":\"https:\\\/\\\/shopnoorfi-wp31835.test.cchosting.fi\\\/#website\"},\"primaryImageOfPage\":{\"@id\":\"https:\\\/\\\/shop.noor.fi\\\/sv\\\/produkt\\\/wera-bordslampa-orange-gron-47cm\\\/#primaryimage\"},\"image\":{\"@id\":\"https:\\\/\\\/shop.noor.fi\\\/sv\\\/produkt\\\/wera-bordslampa-orange-gron-47cm\\\/#primaryimage\"},\"thumbnailUrl\":\"https:\\\/\\\/shop.noor.fi\\\/wp-content\\\/uploads\\\/2024\\\/11\\\/7330976142545_2.jpg\",\"datePublished\":\"2024-11-11T11:53:48+00:00\",\"dateModified\":\"2026-01-20T17:30:29+00:00\",\"breadcrumb\":{\"@id\":\"https:\\\/\\\/shop.noor.fi\\\/sv\\\/produkt\\\/wera-bordslampa-orange-gron-47cm\\\/#breadcrumb\"},\"inLanguage\":\"sv-SE\",\"potentialAction\":[{\"@type\":\"ReadAction\",\"target\":[\"https:\\\/\\\/shop.noor.fi\\\/sv\\\/produkt\\\/wera-bordslampa-orange-gron-47cm\\\/\"]}]},{\"@type\":\"ImageObject\",\"inLanguage\":\"sv-SE\",\"@id\":\"https:\\\/\\\/shop.noor.fi\\\/sv\\\/produkt\\\/wera-bordslampa-orange-gron-47cm\\\/#primaryimage\",\"url\":\"https:\\\/\\\/shop.noor.fi\\\/wp-content\\\/uploads\\\/2024\\\/11\\\/7330976142545_2.jpg\",\"contentUrl\":\"https:\\\/\\\/shop.noor.fi\\\/wp-content\\\/uploads\\\/2024\\\/11\\\/7330976142545_2.jpg\",\"width\":908,\"height\":1210},{\"@type\":\"BreadcrumbList\",\"@id\":\"https:\\\/\\\/shop.noor.fi\\\/sv\\\/produkt\\\/wera-bordslampa-orange-gron-47cm\\\/#breadcrumb\",\"itemListElement\":[{\"@type\":\"ListItem\",\"position\":1,\"name\":\"Etusivu\",\"item\":\"https:\\\/\\\/shop.noor.fi\\\/sv\\\/\"},{\"@type\":\"ListItem\",\"position\":2,\"name\":\"Butik\",\"item\":\"https:\\\/\\\/shopnoorfi-wp31835.test.cchosting.fi\\\/sv\\\/butik\\\/\"},{\"@type\":\"ListItem\",\"position\":3,\"name\":\"Wera bordslampa orange\\\/gr\u00f6n 47cm\"}]},{\"@type\":\"WebSite\",\"@id\":\"https:\\\/\\\/shopnoorfi-wp31835.test.cchosting.fi\\\/#website\",\"url\":\"https:\\\/\\\/shopnoorfi-wp31835.test.cchosting.fi\\\/\",\"name\":\"Oy Noortrade Ab\",\"description\":\"Finnish family owned company with over 30 years of professional experience in lighting &amp; interior products import and sales - reliably.\",\"publisher\":{\"@id\":\"https:\\\/\\\/shopnoorfi-wp31835.test.cchosting.fi\\\/#organization\"},\"potentialAction\":[{\"@type\":\"SearchAction\",\"target\":{\"@type\":\"EntryPoint\",\"urlTemplate\":\"https:\\\/\\\/shopnoorfi-wp31835.test.cchosting.fi\\\/?s={search_term_string}\"},\"query-input\":{\"@type\":\"PropertyValueSpecification\",\"valueRequired\":true,\"valueName\":\"search_term_string\"}}],\"inLanguage\":\"sv-SE\"},{\"@type\":\"Organization\",\"@id\":\"https:\\\/\\\/shopnoorfi-wp31835.test.cchosting.fi\\\/#organization\",\"name\":\"Oy Noortrade Ab\",\"url\":\"https:\\\/\\\/shopnoorfi-wp31835.test.cchosting.fi\\\/\",\"logo\":{\"@type\":\"ImageObject\",\"inLanguage\":\"sv-SE\",\"@id\":\"https:\\\/\\\/shopnoorfi-wp31835.test.cchosting.fi\\\/#\\\/schema\\\/logo\\\/image\\\/\",\"url\":\"https:\\\/\\\/shop.noor.fi\\\/wp-content\\\/uploads\\\/2024\\\/01\\\/Oy-Noortrade-Ab-Corbel-VERSAL-bold-BLACK.png\",\"contentUrl\":\"https:\\\/\\\/shop.noor.fi\\\/wp-content\\\/uploads\\\/2024\\\/01\\\/Oy-Noortrade-Ab-Corbel-VERSAL-bold-BLACK.png\",\"width\":721,\"height\":177,\"caption\":\"Oy Noortrade Ab\"},\"image\":{\"@id\":\"https:\\\/\\\/shopnoorfi-wp31835.test.cchosting.fi\\\/#\\\/schema\\\/logo\\\/image\\\/\"}}]}<\/script>\n<!-- \/ Yoast SEO plugin. -->","yoast_head_json":{"title":"Wera bordslampa orange\/gr\u00f6n 47cm - Oy Noortrade Ab","robots":{"index":"index","follow":"follow","max-snippet":"max-snippet:-1","max-image-preview":"max-image-preview:large","max-video-preview":"max-video-preview:-1"},"canonical":"https:\/\/shop.noor.fi\/sv\/produkt\/wera-bordslampa-orange-gron-47cm\/","og_locale":"sv_SE","og_type":"article","og_title":"Wera bordslampa orange\/gr\u00f6n 47cm - Oy Noortrade Ab","og_description":"Inspirerade av klockformade blommans elegans och den gr\u00f6na stj\u00e4lken har PR Home skapat denna lampa. Lampan \u00e4r en hommage till bordslampa Wells i lite mindre format med limiterad upplaga. Lampsk\u00e4rmen har en guldf\u00e4rgad insida som sprider ett varmt och h\u00e4rligt sken, vilket skapar en mysig atmosf\u00e4r. Lampans sk\u00e4rm \u00e4r handgjord, vilket inneb\u00e4r att mindre avvikelser [&hellip;]","og_url":"https:\/\/shop.noor.fi\/sv\/produkt\/wera-bordslampa-orange-gron-47cm\/","og_site_name":"Oy Noortrade Ab","article_modified_time":"2026-01-20T17:30:29+00:00","og_image":[{"width":908,"height":1210,"url":"https:\/\/shop.noor.fi\/wp-content\/uploads\/2024\/11\/7330976142545_2.jpg","type":"image\/jpeg"}],"twitter_card":"summary_large_image","twitter_misc":{"Ber\u00e4knad l\u00e4stid":"1 minut"},"schema":{"@context":"https:\/\/schema.org","@graph":[{"@type":"WebPage","@id":"https:\/\/shop.noor.fi\/sv\/produkt\/wera-bordslampa-orange-gron-47cm\/","url":"https:\/\/shop.noor.fi\/sv\/produkt\/wera-bordslampa-orange-gron-47cm\/","name":"Wera bordslampa orange\/gr\u00f6n 47cm - Oy Noortrade Ab","isPartOf":{"@id":"https:\/\/shopnoorfi-wp31835.test.cchosting.fi\/#website"},"primaryImageOfPage":{"@id":"https:\/\/shop.noor.fi\/sv\/produkt\/wera-bordslampa-orange-gron-47cm\/#primaryimage"},"image":{"@id":"https:\/\/shop.noor.fi\/sv\/produkt\/wera-bordslampa-orange-gron-47cm\/#primaryimage"},"thumbnailUrl":"https:\/\/shop.noor.fi\/wp-content\/uploads\/2024\/11\/7330976142545_2.jpg","datePublished":"2024-11-11T11:53:48+00:00","dateModified":"2026-01-20T17:30:29+00:00","breadcrumb":{"@id":"https:\/\/shop.noor.fi\/sv\/produkt\/wera-bordslampa-orange-gron-47cm\/#breadcrumb"},"inLanguage":"sv-SE","potentialAction":[{"@type":"ReadAction","target":["https:\/\/shop.noor.fi\/sv\/produkt\/wera-bordslampa-orange-gron-47cm\/"]}]},{"@type":"ImageObject","inLanguage":"sv-SE","@id":"https:\/\/shop.noor.fi\/sv\/produkt\/wera-bordslampa-orange-gron-47cm\/#primaryimage","url":"https:\/\/shop.noor.fi\/wp-content\/uploads\/2024\/11\/7330976142545_2.jpg","contentUrl":"https:\/\/shop.noor.fi\/wp-content\/uploads\/2024\/11\/7330976142545_2.jpg","width":908,"height":1210},{"@type":"BreadcrumbList","@id":"https:\/\/shop.noor.fi\/sv\/produkt\/wera-bordslampa-orange-gron-47cm\/#breadcrumb","itemListElement":[{"@type":"ListItem","position":1,"name":"Etusivu","item":"https:\/\/shop.noor.fi\/sv\/"},{"@type":"ListItem","position":2,"name":"Butik","item":"https:\/\/shopnoorfi-wp31835.test.cchosting.fi\/sv\/butik\/"},{"@type":"ListItem","position":3,"name":"Wera bordslampa orange\/gr\u00f6n 47cm"}]},{"@type":"WebSite","@id":"https:\/\/shopnoorfi-wp31835.test.cchosting.fi\/#website","url":"https:\/\/shopnoorfi-wp31835.test.cchosting.fi\/","name":"Oy Noortrade Ab","description":"Finnish family owned company with over 30 years of professional experience in lighting &amp; interior products import and sales - reliably.","publisher":{"@id":"https:\/\/shopnoorfi-wp31835.test.cchosting.fi\/#organization"},"potentialAction":[{"@type":"SearchAction","target":{"@type":"EntryPoint","urlTemplate":"https:\/\/shopnoorfi-wp31835.test.cchosting.fi\/?s={search_term_string}"},"query-input":{"@type":"PropertyValueSpecification","valueRequired":true,"valueName":"search_term_string"}}],"inLanguage":"sv-SE"},{"@type":"Organization","@id":"https:\/\/shopnoorfi-wp31835.test.cchosting.fi\/#organization","name":"Oy Noortrade Ab","url":"https:\/\/shopnoorfi-wp31835.test.cchosting.fi\/","logo":{"@type":"ImageObject","inLanguage":"sv-SE","@id":"https:\/\/shopnoorfi-wp31835.test.cchosting.fi\/#\/schema\/logo\/image\/","url":"https:\/\/shop.noor.fi\/wp-content\/uploads\/2024\/01\/Oy-Noortrade-Ab-Corbel-VERSAL-bold-BLACK.png","contentUrl":"https:\/\/shop.noor.fi\/wp-content\/uploads\/2024\/01\/Oy-Noortrade-Ab-Corbel-VERSAL-bold-BLACK.png","width":721,"height":177,"caption":"Oy Noortrade Ab"},"image":{"@id":"https:\/\/shopnoorfi-wp31835.test.cchosting.fi\/#\/schema\/logo\/image\/"}}]}},"brands":[{"id":28732,"name":"PR Home","slug":"pr-home"}],"_links":{"self":[{"href":"https:\/\/shop.noor.fi\/sv\/wp-json\/wp\/v2\/product\/119006","targetHints":{"allow":["GET"]}}],"collection":[{"href":"https:\/\/shop.noor.fi\/sv\/wp-json\/wp\/v2\/product"}],"about":[{"href":"https:\/\/shop.noor.fi\/sv\/wp-json\/wp\/v2\/types\/product"}],"replies":[{"embeddable":true,"href":"https:\/\/shop.noor.fi\/sv\/wp-json\/wp\/v2\/comments?post=119006"}],"wp:featuredmedia":[{"embeddable":true,"href":"https:\/\/shop.noor.fi\/sv\/wp-json\/wp\/v2\/media\/119229"}],"wp:attachment":[{"href":"https:\/\/shop.noor.fi\/sv\/wp-json\/wp\/v2\/media?parent=119006"}],"wp:term":[{"taxonomy":"pwb-brand","embeddable":true,"href":"https:\/\/shop.noor.fi\/sv\/wp-json\/wp\/v2\/pwb-brand?post=119006"},{"taxonomy":"product_brand","embeddable":true,"href":"https:\/\/shop.noor.fi\/sv\/wp-json\/wp\/v2\/product_brand?post=119006"},{"taxonomy":"product_cat","embeddable":true,"href":"https:\/\/shop.noor.fi\/sv\/wp-json\/wp\/v2\/product_cat?post=119006"},{"taxonomy":"product_tag","embeddable":true,"href":"https:\/\/shop.noor.fi\/sv\/wp-json\/wp\/v2\/product_tag?post=119006"}],"curies":[{"name":"wp","href":"https:\/\/api.w.org\/{rel}","templated":true}]}}