{"id":118531,"date":"2024-10-22T08:54:27","date_gmt":"2024-10-22T05:54:27","guid":{"rendered":"https:\/\/shop.noor.fi\/product\/manola-mini-takkrona-satinmassing\/"},"modified":"2026-05-06T15:25:21","modified_gmt":"2026-05-06T12:25:21","slug":"manola-mini-takkrona-satinmassing","status":"publish","type":"product","link":"https:\/\/shop.noor.fi\/sv\/produkt\/manola-mini-takkrona-satinmassing\/","title":{"rendered":"Manola Mini takkrona satinm\u00e4ssing"},"content":{"rendered":"<p>Manola Mini \u00e4r en designklassiker som lyser upp varje rum med sin magnifika n\u00e4rvaro. Med sina 12 armar som b\u00e4r dekorativa gl\u00f6dlampor, skapar denna pendel en f\u00f6rtrollande atmosf\u00e4r som f\u00e5ngar blickar och fascinerar bes\u00f6kare.<br \/>\nOavsett storleken p\u00e5 din bostad, \u00e4r Manola Mini den enda pendeln du beh\u00f6ver f\u00f6r att f\u00f6rverkliga din dr\u00f6minredning. Dess eleganta design g\u00f6r den till ett centralt inslag i din inredning, och med inkluderade ljusk\u00e4llor \u00e4r du snart redo att njuta av en ny dimension av stil och sk\u00f6nhet.<br \/>\n2,5 meter l\u00e5ng sladd. Krokupph\u00e4ng, kopplingsplint. Takplugg ing\u00e5r ej.<br \/>\nE14, max 12 x 25W. F\u00f6rpackningen inneh\u00e5ller dimbara ljusk\u00e4llor.<\/p>\n<p>Diameter 44,8 cm, h\u00f6jd 37,5 cm.<\/p>\n","protected":false},"excerpt":{"rendered":"<p>Manola Mini \u00e4r en designklassiker som lyser upp varje rum med sin magnifika n\u00e4rvaro. Med sina 12 armar som b\u00e4r dekorativa gl\u00f6dlampor, skapar denna pendel en f\u00f6rtrollande atmosf\u00e4r som f\u00e5ngar blickar och fascinerar bes\u00f6kare. Oavsett storleken p\u00e5 din bostad, \u00e4r Manola Mini den enda pendeln du beh\u00f6ver f\u00f6r att f\u00f6rverkliga din dr\u00f6minredning. Dess eleganta design [&hellip;]<\/p>\n","protected":false},"featured_media":118568,"comment_status":"open","ping_status":"closed","template":"","meta":{"_acf_changed":false,"_relevanssi_hide_post":"","_relevanssi_hide_content":"","_relevanssi_pin_for_all":"","_relevanssi_pin_keywords":"","_relevanssi_unpin_keywords":"","_relevanssi_related_keywords":"","_relevanssi_related_include_ids":"","_relevanssi_related_exclude_ids":"","_relevanssi_related_no_append":"","_relevanssi_related_not_related":"","_relevanssi_related_posts":"","_relevanssi_noindex_reason":""},"pwb-brand":[28735],"product_brand":[],"product_cat":[32022],"product_tag":[],"class_list":{"0":"post-118531","1":"product","2":"type-product","3":"status-publish","4":"has-post-thumbnail","6":"pwb-brand-herstal","7":"product_cat-takkronor","9":"first","10":"instock","11":"taxable","12":"shipping-taxable","13":"purchasable","14":"product-type-simple"},"acf":[],"yoast_head":"<!-- This site is optimized with the Yoast SEO plugin v27.5 - https:\/\/yoast.com\/product\/yoast-seo-wordpress\/ -->\n<title>Manola Mini takkrona satinm\u00e4ssing - Oy Noortrade Ab<\/title>\n<meta name=\"description\" content=\"Manola Mini \u00e4r en designklassiker som lyser upp varje rum med sin magnifika n\u00e4rvaro. Med sina 12 armar som b\u00e4r dekorativa gl\u00f6dlampor, skapar denna pendel en f\u00f6rtrollande atmosf\u00e4r som f\u00e5ngar blickar och fascinerar bes\u00f6kare.\" \/>\n<meta name=\"robots\" content=\"index, follow, max-snippet:-1, max-image-preview:large, max-video-preview:-1\" \/>\n<link rel=\"canonical\" href=\"https:\/\/shop.noor.fi\/produkt\/manola-mini-kattokruunu-satiinimessinki\/\" \/>\n<meta property=\"og:locale\" content=\"sv_SE\" \/>\n<meta property=\"og:type\" content=\"article\" \/>\n<meta property=\"og:title\" content=\"Manola Mini takkrona satinm\u00e4ssing - Oy Noortrade Ab\" \/>\n<meta property=\"og:description\" content=\"Manola Mini \u00e4r en designklassiker som lyser upp varje rum med sin magnifika n\u00e4rvaro. Med sina 12 armar som b\u00e4r dekorativa gl\u00f6dlampor, skapar denna pendel en f\u00f6rtrollande atmosf\u00e4r som f\u00e5ngar blickar och fascinerar bes\u00f6kare.\" \/>\n<meta property=\"og:url\" content=\"https:\/\/shop.noor.fi\/produkt\/manola-mini-kattokruunu-satiinimessinki\/\" \/>\n<meta property=\"og:site_name\" content=\"Oy Noortrade Ab\" \/>\n<meta property=\"article:modified_time\" content=\"2026-05-06T12:25:21+00:00\" \/>\n<meta property=\"og:image\" content=\"https:\/\/shop.noor.fi\/wp-content\/uploads\/2024\/10\/7391534019341.jpg\" \/>\n\t<meta property=\"og:image:width\" content=\"1000\" \/>\n\t<meta property=\"og:image:height\" content=\"1000\" \/>\n\t<meta property=\"og:image:type\" content=\"image\/jpeg\" \/>\n<meta name=\"twitter:card\" content=\"summary_large_image\" \/>\n<meta name=\"twitter:label1\" content=\"Ber\u00e4knad l\u00e4stid\" \/>\n\t<meta name=\"twitter:data1\" content=\"1 minut\" \/>\n<script type=\"application\/ld+json\" class=\"yoast-schema-graph\">{\"@context\":\"https:\\\/\\\/schema.org\",\"@graph\":[{\"@type\":\"WebPage\",\"@id\":\"https:\\\/\\\/shop.noor.fi\\\/produkt\\\/manola-mini-kattokruunu-satiinimessinki\\\/\",\"url\":\"https:\\\/\\\/shop.noor.fi\\\/produkt\\\/manola-mini-kattokruunu-satiinimessinki\\\/\",\"name\":\"Manola Mini takkrona satinm\u00e4ssing - Oy Noortrade Ab\",\"isPartOf\":{\"@id\":\"https:\\\/\\\/shopnoorfi-wp31835.test.cchosting.fi\\\/#website\"},\"primaryImageOfPage\":{\"@id\":\"https:\\\/\\\/shop.noor.fi\\\/produkt\\\/manola-mini-kattokruunu-satiinimessinki\\\/#primaryimage\"},\"image\":{\"@id\":\"https:\\\/\\\/shop.noor.fi\\\/produkt\\\/manola-mini-kattokruunu-satiinimessinki\\\/#primaryimage\"},\"thumbnailUrl\":\"https:\\\/\\\/shop.noor.fi\\\/wp-content\\\/uploads\\\/2024\\\/10\\\/7391534019341.jpg\",\"datePublished\":\"2024-10-22T05:54:27+00:00\",\"dateModified\":\"2026-05-06T12:25:21+00:00\",\"description\":\"Manola Mini \u00e4r en designklassiker som lyser upp varje rum med sin magnifika n\u00e4rvaro. Med sina 12 armar som b\u00e4r dekorativa gl\u00f6dlampor, skapar denna pendel en f\u00f6rtrollande atmosf\u00e4r som f\u00e5ngar blickar och fascinerar bes\u00f6kare.\",\"breadcrumb\":{\"@id\":\"https:\\\/\\\/shop.noor.fi\\\/produkt\\\/manola-mini-kattokruunu-satiinimessinki\\\/#breadcrumb\"},\"inLanguage\":\"sv-SE\",\"potentialAction\":[{\"@type\":\"ReadAction\",\"target\":[\"https:\\\/\\\/shop.noor.fi\\\/produkt\\\/manola-mini-kattokruunu-satiinimessinki\\\/\"]}]},{\"@type\":\"ImageObject\",\"inLanguage\":\"sv-SE\",\"@id\":\"https:\\\/\\\/shop.noor.fi\\\/produkt\\\/manola-mini-kattokruunu-satiinimessinki\\\/#primaryimage\",\"url\":\"https:\\\/\\\/shop.noor.fi\\\/wp-content\\\/uploads\\\/2024\\\/10\\\/7391534019341.jpg\",\"contentUrl\":\"https:\\\/\\\/shop.noor.fi\\\/wp-content\\\/uploads\\\/2024\\\/10\\\/7391534019341.jpg\",\"width\":1000,\"height\":1000},{\"@type\":\"BreadcrumbList\",\"@id\":\"https:\\\/\\\/shop.noor.fi\\\/produkt\\\/manola-mini-kattokruunu-satiinimessinki\\\/#breadcrumb\",\"itemListElement\":[{\"@type\":\"ListItem\",\"position\":1,\"name\":\"Etusivu\",\"item\":\"https:\\\/\\\/shop.noor.fi\\\/sv\\\/\"},{\"@type\":\"ListItem\",\"position\":2,\"name\":\"Butik\",\"item\":\"https:\\\/\\\/shopnoorfi-wp31835.test.cchosting.fi\\\/sv\\\/butik\\\/\"},{\"@type\":\"ListItem\",\"position\":3,\"name\":\"Manola Mini takkrona satinm\u00e4ssing\"}]},{\"@type\":\"WebSite\",\"@id\":\"https:\\\/\\\/shopnoorfi-wp31835.test.cchosting.fi\\\/#website\",\"url\":\"https:\\\/\\\/shopnoorfi-wp31835.test.cchosting.fi\\\/\",\"name\":\"Oy Noortrade Ab\",\"description\":\"Finnish family owned company with over 30 years of professional experience in lighting &amp; interior products import and sales - reliably.\",\"publisher\":{\"@id\":\"https:\\\/\\\/shopnoorfi-wp31835.test.cchosting.fi\\\/#organization\"},\"potentialAction\":[{\"@type\":\"SearchAction\",\"target\":{\"@type\":\"EntryPoint\",\"urlTemplate\":\"https:\\\/\\\/shopnoorfi-wp31835.test.cchosting.fi\\\/?s={search_term_string}\"},\"query-input\":{\"@type\":\"PropertyValueSpecification\",\"valueRequired\":true,\"valueName\":\"search_term_string\"}}],\"inLanguage\":\"sv-SE\"},{\"@type\":\"Organization\",\"@id\":\"https:\\\/\\\/shopnoorfi-wp31835.test.cchosting.fi\\\/#organization\",\"name\":\"Oy Noortrade Ab\",\"url\":\"https:\\\/\\\/shopnoorfi-wp31835.test.cchosting.fi\\\/\",\"logo\":{\"@type\":\"ImageObject\",\"inLanguage\":\"sv-SE\",\"@id\":\"https:\\\/\\\/shopnoorfi-wp31835.test.cchosting.fi\\\/#\\\/schema\\\/logo\\\/image\\\/\",\"url\":\"https:\\\/\\\/shop.noor.fi\\\/wp-content\\\/uploads\\\/2024\\\/01\\\/Oy-Noortrade-Ab-Corbel-VERSAL-bold-BLACK.png\",\"contentUrl\":\"https:\\\/\\\/shop.noor.fi\\\/wp-content\\\/uploads\\\/2024\\\/01\\\/Oy-Noortrade-Ab-Corbel-VERSAL-bold-BLACK.png\",\"width\":721,\"height\":177,\"caption\":\"Oy Noortrade Ab\"},\"image\":{\"@id\":\"https:\\\/\\\/shopnoorfi-wp31835.test.cchosting.fi\\\/#\\\/schema\\\/logo\\\/image\\\/\"}}]}<\/script>\n<!-- \/ Yoast SEO plugin. -->","yoast_head_json":{"title":"Manola Mini takkrona satinm\u00e4ssing - Oy Noortrade Ab","description":"Manola Mini \u00e4r en designklassiker som lyser upp varje rum med sin magnifika n\u00e4rvaro. Med sina 12 armar som b\u00e4r dekorativa gl\u00f6dlampor, skapar denna pendel en f\u00f6rtrollande atmosf\u00e4r som f\u00e5ngar blickar och fascinerar bes\u00f6kare.","robots":{"index":"index","follow":"follow","max-snippet":"max-snippet:-1","max-image-preview":"max-image-preview:large","max-video-preview":"max-video-preview:-1"},"canonical":"https:\/\/shop.noor.fi\/produkt\/manola-mini-kattokruunu-satiinimessinki\/","og_locale":"sv_SE","og_type":"article","og_title":"Manola Mini takkrona satinm\u00e4ssing - Oy Noortrade Ab","og_description":"Manola Mini \u00e4r en designklassiker som lyser upp varje rum med sin magnifika n\u00e4rvaro. Med sina 12 armar som b\u00e4r dekorativa gl\u00f6dlampor, skapar denna pendel en f\u00f6rtrollande atmosf\u00e4r som f\u00e5ngar blickar och fascinerar bes\u00f6kare.","og_url":"https:\/\/shop.noor.fi\/produkt\/manola-mini-kattokruunu-satiinimessinki\/","og_site_name":"Oy Noortrade Ab","article_modified_time":"2026-05-06T12:25:21+00:00","og_image":[{"width":1000,"height":1000,"url":"https:\/\/shop.noor.fi\/wp-content\/uploads\/2024\/10\/7391534019341.jpg","type":"image\/jpeg"}],"twitter_card":"summary_large_image","twitter_misc":{"Ber\u00e4knad l\u00e4stid":"1 minut"},"schema":{"@context":"https:\/\/schema.org","@graph":[{"@type":"WebPage","@id":"https:\/\/shop.noor.fi\/produkt\/manola-mini-kattokruunu-satiinimessinki\/","url":"https:\/\/shop.noor.fi\/produkt\/manola-mini-kattokruunu-satiinimessinki\/","name":"Manola Mini takkrona satinm\u00e4ssing - Oy Noortrade Ab","isPartOf":{"@id":"https:\/\/shopnoorfi-wp31835.test.cchosting.fi\/#website"},"primaryImageOfPage":{"@id":"https:\/\/shop.noor.fi\/produkt\/manola-mini-kattokruunu-satiinimessinki\/#primaryimage"},"image":{"@id":"https:\/\/shop.noor.fi\/produkt\/manola-mini-kattokruunu-satiinimessinki\/#primaryimage"},"thumbnailUrl":"https:\/\/shop.noor.fi\/wp-content\/uploads\/2024\/10\/7391534019341.jpg","datePublished":"2024-10-22T05:54:27+00:00","dateModified":"2026-05-06T12:25:21+00:00","description":"Manola Mini \u00e4r en designklassiker som lyser upp varje rum med sin magnifika n\u00e4rvaro. Med sina 12 armar som b\u00e4r dekorativa gl\u00f6dlampor, skapar denna pendel en f\u00f6rtrollande atmosf\u00e4r som f\u00e5ngar blickar och fascinerar bes\u00f6kare.","breadcrumb":{"@id":"https:\/\/shop.noor.fi\/produkt\/manola-mini-kattokruunu-satiinimessinki\/#breadcrumb"},"inLanguage":"sv-SE","potentialAction":[{"@type":"ReadAction","target":["https:\/\/shop.noor.fi\/produkt\/manola-mini-kattokruunu-satiinimessinki\/"]}]},{"@type":"ImageObject","inLanguage":"sv-SE","@id":"https:\/\/shop.noor.fi\/produkt\/manola-mini-kattokruunu-satiinimessinki\/#primaryimage","url":"https:\/\/shop.noor.fi\/wp-content\/uploads\/2024\/10\/7391534019341.jpg","contentUrl":"https:\/\/shop.noor.fi\/wp-content\/uploads\/2024\/10\/7391534019341.jpg","width":1000,"height":1000},{"@type":"BreadcrumbList","@id":"https:\/\/shop.noor.fi\/produkt\/manola-mini-kattokruunu-satiinimessinki\/#breadcrumb","itemListElement":[{"@type":"ListItem","position":1,"name":"Etusivu","item":"https:\/\/shop.noor.fi\/sv\/"},{"@type":"ListItem","position":2,"name":"Butik","item":"https:\/\/shopnoorfi-wp31835.test.cchosting.fi\/sv\/butik\/"},{"@type":"ListItem","position":3,"name":"Manola Mini takkrona satinm\u00e4ssing"}]},{"@type":"WebSite","@id":"https:\/\/shopnoorfi-wp31835.test.cchosting.fi\/#website","url":"https:\/\/shopnoorfi-wp31835.test.cchosting.fi\/","name":"Oy Noortrade Ab","description":"Finnish family owned company with over 30 years of professional experience in lighting &amp; interior products import and sales - reliably.","publisher":{"@id":"https:\/\/shopnoorfi-wp31835.test.cchosting.fi\/#organization"},"potentialAction":[{"@type":"SearchAction","target":{"@type":"EntryPoint","urlTemplate":"https:\/\/shopnoorfi-wp31835.test.cchosting.fi\/?s={search_term_string}"},"query-input":{"@type":"PropertyValueSpecification","valueRequired":true,"valueName":"search_term_string"}}],"inLanguage":"sv-SE"},{"@type":"Organization","@id":"https:\/\/shopnoorfi-wp31835.test.cchosting.fi\/#organization","name":"Oy Noortrade Ab","url":"https:\/\/shopnoorfi-wp31835.test.cchosting.fi\/","logo":{"@type":"ImageObject","inLanguage":"sv-SE","@id":"https:\/\/shopnoorfi-wp31835.test.cchosting.fi\/#\/schema\/logo\/image\/","url":"https:\/\/shop.noor.fi\/wp-content\/uploads\/2024\/01\/Oy-Noortrade-Ab-Corbel-VERSAL-bold-BLACK.png","contentUrl":"https:\/\/shop.noor.fi\/wp-content\/uploads\/2024\/01\/Oy-Noortrade-Ab-Corbel-VERSAL-bold-BLACK.png","width":721,"height":177,"caption":"Oy Noortrade Ab"},"image":{"@id":"https:\/\/shopnoorfi-wp31835.test.cchosting.fi\/#\/schema\/logo\/image\/"}}]}},"brands":[{"id":28735,"name":"Herstal","slug":"herstal"}],"_links":{"self":[{"href":"https:\/\/shop.noor.fi\/sv\/wp-json\/wp\/v2\/product\/118531","targetHints":{"allow":["GET"]}}],"collection":[{"href":"https:\/\/shop.noor.fi\/sv\/wp-json\/wp\/v2\/product"}],"about":[{"href":"https:\/\/shop.noor.fi\/sv\/wp-json\/wp\/v2\/types\/product"}],"replies":[{"embeddable":true,"href":"https:\/\/shop.noor.fi\/sv\/wp-json\/wp\/v2\/comments?post=118531"}],"wp:featuredmedia":[{"embeddable":true,"href":"https:\/\/shop.noor.fi\/sv\/wp-json\/wp\/v2\/media\/118568"}],"wp:attachment":[{"href":"https:\/\/shop.noor.fi\/sv\/wp-json\/wp\/v2\/media?parent=118531"}],"wp:term":[{"taxonomy":"pwb-brand","embeddable":true,"href":"https:\/\/shop.noor.fi\/sv\/wp-json\/wp\/v2\/pwb-brand?post=118531"},{"taxonomy":"product_brand","embeddable":true,"href":"https:\/\/shop.noor.fi\/sv\/wp-json\/wp\/v2\/product_brand?post=118531"},{"taxonomy":"product_cat","embeddable":true,"href":"https:\/\/shop.noor.fi\/sv\/wp-json\/wp\/v2\/product_cat?post=118531"},{"taxonomy":"product_tag","embeddable":true,"href":"https:\/\/shop.noor.fi\/sv\/wp-json\/wp\/v2\/product_tag?post=118531"}],"curies":[{"name":"wp","href":"https:\/\/api.w.org\/{rel}","templated":true}]}}