{"id":118523,"date":"2024-10-21T15:31:10","date_gmt":"2024-10-21T12:31:10","guid":{"rendered":"https:\/\/shop.noor.fi\/product\/bosse-work-led-strip-10m\/"},"modified":"2026-01-20T19:20:21","modified_gmt":"2026-01-20T17:20:21","slug":"bosse-work-led-strip-10m","status":"publish","type":"product","link":"https:\/\/shop.noor.fi\/sv\/produkt\/bosse-work-led-strip-10m\/","title":{"rendered":"Bosse Work LED-strip 10m"},"content":{"rendered":"<p>Bosse Work 10m \u00e4r perfekt n\u00e4r du har behov av mycket arbetsljus och beh\u00f6ver ha flexibel arbetsbelysning f\u00f6r ditt projekt.<br \/>\nDenna LED strip erbjuder en ljusstyrka p\u00e5 900 lm\/m vilket garanterar tillr\u00e4ckligt med ljus f\u00f6r olika anv\u00e4ndningsomr\u00e5den. Med en bred spridningsvinkel p\u00e5 120 grader s\u00e4kerst\u00e4lls en j\u00e4mn f\u00f6rdelning av ljuset, vilket \u00e4r idealiskt f\u00f6r arbetsbelysning. Levereras med 150 cm l\u00e5ng sladd med EU-kontakt, klar att anv\u00e4ndas.<br \/>\nLED-listen f\u00e5r inte anslutas n\u00e4r den \u00e4r ihoprullad.<br \/>\nIntegrerad LED.<\/p>\n<p>L\u00e4ngd 10 m<br \/>\nBredd 1,5 cm<br \/>\nH\u00f6jd 0,7 cm<\/p>\n","protected":false},"excerpt":{"rendered":"<p>Bosse Work 10m \u00e4r perfekt n\u00e4r du har behov av mycket arbetsljus och beh\u00f6ver ha flexibel arbetsbelysning f\u00f6r ditt projekt. Denna LED strip erbjuder en ljusstyrka p\u00e5 900 lm\/m vilket garanterar tillr\u00e4ckligt med ljus f\u00f6r olika anv\u00e4ndningsomr\u00e5den. Med en bred spridningsvinkel p\u00e5 120 grader s\u00e4kerst\u00e4lls en j\u00e4mn f\u00f6rdelning av ljuset, vilket \u00e4r idealiskt f\u00f6r arbetsbelysning. [&hellip;]<\/p>\n","protected":false},"featured_media":118714,"comment_status":"open","ping_status":"closed","template":"","meta":{"_acf_changed":false,"_relevanssi_hide_post":"","_relevanssi_hide_content":"","_relevanssi_pin_for_all":"","_relevanssi_pin_keywords":"","_relevanssi_unpin_keywords":"","_relevanssi_related_keywords":"","_relevanssi_related_include_ids":"","_relevanssi_related_exclude_ids":"","_relevanssi_related_no_append":"","_relevanssi_related_not_related":"","_relevanssi_related_posts":"","_relevanssi_noindex_reason":""},"pwb-brand":[37486,28734],"product_brand":[],"product_cat":[31809,32193],"product_tag":[],"class_list":{"0":"post-118523","1":"product","2":"type-product","3":"status-publish","4":"has-post-thumbnail","6":"pwb-brand-llitt-sv","7":"pwb-brand-llitt","8":"product_cat-ulkoseinavalaisimet","9":"product_cat-vagglampor-sv-2","11":"first","12":"instock","13":"taxable","14":"shipping-taxable","15":"purchasable","16":"product-type-simple"},"acf":[],"yoast_head":"<!-- This site is optimized with the Yoast SEO plugin v27.5 - https:\/\/yoast.com\/product\/yoast-seo-wordpress\/ -->\n<title>Bosse Work LED-strip 10m - Oy Noortrade Ab<\/title>\n<meta name=\"robots\" content=\"index, follow, max-snippet:-1, max-image-preview:large, max-video-preview:-1\" \/>\n<link rel=\"canonical\" href=\"https:\/\/shop.noor.fi\/produkt\/bosse-work-led-valonauha-10m\/\" \/>\n<meta property=\"og:locale\" content=\"sv_SE\" \/>\n<meta property=\"og:type\" content=\"article\" \/>\n<meta property=\"og:title\" content=\"Bosse Work LED-strip 10m - Oy Noortrade Ab\" \/>\n<meta property=\"og:description\" content=\"Bosse Work 10m \u00e4r perfekt n\u00e4r du har behov av mycket arbetsljus och beh\u00f6ver ha flexibel arbetsbelysning f\u00f6r ditt projekt. Denna LED strip erbjuder en ljusstyrka p\u00e5 900 lm\/m vilket garanterar tillr\u00e4ckligt med ljus f\u00f6r olika anv\u00e4ndningsomr\u00e5den. Med en bred spridningsvinkel p\u00e5 120 grader s\u00e4kerst\u00e4lls en j\u00e4mn f\u00f6rdelning av ljuset, vilket \u00e4r idealiskt f\u00f6r arbetsbelysning. [&hellip;]\" \/>\n<meta property=\"og:url\" content=\"https:\/\/shop.noor.fi\/produkt\/bosse-work-led-valonauha-10m\/\" \/>\n<meta property=\"og:site_name\" content=\"Oy Noortrade Ab\" \/>\n<meta property=\"article:modified_time\" content=\"2026-01-20T17:20:21+00:00\" \/>\n<meta property=\"og:image\" content=\"https:\/\/shop.noor.fi\/wp-content\/uploads\/2024\/10\/7330545500431.jpg\" \/>\n\t<meta property=\"og:image:width\" content=\"1210\" \/>\n\t<meta property=\"og:image:height\" content=\"908\" \/>\n\t<meta property=\"og:image:type\" content=\"image\/jpeg\" \/>\n<meta name=\"twitter:card\" content=\"summary_large_image\" \/>\n<meta name=\"twitter:label1\" content=\"Ber\u00e4knad l\u00e4stid\" \/>\n\t<meta name=\"twitter:data1\" content=\"1 minut\" \/>\n<script type=\"application\/ld+json\" class=\"yoast-schema-graph\">{\"@context\":\"https:\\\/\\\/schema.org\",\"@graph\":[{\"@type\":\"WebPage\",\"@id\":\"https:\\\/\\\/shop.noor.fi\\\/produkt\\\/bosse-work-led-valonauha-10m\\\/\",\"url\":\"https:\\\/\\\/shop.noor.fi\\\/produkt\\\/bosse-work-led-valonauha-10m\\\/\",\"name\":\"Bosse Work LED-strip 10m - Oy Noortrade Ab\",\"isPartOf\":{\"@id\":\"https:\\\/\\\/shopnoorfi-wp31835.test.cchosting.fi\\\/#website\"},\"primaryImageOfPage\":{\"@id\":\"https:\\\/\\\/shop.noor.fi\\\/produkt\\\/bosse-work-led-valonauha-10m\\\/#primaryimage\"},\"image\":{\"@id\":\"https:\\\/\\\/shop.noor.fi\\\/produkt\\\/bosse-work-led-valonauha-10m\\\/#primaryimage\"},\"thumbnailUrl\":\"https:\\\/\\\/shop.noor.fi\\\/wp-content\\\/uploads\\\/2024\\\/10\\\/7330545500431.jpg\",\"datePublished\":\"2024-10-21T12:31:10+00:00\",\"dateModified\":\"2026-01-20T17:20:21+00:00\",\"breadcrumb\":{\"@id\":\"https:\\\/\\\/shop.noor.fi\\\/produkt\\\/bosse-work-led-valonauha-10m\\\/#breadcrumb\"},\"inLanguage\":\"sv-SE\",\"potentialAction\":[{\"@type\":\"ReadAction\",\"target\":[\"https:\\\/\\\/shop.noor.fi\\\/produkt\\\/bosse-work-led-valonauha-10m\\\/\"]}]},{\"@type\":\"ImageObject\",\"inLanguage\":\"sv-SE\",\"@id\":\"https:\\\/\\\/shop.noor.fi\\\/produkt\\\/bosse-work-led-valonauha-10m\\\/#primaryimage\",\"url\":\"https:\\\/\\\/shop.noor.fi\\\/wp-content\\\/uploads\\\/2024\\\/10\\\/7330545500431.jpg\",\"contentUrl\":\"https:\\\/\\\/shop.noor.fi\\\/wp-content\\\/uploads\\\/2024\\\/10\\\/7330545500431.jpg\",\"width\":1210,\"height\":908},{\"@type\":\"BreadcrumbList\",\"@id\":\"https:\\\/\\\/shop.noor.fi\\\/produkt\\\/bosse-work-led-valonauha-10m\\\/#breadcrumb\",\"itemListElement\":[{\"@type\":\"ListItem\",\"position\":1,\"name\":\"Etusivu\",\"item\":\"https:\\\/\\\/shop.noor.fi\\\/sv\\\/\"},{\"@type\":\"ListItem\",\"position\":2,\"name\":\"Butik\",\"item\":\"https:\\\/\\\/shopnoorfi-wp31835.test.cchosting.fi\\\/sv\\\/butik\\\/\"},{\"@type\":\"ListItem\",\"position\":3,\"name\":\"Bosse Work LED-strip 10m\"}]},{\"@type\":\"WebSite\",\"@id\":\"https:\\\/\\\/shopnoorfi-wp31835.test.cchosting.fi\\\/#website\",\"url\":\"https:\\\/\\\/shopnoorfi-wp31835.test.cchosting.fi\\\/\",\"name\":\"Oy Noortrade Ab\",\"description\":\"Finnish family owned company with over 30 years of professional experience in lighting &amp; interior products import and sales - reliably.\",\"publisher\":{\"@id\":\"https:\\\/\\\/shopnoorfi-wp31835.test.cchosting.fi\\\/#organization\"},\"potentialAction\":[{\"@type\":\"SearchAction\",\"target\":{\"@type\":\"EntryPoint\",\"urlTemplate\":\"https:\\\/\\\/shopnoorfi-wp31835.test.cchosting.fi\\\/?s={search_term_string}\"},\"query-input\":{\"@type\":\"PropertyValueSpecification\",\"valueRequired\":true,\"valueName\":\"search_term_string\"}}],\"inLanguage\":\"sv-SE\"},{\"@type\":\"Organization\",\"@id\":\"https:\\\/\\\/shopnoorfi-wp31835.test.cchosting.fi\\\/#organization\",\"name\":\"Oy Noortrade Ab\",\"url\":\"https:\\\/\\\/shopnoorfi-wp31835.test.cchosting.fi\\\/\",\"logo\":{\"@type\":\"ImageObject\",\"inLanguage\":\"sv-SE\",\"@id\":\"https:\\\/\\\/shopnoorfi-wp31835.test.cchosting.fi\\\/#\\\/schema\\\/logo\\\/image\\\/\",\"url\":\"https:\\\/\\\/shop.noor.fi\\\/wp-content\\\/uploads\\\/2024\\\/01\\\/Oy-Noortrade-Ab-Corbel-VERSAL-bold-BLACK.png\",\"contentUrl\":\"https:\\\/\\\/shop.noor.fi\\\/wp-content\\\/uploads\\\/2024\\\/01\\\/Oy-Noortrade-Ab-Corbel-VERSAL-bold-BLACK.png\",\"width\":721,\"height\":177,\"caption\":\"Oy Noortrade Ab\"},\"image\":{\"@id\":\"https:\\\/\\\/shopnoorfi-wp31835.test.cchosting.fi\\\/#\\\/schema\\\/logo\\\/image\\\/\"}}]}<\/script>\n<!-- \/ Yoast SEO plugin. -->","yoast_head_json":{"title":"Bosse Work LED-strip 10m - Oy Noortrade Ab","robots":{"index":"index","follow":"follow","max-snippet":"max-snippet:-1","max-image-preview":"max-image-preview:large","max-video-preview":"max-video-preview:-1"},"canonical":"https:\/\/shop.noor.fi\/produkt\/bosse-work-led-valonauha-10m\/","og_locale":"sv_SE","og_type":"article","og_title":"Bosse Work LED-strip 10m - Oy Noortrade Ab","og_description":"Bosse Work 10m \u00e4r perfekt n\u00e4r du har behov av mycket arbetsljus och beh\u00f6ver ha flexibel arbetsbelysning f\u00f6r ditt projekt. Denna LED strip erbjuder en ljusstyrka p\u00e5 900 lm\/m vilket garanterar tillr\u00e4ckligt med ljus f\u00f6r olika anv\u00e4ndningsomr\u00e5den. Med en bred spridningsvinkel p\u00e5 120 grader s\u00e4kerst\u00e4lls en j\u00e4mn f\u00f6rdelning av ljuset, vilket \u00e4r idealiskt f\u00f6r arbetsbelysning. [&hellip;]","og_url":"https:\/\/shop.noor.fi\/produkt\/bosse-work-led-valonauha-10m\/","og_site_name":"Oy Noortrade Ab","article_modified_time":"2026-01-20T17:20:21+00:00","og_image":[{"width":1210,"height":908,"url":"https:\/\/shop.noor.fi\/wp-content\/uploads\/2024\/10\/7330545500431.jpg","type":"image\/jpeg"}],"twitter_card":"summary_large_image","twitter_misc":{"Ber\u00e4knad l\u00e4stid":"1 minut"},"schema":{"@context":"https:\/\/schema.org","@graph":[{"@type":"WebPage","@id":"https:\/\/shop.noor.fi\/produkt\/bosse-work-led-valonauha-10m\/","url":"https:\/\/shop.noor.fi\/produkt\/bosse-work-led-valonauha-10m\/","name":"Bosse Work LED-strip 10m - Oy Noortrade Ab","isPartOf":{"@id":"https:\/\/shopnoorfi-wp31835.test.cchosting.fi\/#website"},"primaryImageOfPage":{"@id":"https:\/\/shop.noor.fi\/produkt\/bosse-work-led-valonauha-10m\/#primaryimage"},"image":{"@id":"https:\/\/shop.noor.fi\/produkt\/bosse-work-led-valonauha-10m\/#primaryimage"},"thumbnailUrl":"https:\/\/shop.noor.fi\/wp-content\/uploads\/2024\/10\/7330545500431.jpg","datePublished":"2024-10-21T12:31:10+00:00","dateModified":"2026-01-20T17:20:21+00:00","breadcrumb":{"@id":"https:\/\/shop.noor.fi\/produkt\/bosse-work-led-valonauha-10m\/#breadcrumb"},"inLanguage":"sv-SE","potentialAction":[{"@type":"ReadAction","target":["https:\/\/shop.noor.fi\/produkt\/bosse-work-led-valonauha-10m\/"]}]},{"@type":"ImageObject","inLanguage":"sv-SE","@id":"https:\/\/shop.noor.fi\/produkt\/bosse-work-led-valonauha-10m\/#primaryimage","url":"https:\/\/shop.noor.fi\/wp-content\/uploads\/2024\/10\/7330545500431.jpg","contentUrl":"https:\/\/shop.noor.fi\/wp-content\/uploads\/2024\/10\/7330545500431.jpg","width":1210,"height":908},{"@type":"BreadcrumbList","@id":"https:\/\/shop.noor.fi\/produkt\/bosse-work-led-valonauha-10m\/#breadcrumb","itemListElement":[{"@type":"ListItem","position":1,"name":"Etusivu","item":"https:\/\/shop.noor.fi\/sv\/"},{"@type":"ListItem","position":2,"name":"Butik","item":"https:\/\/shopnoorfi-wp31835.test.cchosting.fi\/sv\/butik\/"},{"@type":"ListItem","position":3,"name":"Bosse Work LED-strip 10m"}]},{"@type":"WebSite","@id":"https:\/\/shopnoorfi-wp31835.test.cchosting.fi\/#website","url":"https:\/\/shopnoorfi-wp31835.test.cchosting.fi\/","name":"Oy Noortrade Ab","description":"Finnish family owned company with over 30 years of professional experience in lighting &amp; interior products import and sales - reliably.","publisher":{"@id":"https:\/\/shopnoorfi-wp31835.test.cchosting.fi\/#organization"},"potentialAction":[{"@type":"SearchAction","target":{"@type":"EntryPoint","urlTemplate":"https:\/\/shopnoorfi-wp31835.test.cchosting.fi\/?s={search_term_string}"},"query-input":{"@type":"PropertyValueSpecification","valueRequired":true,"valueName":"search_term_string"}}],"inLanguage":"sv-SE"},{"@type":"Organization","@id":"https:\/\/shopnoorfi-wp31835.test.cchosting.fi\/#organization","name":"Oy Noortrade Ab","url":"https:\/\/shopnoorfi-wp31835.test.cchosting.fi\/","logo":{"@type":"ImageObject","inLanguage":"sv-SE","@id":"https:\/\/shopnoorfi-wp31835.test.cchosting.fi\/#\/schema\/logo\/image\/","url":"https:\/\/shop.noor.fi\/wp-content\/uploads\/2024\/01\/Oy-Noortrade-Ab-Corbel-VERSAL-bold-BLACK.png","contentUrl":"https:\/\/shop.noor.fi\/wp-content\/uploads\/2024\/01\/Oy-Noortrade-Ab-Corbel-VERSAL-bold-BLACK.png","width":721,"height":177,"caption":"Oy Noortrade Ab"},"image":{"@id":"https:\/\/shopnoorfi-wp31835.test.cchosting.fi\/#\/schema\/logo\/image\/"}}]}},"brands":[{"id":28734,"name":"Llitt","slug":"llitt"},{"id":37486,"name":"Llitt","slug":"llitt-sv"}],"_links":{"self":[{"href":"https:\/\/shop.noor.fi\/sv\/wp-json\/wp\/v2\/product\/118523","targetHints":{"allow":["GET"]}}],"collection":[{"href":"https:\/\/shop.noor.fi\/sv\/wp-json\/wp\/v2\/product"}],"about":[{"href":"https:\/\/shop.noor.fi\/sv\/wp-json\/wp\/v2\/types\/product"}],"replies":[{"embeddable":true,"href":"https:\/\/shop.noor.fi\/sv\/wp-json\/wp\/v2\/comments?post=118523"}],"wp:featuredmedia":[{"embeddable":true,"href":"https:\/\/shop.noor.fi\/sv\/wp-json\/wp\/v2\/media\/118714"}],"wp:attachment":[{"href":"https:\/\/shop.noor.fi\/sv\/wp-json\/wp\/v2\/media?parent=118523"}],"wp:term":[{"taxonomy":"pwb-brand","embeddable":true,"href":"https:\/\/shop.noor.fi\/sv\/wp-json\/wp\/v2\/pwb-brand?post=118523"},{"taxonomy":"product_brand","embeddable":true,"href":"https:\/\/shop.noor.fi\/sv\/wp-json\/wp\/v2\/product_brand?post=118523"},{"taxonomy":"product_cat","embeddable":true,"href":"https:\/\/shop.noor.fi\/sv\/wp-json\/wp\/v2\/product_cat?post=118523"},{"taxonomy":"product_tag","embeddable":true,"href":"https:\/\/shop.noor.fi\/sv\/wp-json\/wp\/v2\/product_tag?post=118523"}],"curies":[{"name":"wp","href":"https:\/\/api.w.org\/{rel}","templated":true}]}}